{"id":4435,"date":"2024-10-18T19:46:00","date_gmt":"2024-10-18T19:46:00","guid":{"rendered":"https:\/\/chirurgie-orthopedie-vannes.fr\/pharmacie\/?post_type=product&#038;p=4435"},"modified":"2025-01-14T13:27:22","modified_gmt":"2025-01-14T13:27:22","slug":"slimella-fit","status":"publish","type":"product","link":"https:\/\/chirurgie-orthopedie-vannes.fr\/pharmacie\/supp\/slimella-fit\/","title":{"rendered":"Slimella FIT"},"content":{"rendered":"\n<h2 class=\"wp-block-heading\">Qu&rsquo;est-ce que Slimella FIT et comment fonctionne-t-il ?<\/h2>\n\n\n\n<p><b>Slimella FIT<\/b> est un <em>compl\u00e9ment alimentaire<\/em> qui a acquis une grande notori\u00e9t\u00e9 aupr\u00e8s des personnes souhaitant <b>perdre du poids de mani\u00e8re efficace<\/b>. Ce produit se distingue par sa composition naturelle, ce qui le rend sans danger pour les utilisateurs. Son <b>action<\/b> est bas\u00e9e sur l&rsquo;acc\u00e9l\u00e9ration des processus m\u00e9taboliques, ce qui conduit \u00e0 une augmentation de la combustion des graisses. Slimella FIT agit en deux temps : il nettoie d&rsquo;abord l&rsquo;organisme des toxines et stimule ensuite les processus de combustion des graisses.<\/p>\n\n\n\n<p>Quels sont les ingr\u00e9dients cl\u00e9s de ce compl\u00e9ment ? Slimella FIT contient de l&rsquo;extrait de th\u00e9 vert, de la garcinia cambogia et des baies d&rsquo;a\u00e7ai. Ces <b>ingr\u00e9dients naturels<\/b> sont connus pour leurs effets positifs sur le <b>m\u00e9tabolisme<\/b> et la r\u00e9duction de l&rsquo;app\u00e9tit. En outre, le produit utilise un m\u00e9canisme de production d&rsquo;AMPc pour activer la lipase, qui acc\u00e9l\u00e8re la d\u00e9composition des graisses. L&rsquo;utilisation de Slimella FIT permet une perte de poids efficace, \u00e9liminant le besoin de r\u00e9gimes restrictifs qui peuvent conduire \u00e0 la malnutrition et \u00e0 d&rsquo;autres probl\u00e8mes de sant\u00e9.<\/p>\n\n\n\n<p>De nombreux utilisateurs font \u00e9tat de <b>r\u00e9sultats<\/b> positifs apr\u00e8s une courte p\u00e9riode d&rsquo;utilisation. Slimella FIT est de plus en plus reconnu comme un succ\u00e8s pour 2023, ce qui peut \u00eatre attribu\u00e9 \u00e0 sa s\u00e9curit\u00e9 et \u00e0 son efficacit\u00e9. La possibilit\u00e9 d&rsquo;utiliser le compl\u00e9ment sans entra\u00eenement intensif ni restrictions alimentaires drastiques fait de Slimella FIT une option attrayante pour les personnes qui souhaitent am\u00e9liorer leur <b>sant\u00e9<\/b> et leur bien-\u00eatre pendant le processus de perte de poids.<\/p>\n\n\n\n<h2 class=\"wp-block-heading\">Effets de Slimella FIT<\/h2>\n\n\n\n<p><b>L&rsquo;utilisation du<\/b> compl\u00e9ment alimentaire Slimella FIT produit des <b>effets<\/b> significatifs en peu de temps. Des \u00e9tudes ont montr\u00e9 que la prise r\u00e9guli\u00e8re de ce produit entra\u00eene dans de nombreux cas une perte de poids notable. Les <b>utilisateurs<\/b> rapportent des <b>effets<\/b> tels qu&rsquo;une perte de poids de 6 \u00e0 14 kg en 28 jours. <b>Les ingr\u00e9dients naturels<\/b> contenus dans Slimella FIT, tels que l&rsquo;extrait d&rsquo;ortie indienne, l&rsquo;extrait d&rsquo;orange am\u00e8re et le th\u00e9 vert, contribuent \u00e0 acc\u00e9l\u00e9rer le m\u00e9tabolisme et \u00e0 am\u00e9liorer le bien-\u00eatre g\u00e9n\u00e9ral.<\/p>\n\n\n\n<p>Ces<b>r\u00e9sultats<\/b> montrent \u00e0 quel point Slimella FIT contribue efficacement \u00e0 la perte de poids et \u00e0 l&rsquo;am\u00e9lioration du bien-\u00eatre g\u00e9n\u00e9ral. Gr\u00e2ce \u00e0 sa formule unique \u00e0 base d&rsquo;ingr\u00e9dients v\u00e9g\u00e9taux, ce compl\u00e9ment est capable de soutenir les processus m\u00e9taboliques et la combustion des graisses, ce qui contribue \u00e0 la r\u00e9alisation efficace des objectifs individuels en mati\u00e8re de poids.<\/p>\n\n\n\n<h2 class=\"wp-block-heading\">Comment utiliser Slimella FIT ? &#8211; Dosage et recommandations<\/h2>\n\n\n\n<p>La <b>posologie<\/b> recommand\u00e9e du compl\u00e9ment alimentaire Slimella FIT est d&rsquo;une g\u00e9lule avant chaque repas, soit deux prises par jour. Cette approche permet de maximiser les effets de la perte de poids en soutenant les processus m\u00e9taboliques. Les g\u00e9lules doivent \u00eatre aval\u00e9es avec une quantit\u00e9 suffisante d&rsquo;eau, ce qui favorise une meilleure absorption et activation des principes actifs.<\/p>\n\n\n\n<p>Il convient de noter que l&#8217;emballage contient 30 g\u00e9lules, ce qui est suffisant pour un traitement d&rsquo;un mois. Pour obtenir les meilleurs r\u00e9sultats, il est conseill\u00e9 de combiner l&rsquo;utilisation de Slimella FIT avec un r\u00e9gime alimentaire sain et une activit\u00e9 physique mod\u00e9r\u00e9e. Ce type d&rsquo;approche permet non seulement de soutenir les <b>effets du<\/b> compl\u00e9ment, mais contribue \u00e9galement \u00e0 une am\u00e9lioration globale de la sant\u00e9.<\/p>\n\n\n\n<figure class=\"wp-block-table\"><table class=\"has-fixed-layout\"><tbody><tr><th>Aspect<\/th><th>Indications<\/th><\/tr><tr><td><b>Dosage<\/b><\/td><td>1 g\u00e9lule avant le petit-d\u00e9jeuner et 1 g\u00e9lule avant le d\u00e9jeuner<\/td><\/tr><tr><td>Conditionnement<\/td><td>30 g\u00e9lules (traitement d&rsquo;un mois)<\/td><\/tr><tr><td><b>Application<\/b><\/td><td>Boire de l&rsquo;eau avant les repas<\/td><\/tr><tr><td><b>Recommandations<\/b><\/td><td>Habitudes alimentaires saines et exercice physique mod\u00e9r\u00e9<\/td><\/tr><\/tbody><\/table><\/figure>\n\n\n\n<p>Les fabricants recommandent aux personnes qui envisagent d&rsquo;<b>utiliser<\/b> Slimella FIT de tenir compte de leurs besoins individuels en mati\u00e8re de sant\u00e9 et de leurs capacit\u00e9s. L&rsquo;adoption d&rsquo;habitudes alimentaires saines et la pratique d&rsquo;une activit\u00e9 physique peuvent augmenter de mani\u00e8re significative l&rsquo;efficacit\u00e9 de la suppl\u00e9mentation, en favorisant les processus de perte de poids.<\/p>\n\n\n\n<h2 class=\"wp-block-heading\">Slimella FIT &#8211; Avis des utilisateurs, forum &#8211; Que disent les utilisateurs ?<\/h2>\n\n\n\n<p>Les<b>utilisateurs de<\/b> Slimella FIT sur <b>le forum<\/b> tiennent \u00e0 partager leur <em>exp\u00e9rience de<\/em> ce compl\u00e9ment, soulignant les effets visibles et l&rsquo;am\u00e9lioration du bien-\u00eatre. Ces t\u00e9moignages t\u00e9moignent de son efficacit\u00e9.<\/p>\n\n\n\n<blockquote class=\"wp-block-quote is-layout-flow wp-block-quote-is-layout-flow\">\n<p><em>Maria, 29 ans :<\/em> \u00ab\u00a0Slimella FIT est un produit r\u00e9volutionnaire ! J&rsquo;ai r\u00e9ussi \u00e0 perdre 10 kg en 6 semaines. Je me sens mieux et j&rsquo;ai plus d&rsquo;\u00e9nergie. Je le recommanderais sans h\u00e9siter \u00e0 d&rsquo;autres utilisateurs<\/p>\n<\/blockquote>\n\n\n\n<blockquote class=\"wp-block-quote is-layout-flow wp-block-quote-is-layout-flow\">\n<p><em>Artur, 35 ans :<\/em> \u00ab\u00a0En raison de mon mode de vie s\u00e9dentaire, j&rsquo;ai pris du poids. Slimella FIT m&rsquo;a aid\u00e9 &#8211; j&rsquo;ai perdu 7 kg et je me sens \u00e0 nouveau l\u00e9ger ! C&rsquo;est une excellente solution pour les personnes occup\u00e9es.\u00a0\u00bb<\/p>\n<\/blockquote>\n\n\n\n<blockquote class=\"wp-block-quote is-layout-flow wp-block-quote-is-layout-flow\">\n<p><em>Kasia, 42 ans :<\/em> \u00ab\u00a0Apr\u00e8s avoir eu des enfants, j&rsquo;ai lutt\u00e9 contre le surpoids. Gr\u00e2ce \u00e0 Slimella FIT, j&rsquo;ai r\u00e9ussi \u00e0 perdre 12 kg. Je le recommande \u00e0 toutes les personnes qui luttent contre les kilos en trop ! Cela vaut la peine d&rsquo;essayer<\/p>\n<\/blockquote>\n\n\n\n<p>Ces <em>avis<\/em> positifs d&rsquo;utilisateurs sur le <b>forum<\/b> t\u00e9moignent de la rapidit\u00e9 et de l&rsquo;efficacit\u00e9 du compl\u00e9ment, ce qui encourage son utilisation. Les principaux atouts de Slimella FIT sont les <b>ingr\u00e9dients naturels<\/b> et l&rsquo;aide \u00e0 la perte de poids, ce qui rend le produit attractif pour de nombreuses personnes.<\/p>\n\n\n\n<h2 class=\"wp-block-heading\">Slimella FIT &#8211; Composition<\/h2>\n\n\n\n<p>Slimella FIT est un <em>compl\u00e9ment alimentaire<\/em> qui repose sur une composition soigneusement s\u00e9lectionn\u00e9e et ne contenant que <em>des ingr\u00e9dients naturels<\/em>. L&rsquo;ingr\u00e9dient principal est l&rsquo;extrait de Garcinia Cambogia, qui favorise le processus de combustion des graisses et r\u00e9duit la sensation de faim. Un autre ingr\u00e9dient important est l&rsquo;extrait de th\u00e9 vert, connu pour ses propri\u00e9t\u00e9s thermog\u00e9niques qui soutiennent le <b>m\u00e9tabolisme<\/b>.<\/p>\n\n\n\n<p>En plus de ces ingr\u00e9dients, la formule Slimella FIT contient \u00e9galement du fruit de yac\u00f3n et du fruit de m\u00fbrier blanc. Ces deux ingr\u00e9dients contribuent \u00e0 am\u00e9liorer les processus m\u00e9taboliques de l&rsquo;organisme. En outre, le chrome contribue \u00e0 r\u00e9guler la glyc\u00e9mie, ce qui est important dans le cadre de la r\u00e9duction des graisses.<\/p>\n\n\n\n<figure class=\"wp-block-table\"><table class=\"has-fixed-layout\"><tbody><tr><th>Ingr\u00e9dient<\/th><th>Fonction<\/th><\/tr><tr><td>Extrait de Garcinia Cambogia<\/td><td>Favorise la combustion des graisses et supprime l&rsquo;app\u00e9tit<\/td><\/tr><tr><td>Extrait de th\u00e9 vert<\/td><td>Acc\u00e9l\u00e8re le <b>m\u00e9tabolisme<\/b> et a un effet thermog\u00e9nique<\/td><\/tr><tr><td>Fruit de Yac\u00f3n<\/td><td>Am\u00e9liore les processus digestifs et m\u00e9taboliques<\/td><\/tr><tr><td>M\u00fbrier blanc<\/td><td>Contribue \u00e0 maintenir un taux de sucre normal<\/td><\/tr><tr><td>Chrome<\/td><td>R\u00e9gule la glyc\u00e9mie et favorise la perte de poids<\/td><\/tr><\/tbody><\/table><\/figure>\n\n\n\n<p>La <b>composition<\/b> naturelle <b>de<\/b> Slimella FIT rend le produit s\u00fbr pour les utilisateurs et son efficacit\u00e9 attire de plus en plus de personnes int\u00e9ress\u00e9es par un mode de vie sain et la perte de poids.<\/p>\n\n\n\n<h2 class=\"wp-block-heading\">O\u00f9 acheter Slimella FIT &#8211; prix<\/h2>\n\n\n\n<p>Lorsque l&rsquo;on cherche une r\u00e9ponse \u00e0 la question de savoir <em>o\u00f9 acheter<\/em> Slimella FIT, il est utile de savoir que ce produit n&rsquo;est disponible que sur le <em>site officiel du fabricant<\/em>. Cela garantit la <b>s\u00e9curit\u00e9<\/b> et l&rsquo;authenticit\u00e9 de chaque achat. Les clients posent souvent des questions sur le <em>prix du<\/em> compl\u00e9ment, qui change en fonction des <em>promotions<\/em> actuelles propos\u00e9es par le fabricant.<\/p>\n\n\n\n<p>Le site officiel propose r\u00e9guli\u00e8rement des r\u00e9ductions int\u00e9ressantes et des programmes de fid\u00e9lit\u00e9, ce qui rend les achats plus int\u00e9ressants. Les clients doivent veiller \u00e0 ne pas acheter le compl\u00e9ment aupr\u00e8s de sources peu fiables, car cela peut conduire \u00e0 l&rsquo;achat de produits contrefaits. Slimella FIT n&rsquo;est pas disponible dans les pharmacies d&rsquo;officine, ce qui souligne encore l&rsquo;importance de l&rsquo;achat par les canaux officiels.<\/p>\n\n\n\n<h2 class=\"wp-block-heading\">Slimella FIT &#8211; Effets secondaires et contre-indications &#8211; S\u00e9curit\u00e9 d&#8217;emploi<\/h2>\n\n\n\n<p>Slimella FIT est un <b>compl\u00e9ment alimentaire<\/b> destin\u00e9 \u00e0 favoriser la perte de poids et \u00e0 stimuler le m\u00e9tabolisme. Gr\u00e2ce \u00e0 l&rsquo;utilisation d&rsquo;ingr\u00e9dients naturels, sa <b>s\u00e9curit\u00e9 d&rsquo;<\/b> emploi est beaucoup plus \u00e9lev\u00e9e, ce qui minimise le risque d&rsquo;effets secondaires potentiels. Les \u00e9tudes men\u00e9es jusqu&rsquo;\u00e0 pr\u00e9sent ont montr\u00e9 qu&rsquo;il n&rsquo;y avait pas d&rsquo;effets secondaires significatifs, ce qui fait de ce produit une option int\u00e9ressante pour les personnes qui souhaitent am\u00e9liorer leur <b>sant\u00e9<\/b> et leur silhouette.<\/p>\n\n\n\n<p>Cependant, bien que Slimella FIT soit g\u00e9n\u00e9ralement consid\u00e9r\u00e9 comme s\u00fbr, il est important de demander l&rsquo;avis d&rsquo;un m\u00e9decin avant de commencer la suppl\u00e9mentation, en particulier pour les personnes souffrant de maladies chroniques ou prenant d&rsquo;autres m\u00e9dicaments. En outre, le suppl\u00e9ment n&rsquo;est pas recommand\u00e9 pour les enfants ou les femmes enceintes, ce qui constitue une contre-indication importante \u00e0 son utilisation.<\/p>\n\n\n\n<p>Il convient de noter qu&rsquo;avec tout compl\u00e9ment alimentaire, le respect de la posologie recommand\u00e9e est crucial pour la s\u00e9curit\u00e9 des utilisateurs et l&rsquo;obtention de r\u00e9sultats optimaux. Bien que Slimella FIT soit un produit \u00e0 base d&rsquo;ingr\u00e9dients naturels, une approche responsable et la connaissance des contre-indications potentielles sont essentielles au maintien d&rsquo;une bonne sant\u00e9.<\/p>\n","protected":false},"excerpt":{"rendered":"<p><strong>[date_countdown]<\/strong><\/p>\n<p><img decoding=\"async\" class=\"alignnone  wp-image-8427\" src=\"https:\/\/chirurgie-orthopedie-vannes.fr\/pharmacie\/wp-content\/uploads\/2024\/10\/SAFE-PAY-300x88-1.png\" alt=\"SAFE-PAY-300x88\" width=\"164\" height=\"48\" \/><\/p>\n","protected":false},"featured_media":3800,"comment_status":"open","ping_status":"closed","template":"","meta":{"neve_meta_sidebar":"","neve_meta_container":"","neve_meta_enable_content_width":"","neve_meta_content_width":0,"neve_meta_title_alignment":"","neve_meta_author_avatar":"","neve_post_elements_order":"","neve_meta_disable_header":"","neve_meta_disable_footer":"","neve_meta_disable_title":"","neve_meta_reading_time":""},"product_brand":[],"product_cat":[18],"product_tag":[],"class_list":{"0":"post-4435","1":"product","2":"type-product","3":"status-publish","4":"has-post-thumbnail","6":"product_cat-sante","8":"first","9":"instock","10":"sale","11":"shipping-taxable","12":"product-type-external"},"yoast_head":"<!-- This site is optimized with the Yoast SEO plugin v27.4 - https:\/\/yoast.com\/product\/yoast-seo-wordpress\/ -->\n<title>Slimella FIT - Avis, Forum, Pharmacie, Prix, Effets | -50%<\/title>\n<meta name=\"robots\" content=\"index, follow, max-snippet:-1, max-image-preview:large, max-video-preview:-1\" \/>\n<link rel=\"canonical\" href=\"https:\/\/chirurgie-orthopedie-vannes.fr\/pharmacie\/supp\/slimella-fit\/\" \/>\n<meta property=\"og:locale\" content=\"fr_FR\" \/>\n<meta property=\"og:type\" content=\"article\" \/>\n<meta property=\"og:title\" content=\"Slimella FIT - Avis, Forum, Pharmacie, Prix, Effets | -50%\" \/>\n<meta property=\"og:url\" content=\"https:\/\/chirurgie-orthopedie-vannes.fr\/pharmacie\/supp\/slimella-fit\/\" \/>\n<meta property=\"og:site_name\" content=\"Chirurgie-Orthopedie-Vannes\" \/>\n<meta property=\"article:modified_time\" content=\"2025-01-14T13:27:22+00:00\" \/>\n<meta property=\"og:image\" content=\"https:\/\/chirurgie-orthopedie-vannes.fr\/pharmacie\/wp-content\/uploads\/2024\/10\/Slimella-Fit.jpg\" \/>\n\t<meta property=\"og:image:width\" content=\"768\" \/>\n\t<meta property=\"og:image:height\" content=\"768\" \/>\n\t<meta property=\"og:image:type\" content=\"image\/jpeg\" \/>\n<meta name=\"twitter:card\" content=\"summary_large_image\" \/>\n<meta name=\"twitter:description\" content=\"[date_countdown]\" \/>\n<meta name=\"twitter:label1\" content=\"Dur\u00e9e de lecture estim\u00e9e\" \/>\n\t<meta name=\"twitter:data1\" content=\"7 minutes\" \/>\n<script type=\"application\/ld+json\" class=\"yoast-schema-graph\">{\"@context\":\"https:\\\/\\\/schema.org\",\"@graph\":[{\"@type\":\"WebPage\",\"@id\":\"https:\\\/\\\/chirurgie-orthopedie-vannes.fr\\\/pharmacie\\\/supp\\\/slimella-fit\\\/\",\"url\":\"https:\\\/\\\/chirurgie-orthopedie-vannes.fr\\\/pharmacie\\\/supp\\\/slimella-fit\\\/\",\"name\":\"Slimella FIT - Avis, Forum, Pharmacie, Prix, Effets | -50%\",\"isPartOf\":{\"@id\":\"https:\\\/\\\/chirurgie-orthopedie-vannes.fr\\\/pharmacie\\\/#website\"},\"primaryImageOfPage\":{\"@id\":\"https:\\\/\\\/chirurgie-orthopedie-vannes.fr\\\/pharmacie\\\/supp\\\/slimella-fit\\\/#primaryimage\"},\"image\":{\"@id\":\"https:\\\/\\\/chirurgie-orthopedie-vannes.fr\\\/pharmacie\\\/supp\\\/slimella-fit\\\/#primaryimage\"},\"thumbnailUrl\":\"https:\\\/\\\/chirurgie-orthopedie-vannes.fr\\\/pharmacie\\\/wp-content\\\/uploads\\\/2024\\\/10\\\/Slimella-Fit.jpg\",\"datePublished\":\"2024-10-18T19:46:00+00:00\",\"dateModified\":\"2025-01-14T13:27:22+00:00\",\"breadcrumb\":{\"@id\":\"https:\\\/\\\/chirurgie-orthopedie-vannes.fr\\\/pharmacie\\\/supp\\\/slimella-fit\\\/#breadcrumb\"},\"inLanguage\":\"fr-FR\",\"potentialAction\":[{\"@type\":\"ReadAction\",\"target\":[\"https:\\\/\\\/chirurgie-orthopedie-vannes.fr\\\/pharmacie\\\/supp\\\/slimella-fit\\\/\"]}]},{\"@type\":\"ImageObject\",\"inLanguage\":\"fr-FR\",\"@id\":\"https:\\\/\\\/chirurgie-orthopedie-vannes.fr\\\/pharmacie\\\/supp\\\/slimella-fit\\\/#primaryimage\",\"url\":\"https:\\\/\\\/chirurgie-orthopedie-vannes.fr\\\/pharmacie\\\/wp-content\\\/uploads\\\/2024\\\/10\\\/Slimella-Fit.jpg\",\"contentUrl\":\"https:\\\/\\\/chirurgie-orthopedie-vannes.fr\\\/pharmacie\\\/wp-content\\\/uploads\\\/2024\\\/10\\\/Slimella-Fit.jpg\",\"width\":768,\"height\":768},{\"@type\":\"BreadcrumbList\",\"@id\":\"https:\\\/\\\/chirurgie-orthopedie-vannes.fr\\\/pharmacie\\\/supp\\\/slimella-fit\\\/#breadcrumb\",\"itemListElement\":[{\"@type\":\"ListItem\",\"position\":1,\"name\":\"Strona g\u0142\u00f3wna\",\"item\":\"https:\\\/\\\/chirurgie-orthopedie-vannes.fr\\\/pharmacie\\\/\"},{\"@type\":\"ListItem\",\"position\":2,\"name\":\"farmaci\",\"item\":\"https:\\\/\\\/chirurgie-orthopedie-vannes.fr\\\/pharmacie\\\/\"},{\"@type\":\"ListItem\",\"position\":3,\"name\":\"Slimella FIT\"}]},{\"@type\":\"WebSite\",\"@id\":\"https:\\\/\\\/chirurgie-orthopedie-vannes.fr\\\/pharmacie\\\/#website\",\"url\":\"https:\\\/\\\/chirurgie-orthopedie-vannes.fr\\\/pharmacie\\\/\",\"name\":\"Chirurgie-Orthopedie-Vannes\",\"description\":\"\",\"potentialAction\":[{\"@type\":\"SearchAction\",\"target\":{\"@type\":\"EntryPoint\",\"urlTemplate\":\"https:\\\/\\\/chirurgie-orthopedie-vannes.fr\\\/pharmacie\\\/?s={search_term_string}\"},\"query-input\":{\"@type\":\"PropertyValueSpecification\",\"valueRequired\":true,\"valueName\":\"search_term_string\"}}],\"inLanguage\":\"fr-FR\"}]}<\/script>\n<!-- \/ Yoast SEO plugin. -->","yoast_head_json":{"title":"Slimella FIT - Avis, Forum, Pharmacie, Prix, Effets | -50%","robots":{"index":"index","follow":"follow","max-snippet":"max-snippet:-1","max-image-preview":"max-image-preview:large","max-video-preview":"max-video-preview:-1"},"canonical":"https:\/\/chirurgie-orthopedie-vannes.fr\/pharmacie\/supp\/slimella-fit\/","og_locale":"fr_FR","og_type":"article","og_title":"Slimella FIT - Avis, Forum, Pharmacie, Prix, Effets | -50%","og_url":"https:\/\/chirurgie-orthopedie-vannes.fr\/pharmacie\/supp\/slimella-fit\/","og_site_name":"Chirurgie-Orthopedie-Vannes","article_modified_time":"2025-01-14T13:27:22+00:00","og_image":[{"width":768,"height":768,"url":"https:\/\/chirurgie-orthopedie-vannes.fr\/pharmacie\/wp-content\/uploads\/2024\/10\/Slimella-Fit.jpg","type":"image\/jpeg"}],"twitter_card":"summary_large_image","twitter_description":"[date_countdown]","twitter_misc":{"Dur\u00e9e de lecture estim\u00e9e":"7 minutes"},"schema":{"@context":"https:\/\/schema.org","@graph":[{"@type":"WebPage","@id":"https:\/\/chirurgie-orthopedie-vannes.fr\/pharmacie\/supp\/slimella-fit\/","url":"https:\/\/chirurgie-orthopedie-vannes.fr\/pharmacie\/supp\/slimella-fit\/","name":"Slimella FIT - Avis, Forum, Pharmacie, Prix, Effets | -50%","isPartOf":{"@id":"https:\/\/chirurgie-orthopedie-vannes.fr\/pharmacie\/#website"},"primaryImageOfPage":{"@id":"https:\/\/chirurgie-orthopedie-vannes.fr\/pharmacie\/supp\/slimella-fit\/#primaryimage"},"image":{"@id":"https:\/\/chirurgie-orthopedie-vannes.fr\/pharmacie\/supp\/slimella-fit\/#primaryimage"},"thumbnailUrl":"https:\/\/chirurgie-orthopedie-vannes.fr\/pharmacie\/wp-content\/uploads\/2024\/10\/Slimella-Fit.jpg","datePublished":"2024-10-18T19:46:00+00:00","dateModified":"2025-01-14T13:27:22+00:00","breadcrumb":{"@id":"https:\/\/chirurgie-orthopedie-vannes.fr\/pharmacie\/supp\/slimella-fit\/#breadcrumb"},"inLanguage":"fr-FR","potentialAction":[{"@type":"ReadAction","target":["https:\/\/chirurgie-orthopedie-vannes.fr\/pharmacie\/supp\/slimella-fit\/"]}]},{"@type":"ImageObject","inLanguage":"fr-FR","@id":"https:\/\/chirurgie-orthopedie-vannes.fr\/pharmacie\/supp\/slimella-fit\/#primaryimage","url":"https:\/\/chirurgie-orthopedie-vannes.fr\/pharmacie\/wp-content\/uploads\/2024\/10\/Slimella-Fit.jpg","contentUrl":"https:\/\/chirurgie-orthopedie-vannes.fr\/pharmacie\/wp-content\/uploads\/2024\/10\/Slimella-Fit.jpg","width":768,"height":768},{"@type":"BreadcrumbList","@id":"https:\/\/chirurgie-orthopedie-vannes.fr\/pharmacie\/supp\/slimella-fit\/#breadcrumb","itemListElement":[{"@type":"ListItem","position":1,"name":"Strona g\u0142\u00f3wna","item":"https:\/\/chirurgie-orthopedie-vannes.fr\/pharmacie\/"},{"@type":"ListItem","position":2,"name":"farmaci","item":"https:\/\/chirurgie-orthopedie-vannes.fr\/pharmacie\/"},{"@type":"ListItem","position":3,"name":"Slimella FIT"}]},{"@type":"WebSite","@id":"https:\/\/chirurgie-orthopedie-vannes.fr\/pharmacie\/#website","url":"https:\/\/chirurgie-orthopedie-vannes.fr\/pharmacie\/","name":"Chirurgie-Orthopedie-Vannes","description":"","potentialAction":[{"@type":"SearchAction","target":{"@type":"EntryPoint","urlTemplate":"https:\/\/chirurgie-orthopedie-vannes.fr\/pharmacie\/?s={search_term_string}"},"query-input":{"@type":"PropertyValueSpecification","valueRequired":true,"valueName":"search_term_string"}}],"inLanguage":"fr-FR"}]}},"_links":{"self":[{"href":"https:\/\/chirurgie-orthopedie-vannes.fr\/pharmacie\/wp-json\/wp\/v2\/product\/4435","targetHints":{"allow":["GET"]}}],"collection":[{"href":"https:\/\/chirurgie-orthopedie-vannes.fr\/pharmacie\/wp-json\/wp\/v2\/product"}],"about":[{"href":"https:\/\/chirurgie-orthopedie-vannes.fr\/pharmacie\/wp-json\/wp\/v2\/types\/product"}],"replies":[{"embeddable":true,"href":"https:\/\/chirurgie-orthopedie-vannes.fr\/pharmacie\/wp-json\/wp\/v2\/comments?post=4435"}],"wp:featuredmedia":[{"embeddable":true,"href":"https:\/\/chirurgie-orthopedie-vannes.fr\/pharmacie\/wp-json\/wp\/v2\/media\/3800"}],"wp:attachment":[{"href":"https:\/\/chirurgie-orthopedie-vannes.fr\/pharmacie\/wp-json\/wp\/v2\/media?parent=4435"}],"wp:term":[{"taxonomy":"product_brand","embeddable":true,"href":"https:\/\/chirurgie-orthopedie-vannes.fr\/pharmacie\/wp-json\/wp\/v2\/product_brand?post=4435"},{"taxonomy":"product_cat","embeddable":true,"href":"https:\/\/chirurgie-orthopedie-vannes.fr\/pharmacie\/wp-json\/wp\/v2\/product_cat?post=4435"},{"taxonomy":"product_tag","embeddable":true,"href":"https:\/\/chirurgie-orthopedie-vannes.fr\/pharmacie\/wp-json\/wp\/v2\/product_tag?post=4435"}],"curies":[{"name":"wp","href":"https:\/\/api.w.org\/{rel}","templated":true}]}}