{"id":4447,"date":"2024-10-18T19:46:00","date_gmt":"2024-10-18T19:46:00","guid":{"rendered":"https:\/\/chirurgie-orthopedie-vannes.fr\/pharmacie\/?post_type=product&#038;p=4447"},"modified":"2025-01-14T13:27:30","modified_gmt":"2025-01-14T13:27:30","slug":"multilan-active-new","status":"publish","type":"product","link":"https:\/\/chirurgie-orthopedie-vannes.fr\/pharmacie\/supp\/multilan-active-new\/","title":{"rendered":"Multilan Active New"},"content":{"rendered":"<h2 class=\"wp-block-heading\">Qu&rsquo;est-ce que Multilan Active New et comment fonctionne-t-il ?<\/h2>\n\n\n<p>Multilan Active New est un <b>compl\u00e9ment alimentaire<\/b> innovant con\u00e7u pour soutenir la sant\u00e9 auditive et les fonctions intellectuelles. Le produit est disponible sous forme de g\u00e9lules, qui contiennent un ensemble de nutriments soigneusement s\u00e9lectionn\u00e9s. L <b>&lsquo;action de<\/b> Multilan Active New repose sur la synergie de substances naturelles telles que le Ginkgo biloba, l&rsquo;enzyme Q10 et l&rsquo;huile de camphre.<\/p>\n\n\n<p><b>Ce compl\u00e9ment alimentaire<\/b> apporte \u00e0 l&rsquo;organisme des macro- et micro-\u00e9l\u00e9ments essentiels qui soutiennent le syst\u00e8me nerveux et am\u00e9liorent les capacit\u00e9s auditives. Une <b>utilisation<\/b> r\u00e9guli\u00e8re peut contribuer \u00e0 l&rsquo;am\u00e9lioration de l&rsquo;audition, \u00e0 la protection contre les l\u00e9sions auditives et \u00e0 l&rsquo;\u00e9limination des interf\u00e9rences sonores.<\/p>\n\n\n<p>Les \u00e9tudes montrent que <b>les effets de<\/b> Multilan Active New sont les plus perceptibles apr\u00e8s 28 jours d&rsquo;utilisation. Il convient de noter que le produit est s\u00fbr et sans effets secondaires, ce qui en fait une alternative int\u00e9ressante aux aides auditives traditionnelles.<\/p>\n\n\n<p>Il est recommand\u00e9 de <b>prendre<\/b> Multilan Active New une fois par jour, en buvant un comprim\u00e9 avec de l&rsquo;eau. Gr\u00e2ce \u00e0 sa simplicit\u00e9 d&rsquo;utilisation, le compl\u00e9ment s&rsquo;int\u00e8gre facilement dans le r\u00e9gime alimentaire quotidien. Une compr\u00e9hension approfondie des effets de la pr\u00e9paration et de ses ingr\u00e9dients peut faire une diff\u00e9rence significative dans la qualit\u00e9 de vie des personnes souffrant de probl\u00e8mes auditifs.<\/p>\n\n\n<h2 class=\"wp-block-heading\">Avantages de Multilan Active New &#8211; Effets<\/h2>\n\n\n<p><b>L&rsquo;utilisation de<\/b> Multilan Active New peut apporter de nombreux <em>avantages pour<\/em> la sant\u00e9 qui attirent l&rsquo;attention des personnes soucieuses de leur bien-\u00eatre. Ce compl\u00e9ment pr\u00e9sente une formule unique qui peut soutenir l&rsquo;organisme dans les d\u00e9fis quotidiens.<\/p>\n\n\n\n<ul class=\"wp-block-list\">\n<li><em>Am\u00e9lioration de la concentration : les<\/em> utilisateurs remarquent souvent une am\u00e9lioration de leur capacit\u00e9 \u00e0 se concentrer, ce qui est extr\u00eamement important dans des conditions de travail ou d&rsquo;\u00e9tude intensives.<\/li>\n\n\n\n<li>Am\u00e9lioration des performances<em>: une<\/em> <b>\u00e9nergie<\/b><em>accrue<\/em> vous permet d&rsquo;effectuer des t\u00e2ches plus longtemps et plus efficacement, ce qui se traduit par de meilleures performances au travail et dans les activit\u00e9s physiques.<\/li>\n\n\n\n<li><em>Am\u00e9lioration du bien-\u00eatre :<\/em> ce compl\u00e9ment a un effet positif sur l&rsquo;humeur, r\u00e9duisant les sentiments de fatigue et de stress li\u00e9s aux responsabilit\u00e9s quotidiennes.<\/li>\n\n\n\n<li><em>R\u00e9g\u00e9n\u00e9ration des cellules nerveuses :<\/em> Un effet cl\u00e9 qui peut \u00eatre particuli\u00e8rement b\u00e9n\u00e9fique pour les personnes expos\u00e9es \u00e0 un stress chronique.<\/li>\n\n\n\n<li><em>Soutien de la m\u00e9moire :<\/em> Les <b>effets<\/b> notables en termes d&rsquo;am\u00e9lioration de la m\u00e9moire peuvent encourager une utilisation r\u00e9guli\u00e8re.<\/li>\n<\/ul>\n\n\n<p>Tous ces <em>effets<\/em> font de Multilan Active New un \u00e9l\u00e9ment essentiel de l&rsquo;alimentation de ceux qui souhaitent am\u00e9liorer leur qualit\u00e9 de vie. Gr\u00e2ce \u00e0 ses propri\u00e9t\u00e9s, de nombreuses personnes peuvent constater des changements notables dans leur fonctionnement quotidien.<\/p>\n\n\n<h2 class=\"wp-block-heading\">Comment utiliser Multilan Active New ? &#8211; Dosage<\/h2>\n\n\n<p>L&rsquo;utilisation de Multilan Active New n\u00e9cessite le respect d&rsquo;un <b>dosage<\/b> appropri\u00e9. Il est recommand\u00e9 de prendre 1 \u00e0 2 g\u00e9lules par jour, de pr\u00e9f\u00e9rence apr\u00e8s un repas, en buvant beaucoup d&rsquo;eau. La r\u00e9gularit\u00e9 de l&rsquo;utilisation est essentielle pour obtenir les <b>effets<\/b> souhait\u00e9s, il est donc conseill\u00e9 de prendre le compl\u00e9ment pendant au moins quelques semaines.<\/p>\n\n\n<p>Pour pr\u00e9server la qualit\u00e9 de la pr\u00e9paration, celle-ci doit \u00eatre conserv\u00e9e \u00e0 une temp\u00e9rature comprise entre 15 et 25\u00b0C. Il n&rsquo;est pas recommand\u00e9 de d\u00e9passer la dose indiqu\u00e9e, car cela peut entra\u00eener des r\u00e9actions ind\u00e9sirables dans l&rsquo;organisme.<\/p>\n\n\n<p>Il est pr\u00e9f\u00e9rable d&rsquo;int\u00e9grer l&rsquo;utilisation de Multilan Active New dans votre routine quotidienne, ce qui augmente les chances de constater les <b>b\u00e9n\u00e9fices de la<\/b> prise r\u00e9guli\u00e8re de ce compl\u00e9ment alimentaire. N&rsquo;oubliez pas que les effets peuvent varier d&rsquo;une personne \u00e0 l&rsquo;autre, il est donc important d&rsquo;observer votre propre corps et de consulter votre m\u00e9decin en cas d&rsquo;inqui\u00e9tude.<\/p>\n\n\n<h2 class=\"wp-block-heading\">Exp\u00e9riences et commentaires des utilisateurs de Multilan Active New &#8211; quels sont les commentaires ?<\/h2>\n\n\n<p>De nombreuses <em>exp\u00e9riences d&rsquo;utilisateurs de<\/em> Multilan Active New indiquent les effets positifs de ce compl\u00e9ment alimentaire. Ceux qui ont choisi de le prendre ont fait part de leurs conclusions sous la forme d&rsquo;<em>avis<\/em> d\u00e9taill\u00e9s.<\/p>\n\n\n\n<blockquote class=\"wp-block-quote is-layout-flow wp-block-quote-is-layout-flow\"><p>\u00ab\u00a0Apr\u00e8s un mois de prise de Multilan Active New, j&rsquo;ai constat\u00e9 une am\u00e9lioration significative de mon niveau d&rsquo;\u00e9nergie et une meilleure concentration au travail. Apr\u00e8s une journ\u00e9e difficile, je sens que mon corps fonctionne mieux. C&rsquo;est vraiment \u00e9tonnant qu&rsquo;un compl\u00e9ment puisse avoir un tel impact.\u00a0\u00bb <em>&#8211; Anna<\/em><\/p>\n<\/blockquote>\n\n\n\n<blockquote class=\"wp-block-quote is-layout-flow wp-block-quote-is-layout-flow\"><p>\u00ab\u00a0Multilan Active New s&rsquo;est av\u00e9r\u00e9 \u00eatre d&rsquo;un grand soutien pour moi. Depuis que j&rsquo;ai commenc\u00e9 \u00e0 l&rsquo;utiliser, j&rsquo;ai remarqu\u00e9 un meilleur sentiment de bien-\u00eatre et une am\u00e9lioration significative de mon fonctionnement quotidien. Je me sens plus motiv\u00e9 pour faire les choses et ma <b>sant\u00e9<\/b> auditive s&rsquo;est \u00e9galement am\u00e9lior\u00e9e.\u00a0\u00bb <em>&#8211; Marek<\/em><\/p>\n<\/blockquote>\n\n\n\n<blockquote class=\"wp-block-quote is-layout-flow wp-block-quote-is-layout-flow\"><p>\u00ab\u00a0Dans mon cas, Multilan Active New a apport\u00e9 de r\u00e9els <b>b\u00e9n\u00e9fices.<\/b> J&rsquo;ai constat\u00e9 une am\u00e9lioration de la qualit\u00e9 de l&rsquo;audition, ainsi qu&rsquo;une am\u00e9lioration de la m\u00e9moire. Je recommanderais sans h\u00e9siter ce compl\u00e9ment \u00e0 toute personne qui a du mal \u00e0 se concentrer.\u00a0\u00bb <em>&#8211; Catherine<\/em><\/p>\n<\/blockquote>\n\n\n<p>Ces <em>avis<\/em> positifs t\u00e9moignent des nombreux <b>avantages que<\/b> les utilisateurs retirent de l&rsquo;utilisation de Multilan Active New. L&rsquo;utilisation r\u00e9guli\u00e8re du produit contribue \u00e0 am\u00e9liorer la qualit\u00e9 de vie de nombreuses personnes.<\/p>\n\n\n<h2 class=\"wp-block-heading\">Composition de Multilan Active New &#8211; Analyse des ingr\u00e9dients<\/h2>\n\n\n<p>Multilan Active New contient un ensemble d&rsquo;ingr\u00e9dients actifs soigneusement s\u00e9lectionn\u00e9s ayant un impact significatif sur la <b>sant\u00e9 de l&rsquo;<\/b> organisme. La composition de la pr\u00e9paration comprend :<\/p>\n\n\n\n<ul class=\"wp-block-list\">\n<li><em>Ginkgo<\/em> biloba &#8211; connu pour ses effets b\u00e9n\u00e9fiques sur la circulation sanguine et les fonctions c\u00e9r\u00e9brales.<\/li>\n\n\n\n<li><em>Enzyme Q10<\/em> &#8211; favorise la production d&rsquo;\u00e9nergie cellulaire et agit comme un puissant antioxydant.<\/li>\n\n\n\n<li><em>Huile de camphre<\/em> &#8211; a un <b>effet<\/b> apaisant et soutient le syst\u00e8me respiratoire.<\/li>\n\n\n\n<li><em>Isoramnetine et quercitine<\/em> &#8211; des compos\u00e9s v\u00e9g\u00e9taux qui peuvent contribuer \u00e0 la sant\u00e9 des organes auditifs.<\/li>\n\n\n\n<li><em>Zinc<\/em> &#8211; un min\u00e9ral essentiel pour soutenir la fonction immunitaire et am\u00e9liorer l&rsquo;\u00e9tat de la peau.<\/li>\n<\/ul>\n\n\n<p>Tous ces ingr\u00e9dients agissent en synergie, mettant en \u00e9vidence leur r\u00f4le dans l&rsquo;<em>analyse des ingr\u00e9dients de<\/em> Multilan Active New. La prise r\u00e9guli\u00e8re de ce compl\u00e9ment alimentaire peut contribuer \u00e0 am\u00e9liorer la qualit\u00e9 de l&rsquo;audition et \u00e0 r\u00e9duire les acouph\u00e8nes.<\/p>\n\n\n<p>Chaque \u00e9l\u00e9ment de cette <em>formulation<\/em> compl\u00e8te a \u00e9t\u00e9 s\u00e9lectionn\u00e9 pour soutenir l&rsquo;organisme \u00e0 diff\u00e9rents niveaux, notamment la sant\u00e9 auditive, l&rsquo;am\u00e9lioration du bien-\u00eatre et la fonction cognitive. Lorsque tous les ingr\u00e9dients <b>agissent<\/b> correctement, combin\u00e9s \u00e0 un mode de vie sain, les r\u00e9sultats souhait\u00e9s peuvent \u00eatre atteints.<\/p>\n\n\n<h2 class=\"wp-block-heading\">O\u00f9 acheter et combien co\u00fbte Multilan Active New &#8211; prix<\/h2>\n\n\n<p>Multilan Active New ne peut \u00eatre achet\u00e9 que sur le site <em>officiel du fabricant<\/em>. Ce mode d&rsquo;achat garantit l&rsquo;authenticit\u00e9 du produit et l&rsquo;acc\u00e8s aux promotions en cours. Les prix du compl\u00e9ment peuvent varier en fonction de la p\u00e9riode et des offres saisonni\u00e8res. Il est donc utile de visiter r\u00e9guli\u00e8rement le site du fabricant afin d&rsquo;obtenir les conditions d&rsquo;achat les plus favorables.<\/p>\n\n\n<p>Il convient de rappeler que le produit n&rsquo;est pas disponible dans les pharmacies stationnaires, ce qui fait de l&rsquo;achat en ligne la seule option possible. Les personnes int\u00e9ress\u00e9es par la suppl\u00e9mentation devraient s&rsquo;assurer qu&rsquo;elles utilisent uniquement <em>des sources officielles<\/em> afin d&rsquo;\u00e9viter les contrefa\u00e7ons et les produits de qualit\u00e9 douteuse.<\/p>\n\n\n<h2 class=\"wp-block-heading\">Multilan Active New &#8211; Effets secondaires potentiels et contre-indications d&rsquo;utilisation<\/h2>\n\n\n<p>Multilan Active New, malgr\u00e9 son innocuit\u00e9 globale, peut \u00eatre associ\u00e9 \u00e0 certains <strong>effets secondaires<\/strong>, en particulier lorsqu&rsquo;il est utilis\u00e9 en exc\u00e8s. Des utilisateurs ont signal\u00e9 des plaintes telles que des maux de t\u00eate et divers types de probl\u00e8mes d&rsquo;estomac. Il est important d&rsquo;\u00eatre conscient de ces possibilit\u00e9s et de toujours utiliser le compl\u00e9ment selon les recommandations du fabricant.<\/p>\n\n\n<p>Les <strong>contre-indications<\/strong> \u00e0 l&rsquo;utilisation de Multilan Active New comprennent l&rsquo;allergie \u00e0 l&rsquo;un des ingr\u00e9dients de la pr\u00e9paration. Le produit n&rsquo;est pas recommand\u00e9 pour les personnes de moins de 12 ans. Il est conseill\u00e9 de consulter un m\u00e9decin avant de commencer la suppl\u00e9mentation, en particulier pour les personnes souffrant de maladies existantes ou prenant d&rsquo;autres m\u00e9dicaments.<\/p>\n\n\n<p>En conclusion, bien que Multilan Active New puisse apporter de nombreux avantages pour la sant\u00e9, tels qu&rsquo;une am\u00e9lioration de la qualit\u00e9 de l&rsquo;audition, il est \u00e9galement important de prendre en compte les <strong>effets secondaires<\/strong> et les <strong>contre-indications<\/strong> potentiels. En prenant des pr\u00e9cautions et en suivant les conseils de votre m\u00e9decin, vous \u00e9viterez les exp\u00e9riences d\u00e9sagr\u00e9ables li\u00e9es \u00e0 son utilisation.<\/p>\n","protected":false},"excerpt":{"rendered":"<p><strong>[date_countdown]<\/strong><\/p>\n<p><img decoding=\"async\" class=\"alignnone  wp-image-8427\" src=\"https:\/\/chirurgie-orthopedie-vannes.fr\/pharmacie\/wp-content\/uploads\/2024\/10\/SAFE-PAY-300x88-1.png\" alt=\"SAFE-PAY-300x88\" width=\"164\" height=\"48\" \/><\/p>\n","protected":false},"featured_media":3814,"comment_status":"open","ping_status":"closed","template":"","meta":{"neve_meta_sidebar":"","neve_meta_container":"","neve_meta_enable_content_width":"","neve_meta_content_width":0,"neve_meta_title_alignment":"","neve_meta_author_avatar":"","neve_post_elements_order":"","neve_meta_disable_header":"","neve_meta_disable_footer":"","neve_meta_disable_title":"","neve_meta_reading_time":""},"product_brand":[],"product_cat":[18],"product_tag":[],"class_list":{"0":"post-4447","1":"product","2":"type-product","3":"status-publish","4":"has-post-thumbnail","6":"product_cat-sante","8":"first","9":"instock","10":"sale","11":"shipping-taxable","12":"product-type-external"},"yoast_head":"<!-- This site is optimized with the Yoast SEO plugin v27.4 - https:\/\/yoast.com\/product\/yoast-seo-wordpress\/ -->\n<title>Multilan Active New - Avis, Forum, Pharmacie, Prix, Effets | -50%<\/title>\n<meta name=\"robots\" content=\"index, follow, max-snippet:-1, max-image-preview:large, max-video-preview:-1\" \/>\n<link rel=\"canonical\" href=\"https:\/\/chirurgie-orthopedie-vannes.fr\/pharmacie\/supp\/multilan-active-new\/\" \/>\n<meta property=\"og:locale\" content=\"fr_FR\" \/>\n<meta property=\"og:type\" content=\"article\" \/>\n<meta property=\"og:title\" content=\"Multilan Active New - Avis, Forum, Pharmacie, Prix, Effets | -50%\" \/>\n<meta property=\"og:url\" content=\"https:\/\/chirurgie-orthopedie-vannes.fr\/pharmacie\/supp\/multilan-active-new\/\" \/>\n<meta property=\"og:site_name\" content=\"Chirurgie-Orthopedie-Vannes\" \/>\n<meta property=\"article:modified_time\" content=\"2025-01-14T13:27:30+00:00\" \/>\n<meta property=\"og:image\" content=\"https:\/\/chirurgie-orthopedie-vannes.fr\/pharmacie\/wp-content\/uploads\/2024\/10\/Multilan-Active-New.jpg\" \/>\n\t<meta property=\"og:image:width\" content=\"768\" \/>\n\t<meta property=\"og:image:height\" content=\"768\" \/>\n\t<meta property=\"og:image:type\" content=\"image\/jpeg\" \/>\n<meta name=\"twitter:card\" content=\"summary_large_image\" \/>\n<meta name=\"twitter:description\" content=\"[date_countdown]\" \/>\n<meta name=\"twitter:label1\" content=\"Dur\u00e9e de lecture estim\u00e9e\" \/>\n\t<meta name=\"twitter:data1\" content=\"7 minutes\" \/>\n<script type=\"application\/ld+json\" class=\"yoast-schema-graph\">{\"@context\":\"https:\\\/\\\/schema.org\",\"@graph\":[{\"@type\":\"WebPage\",\"@id\":\"https:\\\/\\\/chirurgie-orthopedie-vannes.fr\\\/pharmacie\\\/supp\\\/multilan-active-new\\\/\",\"url\":\"https:\\\/\\\/chirurgie-orthopedie-vannes.fr\\\/pharmacie\\\/supp\\\/multilan-active-new\\\/\",\"name\":\"Multilan Active New - Avis, Forum, Pharmacie, Prix, Effets | -50%\",\"isPartOf\":{\"@id\":\"https:\\\/\\\/chirurgie-orthopedie-vannes.fr\\\/pharmacie\\\/#website\"},\"primaryImageOfPage\":{\"@id\":\"https:\\\/\\\/chirurgie-orthopedie-vannes.fr\\\/pharmacie\\\/supp\\\/multilan-active-new\\\/#primaryimage\"},\"image\":{\"@id\":\"https:\\\/\\\/chirurgie-orthopedie-vannes.fr\\\/pharmacie\\\/supp\\\/multilan-active-new\\\/#primaryimage\"},\"thumbnailUrl\":\"https:\\\/\\\/chirurgie-orthopedie-vannes.fr\\\/pharmacie\\\/wp-content\\\/uploads\\\/2024\\\/10\\\/Multilan-Active-New.jpg\",\"datePublished\":\"2024-10-18T19:46:00+00:00\",\"dateModified\":\"2025-01-14T13:27:30+00:00\",\"breadcrumb\":{\"@id\":\"https:\\\/\\\/chirurgie-orthopedie-vannes.fr\\\/pharmacie\\\/supp\\\/multilan-active-new\\\/#breadcrumb\"},\"inLanguage\":\"fr-FR\",\"potentialAction\":[{\"@type\":\"ReadAction\",\"target\":[\"https:\\\/\\\/chirurgie-orthopedie-vannes.fr\\\/pharmacie\\\/supp\\\/multilan-active-new\\\/\"]}]},{\"@type\":\"ImageObject\",\"inLanguage\":\"fr-FR\",\"@id\":\"https:\\\/\\\/chirurgie-orthopedie-vannes.fr\\\/pharmacie\\\/supp\\\/multilan-active-new\\\/#primaryimage\",\"url\":\"https:\\\/\\\/chirurgie-orthopedie-vannes.fr\\\/pharmacie\\\/wp-content\\\/uploads\\\/2024\\\/10\\\/Multilan-Active-New.jpg\",\"contentUrl\":\"https:\\\/\\\/chirurgie-orthopedie-vannes.fr\\\/pharmacie\\\/wp-content\\\/uploads\\\/2024\\\/10\\\/Multilan-Active-New.jpg\",\"width\":768,\"height\":768},{\"@type\":\"BreadcrumbList\",\"@id\":\"https:\\\/\\\/chirurgie-orthopedie-vannes.fr\\\/pharmacie\\\/supp\\\/multilan-active-new\\\/#breadcrumb\",\"itemListElement\":[{\"@type\":\"ListItem\",\"position\":1,\"name\":\"Strona g\u0142\u00f3wna\",\"item\":\"https:\\\/\\\/chirurgie-orthopedie-vannes.fr\\\/pharmacie\\\/\"},{\"@type\":\"ListItem\",\"position\":2,\"name\":\"farmaci\",\"item\":\"https:\\\/\\\/chirurgie-orthopedie-vannes.fr\\\/pharmacie\\\/\"},{\"@type\":\"ListItem\",\"position\":3,\"name\":\"Multilan Active New\"}]},{\"@type\":\"WebSite\",\"@id\":\"https:\\\/\\\/chirurgie-orthopedie-vannes.fr\\\/pharmacie\\\/#website\",\"url\":\"https:\\\/\\\/chirurgie-orthopedie-vannes.fr\\\/pharmacie\\\/\",\"name\":\"Chirurgie-Orthopedie-Vannes\",\"description\":\"\",\"potentialAction\":[{\"@type\":\"SearchAction\",\"target\":{\"@type\":\"EntryPoint\",\"urlTemplate\":\"https:\\\/\\\/chirurgie-orthopedie-vannes.fr\\\/pharmacie\\\/?s={search_term_string}\"},\"query-input\":{\"@type\":\"PropertyValueSpecification\",\"valueRequired\":true,\"valueName\":\"search_term_string\"}}],\"inLanguage\":\"fr-FR\"}]}<\/script>\n<!-- \/ Yoast SEO plugin. -->","yoast_head_json":{"title":"Multilan Active New - Avis, Forum, Pharmacie, Prix, Effets | -50%","robots":{"index":"index","follow":"follow","max-snippet":"max-snippet:-1","max-image-preview":"max-image-preview:large","max-video-preview":"max-video-preview:-1"},"canonical":"https:\/\/chirurgie-orthopedie-vannes.fr\/pharmacie\/supp\/multilan-active-new\/","og_locale":"fr_FR","og_type":"article","og_title":"Multilan Active New - Avis, Forum, Pharmacie, Prix, Effets | -50%","og_url":"https:\/\/chirurgie-orthopedie-vannes.fr\/pharmacie\/supp\/multilan-active-new\/","og_site_name":"Chirurgie-Orthopedie-Vannes","article_modified_time":"2025-01-14T13:27:30+00:00","og_image":[{"width":768,"height":768,"url":"https:\/\/chirurgie-orthopedie-vannes.fr\/pharmacie\/wp-content\/uploads\/2024\/10\/Multilan-Active-New.jpg","type":"image\/jpeg"}],"twitter_card":"summary_large_image","twitter_description":"[date_countdown]","twitter_misc":{"Dur\u00e9e de lecture estim\u00e9e":"7 minutes"},"schema":{"@context":"https:\/\/schema.org","@graph":[{"@type":"WebPage","@id":"https:\/\/chirurgie-orthopedie-vannes.fr\/pharmacie\/supp\/multilan-active-new\/","url":"https:\/\/chirurgie-orthopedie-vannes.fr\/pharmacie\/supp\/multilan-active-new\/","name":"Multilan Active New - Avis, Forum, Pharmacie, Prix, Effets | -50%","isPartOf":{"@id":"https:\/\/chirurgie-orthopedie-vannes.fr\/pharmacie\/#website"},"primaryImageOfPage":{"@id":"https:\/\/chirurgie-orthopedie-vannes.fr\/pharmacie\/supp\/multilan-active-new\/#primaryimage"},"image":{"@id":"https:\/\/chirurgie-orthopedie-vannes.fr\/pharmacie\/supp\/multilan-active-new\/#primaryimage"},"thumbnailUrl":"https:\/\/chirurgie-orthopedie-vannes.fr\/pharmacie\/wp-content\/uploads\/2024\/10\/Multilan-Active-New.jpg","datePublished":"2024-10-18T19:46:00+00:00","dateModified":"2025-01-14T13:27:30+00:00","breadcrumb":{"@id":"https:\/\/chirurgie-orthopedie-vannes.fr\/pharmacie\/supp\/multilan-active-new\/#breadcrumb"},"inLanguage":"fr-FR","potentialAction":[{"@type":"ReadAction","target":["https:\/\/chirurgie-orthopedie-vannes.fr\/pharmacie\/supp\/multilan-active-new\/"]}]},{"@type":"ImageObject","inLanguage":"fr-FR","@id":"https:\/\/chirurgie-orthopedie-vannes.fr\/pharmacie\/supp\/multilan-active-new\/#primaryimage","url":"https:\/\/chirurgie-orthopedie-vannes.fr\/pharmacie\/wp-content\/uploads\/2024\/10\/Multilan-Active-New.jpg","contentUrl":"https:\/\/chirurgie-orthopedie-vannes.fr\/pharmacie\/wp-content\/uploads\/2024\/10\/Multilan-Active-New.jpg","width":768,"height":768},{"@type":"BreadcrumbList","@id":"https:\/\/chirurgie-orthopedie-vannes.fr\/pharmacie\/supp\/multilan-active-new\/#breadcrumb","itemListElement":[{"@type":"ListItem","position":1,"name":"Strona g\u0142\u00f3wna","item":"https:\/\/chirurgie-orthopedie-vannes.fr\/pharmacie\/"},{"@type":"ListItem","position":2,"name":"farmaci","item":"https:\/\/chirurgie-orthopedie-vannes.fr\/pharmacie\/"},{"@type":"ListItem","position":3,"name":"Multilan Active New"}]},{"@type":"WebSite","@id":"https:\/\/chirurgie-orthopedie-vannes.fr\/pharmacie\/#website","url":"https:\/\/chirurgie-orthopedie-vannes.fr\/pharmacie\/","name":"Chirurgie-Orthopedie-Vannes","description":"","potentialAction":[{"@type":"SearchAction","target":{"@type":"EntryPoint","urlTemplate":"https:\/\/chirurgie-orthopedie-vannes.fr\/pharmacie\/?s={search_term_string}"},"query-input":{"@type":"PropertyValueSpecification","valueRequired":true,"valueName":"search_term_string"}}],"inLanguage":"fr-FR"}]}},"_links":{"self":[{"href":"https:\/\/chirurgie-orthopedie-vannes.fr\/pharmacie\/wp-json\/wp\/v2\/product\/4447","targetHints":{"allow":["GET"]}}],"collection":[{"href":"https:\/\/chirurgie-orthopedie-vannes.fr\/pharmacie\/wp-json\/wp\/v2\/product"}],"about":[{"href":"https:\/\/chirurgie-orthopedie-vannes.fr\/pharmacie\/wp-json\/wp\/v2\/types\/product"}],"replies":[{"embeddable":true,"href":"https:\/\/chirurgie-orthopedie-vannes.fr\/pharmacie\/wp-json\/wp\/v2\/comments?post=4447"}],"wp:featuredmedia":[{"embeddable":true,"href":"https:\/\/chirurgie-orthopedie-vannes.fr\/pharmacie\/wp-json\/wp\/v2\/media\/3814"}],"wp:attachment":[{"href":"https:\/\/chirurgie-orthopedie-vannes.fr\/pharmacie\/wp-json\/wp\/v2\/media?parent=4447"}],"wp:term":[{"taxonomy":"product_brand","embeddable":true,"href":"https:\/\/chirurgie-orthopedie-vannes.fr\/pharmacie\/wp-json\/wp\/v2\/product_brand?post=4447"},{"taxonomy":"product_cat","embeddable":true,"href":"https:\/\/chirurgie-orthopedie-vannes.fr\/pharmacie\/wp-json\/wp\/v2\/product_cat?post=4447"},{"taxonomy":"product_tag","embeddable":true,"href":"https:\/\/chirurgie-orthopedie-vannes.fr\/pharmacie\/wp-json\/wp\/v2\/product_tag?post=4447"}],"curies":[{"name":"wp","href":"https:\/\/api.w.org\/{rel}","templated":true}]}}