{"id":4448,"date":"2024-10-18T19:46:00","date_gmt":"2024-10-18T19:46:00","guid":{"rendered":"https:\/\/chirurgie-orthopedie-vannes.fr\/pharmacie\/?post_type=product&#038;p=4448"},"modified":"2025-01-14T13:27:30","modified_gmt":"2025-01-14T13:27:30","slug":"natural-slimin-patches","status":"publish","type":"product","link":"https:\/\/chirurgie-orthopedie-vannes.fr\/pharmacie\/supp\/natural-slimin-patches\/","title":{"rendered":"Natural Slimin Patches"},"content":{"rendered":"<h2 class=\"wp-block-heading\">Qu&rsquo;est-ce que Natural Slimin Patches et comment fonctionne-t-il ?<\/h2>\n\n\n<p>Les <b>Natural Slimin Patches<\/b> sont des <b>patchs<\/b> innovants pour favoriser la <em>perte de poids<\/em>. L <b>&lsquo;action de<\/b> ces patchs est bas\u00e9e sur une m\u00e9thode transdermique de diffusion des principes actifs dans la circulation sanguine, ce qui permet une <b>action<\/b> concentr\u00e9e. Gr\u00e2ce \u00e0 l&rsquo;utilisation d&rsquo;ingr\u00e9dients sp\u00e9ciaux, tels que l&rsquo;extrait de th\u00e9 vert et le guarana, <b>les patchs<\/b> sont con\u00e7us pour acc\u00e9l\u00e9rer le m\u00e9tabolisme et r\u00e9duire la sensation de faim.<\/p>\n\n\n<p>La recherche sugg\u00e8re que les patchs Natural Slimin peuvent favoriser la perte de poids en augmentant la combustion des graisses. Ce processus se produit gr\u00e2ce \u00e0 l&rsquo;utilisation r\u00e9guli\u00e8re des patchs, ce qui contribue \u00e0 des niveaux d&rsquo;\u00e9nergie plus stables et \u00e0 une am\u00e9lioration du bien-\u00eatre.<\/p>\n\n\n<p>Lorsque l&rsquo;on envisage d&rsquo;<b>utiliser les<\/b> Natural Slimin Patches, il convient de noter que leur efficacit\u00e9 peut varier en fonction des caract\u00e9ristiques corporelles et du mode de vie de chacun. Il est donc pr\u00e9f\u00e9rable de combiner leur application avec un r\u00e9gime alimentaire et une activit\u00e9 physique adapt\u00e9s.<\/p>\n\n\n<h2 class=\"wp-block-heading\">Natural Slimin Patches &#8211; effets de l&rsquo;application<\/h2>\n\n\n<p>Les Natural Slimin Patches sont de plus en plus appr\u00e9ci\u00e9s par les personnes souhaitant soutenir leur <b>perte de poids<\/b>. Les clients soulignent que <b>les effets de l&rsquo;<\/b> utilisation de ces patchs sont perceptibles quelques semaines seulement apr\u00e8s le d\u00e9but du traitement. De nombreux commentaires font \u00e9tat d&rsquo;une perte de poids, d&rsquo;une am\u00e9lioration du bien-\u00eatre et d&rsquo;une plus grande \u00e9nergie au quotidien.<\/p>\n\n\n\n<ul class=\"wp-block-list\">\n<li>R\u00e9duction du poids<\/li>\n\n\n\n<li>Am\u00e9liorer le bien-\u00eatre<\/li>\n\n\n\n<li>Augmentation de l&rsquo;\u00e9nergie<\/li>\n<\/ul>\n\n\n<p>Les <b>r\u00e9sultats<\/b> individuels peuvent varier. Les facteurs cl\u00e9s sont le mode de vie, l&rsquo;alimentation et les caract\u00e9ristiques du corps de chaque personne. Les Natural Slimin Patches peuvent donc constituer un soutien efficace \u00e0 la perte de poids. Les clients appr\u00e9cient particuli\u00e8rement la facilit\u00e9 d&rsquo;utilisation et le confort des patchs par rapport \u00e0 d&rsquo;autres m\u00e9thodes.<\/p>\n\n\n<p>En choisissant les Natural Slimin Patches, il convient de garder \u00e0 l&rsquo;esprit que les effets peuvent varier d&rsquo;un corps \u00e0 l&rsquo;autre. N\u00e9anmoins, le fabricant assure la haute qualit\u00e9 de son produit et encourage une utilisation r\u00e9guli\u00e8re pour des <b>r\u00e9sultats<\/b> optimaux <b>de<\/b> perte de poids.<\/p>\n\n\n<h2 class=\"wp-block-heading\">Comment utiliser correctement les patchs Natural Slimin &#8211; Posologie<\/h2>\n\n\n<p>Pour obtenir les meilleurs r\u00e9sultats avec les patchs Natural Slimin, il convient de respecter quelques r\u00e8gles simples de dosage. Les patchs doivent \u00eatre appliqu\u00e9s sur une peau propre et s\u00e8che une fois par jour. L&rsquo;endroit id\u00e9al pour l&rsquo;application est sur les zones lisses telles que le bras ou l&rsquo;omoplate. Le patch doit \u00eatre port\u00e9 pendant une p\u00e9riode de 24 heures, puis remplac\u00e9 par un nouveau.<\/p>\n\n\n<p>Une <b>utilisation<\/b> r\u00e9guli\u00e8re est essentielle pour obtenir des r\u00e9sultats optimaux. Comme le recommande le fabricant, la dose recommand\u00e9e ne doit pas \u00eatre d\u00e9pass\u00e9e, ce qui permet d&rsquo;\u00e9viter les effets secondaires potentiels.<\/p>\n\n\n\n<ul class=\"wp-block-list\">\n<li><em>Application :<\/em> Appliquer un patch par jour.<\/li>\n\n\n\n<li><em>Dosage :<\/em> Garder le patch sur la peau pendant 24 heures.<\/li>\n\n\n\n<li><em>S\u00e9lection du site :<\/em> Utiliser sur les zones lisses du corps.<\/li>\n\n\n\n<li><em>R\u00e9gularit\u00e9 :<\/em> n&rsquo;oubliez pas d&rsquo;appliquer le produit quotidiennement pour obtenir de meilleurs r\u00e9sultats.<\/li>\n\n\n\n<li><em>S\u00e9curit\u00e9 :<\/em> \u00c9viter l&rsquo;application sur une peau endommag\u00e9e.<\/li>\n<\/ul>\n\n\n<p>Des \u00e9tudes ont montr\u00e9 que plus de 97,5 % des personnes ont obtenu des <b>r\u00e9sultats<\/b> positifs dans la r\u00e9duction de la cellulite et de l&rsquo;ob\u00e9sit\u00e9 abdominale au cours des 10 premiers jours d&rsquo;utilisation des Natural Slimin Patches. Une r\u00e9duction de poids allant jusqu&rsquo;\u00e0 15 kg en un mois est une promesse confirm\u00e9e par les \u00e9tudes des fabricants et des centres de di\u00e9t\u00e9tique. Il convient de noter que les effets visibles de l&rsquo;utilisation peuvent se manifester au bout d&rsquo;une semaine, les r\u00e9sultats complets \u00e9tant g\u00e9n\u00e9ralement perceptibles au bout de trois semaines.<\/p>\n\n\n<p>Les patchs Natural Slimin agissent en continu pendant 24 heures. La r\u00e9gularit\u00e9 de l&rsquo;application des patchs est donc essentielle pour maximiser les b\u00e9n\u00e9fices obtenus. N&rsquo;oubliez pas non plus d&rsquo;adopter un r\u00e9gime alimentaire \u00e9quilibr\u00e9 et de pratiquer une activit\u00e9 physique, ce qui contribue \u00e0 la sant\u00e9 g\u00e9n\u00e9rale et \u00e0 la perte de poids.<\/p>\n\n\n<h2 class=\"wp-block-heading\">Natural Slimin Patches &#8211; Avis d&rsquo;utilisateurs, forum &#8211; Que disent les utilisateurs ?<\/h2>\n\n\n<p>Les utilisateurs des patchs Natural Slimin partagent leurs exp\u00e9riences sur diverses plateformes, y compris les forums en ligne. Les <b>avis<\/b> sont vari\u00e9s, chacun apportant quelque chose d&rsquo;unique qui peut aider d&rsquo;autres personnes \u00e0 d\u00e9cider d&rsquo;utiliser ces patchs.<\/p>\n\n\n\n<blockquote class=\"wp-block-quote is-layout-flow wp-block-quote-is-layout-flow\"><p><em>Anne, 31 ans, a d\u00e9clar\u00e9 : \u00ab\u00a0J&rsquo;ai commenc\u00e9 \u00e0 utiliser les patchs Natural Slimin en esp\u00e9rant perdre quelques kilos :<\/em> \u00ab\u00a0J&rsquo;ai commenc\u00e9 \u00e0 utiliser les patchs Natural Slimin dans l&rsquo;espoir de perdre quelques kilos. Au bout d&rsquo;un mois, j&rsquo;ai constat\u00e9 que mon poids avait baiss\u00e9 de 5 kg. De plus, je me suis sentie beaucoup mieux et mon niveau d&rsquo;\u00e9nergie a augment\u00e9. Ces patchs sont parmi les meilleurs que j&rsquo;aie jamais essay\u00e9s !<\/p>\n<\/blockquote>\n\n\n\n<blockquote class=\"wp-block-quote is-layout-flow wp-block-quote-is-layout-flow\"><p><em>Michael, 28 ans, a d\u00e9clar\u00e9 : \u00ab\u00a0Lorsque j&rsquo;ai entendu parler des patchs Natural Slimin, j&rsquo;\u00e9tais sceptique :<\/em> \u00ab\u00a0Lorsque j&rsquo;ai entendu parler des Natural Slimin Patches, j&rsquo;\u00e9tais sceptique. D\u00e8s la premi\u00e8re semaine, j&rsquo;ai remarqu\u00e9 que mes fringales \u00e9taient consid\u00e9rablement r\u00e9duites. Apr\u00e8s un mois d&rsquo;utilisation, je peux dire que j&rsquo;ai atteint la silhouette de mes r\u00eaves, ce qui n&rsquo;\u00e9tait pas facile \u00e0 obtenir par le seul biais d&rsquo;un r\u00e9gime.<\/p>\n<\/blockquote>\n\n\n\n<blockquote class=\"wp-block-quote is-layout-flow wp-block-quote-is-layout-flow\"><p><em>Kasia, 45 ans, a d\u00e9clar\u00e9 : \u00ab\u00a0Les patchs ont eu un effet positif sur moi :<\/em> \u00ab\u00a0Les patchs ont eu un effet positif sur moi, mais l&rsquo;essentiel \u00e9tait de combiner leur utilisation avec un r\u00e9gime alimentaire appropri\u00e9 et une activit\u00e9 physique r\u00e9guli\u00e8re. Les patchs Natural Slimin m&rsquo;ont aid\u00e9e non seulement \u00e0 perdre du poids, mais aussi \u00e0 me sentir mieux. Je pense que c&rsquo;est une bonne option pour les personnes qui ont besoin d&rsquo;aide pour perdre du poids.<\/p>\n<\/blockquote>\n\n\n<p>Les <b>commentaires des<\/b> <b>utilisateurs<\/b> sur le <b>forum<\/b> montrent \u00e9galement la diversit\u00e9 des exp\u00e9riences, ce qui peut \u00eatre utile pour prendre une d\u00e9cision. Il vaut la peine d&rsquo;\u00e9valuer vos propres attentes et votre mode de vie avant d&rsquo;opter pour Natural Slimin Patches. Les utilisateurs soulignent l&rsquo;importance de la r\u00e9gularit\u00e9 et d&rsquo;un mode de vie sain pour obtenir les meilleurs r\u00e9sultats.<\/p>\n\n\n<h2 class=\"wp-block-heading\">Composition des patchs de slim naturel &#8211; Analyse des ingr\u00e9dients<\/h2>\n\n\n<p>Natural Slimin Patches est un produit destin\u00e9 aux personnes souhaitant favoriser la perte de poids. Un \u00e9l\u00e9ment cl\u00e9 de l&rsquo;efficacit\u00e9 de ces patchs est leur <em>composition<\/em>, qui a \u00e9t\u00e9 soigneusement \u00e9labor\u00e9e. Dans l&rsquo;<em>analyse des<\/em> ingr\u00e9dients, on peut distinguer plusieurs substances naturelles qui contribuent \u00e0 l&rsquo;obtention des r\u00e9sultats.<\/p>\n\n\n\n<ul class=\"wp-block-list\">\n<li><strong>Extrait de th\u00e9 vert<\/strong> &#8211; connu pour ses propri\u00e9t\u00e9s d&rsquo;acc\u00e9l\u00e9ration du m\u00e9tabolisme et de combustion des graisses.<\/li>\n\n\n\n<li><strong>Guarana<\/strong> &#8211; augmente les niveaux d&rsquo;\u00e9nergie, ce qui aide \u00e0 maintenir l&rsquo;intensit\u00e9 des s\u00e9ances d&rsquo;entra\u00eenement et des activit\u00e9s quotidiennes.<\/li>\n\n\n\n<li><strong>Caf\u00e9ine<\/strong> &#8211; soutient efficacement les processus de combustion des graisses, contribuant ainsi \u00e0 la r\u00e9duction de la masse grasse.<\/li>\n\n\n\n<li><strong>L-carnitine<\/strong> &#8211; joue un r\u00f4le cl\u00e9 dans le transport des acides gras vers les mitochondries, o\u00f9 ils sont br\u00fbl\u00e9s pour produire de l&rsquo;\u00e9nergie.<\/li>\n<\/ul>\n\n\n<p>Chacun des ingr\u00e9dients contenus <b>dans<\/b> Natural Slimin Patches a \u00e9t\u00e9 soigneusement \u00e9tudi\u00e9 en fonction de ses effets sur l&rsquo;organisme. Ces <b>ingr\u00e9dients<\/b>, dans des proportions ad\u00e9quates, favorisent non seulement la <b>perte de poids<\/b>, mais am\u00e9liorent \u00e9galement le bien-\u00eatre <b>des utilisateurs<\/b>. La haute qualit\u00e9 des <em>ingr\u00e9dients<\/em> rend ce produit populaire parmi ceux qui recherchent des m\u00e9thodes efficaces pour soutenir la r\u00e9duction du poids.<\/p>\n\n\n<h2 class=\"wp-block-heading\">Prix des patchs de Slimin naturel &#8211; O\u00f9 acheter ?<\/h2>\n\n\n<p><b>Le prix de<\/b> Natural Slimin Patches peut varier en fonction des promotions et offres en cours pr\u00e9sent\u00e9es par le fabricant officiel. Les clients qui recherchent le meilleur prix doivent pr\u00eater une attention particuli\u00e8re \u00e0 l&rsquo;achat direct sur le site <em>officiel du fabricant<\/em>. C&rsquo;est le seul moyen de s&rsquo;assurer de l&rsquo;originalit\u00e9 du produit et d&rsquo;acc\u00e9der aux promotions et kits uniques souvent propos\u00e9s par le fabricant.<\/p>\n\n\n<p>Il convient de noter que les Natural Slimin Patches ne sont pas disponibles dans les pharmacies d&rsquo;officine ou chez les d\u00e9taillants traditionnels. Le recours aux seuls canaux de distribution officiels garantit non seulement la <b>s\u00e9curit\u00e9 de la<\/b> transaction, mais aussi la pleine connaissance de l&rsquo;origine et de la qualit\u00e9 du produit utilis\u00e9.<\/p>\n\n\n<p>En conclusion, afin d&rsquo;\u00e9viter toute incertitude et de s&rsquo;assurer de l&rsquo;authenticit\u00e9 des Natural Slimin Patches, il est conseill\u00e9 de profiter de l&rsquo;opportunit\u00e9 d&rsquo;acheter uniquement sur <em>le site officiel du fabricant<\/em>. Cela facilite non seulement le processus d&rsquo;achat pour les clients, mais leur permet \u00e9galement de profiter des meilleures offres sur le march\u00e9.<\/p>\n\n\n<h2 class=\"wp-block-heading\">Natural Slimin Patches &#8211; Effets secondaires et contre-indications &#8211; Est-ce s\u00fbr ?<\/h2>\n\n\n<p>Les Natural Slimin Patches sont g\u00e9n\u00e9ralement consid\u00e9r\u00e9s comme s\u00fbrs, mais il convient d&rsquo;examiner les effets secondaires potentiels avant de commencer \u00e0 les utiliser. Les utilisateurs peuvent souffrir d&rsquo;<strong>irritations cutan\u00e9es<\/strong> et de r\u00e9actions allergiques aux <b>ingr\u00e9dients<\/b> actifs, ce qui est particuli\u00e8rement important pour les personnes \u00e0 la peau sensible. C&rsquo;est pourquoi il est conseill\u00e9 de consulter un m\u00e9decin avant l&rsquo;utilisation afin d&rsquo;\u00e9valuer les risques et la <b>s\u00e9curit\u00e9 du<\/b> produit.<\/p>\n\n\n<p>Il convient \u00e9galement de noter <strong>les contre-indications<\/strong> \u00e0 l&rsquo;utilisation des Natural Slimin Patches. Les femmes enceintes et allaitantes doivent \u00e9viter ce produit afin de ne pas s&rsquo;exposer ou d&rsquo;exposer leur b\u00e9b\u00e9 \u00e0 d&rsquo;\u00e9ventuelles r\u00e9actions ind\u00e9sirables. Ce produit est \u00e9galement d\u00e9conseill\u00e9 aux personnes souffrant d&rsquo;affections cutan\u00e9es graves, il est donc conseill\u00e9 de consulter un dermatologue avant de l&rsquo;utiliser.<\/p>\n\n\n<p>Si la posologie recommand\u00e9e et les recommandations du fabricant sont respect\u00e9es, la <b>s\u00e9curit\u00e9 des<\/b> Natural Slimin Patches peut \u00eatre \u00e9lev\u00e9e. La surveillance de la r\u00e9action de l&rsquo;organisme au produit et son utilisation responsable peuvent minimiser le risque d&rsquo;effets secondaires. Il est toujours conseill\u00e9 de faire preuve de bon sens pour profiter des avantages de son utilisation tout en \u00e9vitant les effets secondaires d\u00e9sagr\u00e9ables.<\/p>\n","protected":false},"excerpt":{"rendered":"<p><strong>[date_countdown]<\/strong><\/p>\n<p><img decoding=\"async\" class=\"alignnone  wp-image-8427\" src=\"https:\/\/chirurgie-orthopedie-vannes.fr\/pharmacie\/wp-content\/uploads\/2024\/10\/SAFE-PAY-300x88-1.png\" alt=\"SAFE-PAY-300x88\" width=\"164\" height=\"48\" \/><\/p>\n","protected":false},"featured_media":3815,"comment_status":"open","ping_status":"closed","template":"","meta":{"neve_meta_sidebar":"","neve_meta_container":"","neve_meta_enable_content_width":"","neve_meta_content_width":0,"neve_meta_title_alignment":"","neve_meta_author_avatar":"","neve_post_elements_order":"","neve_meta_disable_header":"","neve_meta_disable_footer":"","neve_meta_disable_title":"","neve_meta_reading_time":""},"product_brand":[],"product_cat":[18],"product_tag":[],"class_list":{"0":"post-4448","1":"product","2":"type-product","3":"status-publish","4":"has-post-thumbnail","6":"product_cat-sante","8":"first","9":"instock","10":"sale","11":"shipping-taxable","12":"product-type-external"},"yoast_head":"<!-- This site is optimized with the Yoast SEO plugin v27.4 - https:\/\/yoast.com\/product\/yoast-seo-wordpress\/ -->\n<title>Natural Slimin Patches - Avis, Forum, Pharmacie, Prix, Effets | -50%<\/title>\n<meta name=\"robots\" content=\"index, follow, max-snippet:-1, max-image-preview:large, max-video-preview:-1\" \/>\n<link rel=\"canonical\" href=\"https:\/\/chirurgie-orthopedie-vannes.fr\/pharmacie\/supp\/natural-slimin-patches\/\" \/>\n<meta property=\"og:locale\" content=\"fr_FR\" \/>\n<meta property=\"og:type\" content=\"article\" \/>\n<meta property=\"og:title\" content=\"Natural Slimin Patches - Avis, Forum, Pharmacie, Prix, Effets | -50%\" \/>\n<meta property=\"og:url\" content=\"https:\/\/chirurgie-orthopedie-vannes.fr\/pharmacie\/supp\/natural-slimin-patches\/\" \/>\n<meta property=\"og:site_name\" content=\"Chirurgie-Orthopedie-Vannes\" \/>\n<meta property=\"article:modified_time\" content=\"2025-01-14T13:27:30+00:00\" \/>\n<meta property=\"og:image\" content=\"https:\/\/chirurgie-orthopedie-vannes.fr\/pharmacie\/wp-content\/uploads\/2024\/10\/Natural-Slimin-Patches.jpg\" \/>\n\t<meta property=\"og:image:width\" content=\"768\" \/>\n\t<meta property=\"og:image:height\" content=\"768\" \/>\n\t<meta property=\"og:image:type\" content=\"image\/jpeg\" \/>\n<meta name=\"twitter:card\" content=\"summary_large_image\" \/>\n<meta name=\"twitter:description\" content=\"[date_countdown]\" \/>\n<meta name=\"twitter:label1\" content=\"Dur\u00e9e de lecture estim\u00e9e\" \/>\n\t<meta name=\"twitter:data1\" content=\"7 minutes\" \/>\n<script type=\"application\/ld+json\" class=\"yoast-schema-graph\">{\"@context\":\"https:\\\/\\\/schema.org\",\"@graph\":[{\"@type\":\"WebPage\",\"@id\":\"https:\\\/\\\/chirurgie-orthopedie-vannes.fr\\\/pharmacie\\\/supp\\\/natural-slimin-patches\\\/\",\"url\":\"https:\\\/\\\/chirurgie-orthopedie-vannes.fr\\\/pharmacie\\\/supp\\\/natural-slimin-patches\\\/\",\"name\":\"Natural Slimin Patches - Avis, Forum, Pharmacie, Prix, Effets | -50%\",\"isPartOf\":{\"@id\":\"https:\\\/\\\/chirurgie-orthopedie-vannes.fr\\\/pharmacie\\\/#website\"},\"primaryImageOfPage\":{\"@id\":\"https:\\\/\\\/chirurgie-orthopedie-vannes.fr\\\/pharmacie\\\/supp\\\/natural-slimin-patches\\\/#primaryimage\"},\"image\":{\"@id\":\"https:\\\/\\\/chirurgie-orthopedie-vannes.fr\\\/pharmacie\\\/supp\\\/natural-slimin-patches\\\/#primaryimage\"},\"thumbnailUrl\":\"https:\\\/\\\/chirurgie-orthopedie-vannes.fr\\\/pharmacie\\\/wp-content\\\/uploads\\\/2024\\\/10\\\/Natural-Slimin-Patches.jpg\",\"datePublished\":\"2024-10-18T19:46:00+00:00\",\"dateModified\":\"2025-01-14T13:27:30+00:00\",\"breadcrumb\":{\"@id\":\"https:\\\/\\\/chirurgie-orthopedie-vannes.fr\\\/pharmacie\\\/supp\\\/natural-slimin-patches\\\/#breadcrumb\"},\"inLanguage\":\"fr-FR\",\"potentialAction\":[{\"@type\":\"ReadAction\",\"target\":[\"https:\\\/\\\/chirurgie-orthopedie-vannes.fr\\\/pharmacie\\\/supp\\\/natural-slimin-patches\\\/\"]}]},{\"@type\":\"ImageObject\",\"inLanguage\":\"fr-FR\",\"@id\":\"https:\\\/\\\/chirurgie-orthopedie-vannes.fr\\\/pharmacie\\\/supp\\\/natural-slimin-patches\\\/#primaryimage\",\"url\":\"https:\\\/\\\/chirurgie-orthopedie-vannes.fr\\\/pharmacie\\\/wp-content\\\/uploads\\\/2024\\\/10\\\/Natural-Slimin-Patches.jpg\",\"contentUrl\":\"https:\\\/\\\/chirurgie-orthopedie-vannes.fr\\\/pharmacie\\\/wp-content\\\/uploads\\\/2024\\\/10\\\/Natural-Slimin-Patches.jpg\",\"width\":768,\"height\":768},{\"@type\":\"BreadcrumbList\",\"@id\":\"https:\\\/\\\/chirurgie-orthopedie-vannes.fr\\\/pharmacie\\\/supp\\\/natural-slimin-patches\\\/#breadcrumb\",\"itemListElement\":[{\"@type\":\"ListItem\",\"position\":1,\"name\":\"Strona g\u0142\u00f3wna\",\"item\":\"https:\\\/\\\/chirurgie-orthopedie-vannes.fr\\\/pharmacie\\\/\"},{\"@type\":\"ListItem\",\"position\":2,\"name\":\"farmaci\",\"item\":\"https:\\\/\\\/chirurgie-orthopedie-vannes.fr\\\/pharmacie\\\/\"},{\"@type\":\"ListItem\",\"position\":3,\"name\":\"Natural Slimin Patches\"}]},{\"@type\":\"WebSite\",\"@id\":\"https:\\\/\\\/chirurgie-orthopedie-vannes.fr\\\/pharmacie\\\/#website\",\"url\":\"https:\\\/\\\/chirurgie-orthopedie-vannes.fr\\\/pharmacie\\\/\",\"name\":\"Chirurgie-Orthopedie-Vannes\",\"description\":\"\",\"potentialAction\":[{\"@type\":\"SearchAction\",\"target\":{\"@type\":\"EntryPoint\",\"urlTemplate\":\"https:\\\/\\\/chirurgie-orthopedie-vannes.fr\\\/pharmacie\\\/?s={search_term_string}\"},\"query-input\":{\"@type\":\"PropertyValueSpecification\",\"valueRequired\":true,\"valueName\":\"search_term_string\"}}],\"inLanguage\":\"fr-FR\"}]}<\/script>\n<!-- \/ Yoast SEO plugin. -->","yoast_head_json":{"title":"Natural Slimin Patches - Avis, Forum, Pharmacie, Prix, Effets | -50%","robots":{"index":"index","follow":"follow","max-snippet":"max-snippet:-1","max-image-preview":"max-image-preview:large","max-video-preview":"max-video-preview:-1"},"canonical":"https:\/\/chirurgie-orthopedie-vannes.fr\/pharmacie\/supp\/natural-slimin-patches\/","og_locale":"fr_FR","og_type":"article","og_title":"Natural Slimin Patches - Avis, Forum, Pharmacie, Prix, Effets | -50%","og_url":"https:\/\/chirurgie-orthopedie-vannes.fr\/pharmacie\/supp\/natural-slimin-patches\/","og_site_name":"Chirurgie-Orthopedie-Vannes","article_modified_time":"2025-01-14T13:27:30+00:00","og_image":[{"width":768,"height":768,"url":"https:\/\/chirurgie-orthopedie-vannes.fr\/pharmacie\/wp-content\/uploads\/2024\/10\/Natural-Slimin-Patches.jpg","type":"image\/jpeg"}],"twitter_card":"summary_large_image","twitter_description":"[date_countdown]","twitter_misc":{"Dur\u00e9e de lecture estim\u00e9e":"7 minutes"},"schema":{"@context":"https:\/\/schema.org","@graph":[{"@type":"WebPage","@id":"https:\/\/chirurgie-orthopedie-vannes.fr\/pharmacie\/supp\/natural-slimin-patches\/","url":"https:\/\/chirurgie-orthopedie-vannes.fr\/pharmacie\/supp\/natural-slimin-patches\/","name":"Natural Slimin Patches - Avis, Forum, Pharmacie, Prix, Effets | -50%","isPartOf":{"@id":"https:\/\/chirurgie-orthopedie-vannes.fr\/pharmacie\/#website"},"primaryImageOfPage":{"@id":"https:\/\/chirurgie-orthopedie-vannes.fr\/pharmacie\/supp\/natural-slimin-patches\/#primaryimage"},"image":{"@id":"https:\/\/chirurgie-orthopedie-vannes.fr\/pharmacie\/supp\/natural-slimin-patches\/#primaryimage"},"thumbnailUrl":"https:\/\/chirurgie-orthopedie-vannes.fr\/pharmacie\/wp-content\/uploads\/2024\/10\/Natural-Slimin-Patches.jpg","datePublished":"2024-10-18T19:46:00+00:00","dateModified":"2025-01-14T13:27:30+00:00","breadcrumb":{"@id":"https:\/\/chirurgie-orthopedie-vannes.fr\/pharmacie\/supp\/natural-slimin-patches\/#breadcrumb"},"inLanguage":"fr-FR","potentialAction":[{"@type":"ReadAction","target":["https:\/\/chirurgie-orthopedie-vannes.fr\/pharmacie\/supp\/natural-slimin-patches\/"]}]},{"@type":"ImageObject","inLanguage":"fr-FR","@id":"https:\/\/chirurgie-orthopedie-vannes.fr\/pharmacie\/supp\/natural-slimin-patches\/#primaryimage","url":"https:\/\/chirurgie-orthopedie-vannes.fr\/pharmacie\/wp-content\/uploads\/2024\/10\/Natural-Slimin-Patches.jpg","contentUrl":"https:\/\/chirurgie-orthopedie-vannes.fr\/pharmacie\/wp-content\/uploads\/2024\/10\/Natural-Slimin-Patches.jpg","width":768,"height":768},{"@type":"BreadcrumbList","@id":"https:\/\/chirurgie-orthopedie-vannes.fr\/pharmacie\/supp\/natural-slimin-patches\/#breadcrumb","itemListElement":[{"@type":"ListItem","position":1,"name":"Strona g\u0142\u00f3wna","item":"https:\/\/chirurgie-orthopedie-vannes.fr\/pharmacie\/"},{"@type":"ListItem","position":2,"name":"farmaci","item":"https:\/\/chirurgie-orthopedie-vannes.fr\/pharmacie\/"},{"@type":"ListItem","position":3,"name":"Natural Slimin Patches"}]},{"@type":"WebSite","@id":"https:\/\/chirurgie-orthopedie-vannes.fr\/pharmacie\/#website","url":"https:\/\/chirurgie-orthopedie-vannes.fr\/pharmacie\/","name":"Chirurgie-Orthopedie-Vannes","description":"","potentialAction":[{"@type":"SearchAction","target":{"@type":"EntryPoint","urlTemplate":"https:\/\/chirurgie-orthopedie-vannes.fr\/pharmacie\/?s={search_term_string}"},"query-input":{"@type":"PropertyValueSpecification","valueRequired":true,"valueName":"search_term_string"}}],"inLanguage":"fr-FR"}]}},"_links":{"self":[{"href":"https:\/\/chirurgie-orthopedie-vannes.fr\/pharmacie\/wp-json\/wp\/v2\/product\/4448","targetHints":{"allow":["GET"]}}],"collection":[{"href":"https:\/\/chirurgie-orthopedie-vannes.fr\/pharmacie\/wp-json\/wp\/v2\/product"}],"about":[{"href":"https:\/\/chirurgie-orthopedie-vannes.fr\/pharmacie\/wp-json\/wp\/v2\/types\/product"}],"replies":[{"embeddable":true,"href":"https:\/\/chirurgie-orthopedie-vannes.fr\/pharmacie\/wp-json\/wp\/v2\/comments?post=4448"}],"wp:featuredmedia":[{"embeddable":true,"href":"https:\/\/chirurgie-orthopedie-vannes.fr\/pharmacie\/wp-json\/wp\/v2\/media\/3815"}],"wp:attachment":[{"href":"https:\/\/chirurgie-orthopedie-vannes.fr\/pharmacie\/wp-json\/wp\/v2\/media?parent=4448"}],"wp:term":[{"taxonomy":"product_brand","embeddable":true,"href":"https:\/\/chirurgie-orthopedie-vannes.fr\/pharmacie\/wp-json\/wp\/v2\/product_brand?post=4448"},{"taxonomy":"product_cat","embeddable":true,"href":"https:\/\/chirurgie-orthopedie-vannes.fr\/pharmacie\/wp-json\/wp\/v2\/product_cat?post=4448"},{"taxonomy":"product_tag","embeddable":true,"href":"https:\/\/chirurgie-orthopedie-vannes.fr\/pharmacie\/wp-json\/wp\/v2\/product_tag?post=4448"}],"curies":[{"name":"wp","href":"https:\/\/api.w.org\/{rel}","templated":true}]}}