{"id":4449,"date":"2024-10-18T19:46:00","date_gmt":"2024-10-18T19:46:00","guid":{"rendered":"https:\/\/chirurgie-orthopedie-vannes.fr\/pharmacie\/?post_type=product&#038;p=4449"},"modified":"2025-01-14T13:28:01","modified_gmt":"2025-01-14T13:28:01","slug":"nature-burner","status":"publish","type":"product","link":"https:\/\/chirurgie-orthopedie-vannes.fr\/pharmacie\/supp\/nature-burner\/","title":{"rendered":"Nature Burner"},"content":{"rendered":"<h2 class=\"wp-block-heading\">Qu&rsquo;est-ce que Nature Burner et comment fonctionne-t-il ?<\/h2>\n\n\n<p><b>Nature Burner<\/b> est un <em>compl\u00e9ment alimentaire<\/em> dit <em>br\u00fbleur de graisse<\/em>, qui a gagn\u00e9 en popularit\u00e9 pour son efficacit\u00e9 dans l&rsquo;aide \u00e0 la perte de poids. L <b>&lsquo;action de<\/b> cette formule repose sur plusieurs m\u00e9canismes cl\u00e9s qui contribuent \u00e0 la r\u00e9duction des graisses.<\/p>\n\n\n<p>L&rsquo;un des principaux modes d&rsquo;action de Nature Burner est la stimulation de la thermogen\u00e8se. Ce processus permet de <em>br\u00fbler<\/em> plus rapidement <em>les graisses<\/em> et d&rsquo;augmenter la production d&rsquo;\u00e9nergie. Gr\u00e2ce \u00e0 des ingr\u00e9dients actifs tels que la caf\u00e9ine, la capsa\u00efcine et l&rsquo;extrait de th\u00e9 vert, ce suppl\u00e9ment stimule le m\u00e9tabolisme, ce qui favorise la r\u00e9duction de l&rsquo;app\u00e9tit.<\/p>\n\n\n<p>Nature Burner agit \u00e9galement au niveau cellulaire pour favoriser le transport des acides gras dans les mitochondries, o\u00f9 ils sont utilis\u00e9s comme source d&rsquo;\u00e9nergie. Les <b>utilisateurs de ce<\/b> compl\u00e9ment alimentaire peuvent remarquer une am\u00e9lioration significative des performances pendant les s\u00e9ances d&rsquo;entra\u00eenement, ce qui permet d&rsquo;obtenir de meilleurs r\u00e9sultats et de perdre du poids. <b>Les utilisateurs<\/b> rapportent qu&rsquo;il est possible de perdre jusqu&rsquo;\u00e0 12 kg en un seul cycle d&rsquo;utilisation.<\/p>\n\n\n<p>Ce compl\u00e9ment n&rsquo;a pas seulement des <b>effets b\u00e9n\u00e9fiques sur<\/b> la perte de poids, mais il aide \u00e9galement \u00e0 maintenir une masse musculaire saine. Ceci est important pour le maintien d&rsquo;un m\u00e9tabolisme efficace et d&rsquo;une bonne sant\u00e9 g\u00e9n\u00e9rale. De plus en plus de personnes sont convaincues de son efficacit\u00e9, ce qui fait de Nature Burner une option int\u00e9ressante pour ceux qui cherchent \u00e0 perdre du poids.<\/p>\n\n\n<h2 class=\"wp-block-heading\">Avantages de Nature Burner &#8211; Effets<\/h2>\n\n\n<p><b>L&rsquo;utilisation de<\/b> Nature Burner apporte un certain nombre d&rsquo;<b>avantages<\/b> appr\u00e9ci\u00e9s par ceux qui souhaitent <em>r\u00e9duire leur poids<\/em> et <em>br\u00fbler les graisses<\/em> plus efficacement. Le compl\u00e9ment favorise le m\u00e9tabolisme, ce qui permet de br\u00fbler plus rapidement les graisses et d&rsquo;avoir plus d&rsquo;\u00e9nergie pendant les s\u00e9ances d&rsquo;entra\u00eenement.<\/p>\n\n\n<p>De nombreux utilisateurs remarquent une am\u00e9lioration significative des performances sportives, des <b>effets de<\/b> <em>r\u00e9duction de la cellulite<\/em> et une am\u00e9lioration g\u00e9n\u00e9rale de la condition physique. Gr\u00e2ce \u00e0 ses ingr\u00e9dients naturels, tels que l&rsquo;extrait de th\u00e9 vert et la caf\u00e9ine, Nature Burner contribue \u00e0 augmenter la thermogen\u00e8se, qui est cruciale pour les processus de <em>combustion des graisses<\/em>.<\/p>\n\n\n<p>Le compl\u00e9ment agit \u00e9galement sur la r\u00e9gulation de la glyc\u00e9mie. Un tel effet peut favoriser l&rsquo;affaiblissement des crises de faim, ce qui est important pour les personnes souhaitant contr\u00f4ler leur alimentation. Avec une utilisation r\u00e9guli\u00e8re de Nature Burner et un r\u00e9gime alimentaire appropri\u00e9, on peut s&rsquo;attendre \u00e0 des <em>r\u00e9sultats<\/em> satisfaisants. Les principaux <b>avantages<\/b> sont les suivants :<\/p>\n\n\n\n<ul class=\"wp-block-list\">\n<li>Une <em>combustion des graisses<\/em> plus efficace<\/li>\n\n\n\n<li>Augmentation des niveaux d&rsquo;\u00e9nergie<\/li>\n\n\n\n<li>Am\u00e9lioration de la condition physique<\/li>\n\n\n\n<li>R\u00e9gulation du glucose<\/li>\n\n\n\n<li>R\u00e9duction de la cellulite<\/li>\n<\/ul>\n\n\n<p>Il est int\u00e9ressant de noter que <b>les effets de<\/b> Nature Burner sont plus visibles lorsqu&rsquo;ils sont combin\u00e9s \u00e0 une activit\u00e9 physique et \u00e0 une alimentation \u00e9quilibr\u00e9e. Ce compl\u00e9ment peut apporter un excellent soutien aux personnes qui souhaitent atteindre leurs objectifs de <em>perte de poids<\/em>.<\/p>\n\n\n<h2 class=\"wp-block-heading\">Comment utiliser correctement Nature Burner &#8211; Dosage<\/h2>\n\n\n<p>Le <b>dosage<\/b> correct de Nature Burner est essentiel pour obtenir les effets optimaux de ce compl\u00e9ment alimentaire. Il est recommand\u00e9 de <em>prendre<\/em> 2 g\u00e9lules par jour, \u00e0 boire avec beaucoup d&rsquo;eau. Le meilleur moment pour prendre Nature Burner est le matin avant les repas et avant l&rsquo;entra\u00eenement. Ce <em>dosage<\/em> permet de maximiser les b\u00e9n\u00e9fices de ce compl\u00e9ment.<\/p>\n\n\n<p>Il est important de ne pas d\u00e9passer la dose recommand\u00e9e, car cela peut entra\u00eener des effets secondaires potentiels. <b>Le compl\u00e9ment alimentaire<\/b> est plus efficace lorsqu&rsquo;il est associ\u00e9 \u00e0 une activit\u00e9 physique et \u00e0 une alimentation saine et \u00e9quilibr\u00e9e. Les personnes qui choisissent de <em>prendre<\/em> ce compl\u00e9ment doivent garder \u00e0 l&rsquo;esprit que les <b>effets<\/b> se manifesteront avant tout dans le cadre d&rsquo;une activit\u00e9 physique r\u00e9guli\u00e8re et d&rsquo;une alimentation ad\u00e9quate.<\/p>\n\n\n<p>Nature Burner contient un certain nombre d&rsquo;ingr\u00e9dients qui favorisent le processus de combustion des graisses, tels que le HCA, le chrome et les vitamines. Un <em>dosage<\/em> appropri\u00e9 et une <em>utilisation<\/em> r\u00e9guli\u00e8re, combin\u00e9s \u00e0 une activit\u00e9 physique, peuvent conduire \u00e0 des changements notables de la composition corporelle.<\/p>\n\n\n<h2 class=\"wp-block-heading\">Nature Burner &#8211; Avis et critiques &#8211; Que disent les utilisateurs ?<\/h2>\n\n\n<p>Les <b>avis<\/b> sur Nature Burner sont vari\u00e9s et refl\u00e8tent les exp\u00e9riences individuelles des utilisateurs. Beaucoup soulignent les effets positifs du produit, qu&rsquo;ils remarquent apr\u00e8s une courte p\u00e9riode d&rsquo;utilisation.<\/p>\n\n\n\n<blockquote class=\"wp-block-quote is-layout-flow wp-block-quote-is-layout-flow\"><p><em>Ania :<\/em> \u00ab\u00a0Depuis que j&rsquo;ai commenc\u00e9 \u00e0 utiliser Nature Burner, j&rsquo;ai remarqu\u00e9 une am\u00e9lioration significative de mes niveaux d&rsquo;\u00e9nergie pendant les s\u00e9ances d&rsquo;entra\u00eenement et de meilleurs r\u00e9sultats dans la r\u00e9duction des graisses. Apr\u00e8s 4 semaines d&rsquo;utilisation, je peux voir des r\u00e9sultats notables sur ma silhouette.\u00a0\u00bb<\/p>\n<\/blockquote>\n\n\n\n<blockquote class=\"wp-block-quote is-layout-flow wp-block-quote-is-layout-flow\"><p><em>Marek :<\/em> \u00ab\u00a0Malheureusement, Nature Burner n&rsquo;a pas produit les r\u00e9sultats escompt\u00e9s. Bien que j&rsquo;aie respect\u00e9 la posologie, les effets ont \u00e9t\u00e9 minimes. Il s&rsquo;agit peut-\u00eatre d&rsquo;un effet de pr\u00e9disposition individuelle.\u00a0\u00bb<\/p>\n<\/blockquote>\n\n\n\n<blockquote class=\"wp-block-quote is-layout-flow wp-block-quote-is-layout-flow\"><p><em>Kasia :<\/em> \u00ab\u00a0Je suis satisfaite de Nature Burner ! En plus d&rsquo;obtenir de meilleurs r\u00e9sultats \u00e0 la salle de sport, j&rsquo;ai cess\u00e9 de ressentir des fringales fr\u00e9quentes, ce qui m&rsquo;a permis de respecter plus facilement mon r\u00e9gime alimentaire.\u00a0\u00bb<\/p>\n<\/blockquote>\n\n\n<p>Les <b>avis<\/b> publi\u00e9s sur les sites Internet montrent que de nombreux utilisateurs constatent des avantages tels qu&rsquo;une combustion plus efficace des graisses et une augmentation de l&rsquo;\u00e9nergie. Les <b>avis<\/b> mentionnent \u00e9galement souvent une am\u00e9lioration du bien-\u00eatre g\u00e9n\u00e9ral et des performances physiques.<\/p>\n\n\n<p>Bien que les <b>avis<\/b> disponibles doivent \u00eatre analys\u00e9s de mani\u00e8re critique, la majorit\u00e9 des avis expriment une attitude positive \u00e0 l&rsquo;\u00e9gard de l&rsquo;utilisation de Nature Burner. <b>Les utilisateurs<\/b> appr\u00e9cient la <b>composition<\/b> naturelle et les actions en faveur d&rsquo;un mode de vie sain.<\/p>\n\n\n<h2 class=\"wp-block-heading\">Br\u00fbleur de nature &#8211; Composition<\/h2>\n\n\n<p>Nature Burner est un <b>compl\u00e9ment alimentaire<\/b> qui se distingue par sa composition soigneusement s\u00e9lectionn\u00e9e, offrant des <b>principes actifs<\/b> efficaces pour soutenir la perte de poids. Les principaux ingr\u00e9dients sont les suivants :<\/p>\n\n\n\n<ul class=\"wp-block-list\">\n<li><em>Caf\u00e9ine<\/em> &#8211; 125 mg par portion, d\u00e9riv\u00e9e du caf\u00e9 vert et du th\u00e9 vert, qui augmente les niveaux d&rsquo;\u00e9nergie et favorise les processus de combustion des graisses.<\/li>\n\n\n\n<li><em>Extrait de th\u00e9 vert<\/em> &#8211; 50 mg, riche en polyph\u00e9nols et en EGCG, connu pour ses propri\u00e9t\u00e9s antioxydantes.<\/li>\n\n\n\n<li><em>Capsa\u00efcine<\/em> &#8211; favorise la thermogen\u00e8se, ce qui contribue \u00e0 une combustion plus efficace des calories.<\/li>\n\n\n\n<li><em>Extrait d&rsquo;ashwagandha<\/em> &#8211; 100 mg, qui aide \u00e0 r\u00e9duire le stress, ce qui est important pour la perte de poids.<\/li>\n\n\n\n<li><em>Vinaigre de cidre de pomme en poudre<\/em> &#8211; 100 mg, connu pour sa capacit\u00e9 \u00e0 am\u00e9liorer le m\u00e9tabolisme.<\/li>\n\n\n\n<li><em>Extrait de Coleus Forskohlii<\/em> &#8211; 50 mg, pour favoriser la gestion du poids.<\/li>\n\n\n\n<li><em>Paradoxine\u00ae<\/em> &#8211; 30 mg, connu pour acc\u00e9l\u00e9rer la combustion des graisses.<\/li>\n\n\n\n<li><em>Bioperine\u2122<\/em> &#8211; 5 mg, qui am\u00e9liore l&rsquo;absorption des autres ingr\u00e9dients.<\/li>\n<\/ul>\n\n\n<p>Le <b>compl\u00e9ment<\/b> alimentaire Nature Burner fournit 30 portions et la dose recommand\u00e9e est de 2 g\u00e9lules par jour, de pr\u00e9f\u00e9rence \u00e0 jeun, entre les repas. Au moment de d\u00e9cider de le prendre, il convient de rappeler que les r\u00e9sultats sont meilleurs en combinaison avec un r\u00e9gime alimentaire adapt\u00e9 et une activit\u00e9 physique. Nature Burner n&rsquo;est pas disponible dans les pharmacies stationnaires, et il est recommand\u00e9 de l&rsquo;acheter directement sur le site du fabricant pour profiter des promotions disponibles.<\/p>\n\n\n<h2 class=\"wp-block-heading\">O\u00f9 acheter Nature Burner &#8211; prix<\/h2>\n\n\n<p>Nature Burner est uniquement disponible sur le site <em>officiel du fabricant<\/em>. L&rsquo;achat direct sur ce site garantit l&rsquo;originalit\u00e9 et la qualit\u00e9 du produit, ce qui est crucial pour la s\u00e9curit\u00e9 de la suppl\u00e9mentation. Le suppl\u00e9ment n&rsquo;est pas disponible dans les pharmacies stationnaires, ce qui fait de l&rsquo;achat en ligne la seule option pour les personnes int\u00e9ress\u00e9es.<\/p>\n\n\n<p><b>Le prix de<\/b> Nature Burner peut varier en fonction des promotions en cours. Il est conseill\u00e9 de consulter r\u00e9guli\u00e8rement le <em>site officiel du fabricant<\/em> pour conna\u00eetre les offres les plus avantageuses. Gr\u00e2ce aux promotions, les utilisateurs peuvent \u00e9conomiser une somme consid\u00e9rable, ce qui rend l&rsquo;achat encore plus int\u00e9ressant.<\/p>\n\n\n<h2 class=\"wp-block-heading\">Nature Burner &#8211; Effets secondaires et contre-indications &#8211; Est-il s\u00fbr ?<\/h2>\n\n\n<p>L&rsquo;utilisation de Nature Burner, malgr\u00e9 ses nombreux avantages, peut \u00eatre associ\u00e9e \u00e0 certains <strong>effets secondaires<\/strong>. Parmi les plus fr\u00e9quemment signal\u00e9s, on trouve des troubles gastro-intestinaux tels que des naus\u00e9es, des douleurs abdominales, voire des diarrh\u00e9es. Les personnes sensibles \u00e0 la caf\u00e9ine peuvent ressentir une excitabilit\u00e9 excessive, ce qui peut affecter le fonctionnement quotidien. Il convient de noter que la l-carnitine, l&rsquo;un des ingr\u00e9dients cl\u00e9s, peut \u00e9galement causer ces probl\u00e8mes, en particulier \u00e0 des doses \u00e9lev\u00e9es.<\/p>\n\n\n<p>Il est n\u00e9cessaire de lire <strong>les contre-indications<\/strong> avant utilisation. Nature Burner est d\u00e9conseill\u00e9 aux personnes souffrant de maladies thyro\u00efdiennes, d&rsquo;hypertension, de diab\u00e8te ou qui sont hypersensibles \u00e0 l&rsquo;un des ingr\u00e9dients du compl\u00e9ment. Les femmes enceintes et allaitantes doivent s&rsquo;abstenir de prendre ce compl\u00e9ment pour leur propre s\u00e9curit\u00e9 et celle de leur b\u00e9b\u00e9.<\/p>\n\n\n<p>Il est toujours pr\u00e9f\u00e9rable de consulter votre m\u00e9decin avant de commencer \u00e0 prendre Nature Burner afin de vous assurer de son <strong>innocuit\u00e9<\/strong> pour votre organisme. L&rsquo;organisme de chacun \u00e9tant diff\u00e9rent, un avis m\u00e9dical personnalis\u00e9 peut fournir des informations pr\u00e9cieuses sur l&rsquo;utilisation du compl\u00e9ment en fonction de l&rsquo;\u00e9tat de sant\u00e9 de chacun.<\/p>\n","protected":false},"excerpt":{"rendered":"<p><strong>[date_countdown]<\/strong><\/p>\n<p><img decoding=\"async\" class=\"alignnone  wp-image-8427\" src=\"https:\/\/chirurgie-orthopedie-vannes.fr\/pharmacie\/wp-content\/uploads\/2024\/10\/SAFE-PAY-300x88-1.png\" alt=\"SAFE-PAY-300x88\" width=\"164\" height=\"48\" \/><\/p>\n","protected":false},"featured_media":3816,"comment_status":"open","ping_status":"closed","template":"","meta":{"neve_meta_sidebar":"","neve_meta_container":"","neve_meta_enable_content_width":"","neve_meta_content_width":0,"neve_meta_title_alignment":"","neve_meta_author_avatar":"","neve_post_elements_order":"","neve_meta_disable_header":"","neve_meta_disable_footer":"","neve_meta_disable_title":"","neve_meta_reading_time":""},"product_brand":[],"product_cat":[18],"product_tag":[],"class_list":{"0":"post-4449","1":"product","2":"type-product","3":"status-publish","4":"has-post-thumbnail","6":"product_cat-sante","8":"first","9":"instock","10":"sale","11":"shipping-taxable","12":"product-type-external"},"yoast_head":"<!-- This site is optimized with the Yoast SEO plugin v27.4 - https:\/\/yoast.com\/product\/yoast-seo-wordpress\/ -->\n<title>Nature Burner - Avis, Forum, Pharmacie, Prix, Effets | -50%<\/title>\n<meta name=\"robots\" content=\"index, follow, max-snippet:-1, max-image-preview:large, max-video-preview:-1\" \/>\n<link rel=\"canonical\" href=\"https:\/\/chirurgie-orthopedie-vannes.fr\/pharmacie\/supp\/nature-burner\/\" \/>\n<meta property=\"og:locale\" content=\"fr_FR\" \/>\n<meta property=\"og:type\" content=\"article\" \/>\n<meta property=\"og:title\" content=\"Nature Burner - Avis, Forum, Pharmacie, Prix, Effets | -50%\" \/>\n<meta property=\"og:url\" content=\"https:\/\/chirurgie-orthopedie-vannes.fr\/pharmacie\/supp\/nature-burner\/\" \/>\n<meta property=\"og:site_name\" content=\"Chirurgie-Orthopedie-Vannes\" \/>\n<meta property=\"article:modified_time\" content=\"2025-01-14T13:28:01+00:00\" \/>\n<meta property=\"og:image\" content=\"https:\/\/chirurgie-orthopedie-vannes.fr\/pharmacie\/wp-content\/uploads\/2024\/10\/Nature-Burner.jpg\" \/>\n\t<meta property=\"og:image:width\" content=\"768\" \/>\n\t<meta property=\"og:image:height\" content=\"768\" \/>\n\t<meta property=\"og:image:type\" content=\"image\/jpeg\" \/>\n<meta name=\"twitter:card\" content=\"summary_large_image\" \/>\n<meta name=\"twitter:description\" content=\"[date_countdown]\" \/>\n<meta name=\"twitter:label1\" content=\"Dur\u00e9e de lecture estim\u00e9e\" \/>\n\t<meta name=\"twitter:data1\" content=\"1 minute\" \/>\n<script type=\"application\/ld+json\" class=\"yoast-schema-graph\">{\"@context\":\"https:\\\/\\\/schema.org\",\"@graph\":[{\"@type\":\"WebPage\",\"@id\":\"https:\\\/\\\/chirurgie-orthopedie-vannes.fr\\\/pharmacie\\\/supp\\\/nature-burner\\\/\",\"url\":\"https:\\\/\\\/chirurgie-orthopedie-vannes.fr\\\/pharmacie\\\/supp\\\/nature-burner\\\/\",\"name\":\"Nature Burner - Avis, Forum, Pharmacie, Prix, Effets | -50%\",\"isPartOf\":{\"@id\":\"https:\\\/\\\/chirurgie-orthopedie-vannes.fr\\\/pharmacie\\\/#website\"},\"primaryImageOfPage\":{\"@id\":\"https:\\\/\\\/chirurgie-orthopedie-vannes.fr\\\/pharmacie\\\/supp\\\/nature-burner\\\/#primaryimage\"},\"image\":{\"@id\":\"https:\\\/\\\/chirurgie-orthopedie-vannes.fr\\\/pharmacie\\\/supp\\\/nature-burner\\\/#primaryimage\"},\"thumbnailUrl\":\"https:\\\/\\\/chirurgie-orthopedie-vannes.fr\\\/pharmacie\\\/wp-content\\\/uploads\\\/2024\\\/10\\\/Nature-Burner.jpg\",\"datePublished\":\"2024-10-18T19:46:00+00:00\",\"dateModified\":\"2025-01-14T13:28:01+00:00\",\"breadcrumb\":{\"@id\":\"https:\\\/\\\/chirurgie-orthopedie-vannes.fr\\\/pharmacie\\\/supp\\\/nature-burner\\\/#breadcrumb\"},\"inLanguage\":\"fr-FR\",\"potentialAction\":[{\"@type\":\"ReadAction\",\"target\":[\"https:\\\/\\\/chirurgie-orthopedie-vannes.fr\\\/pharmacie\\\/supp\\\/nature-burner\\\/\"]}]},{\"@type\":\"ImageObject\",\"inLanguage\":\"fr-FR\",\"@id\":\"https:\\\/\\\/chirurgie-orthopedie-vannes.fr\\\/pharmacie\\\/supp\\\/nature-burner\\\/#primaryimage\",\"url\":\"https:\\\/\\\/chirurgie-orthopedie-vannes.fr\\\/pharmacie\\\/wp-content\\\/uploads\\\/2024\\\/10\\\/Nature-Burner.jpg\",\"contentUrl\":\"https:\\\/\\\/chirurgie-orthopedie-vannes.fr\\\/pharmacie\\\/wp-content\\\/uploads\\\/2024\\\/10\\\/Nature-Burner.jpg\",\"width\":768,\"height\":768},{\"@type\":\"BreadcrumbList\",\"@id\":\"https:\\\/\\\/chirurgie-orthopedie-vannes.fr\\\/pharmacie\\\/supp\\\/nature-burner\\\/#breadcrumb\",\"itemListElement\":[{\"@type\":\"ListItem\",\"position\":1,\"name\":\"Strona g\u0142\u00f3wna\",\"item\":\"https:\\\/\\\/chirurgie-orthopedie-vannes.fr\\\/pharmacie\\\/\"},{\"@type\":\"ListItem\",\"position\":2,\"name\":\"farmaci\",\"item\":\"https:\\\/\\\/chirurgie-orthopedie-vannes.fr\\\/pharmacie\\\/\"},{\"@type\":\"ListItem\",\"position\":3,\"name\":\"Nature Burner\"}]},{\"@type\":\"WebSite\",\"@id\":\"https:\\\/\\\/chirurgie-orthopedie-vannes.fr\\\/pharmacie\\\/#website\",\"url\":\"https:\\\/\\\/chirurgie-orthopedie-vannes.fr\\\/pharmacie\\\/\",\"name\":\"Chirurgie-Orthopedie-Vannes\",\"description\":\"\",\"potentialAction\":[{\"@type\":\"SearchAction\",\"target\":{\"@type\":\"EntryPoint\",\"urlTemplate\":\"https:\\\/\\\/chirurgie-orthopedie-vannes.fr\\\/pharmacie\\\/?s={search_term_string}\"},\"query-input\":{\"@type\":\"PropertyValueSpecification\",\"valueRequired\":true,\"valueName\":\"search_term_string\"}}],\"inLanguage\":\"fr-FR\"}]}<\/script>\n<!-- \/ Yoast SEO plugin. -->","yoast_head_json":{"title":"Nature Burner - Avis, Forum, Pharmacie, Prix, Effets | -50%","robots":{"index":"index","follow":"follow","max-snippet":"max-snippet:-1","max-image-preview":"max-image-preview:large","max-video-preview":"max-video-preview:-1"},"canonical":"https:\/\/chirurgie-orthopedie-vannes.fr\/pharmacie\/supp\/nature-burner\/","og_locale":"fr_FR","og_type":"article","og_title":"Nature Burner - Avis, Forum, Pharmacie, Prix, Effets | -50%","og_url":"https:\/\/chirurgie-orthopedie-vannes.fr\/pharmacie\/supp\/nature-burner\/","og_site_name":"Chirurgie-Orthopedie-Vannes","article_modified_time":"2025-01-14T13:28:01+00:00","og_image":[{"width":768,"height":768,"url":"https:\/\/chirurgie-orthopedie-vannes.fr\/pharmacie\/wp-content\/uploads\/2024\/10\/Nature-Burner.jpg","type":"image\/jpeg"}],"twitter_card":"summary_large_image","twitter_description":"[date_countdown]","twitter_misc":{"Dur\u00e9e de lecture estim\u00e9e":"1 minute"},"schema":{"@context":"https:\/\/schema.org","@graph":[{"@type":"WebPage","@id":"https:\/\/chirurgie-orthopedie-vannes.fr\/pharmacie\/supp\/nature-burner\/","url":"https:\/\/chirurgie-orthopedie-vannes.fr\/pharmacie\/supp\/nature-burner\/","name":"Nature Burner - Avis, Forum, Pharmacie, Prix, Effets | -50%","isPartOf":{"@id":"https:\/\/chirurgie-orthopedie-vannes.fr\/pharmacie\/#website"},"primaryImageOfPage":{"@id":"https:\/\/chirurgie-orthopedie-vannes.fr\/pharmacie\/supp\/nature-burner\/#primaryimage"},"image":{"@id":"https:\/\/chirurgie-orthopedie-vannes.fr\/pharmacie\/supp\/nature-burner\/#primaryimage"},"thumbnailUrl":"https:\/\/chirurgie-orthopedie-vannes.fr\/pharmacie\/wp-content\/uploads\/2024\/10\/Nature-Burner.jpg","datePublished":"2024-10-18T19:46:00+00:00","dateModified":"2025-01-14T13:28:01+00:00","breadcrumb":{"@id":"https:\/\/chirurgie-orthopedie-vannes.fr\/pharmacie\/supp\/nature-burner\/#breadcrumb"},"inLanguage":"fr-FR","potentialAction":[{"@type":"ReadAction","target":["https:\/\/chirurgie-orthopedie-vannes.fr\/pharmacie\/supp\/nature-burner\/"]}]},{"@type":"ImageObject","inLanguage":"fr-FR","@id":"https:\/\/chirurgie-orthopedie-vannes.fr\/pharmacie\/supp\/nature-burner\/#primaryimage","url":"https:\/\/chirurgie-orthopedie-vannes.fr\/pharmacie\/wp-content\/uploads\/2024\/10\/Nature-Burner.jpg","contentUrl":"https:\/\/chirurgie-orthopedie-vannes.fr\/pharmacie\/wp-content\/uploads\/2024\/10\/Nature-Burner.jpg","width":768,"height":768},{"@type":"BreadcrumbList","@id":"https:\/\/chirurgie-orthopedie-vannes.fr\/pharmacie\/supp\/nature-burner\/#breadcrumb","itemListElement":[{"@type":"ListItem","position":1,"name":"Strona g\u0142\u00f3wna","item":"https:\/\/chirurgie-orthopedie-vannes.fr\/pharmacie\/"},{"@type":"ListItem","position":2,"name":"farmaci","item":"https:\/\/chirurgie-orthopedie-vannes.fr\/pharmacie\/"},{"@type":"ListItem","position":3,"name":"Nature Burner"}]},{"@type":"WebSite","@id":"https:\/\/chirurgie-orthopedie-vannes.fr\/pharmacie\/#website","url":"https:\/\/chirurgie-orthopedie-vannes.fr\/pharmacie\/","name":"Chirurgie-Orthopedie-Vannes","description":"","potentialAction":[{"@type":"SearchAction","target":{"@type":"EntryPoint","urlTemplate":"https:\/\/chirurgie-orthopedie-vannes.fr\/pharmacie\/?s={search_term_string}"},"query-input":{"@type":"PropertyValueSpecification","valueRequired":true,"valueName":"search_term_string"}}],"inLanguage":"fr-FR"}]}},"_links":{"self":[{"href":"https:\/\/chirurgie-orthopedie-vannes.fr\/pharmacie\/wp-json\/wp\/v2\/product\/4449","targetHints":{"allow":["GET"]}}],"collection":[{"href":"https:\/\/chirurgie-orthopedie-vannes.fr\/pharmacie\/wp-json\/wp\/v2\/product"}],"about":[{"href":"https:\/\/chirurgie-orthopedie-vannes.fr\/pharmacie\/wp-json\/wp\/v2\/types\/product"}],"replies":[{"embeddable":true,"href":"https:\/\/chirurgie-orthopedie-vannes.fr\/pharmacie\/wp-json\/wp\/v2\/comments?post=4449"}],"wp:featuredmedia":[{"embeddable":true,"href":"https:\/\/chirurgie-orthopedie-vannes.fr\/pharmacie\/wp-json\/wp\/v2\/media\/3816"}],"wp:attachment":[{"href":"https:\/\/chirurgie-orthopedie-vannes.fr\/pharmacie\/wp-json\/wp\/v2\/media?parent=4449"}],"wp:term":[{"taxonomy":"product_brand","embeddable":true,"href":"https:\/\/chirurgie-orthopedie-vannes.fr\/pharmacie\/wp-json\/wp\/v2\/product_brand?post=4449"},{"taxonomy":"product_cat","embeddable":true,"href":"https:\/\/chirurgie-orthopedie-vannes.fr\/pharmacie\/wp-json\/wp\/v2\/product_cat?post=4449"},{"taxonomy":"product_tag","embeddable":true,"href":"https:\/\/chirurgie-orthopedie-vannes.fr\/pharmacie\/wp-json\/wp\/v2\/product_tag?post=4449"}],"curies":[{"name":"wp","href":"https:\/\/api.w.org\/{rel}","templated":true}]}}