{"id":4452,"date":"2024-10-18T19:46:00","date_gmt":"2024-10-18T19:46:00","guid":{"rendered":"https:\/\/chirurgie-orthopedie-vannes.fr\/pharmacie\/?post_type=product&#038;p=4452"},"modified":"2025-01-14T13:28:01","modified_gmt":"2025-01-14T13:28:01","slug":"plantillas-magnetic","status":"publish","type":"product","link":"https:\/\/chirurgie-orthopedie-vannes.fr\/pharmacie\/supp\/plantillas-magnetic\/","title":{"rendered":"Plantillas Magnetic"},"content":{"rendered":"\n<h2 class=\"wp-block-heading\">Qu&rsquo;est-ce que Plantillas Magnetic et comment fonctionne-t-il ?<\/h2>\n\n\n\n<p>Les<b>Plantillas Magnetic<\/b> sont des semelles orthop\u00e9diques avanc\u00e9es qui utilisent la <em>th\u00e9rapie magn\u00e9tique<\/em> pour am\u00e9liorer la <em>sant\u00e9 des<\/em> pieds. L <b>&lsquo;action de<\/b> ces semelles repose sur la g\u00e9n\u00e9ration de champs magn\u00e9tiques qui stimulent les r\u00e9cepteurs du pied. Cette stimulation a pour effet d&rsquo;am\u00e9liorer la circulation sanguine et de r\u00e9duire la douleur.<\/p>\n\n\n\n<p>Ces semelles ont \u00e9t\u00e9 con\u00e7ues dans un souci de confort. L&rsquo;utilisation de mat\u00e9riaux modernes les rend confortables et permettent de les porter plus longtemps. Les utilisateurs remarquent souvent une augmentation de l&rsquo;\u00e9nergie, ce qui se traduit par une meilleure sensation de bien-\u00eatre apr\u00e8s une longue journ\u00e9e.<\/p>\n\n\n\n<p>En raison de l <em>&lsquo;<\/em> efficacit\u00e9 des Plantillas Magnetic, de nombreuses personnes choisissent de les <b>utiliser<\/b> pour soutenir leurs activit\u00e9s quotidiennes, ce qui peut conduire \u00e0 une am\u00e9lioration significative de la qualit\u00e9 de vie. L&rsquo;utilisation r\u00e9guli\u00e8re de la th\u00e9rapie magn\u00e9tique aide \u00e0 \u00e9liminer la sensation de fatigue des jambes, ce qui est important pour les personnes ayant un mode de vie tr\u00e8s actif.<\/p>\n\n\n\n<h2 class=\"wp-block-heading\">Plantillas Magnetic &#8211; effets<\/h2>\n\n\n\n<p><b>Les effets de l&rsquo;<\/b> utilisation de Plantillas Magnetic sont d\u00e9j\u00e0 perceptibles apr\u00e8s une courte p\u00e9riode d&rsquo;utilisation. De nombreuses personnes remarquent l&rsquo;<em>am\u00e9lioration de la sant\u00e9 de leurs<\/em> pieds et de leur bien-\u00eatre g\u00e9n\u00e9ral. L&rsquo;un des principaux effets est une <em>am\u00e9lioration<\/em> significative <em>de la circulation<\/em> sanguine, qui contribue \u00e0 une meilleure oxyg\u00e9nation des muscles et des tissus. Les utilisateurs qui passent de nombreuses heures dans la m\u00eame position remarquent souvent un soulagement des douleurs dans les jambes et une r\u00e9duction de la sensation de fatigue.<\/p>\n\n\n\n<p>Les semelles Plantillas Magnetic utilisent une technologie moderne pour stabiliser la posture, ce qui se traduit par un meilleur \u00e9quilibre et une r\u00e9duction de la douleur. L&rsquo;utilisation r\u00e9guli\u00e8re de ces semelles peut avoir des effets b\u00e9n\u00e9fiques \u00e0 long terme sur la sant\u00e9, notamment en soulageant la fatigue et les troubles de la circulation.<\/p>\n\n\n\n<figure class=\"wp-block-table\"><table class=\"has-fixed-layout\"><tbody><tr><th>Effet<\/th><th>Description de l&rsquo;effet<\/th><\/tr><tr><td>Am\u00e9lioration de la circulation<\/td><td>Am\u00e9lioration de l&rsquo;oxyg\u00e9nation des pieds et du rougissement du sang dans les tissus.<\/td><\/tr><tr><td>Soulagement de la douleur dans les jambes<\/td><td>R\u00e9duction de l&rsquo;inconfort associ\u00e9 \u00e0 la station debout ou assise prolong\u00e9e.<\/td><\/tr><tr><td>Stabilisation posturale<\/td><td>Am\u00e9lioration de la posture, ce qui a un effet positif sur l&rsquo;\u00e9quilibre.<\/td><\/tr><tr><td>R\u00e9duction de la sensation de fatigue<\/td><td>Am\u00e9lioration du bien-\u00eatre et diminution de la perte d&rsquo;\u00e9nergie due aux maux.<\/td><\/tr><\/tbody><\/table><\/figure>\n\n\n\n<p>De nombreux utilisateurs de Plantillas Magnetic soulignent que <em>les effets des<\/em> semelles ont un impact positif sur leur vie quotidienne. Gr\u00e2ce \u00e0 ce produit, ils se sentent plus \u00e0 l&rsquo;aise et plus \u00e0 m\u00eame de r\u00e9aliser leurs activit\u00e9s quotidiennes.<\/p>\n\n\n\n<h2 class=\"wp-block-heading\">Comment utiliser Plantillas Magnetic ? &#8211; Dosage et recommandations<\/h2>\n\n\n\n<p>L&rsquo;<b>utilisation de<\/b> Plantillas Magnetic n\u00e9cessite de suivre quelques recommandations cl\u00e9s pour obtenir des <b>r\u00e9sultats<\/b> optimaux. Il est recommand\u00e9 de les porter quotidiennement, de pr\u00e9f\u00e9rence avec des chaussures bien adapt\u00e9es. Cela permet d&rsquo;assurer un contact maximal avec les pieds, ce qui est important pour profiter pleinement des propri\u00e9t\u00e9s magn\u00e9tiques des semelles.<\/p>\n\n\n\n<p>Au d\u00e9but, il est conseill\u00e9 d&rsquo;utiliser les Plantillas Magnetic pendant quelques heures par jour, puis d&rsquo;augmenter progressivement le temps de port. Cela permet aux pieds de s&rsquo;habituer aux semelles, \u00e9vitant ainsi tout inconfort. Par cons\u00e9quent, leur <b>dosage<\/b> peut \u00eatre adapt\u00e9 aux besoins individuels du porteur.<\/p>\n\n\n\n<p>Pour maximiser les effets de leur utilisation, il est utile de les associer \u00e0 un exercice physique l\u00e9ger. Cette combinaison d&rsquo;actions favorise une meilleure circulation sanguine et contribue \u00e0 r\u00e9duire la fatigue. La r\u00e9gularit\u00e9 dans l&rsquo;utilisation de Plantillas Magnetic est essentielle pour obtenir des r\u00e9sultats notables.<\/p>\n\n\n\n<figure class=\"wp-block-table\"><table class=\"has-fixed-layout\"><tbody><tr><th>Recommandation<\/th><th>Description de l&rsquo;utilisation<\/th><\/tr><tr><td><b>Utilisation<\/b> quotidienne<\/td><td>Le port des semelles avec des chaussures bien adapt\u00e9es assure un contact optimal avec les pieds.<\/td><\/tr><tr><td><b>Dosage<\/b> initial<\/td><td>Commencez par 2 \u00e0 3 heures par jour, puis augmentez la dur\u00e9e de port au fur et \u00e0 mesure que vous vous habituez.<\/td><\/tr><tr><td>Exercice physique<\/td><td>La combinaison de l&rsquo;utilisation des semelles avec une activit\u00e9 physique l\u00e9g\u00e8re augmente les effets.<\/td><\/tr><tr><td>R\u00e9gularit\u00e9<\/td><td>Une utilisation quotidienne est essentielle pour obtenir des r\u00e9sultats notables.<\/td><\/tr><\/tbody><\/table><\/figure>\n\n\n\n<h2 class=\"wp-block-heading\">Exp\u00e9rience des utilisateurs et avis sur Plantillas Magnetic &#8211; quels sont les avis ?<\/h2>\n\n\n\n<p>Les<b>avis sur<\/b> Plantillas Magnetic se distinguent par leur tonalit\u00e9 positive et r\u00e9v\u00e8lent de nombreuses exp\u00e9riences int\u00e9ressantes. Les utilisateurs soulignent le soulagement significatif des douleurs aux pieds et l&rsquo;am\u00e9lioration du confort de la marche quotidienne. La diversit\u00e9 des commentaires montre l&rsquo;importance de ces <b>semelles magn\u00e9tiques<\/b>.<\/p>\n\n\n\n<blockquote class=\"wp-block-quote is-layout-flow wp-block-quote-is-layout-flow\">\n<p><em>Anna<\/em>: \u00ab\u00a0Depuis que j&rsquo;utilise Plantillas Magnetic, j&rsquo;ai remarqu\u00e9 une am\u00e9lioration significative de mon bien-\u00eatre. Apr\u00e8s une longue journ\u00e9e de marche, je ne me sens plus fatigu\u00e9e et mes douleurs aux pieds ont pratiquement disparu. Ce sont vraiment des semelles sensationnelles !<\/p>\n<\/blockquote>\n\n\n\n<blockquote class=\"wp-block-quote is-layout-flow wp-block-quote-is-layout-flow\">\n<p><em>Marek<\/em>: \u00ab\u00a0J&rsquo;\u00e9tais sceptique au d\u00e9but, mais apr\u00e8s les avoir utilis\u00e9es pendant quelques semaines, je peux dire en toute confiance que c&rsquo;\u00e9tait une bonne d\u00e9cision. Elles semblent avoir am\u00e9lior\u00e9 ma <b>circulation sanguine<\/b> et r\u00e9duit mes douleurs lombaires<\/p>\n<\/blockquote>\n\n\n\n<blockquote class=\"wp-block-quote is-layout-flow wp-block-quote-is-layout-flow\">\n<p><em>Sophie<\/em>: \u00ab\u00a0Les Plantillas Magnetic sont une v\u00e9ritable d\u00e9couverte pour moi ! Mes pieds se sentent tellement mieux et les mettre avec des chaussures est maintenant un rituel quotidien. Merci d&rsquo;avoir d\u00e9couvert ce produit !<\/p>\n<\/blockquote>\n\n\n\n<p>Les<b>commentaires<\/b> recueillis montrent clairement que les semelles Plantillas Magnetic attirent l&rsquo;attention de leurs utilisateurs et am\u00e9liorent consid\u00e9rablement leur confort. Il est int\u00e9ressant de noter comment les clients abordent les produits, en partageant leurs exp\u00e9riences et en encourageant les autres \u00e0 les essayer.<\/p>\n\n\n\n<h2 class=\"wp-block-heading\">Plantillas Magnetic &#8211; Composition<\/h2>\n\n\n\n<p>Les Plantillas Magnetic sont des semelles innovantes con\u00e7ues pour la sant\u00e9 des pieds. Elles sont <em>compos\u00e9es<\/em> de <b>mat\u00e9riaux<\/b> hyperallergiques avanc\u00e9s et respectueux de la peau. Gr\u00e2ce \u00e0 l&rsquo;utilisation d&rsquo;\u00e9l\u00e9ments magn\u00e9tiques, ces semelles stimulent la <b>circulation<\/b> sanguine, ce qui contribue \u00e0 am\u00e9liorer la <em>sant\u00e9<\/em> g\u00e9n\u00e9rale <em>des<\/em> pieds.<\/p>\n\n\n\n<p>Chaque composant des semelles a \u00e9t\u00e9 soigneusement s\u00e9lectionn\u00e9 pour garantir un maximum de confort et d&rsquo;efficacit\u00e9 th\u00e9rapeutique. La conception ergonomique des semelles favorise la position naturelle des pieds, ce qui r\u00e9duit le risque de blessure.<\/p>\n\n\n\n<p>Le tableau ci-dessous pr\u00e9sente les principaux <b>mat\u00e9riaux<\/b> qui composent Plantillas Magnetic :<\/p>\n\n\n\n<figure class=\"wp-block-table\"><table class=\"has-fixed-layout\"><tbody><tr><th>Mat\u00e9riau<\/th><th>Fonction<\/th><th>Avantages<\/th><\/tr><tr><td>Mat\u00e9riau hyperallergique<\/td><td><b>Sans danger<\/b> pour la peau<\/td><td>R\u00e9duit le risque de r\u00e9actions allergiques<\/td><\/tr><tr><td>\u00c9l\u00e9ments magn\u00e9tiques<\/td><td>Stimulation de la circulation<\/td><td><b>Am\u00e9lioration de la sant\u00e9 du<\/b> pied et soulagement de la douleur<\/td><\/tr><tr><td>Couche amortissante<\/td><td>Confortable \u00e0 porter<\/td><td>R\u00e9duction de la fatigue du pied<\/td><\/tr><\/tbody><\/table><\/figure>\n\n\n\n<p>En choisissant les bons mat\u00e9riaux, il est possible d&rsquo;obtenir un effet holistique de soutien \u00e0 la sant\u00e9. Les Plantillas Magnetic sont de plus en plus populaires aupr\u00e8s des personnes soucieuses de leur <b>sant\u00e9<\/b> et d\u00e9sireuses de b\u00e9n\u00e9ficier d&rsquo;un confort au cours de leurs activit\u00e9s quotidiennes.<\/p>\n\n\n\n<h2 class=\"wp-block-heading\">O\u00f9 acheter et combien co\u00fbte Plantillas Magnetic &#8211; prix<\/h2>\n\n\n\n<p>Les Plantillas Magnetic ne peuvent \u00eatre achet\u00e9s que sur le site <em>officiel du fabricant<\/em>. Il convient de noter que ces semelles ne sont pas disponibles dans les pharmacies stationnaires ou dans d&rsquo;autres points de vente. Cela garantit que les utilisateurs peuvent acheter directement \u00e0 la source, ce qui se traduit par un produit de la plus haute qualit\u00e9.<\/p>\n\n\n\n<p><strong>Le prix des<\/strong> Plantillas Magnetic varie en fonction des mod\u00e8les choisis et des promotions en cours. Les clients peuvent ainsi adapter leur choix \u00e0 leurs besoins individuels et \u00e0 leurs possibilit\u00e9s financi\u00e8res. L&rsquo;achat direct aupr\u00e8s du <em>fabricant officiel<\/em> garantit \u00e9galement l&rsquo;acc\u00e8s \u00e0 d&rsquo;\u00e9ventuelles remises et offres sp\u00e9ciales, ce qui rend l&rsquo;utilisation de ce produit encore plus rentable.<\/p>\n\n\n\n<ul class=\"wp-block-list\">\n<li>Achat exclusivement sur le site web du fabricant.<\/li>\n\n\n\n<li>Non disponible dans les pharmacies traditionnelles.<\/li>\n\n\n\n<li>Possibilit\u00e9 de b\u00e9n\u00e9ficier de promotions et de r\u00e9ductions.<\/li>\n<\/ul>\n\n\n\n<p>Si vous vous demandez <em>o\u00f9 acheter<\/em> Plantillas Magnetic, visitez le site officiel du fabricant pour plus d&rsquo;informations sur les options disponibles et les prix actuels.<\/p>\n\n\n\n<h2 class=\"wp-block-heading\">Effets secondaires potentiels et contre-indications de Plantillas Magnetic<\/h2>\n\n\n\n<p>Les Plantillas Magnetic sont g\u00e9n\u00e9ralement consid\u00e9r\u00e9s comme s\u00fbrs, mais tout nouveau traitement comporte des <b>effets secondaires<\/b> potentiels. Certains utilisateurs peuvent ressentir une l\u00e9g\u00e8re g\u00eane ou une irritation de la peau, et des r\u00e9actions allergiques peuvent \u00e9galement se produire chez les personnes sensibles aux <b>mat\u00e9riaux<\/b> utilis\u00e9s dans le produit. Il convient de noter que les <b>effets secondaires<\/b> sont le plus souvent minimes, mais qu&rsquo;ils peuvent \u00eatre g\u00eanants.<\/p>\n\n\n\n<p>Avant d&rsquo;utiliser Plantillas Magnetic, il convient de prendre connaissance des contre-indications. Les femmes enceintes ou allaitantes, les personnes souffrant de maladies cardiaques ou de plaies ouvertes doivent consulter un m\u00e9decin. En outre, les personnes \u00e9pileptiques ou porteuses d&rsquo;un stimulateur cardiaque doivent \u00e9galement demander l&rsquo;avis d&rsquo;un m\u00e9decin afin de garantir une <b>s\u00e9curit\u00e9<\/b> maximale lors de l&rsquo;utilisation de ce produit.<\/p>\n\n\n\n<p>En conclusion, Plantillas Magnetic peut \u00eatre un excellent soutien pour la sant\u00e9 des pieds et de la circulation, mais l&rsquo;essentiel est de suivre les recommandations et de veiller \u00e0 sa propre <b>s\u00e9curit\u00e9<\/b>. Si vous ressentez des sympt\u00f4mes inqui\u00e9tants apr\u00e8s l&rsquo;utilisation du produit, n&rsquo;h\u00e9sitez pas \u00e0 consulter votre m\u00e9decin.<\/p>\n","protected":false},"excerpt":{"rendered":"<p><strong>[date_countdown]<\/strong><\/p>\n<p><img decoding=\"async\" class=\"alignnone  wp-image-8427\" src=\"https:\/\/chirurgie-orthopedie-vannes.fr\/pharmacie\/wp-content\/uploads\/2024\/10\/SAFE-PAY-300x88-1.png\" alt=\"SAFE-PAY-300x88\" width=\"164\" height=\"48\" \/><\/p>\n","protected":false},"featured_media":3840,"comment_status":"open","ping_status":"closed","template":"","meta":{"neve_meta_sidebar":"","neve_meta_container":"","neve_meta_enable_content_width":"","neve_meta_content_width":0,"neve_meta_title_alignment":"","neve_meta_author_avatar":"","neve_post_elements_order":"","neve_meta_disable_header":"","neve_meta_disable_footer":"","neve_meta_disable_title":"","neve_meta_reading_time":""},"product_brand":[],"product_cat":[18],"product_tag":[],"class_list":{"0":"post-4452","1":"product","2":"type-product","3":"status-publish","4":"has-post-thumbnail","6":"product_cat-sante","8":"first","9":"instock","10":"sale","11":"shipping-taxable","12":"product-type-external"},"yoast_head":"<!-- This site is optimized with the Yoast SEO plugin v27.4 - https:\/\/yoast.com\/product\/yoast-seo-wordpress\/ -->\n<title>Plantillas Magnetic - Avis, Forum, Pharmacie, Prix, Effets | -50%<\/title>\n<meta name=\"robots\" content=\"index, follow, max-snippet:-1, max-image-preview:large, max-video-preview:-1\" \/>\n<link rel=\"canonical\" href=\"https:\/\/chirurgie-orthopedie-vannes.fr\/pharmacie\/supp\/plantillas-magnetic\/\" \/>\n<meta property=\"og:locale\" content=\"fr_FR\" \/>\n<meta property=\"og:type\" content=\"article\" \/>\n<meta property=\"og:title\" content=\"Plantillas Magnetic - Avis, Forum, Pharmacie, Prix, Effets | -50%\" \/>\n<meta property=\"og:url\" content=\"https:\/\/chirurgie-orthopedie-vannes.fr\/pharmacie\/supp\/plantillas-magnetic\/\" \/>\n<meta property=\"og:site_name\" content=\"Chirurgie-Orthopedie-Vannes\" \/>\n<meta property=\"article:modified_time\" content=\"2025-01-14T13:28:01+00:00\" \/>\n<meta property=\"og:image\" content=\"https:\/\/chirurgie-orthopedie-vannes.fr\/pharmacie\/wp-content\/uploads\/2024\/10\/Plantillas-Magnetic.jpg\" \/>\n\t<meta property=\"og:image:width\" content=\"768\" \/>\n\t<meta property=\"og:image:height\" content=\"768\" \/>\n\t<meta property=\"og:image:type\" content=\"image\/jpeg\" \/>\n<meta name=\"twitter:card\" content=\"summary_large_image\" \/>\n<meta name=\"twitter:description\" content=\"[date_countdown]\" \/>\n<meta name=\"twitter:label1\" content=\"Dur\u00e9e de lecture estim\u00e9e\" \/>\n\t<meta name=\"twitter:data1\" content=\"1 minute\" \/>\n<script type=\"application\/ld+json\" class=\"yoast-schema-graph\">{\"@context\":\"https:\\\/\\\/schema.org\",\"@graph\":[{\"@type\":\"WebPage\",\"@id\":\"https:\\\/\\\/chirurgie-orthopedie-vannes.fr\\\/pharmacie\\\/supp\\\/plantillas-magnetic\\\/\",\"url\":\"https:\\\/\\\/chirurgie-orthopedie-vannes.fr\\\/pharmacie\\\/supp\\\/plantillas-magnetic\\\/\",\"name\":\"Plantillas Magnetic - Avis, Forum, Pharmacie, Prix, Effets | -50%\",\"isPartOf\":{\"@id\":\"https:\\\/\\\/chirurgie-orthopedie-vannes.fr\\\/pharmacie\\\/#website\"},\"primaryImageOfPage\":{\"@id\":\"https:\\\/\\\/chirurgie-orthopedie-vannes.fr\\\/pharmacie\\\/supp\\\/plantillas-magnetic\\\/#primaryimage\"},\"image\":{\"@id\":\"https:\\\/\\\/chirurgie-orthopedie-vannes.fr\\\/pharmacie\\\/supp\\\/plantillas-magnetic\\\/#primaryimage\"},\"thumbnailUrl\":\"https:\\\/\\\/chirurgie-orthopedie-vannes.fr\\\/pharmacie\\\/wp-content\\\/uploads\\\/2024\\\/10\\\/Plantillas-Magnetic.jpg\",\"datePublished\":\"2024-10-18T19:46:00+00:00\",\"dateModified\":\"2025-01-14T13:28:01+00:00\",\"breadcrumb\":{\"@id\":\"https:\\\/\\\/chirurgie-orthopedie-vannes.fr\\\/pharmacie\\\/supp\\\/plantillas-magnetic\\\/#breadcrumb\"},\"inLanguage\":\"fr-FR\",\"potentialAction\":[{\"@type\":\"ReadAction\",\"target\":[\"https:\\\/\\\/chirurgie-orthopedie-vannes.fr\\\/pharmacie\\\/supp\\\/plantillas-magnetic\\\/\"]}]},{\"@type\":\"ImageObject\",\"inLanguage\":\"fr-FR\",\"@id\":\"https:\\\/\\\/chirurgie-orthopedie-vannes.fr\\\/pharmacie\\\/supp\\\/plantillas-magnetic\\\/#primaryimage\",\"url\":\"https:\\\/\\\/chirurgie-orthopedie-vannes.fr\\\/pharmacie\\\/wp-content\\\/uploads\\\/2024\\\/10\\\/Plantillas-Magnetic.jpg\",\"contentUrl\":\"https:\\\/\\\/chirurgie-orthopedie-vannes.fr\\\/pharmacie\\\/wp-content\\\/uploads\\\/2024\\\/10\\\/Plantillas-Magnetic.jpg\",\"width\":768,\"height\":768},{\"@type\":\"BreadcrumbList\",\"@id\":\"https:\\\/\\\/chirurgie-orthopedie-vannes.fr\\\/pharmacie\\\/supp\\\/plantillas-magnetic\\\/#breadcrumb\",\"itemListElement\":[{\"@type\":\"ListItem\",\"position\":1,\"name\":\"Strona g\u0142\u00f3wna\",\"item\":\"https:\\\/\\\/chirurgie-orthopedie-vannes.fr\\\/pharmacie\\\/\"},{\"@type\":\"ListItem\",\"position\":2,\"name\":\"farmaci\",\"item\":\"https:\\\/\\\/chirurgie-orthopedie-vannes.fr\\\/pharmacie\\\/\"},{\"@type\":\"ListItem\",\"position\":3,\"name\":\"Plantillas Magnetic\"}]},{\"@type\":\"WebSite\",\"@id\":\"https:\\\/\\\/chirurgie-orthopedie-vannes.fr\\\/pharmacie\\\/#website\",\"url\":\"https:\\\/\\\/chirurgie-orthopedie-vannes.fr\\\/pharmacie\\\/\",\"name\":\"Chirurgie-Orthopedie-Vannes\",\"description\":\"\",\"potentialAction\":[{\"@type\":\"SearchAction\",\"target\":{\"@type\":\"EntryPoint\",\"urlTemplate\":\"https:\\\/\\\/chirurgie-orthopedie-vannes.fr\\\/pharmacie\\\/?s={search_term_string}\"},\"query-input\":{\"@type\":\"PropertyValueSpecification\",\"valueRequired\":true,\"valueName\":\"search_term_string\"}}],\"inLanguage\":\"fr-FR\"}]}<\/script>\n<!-- \/ Yoast SEO plugin. -->","yoast_head_json":{"title":"Plantillas Magnetic - Avis, Forum, Pharmacie, Prix, Effets | -50%","robots":{"index":"index","follow":"follow","max-snippet":"max-snippet:-1","max-image-preview":"max-image-preview:large","max-video-preview":"max-video-preview:-1"},"canonical":"https:\/\/chirurgie-orthopedie-vannes.fr\/pharmacie\/supp\/plantillas-magnetic\/","og_locale":"fr_FR","og_type":"article","og_title":"Plantillas Magnetic - Avis, Forum, Pharmacie, Prix, Effets | -50%","og_url":"https:\/\/chirurgie-orthopedie-vannes.fr\/pharmacie\/supp\/plantillas-magnetic\/","og_site_name":"Chirurgie-Orthopedie-Vannes","article_modified_time":"2025-01-14T13:28:01+00:00","og_image":[{"width":768,"height":768,"url":"https:\/\/chirurgie-orthopedie-vannes.fr\/pharmacie\/wp-content\/uploads\/2024\/10\/Plantillas-Magnetic.jpg","type":"image\/jpeg"}],"twitter_card":"summary_large_image","twitter_description":"[date_countdown]","twitter_misc":{"Dur\u00e9e de lecture estim\u00e9e":"1 minute"},"schema":{"@context":"https:\/\/schema.org","@graph":[{"@type":"WebPage","@id":"https:\/\/chirurgie-orthopedie-vannes.fr\/pharmacie\/supp\/plantillas-magnetic\/","url":"https:\/\/chirurgie-orthopedie-vannes.fr\/pharmacie\/supp\/plantillas-magnetic\/","name":"Plantillas Magnetic - Avis, Forum, Pharmacie, Prix, Effets | -50%","isPartOf":{"@id":"https:\/\/chirurgie-orthopedie-vannes.fr\/pharmacie\/#website"},"primaryImageOfPage":{"@id":"https:\/\/chirurgie-orthopedie-vannes.fr\/pharmacie\/supp\/plantillas-magnetic\/#primaryimage"},"image":{"@id":"https:\/\/chirurgie-orthopedie-vannes.fr\/pharmacie\/supp\/plantillas-magnetic\/#primaryimage"},"thumbnailUrl":"https:\/\/chirurgie-orthopedie-vannes.fr\/pharmacie\/wp-content\/uploads\/2024\/10\/Plantillas-Magnetic.jpg","datePublished":"2024-10-18T19:46:00+00:00","dateModified":"2025-01-14T13:28:01+00:00","breadcrumb":{"@id":"https:\/\/chirurgie-orthopedie-vannes.fr\/pharmacie\/supp\/plantillas-magnetic\/#breadcrumb"},"inLanguage":"fr-FR","potentialAction":[{"@type":"ReadAction","target":["https:\/\/chirurgie-orthopedie-vannes.fr\/pharmacie\/supp\/plantillas-magnetic\/"]}]},{"@type":"ImageObject","inLanguage":"fr-FR","@id":"https:\/\/chirurgie-orthopedie-vannes.fr\/pharmacie\/supp\/plantillas-magnetic\/#primaryimage","url":"https:\/\/chirurgie-orthopedie-vannes.fr\/pharmacie\/wp-content\/uploads\/2024\/10\/Plantillas-Magnetic.jpg","contentUrl":"https:\/\/chirurgie-orthopedie-vannes.fr\/pharmacie\/wp-content\/uploads\/2024\/10\/Plantillas-Magnetic.jpg","width":768,"height":768},{"@type":"BreadcrumbList","@id":"https:\/\/chirurgie-orthopedie-vannes.fr\/pharmacie\/supp\/plantillas-magnetic\/#breadcrumb","itemListElement":[{"@type":"ListItem","position":1,"name":"Strona g\u0142\u00f3wna","item":"https:\/\/chirurgie-orthopedie-vannes.fr\/pharmacie\/"},{"@type":"ListItem","position":2,"name":"farmaci","item":"https:\/\/chirurgie-orthopedie-vannes.fr\/pharmacie\/"},{"@type":"ListItem","position":3,"name":"Plantillas Magnetic"}]},{"@type":"WebSite","@id":"https:\/\/chirurgie-orthopedie-vannes.fr\/pharmacie\/#website","url":"https:\/\/chirurgie-orthopedie-vannes.fr\/pharmacie\/","name":"Chirurgie-Orthopedie-Vannes","description":"","potentialAction":[{"@type":"SearchAction","target":{"@type":"EntryPoint","urlTemplate":"https:\/\/chirurgie-orthopedie-vannes.fr\/pharmacie\/?s={search_term_string}"},"query-input":{"@type":"PropertyValueSpecification","valueRequired":true,"valueName":"search_term_string"}}],"inLanguage":"fr-FR"}]}},"_links":{"self":[{"href":"https:\/\/chirurgie-orthopedie-vannes.fr\/pharmacie\/wp-json\/wp\/v2\/product\/4452","targetHints":{"allow":["GET"]}}],"collection":[{"href":"https:\/\/chirurgie-orthopedie-vannes.fr\/pharmacie\/wp-json\/wp\/v2\/product"}],"about":[{"href":"https:\/\/chirurgie-orthopedie-vannes.fr\/pharmacie\/wp-json\/wp\/v2\/types\/product"}],"replies":[{"embeddable":true,"href":"https:\/\/chirurgie-orthopedie-vannes.fr\/pharmacie\/wp-json\/wp\/v2\/comments?post=4452"}],"wp:featuredmedia":[{"embeddable":true,"href":"https:\/\/chirurgie-orthopedie-vannes.fr\/pharmacie\/wp-json\/wp\/v2\/media\/3840"}],"wp:attachment":[{"href":"https:\/\/chirurgie-orthopedie-vannes.fr\/pharmacie\/wp-json\/wp\/v2\/media?parent=4452"}],"wp:term":[{"taxonomy":"product_brand","embeddable":true,"href":"https:\/\/chirurgie-orthopedie-vannes.fr\/pharmacie\/wp-json\/wp\/v2\/product_brand?post=4452"},{"taxonomy":"product_cat","embeddable":true,"href":"https:\/\/chirurgie-orthopedie-vannes.fr\/pharmacie\/wp-json\/wp\/v2\/product_cat?post=4452"},{"taxonomy":"product_tag","embeddable":true,"href":"https:\/\/chirurgie-orthopedie-vannes.fr\/pharmacie\/wp-json\/wp\/v2\/product_tag?post=4452"}],"curies":[{"name":"wp","href":"https:\/\/api.w.org\/{rel}","templated":true}]}}