{"id":4453,"date":"2024-10-18T19:46:00","date_gmt":"2024-10-18T19:46:00","guid":{"rendered":"https:\/\/chirurgie-orthopedie-vannes.fr\/pharmacie\/?post_type=product&#038;p=4453"},"modified":"2025-01-14T13:28:01","modified_gmt":"2025-01-14T13:28:01","slug":"promagnesol","status":"publish","type":"product","link":"https:\/\/chirurgie-orthopedie-vannes.fr\/pharmacie\/supp\/promagnesol\/","title":{"rendered":"Promagnesol"},"content":{"rendered":"\n<h2 class=\"wp-block-heading\">Qu&rsquo;est-ce que Promagnesol et comment fonctionne-t-il ?<\/h2>\n\n\n\n<p><b>Promagnesol<\/b> est un <em>compl\u00e9ment alimentaire<\/em> innovant qui utilise un champ magn\u00e9tique pour agir sur l&rsquo;organisme. Son \u00e9l\u00e9ment de base est constitu\u00e9 par des semelles magn\u00e9tiques, connues pour leurs propri\u00e9t\u00e9s antidouleur. La t\u00e2che principale du produit est de stimuler les terminaisons nerveuses des pieds. La <em>circulation sanguine<\/em> et la microcirculation s&rsquo;en trouvent am\u00e9lior\u00e9es, ce qui entra\u00eene une r\u00e9duction des douleurs musculaires et rhumatismales. Les utilisateurs remarquent souvent des <b>effets<\/b> positifs dans les 20 \u00e0 60 minutes qui suivent le port des semelles.<\/p>\n\n\n\n<p><b>Les effets de<\/b> <b>Promagnesol<\/b> sont influenc\u00e9s par le <em>magn\u00e9sium<\/em>, qui joue un r\u00f4le cl\u00e9 dans le fonctionnement des muscles et du syst\u00e8me nerveux. L&rsquo;utilisation r\u00e9guli\u00e8re de ce compl\u00e9ment alimentaire contribue \u00e0 l&rsquo;am\u00e9lioration du bien-\u00eatre g\u00e9n\u00e9ral et peut r\u00e9duire la sensation de fatigue. L&rsquo;utilisation d&rsquo;inserts magn\u00e9tiques peut \u00eatre une m\u00e9thode efficace pour soutenir le corps dans son fonctionnement quotidien et r\u00e9duire les sympt\u00f4mes li\u00e9s au stress chronique.<\/p>\n\n\n\n<figure class=\"wp-block-table\"><table class=\"has-fixed-layout\"><tbody><tr><th>Effets<\/th><th>Temps de perception de l&rsquo;effet<\/th><th>\u00c9l\u00e9ments actifs<\/th><\/tr><tr><td>R\u00e9duction des douleurs musculaires<\/td><td>20 \u00e0 60 minutes<\/td><td><b>Magn\u00e9sium<\/b><\/td><\/tr><tr><td>Am\u00e9lioration de la circulation<\/td><td>20-60 minutes<\/td><td>Semelles magn\u00e9tiques<\/td><\/tr><tr><td>R\u00e9duction du stress<\/td><td><b>Application<\/b> quotidienne<\/td><td><b>Magn\u00e9sium<\/b><\/td><\/tr><\/tbody><\/table><\/figure>\n\n\n\n<h2 class=\"wp-block-heading\">Promagnesol &#8211; effets d&rsquo;utilisation<\/h2>\n\n\n\n<p>Les semelles Promagnesol, gr\u00e2ce \u00e0 la g\u00e9n\u00e9ration d&rsquo;un champ magn\u00e9tique de 950 GS \u00e0 1500 GS, ont de nombreux <em>effets<\/em> sur les utilisateurs. Dans les \u00e9tudes cliniques, jusqu&rsquo;\u00e0 90% des participants ont constat\u00e9 une am\u00e9lioration significative de leur bien-\u00eatre apr\u00e8s 30 jours d&rsquo;utilisation. L <em>&lsquo;effet des<\/em> semelles se manifeste rapidement, souvent d\u00e8s 20 \u00e0 60 minutes apr\u00e8s l&rsquo;insertion. De nombreuses personnes sont soulag\u00e9es de douleurs chroniques, ce qui se traduit par un plus grand confort dans la vie quotidienne.<\/p>\n\n\n\n<p>Les<b>effets des<\/b> semelles Promagnesol sont les suivants<\/p>\n\n\n\n<ul class=\"wp-block-list\">\n<li>R\u00e9duction des douleurs articulaires et dorsales, comme en t\u00e9moignent les chirurgiens orthop\u00e9diques qui recommandent ce <b>compl\u00e9ment<\/b> pour la gestion de la douleur.<\/li>\n\n\n\n<li>Am\u00e9lioration de la mobilit\u00e9 et r\u00e9cup\u00e9ration des sensations dans les membres.<\/li>\n\n\n\n<li>R\u00e9duction des gonflements et des raideurs articulaires.<\/li>\n\n\n\n<li>R\u00e9duction des migraines et des rhumatismes jusqu&rsquo;\u00e0 80 %.<\/li>\n<\/ul>\n\n\n\n<p>Les semelles Promagnesol sont un produit qui utilise le massage traditionnel n\u00e9palais satu des pieds. L&rsquo;<b>utilisation<\/b> r\u00e9guli\u00e8re <b>de<\/b> ce compl\u00e9ment contribue \u00e0 des <em>effets<\/em> durables tels que la r\u00e9duction de la douleur et l&rsquo;am\u00e9lioration de la posture. Les clients notent que l&rsquo;effet des semelles ne se limite pas \u00e0 r\u00e9duire la douleur, mais qu&rsquo;il agit \u00e9galement sur la cause du mal.<\/p>\n\n\n\n<p>Les utilisateurs de Promagnesol soulignent que l&rsquo;<em>effet<\/em> est s\u00fbr et sans effets secondaires. Cela fait de ce produit une alternative int\u00e9ressante aux m\u00e9thodes traditionnelles de soulagement de la douleur. L&rsquo;utilisation r\u00e9guli\u00e8re des semelles Promagnesol contribue \u00e0 une am\u00e9lioration significative de la qualit\u00e9 de vie et de la sant\u00e9 musculo-squelettique.<\/p>\n\n\n\n<h2 class=\"wp-block-heading\">Comment utiliser Promagnesol ? &#8211; Dosage<\/h2>\n\n\n\n<p>Pour obtenir les meilleurs <b>r\u00e9sultats<\/b>, l&rsquo;<em>utilisation du<\/em> compl\u00e9ment Promagnesol doit respecter la <em>posologie<\/em> recommand\u00e9e. La dur\u00e9e d&rsquo;utilisation recommand\u00e9e est d&rsquo;environ 4 mois et la dose standard est de deux comprim\u00e9s par jour. Le premier comprim\u00e9 doit \u00eatre pris environ une demi-heure avant le petit-d\u00e9jeuner et le second environ 30 minutes avant le d\u00e9jeuner.<\/p>\n\n\n\n<p>La prise de Promagnesol favorise la <b>sant\u00e9 musculaire<\/b> et le syst\u00e8me nerveux, ce qui contribue \u00e0 une am\u00e9lioration g\u00e9n\u00e9rale du bien-\u00eatre. Il est important d&rsquo;adapter <em>le dosage<\/em> en fonction des besoins de l&rsquo;organisme et de la r\u00e9action au <b>compl\u00e9ment<\/b>.<\/p>\n\n\n\n<ul class=\"wp-block-list\">\n<li>Dur\u00e9e d&rsquo;utilisation recommand\u00e9e : environ 4 mois<\/li>\n\n\n\n<li>Premier comprim\u00e9 : une demi-heure avant le petit-d\u00e9jeuner<\/li>\n\n\n\n<li>Deuxi\u00e8me comprim\u00e9 : 30 minutes avant le d\u00e9jeuner<\/li>\n<\/ul>\n\n\n\n<p>Gr\u00e2ce \u00e0 des ingr\u00e9dients naturels tels que l&rsquo;extrait de vigne et la vitamine E, Promagnesol a un effet de soutien sur l&rsquo;organisme. Une <em>utilisation<\/em> r\u00e9guli\u00e8re peut avoir des effets b\u00e9n\u00e9fiques visibles sur la sant\u00e9 et am\u00e9liorer l&rsquo;\u00e9tat de sant\u00e9 g\u00e9n\u00e9ral, ce qui en fait un compl\u00e9ment alimentaire pr\u00e9cieux. N&rsquo;oubliez pas de prendre Promagnesol conform\u00e9ment aux instructions et de surveiller attentivement les r\u00e9actions de votre corps.<\/p>\n\n\n\n<h2 class=\"wp-block-heading\">Promagnesol &#8211; Avis d&rsquo;utilisateurs, forum &#8211; Que disent les utilisateurs ?<\/h2>\n\n\n\n<p>Les utilisateurs des semelles Promagnesol partagent leurs exp\u00e9riences dans divers forums en ligne, ce qui attire l&rsquo;attention des nouveaux clients. La grande majorit\u00e9 des avis sont positifs et confirment l&rsquo;efficacit\u00e9 du produit.<\/p>\n\n\n\n<blockquote class=\"wp-block-quote is-layout-flow wp-block-quote-is-layout-flow\">\n<p><em>Robert, 45 ans, a d\u00e9clar\u00e9<\/em> \u00ab\u00a0Apr\u00e8s deux semaines de port des semelles Promagnesol, j&rsquo;ai constat\u00e9 une am\u00e9lioration significative. Les douleurs dorsales qui me g\u00eanaient depuis des ann\u00e9es ont diminu\u00e9. Je vais maintenant moins souvent chez le kin\u00e9sith\u00e9rapeute. Les semelles sont confortables et fonctionnent vraiment !<\/p>\n<\/blockquote>\n\n\n\n<blockquote class=\"wp-block-quote is-layout-flow wp-block-quote-is-layout-flow\">\n<p><em>Catherine, 38 ans :<\/em> \u00ab\u00a0Lorsque j&rsquo;ai commenc\u00e9 \u00e0 porter Promagnesol, je ne m&rsquo;attendais pas \u00e0 de grands changements. Au bout de deux mois, mes douleurs d&rsquo;hallux valgus ont disparu et je me sens beaucoup mieux. Gr\u00e2ce \u00e0 ce produit, j&rsquo;ai retrouv\u00e9 un confort de marche. Je le recommande \u00e0 tous ceux qui sont confront\u00e9s \u00e0 des probl\u00e8mes similaires !<\/p>\n<\/blockquote>\n\n\n\n<blockquote class=\"wp-block-quote is-layout-flow wp-block-quote-is-layout-flow\">\n<p><em>Anna, 51 ans :<\/em> \u00ab\u00a0Je ne pensais pas que les orth\u00e8ses pouvaient faire autant. J&rsquo;ai des probl\u00e8mes de sensibilit\u00e9 de la vessie. L&rsquo;utilisation de Promagnesol s&rsquo;est av\u00e9r\u00e9e \u00eatre une b\u00e9n\u00e9diction. Non seulement je me sens mieux, mais j&rsquo;ai remarqu\u00e9 une r\u00e9duction de la fr\u00e9quence des visites aux toilettes. Cela m&rsquo;aide vraiment !<\/p>\n<\/blockquote>\n\n\n\n<p><b>Les r\u00e9actions<\/b> sur le <b>forum<\/b> confirment que les comprim\u00e9s de Promagnesol sont entr\u00e9s dans la vie de nombreuses personnes qui luttent contre la douleur chronique. Il convient de noter que le produit ne peut \u00eatre achet\u00e9 que sur le site officiel du fabricant, ce qui est un gage de s\u00e9curit\u00e9 et de qualit\u00e9.<\/p>\n\n\n\n<h2 class=\"wp-block-heading\">Promagnesol &#8211; Composition &#8211; Que contient-il ?<\/h2>\n\n\n\n<p>Promagnesol est un <b>compl\u00e9ment alimentaire<\/b> dont la <em>composition<\/em> a \u00e9t\u00e9 soigneusement s\u00e9lectionn\u00e9e pour soutenir la <b>sant\u00e9 musculaire<\/b> et le fonctionnement du syst\u00e8me nerveux. Le produit est bas\u00e9 sur des solutions technologiques innovantes et des ingr\u00e9dients naturels qui soutiennent l&rsquo;organisme dans son fonctionnement quotidien.<\/p>\n\n\n\n<p>Promagnesol est <b>compos\u00e9<\/b> de mat\u00e9riaux de haute qualit\u00e9, dont des aimants allant de 950 GS \u00e0 1500 GS. Ces aimants stimulent les terminaisons nerveuses, ce qui contribue \u00e0 am\u00e9liorer la circulation et le bien-\u00eatre g\u00e9n\u00e9ral. Cet <b>effet<\/b> est particuli\u00e8rement b\u00e9n\u00e9fique pour les personnes dont le syst\u00e8me musculaire est sollicit\u00e9.<\/p>\n\n\n\n<p>Les principaux ingr\u00e9dients sont les suivants<\/p>\n\n\n\n<ul class=\"wp-block-list\">\n<li>Le magn\u00e9sium &#8211; un min\u00e9ral cl\u00e9 qui joue un r\u00f4le important dans la fonction musculaire et nerveuse.<\/li>\n\n\n\n<li>Vitamines B &#8211; soutiennent le m\u00e9tabolisme \u00e9nerg\u00e9tique et contribuent \u00e0 r\u00e9duire la sensation de fatigue.<\/li>\n\n\n\n<li>Des extraits naturels de plantes &#8211; qui soulagent la tension et le stress et favorisent la relaxation.<\/li>\n<\/ul>\n\n\n\n<p><b>La composition de<\/b> Promagnesol rend le <em>compl\u00e9ment alimentaire<\/em> propos\u00e9 pratique \u00e0 utiliser. Sa taille universelle permet de l&rsquo;adapter facilement aux besoins individuels de chaque utilisateur, ce qui augmente le confort d&rsquo;utilisation. L&rsquo;utilisation r\u00e9guli\u00e8re de Promagnesol favorise la sant\u00e9 et contribue au bien-\u00eatre des utilisateurs.<\/p>\n\n\n\n<h2 class=\"wp-block-heading\">O\u00f9 acheter Promagnesol &#8211; prix<\/h2>\n\n\n\n<p>Promagnesol est disponible exclusivement sur <em>le site officiel du fabricant<\/em>. L&rsquo;achat direct aupr\u00e8s du <em>fabricant officiel<\/em> garantit l&rsquo;originalit\u00e9 du produit et des conditions de livraison int\u00e9ressantes. Il convient de noter que ce produit n&rsquo;est pas disponible dans les pharmacies stationnaires, ce qui limite les endroits o\u00f9 il peut \u00eatre achet\u00e9.<\/p>\n\n\n\n<p><b>Le prix de<\/b> Promagnesol peut varier en fonction des promotions et offres en cours sur le site. Il est donc conseill\u00e9 de suivre r\u00e9guli\u00e8rement <em>le site officiel du fabricant<\/em> pour b\u00e9n\u00e9ficier des conditions d&rsquo;achat les plus favorables. De nombreuses personnes sont attentives aux offres attractives qui apparaissent de temps \u00e0 autre.<\/p>\n\n\n\n<ul class=\"wp-block-list\">\n<li>Acheter directement aupr\u00e8s du fabricant est une garantie de qualit\u00e9.<\/li>\n\n\n\n<li>Les promotions peuvent avoir une incidence sur le prix, il vaut donc la peine de se tenir au courant.<\/li>\n\n\n\n<li>L&rsquo;absence de disponibilit\u00e9 dans les pharmacies stationnaires peut \u00eatre un avantage pour les consommateurs avertis.<\/li>\n<\/ul>\n\n\n\n<h2 class=\"wp-block-heading\">Promagnesol &#8211; Effets secondaires potentiels et contre-indications d&rsquo;utilisation<\/h2>\n\n\n\n<p>Bien que le promagn\u00e9sol soit consid\u00e9r\u00e9 comme un <b>compl\u00e9ment<\/b> s\u00fbr pour la plupart des gens, il est important de comprendre les effets secondaires potentiels et les contre-indications de son utilisation. Les utilisateurs peuvent ressentir un l\u00e9ger inconfort au cours des premiers jours d&rsquo;utilisation, mais ces sympt\u00f4mes disparaissent g\u00e9n\u00e9ralement \u00e0 mesure que le corps s&rsquo;adapte au suppl\u00e9ment. Une l\u00e9g\u00e8re faiblesse peut survenir, mais elle n&rsquo;est pas fr\u00e9quente.<\/p>\n\n\n\n<p>Il existe toutefois certaines <b>contre-indications<\/b> \u00e0 l&rsquo;utilisation du Promagnesol. Les femmes enceintes et celles qui allaitent doivent \u00e9viter de prendre ce compl\u00e9ment. En outre, les personnes porteuses d&rsquo;un stimulateur cardiaque ou d&rsquo;un appareil auditif doivent consulter un m\u00e9decin avant de commencer le traitement. Il est important de toujours consulter votre m\u00e9decin avant de commencer, surtout si vous avez d\u00e9j\u00e0 des probl\u00e8mes de sant\u00e9.<\/p>\n\n\n\n<p>En conclusion, bien que le Promagnesol pr\u00e9sente de nombreux avantages pour la sant\u00e9, il est essentiel d&rsquo;\u00eatre conscient des effets secondaires possibles et de suivre le mode d&#8217;emploi recommand\u00e9. La s\u00e9curit\u00e9 du suppl\u00e9ment doit \u00eatre une priorit\u00e9 et toute pr\u00e9occupation doit \u00eatre discut\u00e9e avec un professionnel.<\/p>\n","protected":false},"excerpt":{"rendered":"<p><strong>[date_countdown]<\/strong><\/p>\n<p><img decoding=\"async\" class=\"alignnone  wp-image-8427\" src=\"https:\/\/chirurgie-orthopedie-vannes.fr\/pharmacie\/wp-content\/uploads\/2024\/10\/SAFE-PAY-300x88-1.png\" alt=\"SAFE-PAY-300x88\" width=\"164\" height=\"48\" \/><\/p>\n","protected":false},"featured_media":3841,"comment_status":"open","ping_status":"closed","template":"","meta":{"neve_meta_sidebar":"","neve_meta_container":"","neve_meta_enable_content_width":"","neve_meta_content_width":0,"neve_meta_title_alignment":"","neve_meta_author_avatar":"","neve_post_elements_order":"","neve_meta_disable_header":"","neve_meta_disable_footer":"","neve_meta_disable_title":"","neve_meta_reading_time":""},"product_brand":[],"product_cat":[18],"product_tag":[],"class_list":{"0":"post-4453","1":"product","2":"type-product","3":"status-publish","4":"has-post-thumbnail","6":"product_cat-sante","8":"first","9":"instock","10":"sale","11":"shipping-taxable","12":"product-type-external"},"yoast_head":"<!-- This site is optimized with the Yoast SEO plugin v27.4 - https:\/\/yoast.com\/product\/yoast-seo-wordpress\/ -->\n<title>Promagnesol - Avis, Forum, Pharmacie, Prix, Effets | -50%<\/title>\n<meta name=\"robots\" content=\"index, follow, max-snippet:-1, max-image-preview:large, max-video-preview:-1\" \/>\n<link rel=\"canonical\" href=\"https:\/\/chirurgie-orthopedie-vannes.fr\/pharmacie\/supp\/promagnesol\/\" \/>\n<meta property=\"og:locale\" content=\"fr_FR\" \/>\n<meta property=\"og:type\" content=\"article\" \/>\n<meta property=\"og:title\" content=\"Promagnesol - Avis, Forum, Pharmacie, Prix, Effets | -50%\" \/>\n<meta property=\"og:url\" content=\"https:\/\/chirurgie-orthopedie-vannes.fr\/pharmacie\/supp\/promagnesol\/\" \/>\n<meta property=\"og:site_name\" content=\"Chirurgie-Orthopedie-Vannes\" \/>\n<meta property=\"article:modified_time\" content=\"2025-01-14T13:28:01+00:00\" \/>\n<meta property=\"og:image\" content=\"https:\/\/chirurgie-orthopedie-vannes.fr\/pharmacie\/wp-content\/uploads\/2024\/10\/Promagnesol.jpg\" \/>\n\t<meta property=\"og:image:width\" content=\"768\" \/>\n\t<meta property=\"og:image:height\" content=\"768\" \/>\n\t<meta property=\"og:image:type\" content=\"image\/jpeg\" \/>\n<meta name=\"twitter:card\" content=\"summary_large_image\" \/>\n<meta name=\"twitter:description\" content=\"[date_countdown]\" \/>\n<meta name=\"twitter:label1\" content=\"Dur\u00e9e de lecture estim\u00e9e\" \/>\n\t<meta name=\"twitter:data1\" content=\"7 minutes\" \/>\n<script type=\"application\/ld+json\" class=\"yoast-schema-graph\">{\"@context\":\"https:\\\/\\\/schema.org\",\"@graph\":[{\"@type\":\"WebPage\",\"@id\":\"https:\\\/\\\/chirurgie-orthopedie-vannes.fr\\\/pharmacie\\\/supp\\\/promagnesol\\\/\",\"url\":\"https:\\\/\\\/chirurgie-orthopedie-vannes.fr\\\/pharmacie\\\/supp\\\/promagnesol\\\/\",\"name\":\"Promagnesol - Avis, Forum, Pharmacie, Prix, Effets | -50%\",\"isPartOf\":{\"@id\":\"https:\\\/\\\/chirurgie-orthopedie-vannes.fr\\\/pharmacie\\\/#website\"},\"primaryImageOfPage\":{\"@id\":\"https:\\\/\\\/chirurgie-orthopedie-vannes.fr\\\/pharmacie\\\/supp\\\/promagnesol\\\/#primaryimage\"},\"image\":{\"@id\":\"https:\\\/\\\/chirurgie-orthopedie-vannes.fr\\\/pharmacie\\\/supp\\\/promagnesol\\\/#primaryimage\"},\"thumbnailUrl\":\"https:\\\/\\\/chirurgie-orthopedie-vannes.fr\\\/pharmacie\\\/wp-content\\\/uploads\\\/2024\\\/10\\\/Promagnesol.jpg\",\"datePublished\":\"2024-10-18T19:46:00+00:00\",\"dateModified\":\"2025-01-14T13:28:01+00:00\",\"breadcrumb\":{\"@id\":\"https:\\\/\\\/chirurgie-orthopedie-vannes.fr\\\/pharmacie\\\/supp\\\/promagnesol\\\/#breadcrumb\"},\"inLanguage\":\"fr-FR\",\"potentialAction\":[{\"@type\":\"ReadAction\",\"target\":[\"https:\\\/\\\/chirurgie-orthopedie-vannes.fr\\\/pharmacie\\\/supp\\\/promagnesol\\\/\"]}]},{\"@type\":\"ImageObject\",\"inLanguage\":\"fr-FR\",\"@id\":\"https:\\\/\\\/chirurgie-orthopedie-vannes.fr\\\/pharmacie\\\/supp\\\/promagnesol\\\/#primaryimage\",\"url\":\"https:\\\/\\\/chirurgie-orthopedie-vannes.fr\\\/pharmacie\\\/wp-content\\\/uploads\\\/2024\\\/10\\\/Promagnesol.jpg\",\"contentUrl\":\"https:\\\/\\\/chirurgie-orthopedie-vannes.fr\\\/pharmacie\\\/wp-content\\\/uploads\\\/2024\\\/10\\\/Promagnesol.jpg\",\"width\":768,\"height\":768},{\"@type\":\"BreadcrumbList\",\"@id\":\"https:\\\/\\\/chirurgie-orthopedie-vannes.fr\\\/pharmacie\\\/supp\\\/promagnesol\\\/#breadcrumb\",\"itemListElement\":[{\"@type\":\"ListItem\",\"position\":1,\"name\":\"Strona g\u0142\u00f3wna\",\"item\":\"https:\\\/\\\/chirurgie-orthopedie-vannes.fr\\\/pharmacie\\\/\"},{\"@type\":\"ListItem\",\"position\":2,\"name\":\"farmaci\",\"item\":\"https:\\\/\\\/chirurgie-orthopedie-vannes.fr\\\/pharmacie\\\/\"},{\"@type\":\"ListItem\",\"position\":3,\"name\":\"Promagnesol\"}]},{\"@type\":\"WebSite\",\"@id\":\"https:\\\/\\\/chirurgie-orthopedie-vannes.fr\\\/pharmacie\\\/#website\",\"url\":\"https:\\\/\\\/chirurgie-orthopedie-vannes.fr\\\/pharmacie\\\/\",\"name\":\"Chirurgie-Orthopedie-Vannes\",\"description\":\"\",\"potentialAction\":[{\"@type\":\"SearchAction\",\"target\":{\"@type\":\"EntryPoint\",\"urlTemplate\":\"https:\\\/\\\/chirurgie-orthopedie-vannes.fr\\\/pharmacie\\\/?s={search_term_string}\"},\"query-input\":{\"@type\":\"PropertyValueSpecification\",\"valueRequired\":true,\"valueName\":\"search_term_string\"}}],\"inLanguage\":\"fr-FR\"}]}<\/script>\n<!-- \/ Yoast SEO plugin. -->","yoast_head_json":{"title":"Promagnesol - Avis, Forum, Pharmacie, Prix, Effets | -50%","robots":{"index":"index","follow":"follow","max-snippet":"max-snippet:-1","max-image-preview":"max-image-preview:large","max-video-preview":"max-video-preview:-1"},"canonical":"https:\/\/chirurgie-orthopedie-vannes.fr\/pharmacie\/supp\/promagnesol\/","og_locale":"fr_FR","og_type":"article","og_title":"Promagnesol - Avis, Forum, Pharmacie, Prix, Effets | -50%","og_url":"https:\/\/chirurgie-orthopedie-vannes.fr\/pharmacie\/supp\/promagnesol\/","og_site_name":"Chirurgie-Orthopedie-Vannes","article_modified_time":"2025-01-14T13:28:01+00:00","og_image":[{"width":768,"height":768,"url":"https:\/\/chirurgie-orthopedie-vannes.fr\/pharmacie\/wp-content\/uploads\/2024\/10\/Promagnesol.jpg","type":"image\/jpeg"}],"twitter_card":"summary_large_image","twitter_description":"[date_countdown]","twitter_misc":{"Dur\u00e9e de lecture estim\u00e9e":"7 minutes"},"schema":{"@context":"https:\/\/schema.org","@graph":[{"@type":"WebPage","@id":"https:\/\/chirurgie-orthopedie-vannes.fr\/pharmacie\/supp\/promagnesol\/","url":"https:\/\/chirurgie-orthopedie-vannes.fr\/pharmacie\/supp\/promagnesol\/","name":"Promagnesol - Avis, Forum, Pharmacie, Prix, Effets | -50%","isPartOf":{"@id":"https:\/\/chirurgie-orthopedie-vannes.fr\/pharmacie\/#website"},"primaryImageOfPage":{"@id":"https:\/\/chirurgie-orthopedie-vannes.fr\/pharmacie\/supp\/promagnesol\/#primaryimage"},"image":{"@id":"https:\/\/chirurgie-orthopedie-vannes.fr\/pharmacie\/supp\/promagnesol\/#primaryimage"},"thumbnailUrl":"https:\/\/chirurgie-orthopedie-vannes.fr\/pharmacie\/wp-content\/uploads\/2024\/10\/Promagnesol.jpg","datePublished":"2024-10-18T19:46:00+00:00","dateModified":"2025-01-14T13:28:01+00:00","breadcrumb":{"@id":"https:\/\/chirurgie-orthopedie-vannes.fr\/pharmacie\/supp\/promagnesol\/#breadcrumb"},"inLanguage":"fr-FR","potentialAction":[{"@type":"ReadAction","target":["https:\/\/chirurgie-orthopedie-vannes.fr\/pharmacie\/supp\/promagnesol\/"]}]},{"@type":"ImageObject","inLanguage":"fr-FR","@id":"https:\/\/chirurgie-orthopedie-vannes.fr\/pharmacie\/supp\/promagnesol\/#primaryimage","url":"https:\/\/chirurgie-orthopedie-vannes.fr\/pharmacie\/wp-content\/uploads\/2024\/10\/Promagnesol.jpg","contentUrl":"https:\/\/chirurgie-orthopedie-vannes.fr\/pharmacie\/wp-content\/uploads\/2024\/10\/Promagnesol.jpg","width":768,"height":768},{"@type":"BreadcrumbList","@id":"https:\/\/chirurgie-orthopedie-vannes.fr\/pharmacie\/supp\/promagnesol\/#breadcrumb","itemListElement":[{"@type":"ListItem","position":1,"name":"Strona g\u0142\u00f3wna","item":"https:\/\/chirurgie-orthopedie-vannes.fr\/pharmacie\/"},{"@type":"ListItem","position":2,"name":"farmaci","item":"https:\/\/chirurgie-orthopedie-vannes.fr\/pharmacie\/"},{"@type":"ListItem","position":3,"name":"Promagnesol"}]},{"@type":"WebSite","@id":"https:\/\/chirurgie-orthopedie-vannes.fr\/pharmacie\/#website","url":"https:\/\/chirurgie-orthopedie-vannes.fr\/pharmacie\/","name":"Chirurgie-Orthopedie-Vannes","description":"","potentialAction":[{"@type":"SearchAction","target":{"@type":"EntryPoint","urlTemplate":"https:\/\/chirurgie-orthopedie-vannes.fr\/pharmacie\/?s={search_term_string}"},"query-input":{"@type":"PropertyValueSpecification","valueRequired":true,"valueName":"search_term_string"}}],"inLanguage":"fr-FR"}]}},"_links":{"self":[{"href":"https:\/\/chirurgie-orthopedie-vannes.fr\/pharmacie\/wp-json\/wp\/v2\/product\/4453","targetHints":{"allow":["GET"]}}],"collection":[{"href":"https:\/\/chirurgie-orthopedie-vannes.fr\/pharmacie\/wp-json\/wp\/v2\/product"}],"about":[{"href":"https:\/\/chirurgie-orthopedie-vannes.fr\/pharmacie\/wp-json\/wp\/v2\/types\/product"}],"replies":[{"embeddable":true,"href":"https:\/\/chirurgie-orthopedie-vannes.fr\/pharmacie\/wp-json\/wp\/v2\/comments?post=4453"}],"wp:featuredmedia":[{"embeddable":true,"href":"https:\/\/chirurgie-orthopedie-vannes.fr\/pharmacie\/wp-json\/wp\/v2\/media\/3841"}],"wp:attachment":[{"href":"https:\/\/chirurgie-orthopedie-vannes.fr\/pharmacie\/wp-json\/wp\/v2\/media?parent=4453"}],"wp:term":[{"taxonomy":"product_brand","embeddable":true,"href":"https:\/\/chirurgie-orthopedie-vannes.fr\/pharmacie\/wp-json\/wp\/v2\/product_brand?post=4453"},{"taxonomy":"product_cat","embeddable":true,"href":"https:\/\/chirurgie-orthopedie-vannes.fr\/pharmacie\/wp-json\/wp\/v2\/product_cat?post=4453"},{"taxonomy":"product_tag","embeddable":true,"href":"https:\/\/chirurgie-orthopedie-vannes.fr\/pharmacie\/wp-json\/wp\/v2\/product_tag?post=4453"}],"curies":[{"name":"wp","href":"https:\/\/api.w.org\/{rel}","templated":true}]}}