{"id":4454,"date":"2024-10-18T19:46:01","date_gmt":"2024-10-18T19:46:01","guid":{"rendered":"https:\/\/chirurgie-orthopedie-vannes.fr\/pharmacie\/?post_type=product&#038;p=4454"},"modified":"2025-01-14T13:28:01","modified_gmt":"2025-01-14T13:28:01","slug":"pure-health-booster","status":"publish","type":"product","link":"https:\/\/chirurgie-orthopedie-vannes.fr\/pharmacie\/supp\/pure-health-booster\/","title":{"rendered":"Pure Health Booster"},"content":{"rendered":"\n<h2 class=\"wp-block-heading\">Qu&rsquo;est-ce que Pure Health Booster et comment fonctionne-t-il ?<\/h2>\n\n\n\n<p><b>Pure Health Booster<\/b> est un <em>compl\u00e9ment de sant\u00e9<\/em> innovant sous forme de patch transdermique, destin\u00e9 principalement aux personnes de plus de 45 ans et \u00e0 celles qui pratiquent une activit\u00e9 physique. Avec des ingr\u00e9dients tels que le MSM, la chondro\u00eftine, le curcuma, l&rsquo;\u00e9glantier, l&rsquo;\u00e9corce de saule blanc et la glucosamine, l&rsquo;<b>action de Pure Health Booster<\/b> se concentre sur l&rsquo;am\u00e9lioration de la sant\u00e9 des articulations et la r\u00e9duction de la douleur et de l&rsquo;enflure.<\/p>\n\n\n\n<p>Les patchs restent sur la peau pendant 24 heures, au cours desquelles ils apportent un soutien intensif \u00e0 l&rsquo;organisme. Leur processus d&rsquo;action peut \u00eatre divis\u00e9 en trois \u00e9tapes : r\u00e9duction initiale de l&rsquo;inflammation, soulagement de base de la douleur et stabilisation, ce qui permet d&rsquo;obtenir <b>des b\u00e9n\u00e9fices<\/b> \u00e0 long terme m\u00eame apr\u00e8s le retrait du patch. Les <b>propri\u00e9t\u00e9s<\/b> naturelles <b>des<\/b> ingr\u00e9dients actifs favorisent la r\u00e9g\u00e9n\u00e9ration cellulaire, ce qui soulage les douleurs articulaires et musculaires.<\/p>\n\n\n\n<p><b>Pure Health Booster<\/b> sera id\u00e9al dans l&rsquo;alimentation quotidienne des personnes qui souffrent de probl\u00e8mes articulaires ou qui exercent des m\u00e9tiers impliquant des efforts physiques intenses. Non seulement les produits sont pratiques \u00e0 utiliser, mais ils sont \u00e9galement efficaces, les <b>commentaires des<\/b> utilisateurs soulignant des am\u00e9liorations significatives de la mobilit\u00e9 et du bien-\u00eatre g\u00e9n\u00e9ral apr\u00e8s l&rsquo;utilisation du patch.<\/p>\n\n\n\n<h2 class=\"wp-block-heading\">Pure Health Booster &#8211; effets de l&rsquo;utilisation<\/h2>\n\n\n\n<p>L&rsquo;utilisation de Pure Health Booster peut apporter de nombreux <b>avantages<\/b> \u00e0 l&rsquo;organisme. L&rsquo;utilisation r\u00e9guli\u00e8re du compl\u00e9ment entra\u00eene une augmentation de l&rsquo;\u00e9nergie, une am\u00e9lioration de la concentration et de la vitalit\u00e9 g\u00e9n\u00e9rale. Les utilisateurs remarquent souvent une r\u00e9duction de la fatigue et une am\u00e9lioration de la qualit\u00e9 du sommeil. L&rsquo;<b>utilisation<\/b> \u00e0 long terme de cette formule soutient \u00e9galement le syst\u00e8me immunitaire, ce qui est crucial pendant les p\u00e9riodes de maladie.<\/p>\n\n\n\n<p><b>Les effets de Pure Health Booster<\/b> sont dus \u00e0 la synergie des ingr\u00e9dients actifs, qui agissent de mani\u00e8re holistique sur l&rsquo;organisme. Voici quelques-uns des effets les plus courants qui peuvent \u00eatre observ\u00e9s :<\/p>\n\n\n\n<ul class=\"wp-block-list\">\n<li><em>Augmentation de l&rsquo;\u00e9nergie<\/em> &#8211; Le compl\u00e9ment am\u00e9liore le bien-\u00eatre g\u00e9n\u00e9ral, ce qui se traduit par une plus grande activit\u00e9 physique.<\/li>\n\n\n\n<li><em>Am\u00e9lioration de la concentration<\/em> &#8211; Une utilisation r\u00e9guli\u00e8re favorise les capacit\u00e9s cognitives, ce qui peut \u00eatre particuli\u00e8rement b\u00e9n\u00e9fique pour le travail et les \u00e9tudes.<\/li>\n\n\n\n<li><em>R\u00e9duction de la fatigue<\/em> &#8211; Les utilisateurs d\u00e9clarent souvent se sentir moins fatigu\u00e9s, en particulier apr\u00e8s des journ\u00e9es intenses.<\/li>\n\n\n\n<li><em>Am\u00e9lioration de la qualit\u00e9 du sommeil<\/em> &#8211; Avec un sentiment de bien-\u00eatre accru, de nombreuses personnes font \u00e9tat d&rsquo;un meilleur sommeil, ce qui a un effet r\u00e9g\u00e9n\u00e9rateur sur l&rsquo;organisme.<\/li>\n\n\n\n<li><em>Soutien du syst\u00e8me immunitaire<\/em> &#8211; Une utilisation \u00e0 long terme peut aider \u00e0 maintenir la sant\u00e9 pendant les p\u00e9riodes o\u00f9 le risque d&rsquo;infection est plus \u00e9lev\u00e9.<\/li>\n<\/ul>\n\n\n\n<p>En r\u00e9sum\u00e9, <b>les effets de Pure Health Booster<\/b> sont notables et vari\u00e9s, ce qui fait de ce compl\u00e9ment une option int\u00e9ressante pour ceux qui cherchent \u00e0 pr\u00e9server leur sant\u00e9 et leur vitalit\u00e9.<\/p>\n\n\n\n<h2 class=\"wp-block-heading\">Comment utiliser correctement Pure Health Booster &#8211; Dosage<\/h2>\n\n\n\n<p>Le <b>dosage<\/b> correct <b>de Pure Health Booster<\/b> est essentiel pour obtenir des r\u00e9sultats optimaux. Il est recommand\u00e9 de prendre une capsule par jour, en buvant beaucoup d&rsquo;eau. L&rsquo;utilisation r\u00e9guli\u00e8re du compl\u00e9ment, de pr\u00e9f\u00e9rence \u00e0 heure fixe, facilite le d\u00e9veloppement d&rsquo;habitudes saines. Il est important de suivre les instructions du fabricant figurant dans la notice afin d&rsquo;\u00e9viter d&rsquo;\u00e9ventuels effets secondaires.<\/p>\n\n\n\n<p>Pour les personnes \u00e2g\u00e9es, qui sont souvent confront\u00e9es \u00e0 des carences en vitamines et en min\u00e9raux, le <em>dosage<\/em> correct <em>de Pure Health Booster<\/em> est encore plus important. Il convient de noter les recommandations relatives \u00e0 la dose journali\u00e8re de nutriments particuli\u00e8rement importants pour les personnes \u00e2g\u00e9es. Il s&rsquo;agit des vitamines B1 et B3, du magn\u00e9sium, du calcium, du zinc et du fer.<\/p>\n\n\n\n<figure class=\"wp-block-table\"><table class=\"has-fixed-layout\"><tbody><tr><th>Nutriment<\/th><th>Dosage recommand\u00e9 pour les personnes \u00e2g\u00e9es<\/th><\/tr><tr><td>Vitamine B1<\/td><td>1,1 \u00e0 1,3 mg<\/td><\/tr><tr><td>Vitamine B3<\/td><td>14-16 mg<\/td><\/tr><tr><td>Magn\u00e9sium<\/td><td>320-420 mg<\/td><\/tr><tr><td>Calcium<\/td><td>1200 mg<\/td><\/tr><tr><td>Zinc<\/td><td>8-11 mg<\/td><\/tr><tr><td>Fer<\/td><td>10 mg<\/td><\/tr><\/tbody><\/table><\/figure>\n\n\n\n<p>L&rsquo;utilisation de <em>Pure Health Booster<\/em> \u00e0 des doses appropri\u00e9es contribue \u00e0 soutenir l&rsquo;organisme, en particulier chez les personnes \u00e2g\u00e9es qui peuvent avoir des difficult\u00e9s \u00e0 absorber les nutriments. La strat\u00e9gie recommand\u00e9e consiste \u00e0 choisir les suppl\u00e9ments en fonction des besoins et des carences de chacun. Il est toujours conseill\u00e9 de consulter un m\u00e9decin ou un nutritionniste avant de commencer \u00e0 prendre des compl\u00e9ments.<\/p>\n\n\n\n<h2 class=\"wp-block-heading\">Pure Health Booster &#8211; Avis et critiques &#8211; Que disent les utilisateurs ?<\/h2>\n\n\n\n<p>Les utilisateurs de Pure Health Booster partagent leurs exp\u00e9riences sur diverses plateformes, telles que le <b>forum Pure Health Booster<\/b>. De nombreux <em>avis<\/em> positifs mettent l&rsquo;accent sur les avantages d&rsquo;une utilisation r\u00e9guli\u00e8re de ce compl\u00e9ment.<\/p>\n\n\n\n<blockquote class=\"wp-block-quote is-layout-flow wp-block-quote-is-layout-flow\">\n<p><strong>Dorothy :<\/strong> \u00ab\u00a0Apr\u00e8s deux semaines de prise de Pure Health Booster, j&rsquo;ai remarqu\u00e9 une am\u00e9lioration significative de mon \u00e9nergie et de mon humeur. Je suis \u00e9galement satisfaite de l&rsquo;effet sur mon sommeil. Au cours des deux mois pr\u00e9c\u00e9dents, j&rsquo;avais des probl\u00e8mes d&rsquo;insomnie et maintenant je dors beaucoup mieux. J&rsquo;ai l&rsquo;impression que ce compl\u00e9ment a chang\u00e9 ma vie pour le mieux<\/p>\n<\/blockquote>\n\n\n\n<blockquote class=\"wp-block-quote is-layout-flow wp-block-quote-is-layout-flow\">\n<p><strong>Christopher :<\/strong> \u00ab\u00a0J&rsquo;ai remarqu\u00e9 que mon immunit\u00e9 s&rsquo;est consid\u00e9rablement am\u00e9lior\u00e9e. Avant de commencer le traitement, j&rsquo;attrapais souvent des rhumes, alors que maintenant je suis moins souvent malade. Pure Health Booster est devenu un \u00e9l\u00e9ment essentiel de ma routine quotidienne. Je recommande vivement <b>Pure Health Booster<\/b> sur le <b>forum<\/b>!\u00a0\u00bb<\/p>\n<\/blockquote>\n\n\n\n<blockquote class=\"wp-block-quote is-layout-flow wp-block-quote-is-layout-flow\">\n<p><strong>Ania :<\/strong> \u00ab\u00a0Non seulement ma concentration s&rsquo;est am\u00e9lior\u00e9e, mais aussi ma productivit\u00e9. Je dois admettre que je suis plus concentr\u00e9e et plus productive, ce qui est confirm\u00e9 par mes performances au travail. Je me d\u00e9tends plus rapidement apr\u00e8s une longue journ\u00e9e, tout cela gr\u00e2ce \u00e0 Pure Health Booster\u00a0\u00bb<\/p>\n<\/blockquote>\n\n\n\n<p>Les utilisateurs du forum fournissent une vari\u00e9t\u00e9 d&rsquo;<em>avis<\/em> qui confirment l&rsquo;efficacit\u00e9 du compl\u00e9ment dans l&rsquo;am\u00e9lioration de la sant\u00e9 et de la vitalit\u00e9. L&rsquo;\u00e9valuation globale du produit par les consommateurs indique une grande satisfaction quant \u00e0 son utilisation, ce qui conduit beaucoup d&rsquo;entre eux \u00e0 le recommander \u00e0 d&rsquo;autres. Pure Health Booster se distingue comme un produit efficace, r\u00e9pondant aux besoins de sant\u00e9 d&rsquo;un large \u00e9ventail d&rsquo;utilisateurs.<\/p>\n\n\n\n<h2 class=\"wp-block-heading\">Composition de Pure Health Booster &#8211; Analyse des ingr\u00e9dients<\/h2>\n\n\n\n<p>Pure Health Booster contient un m\u00e9lange soigneusement s\u00e9lectionn\u00e9 d&rsquo;ingr\u00e9dients naturels con\u00e7us pour soutenir la sant\u00e9 et la vitalit\u00e9 g\u00e9n\u00e9rales. <b>Le<\/b> produit comprend \u00e0 la fois des vitamines et des min\u00e9raux, ainsi que des extraits de plantes, dont il y a beaucoup \u00e0 dire en termes d&rsquo;analyse des ingr\u00e9dients.<\/p>\n\n\n\n<p>Les ingr\u00e9dients les plus remarquables sont les suivants<\/p>\n\n\n\n<ul class=\"wp-block-list\">\n<li>L<em>&lsquo;hamam\u00e9lis<\/em> &#8211; connu pour ses <b>propri\u00e9t\u00e9s<\/b> anti-inflammatoires, b\u00e9n\u00e9fiques pour l&rsquo;organisme dans les situations difficiles.<\/li>\n\n\n\n<li><em>Le ginseng<\/em> &#8211; un adaptog\u00e8ne qui aide l&rsquo;organisme \u00e0 faire face au stress.<\/li>\n\n\n\n<li><em>Mangan\u00e8se<\/em> &#8211; un min\u00e9ral essentiel qui soutient de nombreux processus biochimiques dans l&rsquo;organisme.<\/li>\n<\/ul>\n\n\n\n<p>En outre, il existe un complexe de vitamines B, responsable d&rsquo;un m\u00e9tabolisme normal et d&rsquo;une grande importance pour la sant\u00e9 mentale.<\/p>\n\n\n\n<p><b>Les ingr\u00e9dients naturels<\/b> pr\u00e9sents dans Pure Health Booster sont conformes \u00e0 la recherche scientifique moderne, qui confirme l&rsquo;efficacit\u00e9 de ce compl\u00e9ment. <b>L&rsquo;analyse des ingr\u00e9dients<\/b> permet de mieux comprendre comment chaque \u00e9l\u00e9ment agit ensemble pour soutenir la <b>sant\u00e9 de<\/b> mani\u00e8re holistique.<\/p>\n\n\n\n<h2 class=\"wp-block-heading\">Prix de Pure Health Booster &#8211; O\u00f9 acheter ?<\/h2>\n\n\n\n<p>Pure Health Booster est uniquement disponible sur le site <em>officiel du fabricant<\/em>. Un tel achat garantit l&rsquo;authenticit\u00e9 du produit et l&rsquo;acc\u00e8s aux derni\u00e8res offres promotionnelles. Les prix peuvent varier en fonction des promotions en cours qui sont r\u00e9guli\u00e8rement propos\u00e9es par le fabricant.<\/p>\n\n\n\n<p>Il est recommand\u00e9 de toujours v\u00e9rifier les promotions en cours avant d&rsquo;effectuer un achat. Cela vous permet d&rsquo;\u00e9conomiser et d&rsquo;obtenir le meilleur rapport qualit\u00e9-prix. Pour plus d&rsquo;informations sur les offres et les promotions uniques, visitez le site <em>officiel du fabricant<\/em>, qui vous assurera que votre transaction est s\u00e9curis\u00e9e et que vous \u00eates assur\u00e9 d&rsquo;avoir un produit de la plus haute qualit\u00e9.<\/p>\n\n\n\n<h2 class=\"wp-block-heading\">Pure Health Booster &#8211; Effets secondaires et contre-indications<\/h2>\n\n\n\n<p>Bien que Pure Health Booster contienne des ingr\u00e9dients b\u00e9n\u00e9fiques, son utilisation peut \u00eatre associ\u00e9e \u00e0 certains <strong>effets secondaires<\/strong>. Les personnes allergiques \u00e0 certains ingr\u00e9dients actifs peuvent pr\u00e9senter des r\u00e9actions allergiques, telles que des <strong>maux d&rsquo;estomac<\/strong> ou des sympt\u00f4mes allergiques syst\u00e9miques. C&rsquo;est pourquoi il est conseill\u00e9 de se familiariser avec les \u00e9ventuelles <strong>contre-indications<\/strong> avant de commencer la suppl\u00e9mentation.<\/p>\n\n\n\n<p><b>La s\u00e9curit\u00e9 de la suppl\u00e9mentation<\/b> est cruciale, en particulier pour les personnes souffrant de maladies chroniques ou les femmes enceintes. Il est fortement recommand\u00e9 de discuter des plans de suppl\u00e9mentation avec votre m\u00e9decin afin de s&rsquo;assurer qu&rsquo;aucun effet ind\u00e9sirable ne se produise. Le respect de la posologie recommand\u00e9e est \u00e9galement fondamental pour minimiser le risque d&rsquo;effets secondaires.<\/p>\n\n\n\n<p>Si vous ressentez des sympt\u00f4mes inqui\u00e9tants apr\u00e8s avoir commenc\u00e9 \u00e0 prendre Pure Health Booster, consultez imm\u00e9diatement votre m\u00e9decin. Le suivi de votre sant\u00e9 et de la r\u00e9action de votre corps au suppl\u00e9ment peut augmenter consid\u00e9rablement la <strong>s\u00e9curit\u00e9 de votre suppl\u00e9mentation<\/strong> et contribuer \u00e0 votre bien-\u00eatre.<\/p>\n","protected":false},"excerpt":{"rendered":"<p><strong>[date_countdown]<\/strong><\/p>\n<p><img decoding=\"async\" class=\"alignnone  wp-image-8427\" src=\"https:\/\/chirurgie-orthopedie-vannes.fr\/pharmacie\/wp-content\/uploads\/2024\/10\/SAFE-PAY-300x88-1.png\" alt=\"SAFE-PAY-300x88\" width=\"164\" height=\"48\" \/><\/p>\n","protected":false},"featured_media":3844,"comment_status":"open","ping_status":"closed","template":"","meta":{"neve_meta_sidebar":"","neve_meta_container":"","neve_meta_enable_content_width":"","neve_meta_content_width":0,"neve_meta_title_alignment":"","neve_meta_author_avatar":"","neve_post_elements_order":"","neve_meta_disable_header":"","neve_meta_disable_footer":"","neve_meta_disable_title":"","neve_meta_reading_time":""},"product_brand":[],"product_cat":[18],"product_tag":[],"class_list":{"0":"post-4454","1":"product","2":"type-product","3":"status-publish","4":"has-post-thumbnail","6":"product_cat-sante","8":"first","9":"instock","10":"sale","11":"shipping-taxable","12":"product-type-external"},"yoast_head":"<!-- This site is optimized with the Yoast SEO plugin v27.4 - https:\/\/yoast.com\/product\/yoast-seo-wordpress\/ -->\n<title>Pure Health Booster - Avis, Forum, Pharmacie, Prix, Effets | -50%<\/title>\n<meta name=\"robots\" content=\"index, follow, max-snippet:-1, max-image-preview:large, max-video-preview:-1\" \/>\n<link rel=\"canonical\" href=\"https:\/\/chirurgie-orthopedie-vannes.fr\/pharmacie\/supp\/pure-health-booster\/\" \/>\n<meta property=\"og:locale\" content=\"fr_FR\" \/>\n<meta property=\"og:type\" content=\"article\" \/>\n<meta property=\"og:title\" content=\"Pure Health Booster - Avis, Forum, Pharmacie, Prix, Effets | -50%\" \/>\n<meta property=\"og:url\" content=\"https:\/\/chirurgie-orthopedie-vannes.fr\/pharmacie\/supp\/pure-health-booster\/\" \/>\n<meta property=\"og:site_name\" content=\"Chirurgie-Orthopedie-Vannes\" \/>\n<meta property=\"article:modified_time\" content=\"2025-01-14T13:28:01+00:00\" \/>\n<meta property=\"og:image\" content=\"https:\/\/chirurgie-orthopedie-vannes.fr\/pharmacie\/wp-content\/uploads\/2024\/10\/Pure-Health-Booster.jpg\" \/>\n\t<meta property=\"og:image:width\" content=\"768\" \/>\n\t<meta property=\"og:image:height\" content=\"768\" \/>\n\t<meta property=\"og:image:type\" content=\"image\/jpeg\" \/>\n<meta name=\"twitter:card\" content=\"summary_large_image\" \/>\n<meta name=\"twitter:description\" content=\"[date_countdown]\" \/>\n<meta name=\"twitter:label1\" content=\"Dur\u00e9e de lecture estim\u00e9e\" \/>\n\t<meta name=\"twitter:data1\" content=\"7 minutes\" \/>\n<script type=\"application\/ld+json\" class=\"yoast-schema-graph\">{\"@context\":\"https:\\\/\\\/schema.org\",\"@graph\":[{\"@type\":\"WebPage\",\"@id\":\"https:\\\/\\\/chirurgie-orthopedie-vannes.fr\\\/pharmacie\\\/supp\\\/pure-health-booster\\\/\",\"url\":\"https:\\\/\\\/chirurgie-orthopedie-vannes.fr\\\/pharmacie\\\/supp\\\/pure-health-booster\\\/\",\"name\":\"Pure Health Booster - Avis, Forum, Pharmacie, Prix, Effets | -50%\",\"isPartOf\":{\"@id\":\"https:\\\/\\\/chirurgie-orthopedie-vannes.fr\\\/pharmacie\\\/#website\"},\"primaryImageOfPage\":{\"@id\":\"https:\\\/\\\/chirurgie-orthopedie-vannes.fr\\\/pharmacie\\\/supp\\\/pure-health-booster\\\/#primaryimage\"},\"image\":{\"@id\":\"https:\\\/\\\/chirurgie-orthopedie-vannes.fr\\\/pharmacie\\\/supp\\\/pure-health-booster\\\/#primaryimage\"},\"thumbnailUrl\":\"https:\\\/\\\/chirurgie-orthopedie-vannes.fr\\\/pharmacie\\\/wp-content\\\/uploads\\\/2024\\\/10\\\/Pure-Health-Booster.jpg\",\"datePublished\":\"2024-10-18T19:46:01+00:00\",\"dateModified\":\"2025-01-14T13:28:01+00:00\",\"breadcrumb\":{\"@id\":\"https:\\\/\\\/chirurgie-orthopedie-vannes.fr\\\/pharmacie\\\/supp\\\/pure-health-booster\\\/#breadcrumb\"},\"inLanguage\":\"fr-FR\",\"potentialAction\":[{\"@type\":\"ReadAction\",\"target\":[\"https:\\\/\\\/chirurgie-orthopedie-vannes.fr\\\/pharmacie\\\/supp\\\/pure-health-booster\\\/\"]}]},{\"@type\":\"ImageObject\",\"inLanguage\":\"fr-FR\",\"@id\":\"https:\\\/\\\/chirurgie-orthopedie-vannes.fr\\\/pharmacie\\\/supp\\\/pure-health-booster\\\/#primaryimage\",\"url\":\"https:\\\/\\\/chirurgie-orthopedie-vannes.fr\\\/pharmacie\\\/wp-content\\\/uploads\\\/2024\\\/10\\\/Pure-Health-Booster.jpg\",\"contentUrl\":\"https:\\\/\\\/chirurgie-orthopedie-vannes.fr\\\/pharmacie\\\/wp-content\\\/uploads\\\/2024\\\/10\\\/Pure-Health-Booster.jpg\",\"width\":768,\"height\":768},{\"@type\":\"BreadcrumbList\",\"@id\":\"https:\\\/\\\/chirurgie-orthopedie-vannes.fr\\\/pharmacie\\\/supp\\\/pure-health-booster\\\/#breadcrumb\",\"itemListElement\":[{\"@type\":\"ListItem\",\"position\":1,\"name\":\"Strona g\u0142\u00f3wna\",\"item\":\"https:\\\/\\\/chirurgie-orthopedie-vannes.fr\\\/pharmacie\\\/\"},{\"@type\":\"ListItem\",\"position\":2,\"name\":\"farmaci\",\"item\":\"https:\\\/\\\/chirurgie-orthopedie-vannes.fr\\\/pharmacie\\\/\"},{\"@type\":\"ListItem\",\"position\":3,\"name\":\"Pure Health Booster\"}]},{\"@type\":\"WebSite\",\"@id\":\"https:\\\/\\\/chirurgie-orthopedie-vannes.fr\\\/pharmacie\\\/#website\",\"url\":\"https:\\\/\\\/chirurgie-orthopedie-vannes.fr\\\/pharmacie\\\/\",\"name\":\"Chirurgie-Orthopedie-Vannes\",\"description\":\"\",\"potentialAction\":[{\"@type\":\"SearchAction\",\"target\":{\"@type\":\"EntryPoint\",\"urlTemplate\":\"https:\\\/\\\/chirurgie-orthopedie-vannes.fr\\\/pharmacie\\\/?s={search_term_string}\"},\"query-input\":{\"@type\":\"PropertyValueSpecification\",\"valueRequired\":true,\"valueName\":\"search_term_string\"}}],\"inLanguage\":\"fr-FR\"}]}<\/script>\n<!-- \/ Yoast SEO plugin. -->","yoast_head_json":{"title":"Pure Health Booster - Avis, Forum, Pharmacie, Prix, Effets | -50%","robots":{"index":"index","follow":"follow","max-snippet":"max-snippet:-1","max-image-preview":"max-image-preview:large","max-video-preview":"max-video-preview:-1"},"canonical":"https:\/\/chirurgie-orthopedie-vannes.fr\/pharmacie\/supp\/pure-health-booster\/","og_locale":"fr_FR","og_type":"article","og_title":"Pure Health Booster - Avis, Forum, Pharmacie, Prix, Effets | -50%","og_url":"https:\/\/chirurgie-orthopedie-vannes.fr\/pharmacie\/supp\/pure-health-booster\/","og_site_name":"Chirurgie-Orthopedie-Vannes","article_modified_time":"2025-01-14T13:28:01+00:00","og_image":[{"width":768,"height":768,"url":"https:\/\/chirurgie-orthopedie-vannes.fr\/pharmacie\/wp-content\/uploads\/2024\/10\/Pure-Health-Booster.jpg","type":"image\/jpeg"}],"twitter_card":"summary_large_image","twitter_description":"[date_countdown]","twitter_misc":{"Dur\u00e9e de lecture estim\u00e9e":"7 minutes"},"schema":{"@context":"https:\/\/schema.org","@graph":[{"@type":"WebPage","@id":"https:\/\/chirurgie-orthopedie-vannes.fr\/pharmacie\/supp\/pure-health-booster\/","url":"https:\/\/chirurgie-orthopedie-vannes.fr\/pharmacie\/supp\/pure-health-booster\/","name":"Pure Health Booster - Avis, Forum, Pharmacie, Prix, Effets | -50%","isPartOf":{"@id":"https:\/\/chirurgie-orthopedie-vannes.fr\/pharmacie\/#website"},"primaryImageOfPage":{"@id":"https:\/\/chirurgie-orthopedie-vannes.fr\/pharmacie\/supp\/pure-health-booster\/#primaryimage"},"image":{"@id":"https:\/\/chirurgie-orthopedie-vannes.fr\/pharmacie\/supp\/pure-health-booster\/#primaryimage"},"thumbnailUrl":"https:\/\/chirurgie-orthopedie-vannes.fr\/pharmacie\/wp-content\/uploads\/2024\/10\/Pure-Health-Booster.jpg","datePublished":"2024-10-18T19:46:01+00:00","dateModified":"2025-01-14T13:28:01+00:00","breadcrumb":{"@id":"https:\/\/chirurgie-orthopedie-vannes.fr\/pharmacie\/supp\/pure-health-booster\/#breadcrumb"},"inLanguage":"fr-FR","potentialAction":[{"@type":"ReadAction","target":["https:\/\/chirurgie-orthopedie-vannes.fr\/pharmacie\/supp\/pure-health-booster\/"]}]},{"@type":"ImageObject","inLanguage":"fr-FR","@id":"https:\/\/chirurgie-orthopedie-vannes.fr\/pharmacie\/supp\/pure-health-booster\/#primaryimage","url":"https:\/\/chirurgie-orthopedie-vannes.fr\/pharmacie\/wp-content\/uploads\/2024\/10\/Pure-Health-Booster.jpg","contentUrl":"https:\/\/chirurgie-orthopedie-vannes.fr\/pharmacie\/wp-content\/uploads\/2024\/10\/Pure-Health-Booster.jpg","width":768,"height":768},{"@type":"BreadcrumbList","@id":"https:\/\/chirurgie-orthopedie-vannes.fr\/pharmacie\/supp\/pure-health-booster\/#breadcrumb","itemListElement":[{"@type":"ListItem","position":1,"name":"Strona g\u0142\u00f3wna","item":"https:\/\/chirurgie-orthopedie-vannes.fr\/pharmacie\/"},{"@type":"ListItem","position":2,"name":"farmaci","item":"https:\/\/chirurgie-orthopedie-vannes.fr\/pharmacie\/"},{"@type":"ListItem","position":3,"name":"Pure Health Booster"}]},{"@type":"WebSite","@id":"https:\/\/chirurgie-orthopedie-vannes.fr\/pharmacie\/#website","url":"https:\/\/chirurgie-orthopedie-vannes.fr\/pharmacie\/","name":"Chirurgie-Orthopedie-Vannes","description":"","potentialAction":[{"@type":"SearchAction","target":{"@type":"EntryPoint","urlTemplate":"https:\/\/chirurgie-orthopedie-vannes.fr\/pharmacie\/?s={search_term_string}"},"query-input":{"@type":"PropertyValueSpecification","valueRequired":true,"valueName":"search_term_string"}}],"inLanguage":"fr-FR"}]}},"_links":{"self":[{"href":"https:\/\/chirurgie-orthopedie-vannes.fr\/pharmacie\/wp-json\/wp\/v2\/product\/4454","targetHints":{"allow":["GET"]}}],"collection":[{"href":"https:\/\/chirurgie-orthopedie-vannes.fr\/pharmacie\/wp-json\/wp\/v2\/product"}],"about":[{"href":"https:\/\/chirurgie-orthopedie-vannes.fr\/pharmacie\/wp-json\/wp\/v2\/types\/product"}],"replies":[{"embeddable":true,"href":"https:\/\/chirurgie-orthopedie-vannes.fr\/pharmacie\/wp-json\/wp\/v2\/comments?post=4454"}],"wp:featuredmedia":[{"embeddable":true,"href":"https:\/\/chirurgie-orthopedie-vannes.fr\/pharmacie\/wp-json\/wp\/v2\/media\/3844"}],"wp:attachment":[{"href":"https:\/\/chirurgie-orthopedie-vannes.fr\/pharmacie\/wp-json\/wp\/v2\/media?parent=4454"}],"wp:term":[{"taxonomy":"product_brand","embeddable":true,"href":"https:\/\/chirurgie-orthopedie-vannes.fr\/pharmacie\/wp-json\/wp\/v2\/product_brand?post=4454"},{"taxonomy":"product_cat","embeddable":true,"href":"https:\/\/chirurgie-orthopedie-vannes.fr\/pharmacie\/wp-json\/wp\/v2\/product_cat?post=4454"},{"taxonomy":"product_tag","embeddable":true,"href":"https:\/\/chirurgie-orthopedie-vannes.fr\/pharmacie\/wp-json\/wp\/v2\/product_tag?post=4454"}],"curies":[{"name":"wp","href":"https:\/\/api.w.org\/{rel}","templated":true}]}}