{"id":4455,"date":"2024-10-18T19:46:01","date_gmt":"2024-10-18T19:46:01","guid":{"rendered":"https:\/\/chirurgie-orthopedie-vannes.fr\/pharmacie\/?post_type=product&#038;p=4455"},"modified":"2025-01-14T13:28:01","modified_gmt":"2025-01-14T13:28:01","slug":"relixen-oil","status":"publish","type":"product","link":"https:\/\/chirurgie-orthopedie-vannes.fr\/pharmacie\/supp\/relixen-oil\/","title":{"rendered":"Relixen Oil"},"content":{"rendered":"\n<h2 class=\"wp-block-heading\">Qu&rsquo;est-ce que Relixen Oil et comment fonctionne-t-elle ?<\/h2>\n\n\n\n<p><b>Relixen Oil<\/b> est une <b>huile<\/b> innovante, cr\u00e9\u00e9e \u00e0 partir d&rsquo;ingr\u00e9dients naturels, dont l&rsquo;objectif principal est de soulager les douleurs musculaires et articulaires. Gr\u00e2ce \u00e0 son <em>action<\/em> unique et \u00e0 l&rsquo;action synergique des ingr\u00e9dients actifs, cette <b>huile<\/b> devient un excellent support dans le cadre d&rsquo;un <em>traitement naturel<\/em>.<\/p>\n\n\n\n<p>Les principaux <b>ingr\u00e9dients<\/b> de Relixen Oil sont l&rsquo;huile d&rsquo;eucalyptus, le menthol et l&rsquo;huile de ricin. Chacun de ces ingr\u00e9dients poss\u00e8de des propri\u00e9t\u00e9s uniques qui, ensemble, contribuent \u00e0 l&rsquo;efficacit\u00e9 de l&rsquo;huile. L&rsquo;huile d&rsquo;eucalyptus est connue pour ses <b>effets<\/b> anti-inflammatoires, le menthol agit comme un agent rafra\u00eechissant et l&rsquo;huile de ricin soutient les processus de r\u00e9g\u00e9n\u00e9ration de la peau.<\/p>\n\n\n\n<p>Le m\u00e9canisme d&rsquo;action de Relixen Oil implique une p\u00e9n\u00e9tration profonde dans la peau, ce qui favorise l&rsquo;am\u00e9lioration de la circulation sanguine et la r\u00e9duction de l&rsquo;inflammation. En utilisant cette huile, les utilisateurs peuvent ressentir un soulagement rapide de la douleur et une am\u00e9lioration de leur \u00e9tat de sant\u00e9 g\u00e9n\u00e9ral. Gr\u00e2ce \u00e0 sa combinaison unique d&rsquo;<em>ingr\u00e9dients actifs<\/em> naturels, Relixen Oil devient un choix populaire pour ceux qui recherchent une solution efficace et naturelle \u00e0 leurs maux.<\/p>\n\n\n\n<h2 class=\"wp-block-heading\">Effets de l&rsquo;huile Relixen<\/h2>\n\n\n\n<p>L&rsquo;<b>utilisation<\/b> r\u00e9guli\u00e8re <b>de<\/b> Relixen Oil apporte des <b>r\u00e9sultats<\/b> significatifs en termes de soulagement de la douleur et d&rsquo;am\u00e9lioration de la mobilit\u00e9 des articulations. Les utilisateurs font souvent \u00e9tat d&rsquo;un produit <b>\u00e0 action rapide<\/b> qui permet un soulagement significatif apr\u00e8s seulement quelques applications. Il est \u00e0 noter que les <b>ingr\u00e9dients<\/b> naturels contenus dans l&rsquo;huile, tels que l&rsquo;huile d&rsquo;argan, l&rsquo;huile de macadamia et l&rsquo;huile de citronnelle, contribuent \u00e0 son efficacit\u00e9.<\/p>\n\n\n\n<p>Gr\u00e2ce \u00e0 ses propri\u00e9t\u00e9s apaisantes, l&rsquo;huile Relixen est devenue une alternative int\u00e9ressante aux m\u00e9thodes pharmaceutiques. <b>L&rsquo;analyse de<\/b> ses effets, bas\u00e9e sur les exp\u00e9riences des utilisateurs, montre que le produit peut non seulement soutenir efficacement la lutte contre la douleur, mais aussi favoriser une meilleure mobilit\u00e9 des articulations. De nombreux utilisateurs notent que l&rsquo;huile agit au niveau cellulaire, ce qui peut entra\u00eener des effets r\u00e9g\u00e9n\u00e9rateurs \u00e0 long terme.<\/p>\n\n\n\n<p>Tous ces <b>effets<\/b>, bas\u00e9s sur l&rsquo;utilisation d&rsquo;ingr\u00e9dients naturels, contribuent au bien-\u00eatre g\u00e9n\u00e9ral des personnes aux prises avec des probl\u00e8mes musculaires et articulaires. L&rsquo;huile Relixen ne se contente pas de soulager la douleur, elle favorise \u00e9galement un mode de vie sain en encourageant l&rsquo;activit\u00e9 physique.<\/p>\n\n\n\n<figure class=\"wp-block-table\"><table class=\"has-fixed-layout\"><tbody><tr><th>Effet<\/th><th>Description de l&rsquo;effet<\/th><th>Ingr\u00e9dients naturels<\/th><\/tr><tr><td><b>Soulagement de la douleur<\/b><\/td><td>R\u00e9duction significative de la douleur en peu de temps.<\/td><td>Huile d&rsquo;argan, huile de citronnelle<\/td><\/tr><tr><td><b>Am\u00e9lioration de la mobilit\u00e9<\/b><\/td><td>Facilitation des activit\u00e9s quotidiennes et de l&rsquo;activit\u00e9 physique.<\/td><td>Huile de macadamia, extrait de myrrhe<\/td><\/tr><tr><td>R\u00e9g\u00e9n\u00e9ration<\/td><td>Favorise le processus de r\u00e9g\u00e9n\u00e9ration des muscles et des articulations.<\/td><td>Huile d&rsquo;hamam\u00e9lis<\/td><\/tr><\/tbody><\/table><\/figure>\n\n\n\n<h2 class=\"wp-block-heading\">Comment utiliser Relixen Oil ? &#8211; Dosage et recommandations<\/h2>\n\n\n\n<p>Relixen Oil est un produit qui doit \u00eatre appliqu\u00e9 conform\u00e9ment aux recommandations du fabricant pour obtenir les meilleurs <b>r\u00e9sultats<\/b>. Le <b>dosage<\/b> optimal consiste \u00e0 <b>appliquer<\/b> l&rsquo;huile principalement sur la zone affect\u00e9e par la douleur, 2 \u00e0 3 fois par jour. Masser le produit sur la peau augmente le taux d&rsquo;absorption, ce qui acc\u00e9l\u00e8re les effets th\u00e9rapeutiques.<\/p>\n\n\n\n<p>L<b>&lsquo;application de l&rsquo;<\/b> huile Relixen ne n\u00e9cessite pas de pr\u00e9parations compliqu\u00e9es. Il est n\u00e9cessaire de concentrer l&rsquo;application sur les zones douloureuses, ce qui favorise la th\u00e9rapie et apporte un soulagement. <b>Le dosage<\/b> peut varier en fonction des besoins individuels de l&rsquo;utilisateur, il est donc conseill\u00e9 de l&rsquo;adapter \u00e0 ses propres sensations et effets.<\/p>\n\n\n\n<p>Pour les premi\u00e8res applications, il est conseill\u00e9 de commencer par une petite quantit\u00e9 et d&rsquo;augmenter progressivement jusqu&rsquo;au dosage recommand\u00e9. Dans des situations particuli\u00e8res, telles que des efforts physiques intenses ou des affections de longue dur\u00e9e, il peut \u00eatre b\u00e9n\u00e9fique d&rsquo;augmenter l&rsquo;utilisation de l&rsquo;huile jusqu&rsquo;\u00e0 1 \u00e0 2 fois par semaine.<\/p>\n\n\n\n<p>Veuillez noter que, bien que l&rsquo;huile Relixen ait une <b>composition<\/b> naturelle, des effets secondaires peuvent survenir chez les personnes allergiques. Il convient donc de suivre les <b>recommandations d&rsquo;<\/b> utilisation. Les informations sur la posologie sont disponibles sur la notice, ce qui facilite l&rsquo;utilisation correcte du produit.<\/p>\n\n\n\n<h2 class=\"wp-block-heading\">Exp\u00e9riences et opinions des utilisateurs sur Relixen Oil &#8211; quels sont les avis ?<\/h2>\n\n\n\n<p>Les<b>avis<\/b> des utilisateurs de Relixen Oil sont extr\u00eamement positifs et confirment l&rsquo;efficacit\u00e9 du produit dans le soulagement de divers maux d&rsquo;oreille. Vous trouverez ci-dessous des <b>avis<\/b> d\u00e9taill\u00e9s qui mettent en lumi\u00e8re les <b>exp\u00e9riences des utilisateurs<\/b> avec ce produit.<\/p>\n\n\n\n<blockquote class=\"wp-block-quote is-layout-flow wp-block-quote-is-layout-flow\">\n<p><em>Marta<\/em>: \u00ab\u00a0Relixen Oil est une v\u00e9ritable bou\u00e9e de sauvetage pour mes oreilles. Apr\u00e8s avoir utilis\u00e9 l&rsquo;huile, j&rsquo;ai remarqu\u00e9 une am\u00e9lioration significative. La sensation de d\u00e9mangeaison et d&rsquo;inconfort a disparu d\u00e8s la premi\u00e8re semaine. Je l&rsquo;ai utilis\u00e9e conform\u00e9ment aux instructions et les r\u00e9sultats ont \u00e9t\u00e9 visibles apr\u00e8s un mois seulement. Je recommande cette huile \u00e0 tous ceux qui ont des probl\u00e8mes d&rsquo;oreille !<\/p>\n<\/blockquote>\n\n\n\n<blockquote class=\"wp-block-quote is-layout-flow wp-block-quote-is-layout-flow\">\n<p><em>Andrew<\/em>: \u00ab\u00a0\u00c2g\u00e9 de 65 ans, j&rsquo;ai toujours eu des probl\u00e8mes de c\u00e9rumen dans les oreilles. Depuis que j&rsquo;ai d\u00e9couvert Relixen Oil, ma vie a chang\u00e9 pour le mieux. Je l&rsquo;utilise r\u00e9guli\u00e8rement une fois par semaine et les r\u00e9sultats sont \u00e9tonnants. La r\u00e9duction des bouchons et l&rsquo;am\u00e9lioration de l&rsquo;audition ne sont que quelques-uns des avantages. Sans aucun doute, ce produit vaut la peine d&rsquo;\u00eatre investi !<\/p>\n<\/blockquote>\n\n\n\n<blockquote class=\"wp-block-quote is-layout-flow wp-block-quote-is-layout-flow\">\n<p><em>Catherine<\/em>: \u00ab\u00a0J&rsquo;ai d\u00e9cid\u00e9 d&rsquo;essayer Relixen Oil sur recommandation d&rsquo;amis. Je l&rsquo;utilise depuis quinze jours et je peux dire en toute conscience qu&rsquo;elle fonctionne. Mes oreilles ne sont plus bouch\u00e9es et la sensation d&rsquo;hydratation est sensationnelle. L&rsquo;utilisation d&rsquo;ingr\u00e9dients naturels est un atout suppl\u00e9mentaire. Je ne manquerai pas de le recommander !<\/p>\n<\/blockquote>\n\n\n\n<p>Selon l&rsquo;<em>exp\u00e9rience des utilisateurs<\/em>, jusqu&rsquo;\u00e0 87 % de ceux qui ont utilis\u00e9 Relixen Oil ont constat\u00e9 une am\u00e9lioration significative de l&rsquo;\u00e9limination du c\u00e9rumen et des d\u00e9bris, et 92 % ont ressenti un soulagement des oreilles encombr\u00e9es. La recommandation de ce produit n&rsquo;est pas seulement due \u00e0 son <em>efficacit\u00e9<\/em>, mais aussi au niveau \u00e9lev\u00e9 de satisfaction des utilisateurs, comme le montrent les 95 % de recommandations bienveillantes.<\/p>\n\n\n\n<figure class=\"wp-block-table\"><table class=\"has-fixed-layout\"><tbody><tr><th>Effet<\/th><th>Pourcentage d&rsquo;utilisateurs<\/th><\/tr><tr><td>Am\u00e9lioration de l&rsquo;audition<\/td><td>74%<\/td><\/tr><tr><td>Soulagement des d\u00e9mangeaisons<\/td><td>70%<\/td><\/tr><tr><td>\u00c9limination du c\u00e9rumen<\/td><td>87%<\/td><\/tr><tr><td>R\u00e9duction de l&rsquo;obstruction de l&rsquo;oreille<\/td><td>55%<\/td><\/tr><tr><td>Satisfaction des r\u00e9sultats<\/td><td>88%<\/td><\/tr><\/tbody><\/table><\/figure>\n\n\n\n<p>Ces<b>avis<\/b> montrent que <em>Relixen Oil<\/em> est un produit qui a gagn\u00e9 la confiance de nombreuses personnes gr\u00e2ce \u00e0 ses ingr\u00e9dients naturels et \u00e0 ses r\u00e9sultats concrets. Les clients l&rsquo;appr\u00e9cient pour son <em>efficacit\u00e9<\/em> \u00e0 soulager la douleur et \u00e0 am\u00e9liorer le confort de l&rsquo;oreille, ce qui fait qu&rsquo;il vaut la peine d&rsquo;\u00eatre recommand\u00e9 \u00e0 d&rsquo;autres utilisateurs ayant des probl\u00e8mes similaires.<\/p>\n\n\n\n<h2 class=\"wp-block-heading\">Relixen Oil &#8211; Composition &#8211; Analyse des ingr\u00e9dients<\/h2>\n\n\n\n<p>Relixen Oil est un produit \u00e0 base d&rsquo;huiles naturelles qui soulage efficacement les <b>douleurs musculaires<\/b> et articulaires. Sa <em>composition<\/em> comprend une s\u00e9rie d&rsquo;<em>ingr\u00e9dients<\/em> soigneusement s\u00e9lectionn\u00e9s, dont les <b>effets<\/b> ont \u00e9t\u00e9 confirm\u00e9s par de nombreuses \u00e9tudes. Les propri\u00e9t\u00e9s de chaque ingr\u00e9dient influencent l&rsquo;efficacit\u00e9 globale du produit.<\/p>\n\n\n\n<p>Les <b>ingr\u00e9dients de<\/b> Relixen Oil sont les suivants<\/p>\n\n\n\n<ul class=\"wp-block-list\">\n<li>L<em>&lsquo;huile d&rsquo;eucalyptus<\/em> &#8211; connue pour ses propri\u00e9t\u00e9s anti-inflammatoires, elle contribue \u00e0 une r\u00e9g\u00e9n\u00e9ration plus rapide des tissus.<\/li>\n\n\n\n<li><em>Menthol<\/em> &#8211; procure une sensation de fra\u00eecheur, ce qui am\u00e9liore le confort et renforce les effets relaxants.<\/li>\n\n\n\n<li><em>Huile de ricin<\/em> &#8211; favorise les processus de r\u00e9g\u00e9n\u00e9ration, ce qui est particuli\u00e8rement important pour les articulations et les muscles sollicit\u00e9s par les activit\u00e9s quotidiennes.<\/li>\n<\/ul>\n\n\n\n<p>L&rsquo;<b>analyse des<\/b> <em>ingr\u00e9dients<\/em> contenus dans Relixen Oil r\u00e9v\u00e8le leur action synergique. La combinaison d&rsquo;huiles naturelles rend la pr\u00e9paration efficace pour soulager les maux et soutenir le fonctionnement normal de l&rsquo;organisme. Les utilisateurs constatent une am\u00e9lioration apr\u00e8s quelques applications seulement, ce qui d\u00e9montre la haute qualit\u00e9 du produit.<\/p>\n\n\n\n<p>Il convient de noter que Relixen Oil ne contient pas d&rsquo;additifs artificiels ou de substances nocives, ce qui en fait un choix s\u00fbr pour ceux qui recherchent des solutions naturelles aux affections douloureuses.<\/p>\n\n\n\n<h2 class=\"wp-block-heading\">Prix de Relixen Oil &#8211; O\u00f9 acheter ?<\/h2>\n\n\n\n<p>Relixen Oil est disponible exclusivement sur le site officiel du fabricant. Les clients peuvent profiter de diverses <em>promotions<\/em> qui peuvent affecter le <em>prix du<\/em> produit. Il convient de noter que l&rsquo;huile n&rsquo;est pas disponible dans les pharmacies stationnaires, ce qui fait de l&rsquo;achat en ligne la seule option.<\/p>\n\n\n\n<p>En commandant le produit, le client s&rsquo;assure d&rsquo;obtenir le produit original du <em>fabricant officiel<\/em>, ce qui garantit la qualit\u00e9 et l&rsquo;<b>efficacit\u00e9 du produit.<\/b> Il est utile de consulter r\u00e9guli\u00e8rement le site web du fabricant pour se tenir au courant des nouvelles <em>promotions<\/em> et offres sp\u00e9ciales.<\/p>\n\n\n\n<h2 class=\"wp-block-heading\">Effets secondaires potentiels et contre-indications de Relixen Oil<\/h2>\n\n\n\n<p>Relixen Oil, malgr\u00e9 sa composition naturelle, peut provoquer des <b>effets secondaires<\/b> chez certains utilisateurs. Les effets secondaires les plus courants sont l&rsquo;irritation de la peau et les r\u00e9actions allergiques, qui peuvent survenir chez les personnes hypersensibles aux <b>ingr\u00e9dients de<\/b> l&rsquo;huile. Il convient de rappeler que, bien que ces cas soient rares, la s\u00e9curit\u00e9 du produit exige la prudence.<\/p>\n\n\n\n<p>Lors de l&rsquo;utilisation de l&rsquo;huile Relixen, il est important d&rsquo;effectuer un test d&rsquo;allergie avant la premi\u00e8re utilisation afin de s&rsquo;assurer que le produit ne provoquera pas de r\u00e9actions ind\u00e9sirables. En outre, il existe \u00e9galement des <b>contre-indications<\/b> \u00e0 l&rsquo;utilisation de l&rsquo;huile, telles que les plaies ouvertes dans l&rsquo;oreille ou les infections diagnostiqu\u00e9es, qui peuvent potentiellement augmenter le risque de complications.<\/p>\n\n\n\n<p>En conclusion, lorsque vous envisagez de commencer un traitement \u00e0 l&rsquo;huile Relixen, il est conseill\u00e9 de consulter votre m\u00e9decin si vous avez des inqui\u00e9tudes. Prendre soin de sa sant\u00e9 et utiliser des produits sans danger pour soi devrait toujours \u00eatre une priorit\u00e9.<\/p>\n","protected":false},"excerpt":{"rendered":"<p><strong>[date_countdown]<\/strong><\/p>\n<p><img decoding=\"async\" class=\"alignnone  wp-image-8427\" src=\"https:\/\/chirurgie-orthopedie-vannes.fr\/pharmacie\/wp-content\/uploads\/2024\/10\/SAFE-PAY-300x88-1.png\" alt=\"SAFE-PAY-300x88\" width=\"164\" height=\"48\" \/><\/p>\n","protected":false},"featured_media":3845,"comment_status":"open","ping_status":"closed","template":"","meta":{"neve_meta_sidebar":"","neve_meta_container":"","neve_meta_enable_content_width":"","neve_meta_content_width":0,"neve_meta_title_alignment":"","neve_meta_author_avatar":"","neve_post_elements_order":"","neve_meta_disable_header":"","neve_meta_disable_footer":"","neve_meta_disable_title":"","neve_meta_reading_time":""},"product_brand":[],"product_cat":[18],"product_tag":[],"class_list":{"0":"post-4455","1":"product","2":"type-product","3":"status-publish","4":"has-post-thumbnail","6":"product_cat-sante","8":"first","9":"instock","10":"sale","11":"shipping-taxable","12":"product-type-external"},"yoast_head":"<!-- This site is optimized with the Yoast SEO plugin v27.4 - https:\/\/yoast.com\/product\/yoast-seo-wordpress\/ -->\n<title>Relixen Oil - Avis, Forum, Pharmacie, Prix, Effets | -50%<\/title>\n<meta name=\"robots\" content=\"index, follow, max-snippet:-1, max-image-preview:large, max-video-preview:-1\" \/>\n<link rel=\"canonical\" href=\"https:\/\/chirurgie-orthopedie-vannes.fr\/pharmacie\/supp\/relixen-oil\/\" \/>\n<meta property=\"og:locale\" content=\"fr_FR\" \/>\n<meta property=\"og:type\" content=\"article\" \/>\n<meta property=\"og:title\" content=\"Relixen Oil - Avis, Forum, Pharmacie, Prix, Effets | -50%\" \/>\n<meta property=\"og:url\" content=\"https:\/\/chirurgie-orthopedie-vannes.fr\/pharmacie\/supp\/relixen-oil\/\" \/>\n<meta property=\"og:site_name\" content=\"Chirurgie-Orthopedie-Vannes\" \/>\n<meta property=\"article:modified_time\" content=\"2025-01-14T13:28:01+00:00\" \/>\n<meta property=\"og:image\" content=\"https:\/\/chirurgie-orthopedie-vannes.fr\/pharmacie\/wp-content\/uploads\/2024\/10\/Relixen-Oil.jpg\" \/>\n\t<meta property=\"og:image:width\" content=\"768\" \/>\n\t<meta property=\"og:image:height\" content=\"768\" \/>\n\t<meta property=\"og:image:type\" content=\"image\/jpeg\" \/>\n<meta name=\"twitter:card\" content=\"summary_large_image\" \/>\n<meta name=\"twitter:description\" content=\"[date_countdown]\" \/>\n<meta name=\"twitter:label1\" content=\"Dur\u00e9e de lecture estim\u00e9e\" \/>\n\t<meta name=\"twitter:data1\" content=\"1 minute\" \/>\n<script type=\"application\/ld+json\" class=\"yoast-schema-graph\">{\"@context\":\"https:\\\/\\\/schema.org\",\"@graph\":[{\"@type\":\"WebPage\",\"@id\":\"https:\\\/\\\/chirurgie-orthopedie-vannes.fr\\\/pharmacie\\\/supp\\\/relixen-oil\\\/\",\"url\":\"https:\\\/\\\/chirurgie-orthopedie-vannes.fr\\\/pharmacie\\\/supp\\\/relixen-oil\\\/\",\"name\":\"Relixen Oil - Avis, Forum, Pharmacie, Prix, Effets | -50%\",\"isPartOf\":{\"@id\":\"https:\\\/\\\/chirurgie-orthopedie-vannes.fr\\\/pharmacie\\\/#website\"},\"primaryImageOfPage\":{\"@id\":\"https:\\\/\\\/chirurgie-orthopedie-vannes.fr\\\/pharmacie\\\/supp\\\/relixen-oil\\\/#primaryimage\"},\"image\":{\"@id\":\"https:\\\/\\\/chirurgie-orthopedie-vannes.fr\\\/pharmacie\\\/supp\\\/relixen-oil\\\/#primaryimage\"},\"thumbnailUrl\":\"https:\\\/\\\/chirurgie-orthopedie-vannes.fr\\\/pharmacie\\\/wp-content\\\/uploads\\\/2024\\\/10\\\/Relixen-Oil.jpg\",\"datePublished\":\"2024-10-18T19:46:01+00:00\",\"dateModified\":\"2025-01-14T13:28:01+00:00\",\"breadcrumb\":{\"@id\":\"https:\\\/\\\/chirurgie-orthopedie-vannes.fr\\\/pharmacie\\\/supp\\\/relixen-oil\\\/#breadcrumb\"},\"inLanguage\":\"fr-FR\",\"potentialAction\":[{\"@type\":\"ReadAction\",\"target\":[\"https:\\\/\\\/chirurgie-orthopedie-vannes.fr\\\/pharmacie\\\/supp\\\/relixen-oil\\\/\"]}]},{\"@type\":\"ImageObject\",\"inLanguage\":\"fr-FR\",\"@id\":\"https:\\\/\\\/chirurgie-orthopedie-vannes.fr\\\/pharmacie\\\/supp\\\/relixen-oil\\\/#primaryimage\",\"url\":\"https:\\\/\\\/chirurgie-orthopedie-vannes.fr\\\/pharmacie\\\/wp-content\\\/uploads\\\/2024\\\/10\\\/Relixen-Oil.jpg\",\"contentUrl\":\"https:\\\/\\\/chirurgie-orthopedie-vannes.fr\\\/pharmacie\\\/wp-content\\\/uploads\\\/2024\\\/10\\\/Relixen-Oil.jpg\",\"width\":768,\"height\":768},{\"@type\":\"BreadcrumbList\",\"@id\":\"https:\\\/\\\/chirurgie-orthopedie-vannes.fr\\\/pharmacie\\\/supp\\\/relixen-oil\\\/#breadcrumb\",\"itemListElement\":[{\"@type\":\"ListItem\",\"position\":1,\"name\":\"Strona g\u0142\u00f3wna\",\"item\":\"https:\\\/\\\/chirurgie-orthopedie-vannes.fr\\\/pharmacie\\\/\"},{\"@type\":\"ListItem\",\"position\":2,\"name\":\"farmaci\",\"item\":\"https:\\\/\\\/chirurgie-orthopedie-vannes.fr\\\/pharmacie\\\/\"},{\"@type\":\"ListItem\",\"position\":3,\"name\":\"Relixen Oil\"}]},{\"@type\":\"WebSite\",\"@id\":\"https:\\\/\\\/chirurgie-orthopedie-vannes.fr\\\/pharmacie\\\/#website\",\"url\":\"https:\\\/\\\/chirurgie-orthopedie-vannes.fr\\\/pharmacie\\\/\",\"name\":\"Chirurgie-Orthopedie-Vannes\",\"description\":\"\",\"potentialAction\":[{\"@type\":\"SearchAction\",\"target\":{\"@type\":\"EntryPoint\",\"urlTemplate\":\"https:\\\/\\\/chirurgie-orthopedie-vannes.fr\\\/pharmacie\\\/?s={search_term_string}\"},\"query-input\":{\"@type\":\"PropertyValueSpecification\",\"valueRequired\":true,\"valueName\":\"search_term_string\"}}],\"inLanguage\":\"fr-FR\"}]}<\/script>\n<!-- \/ Yoast SEO plugin. -->","yoast_head_json":{"title":"Relixen Oil - Avis, Forum, Pharmacie, Prix, Effets | -50%","robots":{"index":"index","follow":"follow","max-snippet":"max-snippet:-1","max-image-preview":"max-image-preview:large","max-video-preview":"max-video-preview:-1"},"canonical":"https:\/\/chirurgie-orthopedie-vannes.fr\/pharmacie\/supp\/relixen-oil\/","og_locale":"fr_FR","og_type":"article","og_title":"Relixen Oil - Avis, Forum, Pharmacie, Prix, Effets | -50%","og_url":"https:\/\/chirurgie-orthopedie-vannes.fr\/pharmacie\/supp\/relixen-oil\/","og_site_name":"Chirurgie-Orthopedie-Vannes","article_modified_time":"2025-01-14T13:28:01+00:00","og_image":[{"width":768,"height":768,"url":"https:\/\/chirurgie-orthopedie-vannes.fr\/pharmacie\/wp-content\/uploads\/2024\/10\/Relixen-Oil.jpg","type":"image\/jpeg"}],"twitter_card":"summary_large_image","twitter_description":"[date_countdown]","twitter_misc":{"Dur\u00e9e de lecture estim\u00e9e":"1 minute"},"schema":{"@context":"https:\/\/schema.org","@graph":[{"@type":"WebPage","@id":"https:\/\/chirurgie-orthopedie-vannes.fr\/pharmacie\/supp\/relixen-oil\/","url":"https:\/\/chirurgie-orthopedie-vannes.fr\/pharmacie\/supp\/relixen-oil\/","name":"Relixen Oil - Avis, Forum, Pharmacie, Prix, Effets | -50%","isPartOf":{"@id":"https:\/\/chirurgie-orthopedie-vannes.fr\/pharmacie\/#website"},"primaryImageOfPage":{"@id":"https:\/\/chirurgie-orthopedie-vannes.fr\/pharmacie\/supp\/relixen-oil\/#primaryimage"},"image":{"@id":"https:\/\/chirurgie-orthopedie-vannes.fr\/pharmacie\/supp\/relixen-oil\/#primaryimage"},"thumbnailUrl":"https:\/\/chirurgie-orthopedie-vannes.fr\/pharmacie\/wp-content\/uploads\/2024\/10\/Relixen-Oil.jpg","datePublished":"2024-10-18T19:46:01+00:00","dateModified":"2025-01-14T13:28:01+00:00","breadcrumb":{"@id":"https:\/\/chirurgie-orthopedie-vannes.fr\/pharmacie\/supp\/relixen-oil\/#breadcrumb"},"inLanguage":"fr-FR","potentialAction":[{"@type":"ReadAction","target":["https:\/\/chirurgie-orthopedie-vannes.fr\/pharmacie\/supp\/relixen-oil\/"]}]},{"@type":"ImageObject","inLanguage":"fr-FR","@id":"https:\/\/chirurgie-orthopedie-vannes.fr\/pharmacie\/supp\/relixen-oil\/#primaryimage","url":"https:\/\/chirurgie-orthopedie-vannes.fr\/pharmacie\/wp-content\/uploads\/2024\/10\/Relixen-Oil.jpg","contentUrl":"https:\/\/chirurgie-orthopedie-vannes.fr\/pharmacie\/wp-content\/uploads\/2024\/10\/Relixen-Oil.jpg","width":768,"height":768},{"@type":"BreadcrumbList","@id":"https:\/\/chirurgie-orthopedie-vannes.fr\/pharmacie\/supp\/relixen-oil\/#breadcrumb","itemListElement":[{"@type":"ListItem","position":1,"name":"Strona g\u0142\u00f3wna","item":"https:\/\/chirurgie-orthopedie-vannes.fr\/pharmacie\/"},{"@type":"ListItem","position":2,"name":"farmaci","item":"https:\/\/chirurgie-orthopedie-vannes.fr\/pharmacie\/"},{"@type":"ListItem","position":3,"name":"Relixen Oil"}]},{"@type":"WebSite","@id":"https:\/\/chirurgie-orthopedie-vannes.fr\/pharmacie\/#website","url":"https:\/\/chirurgie-orthopedie-vannes.fr\/pharmacie\/","name":"Chirurgie-Orthopedie-Vannes","description":"","potentialAction":[{"@type":"SearchAction","target":{"@type":"EntryPoint","urlTemplate":"https:\/\/chirurgie-orthopedie-vannes.fr\/pharmacie\/?s={search_term_string}"},"query-input":{"@type":"PropertyValueSpecification","valueRequired":true,"valueName":"search_term_string"}}],"inLanguage":"fr-FR"}]}},"_links":{"self":[{"href":"https:\/\/chirurgie-orthopedie-vannes.fr\/pharmacie\/wp-json\/wp\/v2\/product\/4455","targetHints":{"allow":["GET"]}}],"collection":[{"href":"https:\/\/chirurgie-orthopedie-vannes.fr\/pharmacie\/wp-json\/wp\/v2\/product"}],"about":[{"href":"https:\/\/chirurgie-orthopedie-vannes.fr\/pharmacie\/wp-json\/wp\/v2\/types\/product"}],"replies":[{"embeddable":true,"href":"https:\/\/chirurgie-orthopedie-vannes.fr\/pharmacie\/wp-json\/wp\/v2\/comments?post=4455"}],"wp:featuredmedia":[{"embeddable":true,"href":"https:\/\/chirurgie-orthopedie-vannes.fr\/pharmacie\/wp-json\/wp\/v2\/media\/3845"}],"wp:attachment":[{"href":"https:\/\/chirurgie-orthopedie-vannes.fr\/pharmacie\/wp-json\/wp\/v2\/media?parent=4455"}],"wp:term":[{"taxonomy":"product_brand","embeddable":true,"href":"https:\/\/chirurgie-orthopedie-vannes.fr\/pharmacie\/wp-json\/wp\/v2\/product_brand?post=4455"},{"taxonomy":"product_cat","embeddable":true,"href":"https:\/\/chirurgie-orthopedie-vannes.fr\/pharmacie\/wp-json\/wp\/v2\/product_cat?post=4455"},{"taxonomy":"product_tag","embeddable":true,"href":"https:\/\/chirurgie-orthopedie-vannes.fr\/pharmacie\/wp-json\/wp\/v2\/product_tag?post=4455"}],"curies":[{"name":"wp","href":"https:\/\/api.w.org\/{rel}","templated":true}]}}