{"id":4470,"date":"2024-10-18T19:46:04","date_gmt":"2024-10-18T19:46:04","guid":{"rendered":"https:\/\/chirurgie-orthopedie-vannes.fr\/pharmacie\/?post_type=product&#038;p=4470"},"modified":"2025-01-14T13:28:16","modified_gmt":"2025-01-14T13:28:16","slug":"gh-balance","status":"publish","type":"product","link":"https:\/\/chirurgie-orthopedie-vannes.fr\/pharmacie\/supp\/gh-balance\/","title":{"rendered":"GH Balance"},"content":{"rendered":"<h2 class=\"wp-block-heading\">Qu&rsquo;est-ce que la balance fant\u00f4me et comment fonctionne-t-elle ?<\/h2>\n\n\n<p>Gh Balance est un <b>compl\u00e9ment alimentaire<\/b> innovant qui joue un r\u00f4le cl\u00e9 dans la prise de masse musculaire. Son <em>action<\/em> repose sur la stimulation de la production naturelle d&rsquo;hormone de croissance par l&rsquo;organisme, ce qui favorise \u00e0 la fois la synth\u00e8se des prot\u00e9ines et l&rsquo;am\u00e9lioration du m\u00e9tabolisme. Gh Balance soutient ainsi les processus de construction musculaire et de r\u00e9duction des graisses.<\/p>\n\n\n<p>L&rsquo;<b>utilisation<\/b> r\u00e9guli\u00e8re <b>de<\/b> ce <em>compl\u00e9ment alimentaire<\/em> se traduit par une augmentation significative de la force et de l&rsquo;endurance. Apr\u00e8s une semaine, les premiers <b>effets<\/b> sont visibles, tandis qu&rsquo;apr\u00e8s un mois d&rsquo;utilisation, les r\u00e9sultats sont encore plus prononc\u00e9s. Gh Balance est un excellent choix pour ceux qui souhaitent augmenter leur masse musculaire, am\u00e9liorer leurs performances physiques et favoriser la r\u00e9g\u00e9n\u00e9ration musculaire.<\/p>\n\n\n\n<ul class=\"wp-block-list\">\n<li>Stimule la production naturelle d&rsquo;hormone de croissance.<\/li>\n\n\n\n<li>Augmente la synth\u00e8se des prot\u00e9ines, ce qui favorise le d\u00e9veloppement musculaire.<\/li>\n\n\n\n<li><b>Effets<\/b> visibles apr\u00e8s une semaine, premiers changements significatifs apr\u00e8s un mois.<\/li>\n<\/ul>\n\n\n<p>Gr\u00e2ce \u00e0 ses principes actifs efficaces, Gh Balance apporte \u00e0 l&rsquo;organisme ce dont il a besoin pour atteindre ses objectifs sportifs, tout en am\u00e9liorant le bien-\u00eatre g\u00e9n\u00e9ral. Le compl\u00e9ment convient aux personnes de plus de 18 ans et son <b>utilisation<\/b> r\u00e9guli\u00e8re permet d&rsquo;obtenir des r\u00e9sultats durables en termes de croissance de la masse musculaire et d&rsquo;am\u00e9lioration des performances.<\/p>\n\n\n<h2 class=\"wp-block-heading\">Gh Balance &#8211; effets de l&rsquo;utilisation<\/h2>\n\n\n<p>L&rsquo;<b>utilisation<\/b> r\u00e9guli\u00e8re de Gh Balance a un certain nombre d&rsquo;effets positifs qui peuvent affecter de mani\u00e8re significative le bien-\u00eatre et l&rsquo;apparence physique des utilisateurs. D\u00e8s la premi\u00e8re semaine d&rsquo;utilisation, les premiers effets sont observ\u00e9s, tels que l&rsquo;augmentation de la masse musculaire et l&rsquo;am\u00e9lioration des performances. Les personnes qui optent pour ce suppl\u00e9ment remarquent non seulement une augmentation de l&rsquo;\u00e9nergie, mais aussi une am\u00e9lioration de l&rsquo;\u00e9tat mental.<\/p>\n\n\n<p>Apr\u00e8s un mois de prise r\u00e9guli\u00e8re de Gh Balance, des muscles plus d\u00e9finis et une <b>r\u00e9duction<\/b> efficace <b>de la graisse<\/b> sont imm\u00e9diatement visibles. <b>Les utilisateurs<\/b> font \u00e9tat d&rsquo;un meilleur sentiment de bien-\u00eatre, ce qui se traduit par un d\u00e9sir d&rsquo;intensifier les s\u00e9ances d&rsquo;entra\u00eenement. Gh Balance n&rsquo;agit pas seulement sur le corps, mais soutient \u00e9galement les articulations, ce qui est extr\u00eamement important, surtout pour les personnes actives.<\/p>\n\n\n<p>Vous trouverez ci-dessous des exemples d&rsquo;effets de l&rsquo;utilisation de Gh Balance :<\/p>\n\n\n\n<ul class=\"wp-block-list\">\n<li>Augmenter la masse musculaire<\/li>\n\n\n\n<li><b>R\u00e9duction de la graisse<\/b><\/li>\n\n\n\n<li>Augmentation de l&rsquo;\u00e9nergie pour l&rsquo;exercice physique<\/li>\n\n\n\n<li>Am\u00e9lioration de la condition physique<\/li>\n\n\n\n<li>Soutien aux articulations<\/li>\n<\/ul>\n\n\n<p>Gh Balance est un \u00e9l\u00e9ment efficace pour ceux qui souhaitent am\u00e9liorer leur physique et leur condition physique. Le suppl\u00e9ment peut \u00eatre utilis\u00e9 sans avoir \u00e0 renoncer \u00e0 ses habitudes alimentaires ou \u00e0 son mode de vie actuel. Avec des ingr\u00e9dients naturels tels que le GHFactor-7\u2122, le Tribulus Terrestris et la caf\u00e9ine, Gh Balance devient un choix int\u00e9ressant pour les personnes qui souhaitent obtenir des r\u00e9sultats exceptionnels en peu de temps.<\/p>\n\n\n<h2 class=\"wp-block-heading\">Comment utiliser Gh Balance ? &#8211; Dosage et recommandations<\/h2>\n\n\n<p>L&rsquo;utilisation de Gh Balance n\u00e9cessite la prise en compte des besoins individuels de l&rsquo;organisme. Le <b>dosage<\/b> recommand\u00e9 est g\u00e9n\u00e9ralement d&rsquo;un comprim\u00e9 par jour, \u00e0 prendre le matin ou avant l&rsquo;entra\u00eenement.<\/p>\n\n\n<p>Il est essentiel de suivre les instructions figurant sur l&#8217;emballage et de veiller \u00e0 un r\u00e9gime alimentaire appropri\u00e9. La prise r\u00e9guli\u00e8re du suppl\u00e9ment contribuera \u00e0 de meilleurs r\u00e9sultats, en particulier lorsqu&rsquo;elle est associ\u00e9e \u00e0 une activit\u00e9 physique. Il convient de garder \u00e0 l&rsquo;esprit que chaque organisme r\u00e9agit diff\u00e9remment aux <b>nutriments<\/b>, de sorte que l&rsquo;utilisation doit \u00eatre adapt\u00e9e aux objectifs et aux besoins personnels.<\/p>\n\n\n<p>Voici un tableau de dosage des radios en fonction de l&rsquo;intensit\u00e9 de l&rsquo;entra\u00eenement :<\/p>\n\n\n<figure class=\"wp-block-table\"><table class=\"has-fixed-layout\"><tbody><tr><th>Type de formation<\/th><th>Dosage recommand\u00e9<\/th><\/tr><tr><td>Entra\u00eenement l\u00e9ger<\/td><td>1 comprim\u00e9 par jour<\/td><\/tr><tr><td>Formation mod\u00e9r\u00e9e<\/td><td>1 \u00e0 2 comprim\u00e9s par jour<\/td><\/tr><tr><td>Formation intensive<\/td><td>2-3 comprim\u00e9s par jour<\/td><\/tr><\/tbody><\/table><\/figure>\n\n\n<p>L&rsquo;importance du dosage et de l&rsquo;utilisation de Gh Balance augmente lorsqu&rsquo;il est associ\u00e9 \u00e0 un r\u00e9gime alimentaire judicieusement con\u00e7u et \u00e0 un programme d&rsquo;exercice physique appropri\u00e9. Il est \u00e9galement utile de contr\u00f4ler r\u00e9guli\u00e8rement les effets de l&rsquo;utilisation afin d&rsquo;ajuster le <b>dosage<\/b> en fonction des besoins actuels de l&rsquo;organisme.<\/p>\n\n\n<p>Si vous avez des doutes ou des probl\u00e8mes concernant l&rsquo;utilisation, il est conseill\u00e9 de consulter votre m\u00e9decin ou votre nutritionniste.<\/p>\n\n\n<h2 class=\"wp-block-heading\">Gh Balance &#8211; Avis et critiques &#8211; Que disent les utilisateurs ?<\/h2>\n\n\n<p>Les <b>avis sur<\/b> GH Balance sont tr\u00e8s largement positifs. Les <b>utilisateurs<\/b> remarquent des effets significatifs qui apparaissent apr\u00e8s une courte p\u00e9riode d&rsquo;utilisation. Les recommandations sur les forums et dans les revues confirment son efficacit\u00e9, le produit obtenant un score impressionnant de 4,6 sur 5, ce qui t\u00e9moigne de la popularit\u00e9 et de la confiance croissantes qu&rsquo;il a gagn\u00e9es parmi les personnes physiquement actives.<\/p>\n\n\n\n<blockquote class=\"wp-block-quote is-layout-flow wp-block-quote-is-layout-flow\"><p>Mariusz, 32 ans : <em>\u00ab\u00a0L&rsquo;utilisation r\u00e9guli\u00e8re de GH Balance m&rsquo;a apport\u00e9 une augmentation significative de la masse musculaire. Apr\u00e8s quelques semaines, j&rsquo;ai remarqu\u00e9 une am\u00e9lioration de la force et de l&rsquo;endurance, ce qui se traduit par de meilleures s\u00e9ances d&rsquo;entra\u00eenement. Je n&rsquo;ai pas eu d&rsquo;effets secondaires. Je le recommande sans h\u00e9siter !\u00a0\u00bb<\/em><\/p>\n<\/blockquote>\n\n\n\n<blockquote class=\"wp-block-quote is-layout-flow wp-block-quote-is-layout-flow\"><p>Christopher, 27 ans, a d\u00e9clar\u00e9 : \u00ab\u00a0GH Balance m&rsquo;a aid\u00e9 dans ma lutte contre le surpoids : <em>\u00ab\u00a0GH Balance m&rsquo;a aid\u00e9 dans ma lutte contre le surpoids. Il m&rsquo;a aid\u00e9 \u00e0 r\u00e9duire ma masse graisseuse et \u00e0 d\u00e9velopper mes muscles. Apr\u00e8s un mois, j&rsquo;ai remarqu\u00e9 que j&rsquo;avais plus d&rsquo;\u00e9nergie et une meilleure forme. Un compl\u00e9ment qui vaut son pesant d&rsquo;or.<\/em><\/p>\n<\/blockquote>\n\n\n\n<blockquote class=\"wp-block-quote is-layout-flow wp-block-quote-is-layout-flow\"><p>Jacek, 35 ans, a d\u00e9clar\u00e9 : \u00ab\u00a0Au d\u00e9but, j&rsquo;avais des doutes, mais le GH Balance s&rsquo;est av\u00e9r\u00e9 efficace : <em>\u00ab\u00a0Au d\u00e9but, j&rsquo;avais des doutes, mais GH Balance s&rsquo;est av\u00e9r\u00e9 efficace. Apr\u00e8s 4 semaines, mes muscles sont mieux dessin\u00e9s et je me sens plus confiant. Je le recommanderais \u00e0 tous ceux qui veulent changer leur physique\u00a0\u00bb.<\/em><\/p>\n<\/blockquote>\n\n\n<p>De nombreux utilisateurs signalent l&rsquo;absence d&rsquo;effets secondaires, ce qui renforce le sentiment de s\u00e9curit\u00e9 lors de l&rsquo;utilisation du compl\u00e9ment. Il est important de noter que GH Balance est destin\u00e9 aux personnes \u00e2g\u00e9es de plus de 18 ans et en bonne sant\u00e9. La grande majorit\u00e9 des avis indiquent des r\u00e9sultats durables d&rsquo;utilisation, confirmant son efficacit\u00e9 en tant que soutien \u00e0 la prise de masse musculaire.<\/p>\n\n\n<h2 class=\"wp-block-heading\">Gh Balance &#8211; Composition &#8211; Analyse des ingr\u00e9dients<\/h2>\n\n\n<p>Gh Balance est un <b>compl\u00e9ment alimentaire<\/b> qui contient des <b>ingr\u00e9dients<\/b> soigneusement s\u00e9lectionn\u00e9s pour soutenir les processus de prise de masse musculaire. Plusieurs \u00e9l\u00e9ments cl\u00e9s entrent dans la composition du produit, dont l <em>&lsquo;analyse<\/em> indique leur grande efficacit\u00e9.<\/p>\n\n\n\n<ul class=\"wp-block-list\">\n<li><strong>L-arginine :<\/strong> L&rsquo;acide amin\u00e9 responsable de la stimulation de la production de l&rsquo;hormone de croissance, qui contribue \u00e0 l&rsquo;augmentation de la masse musculaire.<\/li>\n\n\n\n<li><strong>Tribulus Terrestris :<\/strong> Une plante connue pour ses propri\u00e9t\u00e9s qui augmentent la synth\u00e8se des prot\u00e9ines et am\u00e9liorent le m\u00e9tabolisme.<\/li>\n\n\n\n<li><strong>Caf\u00e9ine :<\/strong> Un ingr\u00e9dient qui favorise la combustion des graisses et augmente les niveaux d&rsquo;\u00e9nergie, ce qui est important pendant les s\u00e9ances d&rsquo;entra\u00eenement intenses.<\/li>\n<\/ul>\n\n\n<p>L&rsquo;utilisation r\u00e9guli\u00e8re de Gh Balance, \u00e0 la dose recommand\u00e9e d&rsquo;une g\u00e9lule deux fois par jour, permet aux <em>ingr\u00e9dients<\/em> actifs de maintenir des niveaux stables, ce qui se traduit par de meilleurs r\u00e9sultats \u00e0 l&rsquo;entra\u00eenement. La <b>composition<\/b> joue un r\u00f4le cl\u00e9 dans l&rsquo;obtention des r\u00e9sultats, car l&rsquo;<b>action<\/b> synergique <b>de<\/b> ces ingr\u00e9dients permet d&rsquo;augmenter significativement les performances et d&rsquo;acc\u00e9l\u00e9rer la r\u00e9cup\u00e9ration musculaire.<\/p>\n\n\n<p>Il convient de noter qu&rsquo;il est important de se familiariser avec les ingr\u00e9dients et leurs effets secondaires potentiels avant de commencer le traitement afin de garantir une utilisation <b>s\u00fbre<\/b>. Une <em>analyse<\/em> correcte <em>de<\/em> chaque composant de ce suppl\u00e9ment est cruciale pour soutenir efficacement et en toute s\u00e9curit\u00e9 vos objectifs d&rsquo;entra\u00eenement.<\/p>\n\n\n<h2 class=\"wp-block-heading\">O\u00f9 acheter Gh Balance &#8211; prix<\/h2>\n\n\n<p>Gh Balance <em>ne peut<\/em> \u00eatre achet\u00e9 <em>que sur le site officiel du fabricant<\/em>. Ce compl\u00e9ment alimentaire, recommand\u00e9 pour les personnes souhaitant augmenter leur masse musculaire, est uniquement disponible \u00e0 la vente en ligne. Cette solution permet de minimiser le risque d&rsquo;achat de contrefa\u00e7ons et d&rsquo;acc\u00e9der aux <em>promotions en cours<\/em>.<\/p>\n\n\n<p>Les prix de Gh Balance sont susceptibles d&rsquo;\u00eatre modifi\u00e9s en fonction des offres en cours. En outre, les clients qui commandent directement sur le site officiel du fabricant peuvent b\u00e9n\u00e9ficier d&rsquo;une livraison gratuite.<\/p>\n\n\n<p>Il convient \u00e9galement de noter qu&rsquo;en achetant Gh Balance, vous b\u00e9n\u00e9ficiez d&rsquo;une garantie suppl\u00e9mentaire. Les clients ont la possibilit\u00e9 de retourner le produit dans les 90 jours si la formule ne r\u00e9pond pas \u00e0 leurs attentes. Cela montre la confiance que le <em>fabricant officiel<\/em> a dans son produit.<\/p>\n\n\n<h2 class=\"wp-block-heading\">Gh Balance &#8211; Effets secondaires et contre-indications &#8211; Est-il s\u00fbr ?<\/h2>\n\n\n<p>Gh Balance, comme de nombreux compl\u00e9ments alimentaires, comporte des <b>effets secondaires<\/b> potentiels. Les <b>utilisateurs<\/b> signalent souvent des sympt\u00f4mes tels que des modifications de la peau, des douleurs articulaires et des probl\u00e8mes hormonaux. Il convient de noter que les effets indiqu\u00e9s peuvent \u00eatre indirectement li\u00e9s \u00e0 un mauvais dosage ou \u00e0 des r\u00e9actions corporelles individuelles. Ces aspects doivent \u00eatre pris en compte avant de commencer la suppl\u00e9mentation afin d&rsquo;\u00e9viter des cons\u00e9quences ind\u00e9sirables.<\/p>\n\n\n<p>En outre, certaines <b>contre-indications<\/b> doivent \u00eatre prises en compte. Les personnes souffrant de maladies chroniques, les femmes enceintes ou allaitantes et les mineurs doivent \u00e9viter de prendre Gh Balance. Il est toujours conseill\u00e9 de consulter un m\u00e9decin avant de commencer une suppl\u00e9mentation. Seul un sp\u00e9cialiste sera en mesure d&rsquo;\u00e9valuer si un produit convient \u00e0 une personne en particulier, ce qui affecte la <b>s\u00e9curit\u00e9 de<\/b> son utilisation.<\/p>\n\n\n<p>En conclusion, bien que Gh Balance puisse offrir des avantages int\u00e9ressants pour ceux qui cherchent \u00e0 augmenter leur masse musculaire, il est crucial de comprendre les effets secondaires possibles, ainsi que de suivre les contre-indications. Avant d&rsquo;introduire un suppl\u00e9ment dans votre alimentation quotidienne, un diagnostic m\u00e9dical et une consultation avec un sp\u00e9cialiste peuvent garantir une approche appropri\u00e9e et s\u00fbre de la sant\u00e9 et de l&rsquo;efficacit\u00e9 de la suppl\u00e9mentation.<\/p>\n","protected":false},"excerpt":{"rendered":"<p><strong>[date_countdown]<\/strong><\/p>\n<p><img decoding=\"async\" class=\"alignnone  wp-image-8427\" src=\"https:\/\/chirurgie-orthopedie-vannes.fr\/pharmacie\/wp-content\/uploads\/2024\/10\/SAFE-PAY-300x88-1.png\" alt=\"SAFE-PAY-300x88\" width=\"164\" height=\"48\" \/><\/p>\n","protected":false},"featured_media":3898,"comment_status":"open","ping_status":"closed","template":"","meta":{"neve_meta_sidebar":"","neve_meta_container":"","neve_meta_enable_content_width":"","neve_meta_content_width":0,"neve_meta_title_alignment":"","neve_meta_author_avatar":"","neve_post_elements_order":"","neve_meta_disable_header":"","neve_meta_disable_footer":"","neve_meta_disable_title":"","neve_meta_reading_time":""},"product_brand":[],"product_cat":[15],"product_tag":[],"class_list":{"0":"post-4470","1":"product","2":"type-product","3":"status-publish","4":"has-post-thumbnail","6":"product_cat-perte-de-poids","8":"first","9":"instock","10":"sale","11":"shipping-taxable","12":"product-type-external"},"yoast_head":"<!-- This site is optimized with the Yoast SEO plugin v27.4 - https:\/\/yoast.com\/product\/yoast-seo-wordpress\/ -->\n<title>GH Balance - Avis, Forum, Pharmacie, Prix, Effets | -50%<\/title>\n<meta name=\"robots\" content=\"index, follow, max-snippet:-1, max-image-preview:large, max-video-preview:-1\" \/>\n<link rel=\"canonical\" href=\"https:\/\/chirurgie-orthopedie-vannes.fr\/pharmacie\/supp\/gh-balance\/\" \/>\n<meta property=\"og:locale\" content=\"fr_FR\" \/>\n<meta property=\"og:type\" content=\"article\" \/>\n<meta property=\"og:title\" content=\"GH Balance - Avis, Forum, Pharmacie, Prix, Effets | -50%\" \/>\n<meta property=\"og:url\" content=\"https:\/\/chirurgie-orthopedie-vannes.fr\/pharmacie\/supp\/gh-balance\/\" \/>\n<meta property=\"og:site_name\" content=\"Chirurgie-Orthopedie-Vannes\" \/>\n<meta property=\"article:modified_time\" content=\"2025-01-14T13:28:16+00:00\" \/>\n<meta property=\"og:image\" content=\"https:\/\/chirurgie-orthopedie-vannes.fr\/pharmacie\/wp-content\/uploads\/2024\/10\/Gh-Balance.jpg\" \/>\n\t<meta property=\"og:image:width\" content=\"768\" \/>\n\t<meta property=\"og:image:height\" content=\"768\" \/>\n\t<meta property=\"og:image:type\" content=\"image\/jpeg\" \/>\n<meta name=\"twitter:card\" content=\"summary_large_image\" \/>\n<meta name=\"twitter:description\" content=\"[date_countdown]\" \/>\n<meta name=\"twitter:label1\" content=\"Dur\u00e9e de lecture estim\u00e9e\" \/>\n\t<meta name=\"twitter:data1\" content=\"1 minute\" \/>\n<script type=\"application\/ld+json\" class=\"yoast-schema-graph\">{\"@context\":\"https:\\\/\\\/schema.org\",\"@graph\":[{\"@type\":\"WebPage\",\"@id\":\"https:\\\/\\\/chirurgie-orthopedie-vannes.fr\\\/pharmacie\\\/supp\\\/gh-balance\\\/\",\"url\":\"https:\\\/\\\/chirurgie-orthopedie-vannes.fr\\\/pharmacie\\\/supp\\\/gh-balance\\\/\",\"name\":\"GH Balance - Avis, Forum, Pharmacie, Prix, Effets | -50%\",\"isPartOf\":{\"@id\":\"https:\\\/\\\/chirurgie-orthopedie-vannes.fr\\\/pharmacie\\\/#website\"},\"primaryImageOfPage\":{\"@id\":\"https:\\\/\\\/chirurgie-orthopedie-vannes.fr\\\/pharmacie\\\/supp\\\/gh-balance\\\/#primaryimage\"},\"image\":{\"@id\":\"https:\\\/\\\/chirurgie-orthopedie-vannes.fr\\\/pharmacie\\\/supp\\\/gh-balance\\\/#primaryimage\"},\"thumbnailUrl\":\"https:\\\/\\\/chirurgie-orthopedie-vannes.fr\\\/pharmacie\\\/wp-content\\\/uploads\\\/2024\\\/10\\\/Gh-Balance.jpg\",\"datePublished\":\"2024-10-18T19:46:04+00:00\",\"dateModified\":\"2025-01-14T13:28:16+00:00\",\"breadcrumb\":{\"@id\":\"https:\\\/\\\/chirurgie-orthopedie-vannes.fr\\\/pharmacie\\\/supp\\\/gh-balance\\\/#breadcrumb\"},\"inLanguage\":\"fr-FR\",\"potentialAction\":[{\"@type\":\"ReadAction\",\"target\":[\"https:\\\/\\\/chirurgie-orthopedie-vannes.fr\\\/pharmacie\\\/supp\\\/gh-balance\\\/\"]}]},{\"@type\":\"ImageObject\",\"inLanguage\":\"fr-FR\",\"@id\":\"https:\\\/\\\/chirurgie-orthopedie-vannes.fr\\\/pharmacie\\\/supp\\\/gh-balance\\\/#primaryimage\",\"url\":\"https:\\\/\\\/chirurgie-orthopedie-vannes.fr\\\/pharmacie\\\/wp-content\\\/uploads\\\/2024\\\/10\\\/Gh-Balance.jpg\",\"contentUrl\":\"https:\\\/\\\/chirurgie-orthopedie-vannes.fr\\\/pharmacie\\\/wp-content\\\/uploads\\\/2024\\\/10\\\/Gh-Balance.jpg\",\"width\":768,\"height\":768},{\"@type\":\"BreadcrumbList\",\"@id\":\"https:\\\/\\\/chirurgie-orthopedie-vannes.fr\\\/pharmacie\\\/supp\\\/gh-balance\\\/#breadcrumb\",\"itemListElement\":[{\"@type\":\"ListItem\",\"position\":1,\"name\":\"Strona g\u0142\u00f3wna\",\"item\":\"https:\\\/\\\/chirurgie-orthopedie-vannes.fr\\\/pharmacie\\\/\"},{\"@type\":\"ListItem\",\"position\":2,\"name\":\"farmaci\",\"item\":\"https:\\\/\\\/chirurgie-orthopedie-vannes.fr\\\/pharmacie\\\/\"},{\"@type\":\"ListItem\",\"position\":3,\"name\":\"GH Balance\"}]},{\"@type\":\"WebSite\",\"@id\":\"https:\\\/\\\/chirurgie-orthopedie-vannes.fr\\\/pharmacie\\\/#website\",\"url\":\"https:\\\/\\\/chirurgie-orthopedie-vannes.fr\\\/pharmacie\\\/\",\"name\":\"Chirurgie-Orthopedie-Vannes\",\"description\":\"\",\"potentialAction\":[{\"@type\":\"SearchAction\",\"target\":{\"@type\":\"EntryPoint\",\"urlTemplate\":\"https:\\\/\\\/chirurgie-orthopedie-vannes.fr\\\/pharmacie\\\/?s={search_term_string}\"},\"query-input\":{\"@type\":\"PropertyValueSpecification\",\"valueRequired\":true,\"valueName\":\"search_term_string\"}}],\"inLanguage\":\"fr-FR\"}]}<\/script>\n<!-- \/ Yoast SEO plugin. -->","yoast_head_json":{"title":"GH Balance - Avis, Forum, Pharmacie, Prix, Effets | -50%","robots":{"index":"index","follow":"follow","max-snippet":"max-snippet:-1","max-image-preview":"max-image-preview:large","max-video-preview":"max-video-preview:-1"},"canonical":"https:\/\/chirurgie-orthopedie-vannes.fr\/pharmacie\/supp\/gh-balance\/","og_locale":"fr_FR","og_type":"article","og_title":"GH Balance - Avis, Forum, Pharmacie, Prix, Effets | -50%","og_url":"https:\/\/chirurgie-orthopedie-vannes.fr\/pharmacie\/supp\/gh-balance\/","og_site_name":"Chirurgie-Orthopedie-Vannes","article_modified_time":"2025-01-14T13:28:16+00:00","og_image":[{"width":768,"height":768,"url":"https:\/\/chirurgie-orthopedie-vannes.fr\/pharmacie\/wp-content\/uploads\/2024\/10\/Gh-Balance.jpg","type":"image\/jpeg"}],"twitter_card":"summary_large_image","twitter_description":"[date_countdown]","twitter_misc":{"Dur\u00e9e de lecture estim\u00e9e":"1 minute"},"schema":{"@context":"https:\/\/schema.org","@graph":[{"@type":"WebPage","@id":"https:\/\/chirurgie-orthopedie-vannes.fr\/pharmacie\/supp\/gh-balance\/","url":"https:\/\/chirurgie-orthopedie-vannes.fr\/pharmacie\/supp\/gh-balance\/","name":"GH Balance - Avis, Forum, Pharmacie, Prix, Effets | -50%","isPartOf":{"@id":"https:\/\/chirurgie-orthopedie-vannes.fr\/pharmacie\/#website"},"primaryImageOfPage":{"@id":"https:\/\/chirurgie-orthopedie-vannes.fr\/pharmacie\/supp\/gh-balance\/#primaryimage"},"image":{"@id":"https:\/\/chirurgie-orthopedie-vannes.fr\/pharmacie\/supp\/gh-balance\/#primaryimage"},"thumbnailUrl":"https:\/\/chirurgie-orthopedie-vannes.fr\/pharmacie\/wp-content\/uploads\/2024\/10\/Gh-Balance.jpg","datePublished":"2024-10-18T19:46:04+00:00","dateModified":"2025-01-14T13:28:16+00:00","breadcrumb":{"@id":"https:\/\/chirurgie-orthopedie-vannes.fr\/pharmacie\/supp\/gh-balance\/#breadcrumb"},"inLanguage":"fr-FR","potentialAction":[{"@type":"ReadAction","target":["https:\/\/chirurgie-orthopedie-vannes.fr\/pharmacie\/supp\/gh-balance\/"]}]},{"@type":"ImageObject","inLanguage":"fr-FR","@id":"https:\/\/chirurgie-orthopedie-vannes.fr\/pharmacie\/supp\/gh-balance\/#primaryimage","url":"https:\/\/chirurgie-orthopedie-vannes.fr\/pharmacie\/wp-content\/uploads\/2024\/10\/Gh-Balance.jpg","contentUrl":"https:\/\/chirurgie-orthopedie-vannes.fr\/pharmacie\/wp-content\/uploads\/2024\/10\/Gh-Balance.jpg","width":768,"height":768},{"@type":"BreadcrumbList","@id":"https:\/\/chirurgie-orthopedie-vannes.fr\/pharmacie\/supp\/gh-balance\/#breadcrumb","itemListElement":[{"@type":"ListItem","position":1,"name":"Strona g\u0142\u00f3wna","item":"https:\/\/chirurgie-orthopedie-vannes.fr\/pharmacie\/"},{"@type":"ListItem","position":2,"name":"farmaci","item":"https:\/\/chirurgie-orthopedie-vannes.fr\/pharmacie\/"},{"@type":"ListItem","position":3,"name":"GH Balance"}]},{"@type":"WebSite","@id":"https:\/\/chirurgie-orthopedie-vannes.fr\/pharmacie\/#website","url":"https:\/\/chirurgie-orthopedie-vannes.fr\/pharmacie\/","name":"Chirurgie-Orthopedie-Vannes","description":"","potentialAction":[{"@type":"SearchAction","target":{"@type":"EntryPoint","urlTemplate":"https:\/\/chirurgie-orthopedie-vannes.fr\/pharmacie\/?s={search_term_string}"},"query-input":{"@type":"PropertyValueSpecification","valueRequired":true,"valueName":"search_term_string"}}],"inLanguage":"fr-FR"}]}},"_links":{"self":[{"href":"https:\/\/chirurgie-orthopedie-vannes.fr\/pharmacie\/wp-json\/wp\/v2\/product\/4470","targetHints":{"allow":["GET"]}}],"collection":[{"href":"https:\/\/chirurgie-orthopedie-vannes.fr\/pharmacie\/wp-json\/wp\/v2\/product"}],"about":[{"href":"https:\/\/chirurgie-orthopedie-vannes.fr\/pharmacie\/wp-json\/wp\/v2\/types\/product"}],"replies":[{"embeddable":true,"href":"https:\/\/chirurgie-orthopedie-vannes.fr\/pharmacie\/wp-json\/wp\/v2\/comments?post=4470"}],"wp:featuredmedia":[{"embeddable":true,"href":"https:\/\/chirurgie-orthopedie-vannes.fr\/pharmacie\/wp-json\/wp\/v2\/media\/3898"}],"wp:attachment":[{"href":"https:\/\/chirurgie-orthopedie-vannes.fr\/pharmacie\/wp-json\/wp\/v2\/media?parent=4470"}],"wp:term":[{"taxonomy":"product_brand","embeddable":true,"href":"https:\/\/chirurgie-orthopedie-vannes.fr\/pharmacie\/wp-json\/wp\/v2\/product_brand?post=4470"},{"taxonomy":"product_cat","embeddable":true,"href":"https:\/\/chirurgie-orthopedie-vannes.fr\/pharmacie\/wp-json\/wp\/v2\/product_cat?post=4470"},{"taxonomy":"product_tag","embeddable":true,"href":"https:\/\/chirurgie-orthopedie-vannes.fr\/pharmacie\/wp-json\/wp\/v2\/product_tag?post=4470"}],"curies":[{"name":"wp","href":"https:\/\/api.w.org\/{rel}","templated":true}]}}