{"id":4476,"date":"2024-10-18T19:46:05","date_gmt":"2024-10-18T19:46:05","guid":{"rendered":"https:\/\/chirurgie-orthopedie-vannes.fr\/pharmacie\/?post_type=product&#038;p=4476"},"modified":"2025-01-14T13:28:25","modified_gmt":"2025-01-14T13:28:25","slug":"probolan-50","status":"publish","type":"product","link":"https:\/\/chirurgie-orthopedie-vannes.fr\/pharmacie\/supp\/probolan-50\/","title":{"rendered":"Probolan 50"},"content":{"rendered":"<h2 class=\"wp-block-heading\">Qu&rsquo;est-ce que Probolan 50 et comment fonctionne-t-il ?<\/h2>\n\n\n<p>Probolan 50 est un <b>compl\u00e9ment alimentaire<\/b> unique, tr\u00e8s appr\u00e9ci\u00e9 des sportifs et des amateurs de fitness. Son <em>action<\/em> est bas\u00e9e sur l&rsquo;augmentation de la production de testost\u00e9rone, ce qui favorise directement l&rsquo;obtention de meilleurs r\u00e9sultats sportifs. La formule agit en am\u00e9liorant les performances et l&rsquo;endurance, ce qui est crucial lors d&rsquo;un entra\u00eenement intensif.<\/p>\n\n\n<p>La formule de Probolan 50 est enrichie d&rsquo;ingr\u00e9dients qui contribuent \u00e0 une combustion efficace des graisses. Cela permet non seulement d&rsquo;augmenter la force, mais aussi d&rsquo;am\u00e9liorer la visibilit\u00e9 des muscles. En utilisant ce <em>compl\u00e9ment alimentaire<\/em>, les utilisateurs peuvent s&rsquo;attendre \u00e0 des <b>r\u00e9sultats<\/b> visibles d\u00e8s 48 heures apr\u00e8s le d\u00e9but du traitement, ce qui en fait l&rsquo;un des produits les plus efficaces du march\u00e9.<\/p>\n\n\n<p>Il convient \u00e9galement de noter que Probolan 50 n&rsquo;a pas d&rsquo;effets secondaires. Selon les tests effectu\u00e9s, ses ingr\u00e9dients pr\u00e9sentent une haute tol\u00e9rance, ce qui le rend s\u00fbr pour les utilisateurs. La formule contient des ingr\u00e9dients actifs naturels provenant de sources biologiques, ce qui augmente l&rsquo;efficacit\u00e9 du traitement.<\/p>\n\n\n<p>Gr\u00e2ce \u00e0 ses propri\u00e9t\u00e9s, Probolan 50 peut soutenir le processus de construction de la masse musculaire et augmenter les performances physiques. L&rsquo;<b>utilisation<\/b> r\u00e9guli\u00e8re <b>de<\/b> cette pr\u00e9paration contribue \u00e0 am\u00e9liorer les effets de l&rsquo;entra\u00eenement, ce qui est extr\u00eamement important pour tout athl\u00e8te souhaitant r\u00e9ussir dans sa discipline.<\/p>\n\n\n<h2 class=\"wp-block-heading\">Probolan 50 &#8211; effets d&rsquo;utilisation<\/h2>\n\n\n<p>Probolan 50 est populaire parmi les adeptes de la gymnastique, principalement en raison des effets qui peuvent \u00eatre obtenus apr\u00e8s une utilisation r\u00e9guli\u00e8re. De nombreuses personnes remarquent des gains significatifs de masse musculaire et des am\u00e9liorations de la force et de l&rsquo;endurance. Les utilisateurs mentionnent souvent qu&rsquo;ils atteignent plus rapidement leurs objectifs d&rsquo;entra\u00eenement, ce qui les motive \u00e0 travailler davantage sur leur corps.<\/p>\n\n\n<p>Les effets de Probolan 50 apparaissent g\u00e9n\u00e9ralement en peu de temps. Des \u00e9tudes montrent que des changements visibles peuvent \u00eatre observ\u00e9s d\u00e8s deux jours apr\u00e8s le d\u00e9but de la suppl\u00e9mentation. A long terme, les utilisateurs r\u00e9pondent qu&rsquo;il apporte une vari\u00e9t\u00e9 d&rsquo;avantages pour la sant\u00e9, tels que :<\/p>\n\n\n\n<ul class=\"wp-block-list\">\n<li>Augmentation de la masse musculaire et diminution de la graisse corporelle.<\/li>\n\n\n\n<li>Augmentation de la force, permettant des entra\u00eenements plus lourds.<\/li>\n\n\n\n<li>Am\u00e9lioration de la condition physique et des performances.<\/li>\n\n\n\n<li>Acc\u00e9l\u00e8re le m\u00e9tabolisme, ce qui favorise le processus de combustion.<\/li>\n\n\n\n<li>Am\u00e9lioration de la visibilit\u00e9 musculaire, r\u00e9sultant de la construction de la masse musculaire maigre.<\/li>\n<\/ul>\n\n\n<p>Cependant, aucun effet secondaire significatif n&rsquo;a \u00e9t\u00e9 signal\u00e9, ce qui confirme que Probolan 50 est un compl\u00e9ment s\u00fbr pour la plupart des gens. Une suppl\u00e9mentation ad\u00e9quate a un impact sur l&rsquo;apparence de la silhouette et le bien-\u00eatre, ce qui se refl\u00e8te dans les nombreux avis positifs des utilisateurs.<\/p>\n\n\n<p>Lors de la planification d&rsquo;une cure de Probolan 50, il est important de se rappeler que les effets sont permanents et perceptibles non seulement pendant la suppl\u00e9mentation, mais aussi apr\u00e8s. Une <b>utilisation<\/b> r\u00e9guli\u00e8re peut contribuer \u00e0 des r\u00e9sultats durables, et les effets souhait\u00e9s peuvent persister plus longtemps.<\/p>\n\n\n<h2 class=\"wp-block-heading\">Comment utiliser Probolan 50 ? &#8211; Dosage<\/h2>\n\n\n<p>L<b>&lsquo;utilisation de<\/b> Probolan 50 est simple et intuitive. Il est recommand\u00e9 de prendre deux g\u00e9lules par jour, de pr\u00e9f\u00e9rence au cours d&rsquo;un repas. Ce <b>dosage<\/b> permet une meilleure absorption des principes actifs. Il est essentiel de respecter le dosage recommand\u00e9 afin d&rsquo;\u00e9viter d&rsquo;\u00e9ventuels effets secondaires. Il convient d&rsquo;adapter le <b>dosage<\/b> en fonction de l&rsquo;intensit\u00e9 de l&rsquo;entra\u00eenement et des besoins individuels de l&rsquo;utilisateur.<\/p>\n\n\n<p>Probolan 50 est disponible en paquets de 60 g\u00e9lules, ce qui est suffisant pour un mois de traitement. Il est recommand\u00e9 de prendre le compl\u00e9ment pendant au moins 3 mois pour obtenir des r\u00e9sultats optimaux. Les utilisateurs remarquent des r\u00e9sultats rapides sous la forme d&rsquo;une augmentation de la masse musculaire et d&rsquo;une am\u00e9lioration des performances apr\u00e8s une utilisation r\u00e9guli\u00e8re de Probolan 50.<\/p>\n\n\n\n<blockquote class=\"wp-block-quote is-layout-flow wp-block-quote-is-layout-flow\"><p><em>Probolan 50 est devenu tr\u00e8s populaire aupr\u00e8s des personnes physiquement actives et des athl\u00e8tes qui recherchent un soutien efficace pour d\u00e9velopper leur masse musculaire.<\/em><\/p>\n<\/blockquote>\n\n\n<p>Un m\u00e9decin ou un nutritionniste devrait \u00eatre consult\u00e9 avant de commencer la suppl\u00e9mentation, en particulier pour ceux qui ont des conditions m\u00e9dicales existantes ou qui prennent d&rsquo;autres m\u00e9dicaments. Le compl\u00e9ment est principalement destin\u00e9 aux hommes de plus de 18 ans.<\/p>\n\n\n<p>Veuillez noter que Probolan 50 n&rsquo;est pas disponible dans les pharmacies stationnaires et doit \u00eatre achet\u00e9 sur le site officiel du fabricant pour garantir l&rsquo;authenticit\u00e9 et la qualit\u00e9 du produit. Une utilisation r\u00e9guli\u00e8re permet d&rsquo;obtenir des r\u00e9sultats visibles sous la forme d&rsquo;un gain de masse musculaire, d&rsquo;une augmentation de la force et d&rsquo;une am\u00e9lioration de la r\u00e9cup\u00e9ration apr\u00e8s l&rsquo;entra\u00eenement.<\/p>\n\n\n<h2 class=\"wp-block-heading\">Probolan 50 &#8211; Avis des utilisateurs, forum &#8211; Que disent les utilisateurs ?<\/h2>\n\n\n<p>De nombreux utilisateurs de Probolan 50 partagent leurs exp\u00e9riences sur divers forums en ligne, ce qui peut aider ceux qui envisagent de prendre ce suppl\u00e9ment. <b>Les commentaires<\/b> montrent que ce produit est reconnu par les athl\u00e8tes et les personnes actives. Voici quelques-unes des contributions :<\/p>\n\n\n\n<blockquote class=\"wp-block-quote is-layout-flow wp-block-quote-is-layout-flow\"><p><em>Marta<\/em>: \u00ab\u00a0J&rsquo;utilise Probolan 50 depuis trois mois et j&rsquo;ai remarqu\u00e9 une am\u00e9lioration significative de ma condition physique. Mes muscles sont devenus plus visibles et ma force a augment\u00e9. Cela m&rsquo;a beaucoup surprise, d&rsquo;autant plus que j&rsquo;ai essay\u00e9 de nombreux autres compl\u00e9ments qui n&rsquo;ont g\u00e9n\u00e9ralement pas donn\u00e9 de tels r\u00e9sultats. Je le recommande \u00e0 tous ceux qui veulent am\u00e9liorer leur physique et leurs performances en salle de sport !<\/p>\n<\/blockquote>\n\n\n\n<blockquote class=\"wp-block-quote is-layout-flow wp-block-quote-is-layout-flow\"><p><em>Peter<\/em>: \u00ab\u00a0Apr\u00e8s avoir commenc\u00e9 \u00e0 prendre Probolan 50, mes performances en salle de sport se sont consid\u00e9rablement am\u00e9lior\u00e9es. C&rsquo;est un excellent compl\u00e9ment qui fonctionne vraiment. Je m&rsquo;entra\u00eenais auparavant, mais les r\u00e9sultats \u00e9taient n\u00e9gligeables. Avec Probolan 50, j&rsquo;ai constat\u00e9 des r\u00e9sultats visibles apr\u00e8s quelques semaines d&rsquo;entra\u00eenement r\u00e9gulier. Cela vaut la peine d&rsquo;investir dans ce produit.<\/p>\n<\/blockquote>\n\n\n\n<blockquote class=\"wp-block-quote is-layout-flow wp-block-quote-is-layout-flow\"><p><em>Kasia<\/em>: \u00ab\u00a0Je cherchais depuis longtemps un compl\u00e9ment efficace et j&rsquo;ai finalement trouv\u00e9 Probolan 50. Apr\u00e8s seulement quelques semaines, j&rsquo;ai remarqu\u00e9 que j&rsquo;avais plus d&rsquo;\u00e9nergie et que je pouvais mieux faire face \u00e0 mes s\u00e9ances d&rsquo;entra\u00eenement. Le produit m&rsquo;a aid\u00e9 \u00e0 \u00eatre plus performant, ce qui est la chose la plus importante pour moi. Les <b>commentaires sur<\/b> le <b>forum<\/b> confirment mon exp\u00e9rience, ce qui me conforte dans mon choix.\u00a0\u00bb<\/p>\n<\/blockquote>\n\n\n<p>Bien que la disponibilit\u00e9 du produit soit limit\u00e9e \u00e0 l&rsquo;achat sur le site officiel du fabricant, il est int\u00e9ressant de noter le dosage recommand\u00e9 et l&rsquo;exp\u00e9rience d&rsquo;autres personnes. Pour les personnes actives, Probolan 50 semble \u00eatre une solution prometteuse.<\/p>\n\n\n<h2 class=\"wp-block-heading\">Probolan 50 &#8211; Composition<\/h2>\n\n\n<p>Probolan 50 est un <b>compl\u00e9ment alimentaire<\/b> dont la <em>composition<\/em> a \u00e9t\u00e9 \u00e9labor\u00e9e pour soutenir le processus de construction de la masse musculaire. La pr\u00e9paration contient des ingr\u00e9dients actifs pr\u00e9cieux qui agissent en synergie pour maximiser les effets de l&rsquo;activit\u00e9 physique et am\u00e9liorer la r\u00e9g\u00e9n\u00e9ration du corps.<\/p>\n\n\n<p>La <b>composition de<\/b> Probolan 50 comprend<\/p>\n\n\n\n<ul class=\"wp-block-list\">\n<li>Le macis &#8211; connu pour ses effets anabolisants et sa capacit\u00e9 \u00e0 augmenter le taux de testost\u00e9rone.<\/li>\n\n\n\n<li>Caf\u00e9ine &#8211; favorise la concentration et l&rsquo;\u00e9nergie, ce qui permet d&rsquo;am\u00e9liorer les performances pendant l&rsquo;entra\u00eenement.<\/li>\n\n\n\n<li>Epihydroxythiolane &#8211; augmente la production de testost\u00e9rone, ce qui est important pour la prise de masse musculaire.<\/li>\n\n\n\n<li>Acides amin\u00e9s &#8211; essentiels \u00e0 la reconstruction des tissus musculaires, acc\u00e9l\u00e8rent la r\u00e9cup\u00e9ration apr\u00e8s l&rsquo;exercice.<\/li>\n\n\n\n<li>Vitamines et min\u00e9raux &#8211; soutiennent la sant\u00e9 g\u00e9n\u00e9rale et les processus m\u00e9taboliques.<\/li>\n\n\n\n<li>Les extraits de plantes tels que la racine de maca et l&rsquo;ashwagandha ont un <b>effet<\/b> fortifiant et anti-stress.<\/li>\n<\/ul>\n\n\n<p>La bonne combinaison de ces ingr\u00e9dients fait de Probolan 50 une solution id\u00e9ale pour les hommes qui veulent acc\u00e9l\u00e9rer leurs r\u00e9sultats d&rsquo;entra\u00eenement. Les effets du produit sont d\u00e9j\u00e0 visibles en peu de temps, ce qui est confirm\u00e9 par les r\u00e9actions positives des utilisateurs.<\/p>\n\n\n<h2 class=\"wp-block-heading\">Probolan 50 prix &#8211; O\u00f9 acheter ?<\/h2>\n\n\n<p>Probolan 50 ne peut \u00eatre achet\u00e9 que sur le site officiel du fabricant. C&rsquo;est le seul endroit o\u00f9 des promotions et des offres de r\u00e9duction sont actuellement disponibles, ce qui en fait le meilleur endroit pour conna\u00eetre les meilleurs prix. Les prix pouvant varier, une consultation r\u00e9guli\u00e8re du site de l&rsquo;entreprise vous permettra de b\u00e9n\u00e9ficier de remises int\u00e9ressantes.<\/p>\n\n\n<p>Il est \u00e0 noter que Probolan 50 n&rsquo;est pas disponible dans les pharmacies stationnaires, ce qui souligne l&rsquo;importance d&rsquo;acheter ce produit directement aupr\u00e8s du fabricant. La gamme est fr\u00e9quemment mise \u00e0 jour, ce qui vous permet de conna\u00eetre les nouvelles promotions et les changements de prix.<\/p>\n\n\n<p>La d\u00e9cision d&rsquo;acheter Probolan 50 doit \u00eatre prise en connaissance de cause, d&rsquo;autant plus que la gamme est destin\u00e9e aux personnes qui souhaitent obtenir des r\u00e9sultats rapides et efficaces dans la prise de masse musculaire. Par cons\u00e9quent, se concentrer sur les meilleurs endroits tels que le site officiel du fabricant est une \u00e9tape cl\u00e9 dans ce processus.<\/p>\n\n\n<h2 class=\"wp-block-heading\">Probolan 50 &#8211; Effets secondaires potentiels et contre-indications d&rsquo;utilisation<\/h2>\n\n\n<p>Probolan 50, malgr\u00e9 ses nombreuses critiques et effets positifs, peut provoquer certains <b>effets secondaires<\/b>. Les personnes qui d\u00e9passent la dose recommand\u00e9e peuvent ressentir des maux d&rsquo;estomac ou des r\u00e9actions allergiques. Il est donc important de l&rsquo;utiliser conform\u00e9ment aux instructions du fabricant afin de minimiser le risque de r\u00e9actions corporelles ind\u00e9sirables.<\/p>\n\n\n<p>Par ailleurs, certaines <b>contre-indications<\/b> sont \u00e0 prendre en compte avant de commencer la suppl\u00e9mentation. Probolan 50 est d\u00e9conseill\u00e9 aux personnes souffrant de maladies m\u00e9taboliques et aux femmes enceintes. Si vous souffrez d&rsquo;une maladie hormonale grave ou d&rsquo;autres probl\u00e8mes m\u00e9dicaux, il est toujours conseill\u00e9 de consulter votre m\u00e9decin avant d&rsquo;introduire ce suppl\u00e9ment dans votre r\u00e9gime alimentaire.<\/p>\n\n\n<p>En r\u00e9sum\u00e9, bien que Probolan 50 offre une gamme d&rsquo;avantages pour la construction de la masse musculaire, il est important de comprendre les effets secondaires potentiels et les contre-indications dues pour assurer une utilisation s\u00fbre et efficace. N&rsquo;oubliez pas de consulter un professionnel de la sant\u00e9 avant de commencer toute suppl\u00e9mentation.<\/p>\n","protected":false},"excerpt":{"rendered":"<p><strong>[date_countdown]<\/strong><\/p>\n<p><img decoding=\"async\" class=\"alignnone  wp-image-8427\" src=\"https:\/\/chirurgie-orthopedie-vannes.fr\/pharmacie\/wp-content\/uploads\/2024\/10\/SAFE-PAY-300x88-1.png\" alt=\"SAFE-PAY-300x88\" width=\"164\" height=\"48\" \/><\/p>\n","protected":false},"featured_media":3903,"comment_status":"open","ping_status":"closed","template":"","meta":{"neve_meta_sidebar":"","neve_meta_container":"","neve_meta_enable_content_width":"","neve_meta_content_width":0,"neve_meta_title_alignment":"","neve_meta_author_avatar":"","neve_post_elements_order":"","neve_meta_disable_header":"","neve_meta_disable_footer":"","neve_meta_disable_title":"","neve_meta_reading_time":""},"product_brand":[],"product_cat":[15],"product_tag":[],"class_list":{"0":"post-4476","1":"product","2":"type-product","3":"status-publish","4":"has-post-thumbnail","6":"product_cat-perte-de-poids","8":"first","9":"instock","10":"sale","11":"shipping-taxable","12":"product-type-external"},"yoast_head":"<!-- This site is optimized with the Yoast SEO plugin v27.4 - https:\/\/yoast.com\/product\/yoast-seo-wordpress\/ -->\n<title>Probolan 50 - Avis, Forum, Pharmacie, Prix, Effets | -50%<\/title>\n<meta name=\"robots\" content=\"index, follow, max-snippet:-1, max-image-preview:large, max-video-preview:-1\" \/>\n<link rel=\"canonical\" href=\"https:\/\/chirurgie-orthopedie-vannes.fr\/pharmacie\/supp\/probolan-50\/\" \/>\n<meta property=\"og:locale\" content=\"fr_FR\" \/>\n<meta property=\"og:type\" content=\"article\" \/>\n<meta property=\"og:title\" content=\"Probolan 50 - Avis, Forum, Pharmacie, Prix, Effets | -50%\" \/>\n<meta property=\"og:url\" content=\"https:\/\/chirurgie-orthopedie-vannes.fr\/pharmacie\/supp\/probolan-50\/\" \/>\n<meta property=\"og:site_name\" content=\"Chirurgie-Orthopedie-Vannes\" \/>\n<meta property=\"article:modified_time\" content=\"2025-01-14T13:28:25+00:00\" \/>\n<meta property=\"og:image\" content=\"https:\/\/chirurgie-orthopedie-vannes.fr\/pharmacie\/wp-content\/uploads\/2024\/10\/Probolan-50.jpg\" \/>\n\t<meta property=\"og:image:width\" content=\"768\" \/>\n\t<meta property=\"og:image:height\" content=\"768\" \/>\n\t<meta property=\"og:image:type\" content=\"image\/jpeg\" \/>\n<meta name=\"twitter:card\" content=\"summary_large_image\" \/>\n<meta name=\"twitter:description\" content=\"[date_countdown]\" \/>\n<meta name=\"twitter:label1\" content=\"Dur\u00e9e de lecture estim\u00e9e\" \/>\n\t<meta name=\"twitter:data1\" content=\"7 minutes\" \/>\n<script type=\"application\/ld+json\" class=\"yoast-schema-graph\">{\"@context\":\"https:\\\/\\\/schema.org\",\"@graph\":[{\"@type\":\"WebPage\",\"@id\":\"https:\\\/\\\/chirurgie-orthopedie-vannes.fr\\\/pharmacie\\\/supp\\\/probolan-50\\\/\",\"url\":\"https:\\\/\\\/chirurgie-orthopedie-vannes.fr\\\/pharmacie\\\/supp\\\/probolan-50\\\/\",\"name\":\"Probolan 50 - Avis, Forum, Pharmacie, Prix, Effets | -50%\",\"isPartOf\":{\"@id\":\"https:\\\/\\\/chirurgie-orthopedie-vannes.fr\\\/pharmacie\\\/#website\"},\"primaryImageOfPage\":{\"@id\":\"https:\\\/\\\/chirurgie-orthopedie-vannes.fr\\\/pharmacie\\\/supp\\\/probolan-50\\\/#primaryimage\"},\"image\":{\"@id\":\"https:\\\/\\\/chirurgie-orthopedie-vannes.fr\\\/pharmacie\\\/supp\\\/probolan-50\\\/#primaryimage\"},\"thumbnailUrl\":\"https:\\\/\\\/chirurgie-orthopedie-vannes.fr\\\/pharmacie\\\/wp-content\\\/uploads\\\/2024\\\/10\\\/Probolan-50.jpg\",\"datePublished\":\"2024-10-18T19:46:05+00:00\",\"dateModified\":\"2025-01-14T13:28:25+00:00\",\"breadcrumb\":{\"@id\":\"https:\\\/\\\/chirurgie-orthopedie-vannes.fr\\\/pharmacie\\\/supp\\\/probolan-50\\\/#breadcrumb\"},\"inLanguage\":\"fr-FR\",\"potentialAction\":[{\"@type\":\"ReadAction\",\"target\":[\"https:\\\/\\\/chirurgie-orthopedie-vannes.fr\\\/pharmacie\\\/supp\\\/probolan-50\\\/\"]}]},{\"@type\":\"ImageObject\",\"inLanguage\":\"fr-FR\",\"@id\":\"https:\\\/\\\/chirurgie-orthopedie-vannes.fr\\\/pharmacie\\\/supp\\\/probolan-50\\\/#primaryimage\",\"url\":\"https:\\\/\\\/chirurgie-orthopedie-vannes.fr\\\/pharmacie\\\/wp-content\\\/uploads\\\/2024\\\/10\\\/Probolan-50.jpg\",\"contentUrl\":\"https:\\\/\\\/chirurgie-orthopedie-vannes.fr\\\/pharmacie\\\/wp-content\\\/uploads\\\/2024\\\/10\\\/Probolan-50.jpg\",\"width\":768,\"height\":768},{\"@type\":\"BreadcrumbList\",\"@id\":\"https:\\\/\\\/chirurgie-orthopedie-vannes.fr\\\/pharmacie\\\/supp\\\/probolan-50\\\/#breadcrumb\",\"itemListElement\":[{\"@type\":\"ListItem\",\"position\":1,\"name\":\"Strona g\u0142\u00f3wna\",\"item\":\"https:\\\/\\\/chirurgie-orthopedie-vannes.fr\\\/pharmacie\\\/\"},{\"@type\":\"ListItem\",\"position\":2,\"name\":\"farmaci\",\"item\":\"https:\\\/\\\/chirurgie-orthopedie-vannes.fr\\\/pharmacie\\\/\"},{\"@type\":\"ListItem\",\"position\":3,\"name\":\"Probolan 50\"}]},{\"@type\":\"WebSite\",\"@id\":\"https:\\\/\\\/chirurgie-orthopedie-vannes.fr\\\/pharmacie\\\/#website\",\"url\":\"https:\\\/\\\/chirurgie-orthopedie-vannes.fr\\\/pharmacie\\\/\",\"name\":\"Chirurgie-Orthopedie-Vannes\",\"description\":\"\",\"potentialAction\":[{\"@type\":\"SearchAction\",\"target\":{\"@type\":\"EntryPoint\",\"urlTemplate\":\"https:\\\/\\\/chirurgie-orthopedie-vannes.fr\\\/pharmacie\\\/?s={search_term_string}\"},\"query-input\":{\"@type\":\"PropertyValueSpecification\",\"valueRequired\":true,\"valueName\":\"search_term_string\"}}],\"inLanguage\":\"fr-FR\"}]}<\/script>\n<!-- \/ Yoast SEO plugin. -->","yoast_head_json":{"title":"Probolan 50 - Avis, Forum, Pharmacie, Prix, Effets | -50%","robots":{"index":"index","follow":"follow","max-snippet":"max-snippet:-1","max-image-preview":"max-image-preview:large","max-video-preview":"max-video-preview:-1"},"canonical":"https:\/\/chirurgie-orthopedie-vannes.fr\/pharmacie\/supp\/probolan-50\/","og_locale":"fr_FR","og_type":"article","og_title":"Probolan 50 - Avis, Forum, Pharmacie, Prix, Effets | -50%","og_url":"https:\/\/chirurgie-orthopedie-vannes.fr\/pharmacie\/supp\/probolan-50\/","og_site_name":"Chirurgie-Orthopedie-Vannes","article_modified_time":"2025-01-14T13:28:25+00:00","og_image":[{"width":768,"height":768,"url":"https:\/\/chirurgie-orthopedie-vannes.fr\/pharmacie\/wp-content\/uploads\/2024\/10\/Probolan-50.jpg","type":"image\/jpeg"}],"twitter_card":"summary_large_image","twitter_description":"[date_countdown]","twitter_misc":{"Dur\u00e9e de lecture estim\u00e9e":"7 minutes"},"schema":{"@context":"https:\/\/schema.org","@graph":[{"@type":"WebPage","@id":"https:\/\/chirurgie-orthopedie-vannes.fr\/pharmacie\/supp\/probolan-50\/","url":"https:\/\/chirurgie-orthopedie-vannes.fr\/pharmacie\/supp\/probolan-50\/","name":"Probolan 50 - Avis, Forum, Pharmacie, Prix, Effets | -50%","isPartOf":{"@id":"https:\/\/chirurgie-orthopedie-vannes.fr\/pharmacie\/#website"},"primaryImageOfPage":{"@id":"https:\/\/chirurgie-orthopedie-vannes.fr\/pharmacie\/supp\/probolan-50\/#primaryimage"},"image":{"@id":"https:\/\/chirurgie-orthopedie-vannes.fr\/pharmacie\/supp\/probolan-50\/#primaryimage"},"thumbnailUrl":"https:\/\/chirurgie-orthopedie-vannes.fr\/pharmacie\/wp-content\/uploads\/2024\/10\/Probolan-50.jpg","datePublished":"2024-10-18T19:46:05+00:00","dateModified":"2025-01-14T13:28:25+00:00","breadcrumb":{"@id":"https:\/\/chirurgie-orthopedie-vannes.fr\/pharmacie\/supp\/probolan-50\/#breadcrumb"},"inLanguage":"fr-FR","potentialAction":[{"@type":"ReadAction","target":["https:\/\/chirurgie-orthopedie-vannes.fr\/pharmacie\/supp\/probolan-50\/"]}]},{"@type":"ImageObject","inLanguage":"fr-FR","@id":"https:\/\/chirurgie-orthopedie-vannes.fr\/pharmacie\/supp\/probolan-50\/#primaryimage","url":"https:\/\/chirurgie-orthopedie-vannes.fr\/pharmacie\/wp-content\/uploads\/2024\/10\/Probolan-50.jpg","contentUrl":"https:\/\/chirurgie-orthopedie-vannes.fr\/pharmacie\/wp-content\/uploads\/2024\/10\/Probolan-50.jpg","width":768,"height":768},{"@type":"BreadcrumbList","@id":"https:\/\/chirurgie-orthopedie-vannes.fr\/pharmacie\/supp\/probolan-50\/#breadcrumb","itemListElement":[{"@type":"ListItem","position":1,"name":"Strona g\u0142\u00f3wna","item":"https:\/\/chirurgie-orthopedie-vannes.fr\/pharmacie\/"},{"@type":"ListItem","position":2,"name":"farmaci","item":"https:\/\/chirurgie-orthopedie-vannes.fr\/pharmacie\/"},{"@type":"ListItem","position":3,"name":"Probolan 50"}]},{"@type":"WebSite","@id":"https:\/\/chirurgie-orthopedie-vannes.fr\/pharmacie\/#website","url":"https:\/\/chirurgie-orthopedie-vannes.fr\/pharmacie\/","name":"Chirurgie-Orthopedie-Vannes","description":"","potentialAction":[{"@type":"SearchAction","target":{"@type":"EntryPoint","urlTemplate":"https:\/\/chirurgie-orthopedie-vannes.fr\/pharmacie\/?s={search_term_string}"},"query-input":{"@type":"PropertyValueSpecification","valueRequired":true,"valueName":"search_term_string"}}],"inLanguage":"fr-FR"}]}},"_links":{"self":[{"href":"https:\/\/chirurgie-orthopedie-vannes.fr\/pharmacie\/wp-json\/wp\/v2\/product\/4476","targetHints":{"allow":["GET"]}}],"collection":[{"href":"https:\/\/chirurgie-orthopedie-vannes.fr\/pharmacie\/wp-json\/wp\/v2\/product"}],"about":[{"href":"https:\/\/chirurgie-orthopedie-vannes.fr\/pharmacie\/wp-json\/wp\/v2\/types\/product"}],"replies":[{"embeddable":true,"href":"https:\/\/chirurgie-orthopedie-vannes.fr\/pharmacie\/wp-json\/wp\/v2\/comments?post=4476"}],"wp:featuredmedia":[{"embeddable":true,"href":"https:\/\/chirurgie-orthopedie-vannes.fr\/pharmacie\/wp-json\/wp\/v2\/media\/3903"}],"wp:attachment":[{"href":"https:\/\/chirurgie-orthopedie-vannes.fr\/pharmacie\/wp-json\/wp\/v2\/media?parent=4476"}],"wp:term":[{"taxonomy":"product_brand","embeddable":true,"href":"https:\/\/chirurgie-orthopedie-vannes.fr\/pharmacie\/wp-json\/wp\/v2\/product_brand?post=4476"},{"taxonomy":"product_cat","embeddable":true,"href":"https:\/\/chirurgie-orthopedie-vannes.fr\/pharmacie\/wp-json\/wp\/v2\/product_cat?post=4476"},{"taxonomy":"product_tag","embeddable":true,"href":"https:\/\/chirurgie-orthopedie-vannes.fr\/pharmacie\/wp-json\/wp\/v2\/product_tag?post=4476"}],"curies":[{"name":"wp","href":"https:\/\/api.w.org\/{rel}","templated":true}]}}