{"id":4477,"date":"2024-10-18T19:46:05","date_gmt":"2024-10-18T19:46:05","guid":{"rendered":"https:\/\/chirurgie-orthopedie-vannes.fr\/pharmacie\/?post_type=product&#038;p=4477"},"modified":"2025-01-14T13:28:25","modified_gmt":"2025-01-14T13:28:25","slug":"somatodrol","status":"publish","type":"product","link":"https:\/\/chirurgie-orthopedie-vannes.fr\/pharmacie\/supp\/somatodrol\/","title":{"rendered":"Somatodrol"},"content":{"rendered":"<h2 class=\"wp-block-heading\">Qu&rsquo;est-ce que le Somatodrol et comment fonctionne-t-il ?<\/h2>\n\n\n<p>Somatodrol est un <em>compl\u00e9ment alimentaire<\/em> sous forme de g\u00e9lules qui favorise la prise de masse musculaire et la r\u00e9duction du tissu adipeux. Gr\u00e2ce \u00e0 des ingr\u00e9dients naturels, l <b>&lsquo;action du Somatodrol<\/b> favorise l&rsquo;optimisation des processus anaboliques, ce qui se traduit par une croissance musculaire plus intense et une meilleure r\u00e9g\u00e9n\u00e9ration apr\u00e8s l&rsquo;entra\u00eenement.<\/p>\n\n\n<p>Les utilisateurs se demandent souvent <em>ce qu&rsquo;est le Somatodrol<\/em> et quels sont ses avantages. La recherche a montr\u00e9 que l&rsquo;efficacit\u00e9 des ingr\u00e9dients contenus dans le Somatodrol favorise consid\u00e9rablement la prise de masse musculaire et augmente les niveaux de testost\u00e9rone et d&rsquo;hormone de croissance (HGH), ce qui se traduit par de meilleurs r\u00e9sultats \u00e0 l&rsquo;entra\u00eenement et une am\u00e9lioration du physique.<\/p>\n\n\n<h2 class=\"wp-block-heading\">Somatodrol &#8211; effets de l&rsquo;utilisation<\/h2>\n\n\n<p>Le Somatodrol est de plus en plus populaire parmi les athl\u00e8tes et les personnes souhaitant augmenter leur masse musculaire. Les utilisateurs remarquent souvent les <em>effets<\/em> positifs <em>de l&rsquo;utilisation<\/em> apr\u00e8s seulement une courte p\u00e9riode de temps, obtenant des r\u00e9sultats notables en termes de force et de gain de masse. Les donn\u00e9es montrent que <b>les effets du Somatodrol<\/b> peuvent \u00eatre ressentis apr\u00e8s 1 \u00e0 2 mois d&rsquo;utilisation r\u00e9guli\u00e8re.<\/p>\n\n\n<p>Les principaux <em>effets de l&rsquo;utilisation<\/em> sont les suivants<\/p>\n\n\n\n<ul class=\"wp-block-list\">\n<li>Acc\u00e9l\u00e9rer le processus de construction de la masse musculaire.<\/li>\n\n\n\n<li>Am\u00e9liorer la r\u00e9cup\u00e9ration apr\u00e8s un exercice intense.<\/li>\n\n\n\n<li>Augmenter la force et l&rsquo;endurance g\u00e9n\u00e9rales.<\/li>\n\n\n\n<li>R\u00e9duit les crampes musculaires et retarde les sensations de fatigue.<\/li>\n\n\n\n<li>Am\u00e9lioration de la concentration et r\u00e9duction de la sensation de fatigue pendant l&rsquo;entra\u00eenement.<\/li>\n<\/ul>\n\n\n<p>Les utilisateurs louent \u00e9galement la facilit\u00e9 d&rsquo;utilisation du Somatodrol, recommandant de prendre une \u00e0 deux g\u00e9lules par jour. De cette mani\u00e8re, le dosage correct devient pratique et <b>les effets du Somatodrol<\/b> deviennent plus importants pour atteindre les objectifs athl\u00e9tiques. Une suppl\u00e9mentation r\u00e9guli\u00e8re, soutenue par un plan d&rsquo;entra\u00eenement ad\u00e9quat et une alimentation saine, produit des r\u00e9sultats clairs, faisant du Somatodrol une option int\u00e9ressante pour tous ceux qui souhaitent am\u00e9liorer leurs performances athl\u00e9tiques.<\/p>\n\n\n<h2 class=\"wp-block-heading\">Somatodrol dosage &#8211; Comment l&rsquo;utiliser ?<\/h2>\n\n\n<p>Le <b>dosage<\/b> correct <b>de Somatodrol<\/b> est essentiel pour obtenir des r\u00e9sultats optimaux. Il est recommand\u00e9 de prendre 1 \u00e0 2 g\u00e9lules deux fois par jour, en buvant beaucoup d&rsquo;eau. Le respect de ce dosage de Somatodrol vous permet d&rsquo;obtenir des r\u00e9sultats optimaux et garantit la s\u00e9curit\u00e9 de la suppl\u00e9mentation.<\/p>\n\n\n<p>Mais <b>comment utiliser le Somatodrol<\/b> de la mani\u00e8re la plus efficace possible ? Il est recommand\u00e9 de prendre des suppl\u00e9ments dans le cadre d&rsquo;un r\u00e9gime alimentaire appropri\u00e9 et d&rsquo;un plan d&rsquo;entra\u00eenement \u00e9quilibr\u00e9. Cette approche favorise fortement une r\u00e9cup\u00e9ration acc\u00e9l\u00e9r\u00e9e et une augmentation de la masse musculaire.<\/p>\n\n\n<p>L&rsquo;utilisation r\u00e9guli\u00e8re de Somatodrol dans les quantit\u00e9s recommand\u00e9es, combin\u00e9e \u00e0 un r\u00e9gime alimentaire et \u00e0 un entra\u00eenement appropri\u00e9s, augmente consid\u00e9rablement l&rsquo;efficacit\u00e9 de la formule et aura un impact positif sur les performances sportives.<\/p>\n\n\n<h2 class=\"wp-block-heading\">Somatodrol &#8211; Avis et critiques &#8211; Que disent les utilisateurs ?<\/h2>\n\n\n<p>Le Somatodrol gagne en popularit\u00e9 parmi ceux qui souhaitent augmenter leur masse musculaire. Les <b>avis sur Somatodrol<\/b> soulignent souvent les r\u00e9sultats positifs obtenus par les utilisateurs apr\u00e8s l&rsquo;utilisation de ce compl\u00e9ment. Vous trouverez ci-dessous quelques avis s\u00e9lectionn\u00e9s qui montrent comment le produit fonctionne dans la pratique.<\/p>\n\n\n\n<blockquote class=\"wp-block-quote is-layout-flow wp-block-quote-is-layout-flow\"><p><em>Michal :<\/em> \u00ab\u00a0Le Somatodrol est un pas dans la bonne direction. Apr\u00e8s deux semaines d&rsquo;utilisation r\u00e9guli\u00e8re, j&rsquo;ai remarqu\u00e9 une augmentation de la masse musculaire et une am\u00e9lioration de la r\u00e9cup\u00e9ration. Je me sens plein d&rsquo;\u00e9nergie et pr\u00eat pour d&rsquo;autres s\u00e9ances d&rsquo;entra\u00eenement. Je le recommande \u00e0 tous ceux qui souhaitent augmenter leurs performances en salle de sport.\u00a0\u00bb<\/p>\n<\/blockquote>\n\n\n\n<blockquote class=\"wp-block-quote is-layout-flow wp-block-quote-is-layout-flow\"><p><em>Jakub :<\/em> \u00ab\u00a0Gr\u00e2ce au Somatodrol, j&rsquo;ai pu augmenter ma force et mon endurance pendant l&rsquo;entra\u00eenement. J&rsquo;ai remarqu\u00e9 des r\u00e9sultats visibles apr\u00e8s seulement 2 semaines, et le go\u00fbt des capsules ne m&rsquo;a pas d\u00e9\u00e7u. C&rsquo;est sans aucun doute l&rsquo;un des meilleurs compl\u00e9ments que j&rsquo;ai utilis\u00e9s.\u00a0\u00bb<\/p>\n<\/blockquote>\n\n\n\n<blockquote class=\"wp-block-quote is-layout-flow wp-block-quote-is-layout-flow\"><p><em>Krzysztof :<\/em> \u00ab\u00a0J&rsquo;\u00e9tais sceptique au d\u00e9but, mais le Somatodrol m&rsquo;a surpris. La prise de poids a \u00e9t\u00e9 rapide et visible et, surtout, je n&rsquo;ai ressenti aucun effet secondaire. Je recherche des produits efficaces, et celui-ci l&rsquo;est incontestablement.\u00a0\u00bb<\/p>\n<\/blockquote>\n\n\n<p><b>Les avis sur le Somatodrol<\/b> attestent de son efficacit\u00e9 dans le cadre de la prise de masse musculaire et de l&rsquo;am\u00e9lioration des performances \u00e0 l&rsquo;entra\u00eenement. Les utilisateurs notent que l&rsquo;utilisation r\u00e9guli\u00e8re de ce compl\u00e9ment acc\u00e9l\u00e8re la r\u00e9cup\u00e9ration et augmente les niveaux d&rsquo;\u00e9nergie, ce qui est particuli\u00e8rement important pour les personnes physiquement actives.<\/p>\n\n\n<p>Ces <b>avis<\/b> montrent que le Somatodrol est en train de devenir un \u00e9l\u00e9ment essentiel du r\u00e9gime alimentaire de nombreuses personnes d\u00e9sireuses d&rsquo;obtenir de meilleurs r\u00e9sultats sportifs et de d\u00e9velopper leur masse musculaire. L&rsquo;utilisation r\u00e9guli\u00e8re du compl\u00e9ment apporte des <b>r\u00e9sultats<\/b> mesurables, comme le confirment de nombreux avis positifs d&rsquo;utilisateurs.<\/p>\n\n\n<h2 class=\"wp-block-heading\">Somatodrol &#8211; Composition &#8211; Analyse des ingr\u00e9dients<\/h2>\n\n\n<p>Somatodrol est un <b>compl\u00e9ment alimentaire<\/b> qui offre une composition soigneusement s\u00e9lectionn\u00e9e d&rsquo;ingr\u00e9dients actifs pour soutenir la croissance de la masse musculaire. La <em>composition<\/em> cl\u00e9 <em>de Somatodrol<\/em> comprend une vari\u00e9t\u00e9 de substances qui jouent un r\u00f4le important dans les processus anaboliques de l&rsquo;organisme.<\/p>\n\n\n<figure class=\"wp-block-table\"><table class=\"has-fixed-layout\"><tbody><tr><th>Composant<\/th><th>Quantit\u00e9 par portion<\/th><th>Fonction<\/th><\/tr><tr><td>Facteur GRTH<\/td><td>700 mg<\/td><td>Stimule la production d&rsquo;hormone de croissance<\/td><\/tr><tr><td>B\u00eata-alanine<\/td><td>400 mg<\/td><td>Am\u00e9liore les performances et la r\u00e9cup\u00e9ration musculaire<\/td><\/tr><tr><td>AAKG (alpha-c\u00e9toglutarate d&rsquo;arginine)<\/td><td>300 mg<\/td><td>Augmente la circulation sanguine et le transport des nutriments<\/td><\/tr><tr><td>Facteur TST<\/td><td>208,22 mg<\/td><td>Favorise la production naturelle de testost\u00e9rone<\/td><\/tr><tr><td>DAA (Acide D-Aspartique)<\/td><td>200 mg<\/td><td>Influence la stimulation de la production de l&rsquo;hormone lut\u00e9inisante<\/td><\/tr><tr><td>Oxyde de zinc<\/td><td>8,22 mg<\/td><td>Soutien du syst\u00e8me endocrinien<\/td><\/tr><tr><td>Matrice de r\u00e9duction des graisses<\/td><td>173,58 mg<\/td><td>Aide \u00e0 br\u00fbler les graisses corporelles<\/td><\/tr><tr><td>Guarana, caf\u00e9ine<\/td><td>&#8211;<\/td><td>Augmenter le niveau d&rsquo;\u00e9nergie et am\u00e9liorer la concentration<\/td><\/tr><tr><td>Vitamines B6 et B12<\/td><td>&#8211;<\/td><td>Soutien du m\u00e9tabolisme et de la production de globules rouges<\/td><\/tr><\/tbody><\/table><\/figure>\n\n\n<p>Tous les <em>ingr\u00e9dients contenus dans Somatodrol<\/em> sont soigneusement s\u00e9lectionn\u00e9s pour soutenir les processus anaboliques et la production naturelle d&rsquo;hormones essentielles \u00e0 la construction musculaire. Une utilisation r\u00e9guli\u00e8re peut produire des <b>r\u00e9sultats<\/b> significatifs en termes de gain de masse musculaire et d&rsquo;am\u00e9lioration de l&rsquo;endurance physique.<\/p>\n\n\n<h2 class=\"wp-block-heading\">O\u00f9 acheter et combien co\u00fbte Somatodrol &#8211; prix<\/h2>\n\n\n<p>Le Somatodrol ne peut \u00eatre achet\u00e9 que sur le site officiel du fabricant. Cette solution garantit l&rsquo;originalit\u00e9 du compl\u00e9ment et l&rsquo;acc\u00e8s \u00e0 des promotions avantageuses, ce qui le rend plus attractif pour les utilisateurs. Il convient de noter que ce produit n&rsquo;est pas disponible dans les pharmacies stationnaires, ce qui souligne son caract\u00e8re unique.<\/p>\n\n\n<p>Le prix peut \u00eatre r\u00e9duit gr\u00e2ce \u00e0 diverses promotions disponibles sur le site du fabricant. Les r\u00e9ductions peuvent atteindre jusqu&rsquo;\u00e0 50 %. Cette fa\u00e7on d&rsquo;acheter est vraiment payante et augmente les possibilit\u00e9s d&rsquo;\u00e9conomies.<\/p>\n\n\n<p>Les commandes sont trait\u00e9es dans un d\u00e9lai de 1 \u00e0 3 jours et le paiement peut \u00eatre effectu\u00e9 \u00e0 la livraison. Ce mod\u00e8le d&rsquo;achat attire de nombreux clients qui privil\u00e9gient la commodit\u00e9 et la s\u00e9curit\u00e9 lors de leurs transactions.<\/p>\n\n\n<h2 class=\"wp-block-heading\">Somatodrol &#8211; Effets secondaires et contre-indications &#8211; S\u00e9curit\u00e9 d&#8217;emploi<\/h2>\n\n\n<p>Somatodrol est un <b>compl\u00e9ment alimentaire<\/b> qui jouit d&rsquo;un haut niveau de s\u00e9curit\u00e9. La plupart des utilisateurs ne ressentent pas d&rsquo;effets secondaires li\u00e9s au Somatodrol. N\u00e9anmoins, il est essentiel de suivre les recommandations d&rsquo;utilisation, en particulier pour les personnes ayant des probl\u00e8mes de sant\u00e9 existants, des allergies ou prenant d&rsquo;autres m\u00e9dicaments. Les femmes enceintes et celles qui allaitent devraient \u00e9viter d&rsquo;utiliser ce produit.<\/p>\n\n\n<p>Lors de la suppl\u00e9mentation, il convient \u00e9galement de tenir compte <b>des contre-indications du Somatodrol<\/b>. Les personnes souffrant de maladies r\u00e9nales, ainsi que celles souffrant de maladies m\u00e9taboliques actives, devraient consulter leur m\u00e9decin au pr\u00e9alable. Les compl\u00e9ments alimentaires, y compris le Somatodrol, ne remplacent pas une alimentation vari\u00e9e. Il est donc important de mener un mode de vie sain et de veiller \u00e0 une alimentation \u00e9quilibr\u00e9e afin d&rsquo;obtenir des <b>r\u00e9sultats<\/b> optimaux.<\/p>\n\n\n<p>En cas de r\u00e9actions ind\u00e9sirables de l&rsquo;organisme, il est recommand\u00e9 d&rsquo;interrompre imm\u00e9diatement la prise du compl\u00e9ment et de consulter un sp\u00e9cialiste. En outre, il convient de noter que les ingr\u00e9dients de haute qualit\u00e9 et contenant de l&rsquo;huile utilis\u00e9s dans le Somatodrol permettent de minimiser le risque d&rsquo;effets secondaires ind\u00e9sirables, ce qui influe positivement sur la s\u00e9curit\u00e9 d&rsquo;utilisation.<\/p>\n","protected":false},"excerpt":{"rendered":"<p><strong>[date_countdown]<\/strong><\/p>\n<p><img decoding=\"async\" class=\"alignnone  wp-image-8427\" src=\"https:\/\/chirurgie-orthopedie-vannes.fr\/pharmacie\/wp-content\/uploads\/2024\/10\/SAFE-PAY-300x88-1.png\" alt=\"SAFE-PAY-300x88\" width=\"164\" height=\"48\" \/><\/p>\n","protected":false},"featured_media":3904,"comment_status":"open","ping_status":"closed","template":"","meta":{"neve_meta_sidebar":"","neve_meta_container":"","neve_meta_enable_content_width":"","neve_meta_content_width":0,"neve_meta_title_alignment":"","neve_meta_author_avatar":"","neve_post_elements_order":"","neve_meta_disable_header":"","neve_meta_disable_footer":"","neve_meta_disable_title":"","neve_meta_reading_time":""},"product_brand":[],"product_cat":[15],"product_tag":[],"class_list":{"0":"post-4477","1":"product","2":"type-product","3":"status-publish","4":"has-post-thumbnail","6":"product_cat-perte-de-poids","8":"first","9":"instock","10":"sale","11":"shipping-taxable","12":"product-type-external"},"yoast_head":"<!-- This site is optimized with the Yoast SEO plugin v27.4 - https:\/\/yoast.com\/product\/yoast-seo-wordpress\/ -->\n<title>Somatodrol - Avis, Forum, Pharmacie, Prix, Effets | -50%<\/title>\n<meta name=\"robots\" content=\"index, follow, max-snippet:-1, max-image-preview:large, max-video-preview:-1\" \/>\n<link rel=\"canonical\" href=\"https:\/\/chirurgie-orthopedie-vannes.fr\/pharmacie\/supp\/somatodrol\/\" \/>\n<meta property=\"og:locale\" content=\"fr_FR\" \/>\n<meta property=\"og:type\" content=\"article\" \/>\n<meta property=\"og:title\" content=\"Somatodrol - Avis, Forum, Pharmacie, Prix, Effets | -50%\" \/>\n<meta property=\"og:url\" content=\"https:\/\/chirurgie-orthopedie-vannes.fr\/pharmacie\/supp\/somatodrol\/\" \/>\n<meta property=\"og:site_name\" content=\"Chirurgie-Orthopedie-Vannes\" \/>\n<meta property=\"article:modified_time\" content=\"2025-01-14T13:28:25+00:00\" \/>\n<meta property=\"og:image\" content=\"https:\/\/chirurgie-orthopedie-vannes.fr\/pharmacie\/wp-content\/uploads\/2024\/10\/Somatodrol.jpg\" \/>\n\t<meta property=\"og:image:width\" content=\"768\" \/>\n\t<meta property=\"og:image:height\" content=\"768\" \/>\n\t<meta property=\"og:image:type\" content=\"image\/jpeg\" \/>\n<meta name=\"twitter:card\" content=\"summary_large_image\" \/>\n<meta name=\"twitter:description\" content=\"[date_countdown]\" \/>\n<meta name=\"twitter:label1\" content=\"Dur\u00e9e de lecture estim\u00e9e\" \/>\n\t<meta name=\"twitter:data1\" content=\"1 minute\" \/>\n<script type=\"application\/ld+json\" class=\"yoast-schema-graph\">{\"@context\":\"https:\\\/\\\/schema.org\",\"@graph\":[{\"@type\":\"WebPage\",\"@id\":\"https:\\\/\\\/chirurgie-orthopedie-vannes.fr\\\/pharmacie\\\/supp\\\/somatodrol\\\/\",\"url\":\"https:\\\/\\\/chirurgie-orthopedie-vannes.fr\\\/pharmacie\\\/supp\\\/somatodrol\\\/\",\"name\":\"Somatodrol - Avis, Forum, Pharmacie, Prix, Effets | -50%\",\"isPartOf\":{\"@id\":\"https:\\\/\\\/chirurgie-orthopedie-vannes.fr\\\/pharmacie\\\/#website\"},\"primaryImageOfPage\":{\"@id\":\"https:\\\/\\\/chirurgie-orthopedie-vannes.fr\\\/pharmacie\\\/supp\\\/somatodrol\\\/#primaryimage\"},\"image\":{\"@id\":\"https:\\\/\\\/chirurgie-orthopedie-vannes.fr\\\/pharmacie\\\/supp\\\/somatodrol\\\/#primaryimage\"},\"thumbnailUrl\":\"https:\\\/\\\/chirurgie-orthopedie-vannes.fr\\\/pharmacie\\\/wp-content\\\/uploads\\\/2024\\\/10\\\/Somatodrol.jpg\",\"datePublished\":\"2024-10-18T19:46:05+00:00\",\"dateModified\":\"2025-01-14T13:28:25+00:00\",\"breadcrumb\":{\"@id\":\"https:\\\/\\\/chirurgie-orthopedie-vannes.fr\\\/pharmacie\\\/supp\\\/somatodrol\\\/#breadcrumb\"},\"inLanguage\":\"fr-FR\",\"potentialAction\":[{\"@type\":\"ReadAction\",\"target\":[\"https:\\\/\\\/chirurgie-orthopedie-vannes.fr\\\/pharmacie\\\/supp\\\/somatodrol\\\/\"]}]},{\"@type\":\"ImageObject\",\"inLanguage\":\"fr-FR\",\"@id\":\"https:\\\/\\\/chirurgie-orthopedie-vannes.fr\\\/pharmacie\\\/supp\\\/somatodrol\\\/#primaryimage\",\"url\":\"https:\\\/\\\/chirurgie-orthopedie-vannes.fr\\\/pharmacie\\\/wp-content\\\/uploads\\\/2024\\\/10\\\/Somatodrol.jpg\",\"contentUrl\":\"https:\\\/\\\/chirurgie-orthopedie-vannes.fr\\\/pharmacie\\\/wp-content\\\/uploads\\\/2024\\\/10\\\/Somatodrol.jpg\",\"width\":768,\"height\":768},{\"@type\":\"BreadcrumbList\",\"@id\":\"https:\\\/\\\/chirurgie-orthopedie-vannes.fr\\\/pharmacie\\\/supp\\\/somatodrol\\\/#breadcrumb\",\"itemListElement\":[{\"@type\":\"ListItem\",\"position\":1,\"name\":\"Strona g\u0142\u00f3wna\",\"item\":\"https:\\\/\\\/chirurgie-orthopedie-vannes.fr\\\/pharmacie\\\/\"},{\"@type\":\"ListItem\",\"position\":2,\"name\":\"farmaci\",\"item\":\"https:\\\/\\\/chirurgie-orthopedie-vannes.fr\\\/pharmacie\\\/\"},{\"@type\":\"ListItem\",\"position\":3,\"name\":\"Somatodrol\"}]},{\"@type\":\"WebSite\",\"@id\":\"https:\\\/\\\/chirurgie-orthopedie-vannes.fr\\\/pharmacie\\\/#website\",\"url\":\"https:\\\/\\\/chirurgie-orthopedie-vannes.fr\\\/pharmacie\\\/\",\"name\":\"Chirurgie-Orthopedie-Vannes\",\"description\":\"\",\"potentialAction\":[{\"@type\":\"SearchAction\",\"target\":{\"@type\":\"EntryPoint\",\"urlTemplate\":\"https:\\\/\\\/chirurgie-orthopedie-vannes.fr\\\/pharmacie\\\/?s={search_term_string}\"},\"query-input\":{\"@type\":\"PropertyValueSpecification\",\"valueRequired\":true,\"valueName\":\"search_term_string\"}}],\"inLanguage\":\"fr-FR\"}]}<\/script>\n<!-- \/ Yoast SEO plugin. -->","yoast_head_json":{"title":"Somatodrol - Avis, Forum, Pharmacie, Prix, Effets | -50%","robots":{"index":"index","follow":"follow","max-snippet":"max-snippet:-1","max-image-preview":"max-image-preview:large","max-video-preview":"max-video-preview:-1"},"canonical":"https:\/\/chirurgie-orthopedie-vannes.fr\/pharmacie\/supp\/somatodrol\/","og_locale":"fr_FR","og_type":"article","og_title":"Somatodrol - Avis, Forum, Pharmacie, Prix, Effets | -50%","og_url":"https:\/\/chirurgie-orthopedie-vannes.fr\/pharmacie\/supp\/somatodrol\/","og_site_name":"Chirurgie-Orthopedie-Vannes","article_modified_time":"2025-01-14T13:28:25+00:00","og_image":[{"width":768,"height":768,"url":"https:\/\/chirurgie-orthopedie-vannes.fr\/pharmacie\/wp-content\/uploads\/2024\/10\/Somatodrol.jpg","type":"image\/jpeg"}],"twitter_card":"summary_large_image","twitter_description":"[date_countdown]","twitter_misc":{"Dur\u00e9e de lecture estim\u00e9e":"1 minute"},"schema":{"@context":"https:\/\/schema.org","@graph":[{"@type":"WebPage","@id":"https:\/\/chirurgie-orthopedie-vannes.fr\/pharmacie\/supp\/somatodrol\/","url":"https:\/\/chirurgie-orthopedie-vannes.fr\/pharmacie\/supp\/somatodrol\/","name":"Somatodrol - Avis, Forum, Pharmacie, Prix, Effets | -50%","isPartOf":{"@id":"https:\/\/chirurgie-orthopedie-vannes.fr\/pharmacie\/#website"},"primaryImageOfPage":{"@id":"https:\/\/chirurgie-orthopedie-vannes.fr\/pharmacie\/supp\/somatodrol\/#primaryimage"},"image":{"@id":"https:\/\/chirurgie-orthopedie-vannes.fr\/pharmacie\/supp\/somatodrol\/#primaryimage"},"thumbnailUrl":"https:\/\/chirurgie-orthopedie-vannes.fr\/pharmacie\/wp-content\/uploads\/2024\/10\/Somatodrol.jpg","datePublished":"2024-10-18T19:46:05+00:00","dateModified":"2025-01-14T13:28:25+00:00","breadcrumb":{"@id":"https:\/\/chirurgie-orthopedie-vannes.fr\/pharmacie\/supp\/somatodrol\/#breadcrumb"},"inLanguage":"fr-FR","potentialAction":[{"@type":"ReadAction","target":["https:\/\/chirurgie-orthopedie-vannes.fr\/pharmacie\/supp\/somatodrol\/"]}]},{"@type":"ImageObject","inLanguage":"fr-FR","@id":"https:\/\/chirurgie-orthopedie-vannes.fr\/pharmacie\/supp\/somatodrol\/#primaryimage","url":"https:\/\/chirurgie-orthopedie-vannes.fr\/pharmacie\/wp-content\/uploads\/2024\/10\/Somatodrol.jpg","contentUrl":"https:\/\/chirurgie-orthopedie-vannes.fr\/pharmacie\/wp-content\/uploads\/2024\/10\/Somatodrol.jpg","width":768,"height":768},{"@type":"BreadcrumbList","@id":"https:\/\/chirurgie-orthopedie-vannes.fr\/pharmacie\/supp\/somatodrol\/#breadcrumb","itemListElement":[{"@type":"ListItem","position":1,"name":"Strona g\u0142\u00f3wna","item":"https:\/\/chirurgie-orthopedie-vannes.fr\/pharmacie\/"},{"@type":"ListItem","position":2,"name":"farmaci","item":"https:\/\/chirurgie-orthopedie-vannes.fr\/pharmacie\/"},{"@type":"ListItem","position":3,"name":"Somatodrol"}]},{"@type":"WebSite","@id":"https:\/\/chirurgie-orthopedie-vannes.fr\/pharmacie\/#website","url":"https:\/\/chirurgie-orthopedie-vannes.fr\/pharmacie\/","name":"Chirurgie-Orthopedie-Vannes","description":"","potentialAction":[{"@type":"SearchAction","target":{"@type":"EntryPoint","urlTemplate":"https:\/\/chirurgie-orthopedie-vannes.fr\/pharmacie\/?s={search_term_string}"},"query-input":{"@type":"PropertyValueSpecification","valueRequired":true,"valueName":"search_term_string"}}],"inLanguage":"fr-FR"}]}},"_links":{"self":[{"href":"https:\/\/chirurgie-orthopedie-vannes.fr\/pharmacie\/wp-json\/wp\/v2\/product\/4477","targetHints":{"allow":["GET"]}}],"collection":[{"href":"https:\/\/chirurgie-orthopedie-vannes.fr\/pharmacie\/wp-json\/wp\/v2\/product"}],"about":[{"href":"https:\/\/chirurgie-orthopedie-vannes.fr\/pharmacie\/wp-json\/wp\/v2\/types\/product"}],"replies":[{"embeddable":true,"href":"https:\/\/chirurgie-orthopedie-vannes.fr\/pharmacie\/wp-json\/wp\/v2\/comments?post=4477"}],"wp:featuredmedia":[{"embeddable":true,"href":"https:\/\/chirurgie-orthopedie-vannes.fr\/pharmacie\/wp-json\/wp\/v2\/media\/3904"}],"wp:attachment":[{"href":"https:\/\/chirurgie-orthopedie-vannes.fr\/pharmacie\/wp-json\/wp\/v2\/media?parent=4477"}],"wp:term":[{"taxonomy":"product_brand","embeddable":true,"href":"https:\/\/chirurgie-orthopedie-vannes.fr\/pharmacie\/wp-json\/wp\/v2\/product_brand?post=4477"},{"taxonomy":"product_cat","embeddable":true,"href":"https:\/\/chirurgie-orthopedie-vannes.fr\/pharmacie\/wp-json\/wp\/v2\/product_cat?post=4477"},{"taxonomy":"product_tag","embeddable":true,"href":"https:\/\/chirurgie-orthopedie-vannes.fr\/pharmacie\/wp-json\/wp\/v2\/product_tag?post=4477"}],"curies":[{"name":"wp","href":"https:\/\/api.w.org\/{rel}","templated":true}]}}