{"id":4484,"date":"2024-10-18T19:46:05","date_gmt":"2024-10-18T19:46:05","guid":{"rendered":"https:\/\/chirurgie-orthopedie-vannes.fr\/pharmacie\/?post_type=product&#038;p=4484"},"modified":"2025-01-14T13:28:32","modified_gmt":"2025-01-14T13:28:32","slug":"beslimmer","status":"publish","type":"product","link":"https:\/\/chirurgie-orthopedie-vannes.fr\/pharmacie\/supp\/beslimmer\/","title":{"rendered":"BeSlimmer"},"content":{"rendered":"\n<h2 class=\"wp-block-heading\">Qu&rsquo;est-ce que BeSlimmer et comment fonctionne-t-il ?<\/h2>\n\n\n\n<p><b>BeSlimmer<\/b> est un <b>compl\u00e9ment alimentaire<\/b> innovant cr\u00e9\u00e9 pour les personnes souhaitant soutenir efficacement le processus de perte de poids. Son <b>action<\/b> repose sur une combinaison synergique d&rsquo;ingr\u00e9dients actifs qui soutiennent le m\u00e9tabolisme et contr\u00f4lent la sensation de faim. Gr\u00e2ce \u00e0 l&rsquo;utilisation d&rsquo;extraits naturels de plantes, le produit garantit une utilisation s\u00fbre tout en augmentant l&rsquo;efficacit\u00e9 de la perte de poids.<\/p>\n\n\n\n<p>Les principaux ingr\u00e9dients contenus dans BeSlimmer sont les suivants :<\/p>\n\n\n\n<ul class=\"wp-block-list\">\n<li>L&rsquo;<em>extrait de th\u00e9 vert<\/em> &#8211; connu pour ses propri\u00e9t\u00e9s d&rsquo;acc\u00e9l\u00e9ration de la combustion des graisses.<\/li>\n\n\n\n<li><em>Caf\u00e9ine<\/em> &#8211; stimule le m\u00e9tabolisme, ce qui acc\u00e9l\u00e8re la perte de calories.<\/li>\n\n\n\n<li><em>Extrait de garcinia cambogia<\/em> &#8211; aide \u00e0 contr\u00f4ler l&rsquo;app\u00e9tit, ce qui est essentiel pendant le processus de perte de poids.<\/li>\n\n\n\n<li><em>L-carnitine<\/em> &#8211; favorise le transport des acides gras vers les mitochondries, o\u00f9 ils sont br\u00fbl\u00e9s.<\/li>\n<\/ul>\n\n\n\n<p>L&rsquo;effet global de BeSlimmer est de :<\/p>\n\n\n\n<ol class=\"wp-block-list\">\n<li>Acc\u00e9l\u00e9rer l&rsquo;\u00e9limination de l&rsquo;eau en exc\u00e8s dans l&rsquo;organisme.<\/li>\n\n\n\n<li>Soutenir le processus de lipolyse, c&rsquo;est-\u00e0-dire la d\u00e9composition du tissu adipeux.<\/li>\n\n\n\n<li>R\u00e9duire la sensation de faim, ce qui permet de mieux contr\u00f4ler son alimentation.<\/li>\n<\/ol>\n\n\n\n<p><b>L&rsquo;utilisation de<\/b> BeSlimmer peut contribuer \u00e0 acc\u00e9l\u00e9rer la perte de poids et \u00e0 am\u00e9liorer le bien-\u00eatre en augmentant les niveaux d&rsquo;\u00e9nergie. C&rsquo;est un choix id\u00e9al pour les personnes dont le m\u00e9tabolisme est lent et qui ont des difficult\u00e9s \u00e0 contr\u00f4ler leur app\u00e9tit.<\/p>\n\n\n\n<h2 class=\"wp-block-heading\">Avantages de l&rsquo;utilisation de BeSlimmer &#8211; Effets<\/h2>\n\n\n\n<p>BeSlimmer pr\u00e9sente un certain nombre d&rsquo;<b>avantages<\/b> qui attirent l&rsquo;attention des personnes souhaitant perdre du poids de mani\u00e8re efficace. Ses principaux <b>effets<\/b> sont les suivants<\/p>\n\n\n\n<ul class=\"wp-block-list\">\n<li><em>Une acc\u00e9l\u00e9ration de la combustion des graisses<\/em>, gr\u00e2ce \u00e0 une formule unique contenant des ingr\u00e9dients naturels tels que l&rsquo;extrait de th\u00e9 vert, la garcinia cambogia et la L-carnitine.<\/li>\n\n\n\n<li><em>Une r\u00e9duction des fringales<\/em>, permettant aux utilisateurs de mieux contr\u00f4ler leur apport calorique et de r\u00e9duire leur envie de grignoter.<\/li>\n\n\n\n<li>L<em>&lsquo;am\u00e9lioration de la condition physique g\u00e9n\u00e9rale<\/em>, le soutien du m\u00e9tabolisme et la r\u00e9duction du taux de cholest\u00e9rol gr\u00e2ce \u00e0 la pr\u00e9sence de niacine dans la formulation.<\/li>\n\n\n\n<li><em>Favoriser une perte de poids naturelle<\/em>, ce qui peut avoir des <b>effets<\/b> \u00e0 long terme tels que des r\u00e9ductions de poids successives et le maintien du poids d\u00e9sir\u00e9.<\/li>\n<\/ul>\n\n\n\n<p>BeSlimmer agit 24 heures sur 24, ce qui signifie qu&rsquo;il soutient en permanence le m\u00e9tabolisme et les processus de combustion des graisses. Avec des ingr\u00e9dients dont l&rsquo;efficacit\u00e9 a \u00e9t\u00e9 prouv\u00e9e, ce compl\u00e9ment peut vous aider \u00e0 perdre du poids rapidement, avec la possibilit\u00e9 de perdre jusqu&rsquo;\u00e0 6 kg par semaine. Il vaut la peine de combiner l&rsquo;<b>utilisation de<\/b> BeSlimmer avec un r\u00e9gime alimentaire et une activit\u00e9 physique appropri\u00e9s pour maximiser les effets d&rsquo;un soutien continu dans la poursuite de votre silhouette de r\u00eave.<\/p>\n\n\n\n<h2 class=\"wp-block-heading\">Comment utiliser correctement BeSlimmer &#8211; Dosage<\/h2>\n\n\n\n<p>L<b>&lsquo;utilisation du<\/b> compl\u00e9ment alimentaire BeSlimmer n\u00e9cessite le respect de certaines r\u00e8gles afin d&rsquo;obtenir les meilleurs r\u00e9sultats en mati\u00e8re de perte de poids. Le <em>dosage<\/em> recommand\u00e9 est d&rsquo;une capsule par jour, \u00e0 prendre avec beaucoup d&rsquo;eau. Il est important de prendre le compl\u00e9ment r\u00e9guli\u00e8rement, de pr\u00e9f\u00e9rence \u00e0 la m\u00eame heure chaque jour. Ce rythme de prise de BeSlimmer aidera \u00e0 construire une routine efficace, ce qui augmentera l&rsquo;efficacit\u00e9 du traitement.<\/p>\n\n\n\n<p>Pour maximiser les effets et soutenir le processus de perte de poids, il est b\u00e9n\u00e9fique de combiner l&rsquo;utilisation de BeSlimmer avec une activit\u00e9 physique et un r\u00e9gime alimentaire \u00e9quilibr\u00e9. Certaines personnes ont observ\u00e9 une r\u00e9duction significative de leur poids apr\u00e8s plusieurs jours d&rsquo;utilisation, ce qui va dans le sens des <b>effets<\/b> b\u00e9n\u00e9fiques <b>de<\/b> ce compl\u00e9ment alimentaire.<\/p>\n\n\n\n<ul class=\"wp-block-list\">\n<li>1 g\u00e9lule par jour<\/li>\n\n\n\n<li>Boire beaucoup d&rsquo;eau<\/li>\n\n\n\n<li>R\u00e9gularit\u00e9 de la prise<\/li>\n\n\n\n<li>Activit\u00e9 physique pour de meilleurs r\u00e9sultats<\/li>\n\n\n\n<li>Une alimentation \u00e9quilibr\u00e9e pour soutenir les <b>effets de<\/b> BeSlimmer<\/li>\n<\/ul>\n\n\n\n<p>Il est bon de rappeler que BeSlimmer n&rsquo;est disponible que sur le site officiel du fabricant. En profitant des promotions en cours, vous pouvez acheter ce <em>compl\u00e9ment alimentaire<\/em> \u00e0 un prix avantageux. Cette disponibilit\u00e9 facilite la d\u00e9cision de commencer le traitement et son efficacit\u00e9 a \u00e9t\u00e9 appr\u00e9ci\u00e9e par de nombreux utilisateurs.<\/p>\n\n\n\n<h2 class=\"wp-block-heading\">Exp\u00e9riences des utilisateurs et avis sur BeSlimmer &#8211; quels sont les avis ?<\/h2>\n\n\n\n<p>Les<b>avis<\/b> sur BeSlimmer sont majoritairement positifs, de nombreux utilisateurs ayant fait part de leur <em>exp\u00e9rience<\/em>. Vous trouverez ci-dessous quelques avis d\u00e9taill\u00e9s :<\/p>\n\n\n\n<blockquote class=\"wp-block-quote is-layout-flow wp-block-quote-is-layout-flow\">\n<p><strong>Monica, 32 ans :<\/strong> \u00ab\u00a0J&rsquo;ai opt\u00e9 pour BeSlimmer apr\u00e8s avoir lu de nombreux <em>avis<\/em> positifs. Apr\u00e8s seulement quelques semaines, j&rsquo;ai commenc\u00e9 \u00e0 remarquer que mes v\u00eatements \u00e9taient plus amples. Il est important de noter que je n&rsquo;ai pas eu de probl\u00e8mes d&rsquo;estomac pendant l&rsquo;utilisation, comme c&rsquo;\u00e9tait le cas auparavant avec d&rsquo;autres compl\u00e9ments. Je suis heureux d&rsquo;avoir pu am\u00e9liorer ma silhouette de mani\u00e8re naturelle.\u00a0\u00bb<\/p>\n<\/blockquote>\n\n\n\n<blockquote class=\"wp-block-quote is-layout-flow wp-block-quote-is-layout-flow\">\n<p><strong>Paul, 28 ans, a d\u00e9clar\u00e9 :<\/strong> \u00ab\u00a0Je cherchais un moyen efficace de <b>perdre du poids<\/b> et je suis tomb\u00e9 sur BeSlimmer. Apr\u00e8s un mois d&rsquo;utilisation, j&rsquo;ai constat\u00e9 une perte de poids significative et un regain d&rsquo;\u00e9nergie. Mon bien-\u00eatre s&rsquo;est am\u00e9lior\u00e9 et je trouve qu&rsquo;il est plus facile de conserver des habitudes alimentaires saines. <em>Les commentaires d&rsquo;<\/em> autres utilisateurs m&rsquo;ont \u00e9galement convaincue de l&rsquo;int\u00e9r\u00eat de ce compl\u00e9ment.\u00a0\u00bb<\/p>\n<\/blockquote>\n\n\n\n<blockquote class=\"wp-block-quote is-layout-flow wp-block-quote-is-layout-flow\">\n<p><strong>Kasia, 35 ans :<\/strong> \u00ab\u00a0Je lutte depuis longtemps contre des probl\u00e8mes de poids. BeSlimmer m&rsquo;a \u00e9t\u00e9 recommand\u00e9 par un ami qui avait eu une <em>exp\u00e9rience<\/em> positive avec le produit. Apr\u00e8s trois mois d&rsquo;utilisation, j&rsquo;ai remarqu\u00e9 des changements significatifs, notamment une taille plus fine et moins de graisse autour du ventre. <em>Les commentaires sur<\/em> BeSlimmer sont vraiment motivants et m&rsquo;ont incit\u00e9 \u00e0 l&rsquo;acheter\u00a0\u00bb<\/p>\n<\/blockquote>\n\n\n\n<p>Dans l&rsquo;ensemble, les <b>exp\u00e9riences des utilisateurs<\/b> indiquent que BeSlimmer est efficace, et de nombreuses personnes appr\u00e9cient les ingr\u00e9dients naturels qui minimisent les <b>effets secondaires<\/b>. Les <em>commentaires<\/em> et les <em>avis<\/em> post\u00e9s sur les m\u00e9dias sociaux et les forums de discussion confirment que le compl\u00e9ment s&rsquo;associe bien \u00e0 un exercice physique l\u00e9ger et \u00e0 un r\u00e9gime alimentaire sain.<\/p>\n\n\n\n<h2 class=\"wp-block-heading\">BeSlimmer &#8211; Composition &#8211; Analyse des ingr\u00e9dients<\/h2>\n\n\n\n<p><b>La composition de<\/b> BeSlimmer a \u00e9t\u00e9 soigneusement \u00e9tudi\u00e9e pour favoriser efficacement la perte de poids. <b>Le compl\u00e9ment alimentaire<\/b> utilise des extraits naturels de plantes qui ont des propri\u00e9t\u00e9s prouv\u00e9es pour acc\u00e9l\u00e9rer le m\u00e9tabolisme et aider \u00e0 r\u00e9duire le poids. Les principaux ingr\u00e9dients de BeSlimmer sont l&rsquo;extrait de th\u00e9 vert, la caf\u00e9ine, la L-carnitine et le chrome.<\/p>\n\n\n\n<p><b>Une analyse des ingr\u00e9dients<\/b> r\u00e9v\u00e8le que :<\/p>\n\n\n\n<figure class=\"wp-block-table\"><table class=\"has-fixed-layout\"><tbody><tr><th>Ingr\u00e9dient<\/th><th>Action<\/th><\/tr><tr><td>Extrait de th\u00e9 vert<\/td><td>Acc\u00e9l\u00e8re la combustion des graisses, contient des antioxydants (cat\u00e9chines)<\/td><\/tr><tr><td>La caf\u00e9ine<\/td><td>Augmente le niveau d&rsquo;\u00e9nergie, r\u00e9duit la sensation de fatigue<\/td><\/tr><tr><td>L-carnitine<\/td><td>Favorise le transport des acides gras dans les mitochondries<\/td><\/tr><tr><td>Chrome<\/td><td>R\u00e9gule le taux de sucre dans le sang, r\u00e9duit l&rsquo;app\u00e9tit<\/td><\/tr><tr><td>Extrait d&rsquo;orange am\u00e8re<\/td><td>Acc\u00e9l\u00e8re le m\u00e9tabolisme, favorise la perte de poids<\/td><\/tr><tr><td>Algues Spiruline<\/td><td>Source de prot\u00e9ines, favorise la perte de poids<\/td><\/tr><tr><td>Vitamine B6<\/td><td>Soutient le m\u00e9tabolisme, contribue au syst\u00e8me nerveux<\/td><\/tr><\/tbody><\/table><\/figure>\n\n\n\n<p>Il convient de souligner l&rsquo;importance de lire l&rsquo;\u00e9tiquette afin de se faire une id\u00e9e compl\u00e8te de l&rsquo;action et des <b>bienfaits de<\/b> BeSlimmer pour la sant\u00e9. Lorsqu&rsquo;ils sont utilis\u00e9s correctement, les ingr\u00e9dients soutiennent efficacement non seulement la <b>perte de poids<\/b>, mais aussi le bien-\u00eatre g\u00e9n\u00e9ral <b>de l&rsquo;<\/b>utilisateur.<\/p>\n\n\n\n<h2 class=\"wp-block-heading\">O\u00f9 acheter et combien co\u00fbte BeSlimmer &#8211; prix<\/h2>\n\n\n\n<p>BeSlimmer est un produit qui ne peut \u00eatre achet\u00e9 que sur le site officiel du fabricant. C&rsquo;est le meilleur endroit pour obtenir les derni\u00e8res informations sur les promotions en cours et les offres disponibles. En achetant directement aupr\u00e8s du fabricant, les clients sont assur\u00e9s non seulement de recevoir le produit original, mais aussi de b\u00e9n\u00e9ficier de prix attractifs.<\/p>\n\n\n\n<p>Il n&rsquo;est pas possible d&rsquo;acheter BeSlimmer dans les pharmacies stationnaires, ce qui fait de l&rsquo;achat en ligne la seule option possible. Il convient de noter la vari\u00e9t\u00e9 des promotions, qui peuvent changer en raison de la disponibilit\u00e9 limit\u00e9e. Les clients doivent \u00eatre attentifs aux r\u00e9ductions qui peuvent atteindre 50 % du prix normal.<\/p>\n\n\n\n<p>Il convient de noter que <b>le prix de<\/b> BeSlimmer peut varier en fonction des promotions en cours, c&rsquo;est pourquoi il est tr\u00e8s utile de suivre r\u00e9guli\u00e8rement le site officiel du fabricant. Cette approche vous permet de trouver les meilleures offres et de vous assurer que vous achetez le produit au prix le plus favorable.<\/p>\n\n\n\n<h2 class=\"wp-block-heading\">Effets secondaires potentiels et contre-indications \u00e0 l&rsquo;utilisation de BeSlimmer<\/h2>\n\n\n\n<p>L&rsquo;utilisation de BeSlimmer est g\u00e9n\u00e9ralement per\u00e7ue comme s\u00fbre. Cependant, comme tout compl\u00e9ment alimentaire, il peut \u00e9galement provoquer des <b>effets secondaires<\/b>. Les probl\u00e8mes les plus fr\u00e9quemment signal\u00e9s sont les maux d&rsquo;estomac et d&rsquo;\u00e9ventuelles r\u00e9actions allergiques. Les personnes ayant des ant\u00e9c\u00e9dents de probl\u00e8mes de sant\u00e9, ainsi que les femmes enceintes ou allaitantes, doivent pr\u00eater une attention particuli\u00e8re aux <b>contre-indications d<\/b> &lsquo;utilisation.<\/p>\n\n\n\n<p>Avant de commencer la suppl\u00e9mentation, il est essentiel de consulter un m\u00e9decin pour s&rsquo;assurer que BeSlimmer convient \u00e0 l&rsquo;individu. L&rsquo;augmentation du dosage en soi peut augmenter le risque d&rsquo;effets secondaires, il est donc recommand\u00e9 de respecter strictement le dosage indiqu\u00e9.<\/p>\n\n\n\n<p>Bien que BeSlimmer puisse avoir des effets positifs sur la perte de poids, la sant\u00e9 et la s\u00e9curit\u00e9 des utilisateurs doivent toujours \u00eatre une priorit\u00e9. Il convient donc d&rsquo;examiner attentivement les \u00e9ventuelles <b>contre-indications<\/b> avant de commencer la suppl\u00e9mentation.<\/p>\n","protected":false},"excerpt":{"rendered":"<p><strong>[date_countdown]<\/strong><\/p>\n<p><img decoding=\"async\" class=\"alignnone  wp-image-8427\" src=\"https:\/\/chirurgie-orthopedie-vannes.fr\/pharmacie\/wp-content\/uploads\/2024\/10\/SAFE-PAY-300x88-1.png\" alt=\"SAFE-PAY-300x88\" width=\"164\" height=\"48\" \/><\/p>\n","protected":false},"featured_media":3910,"comment_status":"open","ping_status":"closed","template":"","meta":{"neve_meta_sidebar":"","neve_meta_container":"","neve_meta_enable_content_width":"","neve_meta_content_width":0,"neve_meta_title_alignment":"","neve_meta_author_avatar":"","neve_post_elements_order":"","neve_meta_disable_header":"","neve_meta_disable_footer":"","neve_meta_disable_title":"","neve_meta_reading_time":""},"product_brand":[],"product_cat":[15],"product_tag":[],"class_list":{"0":"post-4484","1":"product","2":"type-product","3":"status-publish","4":"has-post-thumbnail","6":"product_cat-perte-de-poids","8":"first","9":"instock","10":"sale","11":"shipping-taxable","12":"product-type-external"},"yoast_head":"<!-- This site is optimized with the Yoast SEO plugin v27.4 - https:\/\/yoast.com\/product\/yoast-seo-wordpress\/ -->\n<title>BeSlimmer - Avis, Forum, Pharmacie, Prix, Effets | -50%<\/title>\n<meta name=\"robots\" content=\"index, follow, max-snippet:-1, max-image-preview:large, max-video-preview:-1\" \/>\n<link rel=\"canonical\" href=\"https:\/\/chirurgie-orthopedie-vannes.fr\/pharmacie\/supp\/beslimmer\/\" \/>\n<meta property=\"og:locale\" content=\"fr_FR\" \/>\n<meta property=\"og:type\" content=\"article\" \/>\n<meta property=\"og:title\" content=\"BeSlimmer - Avis, Forum, Pharmacie, Prix, Effets | -50%\" \/>\n<meta property=\"og:url\" content=\"https:\/\/chirurgie-orthopedie-vannes.fr\/pharmacie\/supp\/beslimmer\/\" \/>\n<meta property=\"og:site_name\" content=\"Chirurgie-Orthopedie-Vannes\" \/>\n<meta property=\"article:modified_time\" content=\"2025-01-14T13:28:32+00:00\" \/>\n<meta property=\"og:image\" content=\"https:\/\/chirurgie-orthopedie-vannes.fr\/pharmacie\/wp-content\/uploads\/2024\/10\/BeSlimmer.jpg\" \/>\n\t<meta property=\"og:image:width\" content=\"768\" \/>\n\t<meta property=\"og:image:height\" content=\"768\" \/>\n\t<meta property=\"og:image:type\" content=\"image\/jpeg\" \/>\n<meta name=\"twitter:card\" content=\"summary_large_image\" \/>\n<meta name=\"twitter:description\" content=\"[date_countdown]\" \/>\n<meta name=\"twitter:label1\" content=\"Dur\u00e9e de lecture estim\u00e9e\" \/>\n\t<meta name=\"twitter:data1\" content=\"1 minute\" \/>\n<script type=\"application\/ld+json\" class=\"yoast-schema-graph\">{\"@context\":\"https:\\\/\\\/schema.org\",\"@graph\":[{\"@type\":\"WebPage\",\"@id\":\"https:\\\/\\\/chirurgie-orthopedie-vannes.fr\\\/pharmacie\\\/supp\\\/beslimmer\\\/\",\"url\":\"https:\\\/\\\/chirurgie-orthopedie-vannes.fr\\\/pharmacie\\\/supp\\\/beslimmer\\\/\",\"name\":\"BeSlimmer - Avis, Forum, Pharmacie, Prix, Effets | -50%\",\"isPartOf\":{\"@id\":\"https:\\\/\\\/chirurgie-orthopedie-vannes.fr\\\/pharmacie\\\/#website\"},\"primaryImageOfPage\":{\"@id\":\"https:\\\/\\\/chirurgie-orthopedie-vannes.fr\\\/pharmacie\\\/supp\\\/beslimmer\\\/#primaryimage\"},\"image\":{\"@id\":\"https:\\\/\\\/chirurgie-orthopedie-vannes.fr\\\/pharmacie\\\/supp\\\/beslimmer\\\/#primaryimage\"},\"thumbnailUrl\":\"https:\\\/\\\/chirurgie-orthopedie-vannes.fr\\\/pharmacie\\\/wp-content\\\/uploads\\\/2024\\\/10\\\/BeSlimmer.jpg\",\"datePublished\":\"2024-10-18T19:46:05+00:00\",\"dateModified\":\"2025-01-14T13:28:32+00:00\",\"breadcrumb\":{\"@id\":\"https:\\\/\\\/chirurgie-orthopedie-vannes.fr\\\/pharmacie\\\/supp\\\/beslimmer\\\/#breadcrumb\"},\"inLanguage\":\"fr-FR\",\"potentialAction\":[{\"@type\":\"ReadAction\",\"target\":[\"https:\\\/\\\/chirurgie-orthopedie-vannes.fr\\\/pharmacie\\\/supp\\\/beslimmer\\\/\"]}]},{\"@type\":\"ImageObject\",\"inLanguage\":\"fr-FR\",\"@id\":\"https:\\\/\\\/chirurgie-orthopedie-vannes.fr\\\/pharmacie\\\/supp\\\/beslimmer\\\/#primaryimage\",\"url\":\"https:\\\/\\\/chirurgie-orthopedie-vannes.fr\\\/pharmacie\\\/wp-content\\\/uploads\\\/2024\\\/10\\\/BeSlimmer.jpg\",\"contentUrl\":\"https:\\\/\\\/chirurgie-orthopedie-vannes.fr\\\/pharmacie\\\/wp-content\\\/uploads\\\/2024\\\/10\\\/BeSlimmer.jpg\",\"width\":768,\"height\":768},{\"@type\":\"BreadcrumbList\",\"@id\":\"https:\\\/\\\/chirurgie-orthopedie-vannes.fr\\\/pharmacie\\\/supp\\\/beslimmer\\\/#breadcrumb\",\"itemListElement\":[{\"@type\":\"ListItem\",\"position\":1,\"name\":\"Strona g\u0142\u00f3wna\",\"item\":\"https:\\\/\\\/chirurgie-orthopedie-vannes.fr\\\/pharmacie\\\/\"},{\"@type\":\"ListItem\",\"position\":2,\"name\":\"farmaci\",\"item\":\"https:\\\/\\\/chirurgie-orthopedie-vannes.fr\\\/pharmacie\\\/\"},{\"@type\":\"ListItem\",\"position\":3,\"name\":\"BeSlimmer\"}]},{\"@type\":\"WebSite\",\"@id\":\"https:\\\/\\\/chirurgie-orthopedie-vannes.fr\\\/pharmacie\\\/#website\",\"url\":\"https:\\\/\\\/chirurgie-orthopedie-vannes.fr\\\/pharmacie\\\/\",\"name\":\"Chirurgie-Orthopedie-Vannes\",\"description\":\"\",\"potentialAction\":[{\"@type\":\"SearchAction\",\"target\":{\"@type\":\"EntryPoint\",\"urlTemplate\":\"https:\\\/\\\/chirurgie-orthopedie-vannes.fr\\\/pharmacie\\\/?s={search_term_string}\"},\"query-input\":{\"@type\":\"PropertyValueSpecification\",\"valueRequired\":true,\"valueName\":\"search_term_string\"}}],\"inLanguage\":\"fr-FR\"}]}<\/script>\n<!-- \/ Yoast SEO plugin. -->","yoast_head_json":{"title":"BeSlimmer - Avis, Forum, Pharmacie, Prix, Effets | -50%","robots":{"index":"index","follow":"follow","max-snippet":"max-snippet:-1","max-image-preview":"max-image-preview:large","max-video-preview":"max-video-preview:-1"},"canonical":"https:\/\/chirurgie-orthopedie-vannes.fr\/pharmacie\/supp\/beslimmer\/","og_locale":"fr_FR","og_type":"article","og_title":"BeSlimmer - Avis, Forum, Pharmacie, Prix, Effets | -50%","og_url":"https:\/\/chirurgie-orthopedie-vannes.fr\/pharmacie\/supp\/beslimmer\/","og_site_name":"Chirurgie-Orthopedie-Vannes","article_modified_time":"2025-01-14T13:28:32+00:00","og_image":[{"width":768,"height":768,"url":"https:\/\/chirurgie-orthopedie-vannes.fr\/pharmacie\/wp-content\/uploads\/2024\/10\/BeSlimmer.jpg","type":"image\/jpeg"}],"twitter_card":"summary_large_image","twitter_description":"[date_countdown]","twitter_misc":{"Dur\u00e9e de lecture estim\u00e9e":"1 minute"},"schema":{"@context":"https:\/\/schema.org","@graph":[{"@type":"WebPage","@id":"https:\/\/chirurgie-orthopedie-vannes.fr\/pharmacie\/supp\/beslimmer\/","url":"https:\/\/chirurgie-orthopedie-vannes.fr\/pharmacie\/supp\/beslimmer\/","name":"BeSlimmer - Avis, Forum, Pharmacie, Prix, Effets | -50%","isPartOf":{"@id":"https:\/\/chirurgie-orthopedie-vannes.fr\/pharmacie\/#website"},"primaryImageOfPage":{"@id":"https:\/\/chirurgie-orthopedie-vannes.fr\/pharmacie\/supp\/beslimmer\/#primaryimage"},"image":{"@id":"https:\/\/chirurgie-orthopedie-vannes.fr\/pharmacie\/supp\/beslimmer\/#primaryimage"},"thumbnailUrl":"https:\/\/chirurgie-orthopedie-vannes.fr\/pharmacie\/wp-content\/uploads\/2024\/10\/BeSlimmer.jpg","datePublished":"2024-10-18T19:46:05+00:00","dateModified":"2025-01-14T13:28:32+00:00","breadcrumb":{"@id":"https:\/\/chirurgie-orthopedie-vannes.fr\/pharmacie\/supp\/beslimmer\/#breadcrumb"},"inLanguage":"fr-FR","potentialAction":[{"@type":"ReadAction","target":["https:\/\/chirurgie-orthopedie-vannes.fr\/pharmacie\/supp\/beslimmer\/"]}]},{"@type":"ImageObject","inLanguage":"fr-FR","@id":"https:\/\/chirurgie-orthopedie-vannes.fr\/pharmacie\/supp\/beslimmer\/#primaryimage","url":"https:\/\/chirurgie-orthopedie-vannes.fr\/pharmacie\/wp-content\/uploads\/2024\/10\/BeSlimmer.jpg","contentUrl":"https:\/\/chirurgie-orthopedie-vannes.fr\/pharmacie\/wp-content\/uploads\/2024\/10\/BeSlimmer.jpg","width":768,"height":768},{"@type":"BreadcrumbList","@id":"https:\/\/chirurgie-orthopedie-vannes.fr\/pharmacie\/supp\/beslimmer\/#breadcrumb","itemListElement":[{"@type":"ListItem","position":1,"name":"Strona g\u0142\u00f3wna","item":"https:\/\/chirurgie-orthopedie-vannes.fr\/pharmacie\/"},{"@type":"ListItem","position":2,"name":"farmaci","item":"https:\/\/chirurgie-orthopedie-vannes.fr\/pharmacie\/"},{"@type":"ListItem","position":3,"name":"BeSlimmer"}]},{"@type":"WebSite","@id":"https:\/\/chirurgie-orthopedie-vannes.fr\/pharmacie\/#website","url":"https:\/\/chirurgie-orthopedie-vannes.fr\/pharmacie\/","name":"Chirurgie-Orthopedie-Vannes","description":"","potentialAction":[{"@type":"SearchAction","target":{"@type":"EntryPoint","urlTemplate":"https:\/\/chirurgie-orthopedie-vannes.fr\/pharmacie\/?s={search_term_string}"},"query-input":{"@type":"PropertyValueSpecification","valueRequired":true,"valueName":"search_term_string"}}],"inLanguage":"fr-FR"}]}},"_links":{"self":[{"href":"https:\/\/chirurgie-orthopedie-vannes.fr\/pharmacie\/wp-json\/wp\/v2\/product\/4484","targetHints":{"allow":["GET"]}}],"collection":[{"href":"https:\/\/chirurgie-orthopedie-vannes.fr\/pharmacie\/wp-json\/wp\/v2\/product"}],"about":[{"href":"https:\/\/chirurgie-orthopedie-vannes.fr\/pharmacie\/wp-json\/wp\/v2\/types\/product"}],"replies":[{"embeddable":true,"href":"https:\/\/chirurgie-orthopedie-vannes.fr\/pharmacie\/wp-json\/wp\/v2\/comments?post=4484"}],"wp:featuredmedia":[{"embeddable":true,"href":"https:\/\/chirurgie-orthopedie-vannes.fr\/pharmacie\/wp-json\/wp\/v2\/media\/3910"}],"wp:attachment":[{"href":"https:\/\/chirurgie-orthopedie-vannes.fr\/pharmacie\/wp-json\/wp\/v2\/media?parent=4484"}],"wp:term":[{"taxonomy":"product_brand","embeddable":true,"href":"https:\/\/chirurgie-orthopedie-vannes.fr\/pharmacie\/wp-json\/wp\/v2\/product_brand?post=4484"},{"taxonomy":"product_cat","embeddable":true,"href":"https:\/\/chirurgie-orthopedie-vannes.fr\/pharmacie\/wp-json\/wp\/v2\/product_cat?post=4484"},{"taxonomy":"product_tag","embeddable":true,"href":"https:\/\/chirurgie-orthopedie-vannes.fr\/pharmacie\/wp-json\/wp\/v2\/product_tag?post=4484"}],"curies":[{"name":"wp","href":"https:\/\/api.w.org\/{rel}","templated":true}]}}