{"id":4487,"date":"2024-10-18T19:46:05","date_gmt":"2024-10-18T19:46:05","guid":{"rendered":"https:\/\/chirurgie-orthopedie-vannes.fr\/pharmacie\/?post_type=product&#038;p=4487"},"modified":"2025-01-14T13:28:32","modified_gmt":"2025-01-14T13:28:32","slug":"collagenico","status":"publish","type":"product","link":"https:\/\/chirurgie-orthopedie-vannes.fr\/pharmacie\/supp\/collagenico\/","title":{"rendered":"Collagenico"},"content":{"rendered":"<h2 class=\"wp-block-heading\">Qu&rsquo;est-ce que Collagenico et comment fonctionne-t-il ?<\/h2>\n\n\n<p><b>Collagenico<\/b> est un <b>compl\u00e9ment alimentaire<\/b> qui contient des <em>ingr\u00e9dients actifs<\/em> tels que du <b>collag\u00e8ne<\/b> marin et de l&rsquo;<b>acide hyaluronique<\/b> pour soutenir la <b>sant\u00e9 de la peau<\/b>, des cheveux et des ongles. Le <b>collag\u00e8ne<\/b> est une prot\u00e9ine cl\u00e9 responsable de l&rsquo;\u00e9lasticit\u00e9 et de la fermet\u00e9 de la peau. L&rsquo;<b>utilisation<\/b> r\u00e9guli\u00e8re <b>de Collagenico<\/b> peut conduire \u00e0 une r\u00e9duction des rides et \u00e0 une texture plus lisse.<\/p>\n\n\n<p>L&rsquo;un des principaux ingr\u00e9dients de Collagenico est l&rsquo;<b>acide hyaluronique<\/b>, qui a la capacit\u00e9 de retenir l&rsquo;eau dans les cellules, ce qui permet une excellente hydratation. Les extraits de fruits ajout\u00e9s \u00e0 la formule de Collagenico offrent des propri\u00e9t\u00e9s antioxydantes suppl\u00e9mentaires qui peuvent aider \u00e0 lutter contre les dommages caus\u00e9s par les radicaux libres, ce qui est important pour les personnes soucieuses de conserver une apparence jeune.<\/p>\n\n\n<p>Collagenico agit \u00e0 plusieurs niveaux pour soutenir les processus de r\u00e9g\u00e9n\u00e9ration de l&rsquo;organisme. Gr\u00e2ce \u00e0 l&rsquo;action complexe des <em>ingr\u00e9dients actifs<\/em>, on observe une am\u00e9lioration de la structure de la peau, ainsi qu&rsquo;une am\u00e9lioration significative de la sant\u00e9 des cheveux et des ongles. Les g\u00e9lules sont pratiques \u00e0 utiliser et ne n\u00e9cessitent pas de pr\u00e9paration compliqu\u00e9e, ce qui fait de la suppl\u00e9mentation une habitude pratique.<\/p>\n\n\n<h2 class=\"wp-block-heading\">Quels sont les effets de Collagenico ?<\/h2>\n\n\n<p><b>L&rsquo;utilisation de Collagenico<\/b> a un certain nombre d&rsquo;effets positifs qui sont perceptibles apr\u00e8s seulement quelques semaines de prise r\u00e9guli\u00e8re. Les principaux avantages associ\u00e9s \u00e0 ce compl\u00e9ment alimentaire sont les suivants :<\/p>\n\n\n\n<ul class=\"wp-block-list\">\n<li><em>Am\u00e9lioration de la peau<\/em> &#8211; Les utilisateurs font souvent \u00e9tat d&rsquo;une am\u00e9lioration de la fermet\u00e9 et d&rsquo;une r\u00e9duction de l&rsquo;apparence des rides, ce qui donne une apparence plus jeune.<\/li>\n\n\n\n<li><em>Hydratation<\/em> &#8211; Gr\u00e2ce \u00e0 la teneur en collag\u00e8ne et en acide hyaluronique, la peau devient plus hydrat\u00e9e, plus souple et plus lisse.<\/li>\n\n\n\n<li>Renforcement des cheveux &#8211; Collagenico contribue \u00e0 r\u00e9duire la casse des cheveux et \u00e0 augmenter leur volume et leur brillance.<\/li>\n\n\n\n<li>Renforcement des <b>ongles<\/b>&#8211; Le compl\u00e9ment favorise la <b>sant\u00e9 des ongles<\/b>, qui deviennent plus forts et moins susceptibles d&rsquo;\u00eatre endommag\u00e9s.<\/li>\n<\/ul>\n\n\n<p>L&rsquo;<b>utilisation<\/b> r\u00e9guli\u00e8re <b>de Collagenico<\/b> peut am\u00e9liorer l&rsquo;apparence g\u00e9n\u00e9rale de la peau, des cheveux et des ongles, ce qui a un impact direct sur l&rsquo;estime de soi. Les <b>effets<\/b> positifs <b>de Collagenico<\/b> attirent les clients \u00e0 la recherche de produits de soins de la peau efficaces qui promettent des r\u00e9sultats visibles en peu de temps.<\/p>\n\n\n<h2 class=\"wp-block-heading\">Comment utiliser Collagenico ? &#8211; Dosage et recommandations<\/h2>\n\n\n<p>La <b>posologie<\/b> recommand\u00e9e <b>de<\/b> Collagenico est de <em>2 g\u00e9lules par jour<\/em>. Vous obtiendrez les meilleurs r\u00e9sultats en prenant les g\u00e9lules avant les repas, ce qui augmente l&rsquo;absorption. La r\u00e9gularit\u00e9 dans la prise du produit est essentielle, ce qui signifie qu&rsquo;il est recommand\u00e9 de continuer pendant au moins <em>3 mois<\/em> pour voir des r\u00e9sultats significatifs.<\/p>\n\n\n<p>Il est important de consulter votre m\u00e9decin avant de prendre le compl\u00e9ment, en particulier si vous \u00eates enceinte ou si vous allaitez. Veillez \u00e0 boire les g\u00e9lules avec beaucoup d&rsquo;eau. Le produit doit \u00eatre conserv\u00e9 dans un <em>endroit frais et sombre<\/em> afin de pr\u00e9server ses propri\u00e9t\u00e9s.<\/p>\n\n\n<p>Collagenico est uniquement disponible sur <em>le site officiel du fabricant<\/em> et dans certaines pharmacies en ligne. La disponibilit\u00e9 limit\u00e9e du produit exige une action rapide pour b\u00e9n\u00e9ficier de ses avantages. Le processus de commande est pratique et peut \u00eatre effectu\u00e9 en ligne, avec une livraison dans toute la Pologne.<\/p>\n\n\n<h2 class=\"wp-block-heading\">Collagenico &#8211; Avis et critiques &#8211; Que disent les utilisateurs ?<\/h2>\n\n\n<p>De nombreux <em>avis sur Collagenico<\/em> apparaissent sur les forums et groupes de discussion en ligne, o\u00f9 les utilisateurs partagent leurs <em>exp\u00e9riences<\/em> avec ce compl\u00e9ment. Ils soulignent souvent ses effets positifs sur la <b>sant\u00e9 de la peau<\/b>, des cheveux et des ongles. Ceux qui ont choisi de l&rsquo;utiliser r\u00e9guli\u00e8rement ont remarqu\u00e9 une am\u00e9lioration de la fermet\u00e9 et de l&rsquo;hydratation de la peau.<\/p>\n\n\n\n<blockquote class=\"wp-block-quote is-layout-flow wp-block-quote-is-layout-flow\"><p>\u00ab\u00a0J&rsquo;ai constat\u00e9 une diff\u00e9rence significative dans l&rsquo;\u00e9tat de ma peau apr\u00e8s quelques semaines d&rsquo;utilisation de Collagenico. Je le recommanderais sans h\u00e9siter \u00e0 toute personne souhaitant am\u00e9liorer l&rsquo;aspect de son teint.\u00a0\u00bb<\/p>\n<\/blockquote>\n\n\n<p>L&rsquo;analyse des <em>avis<\/em> r\u00e9v\u00e8le que, pour certains utilisateurs, des effets notables peuvent n\u00e9cessiter une p\u00e9riode d&rsquo;utilisation plus longue. Certains avis n\u00e9gatifs sugg\u00e8rent que les effets peuvent \u00eatre insatisfaisants si le compl\u00e9ment est utilis\u00e9 de mani\u00e8re sporadique. Il convient d&rsquo;ajouter que les avis indiquent la n\u00e9cessit\u00e9 de synchroniser l&rsquo;utilisation de Collagenico avec d&rsquo;autres habitudes saines, telles qu&rsquo;un r\u00e9gime alimentaire \u00e9quilibr\u00e9 et une activit\u00e9 physique r\u00e9guli\u00e8re.<\/p>\n\n\n<figure class=\"wp-block-table\"><table class=\"has-fixed-layout\"><tbody><tr><th>Utilisateur<\/th><th>L&rsquo;\u00e2ge<\/th><th>Opinions<\/th><\/tr><tr><td>Anna<\/td><td>42<\/td><td>\u00ab\u00a0Collagenico a \u00e9t\u00e9 une v\u00e9ritable r\u00e9volution pour moi ! Depuis que je l&rsquo;utilise, ma peau est plus ferme et plus \u00e9clatante.\u00a0\u00bb<\/td><\/tr><tr><td>Pierre<\/td><td>35<\/td><td>\u00ab\u00a0L&rsquo;utilisation r\u00e9guli\u00e8re des capsules a am\u00e9lior\u00e9 l&rsquo;\u00e9tat de ma peau et a eu un impact positif sur mon bien-\u00eatre.<\/td><\/tr><tr><td>Kasia<\/td><td>28<\/td><td>\u00ab\u00a0Je n&rsquo;ai pas remarqu\u00e9 de r\u00e9sultats significatifs apr\u00e8s un mois d&rsquo;utilisation. Peut-\u00eatre ai-je besoin de plus de temps ?\u00a0\u00bb<\/td><\/tr><\/tbody><\/table><\/figure>\n\n\n<p>En r\u00e9sum\u00e9, les <em>avis sur Collagenico<\/em> sont majoritairement positifs, mais les <em>exp\u00e9riences<\/em> personnelles varient en fonction des besoins et du mode de vie de chacun. Les utilisateurs recommandent la patience et l&rsquo;attention port\u00e9e aux soins holistiques pour obtenir les meilleurs r\u00e9sultats.<\/p>\n\n\n<h2 class=\"wp-block-heading\">Composition de Collagenico &#8211; Analyse des ingr\u00e9dients<\/h2>\n\n\n<p>Collagenico est un <b>compl\u00e9ment alimentaire<\/b> qui se distingue par <em>sa composition soigneusement s\u00e9lectionn\u00e9e<\/em> pour soutenir la sant\u00e9 de la peau, des cheveux et des ongles. L&rsquo;ingr\u00e9dient principal est le collag\u00e8ne, y compris le collag\u00e8ne hydrolys\u00e9, qui se caract\u00e9rise par sa haute biodisponibilit\u00e9 pour l&rsquo;organisme. Par cons\u00e9quent, <b>la composition de Collagenico<\/b> favorise la production de collag\u00e8ne, qui est cruciale pour la r\u00e9g\u00e9n\u00e9ration des tissus.<\/p>\n\n\n<p>Un autre \u00e9l\u00e9ment important est l&rsquo;acide hyaluronique, responsable de l&rsquo;<b>hydratation<\/b> et de l&rsquo;\u00e9lasticit\u00e9 de la peau. Les ingr\u00e9dients actifs comprennent \u00e9galement la vitamine C, qui favorise la production de collag\u00e8ne, et des min\u00e9raux tels que le zinc et le s\u00e9l\u00e9nium, qui jouent un r\u00f4le dans la nutrition de la peau.<\/p>\n\n\n<p>Voici la liste d\u00e9taill\u00e9e des ingr\u00e9dients de Collagenico :<\/p>\n\n\n<figure class=\"wp-block-table\"><table class=\"has-fixed-layout\"><tbody><tr><th>Composant<\/th><th>Propri\u00e9t\u00e9s<\/th><\/tr><tr><td>Collag\u00e8ne<\/td><td>Favorise la production de collag\u00e8ne, am\u00e9liore l&rsquo;\u00e9lasticit\u00e9 de la peau<\/td><\/tr><tr><td>Acide hyaluronique<\/td><td>Hydrate et augmente l&rsquo;\u00e9lasticit\u00e9 de la peau<\/td><\/tr><tr><td>Vitamine C<\/td><td>Stimule la production de collag\u00e8ne et a des effets antioxydants.<\/td><\/tr><tr><td>Vitamine E<\/td><td>Prot\u00e8ge les cellules de la peau contre les dommages<\/td><\/tr><tr><td>Querc\u00e9tine<\/td><td>A des effets anti-inflammatoires et antioxydants<\/td><\/tr><tr><td>Extrait d&rsquo;\u00e9glantier<\/td><td>Favorise l&rsquo;\u00e9tat de la peau en lui apportant des vitamines<\/td><\/tr><tr><td>Extrait de th\u00e9 vert<\/td><td>Effet protecteur, lutte contre les radicaux libres<\/td><\/tr><\/tbody><\/table><\/figure>\n\n\n<p>L&rsquo;utilisation r\u00e9guli\u00e8re de Collagenico peut apporter des avantages significatifs, tels que l&rsquo;am\u00e9lioration de l&rsquo;\u00e9tat de la peau, l&rsquo;<b>hydratation<\/b> et l&rsquo;augmentation de l&rsquo;\u00e9lasticit\u00e9. Gr\u00e2ce \u00e0 ses ingr\u00e9dients soigneusement s\u00e9lectionn\u00e9s, le compl\u00e9ment favorise la r\u00e9g\u00e9n\u00e9ration des cheveux et des ongles, tout en ayant un effet b\u00e9n\u00e9fique sur les articulations et le cartilage.<\/p>\n\n\n<h2 class=\"wp-block-heading\">O\u00f9 acheter Collagenico &#8211; prix<\/h2>\n\n\n<p>Collagenico n&rsquo;est disponible que sur le site officiel du fabricant, ce qui garantit l&rsquo;authenticit\u00e9 du produit. Le compl\u00e9ment n&rsquo;est pas disponible dans les pharmacies stationnaires ou sur les sites d&rsquo;achat populaires, ce qui ajoute \u00e0 son exclusivit\u00e9. Les principales informations relatives \u00e0 l&rsquo;achat et au prix ne sont disponibles que sur le site web du fabricant.<\/p>\n\n\n<p><b>Les achats en ligne<\/b> offrent de nombreux avantages, notamment la commodit\u00e9 et l&rsquo;acc\u00e8s \u00e0 des r\u00e9ductions int\u00e9ressantes. Les femmes qui souhaitent savoir <b>o\u00f9 acheter Collagenico<\/b> devraient profiter de cette offre pour r\u00e9aliser de r\u00e9elles \u00e9conomies. La dur\u00e9e minimale d&rsquo;utilisation du compl\u00e9ment est de 30 jours, ce qui peut affecter les effets pendant le traitement.<\/p>\n\n\n<p>Les clients qui ont essay\u00e9 Collagenico soulignent tr\u00e8s souvent ses effets positifs sur l&rsquo;\u00e9tat de la peau, des cheveux et des ongles. L&rsquo;utilisation de ce compl\u00e9ment permet de constater une am\u00e9lioration significative qui se r\u00e9percute sur l&rsquo;aspect g\u00e9n\u00e9ral et le bien-\u00eatre.<\/p>\n\n\n<h2 class=\"wp-block-heading\">Effets secondaires potentiels et contre-indications \u00e0 l&rsquo;utilisation de Collagenico<\/h2>\n\n\n<p>Collagenico, en tant que compl\u00e9ment alimentaire \u00e0 base d&rsquo;ingr\u00e9dients naturels, pr\u00e9sente un faible risque d&rsquo;effets secondaires. Toutefois, les personnes allergiques \u00e0 l&rsquo;un des ingr\u00e9dients de la formule doivent \u00eatre particuli\u00e8rement prudentes. Les <b>contre-indications<\/b> de Collagenico peuvent inclure des r\u00e9actions allergiques, des maux de t\u00eate, des naus\u00e9es, des vertiges et des troubles du sommeil. Il est donc important que toute nouvelle suppl\u00e9mentation soit r\u00e9fl\u00e9chie et qu&rsquo;un professionnel soit consult\u00e9 avant de d\u00e9cider de la commencer.<\/p>\n\n\n<p>En outre, il est recommand\u00e9 de respecter la posologie indiqu\u00e9e afin d&rsquo;\u00e9viter d&rsquo;\u00e9ventuelles r\u00e9actions ind\u00e9sirables. Il n&rsquo;est pas recommand\u00e9 d&rsquo;utiliser Collagenico pendant la grossesse et l&rsquo;allaitement sans consultation pr\u00e9alable d&rsquo;un m\u00e9decin. Les personnes qui n&rsquo;\u00e9taient pas convaincues de l&rsquo;innocuit\u00e9 des ingr\u00e9dients contenus dans la pr\u00e9paration devraient \u00e9galement envisager de proc\u00e9der \u00e0 des tests d&rsquo;allergie.<\/p>\n\n\n<p>Un suivi r\u00e9gulier de votre \u00e9tat de sant\u00e9 pendant la prise du compl\u00e9ment est essentiel pour identifier \u00e0 temps tout <b>effet secondaire<\/b> ind\u00e9sirable <b>de Collagenico<\/b>. Il est essentiel de conna\u00eetre les \u00e9ventuelles contre-indications afin de profiter pleinement des avantages de ce compl\u00e9ment, tout en prenant soin de sa sant\u00e9 et de son bien-\u00eatre.<\/p>\n","protected":false},"excerpt":{"rendered":"<p><strong>[date_countdown]<\/strong><\/p>\n<p><img decoding=\"async\" class=\"alignnone  wp-image-8427\" src=\"https:\/\/chirurgie-orthopedie-vannes.fr\/pharmacie\/wp-content\/uploads\/2024\/10\/SAFE-PAY-300x88-1.png\" alt=\"SAFE-PAY-300x88\" width=\"164\" height=\"48\" \/><\/p>\n","protected":false},"featured_media":4498,"comment_status":"open","ping_status":"closed","template":"","meta":{"neve_meta_sidebar":"","neve_meta_container":"","neve_meta_enable_content_width":"","neve_meta_content_width":0,"neve_meta_title_alignment":"","neve_meta_author_avatar":"","neve_post_elements_order":"","neve_meta_disable_header":"","neve_meta_disable_footer":"","neve_meta_disable_title":"","neve_meta_reading_time":""},"product_brand":[],"product_cat":[17],"product_tag":[],"class_list":{"0":"post-4487","1":"product","2":"type-product","3":"status-publish","4":"has-post-thumbnail","6":"product_cat-beaute","8":"first","9":"instock","10":"sale","11":"shipping-taxable","12":"product-type-external"},"yoast_head":"<!-- This site is optimized with the Yoast SEO plugin v27.4 - https:\/\/yoast.com\/product\/yoast-seo-wordpress\/ -->\n<title>Collagenico - Avis, Forum, Pharmacie, Prix, Effets | -50%<\/title>\n<meta name=\"robots\" content=\"index, follow, max-snippet:-1, max-image-preview:large, max-video-preview:-1\" \/>\n<link rel=\"canonical\" href=\"https:\/\/chirurgie-orthopedie-vannes.fr\/pharmacie\/supp\/collagenico\/\" \/>\n<meta property=\"og:locale\" content=\"fr_FR\" \/>\n<meta property=\"og:type\" content=\"article\" \/>\n<meta property=\"og:title\" content=\"Collagenico - Avis, Forum, Pharmacie, Prix, Effets | -50%\" \/>\n<meta property=\"og:url\" content=\"https:\/\/chirurgie-orthopedie-vannes.fr\/pharmacie\/supp\/collagenico\/\" \/>\n<meta property=\"og:site_name\" content=\"Chirurgie-Orthopedie-Vannes\" \/>\n<meta property=\"article:modified_time\" content=\"2025-01-14T13:28:32+00:00\" \/>\n<meta property=\"og:image\" content=\"https:\/\/chirurgie-orthopedie-vannes.fr\/pharmacie\/wp-content\/uploads\/2024\/10\/Collagenico.png\" \/>\n\t<meta property=\"og:image:width\" content=\"768\" \/>\n\t<meta property=\"og:image:height\" content=\"768\" \/>\n\t<meta property=\"og:image:type\" content=\"image\/png\" \/>\n<meta name=\"twitter:card\" content=\"summary_large_image\" \/>\n<meta name=\"twitter:description\" content=\"[date_countdown]\" \/>\n<meta name=\"twitter:label1\" content=\"Dur\u00e9e de lecture estim\u00e9e\" \/>\n\t<meta name=\"twitter:data1\" content=\"1 minute\" \/>\n<script type=\"application\/ld+json\" class=\"yoast-schema-graph\">{\"@context\":\"https:\\\/\\\/schema.org\",\"@graph\":[{\"@type\":\"WebPage\",\"@id\":\"https:\\\/\\\/chirurgie-orthopedie-vannes.fr\\\/pharmacie\\\/supp\\\/collagenico\\\/\",\"url\":\"https:\\\/\\\/chirurgie-orthopedie-vannes.fr\\\/pharmacie\\\/supp\\\/collagenico\\\/\",\"name\":\"Collagenico - Avis, Forum, Pharmacie, Prix, Effets | -50%\",\"isPartOf\":{\"@id\":\"https:\\\/\\\/chirurgie-orthopedie-vannes.fr\\\/pharmacie\\\/#website\"},\"primaryImageOfPage\":{\"@id\":\"https:\\\/\\\/chirurgie-orthopedie-vannes.fr\\\/pharmacie\\\/supp\\\/collagenico\\\/#primaryimage\"},\"image\":{\"@id\":\"https:\\\/\\\/chirurgie-orthopedie-vannes.fr\\\/pharmacie\\\/supp\\\/collagenico\\\/#primaryimage\"},\"thumbnailUrl\":\"https:\\\/\\\/chirurgie-orthopedie-vannes.fr\\\/pharmacie\\\/wp-content\\\/uploads\\\/2024\\\/10\\\/Collagenico.png\",\"datePublished\":\"2024-10-18T19:46:05+00:00\",\"dateModified\":\"2025-01-14T13:28:32+00:00\",\"breadcrumb\":{\"@id\":\"https:\\\/\\\/chirurgie-orthopedie-vannes.fr\\\/pharmacie\\\/supp\\\/collagenico\\\/#breadcrumb\"},\"inLanguage\":\"fr-FR\",\"potentialAction\":[{\"@type\":\"ReadAction\",\"target\":[\"https:\\\/\\\/chirurgie-orthopedie-vannes.fr\\\/pharmacie\\\/supp\\\/collagenico\\\/\"]}]},{\"@type\":\"ImageObject\",\"inLanguage\":\"fr-FR\",\"@id\":\"https:\\\/\\\/chirurgie-orthopedie-vannes.fr\\\/pharmacie\\\/supp\\\/collagenico\\\/#primaryimage\",\"url\":\"https:\\\/\\\/chirurgie-orthopedie-vannes.fr\\\/pharmacie\\\/wp-content\\\/uploads\\\/2024\\\/10\\\/Collagenico.png\",\"contentUrl\":\"https:\\\/\\\/chirurgie-orthopedie-vannes.fr\\\/pharmacie\\\/wp-content\\\/uploads\\\/2024\\\/10\\\/Collagenico.png\",\"width\":768,\"height\":768},{\"@type\":\"BreadcrumbList\",\"@id\":\"https:\\\/\\\/chirurgie-orthopedie-vannes.fr\\\/pharmacie\\\/supp\\\/collagenico\\\/#breadcrumb\",\"itemListElement\":[{\"@type\":\"ListItem\",\"position\":1,\"name\":\"Strona g\u0142\u00f3wna\",\"item\":\"https:\\\/\\\/chirurgie-orthopedie-vannes.fr\\\/pharmacie\\\/\"},{\"@type\":\"ListItem\",\"position\":2,\"name\":\"farmaci\",\"item\":\"https:\\\/\\\/chirurgie-orthopedie-vannes.fr\\\/pharmacie\\\/\"},{\"@type\":\"ListItem\",\"position\":3,\"name\":\"Collagenico\"}]},{\"@type\":\"WebSite\",\"@id\":\"https:\\\/\\\/chirurgie-orthopedie-vannes.fr\\\/pharmacie\\\/#website\",\"url\":\"https:\\\/\\\/chirurgie-orthopedie-vannes.fr\\\/pharmacie\\\/\",\"name\":\"Chirurgie-Orthopedie-Vannes\",\"description\":\"\",\"potentialAction\":[{\"@type\":\"SearchAction\",\"target\":{\"@type\":\"EntryPoint\",\"urlTemplate\":\"https:\\\/\\\/chirurgie-orthopedie-vannes.fr\\\/pharmacie\\\/?s={search_term_string}\"},\"query-input\":{\"@type\":\"PropertyValueSpecification\",\"valueRequired\":true,\"valueName\":\"search_term_string\"}}],\"inLanguage\":\"fr-FR\"}]}<\/script>\n<!-- \/ Yoast SEO plugin. -->","yoast_head_json":{"title":"Collagenico - Avis, Forum, Pharmacie, Prix, Effets | -50%","robots":{"index":"index","follow":"follow","max-snippet":"max-snippet:-1","max-image-preview":"max-image-preview:large","max-video-preview":"max-video-preview:-1"},"canonical":"https:\/\/chirurgie-orthopedie-vannes.fr\/pharmacie\/supp\/collagenico\/","og_locale":"fr_FR","og_type":"article","og_title":"Collagenico - Avis, Forum, Pharmacie, Prix, Effets | -50%","og_url":"https:\/\/chirurgie-orthopedie-vannes.fr\/pharmacie\/supp\/collagenico\/","og_site_name":"Chirurgie-Orthopedie-Vannes","article_modified_time":"2025-01-14T13:28:32+00:00","og_image":[{"width":768,"height":768,"url":"https:\/\/chirurgie-orthopedie-vannes.fr\/pharmacie\/wp-content\/uploads\/2024\/10\/Collagenico.png","type":"image\/png"}],"twitter_card":"summary_large_image","twitter_description":"[date_countdown]","twitter_misc":{"Dur\u00e9e de lecture estim\u00e9e":"1 minute"},"schema":{"@context":"https:\/\/schema.org","@graph":[{"@type":"WebPage","@id":"https:\/\/chirurgie-orthopedie-vannes.fr\/pharmacie\/supp\/collagenico\/","url":"https:\/\/chirurgie-orthopedie-vannes.fr\/pharmacie\/supp\/collagenico\/","name":"Collagenico - Avis, Forum, Pharmacie, Prix, Effets | -50%","isPartOf":{"@id":"https:\/\/chirurgie-orthopedie-vannes.fr\/pharmacie\/#website"},"primaryImageOfPage":{"@id":"https:\/\/chirurgie-orthopedie-vannes.fr\/pharmacie\/supp\/collagenico\/#primaryimage"},"image":{"@id":"https:\/\/chirurgie-orthopedie-vannes.fr\/pharmacie\/supp\/collagenico\/#primaryimage"},"thumbnailUrl":"https:\/\/chirurgie-orthopedie-vannes.fr\/pharmacie\/wp-content\/uploads\/2024\/10\/Collagenico.png","datePublished":"2024-10-18T19:46:05+00:00","dateModified":"2025-01-14T13:28:32+00:00","breadcrumb":{"@id":"https:\/\/chirurgie-orthopedie-vannes.fr\/pharmacie\/supp\/collagenico\/#breadcrumb"},"inLanguage":"fr-FR","potentialAction":[{"@type":"ReadAction","target":["https:\/\/chirurgie-orthopedie-vannes.fr\/pharmacie\/supp\/collagenico\/"]}]},{"@type":"ImageObject","inLanguage":"fr-FR","@id":"https:\/\/chirurgie-orthopedie-vannes.fr\/pharmacie\/supp\/collagenico\/#primaryimage","url":"https:\/\/chirurgie-orthopedie-vannes.fr\/pharmacie\/wp-content\/uploads\/2024\/10\/Collagenico.png","contentUrl":"https:\/\/chirurgie-orthopedie-vannes.fr\/pharmacie\/wp-content\/uploads\/2024\/10\/Collagenico.png","width":768,"height":768},{"@type":"BreadcrumbList","@id":"https:\/\/chirurgie-orthopedie-vannes.fr\/pharmacie\/supp\/collagenico\/#breadcrumb","itemListElement":[{"@type":"ListItem","position":1,"name":"Strona g\u0142\u00f3wna","item":"https:\/\/chirurgie-orthopedie-vannes.fr\/pharmacie\/"},{"@type":"ListItem","position":2,"name":"farmaci","item":"https:\/\/chirurgie-orthopedie-vannes.fr\/pharmacie\/"},{"@type":"ListItem","position":3,"name":"Collagenico"}]},{"@type":"WebSite","@id":"https:\/\/chirurgie-orthopedie-vannes.fr\/pharmacie\/#website","url":"https:\/\/chirurgie-orthopedie-vannes.fr\/pharmacie\/","name":"Chirurgie-Orthopedie-Vannes","description":"","potentialAction":[{"@type":"SearchAction","target":{"@type":"EntryPoint","urlTemplate":"https:\/\/chirurgie-orthopedie-vannes.fr\/pharmacie\/?s={search_term_string}"},"query-input":{"@type":"PropertyValueSpecification","valueRequired":true,"valueName":"search_term_string"}}],"inLanguage":"fr-FR"}]}},"_links":{"self":[{"href":"https:\/\/chirurgie-orthopedie-vannes.fr\/pharmacie\/wp-json\/wp\/v2\/product\/4487","targetHints":{"allow":["GET"]}}],"collection":[{"href":"https:\/\/chirurgie-orthopedie-vannes.fr\/pharmacie\/wp-json\/wp\/v2\/product"}],"about":[{"href":"https:\/\/chirurgie-orthopedie-vannes.fr\/pharmacie\/wp-json\/wp\/v2\/types\/product"}],"replies":[{"embeddable":true,"href":"https:\/\/chirurgie-orthopedie-vannes.fr\/pharmacie\/wp-json\/wp\/v2\/comments?post=4487"}],"wp:featuredmedia":[{"embeddable":true,"href":"https:\/\/chirurgie-orthopedie-vannes.fr\/pharmacie\/wp-json\/wp\/v2\/media\/4498"}],"wp:attachment":[{"href":"https:\/\/chirurgie-orthopedie-vannes.fr\/pharmacie\/wp-json\/wp\/v2\/media?parent=4487"}],"wp:term":[{"taxonomy":"product_brand","embeddable":true,"href":"https:\/\/chirurgie-orthopedie-vannes.fr\/pharmacie\/wp-json\/wp\/v2\/product_brand?post=4487"},{"taxonomy":"product_cat","embeddable":true,"href":"https:\/\/chirurgie-orthopedie-vannes.fr\/pharmacie\/wp-json\/wp\/v2\/product_cat?post=4487"},{"taxonomy":"product_tag","embeddable":true,"href":"https:\/\/chirurgie-orthopedie-vannes.fr\/pharmacie\/wp-json\/wp\/v2\/product_tag?post=4487"}],"curies":[{"name":"wp","href":"https:\/\/api.w.org\/{rel}","templated":true}]}}