{"id":4503,"date":"2024-10-18T19:46:19","date_gmt":"2024-10-18T19:46:19","guid":{"rendered":"https:\/\/chirurgie-orthopedie-vannes.fr\/pharmacie\/?post_type=product&#038;p=4503"},"modified":"2025-01-14T13:28:39","modified_gmt":"2025-01-14T13:28:39","slug":"slimmestar","status":"publish","type":"product","link":"https:\/\/chirurgie-orthopedie-vannes.fr\/pharmacie\/supp\/slimmestar\/","title":{"rendered":"Slimmestar"},"content":{"rendered":"\n<h2 class=\"wp-block-heading\">Qu&rsquo;est-ce que Slimmestar et comment fonctionne-t-il ?<\/h2>\n\n\n\n<p>Slimmestar est un <em>compl\u00e9ment alimentaire<\/em> qui a \u00e9t\u00e9 d\u00e9velopp\u00e9 pour les personnes souhaitant favoriser la perte de poids. Son <em>action<\/em> repose sur des ingr\u00e9dients naturels qui visent \u00e0 acc\u00e9l\u00e9rer le m\u00e9tabolisme, \u00e0 r\u00e9guler l&rsquo;app\u00e9tit et \u00e0 favoriser la combustion des graisses. Les ingr\u00e9dients cl\u00e9s du compl\u00e9ment sont l&rsquo;extrait de th\u00e9 vert et le guarana, qui ont tous deux des propri\u00e9t\u00e9s d&rsquo;am\u00e9lioration des performances.<\/p>\n\n\n\n<p>Slimmestar <b>contient<\/b> \u00e9galement d&rsquo;autres \u00e9l\u00e9ments pr\u00e9cieux tels que le fucus v\u00e9siculeux, la caf\u00e9ine, le ginkgo biloba, le marron d&rsquo;Inde et l&rsquo;huile d&rsquo;orange am\u00e8re. Gr\u00e2ce \u00e0 ces ingr\u00e9dients, le compl\u00e9ment favorise efficacement l&rsquo;\u00e9limination des toxines de l&rsquo;organisme et le raffermissement de la peau. Gr\u00e2ce \u00e0 l&rsquo;apport ininterrompu de substances actives 24 heures sur 24, les utilisateurs peuvent compter sur des <b>r\u00e9sultats<\/b> rapides et visibles en mati\u00e8re de r\u00e9duction de la circonf\u00e9rence corporelle.<\/p>\n\n\n\n<p>Il convient de noter que Slimmestar est un produit certifi\u00e9 conforme aux normes de l&rsquo;Union europ\u00e9enne, ce qui confirme sa qualit\u00e9 et sa s\u00e9curit\u00e9 d&rsquo;utilisation. Les <b>contre-indications<\/b> possibles sont la grossesse, l&rsquo;allaitement, les allergies et les maladies de peau. En utilisant ce <em>compl\u00e9ment alimentaire<\/em>, les utilisateurs peuvent constater non seulement une r\u00e9duction de la graisse corporelle, mais aussi une am\u00e9lioration du bien-\u00eatre g\u00e9n\u00e9ral.<\/p>\n\n\n\n<h2 class=\"wp-block-heading\">Slimmestar &#8211; effets de l&rsquo;utilisation<\/h2>\n\n\n\n<p>Les utilisateurs de Slimmestar rapportent souvent des <b>effets<\/b> positifs de l&rsquo;utilisation, notamment une acc\u00e9l\u00e9ration de la perte de poids et une am\u00e9lioration du bien-\u00eatre g\u00e9n\u00e9ral. Un \u00e9l\u00e9ment cl\u00e9 qui contribue \u00e0 ces <b>effets<\/b> est la <b>composition<\/b> bien choisie <b>du<\/b> suppl\u00e9ment. Gr\u00e2ce \u00e0 l&rsquo;action synergique de ses ingr\u00e9dients, il est possible d&rsquo;obtenir un meilleur contr\u00f4le de l&rsquo;app\u00e9tit, ce qui est un \u00e9l\u00e9ment important dans la lutte contre l&rsquo;exc\u00e8s de poids.<\/p>\n\n\n\n<p>De nombreux utilisateurs remarquent qu&rsquo;ils ont moins faim entre les repas apr\u00e8s avoir commenc\u00e9 une cure de Slimmestar. Un tel effet favorise certainement le processus de perte de poids, en facilitant le maintien d&rsquo;habitudes alimentaires plus saines. Voici quelques-uns des effets les plus fr\u00e9quemment rapport\u00e9s de l&rsquo;utilisation de ce compl\u00e9ment :<\/p>\n\n\n\n<ul class=\"wp-block-list\">\n<li><em>Acc\u00e9l\u00e9ration de la perte de poids<\/em> &#8211; les utilisateurs signalent des r\u00e9sultats plus rapides que ceux obtenus avec d&rsquo;autres m\u00e9thodes de perte de poids.<\/li>\n\n\n\n<li><em>Am\u00e9lioration de l&rsquo;humeur<\/em> &#8211; de nombreuses personnes font \u00e9tat d&rsquo;un regain d&rsquo;\u00e9nergie et d&rsquo;une meilleure humeur lorsqu&rsquo;elles utilisent Slimmestar.<\/li>\n\n\n\n<li><em>Meilleur contr\u00f4le de l&rsquo;app\u00e9tit<\/em> &#8211; le compl\u00e9ment agit sur la sensation de sati\u00e9t\u00e9, ce qui permet d&rsquo;\u00e9viter les grignotages.<\/li>\n<\/ul>\n\n\n\n<p>Les recherches sur l&rsquo;efficacit\u00e9 de Slimmestar montrent que les ingr\u00e9dients actifs du compl\u00e9ment peuvent soutenir le m\u00e9tabolisme et les processus de lipolyse. Les effets sont observ\u00e9s chez la majorit\u00e9 des personnes qui utilisent le compl\u00e9ment selon les recommandations. Il convient de noter que l&rsquo;efficacit\u00e9 de Slimmestar, comme celle d&rsquo;autres compl\u00e9ments alimentaires, peut varier en fonction des conditions corporelles individuelles.<\/p>\n\n\n\n<p>L&rsquo;<b>utilisation<\/b> r\u00e9guli\u00e8re de Slimmestar en combinaison avec un r\u00e9gime alimentaire appropri\u00e9 et une activit\u00e9 physique peut contribuer \u00e0 de meilleurs r\u00e9sultats dans le processus de perte de poids, comme le confirment les <b>avis de<\/b> nombreux utilisateurs satisfaits.<\/p>\n\n\n\n<h2 class=\"wp-block-heading\">Comment utiliser Slimmestar &#8211; Mode d&#8217;emploi et posologie<\/h2>\n\n\n\n<p>Slimmestar est un <b>compl\u00e9ment alimentaire<\/b> efficace qui n\u00e9cessite une utilisation ad\u00e9quate pour obtenir les r\u00e9sultats souhait\u00e9s. Les recommandations de base en mati\u00e8re de dosage sugg\u00e8rent que la meilleure pratique consiste \u00e0 appliquer un patch sur une peau propre et s\u00e8che pendant au moins 12 heures par jour. L&rsquo;<b>utilisation de<\/b> Slimmestar de cette mani\u00e8re permet aux ingr\u00e9dients naturels d&rsquo;\u00eatre lib\u00e9r\u00e9s sur une longue p\u00e9riode de temps, ce qui favorise le processus de perte de poids.<\/p>\n\n\n\n<p>Les utilisateurs du produit soulignent souvent qu&rsquo;une <b>utilisation<\/b> r\u00e9guli\u00e8re, associ\u00e9e \u00e0 un r\u00e9gime alimentaire sain et \u00e0 une activit\u00e9 physique, permet d&rsquo;obtenir les meilleurs r\u00e9sultats. Il convient de rappeler que Slimmestar n&rsquo;est pas destin\u00e9 \u00e0 \u00eatre utilis\u00e9 en exc\u00e8s. Le d\u00e9passement de la dose recommand\u00e9e peut entra\u00eener des effets secondaires ind\u00e9sirables, c&rsquo;est pourquoi il convient de suivre les indications du fabricant.<\/p>\n\n\n\n<ul class=\"wp-block-list\">\n<li>Utilisez Slimmestar \u00e0 partir de 5 patchs par semaine pour des r\u00e9sultats optimaux.<\/li>\n\n\n\n<li>Appliquer le patch de pr\u00e9f\u00e9rence avant un repas pour augmenter son efficacit\u00e9.<\/li>\n\n\n\n<li>\u00c9viter d&rsquo;appliquer le patch sur une peau irrit\u00e9e ou sensible afin de minimiser le risque de r\u00e9actions allergiques retard\u00e9es.<\/li>\n<\/ul>\n\n\n\n<p>Une consultation m\u00e9dicale professionnelle est toujours recommand\u00e9e avant de commencer \u00e0 prendre un suppl\u00e9ment, y compris Slimmestar. Les pr\u00e9cautions prises garantissent la s\u00e9curit\u00e9 et l&rsquo;efficacit\u00e9, et une approche globale de la perte de poids permet d&rsquo;obtenir des r\u00e9sultats durables.<\/p>\n\n\n\n<h2 class=\"wp-block-heading\">Slimmestar &#8211; Avis et critiques, Forums<\/h2>\n\n\n\n<p>De nombreuses personnes utilisent les forums en ligne pour partager leurs exp\u00e9riences avec Slimmestar. Les <b>avis des<\/b> utilisateurs font souvent r\u00e9f\u00e9rence \u00e0 leur histoire personnelle et aux effets de l&rsquo;utilisation du compl\u00e9ment. Voici trois <b>avis<\/b> d\u00e9taill\u00e9s :<\/p>\n\n\n\n<blockquote class=\"wp-block-quote is-layout-flow wp-block-quote-is-layout-flow\">\n<p><strong>Marta<\/strong>: \u00ab\u00a0J&rsquo;ai utilis\u00e9 Slimmestar pendant deux mois et j&rsquo;ai remarqu\u00e9 un changement significatif. J&rsquo;ai r\u00e9ussi \u00e0 perdre 5 kg en toute s\u00e9curit\u00e9. Les patchs ont non seulement contribu\u00e9 \u00e0 la perte de poids mais aussi \u00e0 la r\u00e9duction de la cellulite. J&rsquo;aurais aim\u00e9 les trouver plus t\u00f4t, car les r\u00e9sultats ont \u00e9t\u00e9 visibles rapidement et sans aucun probl\u00e8me !<\/p>\n<\/blockquote>\n\n\n\n<blockquote class=\"wp-block-quote is-layout-flow wp-block-quote-is-layout-flow\">\n<p><strong>Tom<\/strong>: \u00ab\u00a0J&rsquo;\u00e9tais sceptique \u00e0 propos de Slimmestar, mais apr\u00e8s quelques semaines d&rsquo;utilisation, les effets m&rsquo;ont surpris. Je me sens mieux et j&rsquo;ai plus d&rsquo;\u00e9nergie. J&rsquo;ai remarqu\u00e9 qu&rsquo;il est plus facile de contr\u00f4ler mon app\u00e9tit et mes repas pr\u00e9f\u00e9r\u00e9s ne me procurent plus autant de plaisir qu&rsquo;auparavant. C&rsquo;est un produit que je recommande sans h\u00e9siter !\u00a0\u00bb<\/p>\n<\/blockquote>\n\n\n\n<blockquote class=\"wp-block-quote is-layout-flow wp-block-quote-is-layout-flow\">\n<p><strong>Ania<\/strong>: \u00ab\u00a0Slimmestar m&rsquo;a aid\u00e9e \u00e0 lutter contre la faim persistante. La sensation de sati\u00e9t\u00e9 dure beaucoup plus longtemps, ce qui me permet de contr\u00f4ler mon alimentation. Je suis heureuse d&rsquo;avoir pu essayer ce compl\u00e9ment car il m&rsquo;a rappel\u00e9 \u00e0 quel point il est important de prendre soin de ma sant\u00e9 et de mon bien-\u00eatre.\u00a0\u00bb<\/p>\n<\/blockquote>\n\n\n\n<p>Les commentaires sur les forums indiquent un int\u00e9r\u00eat croissant pour Slimmestar en tant qu&rsquo;aide efficace \u00e0 la <b>perte de poids<\/b>. Les utilisateurs soulignent que les effets varient d&rsquo;un corps \u00e0 l&rsquo;autre, ce qui est un aspect important de tout r\u00e9gime. Une approche personnalis\u00e9e de la sant\u00e9 et de la perte de poids donne les meilleurs r\u00e9sultats, et Slimmestar a gagn\u00e9 de nombreux adeptes \u00e0 cet \u00e9gard.<\/p>\n\n\n\n<h2 class=\"wp-block-heading\">Composition de Slimmestar &#8211; Analyse des ingr\u00e9dients<\/h2>\n\n\n\n<p>Slimmestar est un <b>compl\u00e9ment alimentaire<\/b> qui se distingue par sa composition soigneusement s\u00e9lectionn\u00e9e pour favoriser la perte de poids. Les principaux actifs sont l&rsquo;extrait de th\u00e9 vert, le guarana, ainsi que des fibres naturelles qui jouent un r\u00f4le cl\u00e9 dans l&rsquo;\u00e9limination des graisses corporelles.<\/p>\n\n\n\n<p>L&rsquo;extrait de th\u00e9 vert stimule le m\u00e9tabolisme, ce qui acc\u00e9l\u00e8re le processus de combustion des calories. Le guarana, quant \u00e0 lui, apporte un suppl\u00e9ment d&rsquo;\u00e9nergie qui am\u00e9liore les performances. Les fibres, quant \u00e0 elles, contribuent \u00e0 la sensation de sati\u00e9t\u00e9, ce qui est important dans le cadre d&rsquo;un r\u00e9gime amincissant.<\/p>\n\n\n\n<p>L&rsquo;<b>analyse des<\/b> ingr\u00e9dients de Slimmestar r\u00e9v\u00e8le \u00e9galement la pr\u00e9sence de caf\u00e9ine, de glyc\u00e9rine, d&rsquo;extrait de Ginkgo biloba et de L-carnitine. Le Ginkgo biloba est connu pour ses propri\u00e9t\u00e9s d&rsquo;am\u00e9lioration cognitive et la L-carnitine favorise le transport des acides gras dans les mitochondries, ce qui augmente l&rsquo;efficacit\u00e9 de la combustion des graisses.<\/p>\n\n\n\n<p>Le tableau ci-dessous illustre les ingr\u00e9dients cl\u00e9s et leurs <b>effets<\/b>:<\/p>\n\n\n\n<figure class=\"wp-block-table\"><table class=\"has-fixed-layout\"><tbody><tr><th>Ingr\u00e9dient<\/th><th>Action<\/th><\/tr><tr><td>Extrait de th\u00e9 vert<\/td><td>Acc\u00e9l\u00e8re le m\u00e9tabolisme, favorise la combustion des graisses<\/td><\/tr><tr><td>Guarana<\/td><td>Augmente les niveaux d&rsquo;\u00e9nergie, am\u00e9liore les performances<\/td><\/tr><tr><td>Fibres<\/td><td>R\u00e9duit la faim, favorise la digestion<\/td><\/tr><tr><td>Caf\u00e9ine<\/td><td>Stimule le syst\u00e8me nerveux, am\u00e9liore la concentration<\/td><\/tr><tr><td>Extrait de ginkgo biloba<\/td><td>Am\u00e9liore les fonctions cognitives, favorise la circulation<\/td><\/tr><tr><td>L-carnitine<\/td><td>Transporte les acides gras vers les mitochondries<\/td><\/tr><\/tbody><\/table><\/figure>\n\n\n\n<p>La composition sp\u00e9cialement s\u00e9lectionn\u00e9e de Slimmestar, comprenant des extraits de Garcinia Cambogia, contribue \u00e0 une r\u00e9duction de la graisse corporelle allant jusqu&rsquo;\u00e0 67%. Le produit agit intensivement 24 heures sur 24, offrant de meilleurs r\u00e9sultats que les m\u00e9thodes traditionnelles de perte de poids. Cette approche \u00e9quilibr\u00e9e de la formulation signifie que Slimmestar peut devenir un \u00e9l\u00e9ment important du processus de perte de poids, surtout en cas d&rsquo;utilisation r\u00e9guli\u00e8re.<\/p>\n\n\n\n<h2 class=\"wp-block-heading\">Prix de Slimmestar &#8211; O\u00f9 acheter ?<\/h2>\n\n\n\n<p>Slimmestar est uniquement disponible sur le site <em>officiel du fabricant<\/em>. L&rsquo;achat en ligne est la seule option, car le produit n&rsquo;est pas disponible dans les pharmacies stationnaires. Il convient de noter que <em>le prix de<\/em> Slimmestar peut varier en fonction des promotions en cours. Consulter r\u00e9guli\u00e8rement le site du fabricant permet de trouver la meilleure offre.<\/p>\n\n\n\n<p>L&rsquo;achat de Slimmestar par l&rsquo;interm\u00e9diaire du <em>fabricant officiel<\/em> garantit que vous obtenez le produit original, ce qui est essentiel pour maintenir la s\u00e9curit\u00e9 et l&rsquo;efficacit\u00e9 du suppl\u00e9ment. Cela permet \u00e9galement d&rsquo;\u00e9viter les contrefa\u00e7ons, qui peuvent \u00eatre de mauvaise qualit\u00e9 et pr\u00e9senter un risque pour la sant\u00e9.<\/p>\n\n\n\n<ul class=\"wp-block-list\">\n<li>Le produit original n&rsquo;est disponible que sur le site web du fabricant.<\/li>\n\n\n\n<li>Non disponible dans les pharmacies stationnaires.<\/li>\n\n\n\n<li>Les promotions peuvent avoir une incidence sur le <em>prix du<\/em> produit, il est donc utile de v\u00e9rifier r\u00e9guli\u00e8rement l&rsquo;offre.<\/li>\n<\/ul>\n\n\n\n<h2 class=\"wp-block-heading\">Slimmestar &#8211; Effets secondaires et contre-indications &#8211; Est-il s\u00fbr ?<\/h2>\n\n\n\n<p>En tant que <b>compl\u00e9ment alimentaire<\/b> populaire, Slimmestar est g\u00e9n\u00e9ralement consid\u00e9r\u00e9 comme s\u00fbr. Le produit est bas\u00e9 sur des ingr\u00e9dients v\u00e9g\u00e9taux naturels, ce qui contribue \u00e0 minimiser le risque d&rsquo;effets secondaires. Toutefois, les personnes sensibles \u00e0 la caf\u00e9ine ou celles qui prennent des m\u00e9dicaments devraient consulter un m\u00e9decin avant de commencer \u00e0 utiliser le produit afin de r\u00e9pondre \u00e0 toute question concernant les contre-indications.<\/p>\n\n\n\n<p>Bien que les \u00e9tudes n&rsquo;aient pas montr\u00e9 d&rsquo;effets secondaires \u00e9vidents li\u00e9s \u00e0 l&rsquo;utilisation des patchs Slimmestar, certaines personnes peuvent ressentir des sympt\u00f4mes l\u00e9gers tels que des maux de t\u00eate, une indigestion ou une agitation excessive. Il est donc important de suivre les recommandations de dosage. Le changement de patch toutes les 12 heures est essentiel pour obtenir les meilleurs r\u00e9sultats et minimiser les probl\u00e8mes potentiels.<\/p>\n\n\n\n<p>Il convient de noter que Slimmestar n&rsquo;est pas recommand\u00e9 aux femmes enceintes ou allaitantes, ce qui constitue un aspect important de la s\u00e9curit\u00e9 de ce produit. Pour celles qui choisissent de l&rsquo;utiliser, il peut \u00eatre utile de surveiller les r\u00e9actions de leur propre corps et de noter les \u00e9ventuels effets ind\u00e9sirables. En cas de doute, il est toujours conseill\u00e9 de consulter un m\u00e9decin ou un nutritionniste.<\/p>\n","protected":false},"excerpt":{"rendered":"<p><strong>[date_countdown]<\/strong><\/p>\n<p><img decoding=\"async\" class=\"alignnone  wp-image-8427\" src=\"https:\/\/chirurgie-orthopedie-vannes.fr\/pharmacie\/wp-content\/uploads\/2024\/10\/SAFE-PAY-300x88-1.png\" alt=\"SAFE-PAY-300x88\" width=\"164\" height=\"48\" \/><\/p>\n","protected":false},"featured_media":3917,"comment_status":"open","ping_status":"closed","template":"","meta":{"neve_meta_sidebar":"","neve_meta_container":"","neve_meta_enable_content_width":"","neve_meta_content_width":0,"neve_meta_title_alignment":"","neve_meta_author_avatar":"","neve_post_elements_order":"","neve_meta_disable_header":"","neve_meta_disable_footer":"","neve_meta_disable_title":"","neve_meta_reading_time":""},"product_brand":[],"product_cat":[15],"product_tag":[],"class_list":{"0":"post-4503","1":"product","2":"type-product","3":"status-publish","4":"has-post-thumbnail","6":"product_cat-perte-de-poids","8":"first","9":"instock","10":"sale","11":"shipping-taxable","12":"product-type-external"},"yoast_head":"<!-- This site is optimized with the Yoast SEO plugin v27.4 - https:\/\/yoast.com\/product\/yoast-seo-wordpress\/ -->\n<title>Slimmestar - Avis, Forum, Pharmacie, Prix, Effets | -50%<\/title>\n<meta name=\"robots\" content=\"index, follow, max-snippet:-1, max-image-preview:large, max-video-preview:-1\" \/>\n<link rel=\"canonical\" href=\"https:\/\/chirurgie-orthopedie-vannes.fr\/pharmacie\/supp\/slimmestar\/\" \/>\n<meta property=\"og:locale\" content=\"fr_FR\" \/>\n<meta property=\"og:type\" content=\"article\" \/>\n<meta property=\"og:title\" content=\"Slimmestar - Avis, Forum, Pharmacie, Prix, Effets | -50%\" \/>\n<meta property=\"og:url\" content=\"https:\/\/chirurgie-orthopedie-vannes.fr\/pharmacie\/supp\/slimmestar\/\" \/>\n<meta property=\"og:site_name\" content=\"Chirurgie-Orthopedie-Vannes\" \/>\n<meta property=\"article:modified_time\" content=\"2025-01-14T13:28:39+00:00\" \/>\n<meta property=\"og:image\" content=\"https:\/\/chirurgie-orthopedie-vannes.fr\/pharmacie\/wp-content\/uploads\/2024\/10\/Slimmestar.png\" \/>\n\t<meta property=\"og:image:width\" content=\"768\" \/>\n\t<meta property=\"og:image:height\" content=\"768\" \/>\n\t<meta property=\"og:image:type\" content=\"image\/png\" \/>\n<meta name=\"twitter:card\" content=\"summary_large_image\" \/>\n<meta name=\"twitter:description\" content=\"[date_countdown]\" \/>\n<meta name=\"twitter:label1\" content=\"Dur\u00e9e de lecture estim\u00e9e\" \/>\n\t<meta name=\"twitter:data1\" content=\"8 minutes\" \/>\n<script type=\"application\/ld+json\" class=\"yoast-schema-graph\">{\"@context\":\"https:\\\/\\\/schema.org\",\"@graph\":[{\"@type\":\"WebPage\",\"@id\":\"https:\\\/\\\/chirurgie-orthopedie-vannes.fr\\\/pharmacie\\\/supp\\\/slimmestar\\\/\",\"url\":\"https:\\\/\\\/chirurgie-orthopedie-vannes.fr\\\/pharmacie\\\/supp\\\/slimmestar\\\/\",\"name\":\"Slimmestar - Avis, Forum, Pharmacie, Prix, Effets | -50%\",\"isPartOf\":{\"@id\":\"https:\\\/\\\/chirurgie-orthopedie-vannes.fr\\\/pharmacie\\\/#website\"},\"primaryImageOfPage\":{\"@id\":\"https:\\\/\\\/chirurgie-orthopedie-vannes.fr\\\/pharmacie\\\/supp\\\/slimmestar\\\/#primaryimage\"},\"image\":{\"@id\":\"https:\\\/\\\/chirurgie-orthopedie-vannes.fr\\\/pharmacie\\\/supp\\\/slimmestar\\\/#primaryimage\"},\"thumbnailUrl\":\"https:\\\/\\\/chirurgie-orthopedie-vannes.fr\\\/pharmacie\\\/wp-content\\\/uploads\\\/2024\\\/10\\\/Slimmestar.png\",\"datePublished\":\"2024-10-18T19:46:19+00:00\",\"dateModified\":\"2025-01-14T13:28:39+00:00\",\"breadcrumb\":{\"@id\":\"https:\\\/\\\/chirurgie-orthopedie-vannes.fr\\\/pharmacie\\\/supp\\\/slimmestar\\\/#breadcrumb\"},\"inLanguage\":\"fr-FR\",\"potentialAction\":[{\"@type\":\"ReadAction\",\"target\":[\"https:\\\/\\\/chirurgie-orthopedie-vannes.fr\\\/pharmacie\\\/supp\\\/slimmestar\\\/\"]}]},{\"@type\":\"ImageObject\",\"inLanguage\":\"fr-FR\",\"@id\":\"https:\\\/\\\/chirurgie-orthopedie-vannes.fr\\\/pharmacie\\\/supp\\\/slimmestar\\\/#primaryimage\",\"url\":\"https:\\\/\\\/chirurgie-orthopedie-vannes.fr\\\/pharmacie\\\/wp-content\\\/uploads\\\/2024\\\/10\\\/Slimmestar.png\",\"contentUrl\":\"https:\\\/\\\/chirurgie-orthopedie-vannes.fr\\\/pharmacie\\\/wp-content\\\/uploads\\\/2024\\\/10\\\/Slimmestar.png\",\"width\":768,\"height\":768},{\"@type\":\"BreadcrumbList\",\"@id\":\"https:\\\/\\\/chirurgie-orthopedie-vannes.fr\\\/pharmacie\\\/supp\\\/slimmestar\\\/#breadcrumb\",\"itemListElement\":[{\"@type\":\"ListItem\",\"position\":1,\"name\":\"Strona g\u0142\u00f3wna\",\"item\":\"https:\\\/\\\/chirurgie-orthopedie-vannes.fr\\\/pharmacie\\\/\"},{\"@type\":\"ListItem\",\"position\":2,\"name\":\"farmaci\",\"item\":\"https:\\\/\\\/chirurgie-orthopedie-vannes.fr\\\/pharmacie\\\/\"},{\"@type\":\"ListItem\",\"position\":3,\"name\":\"Slimmestar\"}]},{\"@type\":\"WebSite\",\"@id\":\"https:\\\/\\\/chirurgie-orthopedie-vannes.fr\\\/pharmacie\\\/#website\",\"url\":\"https:\\\/\\\/chirurgie-orthopedie-vannes.fr\\\/pharmacie\\\/\",\"name\":\"Chirurgie-Orthopedie-Vannes\",\"description\":\"\",\"potentialAction\":[{\"@type\":\"SearchAction\",\"target\":{\"@type\":\"EntryPoint\",\"urlTemplate\":\"https:\\\/\\\/chirurgie-orthopedie-vannes.fr\\\/pharmacie\\\/?s={search_term_string}\"},\"query-input\":{\"@type\":\"PropertyValueSpecification\",\"valueRequired\":true,\"valueName\":\"search_term_string\"}}],\"inLanguage\":\"fr-FR\"}]}<\/script>\n<!-- \/ Yoast SEO plugin. -->","yoast_head_json":{"title":"Slimmestar - Avis, Forum, Pharmacie, Prix, Effets | -50%","robots":{"index":"index","follow":"follow","max-snippet":"max-snippet:-1","max-image-preview":"max-image-preview:large","max-video-preview":"max-video-preview:-1"},"canonical":"https:\/\/chirurgie-orthopedie-vannes.fr\/pharmacie\/supp\/slimmestar\/","og_locale":"fr_FR","og_type":"article","og_title":"Slimmestar - Avis, Forum, Pharmacie, Prix, Effets | -50%","og_url":"https:\/\/chirurgie-orthopedie-vannes.fr\/pharmacie\/supp\/slimmestar\/","og_site_name":"Chirurgie-Orthopedie-Vannes","article_modified_time":"2025-01-14T13:28:39+00:00","og_image":[{"width":768,"height":768,"url":"https:\/\/chirurgie-orthopedie-vannes.fr\/pharmacie\/wp-content\/uploads\/2024\/10\/Slimmestar.png","type":"image\/png"}],"twitter_card":"summary_large_image","twitter_description":"[date_countdown]","twitter_misc":{"Dur\u00e9e de lecture estim\u00e9e":"8 minutes"},"schema":{"@context":"https:\/\/schema.org","@graph":[{"@type":"WebPage","@id":"https:\/\/chirurgie-orthopedie-vannes.fr\/pharmacie\/supp\/slimmestar\/","url":"https:\/\/chirurgie-orthopedie-vannes.fr\/pharmacie\/supp\/slimmestar\/","name":"Slimmestar - Avis, Forum, Pharmacie, Prix, Effets | -50%","isPartOf":{"@id":"https:\/\/chirurgie-orthopedie-vannes.fr\/pharmacie\/#website"},"primaryImageOfPage":{"@id":"https:\/\/chirurgie-orthopedie-vannes.fr\/pharmacie\/supp\/slimmestar\/#primaryimage"},"image":{"@id":"https:\/\/chirurgie-orthopedie-vannes.fr\/pharmacie\/supp\/slimmestar\/#primaryimage"},"thumbnailUrl":"https:\/\/chirurgie-orthopedie-vannes.fr\/pharmacie\/wp-content\/uploads\/2024\/10\/Slimmestar.png","datePublished":"2024-10-18T19:46:19+00:00","dateModified":"2025-01-14T13:28:39+00:00","breadcrumb":{"@id":"https:\/\/chirurgie-orthopedie-vannes.fr\/pharmacie\/supp\/slimmestar\/#breadcrumb"},"inLanguage":"fr-FR","potentialAction":[{"@type":"ReadAction","target":["https:\/\/chirurgie-orthopedie-vannes.fr\/pharmacie\/supp\/slimmestar\/"]}]},{"@type":"ImageObject","inLanguage":"fr-FR","@id":"https:\/\/chirurgie-orthopedie-vannes.fr\/pharmacie\/supp\/slimmestar\/#primaryimage","url":"https:\/\/chirurgie-orthopedie-vannes.fr\/pharmacie\/wp-content\/uploads\/2024\/10\/Slimmestar.png","contentUrl":"https:\/\/chirurgie-orthopedie-vannes.fr\/pharmacie\/wp-content\/uploads\/2024\/10\/Slimmestar.png","width":768,"height":768},{"@type":"BreadcrumbList","@id":"https:\/\/chirurgie-orthopedie-vannes.fr\/pharmacie\/supp\/slimmestar\/#breadcrumb","itemListElement":[{"@type":"ListItem","position":1,"name":"Strona g\u0142\u00f3wna","item":"https:\/\/chirurgie-orthopedie-vannes.fr\/pharmacie\/"},{"@type":"ListItem","position":2,"name":"farmaci","item":"https:\/\/chirurgie-orthopedie-vannes.fr\/pharmacie\/"},{"@type":"ListItem","position":3,"name":"Slimmestar"}]},{"@type":"WebSite","@id":"https:\/\/chirurgie-orthopedie-vannes.fr\/pharmacie\/#website","url":"https:\/\/chirurgie-orthopedie-vannes.fr\/pharmacie\/","name":"Chirurgie-Orthopedie-Vannes","description":"","potentialAction":[{"@type":"SearchAction","target":{"@type":"EntryPoint","urlTemplate":"https:\/\/chirurgie-orthopedie-vannes.fr\/pharmacie\/?s={search_term_string}"},"query-input":{"@type":"PropertyValueSpecification","valueRequired":true,"valueName":"search_term_string"}}],"inLanguage":"fr-FR"}]}},"_links":{"self":[{"href":"https:\/\/chirurgie-orthopedie-vannes.fr\/pharmacie\/wp-json\/wp\/v2\/product\/4503","targetHints":{"allow":["GET"]}}],"collection":[{"href":"https:\/\/chirurgie-orthopedie-vannes.fr\/pharmacie\/wp-json\/wp\/v2\/product"}],"about":[{"href":"https:\/\/chirurgie-orthopedie-vannes.fr\/pharmacie\/wp-json\/wp\/v2\/types\/product"}],"replies":[{"embeddable":true,"href":"https:\/\/chirurgie-orthopedie-vannes.fr\/pharmacie\/wp-json\/wp\/v2\/comments?post=4503"}],"wp:featuredmedia":[{"embeddable":true,"href":"https:\/\/chirurgie-orthopedie-vannes.fr\/pharmacie\/wp-json\/wp\/v2\/media\/3917"}],"wp:attachment":[{"href":"https:\/\/chirurgie-orthopedie-vannes.fr\/pharmacie\/wp-json\/wp\/v2\/media?parent=4503"}],"wp:term":[{"taxonomy":"product_brand","embeddable":true,"href":"https:\/\/chirurgie-orthopedie-vannes.fr\/pharmacie\/wp-json\/wp\/v2\/product_brand?post=4503"},{"taxonomy":"product_cat","embeddable":true,"href":"https:\/\/chirurgie-orthopedie-vannes.fr\/pharmacie\/wp-json\/wp\/v2\/product_cat?post=4503"},{"taxonomy":"product_tag","embeddable":true,"href":"https:\/\/chirurgie-orthopedie-vannes.fr\/pharmacie\/wp-json\/wp\/v2\/product_tag?post=4503"}],"curies":[{"name":"wp","href":"https:\/\/api.w.org\/{rel}","templated":true}]}}