{"id":4505,"date":"2024-10-18T19:46:19","date_gmt":"2024-10-18T19:46:19","guid":{"rendered":"https:\/\/chirurgie-orthopedie-vannes.fr\/pharmacie\/?post_type=product&#038;p=4505"},"modified":"2025-01-14T13:28:39","modified_gmt":"2025-01-14T13:28:39","slug":"desir-eternel-femme","status":"publish","type":"product","link":"https:\/\/chirurgie-orthopedie-vannes.fr\/pharmacie\/supp\/desir-eternel-femme\/","title":{"rendered":"D\u00e9sir \u00c9ternel Femme"},"content":{"rendered":"<h2 class=\"wp-block-heading\">Qu&rsquo;est-ce que D\u00e9sir \u00c9ternel Femme et comment fonctionne-t-il ?<\/h2>\n\n\n<p><b>D\u00e9sir \u00c9ternel Femme<\/b> est un produit de parfumerie moderne qui se distingue par son effet unique gr\u00e2ce \u00e0 l&rsquo;utilisation de ph\u00e9romones. Les <b>ph\u00e9romones<\/b> sont des <b>substances<\/b> chimiques naturelles destin\u00e9es \u00e0 augmenter l&rsquo;<em>attractivit\u00e9 de la<\/em> personne qui les porte. <b>La composition du<\/b> parfum est bas\u00e9e sur des <em>notes<\/em> fra\u00eeches et <em>florales<\/em>, ce qui lui conf\u00e8re une l\u00e9g\u00e8ret\u00e9 et une fra\u00eecheur uniques.<\/p>\n\n\n<p>Des \u00e9tudes scientifiques, telles que celles men\u00e9es par l&rsquo;Acad\u00e9mie chinoise des sciences, confirment que <b>les ph\u00e9romones<\/b> ont un impact significatif sur le comportement et les sentiments des personnes. Il a \u00e9t\u00e9 prouv\u00e9 que leur <b>action<\/b> peut conduire \u00e0 une augmentation du d\u00e9sir sexuel, ainsi qu&rsquo;\u00e0 des changements d&rsquo;humeur et de m\u00e9moire. <b>Les utilisatrices du<\/b> parfum <b>D\u00e9sir \u00c9ternel Femme<\/b> remarquent g\u00e9n\u00e9ralement que le port de ce <em>parfum<\/em> augmente leur <b>confiance en elles<\/b>, ce qui attire les regards de leur entourage.<\/p>\n\n\n<p>Les produits contiennent non seulement des <b>ph\u00e9romones<\/b>, mais aussi une vari\u00e9t\u00e9 d&rsquo;<b>ar\u00f4mes<\/b> qui cr\u00e9ent une composition parfum\u00e9e harmonieuse. Ces <em>notes florales<\/em> combin\u00e9es \u00e0 des agrumes offrent une sensation de fra\u00eecheur, id\u00e9ale en toute occasion. Lorsque le parfum p\u00e9n\u00e8tre les sens des autres, il d\u00e9clenche des r\u00e9actions positives, favorisant ainsi l&rsquo;\u00e9tablissement de nouvelles relations.<\/p>\n\n\n<h2 class=\"wp-block-heading\">D\u00e9sir \u00c9ternel Femme &#8211; effets de l&rsquo;application<\/h2>\n\n\n<p><b>L&rsquo;utilisation du<\/b> parfum D\u00e9sir \u00c9ternel Femme a de nombreux <b>effets<\/b> qui ravissent les utilisatrices. L&rsquo;aphrodisiaque naturel attire les hommes comme un aimant, provoquant chez de nombreuses femmes un regain d&rsquo;int\u00e9r\u00eat pour leur personne. Les <b>parfums aux ph\u00e9romones<\/b> sont efficaces pour attirer le regard et l&rsquo;attention des hommes, ce qui peut augmenter leur <b>confiance<\/b>.<\/p>\n\n\n<p>Les utilisatrices soulignent souvent le caract\u00e8re int\u00e9grateur des ph\u00e9romones, qui am\u00e9liorent l&rsquo;humeur et le bien-\u00eatre lors des interactions avec les autres. La composition du parfum contient deux ph\u00e9romones f\u00e9minines : l&rsquo;estrat\u00e9tra\u00e9nol et la copuline. L&rsquo;estrat\u00e9tra\u00e9nol, en tant que vecteur le plus puissant, signale la f\u00e9minit\u00e9 et agit comme un leurre pour les hommes. La copuline, quant \u00e0 elle, renforce l&rsquo;impression d&rsquo;attractivit\u00e9, ce qui se traduit par une plus grande confiance en soi.<\/p>\n\n\n<figure class=\"wp-block-table\"><table class=\"has-fixed-layout\"><tbody><tr><th>Effet<\/th><th>Description<\/th><\/tr><tr><td><b>Attirer les<\/b> hommes<\/td><td>Un aphrodisiaque naturel qui suscite l&rsquo;int\u00e9r\u00eat des hommes.<\/td><\/tr><tr><td><b>Am\u00e9liorer l&rsquo;humeur<\/b><\/td><td>Les ph\u00e9romones vous permettent de vous sentir plus \u00e0 l&rsquo;aise dans les interactions sociales.<\/td><\/tr><tr><td>Confiance en soi<\/td><td>L&rsquo;augmentation de l&rsquo;<b>attractivit\u00e9<\/b> entra\u00eene une plus grande confiance en soi chez les femmes.<\/td><\/tr><tr><td>Nouvelles opportunit\u00e9s sociales<\/td><td>Les utilisateurs d\u00e9couvrent de nouvelles relations sociales et professionnelles.<\/td><\/tr><\/tbody><\/table><\/figure>\n\n\n<p>L&rsquo;<b>utilisation<\/b> \u00e0 long terme de D\u00e9sir \u00c9ternel Femme apporte donc non seulement des <b>r\u00e9sultats<\/b> imm\u00e9diats, mais aussi des changements durables dans la perception que les femmes ont d&rsquo;elles-m\u00eames, ce qui contribue \u00e0 leur d\u00e9veloppement personnel.<\/p>\n\n\n<h2 class=\"wp-block-heading\">Comment utiliser D\u00e9sir \u00c9ternel Femme ? &#8211; Dosage et recommandations<\/h2>\n\n\n<p>Pour obtenir les meilleurs r\u00e9sultats avec D\u00e9sir \u00c9ternel Femme, il est essentiel de l&rsquo;<b>appliquer<\/b> et de le <b>doser<\/b> correctement. Il est recommand\u00e9 d&rsquo;appliquer le parfum sur les zones de pulsation du corps, comme le poignet, le cou ou derri\u00e8re les oreilles. Cela permet au parfum de mieux se d\u00e9velopper et d&rsquo;\u00eatre plus visible, ce qui augmente consid\u00e9rablement son <b>efficacit\u00e9<\/b>.<\/p>\n\n\n<p>Le meilleur moment pour l&rsquo;appliquer est le matin ou juste avant une r\u00e9union. Le parfum restera ainsi intense et frais tout au long de la journ\u00e9e. Il est important d&rsquo;\u00e9viter d&rsquo;en appliquer trop, car un parfum trop fort peut \u00eatre d\u00e9sagr\u00e9able pour l&rsquo;entourage. Le fait de conserver le parfum dans de bonnes conditions, \u00e0 l&rsquo;abri des grands changements de temp\u00e9rature, influe \u00e9galement sur sa qualit\u00e9.<\/p>\n\n\n<p>Il est utile de lire le tableau ci-dessous pour mieux comprendre les <b>recommandations d&rsquo;<\/b> application :<\/p>\n\n\n<figure class=\"wp-block-table\"><table class=\"has-fixed-layout\"><tbody><tr><th>\u00c9l\u00e9ment<\/th><th>Recommandation<\/th><th>Description<\/th><\/tr><tr><td>Utilisation de<\/td><td>La bonne quantit\u00e9<\/td><td>A utiliser avec mod\u00e9ration, sans exc\u00e8s.<\/td><\/tr><tr><td><b>Dosage<\/b><\/td><td>1-2 applications<\/td><td>Sur les zones du corps o\u00f9 il y a des pulsations<\/td><\/tr><tr><td><b>Recommandations<\/b><\/td><td><b>Application le<\/b> matin<\/td><td>Maximise la fra\u00eecheur du parfum<\/td><\/tr><tr><td><b>Efficacit\u00e9<\/b><\/td><td>\u00c9viter la pose lors de changements de temp\u00e9rature importants<\/td><td>A conserver dans un endroit frais et sec<\/td><\/tr><\/tbody><\/table><\/figure>\n\n\n<p>En suivant les recommandations ci-dessus, vous serez plus satisfait de l&rsquo;utilisation de D\u00e9sir \u00c9ternel Femme et vous pourrez profiter plus longtemps de son ar\u00f4me unique.<\/p>\n\n\n<h2 class=\"wp-block-heading\">Critiques et avis sur D\u00e9sir \u00c9ternel Femme<\/h2>\n\n\n<p>Les <b>commentaires des<\/b> utilisateurs de D\u00e9sir \u00c9ternel Femme indiquent g\u00e9n\u00e9ralement une <b>exp\u00e9rience<\/b> positive avec ce produit. De nombreuses femmes ont not\u00e9 que le parfum n&rsquo;attire pas seulement l&rsquo;attention, mais qu&rsquo;il renforce \u00e9galement la confiance en soi. Les <b>utilisatrices<\/b> soulignent souvent les <em>effets<\/em> uniques de ce <b>parfum<\/b>.<\/p>\n\n\n<p>Grazyna, l&rsquo;une des utilisatrices, a d\u00e9crit son <em>exp\u00e9rience<\/em> comme suit :<\/p>\n\n\n\n<blockquote class=\"wp-block-quote is-layout-flow wp-block-quote-is-layout-flow\"><p>\u00ab\u00a0D\u00e9sir \u00c9ternel Femme m&rsquo;a permis de me sentir plus s\u00fbre de moi. Depuis que je le porte, les hommes me r\u00e9pondent avec plus d&rsquo;ouverture. Le parfum est subtil mais tr\u00e8s agr\u00e9able\u00a0\u00bb.<\/p>\n<\/blockquote>\n\n\n<p>Une autre critique a \u00e9t\u00e9 formul\u00e9e par Eve, qui a \u00e9crit<\/p>\n\n\n\n<blockquote class=\"wp-block-quote is-layout-flow wp-block-quote-is-layout-flow\"><p>\u00ab\u00a0C&rsquo;est mon parfum pr\u00e9f\u00e9r\u00e9 car il allie \u00e9l\u00e9gance et d\u00e9licatesse. Mes amis ont remarqu\u00e9 la diff\u00e9rence dans mon comportement et m&rsquo;ont dit que je d\u00e9gageais une \u00e9nergie positive.\u00a0\u00bb<\/p>\n<\/blockquote>\n\n\n<p>Marta a fait part de ses impressions :<\/p>\n\n\n\n<blockquote class=\"wp-block-quote is-layout-flow wp-block-quote-is-layout-flow\"><p>\u00ab\u00a0J&rsquo;utilise ce <b>parfum<\/b> lors de r\u00e9unions au travail. J&rsquo;ai remarqu\u00e9 que je gagne plus de respect et d&rsquo;int\u00e9r\u00eat de la part de mes coll\u00e8gues. <b>Les effets<\/b> sont impressionnants !\u00a0\u00bb<\/p>\n<\/blockquote>\n\n\n<p>Dans l&rsquo;ensemble, les <b>avis des<\/b> utilisateurs montrent que D\u00e9sir \u00c9ternel Femme est efficace et offre des <em>effets<\/em> exceptionnels et une <em>exp\u00e9rience<\/em> inoubliable <em>du<\/em> parfum. Les \u00e9tudes men\u00e9es confirment l&rsquo;effet des ph\u00e9romones sur l&rsquo;<b>attractivit\u00e9<\/b> personnelle, ce qui est accueilli positivement par les femmes qui les portent.<\/p>\n\n\n<h2 class=\"wp-block-heading\">Composition de D\u00e9sir \u00c9ternel Femme &#8211; Que contient-il ?<\/h2>\n\n\n<p>Les <b>parfums<\/b> D\u00e9sir \u00c9ternel Femme sont bas\u00e9s sur des <em>ingr\u00e9dients naturels<\/em> qui cr\u00e9ent une composition parfum\u00e9e unique. Leur <em>composition<\/em> comprend une combinaison de produits chimiques et d&rsquo;<em>ar\u00f4mes<\/em> qui rendent le parfum \u00e0 la fois intrigant et agr\u00e9able. Les \u00e9l\u00e9ments cl\u00e9s sont les ph\u00e9romones telles que l&rsquo;androst\u00e9nol, l&rsquo;androst\u00e9none et l&rsquo;alpha-androst\u00e9nol. Ces <b>substances<\/b> influencent les \u00e9motions et le comportement des autres, augmentant ainsi l&rsquo;attrait de la femme qui les porte.<\/p>\n\n\n<p>La formule contient une vari\u00e9t\u00e9 d&rsquo;<em>ar\u00f4mes<\/em>, notamment des notes florales, des accents d&rsquo;agrumes frais et des \u00e9pices telles que la cannelle, qui apporte chaleur et profondeur. Outre les ph\u00e9romones, le parfum contient \u00e9galement des ingr\u00e9dients tels que l&rsquo;alcool d\u00e9natur\u00e9, l&rsquo;alcool benzylique, le citronellol, le linalol et le g\u00e9raniol, ce qui confirme la haute qualit\u00e9 et le caract\u00e8re <em>naturel des ingr\u00e9dients de<\/em> la <em>formule<\/em>.<\/p>\n\n\n<figure class=\"wp-block-table\"><table class=\"has-fixed-layout\"><tbody><tr><th>Composant<\/th><th>Fonction<\/th><\/tr><tr><td>Androst\u00e9nol<\/td><td>Ph\u00e9romone d&rsquo;attraction<\/td><\/tr><tr><td>Cannelle<\/td><td>Note de parfum, chaleur<\/td><\/tr><tr><td>Citronellol<\/td><td>Ar\u00f4me frais et floral<\/td><\/tr><tr><td>G\u00e9raniol<\/td><td>Accent floral<\/td><\/tr><tr><td>Alcool d\u00e9natur\u00e9.<\/td><td>Support de solvant et de parfum<\/td><\/tr><\/tbody><\/table><\/figure>\n\n\n<p>Tous ces ingr\u00e9dients ont pour but de cr\u00e9er une composition parfum\u00e9e belle et intrigante qui souligne l&rsquo;individualit\u00e9 de celle qui la porte. <b>Les ingr\u00e9dients naturels<\/b> et les ph\u00e9romones du parfum D\u00e9sir \u00c9ternel Femme procurent une <b>exp\u00e9rience<\/b> sensorielle unique, ce qui en fait un choix attrayant pour diverses occasions, telles que les rendez-vous galants ou les r\u00e9unions sociales.<\/p>\n\n\n<h2 class=\"wp-block-heading\">O\u00f9 acheter et quel est le prix de D\u00e9sir \u00c9ternel Femme ?<\/h2>\n\n\n<p>D\u00e9sir \u00c9ternel Femme peut \u00eatre achet\u00e9 exclusivement sur le site officiel du fabricant. Ce produit exceptionnel \u00e0 la composition unique est disponible \u00e0 des prix attractifs, qui d\u00e9pendent des promotions en cours. Des forfaits avantageux et des offres group\u00e9es avec d&rsquo;autres produits de la marque sont souvent propos\u00e9s, ce qui rend l&rsquo;<b>achat en ligne<\/b> encore plus rentable.<\/p>\n\n\n<p>Il est utile de suivre le site officiel du fabricant pour se tenir au courant des offres et des promotions. L&rsquo;inscription \u00e0 la lettre d&rsquo;information vous permet de conna\u00eetre rapidement les derni\u00e8res campagnes de r\u00e9duction, ce qui peut faire une diff\u00e9rence significative sur le co\u00fbt total de votre achat.<\/p>\n\n\n<p>N&rsquo;oubliez pas que les produits D\u00e9sir \u00c9ternel Femme ne sont pas disponibles dans les pharmacies stationnaires ou autres magasins de d\u00e9tail. Les d\u00e9lais de livraison sont g\u00e9n\u00e9ralement compris entre 1 et 3 jours et les modes de paiement possibles incluent le paiement \u00e0 la livraison, ce qui offre un confort suppl\u00e9mentaire aux clients.<\/p>\n\n\n<h2 class=\"wp-block-heading\">D\u00e9sir \u00c9ternel Femme &#8211; Effets secondaires potentiels et contre-indications d&rsquo;utilisation<\/h2>\n\n\n<p>Le parfum D\u00e9sir \u00c9ternel Femme a \u00e9t\u00e9 cr\u00e9\u00e9 en tenant compte de la <strong>s\u00e9curit\u00e9 de l&rsquo;<\/strong> utilisateur et en utilisant des <b>ingr\u00e9dients naturels<\/b>. Toutefois, les personnes \u00e0 la peau sensible ou sujettes \u00e0 des <strong>r\u00e9actions allergiques<\/strong> doivent faire preuve de prudence et effectuer un test cutan\u00e9 avant la premi\u00e8re utilisation. Il s&rsquo;agit d&rsquo;une \u00e9tape importante afin de minimiser le risque d&rsquo;effets secondaires pouvant survenir en cas d&rsquo;intol\u00e9rance individuelle \u00e0 des ingr\u00e9dients sp\u00e9cifiques.<\/p>\n\n\n<p>Les <strong>effets secondaires<\/strong> potentiels <strong>de l&rsquo;<\/strong> utilisation de parfums peuvent inclure des irritations cutan\u00e9es telles que des rougeurs, des d\u00e9mangeaisons ou des gonflements. En cas de sympt\u00f4mes inqui\u00e9tants, il est recommand\u00e9 d&rsquo;arr\u00eater imm\u00e9diatement l&rsquo;utilisation du produit et de consulter un m\u00e9decin. C&rsquo;est la seule fa\u00e7on de prendre soin de votre sant\u00e9 et d&rsquo;\u00e9viter des r\u00e9actions d\u00e9sagr\u00e9ables.<\/p>\n\n\n<p>Il existe \u00e9galement des <strong>contre-indications<\/strong> \u00e0 l&rsquo;utilisation de ces parfums, telles que les allergies connues \u00e0 l&rsquo;un des ingr\u00e9dients de la fragrance. Dans l&rsquo;int\u00e9r\u00eat de votre sant\u00e9, il est toujours bon d&rsquo;analyser la <b>composition<\/b> et de r\u00e9pondre aux signaux que votre corps vous envoie. Prendre soin de sa <b>s\u00e9curit\u00e9<\/b> et \u00eatre conscient de ses propres besoins est la cl\u00e9 pour \u00eatre \u00e0 l&rsquo;aise avec des produits cosm\u00e9tiques tels que D\u00e9sir \u00c9ternel Femme.<\/p>\n","protected":false},"excerpt":{"rendered":"<p><strong>[date_countdown]<\/strong><\/p>\n<p><img decoding=\"async\" class=\"alignnone  wp-image-8427\" src=\"https:\/\/chirurgie-orthopedie-vannes.fr\/pharmacie\/wp-content\/uploads\/2024\/10\/SAFE-PAY-300x88-1.png\" alt=\"SAFE-PAY-300x88\" width=\"164\" height=\"48\" \/><\/p>\n","protected":false},"featured_media":3939,"comment_status":"open","ping_status":"closed","template":"","meta":{"neve_meta_sidebar":"","neve_meta_container":"","neve_meta_enable_content_width":"","neve_meta_content_width":0,"neve_meta_title_alignment":"","neve_meta_author_avatar":"","neve_post_elements_order":"","neve_meta_disable_header":"","neve_meta_disable_footer":"","neve_meta_disable_title":"","neve_meta_reading_time":""},"product_brand":[],"product_cat":[17],"product_tag":[],"class_list":{"0":"post-4505","1":"product","2":"type-product","3":"status-publish","4":"has-post-thumbnail","6":"product_cat-beaute","8":"first","9":"instock","10":"sale","11":"shipping-taxable","12":"product-type-external"},"yoast_head":"<!-- This site is optimized with the Yoast SEO plugin v27.4 - https:\/\/yoast.com\/product\/yoast-seo-wordpress\/ -->\n<title>D\u00e9sir \u00c9ternel Femme - Avis, Forum, Pharmacie, Prix, Effets | -50%<\/title>\n<meta name=\"robots\" content=\"index, follow, max-snippet:-1, max-image-preview:large, max-video-preview:-1\" \/>\n<link rel=\"canonical\" href=\"https:\/\/chirurgie-orthopedie-vannes.fr\/pharmacie\/supp\/desir-eternel-femme\/\" \/>\n<meta property=\"og:locale\" content=\"fr_FR\" \/>\n<meta property=\"og:type\" content=\"article\" \/>\n<meta property=\"og:title\" content=\"D\u00e9sir \u00c9ternel Femme - Avis, Forum, Pharmacie, Prix, Effets | -50%\" \/>\n<meta property=\"og:url\" content=\"https:\/\/chirurgie-orthopedie-vannes.fr\/pharmacie\/supp\/desir-eternel-femme\/\" \/>\n<meta property=\"og:site_name\" content=\"Chirurgie-Orthopedie-Vannes\" \/>\n<meta property=\"article:modified_time\" content=\"2025-01-14T13:28:39+00:00\" \/>\n<meta property=\"og:image\" content=\"https:\/\/chirurgie-orthopedie-vannes.fr\/pharmacie\/wp-content\/uploads\/2024\/10\/DESIR-ETERNEL-FEMME.jpg\" \/>\n\t<meta property=\"og:image:width\" content=\"768\" \/>\n\t<meta property=\"og:image:height\" content=\"768\" \/>\n\t<meta property=\"og:image:type\" content=\"image\/jpeg\" \/>\n<meta name=\"twitter:card\" content=\"summary_large_image\" \/>\n<meta name=\"twitter:description\" content=\"[date_countdown]\" \/>\n<meta name=\"twitter:label1\" content=\"Dur\u00e9e de lecture estim\u00e9e\" \/>\n\t<meta name=\"twitter:data1\" content=\"7 minutes\" \/>\n<script type=\"application\/ld+json\" class=\"yoast-schema-graph\">{\"@context\":\"https:\\\/\\\/schema.org\",\"@graph\":[{\"@type\":\"WebPage\",\"@id\":\"https:\\\/\\\/chirurgie-orthopedie-vannes.fr\\\/pharmacie\\\/supp\\\/desir-eternel-femme\\\/\",\"url\":\"https:\\\/\\\/chirurgie-orthopedie-vannes.fr\\\/pharmacie\\\/supp\\\/desir-eternel-femme\\\/\",\"name\":\"D\u00e9sir \u00c9ternel Femme - Avis, Forum, Pharmacie, Prix, Effets | -50%\",\"isPartOf\":{\"@id\":\"https:\\\/\\\/chirurgie-orthopedie-vannes.fr\\\/pharmacie\\\/#website\"},\"primaryImageOfPage\":{\"@id\":\"https:\\\/\\\/chirurgie-orthopedie-vannes.fr\\\/pharmacie\\\/supp\\\/desir-eternel-femme\\\/#primaryimage\"},\"image\":{\"@id\":\"https:\\\/\\\/chirurgie-orthopedie-vannes.fr\\\/pharmacie\\\/supp\\\/desir-eternel-femme\\\/#primaryimage\"},\"thumbnailUrl\":\"https:\\\/\\\/chirurgie-orthopedie-vannes.fr\\\/pharmacie\\\/wp-content\\\/uploads\\\/2024\\\/10\\\/DESIR-ETERNEL-FEMME.jpg\",\"datePublished\":\"2024-10-18T19:46:19+00:00\",\"dateModified\":\"2025-01-14T13:28:39+00:00\",\"breadcrumb\":{\"@id\":\"https:\\\/\\\/chirurgie-orthopedie-vannes.fr\\\/pharmacie\\\/supp\\\/desir-eternel-femme\\\/#breadcrumb\"},\"inLanguage\":\"fr-FR\",\"potentialAction\":[{\"@type\":\"ReadAction\",\"target\":[\"https:\\\/\\\/chirurgie-orthopedie-vannes.fr\\\/pharmacie\\\/supp\\\/desir-eternel-femme\\\/\"]}]},{\"@type\":\"ImageObject\",\"inLanguage\":\"fr-FR\",\"@id\":\"https:\\\/\\\/chirurgie-orthopedie-vannes.fr\\\/pharmacie\\\/supp\\\/desir-eternel-femme\\\/#primaryimage\",\"url\":\"https:\\\/\\\/chirurgie-orthopedie-vannes.fr\\\/pharmacie\\\/wp-content\\\/uploads\\\/2024\\\/10\\\/DESIR-ETERNEL-FEMME.jpg\",\"contentUrl\":\"https:\\\/\\\/chirurgie-orthopedie-vannes.fr\\\/pharmacie\\\/wp-content\\\/uploads\\\/2024\\\/10\\\/DESIR-ETERNEL-FEMME.jpg\",\"width\":768,\"height\":768},{\"@type\":\"BreadcrumbList\",\"@id\":\"https:\\\/\\\/chirurgie-orthopedie-vannes.fr\\\/pharmacie\\\/supp\\\/desir-eternel-femme\\\/#breadcrumb\",\"itemListElement\":[{\"@type\":\"ListItem\",\"position\":1,\"name\":\"Strona g\u0142\u00f3wna\",\"item\":\"https:\\\/\\\/chirurgie-orthopedie-vannes.fr\\\/pharmacie\\\/\"},{\"@type\":\"ListItem\",\"position\":2,\"name\":\"farmaci\",\"item\":\"https:\\\/\\\/chirurgie-orthopedie-vannes.fr\\\/pharmacie\\\/\"},{\"@type\":\"ListItem\",\"position\":3,\"name\":\"D\u00e9sir \u00c9ternel Femme\"}]},{\"@type\":\"WebSite\",\"@id\":\"https:\\\/\\\/chirurgie-orthopedie-vannes.fr\\\/pharmacie\\\/#website\",\"url\":\"https:\\\/\\\/chirurgie-orthopedie-vannes.fr\\\/pharmacie\\\/\",\"name\":\"Chirurgie-Orthopedie-Vannes\",\"description\":\"\",\"potentialAction\":[{\"@type\":\"SearchAction\",\"target\":{\"@type\":\"EntryPoint\",\"urlTemplate\":\"https:\\\/\\\/chirurgie-orthopedie-vannes.fr\\\/pharmacie\\\/?s={search_term_string}\"},\"query-input\":{\"@type\":\"PropertyValueSpecification\",\"valueRequired\":true,\"valueName\":\"search_term_string\"}}],\"inLanguage\":\"fr-FR\"}]}<\/script>\n<!-- \/ Yoast SEO plugin. -->","yoast_head_json":{"title":"D\u00e9sir \u00c9ternel Femme - Avis, Forum, Pharmacie, Prix, Effets | -50%","robots":{"index":"index","follow":"follow","max-snippet":"max-snippet:-1","max-image-preview":"max-image-preview:large","max-video-preview":"max-video-preview:-1"},"canonical":"https:\/\/chirurgie-orthopedie-vannes.fr\/pharmacie\/supp\/desir-eternel-femme\/","og_locale":"fr_FR","og_type":"article","og_title":"D\u00e9sir \u00c9ternel Femme - Avis, Forum, Pharmacie, Prix, Effets | -50%","og_url":"https:\/\/chirurgie-orthopedie-vannes.fr\/pharmacie\/supp\/desir-eternel-femme\/","og_site_name":"Chirurgie-Orthopedie-Vannes","article_modified_time":"2025-01-14T13:28:39+00:00","og_image":[{"width":768,"height":768,"url":"https:\/\/chirurgie-orthopedie-vannes.fr\/pharmacie\/wp-content\/uploads\/2024\/10\/DESIR-ETERNEL-FEMME.jpg","type":"image\/jpeg"}],"twitter_card":"summary_large_image","twitter_description":"[date_countdown]","twitter_misc":{"Dur\u00e9e de lecture estim\u00e9e":"7 minutes"},"schema":{"@context":"https:\/\/schema.org","@graph":[{"@type":"WebPage","@id":"https:\/\/chirurgie-orthopedie-vannes.fr\/pharmacie\/supp\/desir-eternel-femme\/","url":"https:\/\/chirurgie-orthopedie-vannes.fr\/pharmacie\/supp\/desir-eternel-femme\/","name":"D\u00e9sir \u00c9ternel Femme - Avis, Forum, Pharmacie, Prix, Effets | -50%","isPartOf":{"@id":"https:\/\/chirurgie-orthopedie-vannes.fr\/pharmacie\/#website"},"primaryImageOfPage":{"@id":"https:\/\/chirurgie-orthopedie-vannes.fr\/pharmacie\/supp\/desir-eternel-femme\/#primaryimage"},"image":{"@id":"https:\/\/chirurgie-orthopedie-vannes.fr\/pharmacie\/supp\/desir-eternel-femme\/#primaryimage"},"thumbnailUrl":"https:\/\/chirurgie-orthopedie-vannes.fr\/pharmacie\/wp-content\/uploads\/2024\/10\/DESIR-ETERNEL-FEMME.jpg","datePublished":"2024-10-18T19:46:19+00:00","dateModified":"2025-01-14T13:28:39+00:00","breadcrumb":{"@id":"https:\/\/chirurgie-orthopedie-vannes.fr\/pharmacie\/supp\/desir-eternel-femme\/#breadcrumb"},"inLanguage":"fr-FR","potentialAction":[{"@type":"ReadAction","target":["https:\/\/chirurgie-orthopedie-vannes.fr\/pharmacie\/supp\/desir-eternel-femme\/"]}]},{"@type":"ImageObject","inLanguage":"fr-FR","@id":"https:\/\/chirurgie-orthopedie-vannes.fr\/pharmacie\/supp\/desir-eternel-femme\/#primaryimage","url":"https:\/\/chirurgie-orthopedie-vannes.fr\/pharmacie\/wp-content\/uploads\/2024\/10\/DESIR-ETERNEL-FEMME.jpg","contentUrl":"https:\/\/chirurgie-orthopedie-vannes.fr\/pharmacie\/wp-content\/uploads\/2024\/10\/DESIR-ETERNEL-FEMME.jpg","width":768,"height":768},{"@type":"BreadcrumbList","@id":"https:\/\/chirurgie-orthopedie-vannes.fr\/pharmacie\/supp\/desir-eternel-femme\/#breadcrumb","itemListElement":[{"@type":"ListItem","position":1,"name":"Strona g\u0142\u00f3wna","item":"https:\/\/chirurgie-orthopedie-vannes.fr\/pharmacie\/"},{"@type":"ListItem","position":2,"name":"farmaci","item":"https:\/\/chirurgie-orthopedie-vannes.fr\/pharmacie\/"},{"@type":"ListItem","position":3,"name":"D\u00e9sir \u00c9ternel Femme"}]},{"@type":"WebSite","@id":"https:\/\/chirurgie-orthopedie-vannes.fr\/pharmacie\/#website","url":"https:\/\/chirurgie-orthopedie-vannes.fr\/pharmacie\/","name":"Chirurgie-Orthopedie-Vannes","description":"","potentialAction":[{"@type":"SearchAction","target":{"@type":"EntryPoint","urlTemplate":"https:\/\/chirurgie-orthopedie-vannes.fr\/pharmacie\/?s={search_term_string}"},"query-input":{"@type":"PropertyValueSpecification","valueRequired":true,"valueName":"search_term_string"}}],"inLanguage":"fr-FR"}]}},"_links":{"self":[{"href":"https:\/\/chirurgie-orthopedie-vannes.fr\/pharmacie\/wp-json\/wp\/v2\/product\/4505","targetHints":{"allow":["GET"]}}],"collection":[{"href":"https:\/\/chirurgie-orthopedie-vannes.fr\/pharmacie\/wp-json\/wp\/v2\/product"}],"about":[{"href":"https:\/\/chirurgie-orthopedie-vannes.fr\/pharmacie\/wp-json\/wp\/v2\/types\/product"}],"replies":[{"embeddable":true,"href":"https:\/\/chirurgie-orthopedie-vannes.fr\/pharmacie\/wp-json\/wp\/v2\/comments?post=4505"}],"wp:featuredmedia":[{"embeddable":true,"href":"https:\/\/chirurgie-orthopedie-vannes.fr\/pharmacie\/wp-json\/wp\/v2\/media\/3939"}],"wp:attachment":[{"href":"https:\/\/chirurgie-orthopedie-vannes.fr\/pharmacie\/wp-json\/wp\/v2\/media?parent=4505"}],"wp:term":[{"taxonomy":"product_brand","embeddable":true,"href":"https:\/\/chirurgie-orthopedie-vannes.fr\/pharmacie\/wp-json\/wp\/v2\/product_brand?post=4505"},{"taxonomy":"product_cat","embeddable":true,"href":"https:\/\/chirurgie-orthopedie-vannes.fr\/pharmacie\/wp-json\/wp\/v2\/product_cat?post=4505"},{"taxonomy":"product_tag","embeddable":true,"href":"https:\/\/chirurgie-orthopedie-vannes.fr\/pharmacie\/wp-json\/wp\/v2\/product_tag?post=4505"}],"curies":[{"name":"wp","href":"https:\/\/api.w.org\/{rel}","templated":true}]}}