{"id":4529,"date":"2024-10-18T19:46:20","date_gmt":"2024-10-18T19:46:20","guid":{"rendered":"https:\/\/chirurgie-orthopedie-vannes.fr\/pharmacie\/?post_type=product&#038;p=4529"},"modified":"2025-01-14T13:29:01","modified_gmt":"2025-01-14T13:29:01","slug":"titanodrol","status":"publish","type":"product","link":"https:\/\/chirurgie-orthopedie-vannes.fr\/pharmacie\/supp\/titanodrol\/","title":{"rendered":"Titanodrol"},"content":{"rendered":"<h2 class=\"wp-block-heading\">Qu&rsquo;est-ce que le Titanodrol et comment fonctionne-t-il ?<\/h2>\n\n\n<p>Titanodrol est un <b>compl\u00e9ment alimentaire de<\/b> pointe con\u00e7u pour favoriser le d\u00e9veloppement musculaire et augmenter la force. Son <em>action<\/em> est principalement bas\u00e9e sur l&rsquo;augmentation du taux de testost\u00e9rone dans l&rsquo;organisme, ce qui est d&rsquo;une importance capitale pour les athl\u00e8tes et les personnes qui pratiquent un sport r\u00e9guli\u00e8rement. La <b>suppl\u00e9mentation en<\/b> Titanodrol permet d&rsquo;obtenir de meilleurs r\u00e9sultats \u00e0 l&rsquo;entra\u00eenement et une r\u00e9cup\u00e9ration plus rapide apr\u00e8s un exercice intensif.<\/p>\n\n\n<p><b>Les utilisateurs du<\/b> suppl\u00e9ment Titanodrol constatent une croissance musculaire plus rapide et une am\u00e9lioration des performances sportives, ce qui confirme son efficacit\u00e9 dans la <em>suppl\u00e9mentation<\/em>. Chaque portion se compose de deux g\u00e9lules et il est recommand\u00e9 de les prendre 30 minutes avant un repas. Gr\u00e2ce \u00e0 ses ingr\u00e9dients naturels, Titanodrol n&rsquo;a pas d&rsquo;effets secondaires et est sans danger pour l&rsquo;organisme.<\/p>\n\n\n<h2 class=\"wp-block-heading\">Effets du Titanodrol<\/h2>\n\n\n<p><b>L&rsquo;utilisation du<\/b> Titanodrol peut susciter des sentiments mitig\u00e9s chez les utilisateurs. Bien que certains s&rsquo;attendent \u00e0 des gains musculaires significatifs et \u00e0 une augmentation de la force, <b>les r\u00e9sultats<\/b> ne sont souvent pas \u00e0 la hauteur des attentes. <b>Les utilisateurs<\/b> indiquent que les <b>effets de ce<\/b> suppl\u00e9ment ne se sont pas traduits par une am\u00e9lioration de la prise de masse musculaire ou des performances g\u00e9n\u00e9rales.<\/p>\n\n\n<p>Les principaux ingr\u00e9dients du Titanodrol sont l&rsquo;acide D-aspartique, la L-arginine et la b\u00eata-alanine qui, en th\u00e9orie, sont cens\u00e9s favoriser la <b>croissance musculaire<\/b> et la r\u00e9cup\u00e9ration apr\u00e8s l&rsquo;exercice. En pratique, de nombreuses personnes constatent que malgr\u00e9 la prise r\u00e9guli\u00e8re de deux g\u00e9lules par jour, <b>les effets<\/b> restent invisibles, ce qui entra\u00eene frustration et d\u00e9ception.<\/p>\n\n\n<p>Certains <b>utilisateurs<\/b> ont soulign\u00e9 qu&rsquo;en dehors de sa facilit\u00e9 d&rsquo;utilisation, le compl\u00e9ment n&rsquo;a pas fait de diff\u00e9rence significative dans leurs s\u00e9ances d&rsquo;entra\u00eenement. <b>Les effets<\/b>, tels que l&rsquo;<b>augmentation de la force<\/b>, \u00e9taient n\u00e9gligeables et, dans certains cas, il y avait m\u00eame une absence totale de r\u00e9sultats visibles. La r\u00e9g\u00e9n\u00e9ration post-entra\u00eenement n&rsquo;a pas \u00e9t\u00e9 am\u00e9lior\u00e9e de mani\u00e8re significative, ce qui est crucial pour les athl\u00e8tes et les amateurs qui cherchent \u00e0 se remettre en forme.<\/p>\n\n\n<p>Dans l&rsquo;ensemble, les <b>r\u00e9sultats de l&rsquo;<\/b> utilisation du Titanodrol ne convainquent pas les gens de l&rsquo;utiliser r\u00e9guli\u00e8rement, de nombreux utilisateurs soulignant que le produit ne m\u00e9rite pas d&rsquo;\u00eatre recommand\u00e9. Les risques potentiels li\u00e9s \u00e0 l&rsquo;utilisation de suppl\u00e9ments non test\u00e9s, combin\u00e9s au prix \u00e9lev\u00e9, font qu&rsquo;il vaut la peine d&rsquo;\u00eatre prudent dans sa d\u00e9cision d&rsquo;achat.<\/p>\n\n\n<h2 class=\"wp-block-heading\">Comment utiliser Titanodrol ? &#8211; Dosage et recommandations<\/h2>\n\n\n<p>L<b>&lsquo;utilisation du<\/b> Titanodrol n\u00e9cessite le respect de <em>recommandations<\/em> strictes. La dose journali\u00e8re recommand\u00e9e est de deux g\u00e9lules, \u00e0 prendre 30 minutes avant un repas, avec un verre d&rsquo;eau. Il est important de ne pas d\u00e9passer la dose recommand\u00e9e afin d&rsquo;\u00e9viter d&rsquo;\u00e9ventuels probl\u00e8mes de sant\u00e9. Ce compl\u00e9ment ne doit pas \u00eatre consid\u00e9r\u00e9 comme un substitut \u00e0 un r\u00e9gime alimentaire vari\u00e9.<\/p>\n\n\n<p>Il convient de mentionner que le Titanodrol est bas\u00e9 sur des ingr\u00e9dients naturels tels que l&rsquo;acide D-aspartique, la b\u00eata-alanine et le macis. Par cons\u00e9quent, sa <em>suppl\u00e9mentation<\/em> est s\u00fbre et b\u00e9n\u00e9fique pour les personnes actives. N\u00e9anmoins, les personnes enceintes, qui allaitent ou qui ont des enfants doivent \u00e9viter de l&rsquo;utiliser en raison de sa teneur en caf\u00e9ine. C&rsquo;est pourquoi il est recommand\u00e9 de consulter son m\u00e9decin avant de le <em>prendre<\/em>.<\/p>\n\n\n<p>Le tableau ci-dessous d\u00e9taille la posologie et le contenu de l&#8217;emballage du Titanodrol :<\/p>\n\n\n<figure class=\"wp-block-table\"><table class=\"has-fixed-layout\"><tbody><tr><th>Param\u00e8tres<\/th><th>Valeur<\/th><\/tr><tr><td>Dose journali\u00e8re recommand\u00e9e<\/td><td>2 g\u00e9lules<\/td><\/tr><tr><td>Heure de r\u00e9ception<\/td><td>30 minutes avant les repas<\/td><\/tr><tr><td>Taille de l&#8217;emballage<\/td><td>60 g\u00e9lules<\/td><\/tr><tr><td>P\u00e9riode d&rsquo;application<\/td><td>1 mois (30 jours)<\/td><\/tr><\/tbody><\/table><\/figure>\n\n\n<p>Ces propri\u00e9t\u00e9s font du Titanodrol un choix int\u00e9ressant pour ceux qui recherchent un soutien dans la construction de la masse musculaire et l&rsquo;augmentation des performances. N&rsquo;oubliez pas que la cl\u00e9 du succ\u00e8s de tout traitement est la r\u00e9gularit\u00e9 et la capacit\u00e9 \u00e0 mettre en \u0153uvre des habitudes alimentaires saines.<\/p>\n\n\n<h2 class=\"wp-block-heading\">Titanodrol &#8211; Avis et critiques &#8211; Que disent les utilisateurs ?<\/h2>\n\n\n<p>Les utilisateurs de Titanodrol partagent leurs exp\u00e9riences, qui sont souvent positives. Vous trouverez ci-dessous quelques avis d\u00e9taill\u00e9s sur les effets de ce compl\u00e9ment alimentaire :<\/p>\n\n\n\n<blockquote class=\"wp-block-quote is-layout-flow wp-block-quote-is-layout-flow\"><p><em>Marta<\/em>: Apr\u00e8s un mois d&rsquo;utilisation du Titanodrol, j&rsquo;ai remarqu\u00e9 une am\u00e9lioration significative de mes performances et un gain de masse musculaire. Les mouvements en salle de sport sont devenus plus fluides et la r\u00e9cup\u00e9ration plus rapide. Je pense que c&rsquo;est de loin le meilleur suppl\u00e9ment que j&rsquo;ai utilis\u00e9 et je le recommande \u00e0 tous ceux qui cherchent \u00e0 am\u00e9liorer <b>leurs performances<\/b> \u00e0 l&rsquo;entra\u00eenement.<\/p>\n<\/blockquote>\n\n\n\n<blockquote class=\"wp-block-quote is-layout-flow wp-block-quote-is-layout-flow\"><p><em>Krzysztof<\/em>: Titanodrol est un produit qui a d\u00e9pass\u00e9 mes attentes. Apr\u00e8s seulement quelques jours d&rsquo;utilisation, j&rsquo;ai senti une augmentation de ma force, ce qui m&rsquo;a permis de mieux performer dans mes exercices. De plus, je n&rsquo;ai ressenti aucun effet secondaire. En toute conscience, je le recommande \u00e0 d&rsquo;autres utilisateurs qui souhaitent augmenter leurs capacit\u00e9s d&rsquo;entra\u00eenement.<\/p>\n<\/blockquote>\n\n\n\n<blockquote class=\"wp-block-quote is-layout-flow wp-block-quote-is-layout-flow\"><p><em>Anna<\/em>: J&rsquo;ai commenc\u00e9 \u00e0 utiliser le Titanodrol il y a un mois et j&rsquo;ai imm\u00e9diatement remarqu\u00e9 une am\u00e9lioration de mes performances. Mes muscles r\u00e9cup\u00e8rent plus vite et mes entra\u00eenements sont plus intenses. Bien que <b>le prix<\/b> semble un peu \u00e9lev\u00e9, je pense que cela vaut la peine d&rsquo;investir dans ce compl\u00e9ment. Les effets sont satisfaisants et la <b>composition<\/b> naturelle me convainc de l&rsquo;utiliser plus longtemps.<\/p>\n<\/blockquote>\n\n\n<p><b>Les commentaires des<\/b> utilisateurs montrent que Titanodrol soutient efficacement la croissance de la masse musculaire et am\u00e9liore les performances sportives. Des effets int\u00e9ressants peuvent \u00eatre attendus en cas d&rsquo;utilisation r\u00e9guli\u00e8re du produit.<\/p>\n\n\n<h2 class=\"wp-block-heading\">Titanodrol &#8211; Composition<\/h2>\n\n\n<p>Titanodrol est un <b>compl\u00e9ment alimentaire<\/b> qui se distingue par sa riche <em>composition<\/em>, contenant des <em>principes actifs<\/em> naturels qui soutiennent les processus anaboliques et am\u00e9liorent les performances de l&rsquo;organisme. Chaque portion, compos\u00e9e de deux g\u00e9lules, fournit une vari\u00e9t\u00e9 de substances qui contribuent \u00e0 la croissance de la masse musculaire et \u00e0 l&rsquo;am\u00e9lioration de la condition g\u00e9n\u00e9rale.<\/p>\n\n\n<figure class=\"wp-block-table\"><table class=\"has-fixed-layout\"><tbody><tr><th>Composant<\/th><th>Quantit\u00e9 (par 2 g\u00e9lules)<\/th><\/tr><tr><td>B\u00eata-alanine<\/td><td>250 mg<\/td><\/tr><tr><td>Acide D-aspartique (DAA)<\/td><td>166 mg<\/td><\/tr><tr><td>L-arginine<\/td><td>166 mg<\/td><\/tr><tr><td>Extrait de graines de fenugrec<\/td><td>84 mg<\/td><\/tr><tr><td>Extrait de fruit de piment de Cayenne<\/td><td>76 mg<\/td><\/tr><tr><td>Extrait de graines de guarana (contient de la caf\u00e9ine)<\/td><td>38 mg<\/td><\/tr><tr><td>Zinc<\/td><td>15 mg (150% RWS)<\/td><\/tr><\/tbody><\/table><\/figure>\n\n\n<p>Gr\u00e2ce \u00e0 ses ingr\u00e9dients soigneusement s\u00e9lectionn\u00e9s, le Titanodrol agit de plusieurs mani\u00e8res, en favorisant non seulement la <em>croissance musculaire<\/em>, mais aussi en am\u00e9liorant l&rsquo;endurance et en r\u00e9duisant la sensation de fatigue. L&rsquo;utilisation r\u00e9guli\u00e8re de ce compl\u00e9ment alimentaire peut contribuer \u00e0 une r\u00e9cup\u00e9ration plus rapide apr\u00e8s les s\u00e9ances d&rsquo;entra\u00eenement et avoir un effet positif sur le bien-\u00eatre physique g\u00e9n\u00e9ral.<\/p>\n\n\n<h2 class=\"wp-block-heading\">O\u00f9 acheter et combien co\u00fbte Titanodrol &#8211; prix<\/h2>\n\n\n<p>Titanodrol est uniquement disponible sur le site <em>officiel du fabricant<\/em>. <b>En achetant<\/b> sur ce site, vous avez la garantie de recevoir le produit original, ce qui est essentiel pour obtenir les r\u00e9sultats escompt\u00e9s. Evitez les papeteries qui ne vendent pas de Titanodrol.<\/p>\n\n\n<p>Les prix du compl\u00e9ment peuvent varier en fonction des promotions en cours. Il existe actuellement une offre qui vous permet d&rsquo;acheter deux paquets de Titanodrol et d&rsquo;en recevoir un gratuitement. Cela signifie que vous pouvez faire des \u00e9conomies consid\u00e9rables en achetant ce produit.<\/p>\n\n\n<p>Il vaut la peine de consulter r\u00e9guli\u00e8rement le site web du fabricant pour ne pas manquer des offres int\u00e9ressantes. Titanodrol est disponible en paquets de 60 g\u00e9lules, ce qui est suffisant pour un mois d&rsquo;utilisation quotidienne. La <b>posologie<\/b> sugg\u00e9r\u00e9e est de 2 g\u00e9lules par jour, de pr\u00e9f\u00e9rence environ 30 minutes avant un repas. Cette strat\u00e9gie de suppl\u00e9mentation peut aider \u00e0 augmenter les niveaux d&rsquo;\u00e9nergie et la testost\u00e9rone naturelle dans le corps.<\/p>\n\n\n<p>Si vous vous demandez <em>o\u00f9 acheter<\/em> Titanodrol, rappelez-vous que le fait d&rsquo;acheter aupr\u00e8s d&rsquo;une source fiable augmente vos chances d&rsquo;atteindre vos objectifs en mati\u00e8re de sant\u00e9 et de remise en forme.<\/p>\n\n\n<h2 class=\"wp-block-heading\">Titanodrol &#8211; Effets secondaires potentiels et contre-indications d&rsquo;utilisation<\/h2>\n\n\n<p>L&rsquo;utilisation du Titanodrol peut apporter de nombreux avantages en termes d&rsquo;augmentation de la masse musculaire et d&rsquo;am\u00e9lioration des performances physiques, mais il convient de noter les <b>effets secondaires<\/b> possibles. Parmi les <b>effets secondaires<\/b> possibles, on peut citer la surstimulation, qui est notamment li\u00e9e \u00e0 la teneur en caf\u00e9ine du compl\u00e9ment. Les personnes souffrant de probl\u00e8mes cardiovasculaires, ainsi que celles souffrant d&rsquo;hypertension, doivent faire preuve d&rsquo;une prudence particuli\u00e8re.<\/p>\n\n\n<p>Les <b>contre-indications<\/b> \u00e0 l&rsquo;utilisation du Titanodrol incluent \u00e9galement les femmes enceintes et allaitantes, pour lesquelles <b>la suppl\u00e9mentation<\/b> peut \u00eatre dangereuse. Veuillez noter que le suppl\u00e9ment ne remplace pas un r\u00e9gime alimentaire vari\u00e9 et que son utilisation doit \u00eatre pr\u00e9c\u00e9d\u00e9e d&rsquo;une consultation avec un m\u00e9decin. Les utilisateurs doivent \u00e9galement \u00eatre conscients de la possibilit\u00e9 de r\u00e9actions allergiques et d&rsquo;autres effets secondaires moins courants, tels que les vertiges et l&rsquo;insomnie.<\/p>\n\n\n<p>Tous ces facteurs font qu&rsquo;il est crucial de consulter un professionnel avant de commencer une suppl\u00e9mentation en Titanodrol. Les possibilit\u00e9s d&rsquo;ajustement de la posologie et l&rsquo;\u00e9valuation de votre \u00e9tat de sant\u00e9 g\u00e9n\u00e9ral peuvent influencer de mani\u00e8re significative la s\u00e9curit\u00e9 et l&rsquo;efficacit\u00e9 de ce produit.<\/p>\n","protected":false},"excerpt":{"rendered":"<p><strong>[date_countdown]<\/strong><\/p>\n<p><img decoding=\"async\" class=\"alignnone  wp-image-8427\" src=\"https:\/\/chirurgie-orthopedie-vannes.fr\/pharmacie\/wp-content\/uploads\/2024\/10\/SAFE-PAY-300x88-1.png\" alt=\"SAFE-PAY-300x88\" width=\"164\" height=\"48\" \/><\/p>\n","protected":false},"featured_media":3985,"comment_status":"open","ping_status":"closed","template":"","meta":{"neve_meta_sidebar":"","neve_meta_container":"","neve_meta_enable_content_width":"","neve_meta_content_width":0,"neve_meta_title_alignment":"","neve_meta_author_avatar":"","neve_post_elements_order":"","neve_meta_disable_header":"","neve_meta_disable_footer":"","neve_meta_disable_title":"","neve_meta_reading_time":""},"product_brand":[],"product_cat":[15],"product_tag":[],"class_list":{"0":"post-4529","1":"product","2":"type-product","3":"status-publish","4":"has-post-thumbnail","6":"product_cat-perte-de-poids","8":"first","9":"instock","10":"sale","11":"shipping-taxable","12":"product-type-external"},"yoast_head":"<!-- This site is optimized with the Yoast SEO plugin v27.4 - https:\/\/yoast.com\/product\/yoast-seo-wordpress\/ -->\n<title>Titanodrol - Avis, Forum, Pharmacie, Prix, Effets | -50%<\/title>\n<meta name=\"robots\" content=\"index, follow, max-snippet:-1, max-image-preview:large, max-video-preview:-1\" \/>\n<link rel=\"canonical\" href=\"https:\/\/chirurgie-orthopedie-vannes.fr\/pharmacie\/supp\/titanodrol\/\" \/>\n<meta property=\"og:locale\" content=\"fr_FR\" \/>\n<meta property=\"og:type\" content=\"article\" \/>\n<meta property=\"og:title\" content=\"Titanodrol - Avis, Forum, Pharmacie, Prix, Effets | -50%\" \/>\n<meta property=\"og:url\" content=\"https:\/\/chirurgie-orthopedie-vannes.fr\/pharmacie\/supp\/titanodrol\/\" \/>\n<meta property=\"og:site_name\" content=\"Chirurgie-Orthopedie-Vannes\" \/>\n<meta property=\"article:modified_time\" content=\"2025-01-14T13:29:01+00:00\" \/>\n<meta property=\"og:image\" content=\"https:\/\/chirurgie-orthopedie-vannes.fr\/pharmacie\/wp-content\/uploads\/2024\/10\/Titanodrol.jpg\" \/>\n\t<meta property=\"og:image:width\" content=\"768\" \/>\n\t<meta property=\"og:image:height\" content=\"768\" \/>\n\t<meta property=\"og:image:type\" content=\"image\/jpeg\" \/>\n<meta name=\"twitter:card\" content=\"summary_large_image\" \/>\n<meta name=\"twitter:description\" content=\"[date_countdown]\" \/>\n<script type=\"application\/ld+json\" class=\"yoast-schema-graph\">{\"@context\":\"https:\\\/\\\/schema.org\",\"@graph\":[{\"@type\":\"WebPage\",\"@id\":\"https:\\\/\\\/chirurgie-orthopedie-vannes.fr\\\/pharmacie\\\/supp\\\/titanodrol\\\/\",\"url\":\"https:\\\/\\\/chirurgie-orthopedie-vannes.fr\\\/pharmacie\\\/supp\\\/titanodrol\\\/\",\"name\":\"Titanodrol - Avis, Forum, Pharmacie, Prix, Effets | -50%\",\"isPartOf\":{\"@id\":\"https:\\\/\\\/chirurgie-orthopedie-vannes.fr\\\/pharmacie\\\/#website\"},\"primaryImageOfPage\":{\"@id\":\"https:\\\/\\\/chirurgie-orthopedie-vannes.fr\\\/pharmacie\\\/supp\\\/titanodrol\\\/#primaryimage\"},\"image\":{\"@id\":\"https:\\\/\\\/chirurgie-orthopedie-vannes.fr\\\/pharmacie\\\/supp\\\/titanodrol\\\/#primaryimage\"},\"thumbnailUrl\":\"https:\\\/\\\/chirurgie-orthopedie-vannes.fr\\\/pharmacie\\\/wp-content\\\/uploads\\\/2024\\\/10\\\/Titanodrol.jpg\",\"datePublished\":\"2024-10-18T19:46:20+00:00\",\"dateModified\":\"2025-01-14T13:29:01+00:00\",\"breadcrumb\":{\"@id\":\"https:\\\/\\\/chirurgie-orthopedie-vannes.fr\\\/pharmacie\\\/supp\\\/titanodrol\\\/#breadcrumb\"},\"inLanguage\":\"fr-FR\",\"potentialAction\":[{\"@type\":\"ReadAction\",\"target\":[\"https:\\\/\\\/chirurgie-orthopedie-vannes.fr\\\/pharmacie\\\/supp\\\/titanodrol\\\/\"]}]},{\"@type\":\"ImageObject\",\"inLanguage\":\"fr-FR\",\"@id\":\"https:\\\/\\\/chirurgie-orthopedie-vannes.fr\\\/pharmacie\\\/supp\\\/titanodrol\\\/#primaryimage\",\"url\":\"https:\\\/\\\/chirurgie-orthopedie-vannes.fr\\\/pharmacie\\\/wp-content\\\/uploads\\\/2024\\\/10\\\/Titanodrol.jpg\",\"contentUrl\":\"https:\\\/\\\/chirurgie-orthopedie-vannes.fr\\\/pharmacie\\\/wp-content\\\/uploads\\\/2024\\\/10\\\/Titanodrol.jpg\",\"width\":768,\"height\":768},{\"@type\":\"BreadcrumbList\",\"@id\":\"https:\\\/\\\/chirurgie-orthopedie-vannes.fr\\\/pharmacie\\\/supp\\\/titanodrol\\\/#breadcrumb\",\"itemListElement\":[{\"@type\":\"ListItem\",\"position\":1,\"name\":\"Strona g\u0142\u00f3wna\",\"item\":\"https:\\\/\\\/chirurgie-orthopedie-vannes.fr\\\/pharmacie\\\/\"},{\"@type\":\"ListItem\",\"position\":2,\"name\":\"farmaci\",\"item\":\"https:\\\/\\\/chirurgie-orthopedie-vannes.fr\\\/pharmacie\\\/\"},{\"@type\":\"ListItem\",\"position\":3,\"name\":\"Titanodrol\"}]},{\"@type\":\"WebSite\",\"@id\":\"https:\\\/\\\/chirurgie-orthopedie-vannes.fr\\\/pharmacie\\\/#website\",\"url\":\"https:\\\/\\\/chirurgie-orthopedie-vannes.fr\\\/pharmacie\\\/\",\"name\":\"Chirurgie-Orthopedie-Vannes\",\"description\":\"\",\"potentialAction\":[{\"@type\":\"SearchAction\",\"target\":{\"@type\":\"EntryPoint\",\"urlTemplate\":\"https:\\\/\\\/chirurgie-orthopedie-vannes.fr\\\/pharmacie\\\/?s={search_term_string}\"},\"query-input\":{\"@type\":\"PropertyValueSpecification\",\"valueRequired\":true,\"valueName\":\"search_term_string\"}}],\"inLanguage\":\"fr-FR\"}]}<\/script>\n<!-- \/ Yoast SEO plugin. -->","yoast_head_json":{"title":"Titanodrol - Avis, Forum, Pharmacie, Prix, Effets | -50%","robots":{"index":"index","follow":"follow","max-snippet":"max-snippet:-1","max-image-preview":"max-image-preview:large","max-video-preview":"max-video-preview:-1"},"canonical":"https:\/\/chirurgie-orthopedie-vannes.fr\/pharmacie\/supp\/titanodrol\/","og_locale":"fr_FR","og_type":"article","og_title":"Titanodrol - Avis, Forum, Pharmacie, Prix, Effets | -50%","og_url":"https:\/\/chirurgie-orthopedie-vannes.fr\/pharmacie\/supp\/titanodrol\/","og_site_name":"Chirurgie-Orthopedie-Vannes","article_modified_time":"2025-01-14T13:29:01+00:00","og_image":[{"width":768,"height":768,"url":"https:\/\/chirurgie-orthopedie-vannes.fr\/pharmacie\/wp-content\/uploads\/2024\/10\/Titanodrol.jpg","type":"image\/jpeg"}],"twitter_card":"summary_large_image","twitter_description":"[date_countdown]","schema":{"@context":"https:\/\/schema.org","@graph":[{"@type":"WebPage","@id":"https:\/\/chirurgie-orthopedie-vannes.fr\/pharmacie\/supp\/titanodrol\/","url":"https:\/\/chirurgie-orthopedie-vannes.fr\/pharmacie\/supp\/titanodrol\/","name":"Titanodrol - Avis, Forum, Pharmacie, Prix, Effets | -50%","isPartOf":{"@id":"https:\/\/chirurgie-orthopedie-vannes.fr\/pharmacie\/#website"},"primaryImageOfPage":{"@id":"https:\/\/chirurgie-orthopedie-vannes.fr\/pharmacie\/supp\/titanodrol\/#primaryimage"},"image":{"@id":"https:\/\/chirurgie-orthopedie-vannes.fr\/pharmacie\/supp\/titanodrol\/#primaryimage"},"thumbnailUrl":"https:\/\/chirurgie-orthopedie-vannes.fr\/pharmacie\/wp-content\/uploads\/2024\/10\/Titanodrol.jpg","datePublished":"2024-10-18T19:46:20+00:00","dateModified":"2025-01-14T13:29:01+00:00","breadcrumb":{"@id":"https:\/\/chirurgie-orthopedie-vannes.fr\/pharmacie\/supp\/titanodrol\/#breadcrumb"},"inLanguage":"fr-FR","potentialAction":[{"@type":"ReadAction","target":["https:\/\/chirurgie-orthopedie-vannes.fr\/pharmacie\/supp\/titanodrol\/"]}]},{"@type":"ImageObject","inLanguage":"fr-FR","@id":"https:\/\/chirurgie-orthopedie-vannes.fr\/pharmacie\/supp\/titanodrol\/#primaryimage","url":"https:\/\/chirurgie-orthopedie-vannes.fr\/pharmacie\/wp-content\/uploads\/2024\/10\/Titanodrol.jpg","contentUrl":"https:\/\/chirurgie-orthopedie-vannes.fr\/pharmacie\/wp-content\/uploads\/2024\/10\/Titanodrol.jpg","width":768,"height":768},{"@type":"BreadcrumbList","@id":"https:\/\/chirurgie-orthopedie-vannes.fr\/pharmacie\/supp\/titanodrol\/#breadcrumb","itemListElement":[{"@type":"ListItem","position":1,"name":"Strona g\u0142\u00f3wna","item":"https:\/\/chirurgie-orthopedie-vannes.fr\/pharmacie\/"},{"@type":"ListItem","position":2,"name":"farmaci","item":"https:\/\/chirurgie-orthopedie-vannes.fr\/pharmacie\/"},{"@type":"ListItem","position":3,"name":"Titanodrol"}]},{"@type":"WebSite","@id":"https:\/\/chirurgie-orthopedie-vannes.fr\/pharmacie\/#website","url":"https:\/\/chirurgie-orthopedie-vannes.fr\/pharmacie\/","name":"Chirurgie-Orthopedie-Vannes","description":"","potentialAction":[{"@type":"SearchAction","target":{"@type":"EntryPoint","urlTemplate":"https:\/\/chirurgie-orthopedie-vannes.fr\/pharmacie\/?s={search_term_string}"},"query-input":{"@type":"PropertyValueSpecification","valueRequired":true,"valueName":"search_term_string"}}],"inLanguage":"fr-FR"}]}},"_links":{"self":[{"href":"https:\/\/chirurgie-orthopedie-vannes.fr\/pharmacie\/wp-json\/wp\/v2\/product\/4529","targetHints":{"allow":["GET"]}}],"collection":[{"href":"https:\/\/chirurgie-orthopedie-vannes.fr\/pharmacie\/wp-json\/wp\/v2\/product"}],"about":[{"href":"https:\/\/chirurgie-orthopedie-vannes.fr\/pharmacie\/wp-json\/wp\/v2\/types\/product"}],"replies":[{"embeddable":true,"href":"https:\/\/chirurgie-orthopedie-vannes.fr\/pharmacie\/wp-json\/wp\/v2\/comments?post=4529"}],"wp:featuredmedia":[{"embeddable":true,"href":"https:\/\/chirurgie-orthopedie-vannes.fr\/pharmacie\/wp-json\/wp\/v2\/media\/3985"}],"wp:attachment":[{"href":"https:\/\/chirurgie-orthopedie-vannes.fr\/pharmacie\/wp-json\/wp\/v2\/media?parent=4529"}],"wp:term":[{"taxonomy":"product_brand","embeddable":true,"href":"https:\/\/chirurgie-orthopedie-vannes.fr\/pharmacie\/wp-json\/wp\/v2\/product_brand?post=4529"},{"taxonomy":"product_cat","embeddable":true,"href":"https:\/\/chirurgie-orthopedie-vannes.fr\/pharmacie\/wp-json\/wp\/v2\/product_cat?post=4529"},{"taxonomy":"product_tag","embeddable":true,"href":"https:\/\/chirurgie-orthopedie-vannes.fr\/pharmacie\/wp-json\/wp\/v2\/product_tag?post=4529"}],"curies":[{"name":"wp","href":"https:\/\/api.w.org\/{rel}","templated":true}]}}