{"id":4546,"date":"2024-10-18T19:46:26","date_gmt":"2024-10-18T19:46:26","guid":{"rendered":"https:\/\/chirurgie-orthopedie-vannes.fr\/pharmacie\/?post_type=product&#038;p=4546"},"modified":"2025-01-14T13:29:15","modified_gmt":"2025-01-14T13:29:15","slug":"fat-burn-active","status":"publish","type":"product","link":"https:\/\/chirurgie-orthopedie-vannes.fr\/pharmacie\/supp\/fat-burn-active\/","title":{"rendered":"Fat Burn Active"},"content":{"rendered":"\n<h2 class=\"wp-block-heading\">Qu&rsquo;est-ce que Fat Burn Active et comment fonctionne-t-il ?<\/h2>\n\n\n\n<p><b>Fat Burn Active<\/b> est un <em>compl\u00e9ment alimentaire<\/em> qui favorise la <em>perte de poids<\/em>. Il agit en activant l&rsquo;enzyme ad\u00e9nylate cyclase, ce qui entra\u00eene une augmentation des niveaux d&rsquo;ad\u00e9nosine monophosphate cyclique (AMPc) dans l&rsquo;organisme. Cet effet est crucial car il favorise la lib\u00e9ration des graisses stock\u00e9es, ce qui acc\u00e9l\u00e8re le m\u00e9tabolisme. Par cons\u00e9quent, l&rsquo;organisme br\u00fble plus efficacement les calories et le processus de <em>perte de poids<\/em> est plus rapide.<\/p>\n\n\n\n<p>La composition de Fat Burn Active comprend des ingr\u00e9dients tels que l&rsquo;extrait de th\u00e9 vert et le guarana. Ces substances ont la capacit\u00e9 d&rsquo;augmenter la thermogen\u00e8se, c&rsquo;est-\u00e0-dire le processus de production de chaleur dans le corps. Cette augmentation contribue \u00e0 l&rsquo;intensification de la combustion des graisses, et l&rsquo;utilisateur de ce <em>compl\u00e9ment alimentaire<\/em> peut remarquer une plus grande capacit\u00e9 pendant l&rsquo;exercice.<\/p>\n\n\n\n<figure class=\"wp-block-table\"><table class=\"has-fixed-layout\"><tbody><tr><th>Ingr\u00e9dient<\/th><th>Fonction<\/th><\/tr><tr><td>Extrait de th\u00e9 vert<\/td><td>Augmente le m\u00e9tabolisme et la thermogen\u00e8se<\/td><\/tr><tr><td>Guarana<\/td><td>Am\u00e9liore les performances et l&rsquo;\u00e9nergie<\/td><\/tr><tr><td>Vitamine B6<\/td><td>Soutient le m\u00e9tabolisme<\/td><\/tr><tr><td>Caf\u00e9ine<\/td><td>Acc\u00e9l\u00e8re la combustion des graisses<\/td><\/tr><\/tbody><\/table><\/figure>\n\n\n\n<p><b>L&rsquo;utilisation de<\/b> Fat Burn Active, combin\u00e9e \u00e0 un plan d&rsquo;entra\u00eenement adapt\u00e9, peut apporter des <b>r\u00e9sultats<\/b> significatifs en mati\u00e8re de <em>perte de poids<\/em>. La prise r\u00e9guli\u00e8re de ce <em>compl\u00e9ment alimentaire<\/em> peut contribuer \u00e0 am\u00e9liorer la forme physique et l&rsquo;efficacit\u00e9 du processus de perte de poids.<\/p>\n\n\n\n<h2 class=\"wp-block-heading\">Effets de Fat Burn Active<\/h2>\n\n\n\n<p>Fat Burn Active est un compl\u00e9ment qui attire l&rsquo;attention pour ses <b>effets<\/b> positifs sur la perte de poids. <b>Les utilisateurs<\/b> font \u00e9tat de changements significatifs, gr\u00e2ce \u00e0 l&rsquo;effet stimulant des ingr\u00e9dients contenus dans le produit. Une <b>suppl\u00e9mentation<\/b> r\u00e9guli\u00e8re contribue \u00e0 l&rsquo;<em>acc\u00e9l\u00e9ration du m\u00e9tabolisme<\/em>, ce qui entra\u00eene une r\u00e9duction de la graisse corporelle.<\/p>\n\n\n\n<ul class=\"wp-block-list\">\n<li>Am\u00e9lioration des performances pendant l&rsquo;exercice.<\/li>\n\n\n\n<li>R\u00e9duction du niveau de fatigue per\u00e7ue, ce qui facilite l&rsquo;entra\u00eenement.<\/li>\n\n\n\n<li>Augmentation de la d\u00e9pense \u00e9nerg\u00e9tique, ce qui rend l&rsquo;effet de perte de poids plus visible.<\/li>\n\n\n\n<li>Am\u00e9lioration de la r\u00e9cup\u00e9ration post-exercice gr\u00e2ce au soutien des ingr\u00e9dients actifs.<\/li>\n\n\n\n<li>Un changement des habitudes alimentaires vers des choix plus sains.<\/li>\n<\/ul>\n\n\n\n<p>En fin de compte, les effets de Fat Burn Active vont de pair avec une suppl\u00e9mentation ad\u00e9quate. La bonne combinaison d&rsquo;ingr\u00e9dients favorise les r\u00e9sultats escompt\u00e9s en mati\u00e8re de perte de poids, tout en am\u00e9liorant la qualit\u00e9 de vie et la sant\u00e9 des utilisateurs.<\/p>\n\n\n\n<h2 class=\"wp-block-heading\">Comment utiliser Fat Burn Active ? &#8211; Dosage<\/h2>\n\n\n\n<p>Fat Burn Active est con\u00e7u pour les athl\u00e8tes professionnels et les personnes souhaitant r\u00e9duire efficacement leur masse graisseuse. Afin d&rsquo;obtenir des r\u00e9sultats optimaux, il est important d&rsquo;utiliser le bon <em>dosage<\/em> et de suivre scrupuleusement les <em>instructions<\/em> figurant sur l&rsquo;\u00e9tiquette du produit.<\/p>\n\n\n\n<p>La dose recommand\u00e9e est de 2 g\u00e9lules, \u00e0 prendre de pr\u00e9f\u00e9rence environ 30 minutes avant un repas, avec environ 300 ml d&rsquo;eau. La <em>prise du<\/em> produit de cette mani\u00e8re permet une absorption maximale des ingr\u00e9dients actifs et favorise le m\u00e9tabolisme. Le produit contient des ingr\u00e9dients soigneusement s\u00e9lectionn\u00e9s, tels que des extraits de racine d&rsquo;ortie indienne, des feuilles de th\u00e9 vert, ainsi que de la caf\u00e9ine et de la syn\u00e9phrine, qui contribuent \u00e0 la r\u00e9duction du tissu adipeux et \u00e0 l&rsquo;am\u00e9lioration des performances corporelles.<\/p>\n\n\n\n<p>La dose recommand\u00e9e ne doit pas \u00eatre d\u00e9pass\u00e9e, car une <em>utilisation<\/em> excessive peut entra\u00eener des effets secondaires ind\u00e9sirables. Afin d&rsquo;augmenter l&rsquo;efficacit\u00e9 de Fat Burn Active, il est conseill\u00e9 de combiner son <b>utilisation<\/b> avec un r\u00e9gime alimentaire \u00e9quilibr\u00e9 et un programme d&rsquo;entra\u00eenement r\u00e9gulier. Chaque emballage contient 60 g\u00e9lules, ce qui est suffisant pour un mois d&rsquo;utilisation.<\/p>\n\n\n\n<figure class=\"wp-block-table\"><table class=\"has-fixed-layout\"><tbody><tr><th>Ingr\u00e9dient<\/th><th>Portion (2 g\u00e9lules)<\/th><\/tr><tr><td>Extrait de racine d&rsquo;ortie indienne (ForsLean\u00ae)<\/td><td>250 mg<\/td><\/tr><tr><td>Extrait de feuille de th\u00e9 vert (EGCG)<\/td><td>250 mg<\/td><\/tr><tr><td>Ph\u00e9nylcapsa\u00efcine microencapsul\u00e9e (aXivite\u00ae)<\/td><td>112 mg<\/td><\/tr><tr><td>Extrait de graines de guarana<\/td><td>600 mg<\/td><\/tr><tr><td>Extrait de fruit d&rsquo;orange am\u00e8re<\/td><td>100 mg<\/td><\/tr><tr><td>Caf\u00e9ine anhydre<\/td><td>100 mg<\/td><\/tr><tr><td>Extrait de fruit de poivre noir (BioPerine\u00ae)<\/td><td>10 mg<\/td><\/tr><tr><td>Vitamine B6<\/td><td>1 mg d&rsquo;acide pantoth\u00e9nique<\/td><\/tr><tr><td>Acide pantoth\u00e9nique<\/td><td>2 mg d&rsquo;acide pantoth\u00e9nique<\/td><\/tr><tr><td>Zinc<\/td><td>5 mg<\/td><\/tr><\/tbody><\/table><\/figure>\n\n\n\n<h2 class=\"wp-block-heading\">Fat Burn Active &#8211; Avis et critiques, Forum<\/h2>\n\n\n\n<p>Les<b>avis des<\/b> utilisateurs de Fat Burn Active sont majoritairement positifs, confirmant son efficacit\u00e9 dans le soutien \u00e0 la perte de poids. De nombreux avis indiquent que le compl\u00e9ment agit sans provoquer de sensations d\u00e9sagr\u00e9ables, telles que les tremblements qui accompagnent souvent d&rsquo;autres pr\u00e9parations.<\/p>\n\n\n\n<blockquote class=\"wp-block-quote is-layout-flow wp-block-quote-is-layout-flow\">\n<p><em>Kasia, 28 ans, a d\u00e9clar\u00e9 :<\/em> \u00ab\u00a0En utilisant Fat Burn Active, j&rsquo;ai remarqu\u00e9 une am\u00e9lioration significative de mes performances. Cela m&rsquo;a surprise car auparavant, j&rsquo;avais du mal \u00e0 r\u00e9cup\u00e9rer apr\u00e8s l&rsquo;entra\u00eenement. Depuis que j&rsquo;ai commenc\u00e9 \u00e0 prendre ce suppl\u00e9ment, je me sens pleine d&rsquo;\u00e9nergie et pr\u00eate \u00e0 l&rsquo;action !<\/p>\n<\/blockquote>\n\n\n\n<blockquote class=\"wp-block-quote is-layout-flow wp-block-quote-is-layout-flow\">\n<p><em>Tom, 35 ans :<\/em> \u00ab\u00a0J&rsquo;ai d\u00e9cid\u00e9 de prendre Fat Burn Active apr\u00e8s avoir lu des commentaires positifs sur le <b>forum<\/b>. J&rsquo;ai r\u00e9ussi \u00e0 perdre quelques kilos et, surtout, j&rsquo;ai chang\u00e9 mes habitudes alimentaires pour en adopter de plus saines. Cela a \u00e9t\u00e9 pour moi un \u00e9l\u00e9ment cl\u00e9 dans la lutte contre le surpoids\u00a0\u00bb<\/p>\n<\/blockquote>\n\n\n\n<blockquote class=\"wp-block-quote is-layout-flow wp-block-quote-is-layout-flow\">\n<p><em>Anne, 40 ans :<\/em> \u00ab\u00a0J&rsquo;appr\u00e9cie les <b>ingr\u00e9dients naturels de<\/b> ce compl\u00e9ment. Je n&rsquo;ai pas remarqu\u00e9 d&rsquo;effets secondaires qui apparaissent souvent avec d&rsquo;autres br\u00fbleurs de graisse. Fat Burn Active a parfaitement fonctionn\u00e9 pour moi et les effets sont visibles \u00e0 l&rsquo;\u0153il nu !\u00a0\u00bb<\/p>\n<\/blockquote>\n\n\n\n<p>Ces exp\u00e9riences positives d&rsquo;utilisateurs t\u00e9moignent de la fiabilit\u00e9 de Fat Burn Active. Il vaut la peine de lire les diff\u00e9rents avis sur les forums pour se faire une id\u00e9e plus compl\u00e8te de l&rsquo;efficacit\u00e9 de ce produit. L&rsquo;<b>utilisation<\/b> r\u00e9guli\u00e8re <b>du<\/b> compl\u00e9ment semble \u00eatre la cl\u00e9 pour obtenir des r\u00e9sultats durables en termes de perte de poids et de changement positif de mode de vie.<\/p>\n\n\n\n<h2 class=\"wp-block-heading\">Composition de Fat Burn Active &#8211; Que contient-il ?<\/h2>\n\n\n\n<p>Fat Burn Active est un <b>compl\u00e9ment alimentaire<\/b> qui se distingue par sa composition soigneusement s\u00e9lectionn\u00e9e. L&rsquo;<b>action<\/b> principale <b>du<\/b> produit repose sur des ingr\u00e9dients naturels qui soutiennent le m\u00e9tabolisme et le processus de combustion des graisses. Les ingr\u00e9dients cl\u00e9s sont les suivants :<\/p>\n\n\n\n<figure class=\"wp-block-table\"><table class=\"has-fixed-layout\"><tbody><tr><th>Ingr\u00e9dient<\/th><th>Contenu (dans une portion journali\u00e8re de 15 ml)<\/th><\/tr><tr><td>Acide L-ascorbique (vitamine C)<\/td><td>43.5 mg (54%)<\/td><\/tr><tr><td>Ac\u00e9tate de dl-alpha-tocoph\u00e9ryl (vitamine E)<\/td><td>7.5 mg (62 %)<\/td><\/tr><tr><td>Gluconate de zinc<\/td><td>5 mg (50 %)<\/td><\/tr><tr><td>D-pantoth\u00e9nate de calcium (vitamine B5)<\/td><td>2.5 mg (41%)<\/td><\/tr><tr><td>Chlorhydrate de pyridoxine (vitamine B6)<\/td><td>0.55 mg (39%)<\/td><\/tr><tr><td>Ac\u00e9tate de r\u00e9tinyle (vitamine A)<\/td><td>525 \u03bcg (65%)<\/td><\/tr><tr><td>Acide pt\u00e9roylglutamique (vitamine B9)<\/td><td>41 \u03bcg (20%)<\/td><\/tr><tr><td>S\u00e9l\u00e9nate de sodium<\/td><td>27.5 \u03bcg (50%)<\/td><\/tr><tr><td>Chol\u00e9calcif\u00e9rol (vitamine D3)<\/td><td>5.0 \u03bcg (100 %)<\/td><\/tr><tr><td>Cyanocobalamine (vitamine B12)<\/td><td>1.25 \u03bcg (50%)<\/td><\/tr><\/tbody><\/table><\/figure>\n\n\n\n<p><b>Le compl\u00e9ment alimentaire<\/b> Fat Burn Active, compos\u00e9 de ces ingr\u00e9dients naturels soigneusement s\u00e9lectionn\u00e9s, est con\u00e7u pour soutenir l&rsquo;activit\u00e9 m\u00e9tabolique et favoriser la perte de poids. Il vaut la peine d&rsquo;investir dans des produits r\u00e9put\u00e9s et formul\u00e9s par des professionnels qui b\u00e9n\u00e9ficient des richesses de la nature.<\/p>\n\n\n\n<h2 class=\"wp-block-heading\">O\u00f9 acheter et combien co\u00fbte Fat Burn Active &#8211; prix<\/h2>\n\n\n\n<p>Fat Burn Active est uniquement disponible sur le <em>site officiel du fabricant<\/em>. En achetant directement aupr\u00e8s du <em>fabricant officiel<\/em>, vous avez la certitude d&rsquo;obtenir un produit de qualit\u00e9 sup\u00e9rieure et de b\u00e9n\u00e9ficier d&rsquo;\u00e9ventuelles promotions.<\/p>\n\n\n\n<p><b>Le prix de<\/b> Fat Burn Active peut varier en fonction des offres en cours. Il est donc recommand\u00e9 de consulter r\u00e9guli\u00e8rement le site du fabricant pour trouver les meilleures options de prix. Il convient de noter que <em>Fat Burn Active<\/em> n&rsquo;est pas disponible dans les pharmacies stationnaires, ce qui souligne son exclusivit\u00e9. Lors de l&rsquo;achat, les clients doivent suivre le site web du fabricant pour acc\u00e9der au produit original et \u00e0 des promotions attrayantes.<\/p>\n\n\n\n<h2 class=\"wp-block-heading\">Fat Burn Active &#8211; Effets secondaires et contre-indications &#8211; Est-il s\u00fbr ?<\/h2>\n\n\n\n<p>L&rsquo;utilisation de compl\u00e9ments alimentaires, tels que Fat Burn Active, permet d&rsquo;acc\u00e9l\u00e9rer la perte de poids. Cependant, comme pour d&rsquo;autres produits, il peut y avoir des <b>effets secondaires<\/b> associ\u00e9s \u00e0 son utilisation. Des sympt\u00f4mes mineurs ont \u00e9t\u00e9 observ\u00e9s chez certaines personnes, tels que des vertiges, des troubles du sommeil et des maux d&rsquo;estomac. En particulier, au cours des premi\u00e8res semaines de suppl\u00e9mentation, le corps peut avoir besoin de temps pour s&rsquo;habituer aux nouveaux ingr\u00e9dients.<\/p>\n\n\n\n<p><b>La s\u00e9curit\u00e9 de<\/b> Fat Burn Active est cruciale, en particulier pour les personnes ayant d\u00e9j\u00e0 des probl\u00e8mes de sant\u00e9. Elles doivent consulter leur m\u00e9decin avant de commencer le traitement, surtout si elles prennent d&rsquo;autres m\u00e9dicaments ou souffrent de maladies chroniques. Il convient \u00e9galement de garder \u00e0 l&rsquo;esprit les contre-indications telles que la grossesse et l&rsquo;allaitement, pour lesquelles les recherches sur l&rsquo;innocuit\u00e9 des suppl\u00e9ments sont insuffisantes.<\/p>\n\n\n\n<p>Un <b>dosage<\/b> correct et le respect de la notice du fabricant peuvent r\u00e9duire consid\u00e9rablement le risque d&rsquo;effets secondaires \u00e9ventuels. Toutefois, il est essentiel de se pr\u00e9parer \u00e0 d&rsquo;\u00e9ventuelles r\u00e9actions corporelles et de veiller \u00e0 son bien-\u00eatre pendant la prise de suppl\u00e9ments afin de garantir une <b>s\u00e9curit\u00e9<\/b> maximale.<\/p>\n","protected":false},"excerpt":{"rendered":"<p><strong>[date_countdown]<\/strong><\/p>\n<p><img decoding=\"async\" class=\"alignnone  wp-image-8427\" src=\"https:\/\/chirurgie-orthopedie-vannes.fr\/pharmacie\/wp-content\/uploads\/2024\/10\/SAFE-PAY-300x88-1.png\" alt=\"SAFE-PAY-300x88\" width=\"164\" height=\"48\" \/><\/p>\n","protected":false},"featured_media":3991,"comment_status":"open","ping_status":"closed","template":"","meta":{"neve_meta_sidebar":"","neve_meta_container":"","neve_meta_enable_content_width":"","neve_meta_content_width":0,"neve_meta_title_alignment":"","neve_meta_author_avatar":"","neve_post_elements_order":"","neve_meta_disable_header":"","neve_meta_disable_footer":"","neve_meta_disable_title":"","neve_meta_reading_time":""},"product_brand":[],"product_cat":[15],"product_tag":[],"class_list":{"0":"post-4546","1":"product","2":"type-product","3":"status-publish","4":"has-post-thumbnail","6":"product_cat-perte-de-poids","8":"first","9":"instock","10":"sale","11":"shipping-taxable","12":"product-type-external"},"yoast_head":"<!-- This site is optimized with the Yoast SEO plugin v27.4 - https:\/\/yoast.com\/product\/yoast-seo-wordpress\/ -->\n<title>Fat Burn Active - Avis, Forum, Pharmacie, Prix, Effets | -50%<\/title>\n<meta name=\"robots\" content=\"index, follow, max-snippet:-1, max-image-preview:large, max-video-preview:-1\" \/>\n<link rel=\"canonical\" href=\"https:\/\/chirurgie-orthopedie-vannes.fr\/pharmacie\/supp\/fat-burn-active\/\" \/>\n<meta property=\"og:locale\" content=\"fr_FR\" \/>\n<meta property=\"og:type\" content=\"article\" \/>\n<meta property=\"og:title\" content=\"Fat Burn Active - Avis, Forum, Pharmacie, Prix, Effets | -50%\" \/>\n<meta property=\"og:url\" content=\"https:\/\/chirurgie-orthopedie-vannes.fr\/pharmacie\/supp\/fat-burn-active\/\" \/>\n<meta property=\"og:site_name\" content=\"Chirurgie-Orthopedie-Vannes\" \/>\n<meta property=\"article:modified_time\" content=\"2025-01-14T13:29:15+00:00\" \/>\n<meta property=\"og:image\" content=\"https:\/\/chirurgie-orthopedie-vannes.fr\/pharmacie\/wp-content\/uploads\/2024\/10\/Fat-Burn-Active.jpg\" \/>\n\t<meta property=\"og:image:width\" content=\"768\" \/>\n\t<meta property=\"og:image:height\" content=\"768\" \/>\n\t<meta property=\"og:image:type\" content=\"image\/jpeg\" \/>\n<meta name=\"twitter:card\" content=\"summary_large_image\" \/>\n<meta name=\"twitter:description\" content=\"[date_countdown]\" \/>\n<meta name=\"twitter:label1\" content=\"Dur\u00e9e de lecture estim\u00e9e\" \/>\n\t<meta name=\"twitter:data1\" content=\"7 minutes\" \/>\n<script type=\"application\/ld+json\" class=\"yoast-schema-graph\">{\"@context\":\"https:\\\/\\\/schema.org\",\"@graph\":[{\"@type\":\"WebPage\",\"@id\":\"https:\\\/\\\/chirurgie-orthopedie-vannes.fr\\\/pharmacie\\\/supp\\\/fat-burn-active\\\/\",\"url\":\"https:\\\/\\\/chirurgie-orthopedie-vannes.fr\\\/pharmacie\\\/supp\\\/fat-burn-active\\\/\",\"name\":\"Fat Burn Active - Avis, Forum, Pharmacie, Prix, Effets | -50%\",\"isPartOf\":{\"@id\":\"https:\\\/\\\/chirurgie-orthopedie-vannes.fr\\\/pharmacie\\\/#website\"},\"primaryImageOfPage\":{\"@id\":\"https:\\\/\\\/chirurgie-orthopedie-vannes.fr\\\/pharmacie\\\/supp\\\/fat-burn-active\\\/#primaryimage\"},\"image\":{\"@id\":\"https:\\\/\\\/chirurgie-orthopedie-vannes.fr\\\/pharmacie\\\/supp\\\/fat-burn-active\\\/#primaryimage\"},\"thumbnailUrl\":\"https:\\\/\\\/chirurgie-orthopedie-vannes.fr\\\/pharmacie\\\/wp-content\\\/uploads\\\/2024\\\/10\\\/Fat-Burn-Active.jpg\",\"datePublished\":\"2024-10-18T19:46:26+00:00\",\"dateModified\":\"2025-01-14T13:29:15+00:00\",\"breadcrumb\":{\"@id\":\"https:\\\/\\\/chirurgie-orthopedie-vannes.fr\\\/pharmacie\\\/supp\\\/fat-burn-active\\\/#breadcrumb\"},\"inLanguage\":\"fr-FR\",\"potentialAction\":[{\"@type\":\"ReadAction\",\"target\":[\"https:\\\/\\\/chirurgie-orthopedie-vannes.fr\\\/pharmacie\\\/supp\\\/fat-burn-active\\\/\"]}]},{\"@type\":\"ImageObject\",\"inLanguage\":\"fr-FR\",\"@id\":\"https:\\\/\\\/chirurgie-orthopedie-vannes.fr\\\/pharmacie\\\/supp\\\/fat-burn-active\\\/#primaryimage\",\"url\":\"https:\\\/\\\/chirurgie-orthopedie-vannes.fr\\\/pharmacie\\\/wp-content\\\/uploads\\\/2024\\\/10\\\/Fat-Burn-Active.jpg\",\"contentUrl\":\"https:\\\/\\\/chirurgie-orthopedie-vannes.fr\\\/pharmacie\\\/wp-content\\\/uploads\\\/2024\\\/10\\\/Fat-Burn-Active.jpg\",\"width\":768,\"height\":768},{\"@type\":\"BreadcrumbList\",\"@id\":\"https:\\\/\\\/chirurgie-orthopedie-vannes.fr\\\/pharmacie\\\/supp\\\/fat-burn-active\\\/#breadcrumb\",\"itemListElement\":[{\"@type\":\"ListItem\",\"position\":1,\"name\":\"Strona g\u0142\u00f3wna\",\"item\":\"https:\\\/\\\/chirurgie-orthopedie-vannes.fr\\\/pharmacie\\\/\"},{\"@type\":\"ListItem\",\"position\":2,\"name\":\"farmaci\",\"item\":\"https:\\\/\\\/chirurgie-orthopedie-vannes.fr\\\/pharmacie\\\/\"},{\"@type\":\"ListItem\",\"position\":3,\"name\":\"Fat Burn Active\"}]},{\"@type\":\"WebSite\",\"@id\":\"https:\\\/\\\/chirurgie-orthopedie-vannes.fr\\\/pharmacie\\\/#website\",\"url\":\"https:\\\/\\\/chirurgie-orthopedie-vannes.fr\\\/pharmacie\\\/\",\"name\":\"Chirurgie-Orthopedie-Vannes\",\"description\":\"\",\"potentialAction\":[{\"@type\":\"SearchAction\",\"target\":{\"@type\":\"EntryPoint\",\"urlTemplate\":\"https:\\\/\\\/chirurgie-orthopedie-vannes.fr\\\/pharmacie\\\/?s={search_term_string}\"},\"query-input\":{\"@type\":\"PropertyValueSpecification\",\"valueRequired\":true,\"valueName\":\"search_term_string\"}}],\"inLanguage\":\"fr-FR\"}]}<\/script>\n<!-- \/ Yoast SEO plugin. -->","yoast_head_json":{"title":"Fat Burn Active - Avis, Forum, Pharmacie, Prix, Effets | -50%","robots":{"index":"index","follow":"follow","max-snippet":"max-snippet:-1","max-image-preview":"max-image-preview:large","max-video-preview":"max-video-preview:-1"},"canonical":"https:\/\/chirurgie-orthopedie-vannes.fr\/pharmacie\/supp\/fat-burn-active\/","og_locale":"fr_FR","og_type":"article","og_title":"Fat Burn Active - Avis, Forum, Pharmacie, Prix, Effets | -50%","og_url":"https:\/\/chirurgie-orthopedie-vannes.fr\/pharmacie\/supp\/fat-burn-active\/","og_site_name":"Chirurgie-Orthopedie-Vannes","article_modified_time":"2025-01-14T13:29:15+00:00","og_image":[{"width":768,"height":768,"url":"https:\/\/chirurgie-orthopedie-vannes.fr\/pharmacie\/wp-content\/uploads\/2024\/10\/Fat-Burn-Active.jpg","type":"image\/jpeg"}],"twitter_card":"summary_large_image","twitter_description":"[date_countdown]","twitter_misc":{"Dur\u00e9e de lecture estim\u00e9e":"7 minutes"},"schema":{"@context":"https:\/\/schema.org","@graph":[{"@type":"WebPage","@id":"https:\/\/chirurgie-orthopedie-vannes.fr\/pharmacie\/supp\/fat-burn-active\/","url":"https:\/\/chirurgie-orthopedie-vannes.fr\/pharmacie\/supp\/fat-burn-active\/","name":"Fat Burn Active - Avis, Forum, Pharmacie, Prix, Effets | -50%","isPartOf":{"@id":"https:\/\/chirurgie-orthopedie-vannes.fr\/pharmacie\/#website"},"primaryImageOfPage":{"@id":"https:\/\/chirurgie-orthopedie-vannes.fr\/pharmacie\/supp\/fat-burn-active\/#primaryimage"},"image":{"@id":"https:\/\/chirurgie-orthopedie-vannes.fr\/pharmacie\/supp\/fat-burn-active\/#primaryimage"},"thumbnailUrl":"https:\/\/chirurgie-orthopedie-vannes.fr\/pharmacie\/wp-content\/uploads\/2024\/10\/Fat-Burn-Active.jpg","datePublished":"2024-10-18T19:46:26+00:00","dateModified":"2025-01-14T13:29:15+00:00","breadcrumb":{"@id":"https:\/\/chirurgie-orthopedie-vannes.fr\/pharmacie\/supp\/fat-burn-active\/#breadcrumb"},"inLanguage":"fr-FR","potentialAction":[{"@type":"ReadAction","target":["https:\/\/chirurgie-orthopedie-vannes.fr\/pharmacie\/supp\/fat-burn-active\/"]}]},{"@type":"ImageObject","inLanguage":"fr-FR","@id":"https:\/\/chirurgie-orthopedie-vannes.fr\/pharmacie\/supp\/fat-burn-active\/#primaryimage","url":"https:\/\/chirurgie-orthopedie-vannes.fr\/pharmacie\/wp-content\/uploads\/2024\/10\/Fat-Burn-Active.jpg","contentUrl":"https:\/\/chirurgie-orthopedie-vannes.fr\/pharmacie\/wp-content\/uploads\/2024\/10\/Fat-Burn-Active.jpg","width":768,"height":768},{"@type":"BreadcrumbList","@id":"https:\/\/chirurgie-orthopedie-vannes.fr\/pharmacie\/supp\/fat-burn-active\/#breadcrumb","itemListElement":[{"@type":"ListItem","position":1,"name":"Strona g\u0142\u00f3wna","item":"https:\/\/chirurgie-orthopedie-vannes.fr\/pharmacie\/"},{"@type":"ListItem","position":2,"name":"farmaci","item":"https:\/\/chirurgie-orthopedie-vannes.fr\/pharmacie\/"},{"@type":"ListItem","position":3,"name":"Fat Burn Active"}]},{"@type":"WebSite","@id":"https:\/\/chirurgie-orthopedie-vannes.fr\/pharmacie\/#website","url":"https:\/\/chirurgie-orthopedie-vannes.fr\/pharmacie\/","name":"Chirurgie-Orthopedie-Vannes","description":"","potentialAction":[{"@type":"SearchAction","target":{"@type":"EntryPoint","urlTemplate":"https:\/\/chirurgie-orthopedie-vannes.fr\/pharmacie\/?s={search_term_string}"},"query-input":{"@type":"PropertyValueSpecification","valueRequired":true,"valueName":"search_term_string"}}],"inLanguage":"fr-FR"}]}},"_links":{"self":[{"href":"https:\/\/chirurgie-orthopedie-vannes.fr\/pharmacie\/wp-json\/wp\/v2\/product\/4546","targetHints":{"allow":["GET"]}}],"collection":[{"href":"https:\/\/chirurgie-orthopedie-vannes.fr\/pharmacie\/wp-json\/wp\/v2\/product"}],"about":[{"href":"https:\/\/chirurgie-orthopedie-vannes.fr\/pharmacie\/wp-json\/wp\/v2\/types\/product"}],"replies":[{"embeddable":true,"href":"https:\/\/chirurgie-orthopedie-vannes.fr\/pharmacie\/wp-json\/wp\/v2\/comments?post=4546"}],"wp:featuredmedia":[{"embeddable":true,"href":"https:\/\/chirurgie-orthopedie-vannes.fr\/pharmacie\/wp-json\/wp\/v2\/media\/3991"}],"wp:attachment":[{"href":"https:\/\/chirurgie-orthopedie-vannes.fr\/pharmacie\/wp-json\/wp\/v2\/media?parent=4546"}],"wp:term":[{"taxonomy":"product_brand","embeddable":true,"href":"https:\/\/chirurgie-orthopedie-vannes.fr\/pharmacie\/wp-json\/wp\/v2\/product_brand?post=4546"},{"taxonomy":"product_cat","embeddable":true,"href":"https:\/\/chirurgie-orthopedie-vannes.fr\/pharmacie\/wp-json\/wp\/v2\/product_cat?post=4546"},{"taxonomy":"product_tag","embeddable":true,"href":"https:\/\/chirurgie-orthopedie-vannes.fr\/pharmacie\/wp-json\/wp\/v2\/product_tag?post=4546"}],"curies":[{"name":"wp","href":"https:\/\/api.w.org\/{rel}","templated":true}]}}