{"id":4550,"date":"2024-10-18T19:46:26","date_gmt":"2024-10-18T19:46:26","guid":{"rendered":"https:\/\/chirurgie-orthopedie-vannes.fr\/pharmacie\/?post_type=product&#038;p=4550"},"modified":"2025-01-14T13:29:22","modified_gmt":"2025-01-14T13:29:22","slug":"folicerin","status":"publish","type":"product","link":"https:\/\/chirurgie-orthopedie-vannes.fr\/pharmacie\/supp\/folicerin\/","title":{"rendered":"Folicerin"},"content":{"rendered":"<h2 class=\"wp-block-heading\">Qu&rsquo;est-ce que la folic\u00e9rine et comment fonctionne-t-elle ?<\/h2>\n\n\n<p>La <b>folic\u00e9rine<\/b> est un compl\u00e9ment alimentaire destin\u00e9 aux personnes qui luttent contre la chute des cheveux. Il <em>agit<\/em> en apportant les <em>nutriments<\/em> cl\u00e9s n\u00e9cessaires \u00e0 une croissance saine des cheveux. Les ingr\u00e9dients tels que l&rsquo;acide folique, la biotine et le complexe de vitamines B, qui nourrissent les follicules pileux de la racine \u00e0 la pointe, sont particuli\u00e8rement remarquables. L&rsquo;application r\u00e9guli\u00e8re de Folicerin peut contribuer \u00e0 une am\u00e9lioration significative de l&rsquo;\u00e9tat des cheveux, \u00e0 une r\u00e9duction de la chute et \u00e0 une augmentation de la densit\u00e9 et de l&rsquo;\u00e9paisseur des cheveux.<\/p>\n\n\n<p>La formule innovante de Folicerin consiste \u00e0 entourer les ingr\u00e9dients actifs de particules de biopolym\u00e8re d&rsquo;un diam\u00e8tre de plus de 200 nm, ce qui garantit leur absorption et leur action efficaces. Par cons\u00e9quent, <em>le suppl\u00e9ment pour la calvitie<\/em> a la capacit\u00e9 de stimuler la microcirculation dans le cuir chevelu, ce qui permet aux nutriments de mieux atteindre les racines des cheveux.<\/p>\n\n\n<p>Lors d&rsquo;une utilisation r\u00e9guli\u00e8re de Folicerin, les utilisateurs peuvent remarquer des changements significatifs, tels qu&rsquo;une am\u00e9lioration de l&rsquo;\u00e9lasticit\u00e9 des cheveux ou une brillance naturelle. En outre, des ingr\u00e9dients tels que l&rsquo;extrait d&rsquo;ortie et la NV Caffeine ECO ont un effet b\u00e9n\u00e9fique sur le renforcement de la structure des cheveux, ce qui pr\u00e9vient la casse. Il convient de noter que la Folic\u00e9rine est bien tol\u00e9r\u00e9e par la plupart des personnes et que son utilisation n&rsquo;est g\u00e9n\u00e9ralement pas associ\u00e9e \u00e0 des effets secondaires.<\/p>\n\n\n<h2 class=\"wp-block-heading\">Folic\u00e9rine &#8211; effets<\/h2>\n\n\n<p><b>Les effets de<\/b> Folicerin sont visibles apr\u00e8s quelques semaines d&rsquo;utilisation r\u00e9guli\u00e8re. De nombreuses personnes remarquent <em>une am\u00e9lioration de l&rsquo;\u00e9tat de leurs cheveux<\/em>, qui se manifeste par une densit\u00e9 et une force accrues. Apr\u00e8s environ 56 jours d&rsquo;utilisation, il est possible d&rsquo;\u00e9paissir les m\u00e8ches de cheveux de pr\u00e8s de 9 %. Un changement aussi important est d\u00fb \u00e0 la formule unique qui soutient la sant\u00e9 des follicules pileux.<\/p>\n\n\n<p>Les utilisateurs de Folicerin soulignent souvent que le produit est efficace pour minimiser la <em>chute des cheveux<\/em>. L&rsquo;action du shampooing repose sur des ingr\u00e9dients naturels tels que l&rsquo;extrait de poivre noir, la bardane et le ginseng, qui am\u00e9liorent la microcirculation du cuir chevelu, favorisant ainsi la nutrition des racines. Les cheveux deviennent ainsi plus r\u00e9sistants aux agressions et paraissent plus sains.<\/p>\n\n\n<p>L&rsquo;utilisation r\u00e9guli\u00e8re de Folicerin affecte \u00e9galement leur \u00e9lasticit\u00e9 et leur brillance. Il est essentiel de commencer le traitement d\u00e8s les premiers stades de la calvitie. Par cons\u00e9quent, si des changements dans la densit\u00e9 des cheveux sont perceptibles, il vaut la peine d&rsquo;agir et de commencer la th\u00e9rapie.<\/p>\n\n\n<h2 class=\"wp-block-heading\">Dosage de la folic\u00e9rine &#8211; Comment l&rsquo;utiliser ?<\/h2>\n\n\n<p>Le fabricant recommande la <b>prise de Folicerin<\/b> sous forme d&rsquo;une g\u00e9lule par jour. Il est optimal de la prendre au cours d&rsquo;un des principaux repas, ce qui am\u00e9liore l&rsquo;absorption des nutriments contenus dans le compl\u00e9ment alimentaire. Le respect de la posologie recommand\u00e9e est important pour \u00e9viter d&rsquo;\u00e9ventuels effets secondaires.<\/p>\n\n\n<p>L&rsquo;utilisation r\u00e9guli\u00e8re de Folicerin permet d&rsquo;obtenir les r\u00e9sultats souhait\u00e9s dans la lutte contre la calvitie. Il est essentiel d&rsquo;\u00eatre syst\u00e9matique, ce qui contribue \u00e0 un meilleur renforcement des follicules pileux, \u00e0 la stimulation de leur croissance et \u00e0 la r\u00e9duction de la chute des cheveux.<\/p>\n\n\n\n<ul class=\"wp-block-list\">\n<li>1 g\u00e9lule par jour<\/li>\n\n\n\n<li>A prendre au cours du repas<\/li>\n\n\n\n<li>Maintenir la r\u00e9gularit\u00e9 pour de meilleurs r\u00e9sultats<\/li>\n<\/ul>\n\n\n<p>Le choix du bon dosage et l&rsquo;utilisation syst\u00e9matique de la Folic\u00e9rine apportent des r\u00e9sultats positifs, ce qui en fait un compl\u00e9ment alimentaire efficace pour toute personne souhaitant am\u00e9liorer l&rsquo;\u00e9tat de ses cheveux.<\/p>\n\n\n<h2 class=\"wp-block-heading\">Folicerin reviews &#8211; Que disent les utilisateurs dans les forums ?<\/h2>\n\n\n<p>Les <b>avis sur la folic\u00e9rine<\/b> sont tr\u00e8s positifs, les <b>exp\u00e9riences des utilisateurs<\/b> confirmant l&rsquo;efficacit\u00e9 de ce compl\u00e9ment dans la lutte contre la chute des cheveux. De nombreux commentaires enthousiastes sur les forums en ligne soulignent ses effets. En voici quelques-uns :<\/p>\n\n\n\n<blockquote class=\"wp-block-quote is-layout-flow wp-block-quote-is-layout-flow\"><p><em>Kasia :<\/em> \u00ab\u00a0Folicerin est une v\u00e9ritable d\u00e9couverte pour moi ! Je lutte contre la calvitie depuis des ann\u00e9es. Gr\u00e2ce \u00e0 une utilisation r\u00e9guli\u00e8re, mes cheveux sont devenus plus forts et plus \u00e9pais et le probl\u00e8me de la perte de cheveux a m\u00eame disparu. Je me sens maintenant plus confiante et plus attirante !<\/p>\n<\/blockquote>\n\n\n\n<blockquote class=\"wp-block-quote is-layout-flow wp-block-quote-is-layout-flow\"><p><em>Tom :<\/em> \u00ab\u00a0J&rsquo;ai d\u00e9cid\u00e9 d&rsquo;essayer Folicerin apr\u00e8s avoir lu de nombreux commentaires positifs sur le <b>forum<\/b>. Je suis ravi des r\u00e9sultats. Mes cheveux poussent plus vite et ont l&rsquo;air plus sains. De plus, mes complexes de perte de cheveux ont disparu !\u00a0\u00bb<\/p>\n<\/blockquote>\n\n\n\n<blockquote class=\"wp-block-quote is-layout-flow wp-block-quote-is-layout-flow\"><p><em>Ania :<\/em> \u00ab\u00a0J&rsquo;ai pris un risque et j&rsquo;ai achet\u00e9 Folicerin. Apr\u00e8s quelques semaines, je constate une am\u00e9lioration significative &#8211; mes cheveux ont non seulement cess\u00e9 de tomber, mais ils ont \u00e9galement commenc\u00e9 \u00e0 para\u00eetre plus \u00e9pais. Je suis tr\u00e8s contente d&rsquo;avoir d\u00e9cid\u00e9 de prendre ce compl\u00e9ment !\u00a0\u00bb<\/p>\n<\/blockquote>\n\n\n<p>De nombreuses personnes r\u00eavent d&rsquo;avoir des cheveux sains et \u00e9pais, ce qui rend les <b>commentaires sur Folicerin<\/b> extr\u00eamement pr\u00e9cieux. Les utilisateurs partagent souvent leurs <em>exp\u00e9riences<\/em> sur les forums, ce qui peut aider les nouveaux clients \u00e0 prendre une d\u00e9cision \u00e9clair\u00e9e.<\/p>\n\n\n<h2 class=\"wp-block-heading\">Composition de la folic\u00e9rine &#8211; Que contient-elle ?<\/h2>\n\n\n<p>Folicerin est un <b>compl\u00e9ment alimentaire<\/b> dont la <em>composition<\/em> est bas\u00e9e sur des <em>ingr\u00e9dients naturels<\/em>. Sa formule contient des \u00e9l\u00e9ments soigneusement s\u00e9lectionn\u00e9s qui favorisent la sant\u00e9 et la croissance des cheveux. Les ingr\u00e9dients cl\u00e9s du produit sont :<\/p>\n\n\n\n<ul class=\"wp-block-list\">\n<li>Biotine &#8211; favorise la sant\u00e9 des cheveux en am\u00e9liorant leur \u00e9tat.<\/li>\n\n\n\n<li>Zinc &#8211; renforce la structure des cheveux et contribue \u00e0 leur r\u00e9g\u00e9n\u00e9ration.<\/li>\n\n\n\n<li>Extrait d&rsquo;ortie &#8211; stimule la repousse des cheveux et poss\u00e8de des propri\u00e9t\u00e9s nourrissantes.<\/li>\n\n\n\n<li>Les acides amin\u00e9s &#8211; jouent un r\u00f4le important dans la construction de la k\u00e9ratine, qui est la cl\u00e9 de leur aspect sain.<\/li>\n<\/ul>\n\n\n<p>Les vitamines B, pr\u00e9sentes dans la formulation, influencent la production de k\u00e9ratine. <em>Les propri\u00e9t\u00e9s des ingr\u00e9dients<\/em> font de Folicerin un produit s\u00fbr pour un usage quotidien, adapt\u00e9 \u00e0 tous les types de cheveux.<\/p>\n\n\n<p>La qualit\u00e9 de Folicerin est due \u00e0 la technologie utilis\u00e9e, qui encapsule les principes actifs dans des mol\u00e9cules de biopolym\u00e8res, ce qui augmente leur efficacit\u00e9. Les clients constatent des r\u00e9sultats apr\u00e8s seulement quelques semaines d&rsquo;utilisation, ce qui souligne l&rsquo;efficacit\u00e9 de ce compl\u00e9ment. Une utilisation r\u00e9guli\u00e8re permet de b\u00e9n\u00e9ficier d&rsquo;une am\u00e9lioration de la densit\u00e9 et de la structure des cheveux.<\/p>\n\n\n<h2 class=\"wp-block-heading\">O\u00f9 acheter Folicerin &#8211; prix<\/h2>\n\n\n<p>La folic\u00e9rine <em>n&rsquo;<\/em>est disponible <em>que sur le site officiel du fabricant<\/em>. Les utilisateurs ne la trouveront pas dans les pharmacies stationnaires ou dans les magasins de compl\u00e9ments alimentaires. La recommandation d&rsquo;acheter directement aupr\u00e8s du <em>fabricant officiel<\/em> garantit l&rsquo;authenticit\u00e9 et le respect des normes de qualit\u00e9.<\/p>\n\n\n<p><b>Le prix de<\/b> Folicerin peut varier en fonction des promotions en cours et des forfaits propos\u00e9s par le fabricant. Une visite r\u00e9guli\u00e8re de la page nature du fabricant permet de b\u00e9n\u00e9ficier des meilleures offres. Il convient de noter que <b>le prix<\/b> revendique \u00e9galement des remises pour les achats en gros ou les promotions suppl\u00e9mentaires, ce qui rend Folicerin plus accessible aux clients.<\/p>\n\n\n<p>L&rsquo;achat de Folicerin directement sur le site du fabricant garantit non seulement la <b>s\u00e9curit\u00e9 de la<\/b> transaction, mais aussi l&rsquo;acc\u00e8s \u00e0 des informations pr\u00e9cieuses et \u00e0 des offres actualis\u00e9es. Il est tr\u00e8s important de ne pas chercher Folicerin sur les plateformes de commerce \u00e9lectronique, car on ne peut y \u00eatre s\u00fbr de la qualit\u00e9 du produit.<\/p>\n\n\n<h2 class=\"wp-block-heading\">Folicerin &#8211; Effets secondaires et contre-indications &#8211; S\u00e9curit\u00e9 d&#8217;emploi<\/h2>\n\n\n<p>Comme tout <b>compl\u00e9ment alimentaire<\/b>, la folic\u00e9rine peut provoquer des effets secondaires, bien que ceux-ci soient g\u00e9n\u00e9ralement l\u00e9gers. Les plaintes les plus fr\u00e9quentes sont les probl\u00e8mes gastro-intestinaux et les r\u00e9actions allergiques. Les personnes pr\u00e9dispos\u00e9es aux allergies ou sensibles \u00e0 certains ingr\u00e9dients doivent \u00eatre particuli\u00e8rement attentives \u00e0 la r\u00e9action de leur organisme apr\u00e8s avoir commenc\u00e9 la suppl\u00e9mentation.<\/p>\n\n\n<p>En termes de contre-indications, la Folic\u00e9rine est sans danger pour la plupart des utilisateurs ; cependant, les personnes ayant des probl\u00e8mes de sant\u00e9 existants ou prenant d&rsquo;autres m\u00e9dicaments devraient consulter un m\u00e9decin. Il est recommand\u00e9 de consulter un sp\u00e9cialiste avant de commencer \u00e0 prendre un suppl\u00e9ment, y compris la Folic\u00e9rine, afin de s&rsquo;assurer de la <b>s\u00e9curit\u00e9<\/b> et de l&rsquo;efficacit\u00e9 de la suppl\u00e9mentation.<\/p>\n\n\n<p>En r\u00e8gle g\u00e9n\u00e9rale, ce produit est consid\u00e9r\u00e9 comme s\u00fbr et efficace pour les personnes en bonne sant\u00e9 qui ne pr\u00e9sentent aucune contre-indication \u00e0 l&rsquo;utilisation de la folic\u00e9rine. Cependant, il est toujours utile d&rsquo;\u00eatre conscient des effets secondaires potentiels et de consulter votre m\u00e9decin si vous avez des inqui\u00e9tudes. Le choix responsable des suppl\u00e9ments et la connaissance de leurs effets contribuent \u00e0 la pr\u00e9servation de la sant\u00e9 et \u00e0 l&rsquo;efficacit\u00e9 des rem\u00e8des utilis\u00e9s.<\/p>\n\n\n\n<p><\/p>\n","protected":false},"excerpt":{"rendered":"<p><strong>[date_countdown]<\/strong><\/p>\n<p><img decoding=\"async\" class=\"alignnone  wp-image-8427\" src=\"https:\/\/chirurgie-orthopedie-vannes.fr\/pharmacie\/wp-content\/uploads\/2024\/10\/SAFE-PAY-300x88-1.png\" alt=\"SAFE-PAY-300x88\" width=\"164\" height=\"48\" \/><\/p>\n","protected":false},"featured_media":4371,"comment_status":"open","ping_status":"closed","template":"","meta":{"neve_meta_sidebar":"","neve_meta_container":"","neve_meta_enable_content_width":"","neve_meta_content_width":0,"neve_meta_title_alignment":"","neve_meta_author_avatar":"","neve_post_elements_order":"","neve_meta_disable_header":"","neve_meta_disable_footer":"","neve_meta_disable_title":"","neve_meta_reading_time":""},"product_brand":[],"product_cat":[17],"product_tag":[],"class_list":{"0":"post-4550","1":"product","2":"type-product","3":"status-publish","4":"has-post-thumbnail","6":"product_cat-beaute","8":"first","9":"instock","10":"sale","11":"shipping-taxable","12":"product-type-external"},"yoast_head":"<!-- This site is optimized with the Yoast SEO plugin v27.4 - https:\/\/yoast.com\/product\/yoast-seo-wordpress\/ -->\n<title>Folicerin - Avis, Forum, Pharmacie, Prix, Effets | -50%<\/title>\n<meta name=\"robots\" content=\"index, follow, max-snippet:-1, max-image-preview:large, max-video-preview:-1\" \/>\n<link rel=\"canonical\" href=\"https:\/\/chirurgie-orthopedie-vannes.fr\/pharmacie\/supp\/folicerin\/\" \/>\n<meta property=\"og:locale\" content=\"fr_FR\" \/>\n<meta property=\"og:type\" content=\"article\" \/>\n<meta property=\"og:title\" content=\"Folicerin - Avis, Forum, Pharmacie, Prix, Effets | -50%\" \/>\n<meta property=\"og:url\" content=\"https:\/\/chirurgie-orthopedie-vannes.fr\/pharmacie\/supp\/folicerin\/\" \/>\n<meta property=\"og:site_name\" content=\"Chirurgie-Orthopedie-Vannes\" \/>\n<meta property=\"article:modified_time\" content=\"2025-01-14T13:29:22+00:00\" \/>\n<meta property=\"og:image\" content=\"https:\/\/chirurgie-orthopedie-vannes.fr\/pharmacie\/wp-content\/uploads\/2024\/10\/Folicerin.jpg\" \/>\n\t<meta property=\"og:image:width\" content=\"768\" \/>\n\t<meta property=\"og:image:height\" content=\"768\" \/>\n\t<meta property=\"og:image:type\" content=\"image\/jpeg\" \/>\n<meta name=\"twitter:card\" content=\"summary_large_image\" \/>\n<meta name=\"twitter:description\" content=\"[date_countdown]\" \/>\n<meta name=\"twitter:label1\" content=\"Dur\u00e9e de lecture estim\u00e9e\" \/>\n\t<meta name=\"twitter:data1\" content=\"7 minutes\" \/>\n<script type=\"application\/ld+json\" class=\"yoast-schema-graph\">{\"@context\":\"https:\\\/\\\/schema.org\",\"@graph\":[{\"@type\":\"WebPage\",\"@id\":\"https:\\\/\\\/chirurgie-orthopedie-vannes.fr\\\/pharmacie\\\/supp\\\/folicerin\\\/\",\"url\":\"https:\\\/\\\/chirurgie-orthopedie-vannes.fr\\\/pharmacie\\\/supp\\\/folicerin\\\/\",\"name\":\"Folicerin - Avis, Forum, Pharmacie, Prix, Effets | -50%\",\"isPartOf\":{\"@id\":\"https:\\\/\\\/chirurgie-orthopedie-vannes.fr\\\/pharmacie\\\/#website\"},\"primaryImageOfPage\":{\"@id\":\"https:\\\/\\\/chirurgie-orthopedie-vannes.fr\\\/pharmacie\\\/supp\\\/folicerin\\\/#primaryimage\"},\"image\":{\"@id\":\"https:\\\/\\\/chirurgie-orthopedie-vannes.fr\\\/pharmacie\\\/supp\\\/folicerin\\\/#primaryimage\"},\"thumbnailUrl\":\"https:\\\/\\\/chirurgie-orthopedie-vannes.fr\\\/pharmacie\\\/wp-content\\\/uploads\\\/2024\\\/10\\\/Folicerin.jpg\",\"datePublished\":\"2024-10-18T19:46:26+00:00\",\"dateModified\":\"2025-01-14T13:29:22+00:00\",\"breadcrumb\":{\"@id\":\"https:\\\/\\\/chirurgie-orthopedie-vannes.fr\\\/pharmacie\\\/supp\\\/folicerin\\\/#breadcrumb\"},\"inLanguage\":\"fr-FR\",\"potentialAction\":[{\"@type\":\"ReadAction\",\"target\":[\"https:\\\/\\\/chirurgie-orthopedie-vannes.fr\\\/pharmacie\\\/supp\\\/folicerin\\\/\"]}]},{\"@type\":\"ImageObject\",\"inLanguage\":\"fr-FR\",\"@id\":\"https:\\\/\\\/chirurgie-orthopedie-vannes.fr\\\/pharmacie\\\/supp\\\/folicerin\\\/#primaryimage\",\"url\":\"https:\\\/\\\/chirurgie-orthopedie-vannes.fr\\\/pharmacie\\\/wp-content\\\/uploads\\\/2024\\\/10\\\/Folicerin.jpg\",\"contentUrl\":\"https:\\\/\\\/chirurgie-orthopedie-vannes.fr\\\/pharmacie\\\/wp-content\\\/uploads\\\/2024\\\/10\\\/Folicerin.jpg\",\"width\":768,\"height\":768},{\"@type\":\"BreadcrumbList\",\"@id\":\"https:\\\/\\\/chirurgie-orthopedie-vannes.fr\\\/pharmacie\\\/supp\\\/folicerin\\\/#breadcrumb\",\"itemListElement\":[{\"@type\":\"ListItem\",\"position\":1,\"name\":\"Strona g\u0142\u00f3wna\",\"item\":\"https:\\\/\\\/chirurgie-orthopedie-vannes.fr\\\/pharmacie\\\/\"},{\"@type\":\"ListItem\",\"position\":2,\"name\":\"farmaci\",\"item\":\"https:\\\/\\\/chirurgie-orthopedie-vannes.fr\\\/pharmacie\\\/\"},{\"@type\":\"ListItem\",\"position\":3,\"name\":\"Folicerin\"}]},{\"@type\":\"WebSite\",\"@id\":\"https:\\\/\\\/chirurgie-orthopedie-vannes.fr\\\/pharmacie\\\/#website\",\"url\":\"https:\\\/\\\/chirurgie-orthopedie-vannes.fr\\\/pharmacie\\\/\",\"name\":\"Chirurgie-Orthopedie-Vannes\",\"description\":\"\",\"potentialAction\":[{\"@type\":\"SearchAction\",\"target\":{\"@type\":\"EntryPoint\",\"urlTemplate\":\"https:\\\/\\\/chirurgie-orthopedie-vannes.fr\\\/pharmacie\\\/?s={search_term_string}\"},\"query-input\":{\"@type\":\"PropertyValueSpecification\",\"valueRequired\":true,\"valueName\":\"search_term_string\"}}],\"inLanguage\":\"fr-FR\"}]}<\/script>\n<!-- \/ Yoast SEO plugin. -->","yoast_head_json":{"title":"Folicerin - Avis, Forum, Pharmacie, Prix, Effets | -50%","robots":{"index":"index","follow":"follow","max-snippet":"max-snippet:-1","max-image-preview":"max-image-preview:large","max-video-preview":"max-video-preview:-1"},"canonical":"https:\/\/chirurgie-orthopedie-vannes.fr\/pharmacie\/supp\/folicerin\/","og_locale":"fr_FR","og_type":"article","og_title":"Folicerin - Avis, Forum, Pharmacie, Prix, Effets | -50%","og_url":"https:\/\/chirurgie-orthopedie-vannes.fr\/pharmacie\/supp\/folicerin\/","og_site_name":"Chirurgie-Orthopedie-Vannes","article_modified_time":"2025-01-14T13:29:22+00:00","og_image":[{"width":768,"height":768,"url":"https:\/\/chirurgie-orthopedie-vannes.fr\/pharmacie\/wp-content\/uploads\/2024\/10\/Folicerin.jpg","type":"image\/jpeg"}],"twitter_card":"summary_large_image","twitter_description":"[date_countdown]","twitter_misc":{"Dur\u00e9e de lecture estim\u00e9e":"7 minutes"},"schema":{"@context":"https:\/\/schema.org","@graph":[{"@type":"WebPage","@id":"https:\/\/chirurgie-orthopedie-vannes.fr\/pharmacie\/supp\/folicerin\/","url":"https:\/\/chirurgie-orthopedie-vannes.fr\/pharmacie\/supp\/folicerin\/","name":"Folicerin - Avis, Forum, Pharmacie, Prix, Effets | -50%","isPartOf":{"@id":"https:\/\/chirurgie-orthopedie-vannes.fr\/pharmacie\/#website"},"primaryImageOfPage":{"@id":"https:\/\/chirurgie-orthopedie-vannes.fr\/pharmacie\/supp\/folicerin\/#primaryimage"},"image":{"@id":"https:\/\/chirurgie-orthopedie-vannes.fr\/pharmacie\/supp\/folicerin\/#primaryimage"},"thumbnailUrl":"https:\/\/chirurgie-orthopedie-vannes.fr\/pharmacie\/wp-content\/uploads\/2024\/10\/Folicerin.jpg","datePublished":"2024-10-18T19:46:26+00:00","dateModified":"2025-01-14T13:29:22+00:00","breadcrumb":{"@id":"https:\/\/chirurgie-orthopedie-vannes.fr\/pharmacie\/supp\/folicerin\/#breadcrumb"},"inLanguage":"fr-FR","potentialAction":[{"@type":"ReadAction","target":["https:\/\/chirurgie-orthopedie-vannes.fr\/pharmacie\/supp\/folicerin\/"]}]},{"@type":"ImageObject","inLanguage":"fr-FR","@id":"https:\/\/chirurgie-orthopedie-vannes.fr\/pharmacie\/supp\/folicerin\/#primaryimage","url":"https:\/\/chirurgie-orthopedie-vannes.fr\/pharmacie\/wp-content\/uploads\/2024\/10\/Folicerin.jpg","contentUrl":"https:\/\/chirurgie-orthopedie-vannes.fr\/pharmacie\/wp-content\/uploads\/2024\/10\/Folicerin.jpg","width":768,"height":768},{"@type":"BreadcrumbList","@id":"https:\/\/chirurgie-orthopedie-vannes.fr\/pharmacie\/supp\/folicerin\/#breadcrumb","itemListElement":[{"@type":"ListItem","position":1,"name":"Strona g\u0142\u00f3wna","item":"https:\/\/chirurgie-orthopedie-vannes.fr\/pharmacie\/"},{"@type":"ListItem","position":2,"name":"farmaci","item":"https:\/\/chirurgie-orthopedie-vannes.fr\/pharmacie\/"},{"@type":"ListItem","position":3,"name":"Folicerin"}]},{"@type":"WebSite","@id":"https:\/\/chirurgie-orthopedie-vannes.fr\/pharmacie\/#website","url":"https:\/\/chirurgie-orthopedie-vannes.fr\/pharmacie\/","name":"Chirurgie-Orthopedie-Vannes","description":"","potentialAction":[{"@type":"SearchAction","target":{"@type":"EntryPoint","urlTemplate":"https:\/\/chirurgie-orthopedie-vannes.fr\/pharmacie\/?s={search_term_string}"},"query-input":{"@type":"PropertyValueSpecification","valueRequired":true,"valueName":"search_term_string"}}],"inLanguage":"fr-FR"}]}},"_links":{"self":[{"href":"https:\/\/chirurgie-orthopedie-vannes.fr\/pharmacie\/wp-json\/wp\/v2\/product\/4550","targetHints":{"allow":["GET"]}}],"collection":[{"href":"https:\/\/chirurgie-orthopedie-vannes.fr\/pharmacie\/wp-json\/wp\/v2\/product"}],"about":[{"href":"https:\/\/chirurgie-orthopedie-vannes.fr\/pharmacie\/wp-json\/wp\/v2\/types\/product"}],"replies":[{"embeddable":true,"href":"https:\/\/chirurgie-orthopedie-vannes.fr\/pharmacie\/wp-json\/wp\/v2\/comments?post=4550"}],"wp:featuredmedia":[{"embeddable":true,"href":"https:\/\/chirurgie-orthopedie-vannes.fr\/pharmacie\/wp-json\/wp\/v2\/media\/4371"}],"wp:attachment":[{"href":"https:\/\/chirurgie-orthopedie-vannes.fr\/pharmacie\/wp-json\/wp\/v2\/media?parent=4550"}],"wp:term":[{"taxonomy":"product_brand","embeddable":true,"href":"https:\/\/chirurgie-orthopedie-vannes.fr\/pharmacie\/wp-json\/wp\/v2\/product_brand?post=4550"},{"taxonomy":"product_cat","embeddable":true,"href":"https:\/\/chirurgie-orthopedie-vannes.fr\/pharmacie\/wp-json\/wp\/v2\/product_cat?post=4550"},{"taxonomy":"product_tag","embeddable":true,"href":"https:\/\/chirurgie-orthopedie-vannes.fr\/pharmacie\/wp-json\/wp\/v2\/product_tag?post=4550"}],"curies":[{"name":"wp","href":"https:\/\/api.w.org\/{rel}","templated":true}]}}