{"id":4553,"date":"2024-10-18T19:46:26","date_gmt":"2024-10-18T19:46:26","guid":{"rendered":"https:\/\/chirurgie-orthopedie-vannes.fr\/pharmacie\/?post_type=product&#038;p=4553"},"modified":"2025-01-14T13:29:22","modified_gmt":"2025-01-14T13:29:22","slug":"folisin","status":"publish","type":"product","link":"https:\/\/chirurgie-orthopedie-vannes.fr\/pharmacie\/supp\/folisin\/","title":{"rendered":"Folisin"},"content":{"rendered":"\n<h2 class=\"wp-block-heading\">Qu&rsquo;est-ce que Folisin et comment fonctionne-t-il ?<\/h2>\n\n\n\n<p>Folisin est un <b>compl\u00e9ment alimentaire<\/b> innovant qui favorise la <b>croissance des cheveux<\/b> et freine leur chute. L&rsquo;<b>action de<\/b> Folisin repose sur l&rsquo;action synergique d&rsquo;ingr\u00e9dients naturels qui soutiennent la sant\u00e9 des cheveux \u00e0 plusieurs niveaux. Les \u00e9l\u00e9ments cl\u00e9s comprennent des <b>ingr\u00e9dients<\/b> tels que l&rsquo;<em>extrait de palmier sabal<\/em>, qui contribue \u00e0 renforcer la structure du cheveu et \u00e0 am\u00e9liorer son \u00e9tat.<\/p>\n\n\n\n<p>L&rsquo;un des \u00e9l\u00e9ments importants du compl\u00e9ment Folisin est la <em>capsa\u00efcine<\/em>, qui stimule la croissance des cheveux et contribue \u00e9galement \u00e0 maintenir un taux de testost\u00e9rone ad\u00e9quat. Pour les hommes, il s&rsquo;agit d&rsquo;un aspect tr\u00e8s important qui affecte la sant\u00e9 et la densit\u00e9 des cheveux. En outre, des <b>ingr\u00e9dients<\/b> tels que le <em>zinc<\/em> et le <em>cuivre<\/em> sont essentiels pour une bonne pigmentation des cheveux et une apparence saine.<\/p>\n\n\n\n<p>Folisin est un <b>compl\u00e9ment alimentaire<\/b> qui peut s&rsquo;av\u00e9rer particuli\u00e8rement efficace pour les cheveux affaiblis ou les zones o\u00f9 les cheveux sont clairsem\u00e9s. L&rsquo;<b>utilisation<\/b> r\u00e9guli\u00e8re <b>de<\/b> Folisin peut avoir des effets b\u00e9n\u00e9fiques sur la croissance des cheveux et la sant\u00e9 g\u00e9n\u00e9rale du cuir chevelu.<\/p>\n\n\n\n<p>En utilisant Folisin, les utilisateurs peuvent s&rsquo;attendre \u00e0 <b>soutenir<\/b> efficacement <b>la croissance des cheveux<\/b> et \u00e0 am\u00e9liorer l&rsquo;\u00e9tat g\u00e9n\u00e9ral des <b>cheveux<\/b>, ce qui en fait un compl\u00e9ment pr\u00e9cieux au r\u00e9gime alimentaire quotidien.<\/p>\n\n\n\n<h2 class=\"wp-block-heading\">Folisin &#8211; effets de l&rsquo;utilisation<\/h2>\n\n\n\n<p>Les utilisateurs de Folisin remarquent souvent des <b>effets<\/b> significatifs <b>du<\/b> compl\u00e9ment, qui contribuent \u00e0 l&rsquo;am\u00e9lioration de la qualit\u00e9 de leurs cheveux. Voici les principaux r\u00e9sultats que l&rsquo;on peut observer apr\u00e8s une prise r\u00e9guli\u00e8re de ce produit :<\/p>\n\n\n\n<ol class=\"wp-block-list\">\n<li><strong>Inhibition de la chute des cheveux<\/strong> &#8211; Folisin r\u00e9duit efficacement la <b>chute<\/b> excessive <b>des cheveux<\/b>, ce qui permet d&rsquo;obtenir une plus grande densit\u00e9 <b>capillaire<\/b>.<\/li>\n\n\n\n<li><strong>Croissance de nouveaux<\/strong> cheveux &#8211; <b>Une utilisation<\/b> r\u00e9guli\u00e8re favorise la repousse de nouveaux cheveux dans les zones pr\u00e9c\u00e9demment touch\u00e9es par l&rsquo;amincissement, ce qui permet d&rsquo;obtenir une <b>chevelure saine<\/b>.<\/li>\n\n\n\n<li><strong>Am\u00e9lioration de l&rsquo;\u00e9tat du<\/strong> cuir chevelu &#8211; Les ingr\u00e9dients de Folisin am\u00e9liorent l&rsquo;\u00e9tat du cuir chevelu, ce qui favorise une meilleure croissance des cheveux.<\/li>\n\n\n\n<li><strong>Maintien d&rsquo;un taux de testost\u00e9rone optimal<\/strong> &#8211; L&rsquo;\u00e9quilibre hormonal contribue \u00e0 une fonction capillaire saine.<\/li>\n\n\n\n<li><strong>Am\u00e9lioration de la pigmentation<\/strong> des cheveux &#8211; Le soutien de la pigmentation naturelle des cheveux permet de lutter contre le grisonnement pr\u00e9coce.<\/li>\n<\/ol>\n\n\n\n<p>Tous ces <em>effets de<\/em> Folisin rendent ce compl\u00e9ment populaire aupr\u00e8s des hommes qui luttent contre la perte de cheveux. Apr\u00e8s quelques mois d&rsquo;utilisation, vous pouvez vous attendre \u00e0 voir des cheveux plus \u00e9pais et plus sains, ce qui contribue \u00e0 restaurer la confiance en soi et a un impact significatif sur l&rsquo;esth\u00e9tique quotidienne de votre apparence.<\/p>\n\n\n\n<p>L&rsquo;efficacit\u00e9 de Folisin est confirm\u00e9e par les <b>commentaires<\/b> positifs <b>des<\/b> utilisateurs, qui constatent une am\u00e9lioration visible d\u00e8s les premi\u00e8res semaines d&rsquo;utilisation, ainsi que des changements significatifs apr\u00e8s quelques mois. Le suppl\u00e9ment soutient efficacement la lutte contre la chute des cheveux, en favorisant une croissance et une condition saines des cheveux.<\/p>\n\n\n\n<h2 class=\"wp-block-heading\">Comment utiliser Folisin ? &#8211; Dosage et recommandations<\/h2>\n\n\n\n<p>Pour que le compl\u00e9ment Folisin produise des r\u00e9sultats optimaux, il est essentiel de respecter la posologie recommand\u00e9e. Le fabricant recommande de prendre <em>2 g\u00e9lules par jour<\/em>, de pr\u00e9f\u00e9rence environ 30 minutes avant un repas, avec de l&rsquo;eau. La r\u00e9gularit\u00e9 de l&rsquo;utilisation est essentielle : une <b>utilisation<\/b> \u00e0 long terme augmente les chances d&rsquo;obtenir des r\u00e9sultats optimaux.<\/p>\n\n\n\n<p>Il est \u00e9galement conseill\u00e9 de consulter votre m\u00e9decin avant de commencer la suppl\u00e9mentation, surtout si vous avez des probl\u00e8mes de sant\u00e9 ou si vous prenez d&rsquo;autres m\u00e9dicaments. Folisin ne doit pas \u00eatre consid\u00e9r\u00e9 comme un substitut \u00e0 un r\u00e9gime alimentaire vari\u00e9. Par cons\u00e9quent, pour soutenir les processus de croissance des cheveux, il est important d&rsquo;adopter un mode de vie sain et un <em>dosage<\/em> appropri\u00e9.<\/p>\n\n\n\n<figure class=\"wp-block-table\"><table class=\"has-fixed-layout\"><tbody><tr><th>Recommandations pour l&rsquo;utilisation de Folisin<\/th><th>D\u00e9tails<\/th><\/tr><tr><td><b>Dosage<\/b><\/td><td>2 g\u00e9lules par jour<\/td><\/tr><tr><td>Moment de l&rsquo;application<\/td><td>30 minutes avant le repas<\/td><\/tr><tr><td>Boire<\/td><td>De l&rsquo;eau<\/td><\/tr><tr><td>Consultation d&rsquo;un m\u00e9decin<\/td><td>Oui, avant de commencer la suppl\u00e9mentation<\/td><\/tr><tr><td>Mode de vie<\/td><td>Alimentation saine, exercice physique r\u00e9gulier<\/td><\/tr><\/tbody><\/table><\/figure>\n\n\n\n<p>Ces<b>recommandations<\/b> sont destin\u00e9es \u00e0 garantir l&rsquo;efficacit\u00e9 du compl\u00e9ment et \u00e0 minimiser les \u00e9ventuels d\u00e9sagr\u00e9ments. En respectant le mode d&#8217;emploi et la <em>posologie<\/em>, vous pouvez compter sur les effets positifs de Folisin dans la lutte contre la chute des cheveux.<\/p>\n\n\n\n<h2 class=\"wp-block-heading\">Folisin &#8211; Avis et critiques &#8211; Que disent les utilisateurs ?<\/h2>\n\n\n\n<p>Les<b>avis sur<\/b> Folisin sont majoritairement positifs, ce qui t\u00e9moigne de son efficacit\u00e9 dans la lutte contre la chute des cheveux. Dans diff\u00e9rents forums, les utilisateurs partagent leurs exp\u00e9riences, qui montrent clairement leur satisfaction quant \u00e0 l&rsquo;utilisation de ce compl\u00e9ment.<\/p>\n\n\n\n<blockquote class=\"wp-block-quote is-layout-flow wp-block-quote-is-layout-flow\">\n<p><em>Ania<\/em>: \u00ab\u00a0En choisissant Folisin, j&rsquo;esp\u00e9rais une am\u00e9lioration de la visibilit\u00e9 de mes cheveux, qui s&rsquo;affinaient de jour en jour. Apr\u00e8s un mois d&rsquo;utilisation, j&rsquo;ai remarqu\u00e9 une diff\u00e9rence significative &#8211; de nouveaux cheveux ont commenc\u00e9 \u00e0 pousser dans les zones qui \u00e9taient auparavant clairsem\u00e9es. Je me sens plus confiant et mes cheveux sont plus sains que jamais<\/p>\n<\/blockquote>\n\n\n\n<blockquote class=\"wp-block-quote is-layout-flow wp-block-quote-is-layout-flow\">\n<p><em>Mark<\/em>: \u00ab\u00a0Je suis confront\u00e9 \u00e0 la perte de cheveux depuis longtemps. J&rsquo;ai essay\u00e9 plusieurs produits, mais aucun n&rsquo;a eu d&rsquo;effet. Folisin s&rsquo;est av\u00e9r\u00e9 \u00eatre un succ\u00e8s. Apr\u00e8s seulement quelques semaines, mes cheveux ont retrouv\u00e9 tout leur volume et leur aspect s&rsquo;est consid\u00e9rablement am\u00e9lior\u00e9. Je peux le recommander \u00e0 tout le monde en toute bonne conscience !<\/p>\n<\/blockquote>\n\n\n\n<blockquote class=\"wp-block-quote is-layout-flow wp-block-quote-is-layout-flow\">\n<p><em>Christopher<\/em>: \u00ab\u00a0Folisin \u00e9tait mon dernier recours apr\u00e8s de nombreuses tentatives infructueuses avec d&rsquo;autres compl\u00e9ments. Je suis ravi des r\u00e9sultats &#8211; mes cheveux sont devenus plus \u00e9pais et leur \u00e9tat s&rsquo;est consid\u00e9rablement am\u00e9lior\u00e9. C&rsquo;est un excellent produit qui fonctionne !<\/p>\n<\/blockquote>\n\n\n\n<p>Ces <b>exp\u00e9riences d&rsquo;utilisateurs<\/b> montrent comment Folisin peut am\u00e9liorer l&rsquo;\u00e9tat des cheveux tout en renfor\u00e7ant l&rsquo;estime de soi des hommes. Les <b>commentaires<\/b> positifs encouragent d&rsquo;autres personnes \u00e0 essayer ce compl\u00e9ment alimentaire innovant.<\/p>\n\n\n\n<h2 class=\"wp-block-heading\">Folisin &#8211; Composition &#8211; Que contient-il ?<\/h2>\n\n\n\n<p>Folisin est un compl\u00e9ment qui contient une <em>composition<\/em> unique <em>d&rsquo;<\/em> <em>ingr\u00e9dients<\/em> actifs destin\u00e9s \u00e0 soutenir la lutte contre la chute des cheveux et \u00e0 am\u00e9liorer l&rsquo;\u00e9tat des cheveux. Les substances soigneusement s\u00e9lectionn\u00e9es agissent <em>gr\u00e2ce \u00e0<\/em> leurs propri\u00e9t\u00e9s fortifiantes et r\u00e9g\u00e9n\u00e9rantes. Voici les ingr\u00e9dients cl\u00e9s de Folisin :<\/p>\n\n\n\n<ul class=\"wp-block-list\">\n<li>L&rsquo;<strong>extrait de palmier sabal<\/strong> &#8211; favorise la croissance des cheveux et contient 25 % d&rsquo;acides gras, ce qui explique son efficacit\u00e9.<\/li>\n\n\n\n<li><strong>La capsa\u00efcine<\/strong>, issue du fruit du poivre annuel, contribue \u00e0 la bonne croissance des cheveux et constitue un antioxydant naturel.<\/li>\n\n\n\n<li><strong>Zinc<\/strong> &#8211; influence activement la sant\u00e9 et la pigmentation des cheveux en apportant des min\u00e9raux essentiels.<\/li>\n\n\n\n<li><strong>Cuivre<\/strong> &#8211; favorise la couleur naturelle des cheveux et leur \u00e9tat g\u00e9n\u00e9ral.<\/li>\n\n\n\n<li><strong>Extrait de graines de citrouille<\/strong> &#8211; contient 20 % de b\u00eata sitost\u00e9rols, qui bloquent l&rsquo;activit\u00e9 de l&rsquo;enzyme responsable de l&rsquo;affaiblissement des racines des cheveux.<\/li>\n\n\n\n<li><strong>Complexe de vitamines et de min\u00e9raux<\/strong> &#8211; fournit des ingr\u00e9dients essentiels \u00e0 la sant\u00e9 des cheveux, notamment les vitamines A, E et la biotine en grandes quantit\u00e9s.<\/li>\n<\/ul>\n\n\n\n<p>La formule de pointe de Folisin est bas\u00e9e sur des ingr\u00e9dients tels que AnaGain\u2122 Nu et EVNolMax\u2122, dont les \u00e9tudes cliniques ont d\u00e9montr\u00e9 l&rsquo;efficacit\u00e9 pour stimuler la croissance de nouveaux cheveux. Folisin fournit le ratio id\u00e9al d&rsquo;ingr\u00e9dients, qui contribue \u00e0 am\u00e9liorer la structure et l&rsquo;\u00e9tat des cheveux, ainsi qu&rsquo;\u00e0 rehausser leur apparence naturelle. L&rsquo;utilisation r\u00e9guli\u00e8re de ce compl\u00e9ment permet d&rsquo;obtenir des r\u00e9sultats durables dans la lutte contre la chute des cheveux.<\/p>\n\n\n\n<h2 class=\"wp-block-heading\">Prix de Folisin &#8211; O\u00f9 acheter ?<\/h2>\n\n\n\n<p>Folisin est un <b>compl\u00e9ment alimentaire<\/b> qui a gagn\u00e9 en popularit\u00e9 parmi les hommes qui luttent contre la perte de cheveux. Les utilisateurs potentiels cherchent souvent des informations sur le <em>prix<\/em> et l&rsquo;<em>endroit o\u00f9 acheter<\/em> ce produit. Il convient de noter que Folisin ne peut \u00eatre achet\u00e9 que sur le site officiel du fabricant, ce qui garantit l&rsquo;originalit\u00e9 et la possibilit\u00e9 d&rsquo;<em>offres<\/em> diff\u00e9rentes.<\/p>\n\n\n\n<p>Les prix de Folisin peuvent varier en fonction des promotions en cours sur le site. Diff\u00e9rents forfaits sont propos\u00e9s, ce qui vous permet d&rsquo;adapter votre achat \u00e0 vos besoins individuels. Il n&rsquo;est pas possible d&rsquo;effectuer des achats dans les pharmacies stationnaires, ce qui fait des sources en ligne la seule option pour ceux qui s&rsquo;int\u00e9ressent \u00e0 ce produit.<\/p>\n\n\n\n<p>Il est conseill\u00e9 d&rsquo;utiliser le site officiel pour \u00e9viter le risque d&rsquo;acheter des produits contrefaits et pour garantir la meilleure qualit\u00e9 du suppl\u00e9ment. Folisin contient des ingr\u00e9dients uniques tels que l&rsquo;AnaGain Nu pour stimuler la croissance des cheveux, et son utilisation r\u00e9guli\u00e8re peut produire les r\u00e9sultats souhait\u00e9s dans un court laps de temps.<\/p>\n\n\n\n<h2 class=\"wp-block-heading\">Folisin &#8211; Effets secondaires potentiels et contre-indications d&rsquo;utilisation<\/h2>\n\n\n\n<p>En tant que compl\u00e9ment alimentaire bas\u00e9 principalement sur des <strong>ingr\u00e9dients naturels<\/strong>, Folisin minimise le risque d&rsquo;<strong>effets secondaires<\/strong> ind\u00e9sirables. Cependant, il est important de se rappeler que chaque personne est diff\u00e9rente et que la r\u00e9action de l&rsquo;organisme au compl\u00e9ment peut varier. Il est conseill\u00e9 de consulter votre m\u00e9decin avant de prendre Folisin, en particulier si vous souffrez d&rsquo;une maladie existante ou si vous prenez d&rsquo;autres m\u00e9dicaments.<\/p>\n\n\n\n<p>Il convient \u00e9galement de noter <strong>les contre-indications d<\/strong> &lsquo;utilisation, qui peuvent inclure des allergies \u00e0 l&rsquo;un des composants de la pr\u00e9paration. Le non-respect de la posologie recommand\u00e9e, \u00e0 savoir 2 g\u00e9lules par jour, peut entra\u00eener des effets ind\u00e9sirables. Ce compl\u00e9ment ne se substitue pas \u00e0 un r\u00e9gime alimentaire \u00e9quilibr\u00e9 ou \u00e0 un mode de vie sain, et son efficacit\u00e9 peut \u00eatre r\u00e9duite si l&rsquo;utilisation n&rsquo;est pas respect\u00e9e.<\/p>\n\n\n\n<p>En conclusion, Folisin est un <strong>compl\u00e9ment alimentaire<\/strong> s\u00fbr pour lutter contre la chute des cheveux. Cependant, comme pour tout produit, la prudence et la consultation d&rsquo;un sp\u00e9cialiste sont essentielles dans le processus de suppl\u00e9mentation.<\/p>\n","protected":false},"excerpt":{"rendered":"<p><strong>[date_countdown]<\/strong><\/p>\n<p><img decoding=\"async\" class=\"alignnone  wp-image-8427\" src=\"https:\/\/chirurgie-orthopedie-vannes.fr\/pharmacie\/wp-content\/uploads\/2024\/10\/SAFE-PAY-300x88-1.png\" alt=\"SAFE-PAY-300x88\" width=\"164\" height=\"48\" \/><\/p>\n","protected":false},"featured_media":3994,"comment_status":"open","ping_status":"closed","template":"","meta":{"neve_meta_sidebar":"","neve_meta_container":"","neve_meta_enable_content_width":"","neve_meta_content_width":0,"neve_meta_title_alignment":"","neve_meta_author_avatar":"","neve_post_elements_order":"","neve_meta_disable_header":"","neve_meta_disable_footer":"","neve_meta_disable_title":"","neve_meta_reading_time":""},"product_brand":[],"product_cat":[17],"product_tag":[],"class_list":{"0":"post-4553","1":"product","2":"type-product","3":"status-publish","4":"has-post-thumbnail","6":"product_cat-beaute","8":"first","9":"instock","10":"sale","11":"shipping-taxable","12":"product-type-external"},"yoast_head":"<!-- This site is optimized with the Yoast SEO plugin v27.4 - https:\/\/yoast.com\/product\/yoast-seo-wordpress\/ -->\n<title>Folisin - Avis, Forum, Pharmacie, Prix, Effets | -50%<\/title>\n<meta name=\"robots\" content=\"index, follow, max-snippet:-1, max-image-preview:large, max-video-preview:-1\" \/>\n<link rel=\"canonical\" href=\"https:\/\/chirurgie-orthopedie-vannes.fr\/pharmacie\/supp\/folisin\/\" \/>\n<meta property=\"og:locale\" content=\"fr_FR\" \/>\n<meta property=\"og:type\" content=\"article\" \/>\n<meta property=\"og:title\" content=\"Folisin - Avis, Forum, Pharmacie, Prix, Effets | -50%\" \/>\n<meta property=\"og:url\" content=\"https:\/\/chirurgie-orthopedie-vannes.fr\/pharmacie\/supp\/folisin\/\" \/>\n<meta property=\"og:site_name\" content=\"Chirurgie-Orthopedie-Vannes\" \/>\n<meta property=\"article:modified_time\" content=\"2025-01-14T13:29:22+00:00\" \/>\n<meta property=\"og:image\" content=\"https:\/\/chirurgie-orthopedie-vannes.fr\/pharmacie\/wp-content\/uploads\/2024\/10\/Folisin.jpg\" \/>\n\t<meta property=\"og:image:width\" content=\"768\" \/>\n\t<meta property=\"og:image:height\" content=\"768\" \/>\n\t<meta property=\"og:image:type\" content=\"image\/jpeg\" \/>\n<meta name=\"twitter:card\" content=\"summary_large_image\" \/>\n<meta name=\"twitter:description\" content=\"[date_countdown]\" \/>\n<meta name=\"twitter:label1\" content=\"Dur\u00e9e de lecture estim\u00e9e\" \/>\n\t<meta name=\"twitter:data1\" content=\"1 minute\" \/>\n<script type=\"application\/ld+json\" class=\"yoast-schema-graph\">{\"@context\":\"https:\\\/\\\/schema.org\",\"@graph\":[{\"@type\":\"WebPage\",\"@id\":\"https:\\\/\\\/chirurgie-orthopedie-vannes.fr\\\/pharmacie\\\/supp\\\/folisin\\\/\",\"url\":\"https:\\\/\\\/chirurgie-orthopedie-vannes.fr\\\/pharmacie\\\/supp\\\/folisin\\\/\",\"name\":\"Folisin - Avis, Forum, Pharmacie, Prix, Effets | -50%\",\"isPartOf\":{\"@id\":\"https:\\\/\\\/chirurgie-orthopedie-vannes.fr\\\/pharmacie\\\/#website\"},\"primaryImageOfPage\":{\"@id\":\"https:\\\/\\\/chirurgie-orthopedie-vannes.fr\\\/pharmacie\\\/supp\\\/folisin\\\/#primaryimage\"},\"image\":{\"@id\":\"https:\\\/\\\/chirurgie-orthopedie-vannes.fr\\\/pharmacie\\\/supp\\\/folisin\\\/#primaryimage\"},\"thumbnailUrl\":\"https:\\\/\\\/chirurgie-orthopedie-vannes.fr\\\/pharmacie\\\/wp-content\\\/uploads\\\/2024\\\/10\\\/Folisin.jpg\",\"datePublished\":\"2024-10-18T19:46:26+00:00\",\"dateModified\":\"2025-01-14T13:29:22+00:00\",\"breadcrumb\":{\"@id\":\"https:\\\/\\\/chirurgie-orthopedie-vannes.fr\\\/pharmacie\\\/supp\\\/folisin\\\/#breadcrumb\"},\"inLanguage\":\"fr-FR\",\"potentialAction\":[{\"@type\":\"ReadAction\",\"target\":[\"https:\\\/\\\/chirurgie-orthopedie-vannes.fr\\\/pharmacie\\\/supp\\\/folisin\\\/\"]}]},{\"@type\":\"ImageObject\",\"inLanguage\":\"fr-FR\",\"@id\":\"https:\\\/\\\/chirurgie-orthopedie-vannes.fr\\\/pharmacie\\\/supp\\\/folisin\\\/#primaryimage\",\"url\":\"https:\\\/\\\/chirurgie-orthopedie-vannes.fr\\\/pharmacie\\\/wp-content\\\/uploads\\\/2024\\\/10\\\/Folisin.jpg\",\"contentUrl\":\"https:\\\/\\\/chirurgie-orthopedie-vannes.fr\\\/pharmacie\\\/wp-content\\\/uploads\\\/2024\\\/10\\\/Folisin.jpg\",\"width\":768,\"height\":768},{\"@type\":\"BreadcrumbList\",\"@id\":\"https:\\\/\\\/chirurgie-orthopedie-vannes.fr\\\/pharmacie\\\/supp\\\/folisin\\\/#breadcrumb\",\"itemListElement\":[{\"@type\":\"ListItem\",\"position\":1,\"name\":\"Strona g\u0142\u00f3wna\",\"item\":\"https:\\\/\\\/chirurgie-orthopedie-vannes.fr\\\/pharmacie\\\/\"},{\"@type\":\"ListItem\",\"position\":2,\"name\":\"farmaci\",\"item\":\"https:\\\/\\\/chirurgie-orthopedie-vannes.fr\\\/pharmacie\\\/\"},{\"@type\":\"ListItem\",\"position\":3,\"name\":\"Folisin\"}]},{\"@type\":\"WebSite\",\"@id\":\"https:\\\/\\\/chirurgie-orthopedie-vannes.fr\\\/pharmacie\\\/#website\",\"url\":\"https:\\\/\\\/chirurgie-orthopedie-vannes.fr\\\/pharmacie\\\/\",\"name\":\"Chirurgie-Orthopedie-Vannes\",\"description\":\"\",\"potentialAction\":[{\"@type\":\"SearchAction\",\"target\":{\"@type\":\"EntryPoint\",\"urlTemplate\":\"https:\\\/\\\/chirurgie-orthopedie-vannes.fr\\\/pharmacie\\\/?s={search_term_string}\"},\"query-input\":{\"@type\":\"PropertyValueSpecification\",\"valueRequired\":true,\"valueName\":\"search_term_string\"}}],\"inLanguage\":\"fr-FR\"}]}<\/script>\n<!-- \/ Yoast SEO plugin. -->","yoast_head_json":{"title":"Folisin - Avis, Forum, Pharmacie, Prix, Effets | -50%","robots":{"index":"index","follow":"follow","max-snippet":"max-snippet:-1","max-image-preview":"max-image-preview:large","max-video-preview":"max-video-preview:-1"},"canonical":"https:\/\/chirurgie-orthopedie-vannes.fr\/pharmacie\/supp\/folisin\/","og_locale":"fr_FR","og_type":"article","og_title":"Folisin - Avis, Forum, Pharmacie, Prix, Effets | -50%","og_url":"https:\/\/chirurgie-orthopedie-vannes.fr\/pharmacie\/supp\/folisin\/","og_site_name":"Chirurgie-Orthopedie-Vannes","article_modified_time":"2025-01-14T13:29:22+00:00","og_image":[{"width":768,"height":768,"url":"https:\/\/chirurgie-orthopedie-vannes.fr\/pharmacie\/wp-content\/uploads\/2024\/10\/Folisin.jpg","type":"image\/jpeg"}],"twitter_card":"summary_large_image","twitter_description":"[date_countdown]","twitter_misc":{"Dur\u00e9e de lecture estim\u00e9e":"1 minute"},"schema":{"@context":"https:\/\/schema.org","@graph":[{"@type":"WebPage","@id":"https:\/\/chirurgie-orthopedie-vannes.fr\/pharmacie\/supp\/folisin\/","url":"https:\/\/chirurgie-orthopedie-vannes.fr\/pharmacie\/supp\/folisin\/","name":"Folisin - Avis, Forum, Pharmacie, Prix, Effets | -50%","isPartOf":{"@id":"https:\/\/chirurgie-orthopedie-vannes.fr\/pharmacie\/#website"},"primaryImageOfPage":{"@id":"https:\/\/chirurgie-orthopedie-vannes.fr\/pharmacie\/supp\/folisin\/#primaryimage"},"image":{"@id":"https:\/\/chirurgie-orthopedie-vannes.fr\/pharmacie\/supp\/folisin\/#primaryimage"},"thumbnailUrl":"https:\/\/chirurgie-orthopedie-vannes.fr\/pharmacie\/wp-content\/uploads\/2024\/10\/Folisin.jpg","datePublished":"2024-10-18T19:46:26+00:00","dateModified":"2025-01-14T13:29:22+00:00","breadcrumb":{"@id":"https:\/\/chirurgie-orthopedie-vannes.fr\/pharmacie\/supp\/folisin\/#breadcrumb"},"inLanguage":"fr-FR","potentialAction":[{"@type":"ReadAction","target":["https:\/\/chirurgie-orthopedie-vannes.fr\/pharmacie\/supp\/folisin\/"]}]},{"@type":"ImageObject","inLanguage":"fr-FR","@id":"https:\/\/chirurgie-orthopedie-vannes.fr\/pharmacie\/supp\/folisin\/#primaryimage","url":"https:\/\/chirurgie-orthopedie-vannes.fr\/pharmacie\/wp-content\/uploads\/2024\/10\/Folisin.jpg","contentUrl":"https:\/\/chirurgie-orthopedie-vannes.fr\/pharmacie\/wp-content\/uploads\/2024\/10\/Folisin.jpg","width":768,"height":768},{"@type":"BreadcrumbList","@id":"https:\/\/chirurgie-orthopedie-vannes.fr\/pharmacie\/supp\/folisin\/#breadcrumb","itemListElement":[{"@type":"ListItem","position":1,"name":"Strona g\u0142\u00f3wna","item":"https:\/\/chirurgie-orthopedie-vannes.fr\/pharmacie\/"},{"@type":"ListItem","position":2,"name":"farmaci","item":"https:\/\/chirurgie-orthopedie-vannes.fr\/pharmacie\/"},{"@type":"ListItem","position":3,"name":"Folisin"}]},{"@type":"WebSite","@id":"https:\/\/chirurgie-orthopedie-vannes.fr\/pharmacie\/#website","url":"https:\/\/chirurgie-orthopedie-vannes.fr\/pharmacie\/","name":"Chirurgie-Orthopedie-Vannes","description":"","potentialAction":[{"@type":"SearchAction","target":{"@type":"EntryPoint","urlTemplate":"https:\/\/chirurgie-orthopedie-vannes.fr\/pharmacie\/?s={search_term_string}"},"query-input":{"@type":"PropertyValueSpecification","valueRequired":true,"valueName":"search_term_string"}}],"inLanguage":"fr-FR"}]}},"_links":{"self":[{"href":"https:\/\/chirurgie-orthopedie-vannes.fr\/pharmacie\/wp-json\/wp\/v2\/product\/4553","targetHints":{"allow":["GET"]}}],"collection":[{"href":"https:\/\/chirurgie-orthopedie-vannes.fr\/pharmacie\/wp-json\/wp\/v2\/product"}],"about":[{"href":"https:\/\/chirurgie-orthopedie-vannes.fr\/pharmacie\/wp-json\/wp\/v2\/types\/product"}],"replies":[{"embeddable":true,"href":"https:\/\/chirurgie-orthopedie-vannes.fr\/pharmacie\/wp-json\/wp\/v2\/comments?post=4553"}],"wp:featuredmedia":[{"embeddable":true,"href":"https:\/\/chirurgie-orthopedie-vannes.fr\/pharmacie\/wp-json\/wp\/v2\/media\/3994"}],"wp:attachment":[{"href":"https:\/\/chirurgie-orthopedie-vannes.fr\/pharmacie\/wp-json\/wp\/v2\/media?parent=4553"}],"wp:term":[{"taxonomy":"product_brand","embeddable":true,"href":"https:\/\/chirurgie-orthopedie-vannes.fr\/pharmacie\/wp-json\/wp\/v2\/product_brand?post=4553"},{"taxonomy":"product_cat","embeddable":true,"href":"https:\/\/chirurgie-orthopedie-vannes.fr\/pharmacie\/wp-json\/wp\/v2\/product_cat?post=4553"},{"taxonomy":"product_tag","embeddable":true,"href":"https:\/\/chirurgie-orthopedie-vannes.fr\/pharmacie\/wp-json\/wp\/v2\/product_tag?post=4553"}],"curies":[{"name":"wp","href":"https:\/\/api.w.org\/{rel}","templated":true}]}}