{"id":4555,"date":"2024-10-18T19:46:26","date_gmt":"2024-10-18T19:46:26","guid":{"rendered":"https:\/\/chirurgie-orthopedie-vannes.fr\/pharmacie\/?post_type=product&#038;p=4555"},"modified":"2025-01-14T13:29:22","modified_gmt":"2025-01-14T13:29:22","slug":"green-coffee-5k","status":"publish","type":"product","link":"https:\/\/chirurgie-orthopedie-vannes.fr\/pharmacie\/supp\/green-coffee-5k\/","title":{"rendered":"Green Coffee 5K"},"content":{"rendered":"<h2 class=\"wp-block-heading\">Qu&rsquo;est-ce que le caf\u00e9 vert 5K et comment fonctionne-t-il ?<\/h2>\n\n\n<p>Le <b>caf\u00e9 vert 5K<\/b> est un <em>compl\u00e9ment alimentaire<\/em> qui attire l&rsquo;attention en raison de ses propri\u00e9t\u00e9s uniques. Son principal ingr\u00e9dient est l&rsquo;extrait de grains de caf\u00e9 non torr\u00e9fi\u00e9s, ce qui en fait un produit unique sur le march\u00e9. Il agit en abaissant les niveaux de glucose et d&rsquo;insuline \u00e0 jeun, ce qui est b\u00e9n\u00e9fique pour les personnes en surpoids et ob\u00e8ses.<\/p>\n\n\n<p>L<b>&lsquo;acide chlorog\u00e9nique<\/b>, pr\u00e9sent dans le <em>caf\u00e9 vert 5K<\/em>, poss\u00e8de de fortes propri\u00e9t\u00e9s antioxydantes. L&rsquo;<b>utilisation<\/b> r\u00e9guli\u00e8re <b>de<\/b> cette formule a un effet positif sur divers aspects de la sant\u00e9, y compris le profil lipidique. Ces changements peuvent inclure la r\u00e9duction du taux de cholest\u00e9rol et le soutien \u00e0 la perte de poids par l&rsquo;augmentation du taux m\u00e9tabolique.<\/p>\n\n\n<p>L&rsquo;<strong>effet du<\/strong> compl\u00e9ment peut \u00eatre r\u00e9sum\u00e9 en quelques points cl\u00e9s :<\/p>\n\n\n\n<ul class=\"wp-block-list\">\n<li>R\u00e9duction de l&rsquo;app\u00e9tit<\/li>\n\n\n\n<li>Ralentir l&rsquo;absorption du glucose<\/li>\n\n\n\n<li>Blocage de l&rsquo;accumulation de graisse<\/li>\n\n\n\n<li>Acc\u00e9l\u00e9rer le m\u00e9tabolisme<\/li>\n\n\n\n<li>Pr\u00e9vention du vieillissement de la peau<\/li>\n<\/ul>\n\n\n<p>Chaque capsule de <em>Green Coffee 5K<\/em> contient pas moins de 5000 mg d&rsquo;extrait de caf\u00e9 vert, ce qui en fait l&rsquo;un des compl\u00e9ments alimentaires les plus efficaces de cette cat\u00e9gorie. Gr\u00e2ce \u00e0 son ingr\u00e9dient <b>naturel<\/b>, le risque d&rsquo;effets secondaires est minime, ce qui attire un nombre croissant d&rsquo;utilisateurs satisfaits.<\/p>\n\n\n<h2 class=\"wp-block-heading\">Caf\u00e9 vert 5K &#8211; effets<\/h2>\n\n\n<p>Le caf\u00e9 vert 5K est un <b>compl\u00e9ment alimentaire de<\/b> plus en plus populaire aupr\u00e8s des personnes qui souhaitent perdre du poids de mani\u00e8re efficace. Ses <b>effets<\/b> sont visibles apr\u00e8s quelques semaines d&rsquo;utilisation. Les \u00e9tudes confirment que la suppl\u00e9mentation en caf\u00e9 vert entra\u00eene une r\u00e9duction significative du poids corporel, avec une perte de poids moyenne d&rsquo;environ 10 % en quelques mois.<\/p>\n\n\n<p>Green Coffee 5K contient de l&rsquo;extrait de caf\u00e9 vert, qui contribue \u00e0.. :<\/p>\n\n\n\n<ul class=\"wp-block-list\">\n<li><em>R\u00e9duire l&rsquo;app\u00e9tit<\/em>, ce qui entra\u00eene une diminution de l&rsquo;apport calorique.<\/li>\n\n\n\n<li><em>Inhibe l&rsquo;absorption du glucose<\/em>, ce qui permet de maintenir plus longtemps la sensation de sati\u00e9t\u00e9.<\/li>\n\n\n\n<li><em>Acc\u00e9l\u00e8re le m\u00e9tabolisme<\/em>, ce qui favorise une combustion efficace des graisses.<\/li>\n<\/ul>\n\n\n<p>Les r\u00e9sultats du caf\u00e9 vert 5K sont visibles non seulement dans la r\u00e9duction du poids, mais aussi dans l&rsquo;am\u00e9lioration de l&rsquo;\u00e9tat de la peau. Une suppl\u00e9mentation r\u00e9guli\u00e8re soutient les processus de rajeunissement, contribuant \u00e0 la fermet\u00e9 et \u00e0 l&rsquo;aspect sain de la peau. Ces <b>effets<\/b> font de ce produit un soutien pr\u00e9cieux dans la lutte contre l&rsquo;ob\u00e9sit\u00e9 et les maladies li\u00e9es au mode de vie.<\/p>\n\n\n<p>Les utilisateurs de ce compl\u00e9ment ne font g\u00e9n\u00e9ralement pas \u00e9tat d&rsquo;effets secondaires, ce qui confirme son innocuit\u00e9. Il convient toutefois de garder \u00e0 l&rsquo;esprit les contre-indications telles que la grossesse, la p\u00e9riode d&rsquo;allaitement et l&rsquo;\u00e2ge inf\u00e9rieur \u00e0 12 ans.<\/p>\n\n\n<p>Une \u00e9valuation globale des effets du caf\u00e9 vert 5K montre des r\u00e9sultats positifs en termes de perte de poids et d&rsquo;am\u00e9lioration du bien-\u00eatre g\u00e9n\u00e9ral.<\/p>\n\n\n<h2 class=\"wp-block-heading\">Comment utiliser le caf\u00e9 vert 5K ? &#8211; Dosage<\/h2>\n\n\n<p>Le <b>dosage<\/b> recommand\u00e9 <b>de<\/b> Green Coffee 5K se situe entre <em>200 et 600 mg<\/em> par jour, r\u00e9partis en deux ou trois prises. Le plus souvent, <b>le compl\u00e9ment alimentaire<\/b> est pris avant les repas. Le <b>dosage<\/b> appropri\u00e9 doit \u00eatre adapt\u00e9 aux besoins individuels et \u00e0 la tol\u00e9rance de l&rsquo;organisme \u00e0 la caf\u00e9ine. Les personnes qui utilisent d&rsquo;autres sources de caf\u00e9ine peuvent avoir besoin de doses plus faibles pour \u00e9viter une stimulation excessive.<\/p>\n\n\n<p>L&rsquo;<em>utilisation<\/em> r\u00e9guli\u00e8re <em>de<\/em> ce compl\u00e9ment alimentaire peut contribuer \u00e0 de meilleurs r\u00e9sultats en mati\u00e8re de perte de poids. Les personnes qui d\u00e9cident de commencer \u00e0 le prendre doivent garder \u00e0 l&rsquo;esprit que <b>les effets<\/b> peuvent varier en fonction du mode de vie et des habitudes alimentaires.<\/p>\n\n\n<figure class=\"wp-block-table\"><table class=\"has-fixed-layout\"><tbody><tr><th>Dosage (mg\/jour)<\/th><th>Doses journali\u00e8res<\/th><th>Avant les repas<\/th><\/tr><tr><td>200-600<\/td><td>2-3<\/td><td>Oui<\/td><\/tr><\/tbody><\/table><\/figure>\n\n\n<p>L&rsquo;adaptation du dosage et l&rsquo;<em>utilisation<\/em> r\u00e9guli\u00e8re <em>de<\/em> Green Coffee 5K permettent d&rsquo;obtenir des r\u00e9sultats optimaux. Des principes actifs cl\u00e9s, tels que l&rsquo;<b>acide chlorog\u00e9nique<\/b>, soutiennent les fonctions m\u00e9taboliques et contribuent \u00e0 r\u00e9duire l&rsquo;absorption des graisses et des sucres, ce qui favorise l&rsquo;obtention des r\u00e9sultats souhait\u00e9s.<\/p>\n\n\n<h2 class=\"wp-block-heading\">Green Coffee 5K &#8211; Avis et critiques, Forum<\/h2>\n\n\n<p>Les <b>avis des<\/b> utilisateurs sur le caf\u00e9 vert 5K sont vari\u00e9s, mais beaucoup soulignent son efficacit\u00e9 dans la perte de poids. Dans le <b>forum<\/b>, les utilisateurs partagent leurs exp\u00e9riences, ce qui aide les nouveaux venus \u00e0 d\u00e9cider s&rsquo;ils doivent commencer le traitement. Vous trouverez ci-dessous trois <b>avis<\/b> d\u00e9taill\u00e9s :<\/p>\n\n\n\n<blockquote class=\"wp-block-quote is-layout-flow wp-block-quote-is-layout-flow\"><p><em>\u00ab\u00a0J&rsquo;ai commenc\u00e9 \u00e0 utiliser le caf\u00e9 vert 5K il y a un mois et j&rsquo;ai remarqu\u00e9 une am\u00e9lioration significative de mon \u00e9nergie et de ma perte de poids &#8211; il ne m&rsquo;a fallu que quelques semaines pour sentir la diff\u00e9rence !\u00a0\u00bb<\/em> &#8211; Kasia<\/p>\n<\/blockquote>\n\n\n\n<blockquote class=\"wp-block-quote is-layout-flow wp-block-quote-is-layout-flow\"><p><em>\u00ab\u00a0Apr\u00e8s deux mois d&rsquo;utilisation, j&rsquo;ai remarqu\u00e9 une r\u00e9duction de mon taux de cholest\u00e9rol et un meilleur contr\u00f4le de mon app\u00e9tit. Je me sens en meilleure sant\u00e9 et plus heureuse !<\/em> &#8211; Ania<\/p>\n<\/blockquote>\n\n\n\n<blockquote class=\"wp-block-quote is-layout-flow wp-block-quote-is-layout-flow\"><p><em>\u00ab\u00a0Le caf\u00e9 vert 5K m&rsquo;a permis de perdre 3 kg en un mois. Je suis satisfaite des r\u00e9sultats car je n&rsquo;ai pas chang\u00e9 mon r\u00e9gime alimentaire de mani\u00e8re significative.\u00a0\u00bb<\/em> &#8211; Marta<\/p>\n<\/blockquote>\n\n\n<p>De nombreux avis positifs sur le caf\u00e9 vert 5K peuvent \u00eatre trouv\u00e9s sur divers forums de sant\u00e9. Les utilisateurs font souvent l&rsquo;\u00e9loge de <b>la composition naturelle<\/b> et de l&rsquo;absence d&rsquo;effets secondaires. En outre, des \u00e9tudes confirment l&rsquo;efficacit\u00e9 de l&rsquo;extrait de caf\u00e9 vert dans la perte de poids, ce qui renforce les <b>avis<\/b> positifs. Chaque paquet contient 60 g\u00e9lules, ce qui est suffisant pour un mois de traitement, et des offres d&rsquo;achat avantageuses sont disponibles sur le site officiel du fabricant, ce qui garantit la qualit\u00e9 et l&rsquo;authenticit\u00e9 du produit.<\/p>\n\n\n<h2 class=\"wp-block-heading\">Caf\u00e9 vert 5K &#8211; Composition<\/h2>\n\n\n<p>Green Coffee 5K se distingue par sa <em>composition<\/em> unique, \u00e0 base d&rsquo;extrait naturel de caf\u00e9 vert. Chaque capsule contient de l&rsquo;<em>acide chlorog\u00e9nique<\/em> de haute qualit\u00e9, qui joue un r\u00f4le cl\u00e9 dans la perte de poids et l&rsquo;am\u00e9lioration de la sant\u00e9 en g\u00e9n\u00e9ral. En outre, le compl\u00e9ment est enrichi en caf\u00e9ine et autres substances bioactives qui soutiennent l&rsquo;organisme dans la lutte contre l&rsquo;exc\u00e8s de poids.<\/p>\n\n\n<p>Le caf\u00e9 vert 5K comprend<\/p>\n\n\n\n<ul class=\"wp-block-list\">\n<li><em>Extrait de caf\u00e9 vert<\/em> &#8211; 5000 mg, ce qui fait de ce produit l&rsquo;un des plus puissants du march\u00e9.<\/li>\n\n\n\n<li><em>Acide chlorog\u00e9nique<\/em> &#8211; 50 mg dans chaque g\u00e9lule, r\u00e9gulant le m\u00e9tabolisme et favorisant les processus de perte de poids.<\/li>\n\n\n\n<li>Caf\u00e9ine &#8211; l&rsquo;un des principaux ingr\u00e9dients qui acc\u00e9l\u00e8re le processus m\u00e9tabolique.<\/li>\n\n\n\n<li>Vitamines et min\u00e9raux &#8211; soutiennent la sant\u00e9 g\u00e9n\u00e9rale de l&rsquo;organisme.<\/li>\n<\/ul>\n\n\n<p>Tous les ingr\u00e9dients contenus dans Green Coffee 5K proviennent de sources <em>naturelles<\/em>, ce qui se traduit par une s\u00e9curit\u00e9 et une absence d&rsquo;additifs artificiels. Le produit ne contient pas de conservateurs ni d&rsquo;autres ingr\u00e9dients chimiques, ce qui en fait une option s\u00fbre pour ceux qui recherchent un soutien efficace \u00e0 la perte de poids. L&rsquo;<b>utilisation<\/b> syst\u00e9matique <b>du<\/b> suppl\u00e9ment, soutenue par un r\u00e9gime alimentaire sain et une activit\u00e9 physique, peut apporter des r\u00e9sultats satisfaisants en mati\u00e8re de perte de poids.<\/p>\n\n\n<p>Il convient \u00e9galement de noter que l <em>&lsquo;acide chlorog\u00e9nique<\/em> pr\u00e9sente des propri\u00e9t\u00e9s antioxydantes, qui peuvent contribuer \u00e0 prot\u00e9ger l&rsquo;organisme contre les radicaux libres et favoriser ainsi les processus de vieillissement.<\/p>\n\n\n<h2 class=\"wp-block-heading\">O\u00f9 acheter Green Coffee 5K &#8211; prix<\/h2>\n\n\n<p>Green Coffee 5K ne peut \u00eatre achet\u00e9 que sur le site <em>officiel du fabricant<\/em>. Ce n&rsquo;est que sur ce site que vous trouverez l&rsquo;offre compl\u00e8te et que vous pourrez profiter des promotions en cours. Les prix du compl\u00e9ment varient en fonction de l&rsquo;option choisie et des r\u00e9ductions disponibles, il est donc utile de v\u00e9rifier r\u00e9guli\u00e8rement s&rsquo;ils sont \u00e0 jour.<\/p>\n\n\n<p>Contrairement aux compl\u00e9ments traditionnels, le caf\u00e9 vert 5K n&rsquo;est pas disponible dans les pharmacies d&rsquo;officine, ce qui rend l&rsquo;achat en ligne plus pratique. L&rsquo;achat direct sur le site du fabricant permet de s&rsquo;assurer de l&rsquo;originalit\u00e9 du produit et de b\u00e9n\u00e9ficier d&rsquo;une assistance \u00e0 la client\u00e8le.<\/p>\n\n\n<p><b>Le prix du<\/b> caf\u00e9 vert 5K varie souvent en fonction de la version choisie, avec des possibilit\u00e9s de promotions avantageuses. Il convient de surveiller les offres pour b\u00e9n\u00e9ficier des meilleurs prix. N&rsquo;oubliez pas qu&rsquo;en investissant dans ce compl\u00e9ment, vous obtiendrez des b\u00e9n\u00e9fices tangibles en termes de perte de poids si vous l&rsquo;utilisez correctement.<\/p>\n\n\n\n<ul class=\"wp-block-list\">\n<li>Disponibilit\u00e9 : <strong>uniquement sur le site officiel du fabricant<\/strong><\/li>\n\n\n\n<li>Prix soumis \u00e0 promotion<\/li>\n\n\n\n<li>Manque de disponibilit\u00e9 dans les pharmacies fixes<\/li>\n<\/ul>\n\n\n<p>Des achats r\u00e9guliers sur le site <em>officiel du fabricant<\/em> garantissent une livraison rapide et permettent d&rsquo;utiliser l&rsquo;option de paiement \u00e0 la livraison. L&rsquo;analyse des prix et des promotions disponibles permet de r\u00e9aliser la meilleure affaire pour toute personne qui d\u00e9cide d&rsquo;utiliser le caf\u00e9 vert 5K dans son plan de perte de poids.<\/p>\n\n\n<h2 class=\"wp-block-heading\">Effets secondaires potentiels et contre-indications du caf\u00e9 vert 5K<\/h2>\n\n\n<p><b>L&rsquo;utilisation du<\/b> caf\u00e9 vert 5K, malgr\u00e9 sa popularit\u00e9 croissante en tant que compl\u00e9ment alimentaire, peut \u00eatre associ\u00e9e \u00e0 certains <strong>effets secondaires<\/strong>. Les utilisateurs rapportent souvent des plaintes telles que des maux de t\u00eate, des naus\u00e9es et des probl\u00e8mes d&rsquo;estomac. Il convient de noter que ces sympt\u00f4mes peuvent survenir en particulier chez les personnes sensibles \u00e0 la caf\u00e9ine ou en cas de d\u00e9passement du dosage recommand\u00e9. Le <b>dosage<\/b> recommand\u00e9 est de 400 \u00e0 800 mg d&rsquo;acide chlorog\u00e9nique par jour, r\u00e9partis en deux prises, ce qui peut minimiser le risque de ces effets.<\/p>\n\n\n<p>Outre les <strong>effets secondaires<\/strong> potentiels, il existe \u00e9galement des <strong>contre-indications<\/strong> sp\u00e9cifiques \u00e0 l&rsquo;utilisation du caf\u00e9 vert 5K. Ce suppl\u00e9ment ne doit pas \u00eatre pris par les femmes enceintes ou allaitantes, les personnes souffrant d&rsquo;une maladie du foie ou des reins, ou celles qui prennent certains m\u00e9dicaments. Il est donc toujours conseill\u00e9 de consulter un m\u00e9decin pour \u00e9valuer les risques potentiels avant de commencer la suppl\u00e9mentation.<\/p>\n\n\n<p>En conclusion, bien que le caf\u00e9 vert 5K puisse apporter de nombreux avantages aux personnes souhaitant perdre du poids, il est essentiel d&rsquo;adopter une approche consciente de son utilisation. Un suivi attentif du dosage et une analyse minutieuse des <strong>effets secondaires<\/strong> et des <strong>contre-indications<\/strong> possibles contribueront certainement \u00e0 une perte de poids plus s\u00fbre et plus efficace.<\/p>\n","protected":false},"excerpt":{"rendered":"<p><strong>[date_countdown]<\/strong><\/p>\n<p><img decoding=\"async\" class=\"alignnone  wp-image-8427\" src=\"https:\/\/chirurgie-orthopedie-vannes.fr\/pharmacie\/wp-content\/uploads\/2024\/10\/SAFE-PAY-300x88-1.png\" alt=\"SAFE-PAY-300x88\" width=\"164\" height=\"48\" \/><\/p>\n","protected":false},"featured_media":4570,"comment_status":"open","ping_status":"closed","template":"","meta":{"neve_meta_sidebar":"","neve_meta_container":"","neve_meta_enable_content_width":"","neve_meta_content_width":0,"neve_meta_title_alignment":"","neve_meta_author_avatar":"","neve_post_elements_order":"","neve_meta_disable_header":"","neve_meta_disable_footer":"","neve_meta_disable_title":"","neve_meta_reading_time":""},"product_brand":[],"product_cat":[15],"product_tag":[],"class_list":{"0":"post-4555","1":"product","2":"type-product","3":"status-publish","4":"has-post-thumbnail","6":"product_cat-perte-de-poids","8":"first","9":"instock","10":"sale","11":"shipping-taxable","12":"product-type-external"},"yoast_head":"<!-- This site is optimized with the Yoast SEO plugin v27.4 - https:\/\/yoast.com\/product\/yoast-seo-wordpress\/ -->\n<title>Green Coffee 5K - Avis, Forum, Pharmacie, Prix, Effets | -50%<\/title>\n<meta name=\"robots\" content=\"index, follow, max-snippet:-1, max-image-preview:large, max-video-preview:-1\" \/>\n<link rel=\"canonical\" href=\"https:\/\/chirurgie-orthopedie-vannes.fr\/pharmacie\/supp\/green-coffee-5k\/\" \/>\n<meta property=\"og:locale\" content=\"fr_FR\" \/>\n<meta property=\"og:type\" content=\"article\" \/>\n<meta property=\"og:title\" content=\"Green Coffee 5K - Avis, Forum, Pharmacie, Prix, Effets | -50%\" \/>\n<meta property=\"og:url\" content=\"https:\/\/chirurgie-orthopedie-vannes.fr\/pharmacie\/supp\/green-coffee-5k\/\" \/>\n<meta property=\"og:site_name\" content=\"Chirurgie-Orthopedie-Vannes\" \/>\n<meta property=\"article:modified_time\" content=\"2025-01-14T13:29:22+00:00\" \/>\n<meta property=\"og:image\" content=\"https:\/\/chirurgie-orthopedie-vannes.fr\/pharmacie\/wp-content\/uploads\/2024\/10\/Green-Coffee-5K.jpg\" \/>\n\t<meta property=\"og:image:width\" content=\"768\" \/>\n\t<meta property=\"og:image:height\" content=\"768\" \/>\n\t<meta property=\"og:image:type\" content=\"image\/jpeg\" \/>\n<meta name=\"twitter:card\" content=\"summary_large_image\" \/>\n<meta name=\"twitter:description\" content=\"[date_countdown]\" \/>\n<meta name=\"twitter:label1\" content=\"Dur\u00e9e de lecture estim\u00e9e\" \/>\n\t<meta name=\"twitter:data1\" content=\"1 minute\" \/>\n<script type=\"application\/ld+json\" class=\"yoast-schema-graph\">{\"@context\":\"https:\\\/\\\/schema.org\",\"@graph\":[{\"@type\":\"WebPage\",\"@id\":\"https:\\\/\\\/chirurgie-orthopedie-vannes.fr\\\/pharmacie\\\/supp\\\/green-coffee-5k\\\/\",\"url\":\"https:\\\/\\\/chirurgie-orthopedie-vannes.fr\\\/pharmacie\\\/supp\\\/green-coffee-5k\\\/\",\"name\":\"Green Coffee 5K - Avis, Forum, Pharmacie, Prix, Effets | -50%\",\"isPartOf\":{\"@id\":\"https:\\\/\\\/chirurgie-orthopedie-vannes.fr\\\/pharmacie\\\/#website\"},\"primaryImageOfPage\":{\"@id\":\"https:\\\/\\\/chirurgie-orthopedie-vannes.fr\\\/pharmacie\\\/supp\\\/green-coffee-5k\\\/#primaryimage\"},\"image\":{\"@id\":\"https:\\\/\\\/chirurgie-orthopedie-vannes.fr\\\/pharmacie\\\/supp\\\/green-coffee-5k\\\/#primaryimage\"},\"thumbnailUrl\":\"https:\\\/\\\/chirurgie-orthopedie-vannes.fr\\\/pharmacie\\\/wp-content\\\/uploads\\\/2024\\\/10\\\/Green-Coffee-5K.jpg\",\"datePublished\":\"2024-10-18T19:46:26+00:00\",\"dateModified\":\"2025-01-14T13:29:22+00:00\",\"breadcrumb\":{\"@id\":\"https:\\\/\\\/chirurgie-orthopedie-vannes.fr\\\/pharmacie\\\/supp\\\/green-coffee-5k\\\/#breadcrumb\"},\"inLanguage\":\"fr-FR\",\"potentialAction\":[{\"@type\":\"ReadAction\",\"target\":[\"https:\\\/\\\/chirurgie-orthopedie-vannes.fr\\\/pharmacie\\\/supp\\\/green-coffee-5k\\\/\"]}]},{\"@type\":\"ImageObject\",\"inLanguage\":\"fr-FR\",\"@id\":\"https:\\\/\\\/chirurgie-orthopedie-vannes.fr\\\/pharmacie\\\/supp\\\/green-coffee-5k\\\/#primaryimage\",\"url\":\"https:\\\/\\\/chirurgie-orthopedie-vannes.fr\\\/pharmacie\\\/wp-content\\\/uploads\\\/2024\\\/10\\\/Green-Coffee-5K.jpg\",\"contentUrl\":\"https:\\\/\\\/chirurgie-orthopedie-vannes.fr\\\/pharmacie\\\/wp-content\\\/uploads\\\/2024\\\/10\\\/Green-Coffee-5K.jpg\",\"width\":768,\"height\":768},{\"@type\":\"BreadcrumbList\",\"@id\":\"https:\\\/\\\/chirurgie-orthopedie-vannes.fr\\\/pharmacie\\\/supp\\\/green-coffee-5k\\\/#breadcrumb\",\"itemListElement\":[{\"@type\":\"ListItem\",\"position\":1,\"name\":\"Strona g\u0142\u00f3wna\",\"item\":\"https:\\\/\\\/chirurgie-orthopedie-vannes.fr\\\/pharmacie\\\/\"},{\"@type\":\"ListItem\",\"position\":2,\"name\":\"farmaci\",\"item\":\"https:\\\/\\\/chirurgie-orthopedie-vannes.fr\\\/pharmacie\\\/\"},{\"@type\":\"ListItem\",\"position\":3,\"name\":\"Green Coffee 5K\"}]},{\"@type\":\"WebSite\",\"@id\":\"https:\\\/\\\/chirurgie-orthopedie-vannes.fr\\\/pharmacie\\\/#website\",\"url\":\"https:\\\/\\\/chirurgie-orthopedie-vannes.fr\\\/pharmacie\\\/\",\"name\":\"Chirurgie-Orthopedie-Vannes\",\"description\":\"\",\"potentialAction\":[{\"@type\":\"SearchAction\",\"target\":{\"@type\":\"EntryPoint\",\"urlTemplate\":\"https:\\\/\\\/chirurgie-orthopedie-vannes.fr\\\/pharmacie\\\/?s={search_term_string}\"},\"query-input\":{\"@type\":\"PropertyValueSpecification\",\"valueRequired\":true,\"valueName\":\"search_term_string\"}}],\"inLanguage\":\"fr-FR\"}]}<\/script>\n<!-- \/ Yoast SEO plugin. -->","yoast_head_json":{"title":"Green Coffee 5K - Avis, Forum, Pharmacie, Prix, Effets | -50%","robots":{"index":"index","follow":"follow","max-snippet":"max-snippet:-1","max-image-preview":"max-image-preview:large","max-video-preview":"max-video-preview:-1"},"canonical":"https:\/\/chirurgie-orthopedie-vannes.fr\/pharmacie\/supp\/green-coffee-5k\/","og_locale":"fr_FR","og_type":"article","og_title":"Green Coffee 5K - Avis, Forum, Pharmacie, Prix, Effets | -50%","og_url":"https:\/\/chirurgie-orthopedie-vannes.fr\/pharmacie\/supp\/green-coffee-5k\/","og_site_name":"Chirurgie-Orthopedie-Vannes","article_modified_time":"2025-01-14T13:29:22+00:00","og_image":[{"width":768,"height":768,"url":"https:\/\/chirurgie-orthopedie-vannes.fr\/pharmacie\/wp-content\/uploads\/2024\/10\/Green-Coffee-5K.jpg","type":"image\/jpeg"}],"twitter_card":"summary_large_image","twitter_description":"[date_countdown]","twitter_misc":{"Dur\u00e9e de lecture estim\u00e9e":"1 minute"},"schema":{"@context":"https:\/\/schema.org","@graph":[{"@type":"WebPage","@id":"https:\/\/chirurgie-orthopedie-vannes.fr\/pharmacie\/supp\/green-coffee-5k\/","url":"https:\/\/chirurgie-orthopedie-vannes.fr\/pharmacie\/supp\/green-coffee-5k\/","name":"Green Coffee 5K - Avis, Forum, Pharmacie, Prix, Effets | -50%","isPartOf":{"@id":"https:\/\/chirurgie-orthopedie-vannes.fr\/pharmacie\/#website"},"primaryImageOfPage":{"@id":"https:\/\/chirurgie-orthopedie-vannes.fr\/pharmacie\/supp\/green-coffee-5k\/#primaryimage"},"image":{"@id":"https:\/\/chirurgie-orthopedie-vannes.fr\/pharmacie\/supp\/green-coffee-5k\/#primaryimage"},"thumbnailUrl":"https:\/\/chirurgie-orthopedie-vannes.fr\/pharmacie\/wp-content\/uploads\/2024\/10\/Green-Coffee-5K.jpg","datePublished":"2024-10-18T19:46:26+00:00","dateModified":"2025-01-14T13:29:22+00:00","breadcrumb":{"@id":"https:\/\/chirurgie-orthopedie-vannes.fr\/pharmacie\/supp\/green-coffee-5k\/#breadcrumb"},"inLanguage":"fr-FR","potentialAction":[{"@type":"ReadAction","target":["https:\/\/chirurgie-orthopedie-vannes.fr\/pharmacie\/supp\/green-coffee-5k\/"]}]},{"@type":"ImageObject","inLanguage":"fr-FR","@id":"https:\/\/chirurgie-orthopedie-vannes.fr\/pharmacie\/supp\/green-coffee-5k\/#primaryimage","url":"https:\/\/chirurgie-orthopedie-vannes.fr\/pharmacie\/wp-content\/uploads\/2024\/10\/Green-Coffee-5K.jpg","contentUrl":"https:\/\/chirurgie-orthopedie-vannes.fr\/pharmacie\/wp-content\/uploads\/2024\/10\/Green-Coffee-5K.jpg","width":768,"height":768},{"@type":"BreadcrumbList","@id":"https:\/\/chirurgie-orthopedie-vannes.fr\/pharmacie\/supp\/green-coffee-5k\/#breadcrumb","itemListElement":[{"@type":"ListItem","position":1,"name":"Strona g\u0142\u00f3wna","item":"https:\/\/chirurgie-orthopedie-vannes.fr\/pharmacie\/"},{"@type":"ListItem","position":2,"name":"farmaci","item":"https:\/\/chirurgie-orthopedie-vannes.fr\/pharmacie\/"},{"@type":"ListItem","position":3,"name":"Green Coffee 5K"}]},{"@type":"WebSite","@id":"https:\/\/chirurgie-orthopedie-vannes.fr\/pharmacie\/#website","url":"https:\/\/chirurgie-orthopedie-vannes.fr\/pharmacie\/","name":"Chirurgie-Orthopedie-Vannes","description":"","potentialAction":[{"@type":"SearchAction","target":{"@type":"EntryPoint","urlTemplate":"https:\/\/chirurgie-orthopedie-vannes.fr\/pharmacie\/?s={search_term_string}"},"query-input":{"@type":"PropertyValueSpecification","valueRequired":true,"valueName":"search_term_string"}}],"inLanguage":"fr-FR"}]}},"_links":{"self":[{"href":"https:\/\/chirurgie-orthopedie-vannes.fr\/pharmacie\/wp-json\/wp\/v2\/product\/4555","targetHints":{"allow":["GET"]}}],"collection":[{"href":"https:\/\/chirurgie-orthopedie-vannes.fr\/pharmacie\/wp-json\/wp\/v2\/product"}],"about":[{"href":"https:\/\/chirurgie-orthopedie-vannes.fr\/pharmacie\/wp-json\/wp\/v2\/types\/product"}],"replies":[{"embeddable":true,"href":"https:\/\/chirurgie-orthopedie-vannes.fr\/pharmacie\/wp-json\/wp\/v2\/comments?post=4555"}],"wp:featuredmedia":[{"embeddable":true,"href":"https:\/\/chirurgie-orthopedie-vannes.fr\/pharmacie\/wp-json\/wp\/v2\/media\/4570"}],"wp:attachment":[{"href":"https:\/\/chirurgie-orthopedie-vannes.fr\/pharmacie\/wp-json\/wp\/v2\/media?parent=4555"}],"wp:term":[{"taxonomy":"product_brand","embeddable":true,"href":"https:\/\/chirurgie-orthopedie-vannes.fr\/pharmacie\/wp-json\/wp\/v2\/product_brand?post=4555"},{"taxonomy":"product_cat","embeddable":true,"href":"https:\/\/chirurgie-orthopedie-vannes.fr\/pharmacie\/wp-json\/wp\/v2\/product_cat?post=4555"},{"taxonomy":"product_tag","embeddable":true,"href":"https:\/\/chirurgie-orthopedie-vannes.fr\/pharmacie\/wp-json\/wp\/v2\/product_tag?post=4555"}],"curies":[{"name":"wp","href":"https:\/\/api.w.org\/{rel}","templated":true}]}}