{"id":4556,"date":"2024-10-18T19:46:26","date_gmt":"2024-10-18T19:46:26","guid":{"rendered":"https:\/\/chirurgie-orthopedie-vannes.fr\/pharmacie\/?post_type=product&#038;p=4556"},"modified":"2025-01-14T13:29:22","modified_gmt":"2025-01-14T13:29:22","slug":"green-barley-plus","status":"publish","type":"product","link":"https:\/\/chirurgie-orthopedie-vannes.fr\/pharmacie\/supp\/green-barley-plus\/","title":{"rendered":"Green Barley Plus"},"content":{"rendered":"\n<h2 class=\"wp-block-heading\">Qu&rsquo;est-ce que Green Barley Plus et comment fonctionne-t-il ?<\/h2>\n\n\n\n<p><b>Green Barley Plus<\/b> est un <b>compl\u00e9ment alimentaire de<\/b> plus en plus appr\u00e9ci\u00e9 par les personnes souhaitant r\u00e9duire leur poids et am\u00e9liorer leur sant\u00e9. Son <em>action<\/em> repose sur la synergie d&rsquo;ingr\u00e9dients actifs, principalement l&rsquo;extrait de jeune orge et la garcinia cambogia. Gr\u00e2ce \u00e0 cette <b>composition<\/b> unique, le produit offre des avantages multiples pour la sant\u00e9.<\/p>\n\n\n\n<p>Les principaux <em>ingr\u00e9dients actifs<\/em> de Green Barley Plus activent les processus qui acc\u00e9l\u00e8rent le m\u00e9tabolisme, ce qui permet de br\u00fbler plus efficacement les graisses. La prise r\u00e9guli\u00e8re du compl\u00e9ment favorise l&rsquo;\u00e9limination des toxines dans l&rsquo;organisme et l&rsquo;\u00e9quilibre du taux de sucre dans le sang. <b>Les utilisateurs<\/b> notent souvent que Green Barley Plus peut aider \u00e0 r\u00e9duire l&rsquo;app\u00e9tit, ce qui est un facteur important dans la perte de poids.<\/p>\n\n\n\n<ul class=\"wp-block-list\">\n<li>Acc\u00e9l\u00e9rer le m\u00e9tabolisme<\/li>\n\n\n\n<li>Soutenir les processus de d\u00e9sintoxication<\/li>\n\n\n\n<li>Maintien d&rsquo;une glyc\u00e9mie saine<\/li>\n\n\n\n<li>R\u00e9duction de l&rsquo;app\u00e9tit<\/li>\n<\/ul>\n\n\n\n<p>La dose recommand\u00e9e est g\u00e9n\u00e9ralement de 2 g\u00e9lules par jour, ce qui rend le produit facile \u00e0 prendre quotidiennement. Il convient de noter que les <b>effets d&rsquo;une<\/b> utilisation r\u00e9guli\u00e8re comprennent \u00e0 la fois la perte de poids et l&rsquo;am\u00e9lioration de l&rsquo;apparence de la peau, des cheveux et des ongles.<\/p>\n\n\n\n<p>Bien que les <b>effets secondaires de<\/b> Green Barley Plus soient rares, des troubles gastriques ou des r\u00e9actions allergiques peuvent survenir. C&rsquo;est pourquoi il est conseill\u00e9 de consulter un m\u00e9decin avant de commencer le traitement, surtout si vous souffrez d&rsquo;une maladie chronique ou si vous \u00eates enceinte.<\/p>\n\n\n\n<h2 class=\"wp-block-heading\">Effets de Green Barley Plus<\/h2>\n\n\n\n<p><b>L&rsquo;utilisation de<\/b> Green Barley Plus a un certain nombre d&rsquo;<em>effets<\/em> notables qui peuvent avoir un impact significatif sur le processus de <em>perte de poids<\/em>. Les <b>utilisateurs<\/b> constatent souvent une r\u00e9duction acc\u00e9l\u00e9r\u00e9e du poids et une am\u00e9lioration de l&rsquo;\u00e9tat de la peau. Gr\u00e2ce \u00e0 des ingr\u00e9dients naturels tels que de jeunes tiges d&rsquo;orge, <b>le compl\u00e9ment<\/b> aide l&rsquo;organisme \u00e0 lutter contre l&rsquo;exc\u00e8s de graisse corporelle tout en am\u00e9liorant le m\u00e9tabolisme.<\/p>\n\n\n\n<p><b>Les r\u00e9sultats de<\/b> Green Barley Plus sont visibles d\u00e8s les premi\u00e8res semaines de traitement. Des \u00e9tudes montrent que l&rsquo;association avec un r\u00e9gime hypocalorique peut entra\u00eener une r\u00e9duction de 7 kg par mois. En outre, de nombreuses personnes remarquent une r\u00e9duction des fringales, ce qui contribue \u00e0 un meilleur respect des limites caloriques.<\/p>\n\n\n\n<p>Il convient de noter que les <b>effets<\/b> varient en fonction des pr\u00e9dispositions corporelles individuelles et du mode de vie de l&rsquo;utilisateur. Vous trouverez ci-dessous un r\u00e9sum\u00e9 des r\u00e9sultats typiques obtenus par les utilisateurs du <b>compl\u00e9ment<\/b>:<\/p>\n\n\n\n<figure class=\"wp-block-table\"><table class=\"has-fixed-layout\"><tbody><tr><th>Effet<\/th><th>Description de l&rsquo;effet<\/th><\/tr><tr><td>R\u00e9duction du poids<\/td><td><b>Les utilisateurs<\/b> rapportent une perte de poids allant jusqu&rsquo;\u00e0 7 kg en un mois.<\/td><\/tr><tr><td>Am\u00e9lioration de la peau<\/td><td>La peau devient plus ferme et plus \u00e9lastique, ce qui indique une d\u00e9sintoxication du corps.<\/td><\/tr><tr><td>Augmentation de l&rsquo;\u00e9nergie<\/td><td>Les utilisateurs du <b>compl\u00e9ment<\/b> constatent une augmentation des niveaux d&rsquo;\u00e9nergie, ce qui peut se traduire par une meilleure performance \u00e0 l&rsquo;entra\u00eenement.<\/td><\/tr><tr><td>R\u00e9gulation de l&rsquo;app\u00e9tit<\/td><td>La r\u00e9duction de la sensation de faim aide \u00e0 respecter le r\u00e9gime alimentaire.<\/td><\/tr><\/tbody><\/table><\/figure>\n\n\n\n<p>Green Barley Plus n&rsquo;est pas seulement un suppl\u00e9ment de <em>perte de poids<\/em>, mais aussi un produit qui soutient l&rsquo;organisme dans ses fonctions quotidiennes. Il convient donc d&rsquo;envisager son <em>utilisation<\/em> dans le cadre d&rsquo;un mode de vie sain.<\/p>\n\n\n\n<h2 class=\"wp-block-heading\">Comment utiliser Green Barley Plus &#8211; Mode d&#8217;emploi et posologie<\/h2>\n\n\n\n<p>La prise de Green Barley Plus est essentielle pour obtenir les r\u00e9sultats escompt\u00e9s en mati\u00e8re de perte de poids et d&rsquo;am\u00e9lioration de l&rsquo;\u00e9tat de sant\u00e9 g\u00e9n\u00e9ral. La <em>posologie<\/em> recommand\u00e9e pour ce compl\u00e9ment est de 2 \u00e0 3 g\u00e9lules par jour, \u00e0 prendre avec beaucoup d&rsquo;eau. La <em>prise des<\/em> g\u00e9lules avant les repas peut favoriser la sensation de sati\u00e9t\u00e9 et r\u00e9guler l&rsquo;app\u00e9tit.<\/p>\n\n\n\n<p>Il est important de suivre syst\u00e9matiquement les <em>instructions de<\/em> prise du compl\u00e9ment, ce qui influe consid\u00e9rablement sur son efficacit\u00e9. Il est \u00e9galement important de ne pas d\u00e9passer la dose recommand\u00e9e, ce qui peut entra\u00eener des effets secondaires ind\u00e9sirables tels qu&rsquo;une agitation excessive ou des sympt\u00f4mes gastriques. Il serait judicieux de consulter un m\u00e9decin avant de commencer la <em>suppl\u00e9mentation<\/em>, surtout en cas de <b>contre-indications<\/b> pour la sant\u00e9.<\/p>\n\n\n\n<p>L&rsquo;<b>utilisation<\/b> r\u00e9guli\u00e8re <b>de<\/b> Green Barley Plus contribue \u00e0 un certain nombre d&rsquo;avantages, tels que<\/p>\n\n\n\n<ul class=\"wp-block-list\">\n<li>Br\u00fbler les graisses<\/li>\n\n\n\n<li>R\u00e9gulation du m\u00e9tabolisme et de la digestion<\/li>\n\n\n\n<li>Nettoyage de l&rsquo;organisme des toxines<\/li>\n\n\n\n<li>Am\u00e9lioration de l&rsquo;\u00e9tat de la peau, des cheveux et des ongles<\/li>\n<\/ul>\n\n\n\n<p>En conclusion, une manipulation prudente et le respect des <em>instructions d&rsquo;<\/em> <em>utilisation de<\/em> Green Barley Plus contribueront certainement \u00e0 l&rsquo;obtention des r\u00e9sultats souhait\u00e9s en termes de perte de poids et de sant\u00e9 globale. La pr\u00e9caution est toujours une priorit\u00e9, en particulier pour les personnes ayant d\u00e9j\u00e0 des probl\u00e8mes de sant\u00e9.<\/p>\n\n\n\n<h2 class=\"wp-block-heading\">Green Barley Plus &#8211; Critiques et opinions &#8211; Que disent les utilisateurs ?<\/h2>\n\n\n\n<p>Les<b>avis sur<\/b> Green Barley Plus sont vari\u00e9s, mais beaucoup soulignent ses effets b\u00e9n\u00e9fiques sur la perte de poids. De nombreux avis peuvent \u00eatre trouv\u00e9s sur des forums en ligne, o\u00f9 les utilisateurs sont d\u00e9sireux de partager leurs exp\u00e9riences avec ce compl\u00e9ment.<\/p>\n\n\n\n<blockquote class=\"wp-block-quote is-layout-flow wp-block-quote-is-layout-flow\">\n<p><strong>Anna :<\/strong> \u00ab\u00a0Depuis que j&rsquo;ai commenc\u00e9 \u00e0 prendre Green Barley Plus, j&rsquo;ai remarqu\u00e9 que mon app\u00e9tit diminuait et que mon poids commen\u00e7ait \u00e0 baisser progressivement. Je pense que ce compl\u00e9ment est vraiment efficace et je le recommanderais \u00e0 tous ceux qui veulent perdre quelques kilos.\u00a0\u00bb<\/p>\n<\/blockquote>\n\n\n\n<blockquote class=\"wp-block-quote is-layout-flow wp-block-quote-is-layout-flow\">\n<p><strong>Marek :<\/strong> \u00ab\u00a0Green Barley Plus m&rsquo;a soutenu dans ma lutte contre le surpoids. Apr\u00e8s deux mois d&rsquo;utilisation, j&rsquo;ai perdu 7 kg et je me sens beaucoup mieux. Le seul inconv\u00e9nient est que j&rsquo;ai parfois des probl\u00e8mes d&rsquo;estomac, mais cela en vaut vraiment la peine !<\/p>\n<\/blockquote>\n\n\n\n<blockquote class=\"wp-block-quote is-layout-flow wp-block-quote-is-layout-flow\">\n<p><strong>Katarzyna :<\/strong> \u00ab\u00a0Gr\u00e2ce \u00e0 Green Barley Plus, j&rsquo;ai pu am\u00e9liorer mon m\u00e9tabolisme et perdre du poids efficacement. En outre, je me sens plus \u00e9nergique et plus motiv\u00e9e pour faire de l&rsquo;exercice.\u00a0\u00bb<\/p>\n<\/blockquote>\n\n\n\n<p>Les<b>avis d&rsquo;<\/b> utilisateurs trouv\u00e9s sur les forums soulignent \u00e9galement les <b>ingr\u00e9dients naturels<\/b> du compl\u00e9ment et son efficacit\u00e9. Les utilisateurs soulignent les changements positifs dans leur qualit\u00e9 de vie et le soutien que Green Barley Plus apporte \u00e0 la d\u00e9sintoxication de l&rsquo;organisme. Il convient de noter que l&rsquo;efficacit\u00e9 et la satisfaction de l&rsquo;utilisation de ce suppl\u00e9ment sont \u00e9videntes dans de nombreux avis, ce qui en fait un choix populaire parmi les personnes qui cherchent \u00e0 r\u00e9duire leur poids.<\/p>\n\n\n\n<h2 class=\"wp-block-heading\">Green Barley Plus &#8211; Composition &#8211; Que contient-il ?<\/h2>\n\n\n\n<p>Green Barley Plus est un <b>compl\u00e9ment alimentaire<\/b> qui se caract\u00e9rise par sa richesse en ingr\u00e9dients naturels qui influencent le processus de perte de poids. L&rsquo;\u00e9l\u00e9ment principal de sa <em>composition<\/em> est l&rsquo;orge jeune, connu pour ses propri\u00e9t\u00e9s qui soutiennent le m\u00e9tabolisme et am\u00e9liorent la digestion. La plante fournit des substances actives pr\u00e9cieuses, notamment de la chlorophylle, des fibres, des vitamines et des min\u00e9raux.<\/p>\n\n\n\n<p>Le compl\u00e9ment contient \u00e9galement<\/p>\n\n\n\n<ul class=\"wp-block-list\">\n<li>De l&rsquo;extrait de garcinia cambogia, qui contient de l&rsquo;acide hydroxycitrique (HCA). L&rsquo;HCA r\u00e9duit la sensation de faim tout en inhibant l&rsquo;accumulation de graisse.<\/li>\n\n\n\n<li>De la vitamine C, qui am\u00e9liore l&rsquo;\u00e9lasticit\u00e9 de la peau, r\u00e9duit la cellulite et favorise la production de collag\u00e8ne.<\/li>\n\n\n\n<li>La vitamine E, qui agit comme un antioxydant, prot\u00e8ge les cellules du stress oxydatif et favorise la r\u00e9g\u00e9n\u00e9ration de la peau.<\/li>\n\n\n\n<li>Le chrome, qui r\u00e9gule la glyc\u00e9mie, r\u00e9duit l&rsquo;app\u00e9tit et soutient les processus m\u00e9taboliques.<\/li>\n<\/ul>\n\n\n\n<p>La<b>posologie<\/b> recommande de prendre deux g\u00e9lules par jour avec beaucoup d&rsquo;eau, de pr\u00e9f\u00e9rence avant les repas. L&rsquo;<b>utilisation<\/b> r\u00e9guli\u00e8re <b>de<\/b> Green Barley Plus favorise une meilleure absorption des autres <em>substances actives<\/em> contenues dans l&rsquo;alimentation et contribue \u00e0 la sant\u00e9 g\u00e9n\u00e9rale de l&rsquo;organisme.<\/p>\n\n\n\n<p>Green Barley Plus est un produit d\u00e9di\u00e9 \u00e0 ceux qui s&rsquo;efforcent d&rsquo;adopter un mode de vie sain, combinant des <em>ingr\u00e9dients naturels<\/em> et des <em>substances actives<\/em> pour soutenir efficacement la perte de poids et am\u00e9liorer le bien-\u00eatre g\u00e9n\u00e9ral.<\/p>\n\n\n\n<h2 class=\"wp-block-heading\">O\u00f9 acheter et quel est le prix de Green Barley Plus ?<\/h2>\n\n\n\n<p>Green Barley Plus est uniquement disponible sur <em>le site officiel du fabricant<\/em>. Il est important que vous fassiez vos achats ici, car cela garantit l&rsquo;originalit\u00e9 et la qualit\u00e9 du produit. Les prix peuvent varier en fonction des <em>promotions<\/em> en cours. Les utilisateurs doivent \u00e9viter de commander Green Barley Plus aupr\u00e8s de pharmacies stationnaires et de sources non autoris\u00e9es pour \u00eatre s\u00fbrs d&rsquo;acheter le produit original. Lors de l&rsquo;achat, il est possible de trouver des <em>promotions<\/em> et des r\u00e9ductions int\u00e9ressantes, ce qui rend ce produit encore plus accessible.<\/p>\n\n\n\n<p>En achetant directement aupr\u00e8s du <em>fabricant officiel<\/em>, il est possible d&rsquo;obtenir une livraison rapide, jusqu&rsquo;\u00e0 48 heures apr\u00e8s la commande. Il est recommand\u00e9 de consulter les avis des utilisateurs et les promotions disponibles, ce qui peut vous aider \u00e0 d\u00e9cider d&rsquo;acheter ce compl\u00e9ment alimentaire efficace.<\/p>\n\n\n\n<h2 class=\"wp-block-heading\">Effets secondaires potentiels et contre-indications de Green Barley Plus<\/h2>\n\n\n\n<p>Green Barley Plus, comme tout <b>compl\u00e9ment alimentaire<\/b>, est associ\u00e9 \u00e0 la possibilit\u00e9 d&rsquo;<strong>effets secondaires<\/strong>, en particulier lorsqu&rsquo;il n&rsquo;est pas utilis\u00e9 conform\u00e9ment aux instructions. Des probl\u00e8mes de sant\u00e9 mineurs tels que des maux d&rsquo;estomac et des r\u00e9actions allergiques ont \u00e9t\u00e9 signal\u00e9s lors de l&rsquo;utilisation du produit, malgr\u00e9 un taux de r\u00e9ussite de 82 %. Cela signifie que 82 utilisateurs sur 100 ne ressentent pas d&rsquo;effets ind\u00e9sirables, ce qui se compare favorablement \u00e0 d&rsquo;autres compl\u00e9ments tels que la Phentermine, o\u00f9 seulement 63 utilisateurs sur 100 ne se plaignent pas d&rsquo;<strong>effets secondaires<\/strong>.<\/p>\n\n\n\n<p>Toutefois, les <strong>contre-indications<\/strong> ne doivent pas \u00eatre n\u00e9glig\u00e9es. Les personnes souffrant de troubles gastriques, les femmes enceintes et les m\u00e8res qui allaitent doivent \u00e9viter de prendre ce compl\u00e9ment. Il est conseill\u00e9 de consulter votre m\u00e9decin avant de commencer le traitement afin de garantir une <strong>s\u00e9curit\u00e9<\/strong> maximale et d&rsquo;ajuster le <b>dosage<\/b> en fonction de vos besoins de sant\u00e9 individuels.<\/p>\n\n\n\n<p>Il est \u00e9galement important que l&rsquo;utilisation de Green Barley Plus ne remplace pas un r\u00e9gime alimentaire sain. Pour maximiser les effets, il est conseill\u00e9 de combiner la suppl\u00e9mentation avec une alimentation ad\u00e9quate et une activit\u00e9 physique. Les personnes qui envisagent de prendre ce compl\u00e9ment devraient tenir compte de tous les aspects mentionn\u00e9s afin d&rsquo;en tirer le maximum de b\u00e9n\u00e9fices pour la sant\u00e9 et d&rsquo;\u00e9viter d&rsquo;\u00e9ventuels probl\u00e8mes.<\/p>\n","protected":false},"excerpt":{"rendered":"<p><strong>[date_countdown]<\/strong><\/p>\n<p><img decoding=\"async\" class=\"alignnone  wp-image-8427\" src=\"https:\/\/chirurgie-orthopedie-vannes.fr\/pharmacie\/wp-content\/uploads\/2024\/10\/SAFE-PAY-300x88-1.png\" alt=\"SAFE-PAY-300x88\" width=\"164\" height=\"48\" \/><\/p>\n","protected":false},"featured_media":3996,"comment_status":"open","ping_status":"closed","template":"","meta":{"neve_meta_sidebar":"","neve_meta_container":"","neve_meta_enable_content_width":"","neve_meta_content_width":0,"neve_meta_title_alignment":"","neve_meta_author_avatar":"","neve_post_elements_order":"","neve_meta_disable_header":"","neve_meta_disable_footer":"","neve_meta_disable_title":"","neve_meta_reading_time":""},"product_brand":[],"product_cat":[15],"product_tag":[],"class_list":{"0":"post-4556","1":"product","2":"type-product","3":"status-publish","4":"has-post-thumbnail","6":"product_cat-perte-de-poids","8":"first","9":"instock","10":"sale","11":"shipping-taxable","12":"product-type-external"},"yoast_head":"<!-- This site is optimized with the Yoast SEO plugin v27.4 - https:\/\/yoast.com\/product\/yoast-seo-wordpress\/ -->\n<title>Green Barley Plus - Avis, Forum, Pharmacie, Prix, Effets | -50%<\/title>\n<meta name=\"robots\" content=\"index, follow, max-snippet:-1, max-image-preview:large, max-video-preview:-1\" \/>\n<link rel=\"canonical\" href=\"https:\/\/chirurgie-orthopedie-vannes.fr\/pharmacie\/supp\/green-barley-plus\/\" \/>\n<meta property=\"og:locale\" content=\"fr_FR\" \/>\n<meta property=\"og:type\" content=\"article\" \/>\n<meta property=\"og:title\" content=\"Green Barley Plus - Avis, Forum, Pharmacie, Prix, Effets | -50%\" \/>\n<meta property=\"og:url\" content=\"https:\/\/chirurgie-orthopedie-vannes.fr\/pharmacie\/supp\/green-barley-plus\/\" \/>\n<meta property=\"og:site_name\" content=\"Chirurgie-Orthopedie-Vannes\" \/>\n<meta property=\"article:modified_time\" content=\"2025-01-14T13:29:22+00:00\" \/>\n<meta property=\"og:image\" content=\"https:\/\/chirurgie-orthopedie-vannes.fr\/pharmacie\/wp-content\/uploads\/2024\/10\/Green-Barley-Plus.jpg\" \/>\n\t<meta property=\"og:image:width\" content=\"768\" \/>\n\t<meta property=\"og:image:height\" content=\"768\" \/>\n\t<meta property=\"og:image:type\" content=\"image\/jpeg\" \/>\n<meta name=\"twitter:card\" content=\"summary_large_image\" \/>\n<meta name=\"twitter:description\" content=\"[date_countdown]\" \/>\n<meta name=\"twitter:label1\" content=\"Dur\u00e9e de lecture estim\u00e9e\" \/>\n\t<meta name=\"twitter:data1\" content=\"1 minute\" \/>\n<script type=\"application\/ld+json\" class=\"yoast-schema-graph\">{\"@context\":\"https:\\\/\\\/schema.org\",\"@graph\":[{\"@type\":\"WebPage\",\"@id\":\"https:\\\/\\\/chirurgie-orthopedie-vannes.fr\\\/pharmacie\\\/supp\\\/green-barley-plus\\\/\",\"url\":\"https:\\\/\\\/chirurgie-orthopedie-vannes.fr\\\/pharmacie\\\/supp\\\/green-barley-plus\\\/\",\"name\":\"Green Barley Plus - Avis, Forum, Pharmacie, Prix, Effets | -50%\",\"isPartOf\":{\"@id\":\"https:\\\/\\\/chirurgie-orthopedie-vannes.fr\\\/pharmacie\\\/#website\"},\"primaryImageOfPage\":{\"@id\":\"https:\\\/\\\/chirurgie-orthopedie-vannes.fr\\\/pharmacie\\\/supp\\\/green-barley-plus\\\/#primaryimage\"},\"image\":{\"@id\":\"https:\\\/\\\/chirurgie-orthopedie-vannes.fr\\\/pharmacie\\\/supp\\\/green-barley-plus\\\/#primaryimage\"},\"thumbnailUrl\":\"https:\\\/\\\/chirurgie-orthopedie-vannes.fr\\\/pharmacie\\\/wp-content\\\/uploads\\\/2024\\\/10\\\/Green-Barley-Plus.jpg\",\"datePublished\":\"2024-10-18T19:46:26+00:00\",\"dateModified\":\"2025-01-14T13:29:22+00:00\",\"breadcrumb\":{\"@id\":\"https:\\\/\\\/chirurgie-orthopedie-vannes.fr\\\/pharmacie\\\/supp\\\/green-barley-plus\\\/#breadcrumb\"},\"inLanguage\":\"fr-FR\",\"potentialAction\":[{\"@type\":\"ReadAction\",\"target\":[\"https:\\\/\\\/chirurgie-orthopedie-vannes.fr\\\/pharmacie\\\/supp\\\/green-barley-plus\\\/\"]}]},{\"@type\":\"ImageObject\",\"inLanguage\":\"fr-FR\",\"@id\":\"https:\\\/\\\/chirurgie-orthopedie-vannes.fr\\\/pharmacie\\\/supp\\\/green-barley-plus\\\/#primaryimage\",\"url\":\"https:\\\/\\\/chirurgie-orthopedie-vannes.fr\\\/pharmacie\\\/wp-content\\\/uploads\\\/2024\\\/10\\\/Green-Barley-Plus.jpg\",\"contentUrl\":\"https:\\\/\\\/chirurgie-orthopedie-vannes.fr\\\/pharmacie\\\/wp-content\\\/uploads\\\/2024\\\/10\\\/Green-Barley-Plus.jpg\",\"width\":768,\"height\":768},{\"@type\":\"BreadcrumbList\",\"@id\":\"https:\\\/\\\/chirurgie-orthopedie-vannes.fr\\\/pharmacie\\\/supp\\\/green-barley-plus\\\/#breadcrumb\",\"itemListElement\":[{\"@type\":\"ListItem\",\"position\":1,\"name\":\"Strona g\u0142\u00f3wna\",\"item\":\"https:\\\/\\\/chirurgie-orthopedie-vannes.fr\\\/pharmacie\\\/\"},{\"@type\":\"ListItem\",\"position\":2,\"name\":\"farmaci\",\"item\":\"https:\\\/\\\/chirurgie-orthopedie-vannes.fr\\\/pharmacie\\\/\"},{\"@type\":\"ListItem\",\"position\":3,\"name\":\"Green Barley Plus\"}]},{\"@type\":\"WebSite\",\"@id\":\"https:\\\/\\\/chirurgie-orthopedie-vannes.fr\\\/pharmacie\\\/#website\",\"url\":\"https:\\\/\\\/chirurgie-orthopedie-vannes.fr\\\/pharmacie\\\/\",\"name\":\"Chirurgie-Orthopedie-Vannes\",\"description\":\"\",\"potentialAction\":[{\"@type\":\"SearchAction\",\"target\":{\"@type\":\"EntryPoint\",\"urlTemplate\":\"https:\\\/\\\/chirurgie-orthopedie-vannes.fr\\\/pharmacie\\\/?s={search_term_string}\"},\"query-input\":{\"@type\":\"PropertyValueSpecification\",\"valueRequired\":true,\"valueName\":\"search_term_string\"}}],\"inLanguage\":\"fr-FR\"}]}<\/script>\n<!-- \/ Yoast SEO plugin. -->","yoast_head_json":{"title":"Green Barley Plus - Avis, Forum, Pharmacie, Prix, Effets | -50%","robots":{"index":"index","follow":"follow","max-snippet":"max-snippet:-1","max-image-preview":"max-image-preview:large","max-video-preview":"max-video-preview:-1"},"canonical":"https:\/\/chirurgie-orthopedie-vannes.fr\/pharmacie\/supp\/green-barley-plus\/","og_locale":"fr_FR","og_type":"article","og_title":"Green Barley Plus - Avis, Forum, Pharmacie, Prix, Effets | -50%","og_url":"https:\/\/chirurgie-orthopedie-vannes.fr\/pharmacie\/supp\/green-barley-plus\/","og_site_name":"Chirurgie-Orthopedie-Vannes","article_modified_time":"2025-01-14T13:29:22+00:00","og_image":[{"width":768,"height":768,"url":"https:\/\/chirurgie-orthopedie-vannes.fr\/pharmacie\/wp-content\/uploads\/2024\/10\/Green-Barley-Plus.jpg","type":"image\/jpeg"}],"twitter_card":"summary_large_image","twitter_description":"[date_countdown]","twitter_misc":{"Dur\u00e9e de lecture estim\u00e9e":"1 minute"},"schema":{"@context":"https:\/\/schema.org","@graph":[{"@type":"WebPage","@id":"https:\/\/chirurgie-orthopedie-vannes.fr\/pharmacie\/supp\/green-barley-plus\/","url":"https:\/\/chirurgie-orthopedie-vannes.fr\/pharmacie\/supp\/green-barley-plus\/","name":"Green Barley Plus - Avis, Forum, Pharmacie, Prix, Effets | -50%","isPartOf":{"@id":"https:\/\/chirurgie-orthopedie-vannes.fr\/pharmacie\/#website"},"primaryImageOfPage":{"@id":"https:\/\/chirurgie-orthopedie-vannes.fr\/pharmacie\/supp\/green-barley-plus\/#primaryimage"},"image":{"@id":"https:\/\/chirurgie-orthopedie-vannes.fr\/pharmacie\/supp\/green-barley-plus\/#primaryimage"},"thumbnailUrl":"https:\/\/chirurgie-orthopedie-vannes.fr\/pharmacie\/wp-content\/uploads\/2024\/10\/Green-Barley-Plus.jpg","datePublished":"2024-10-18T19:46:26+00:00","dateModified":"2025-01-14T13:29:22+00:00","breadcrumb":{"@id":"https:\/\/chirurgie-orthopedie-vannes.fr\/pharmacie\/supp\/green-barley-plus\/#breadcrumb"},"inLanguage":"fr-FR","potentialAction":[{"@type":"ReadAction","target":["https:\/\/chirurgie-orthopedie-vannes.fr\/pharmacie\/supp\/green-barley-plus\/"]}]},{"@type":"ImageObject","inLanguage":"fr-FR","@id":"https:\/\/chirurgie-orthopedie-vannes.fr\/pharmacie\/supp\/green-barley-plus\/#primaryimage","url":"https:\/\/chirurgie-orthopedie-vannes.fr\/pharmacie\/wp-content\/uploads\/2024\/10\/Green-Barley-Plus.jpg","contentUrl":"https:\/\/chirurgie-orthopedie-vannes.fr\/pharmacie\/wp-content\/uploads\/2024\/10\/Green-Barley-Plus.jpg","width":768,"height":768},{"@type":"BreadcrumbList","@id":"https:\/\/chirurgie-orthopedie-vannes.fr\/pharmacie\/supp\/green-barley-plus\/#breadcrumb","itemListElement":[{"@type":"ListItem","position":1,"name":"Strona g\u0142\u00f3wna","item":"https:\/\/chirurgie-orthopedie-vannes.fr\/pharmacie\/"},{"@type":"ListItem","position":2,"name":"farmaci","item":"https:\/\/chirurgie-orthopedie-vannes.fr\/pharmacie\/"},{"@type":"ListItem","position":3,"name":"Green Barley Plus"}]},{"@type":"WebSite","@id":"https:\/\/chirurgie-orthopedie-vannes.fr\/pharmacie\/#website","url":"https:\/\/chirurgie-orthopedie-vannes.fr\/pharmacie\/","name":"Chirurgie-Orthopedie-Vannes","description":"","potentialAction":[{"@type":"SearchAction","target":{"@type":"EntryPoint","urlTemplate":"https:\/\/chirurgie-orthopedie-vannes.fr\/pharmacie\/?s={search_term_string}"},"query-input":{"@type":"PropertyValueSpecification","valueRequired":true,"valueName":"search_term_string"}}],"inLanguage":"fr-FR"}]}},"_links":{"self":[{"href":"https:\/\/chirurgie-orthopedie-vannes.fr\/pharmacie\/wp-json\/wp\/v2\/product\/4556","targetHints":{"allow":["GET"]}}],"collection":[{"href":"https:\/\/chirurgie-orthopedie-vannes.fr\/pharmacie\/wp-json\/wp\/v2\/product"}],"about":[{"href":"https:\/\/chirurgie-orthopedie-vannes.fr\/pharmacie\/wp-json\/wp\/v2\/types\/product"}],"replies":[{"embeddable":true,"href":"https:\/\/chirurgie-orthopedie-vannes.fr\/pharmacie\/wp-json\/wp\/v2\/comments?post=4556"}],"wp:featuredmedia":[{"embeddable":true,"href":"https:\/\/chirurgie-orthopedie-vannes.fr\/pharmacie\/wp-json\/wp\/v2\/media\/3996"}],"wp:attachment":[{"href":"https:\/\/chirurgie-orthopedie-vannes.fr\/pharmacie\/wp-json\/wp\/v2\/media?parent=4556"}],"wp:term":[{"taxonomy":"product_brand","embeddable":true,"href":"https:\/\/chirurgie-orthopedie-vannes.fr\/pharmacie\/wp-json\/wp\/v2\/product_brand?post=4556"},{"taxonomy":"product_cat","embeddable":true,"href":"https:\/\/chirurgie-orthopedie-vannes.fr\/pharmacie\/wp-json\/wp\/v2\/product_cat?post=4556"},{"taxonomy":"product_tag","embeddable":true,"href":"https:\/\/chirurgie-orthopedie-vannes.fr\/pharmacie\/wp-json\/wp\/v2\/product_tag?post=4556"}],"curies":[{"name":"wp","href":"https:\/\/api.w.org\/{rel}","templated":true}]}}