{"id":4557,"date":"2024-10-18T19:46:26","date_gmt":"2024-10-18T19:46:26","guid":{"rendered":"https:\/\/chirurgie-orthopedie-vannes.fr\/pharmacie\/?post_type=product&#038;p=4557"},"modified":"2025-01-14T13:29:22","modified_gmt":"2025-01-14T13:29:22","slug":"keto-actives","status":"publish","type":"product","link":"https:\/\/chirurgie-orthopedie-vannes.fr\/pharmacie\/supp\/keto-actives\/","title":{"rendered":"Keto Actives"},"content":{"rendered":"<h2 class=\"wp-block-heading\">Qu&rsquo;est-ce que Keto Actives et comment fonctionne-t-il ?<\/h2>\n\n\n<p><b>Keto Actives<\/b> est un <b>compl\u00e9ment alimentaire<\/b> innovant, destin\u00e9 aux personnes souhaitant r\u00e9duire leur masse graisseuse et atteindre un \u00e9tat de c\u00e9tose. Son <em>action d<\/em> repose sur l&rsquo;acc\u00e9l\u00e9ration du m\u00e9tabolisme des graisses, ce qui favorise la combustion efficace des graisses stock\u00e9es dans l&rsquo;organisme.<\/p>\n\n\n<p>Le suppl\u00e9ment soutient les <b>effets d&rsquo;<\/b> un r\u00e9gime c\u00e9tog\u00e8ne en fournissant des ingr\u00e9dients qui favorisent l&rsquo;efficacit\u00e9 \u00e9nerg\u00e9tique. Les principaux composants sont le BHB (b\u00eata-hydroxybutyrate), l&rsquo;extrait de th\u00e9 vert et le poivre de Cayenne. Ces ingr\u00e9dients favorisent le contr\u00f4le de l&rsquo;app\u00e9tit, ce qui contribue \u00e0 restreindre les calories et \u00e0 faciliter la perte de poids.<\/p>\n\n\n<p>Il convient de noter que Keto Actives agit en convertissant les graisses en source d&rsquo;\u00e9nergie, ce qui est crucial dans le cadre d&rsquo;un r\u00e9gime pauvre en glucides. Les utilisateurs de ce compl\u00e9ment peuvent constater une augmentation de l&rsquo;\u00e9nergie, une am\u00e9lioration de la concentration et du bien-\u00eatre g\u00e9n\u00e9ral. Le risque d&rsquo;effets secondaires est minime, car la formule est bas\u00e9e sur des ingr\u00e9dients naturels.<\/p>\n\n\n<p>La <b>posologie<\/b> recommand\u00e9e est de deux g\u00e9lules par jour, l&rsquo;une le matin et l&rsquo;autre le soir, \u00e0 prendre avec beaucoup d&rsquo;eau. L&rsquo;<b>utilisation<\/b> r\u00e9guli\u00e8re <b>de<\/b> Keto Actives ne favorise pas seulement l&rsquo;<em>effet de<\/em> perte de poids, mais soutient \u00e9galement un mode de vie sain et une r\u00e9duction efficace du poids.<\/p>\n\n\n<h2 class=\"wp-block-heading\">Avantages de Keto Actives &#8211; Effets<\/h2>\n\n\n<p>La <b>prise de<\/b> Keto Actives pr\u00e9sente un certain nombre d&rsquo;<em>avantages<\/em> qui peuvent faire une diff\u00e9rence significative dans la perte de poids et le bien-\u00eatre g\u00e9n\u00e9ral. Une suppl\u00e9mentation r\u00e9guli\u00e8re peut conduire \u00e0 une perte de poids plus rapide et \u00e0 une production d&rsquo;\u00e9nergie accrue. <b>Les utilisateurs<\/b> constatent souvent que Keto Actives soutient <em>les effets d&rsquo;<\/em> un r\u00e9gime c\u00e9tog\u00e8ne en augmentant les niveaux de corps c\u00e9toniques dans le corps, ce qui acc\u00e9l\u00e8re la combustion des graisses et minimise la faim.<\/p>\n\n\n<p><b>Les effets de<\/b> Keto Actives se traduisent \u00e9galement par une am\u00e9lioration de la concentration et de l&rsquo;humeur, ce qui facilite l&rsquo;adoption d&rsquo;un mode de vie sain. Le compl\u00e9ment contribue \u00e0 stabiliser le taux de sucre dans le sang, \u00e0 \u00e9liminer les crises de faim et \u00e0 permettre une meilleure gestion de l&rsquo;app\u00e9tit.<\/p>\n\n\n<p>Dans les \u00e9tudes sur les effets de l&rsquo;alimentation et de la suppl\u00e9mentation sur la sant\u00e9, Keto Actives est souvent cit\u00e9 comme un produit qui aide efficacement \u00e0 la <b>perte de poids<\/b>, en particulier dans les zones r\u00e9sistantes du corps telles que l&rsquo;abdomen, les cuisses et les fesses.<\/p>\n\n\n<p>Il convient de noter les <b>avis<\/b> positifs des utilisateurs qui soulignent l&rsquo;efficacit\u00e9 de Keto Actives et son impact positif sur la perte de poids et le bien-\u00eatre g\u00e9n\u00e9ral.<\/p>\n\n\n<h2 class=\"wp-block-heading\">Comment utiliser Keto Actives &#8211; Mode d&#8217;emploi et posologie<\/h2>\n\n\n<p>L<b>&lsquo;utilisation de<\/b> Keto Actives doit suivre les recommandations du fabricant pour garantir son efficacit\u00e9. La dose recommand\u00e9e est de deux g\u00e9lules par jour. Il est pr\u00e9f\u00e9rable de les prendre avec beaucoup d&rsquo;eau pour faciliter l&rsquo;absorption. Il est conseill\u00e9 de le faire avant les repas afin de soutenir les effets du suppl\u00e9ment pendant que l&rsquo;on mange.<\/p>\n\n\n<p>Un <b>dosage<\/b> pr\u00e9cis est essentiel pour obtenir des r\u00e9sultats rapides. Keto Actives doit \u00eatre utilis\u00e9 en combinaison avec un r\u00e9gime pauvre en glucides et une activit\u00e9 physique r\u00e9guli\u00e8re. Cette approche am\u00e9liore les r\u00e9sultats et soutient le processus de perte de poids.<\/p>\n\n\n\n<blockquote class=\"wp-block-quote is-layout-flow wp-block-quote-is-layout-flow\"><p>Il est conseill\u00e9 de lire la notice et de consulter un di\u00e9t\u00e9ticien ou un m\u00e9decin avant de commencer le traitement. Cela permettra d&rsquo;\u00e9viter d&rsquo;\u00e9ventuels effets secondaires et de garantir une utilisation <b>s\u00fbre<\/b>.<\/p>\n<\/blockquote>\n\n\n<p>Des produits tels que Keto Actives peuvent soutenir le m\u00e9tabolisme et la combustion des graisses. La cl\u00e9 du succ\u00e8s r\u00e9side dans la r\u00e9gularit\u00e9 de l&rsquo;utilisation et l&rsquo;adaptation de votre mode de vie pour atteindre votre objectif.<\/p>\n\n\n<h2 class=\"wp-block-heading\">Keto Actives reviews &#8211; Que disent les utilisateurs sur les forums ?<\/h2>\n\n\n<p>Les <b>avis sur<\/b> Keto Actives qui apparaissent sur les forums en ligne varient consid\u00e9rablement. Certains <b>utilisateurs<\/b> font part d&rsquo;exp\u00e9riences positives, tandis que d&rsquo;autres se disent insatisfaits des effets de ce compl\u00e9ment. Voici les avis d\u00e9taill\u00e9s de trois utilisateurs :<\/p>\n\n\n\n<blockquote class=\"wp-block-quote is-layout-flow wp-block-quote-is-layout-flow\"><p><em>Marta :<\/em> \u00ab\u00a0Apr\u00e8s avoir utilis\u00e9 Keto Actives pendant quelques semaines, j&rsquo;ai remarqu\u00e9 une perte de poids significative. Le compl\u00e9ment m&rsquo;a aid\u00e9e \u00e0 surmonter les crises de faim et il m&rsquo;a \u00e9t\u00e9 plus facile de suivre mon r\u00e9gime. Je me sens \u00e9galement pleine d&rsquo;\u00e9nergie, ce qui me motive \u00e0 faire de l&rsquo;exercice.\u00a0\u00bb<\/p>\n<\/blockquote>\n\n\n\n<blockquote class=\"wp-block-quote is-layout-flow wp-block-quote-is-layout-flow\"><p><em>Peter :<\/em> \u00ab\u00a0J&rsquo;avais quelques doutes, mais apr\u00e8s quelques jours, j&rsquo;ai remarqu\u00e9 que mon humeur s&rsquo;am\u00e9liorait. Keto Actives soutient mon r\u00e9gime alimentaire et m&rsquo;aide \u00e0 \u00eatre plus performant dans le sport.\u00a0\u00bb<\/p>\n<\/blockquote>\n\n\n\n<blockquote class=\"wp-block-quote is-layout-flow wp-block-quote-is-layout-flow\"><p><em>Ania :<\/em> \u00ab\u00a0C&rsquo;est un excellent produit ! Depuis que je le prends, je suis plus concentr\u00e9e et j&rsquo;ai moins envie de sucreries. J&rsquo;ai r\u00e9ussi \u00e0 perdre quelques kilos suppl\u00e9mentaires.\u00a0\u00bb<\/p>\n<\/blockquote>\n\n\n<p>A c\u00f4t\u00e9 des avis positifs, on trouve \u00e9galement de nombreuses voix critiques sur les forums. <b>Les utilisateurs<\/b> soulignent souvent le manque d&rsquo;efficacit\u00e9 de Keto Actives et doutent de l&rsquo;authenticit\u00e9 des avis positifs. Il y a une tendance notable \u00e0 soup\u00e7onner que certaines critiques peuvent provenir d&rsquo;associ\u00e9s du fabricant, ce qui peut \u00eatre trompeur. Une telle diversit\u00e9 d&rsquo;opinions montre qu&rsquo;il vaut la peine d&rsquo;\u00eatre prudent lors du choix des compl\u00e9ments alimentaires. Dans le contexte des avis sur Keto Actives destin\u00e9s aux utilisateurs potentiels, il est important de r\u00e9fl\u00e9chir aux diff\u00e9rentes voix qui s&rsquo;expriment dans les forums.<\/p>\n\n\n<h2 class=\"wp-block-heading\">Keto Actives &#8211; Composition &#8211; Que contient-il ?<\/h2>\n\n\n<p>Keto Actives est un compl\u00e9ment \u00e0 base d&rsquo;<em>ingr\u00e9dients naturels<\/em> qui favorise la perte de poids et la <em>c\u00e9tose<\/em>. Sa <em>composition<\/em> comprend des substances actives soigneusement s\u00e9lectionn\u00e9es qui contribuent \u00e0 l&rsquo;efficacit\u00e9 du r\u00e9gime c\u00e9tog\u00e8ne.<\/p>\n\n\n<p>Les ingr\u00e9dients contenus dans Keto Actives sont les suivants<\/p>\n\n\n<figure class=\"wp-block-table\"><table class=\"has-fixed-layout\"><tbody><tr><th>Composant<\/th><th>Action<\/th><\/tr><tr><td>ForsLean\u00ae (250 mg)<\/td><td>Aide \u00e0 r\u00e9duire la graisse corporelle et \u00e0 augmenter le m\u00e9tabolisme<\/td><\/tr><tr><td>Clarinol\u00ae (250 mg)<\/td><td>R\u00e9duit le tuk et favorise la transformation des graisses en \u00e9nergie<\/td><\/tr><tr><td>Extrait de racine d&rsquo;ashwagandha (125 mg)<\/td><td>Effet r\u00e9ducteur de stress et soutien de l&rsquo;\u00e9quilibre hormonal<\/td><\/tr><tr><td>Extrait de fruit d&rsquo;orange am\u00e8re (100 mg)<\/td><td>Peut augmenter le m\u00e9tabolisme et r\u00e9duire l&rsquo;app\u00e9tit<\/td><\/tr><tr><td>Extrait de fruit de capsicum annuel (25 mg)<\/td><td>Favorise les processus digestifs et acc\u00e9l\u00e8re le m\u00e9tabolisme<\/td><\/tr><tr><td>Extrait de fruit de poivre noir (5 mg)<\/td><td>Am\u00e9liore l&rsquo;absorption des nutriments<\/td><\/tr><tr><td>Caf\u00e9ine anhydre (150 mg)<\/td><td>Augmente l&rsquo;\u00e9nergie et les performances physiques<\/td><\/tr><tr><td>Chrome (60,00 \u03bcg)<\/td><td>R\u00e9gule le taux de glucose dans le sang<\/td><\/tr><\/tbody><\/table><\/figure>\n\n\n<p>L&rsquo;utilisation de Keto Actives en combinaison avec un r\u00e9gime c\u00e9tog\u00e8ne pauvre en glucides permet d&rsquo;obtenir plus rapidement des r\u00e9sultats visibles. Gr\u00e2ce \u00e0 la combinaison de ces ingr\u00e9dients, ce compl\u00e9ment soutient les processus m\u00e9taboliques et aide \u00e0 contr\u00f4ler l&rsquo;app\u00e9tit.<\/p>\n\n\n<h2 class=\"wp-block-heading\">O\u00f9 acheter et quel est le prix de Keto Actives ?<\/h2>\n\n\n<p>Keto Actives est uniquement disponible sur <em>le site officiel du fabricant<\/em>. Cette forme d&rsquo;achat garantit la <b>s\u00e9curit\u00e9 d&rsquo;<\/b> acqu\u00e9rir le produit original et \u00e9vite les escroqueries qui peuvent se produire \u00e0 partir de diverses sources non autoris\u00e9es. La pr\u00e9sence de ce suppl\u00e9ment dans les pharmacies stationnaires n&rsquo;est pas le cas, ce qui fait du site web du fabricant le seul endroit appropri\u00e9 pour l&rsquo;achat.<\/p>\n\n\n<p><b>Le prix de<\/b> Keto Actives varie en fonction des promotions en cours. Les fabricants proposent diverses r\u00e9ductions, qui peuvent aller jusqu&rsquo;\u00e0 -50%. Une consultation r\u00e9guli\u00e8re du site permet de trouver les meilleures offres. Gr\u00e2ce aux promotions qui changent dynamiquement, les clients peuvent \u00e9conomiser une somme importante lors de l&rsquo;achat de Keto Actives.<\/p>\n\n\n<p>BeKeto, la marque responsable de Keto Actives, exp\u00e9die des produits dans plus de 25 pays \u00e0 travers le monde. Elle exp\u00e9die des centaines de colis chaque jour, atteignant \u00e0 la fois les personnes qui commencent \u00e0 suivre le r\u00e9gime c\u00e9tog\u00e8ne et celles qui ont d\u00e9j\u00e0 de l&rsquo;exp\u00e9rience dans ce domaine. Leur philosophie est ax\u00e9e sur des ingr\u00e9dients courts et propres, ce qui est essentiel pour les personnes soucieuses de leur sant\u00e9.<\/p>\n\n\n<h2 class=\"wp-block-heading\">Keto Actives &#8211; Effets secondaires et contre-indications &#8211; S\u00e9curit\u00e9 d&#8217;emploi<\/h2>\n\n\n<p>Lorsque l&rsquo;on choisit de se suppl\u00e9menter avec Keto Actives, il est important d&rsquo;\u00eatre conscient des effets secondaires potentiels. Bien que le compl\u00e9ment lui-m\u00eame ait \u00e9t\u00e9 jug\u00e9 s\u00fbr, certains utilisateurs peuvent ressentir des sympt\u00f4mes tels que des maux de t\u00eate, de la fatigue ou des probl\u00e8mes d&rsquo;estomac, en particulier lors de l&rsquo;adaptation au r\u00e9gime c\u00e9tog\u00e8ne. Ce ph\u00e9nom\u00e8ne peut \u00eatre li\u00e9 \u00e0 un d\u00e9s\u00e9quilibre \u00e9lectrolytique temporaire, ce qui est naturel dans les premi\u00e8res \u00e9tapes d&rsquo;un changement d&rsquo;habitudes alimentaires.<\/p>\n\n\n<p>Les <b>contre-indications<\/b> constituent un aspect important de la s\u00e9curit\u00e9 de Keto Actives. Les personnes souffrant d&rsquo;une maladie du foie, d&rsquo;une maladie r\u00e9nale ou de troubles m\u00e9taboliques doivent consulter leur m\u00e9decin avant de commencer la suppl\u00e9mentation. En outre, ce suppl\u00e9ment n&rsquo;est pas recommand\u00e9 pour les femmes enceintes ou qui allaitent, car il n&rsquo;y a pas suffisamment de donn\u00e9es pour \u00e9tayer son <b>innocuit\u00e9<\/b> dans ces groupes.<\/p>\n\n\n<p>En g\u00e9n\u00e9ral, la s\u00e9curit\u00e9 de Keto Actives est assur\u00e9e pour les adultes en bonne sant\u00e9, mais il est toujours utile d&rsquo;observer la r\u00e9action de votre corps \u00e0 un nouveau suppl\u00e9ment. Si vous avez des inqui\u00e9tudes concernant les effets secondaires ou les contre-indications, la consultation de votre m\u00e9decin est une \u00e9tape cl\u00e9 pour assurer une suppl\u00e9mentation efficace et s\u00fbre.<\/p>\n","protected":false},"excerpt":{"rendered":"<p><strong>[date_countdown]<\/strong><\/p>\n<p><img decoding=\"async\" class=\"alignnone  wp-image-8427\" src=\"https:\/\/chirurgie-orthopedie-vannes.fr\/pharmacie\/wp-content\/uploads\/2024\/10\/SAFE-PAY-300x88-1.png\" alt=\"SAFE-PAY-300x88\" width=\"164\" height=\"48\" \/><\/p>\n","protected":false},"featured_media":3995,"comment_status":"open","ping_status":"closed","template":"","meta":{"neve_meta_sidebar":"","neve_meta_container":"","neve_meta_enable_content_width":"","neve_meta_content_width":0,"neve_meta_title_alignment":"","neve_meta_author_avatar":"","neve_post_elements_order":"","neve_meta_disable_header":"","neve_meta_disable_footer":"","neve_meta_disable_title":"","neve_meta_reading_time":""},"product_brand":[],"product_cat":[15],"product_tag":[],"class_list":{"0":"post-4557","1":"product","2":"type-product","3":"status-publish","4":"has-post-thumbnail","6":"product_cat-perte-de-poids","8":"first","9":"instock","10":"sale","11":"shipping-taxable","12":"product-type-external"},"yoast_head":"<!-- This site is optimized with the Yoast SEO plugin v27.4 - https:\/\/yoast.com\/product\/yoast-seo-wordpress\/ -->\n<title>Keto Actives - Avis, Forum, Pharmacie, Prix, Effets | -50%<\/title>\n<meta name=\"robots\" content=\"index, follow, max-snippet:-1, max-image-preview:large, max-video-preview:-1\" \/>\n<link rel=\"canonical\" href=\"https:\/\/chirurgie-orthopedie-vannes.fr\/pharmacie\/supp\/keto-actives\/\" \/>\n<meta property=\"og:locale\" content=\"fr_FR\" \/>\n<meta property=\"og:type\" content=\"article\" \/>\n<meta property=\"og:title\" content=\"Keto Actives - Avis, Forum, Pharmacie, Prix, Effets | -50%\" \/>\n<meta property=\"og:url\" content=\"https:\/\/chirurgie-orthopedie-vannes.fr\/pharmacie\/supp\/keto-actives\/\" \/>\n<meta property=\"og:site_name\" content=\"Chirurgie-Orthopedie-Vannes\" \/>\n<meta property=\"article:modified_time\" content=\"2025-01-14T13:29:22+00:00\" \/>\n<meta property=\"og:image\" content=\"https:\/\/chirurgie-orthopedie-vannes.fr\/pharmacie\/wp-content\/uploads\/2024\/10\/Keto-Actives.jpg\" \/>\n\t<meta property=\"og:image:width\" content=\"768\" \/>\n\t<meta property=\"og:image:height\" content=\"768\" \/>\n\t<meta property=\"og:image:type\" content=\"image\/jpeg\" \/>\n<meta name=\"twitter:card\" content=\"summary_large_image\" \/>\n<meta name=\"twitter:description\" content=\"[date_countdown]\" \/>\n<meta name=\"twitter:label1\" content=\"Dur\u00e9e de lecture estim\u00e9e\" \/>\n\t<meta name=\"twitter:data1\" content=\"1 minute\" \/>\n<script type=\"application\/ld+json\" class=\"yoast-schema-graph\">{\"@context\":\"https:\\\/\\\/schema.org\",\"@graph\":[{\"@type\":\"WebPage\",\"@id\":\"https:\\\/\\\/chirurgie-orthopedie-vannes.fr\\\/pharmacie\\\/supp\\\/keto-actives\\\/\",\"url\":\"https:\\\/\\\/chirurgie-orthopedie-vannes.fr\\\/pharmacie\\\/supp\\\/keto-actives\\\/\",\"name\":\"Keto Actives - Avis, Forum, Pharmacie, Prix, Effets | -50%\",\"isPartOf\":{\"@id\":\"https:\\\/\\\/chirurgie-orthopedie-vannes.fr\\\/pharmacie\\\/#website\"},\"primaryImageOfPage\":{\"@id\":\"https:\\\/\\\/chirurgie-orthopedie-vannes.fr\\\/pharmacie\\\/supp\\\/keto-actives\\\/#primaryimage\"},\"image\":{\"@id\":\"https:\\\/\\\/chirurgie-orthopedie-vannes.fr\\\/pharmacie\\\/supp\\\/keto-actives\\\/#primaryimage\"},\"thumbnailUrl\":\"https:\\\/\\\/chirurgie-orthopedie-vannes.fr\\\/pharmacie\\\/wp-content\\\/uploads\\\/2024\\\/10\\\/Keto-Actives.jpg\",\"datePublished\":\"2024-10-18T19:46:26+00:00\",\"dateModified\":\"2025-01-14T13:29:22+00:00\",\"breadcrumb\":{\"@id\":\"https:\\\/\\\/chirurgie-orthopedie-vannes.fr\\\/pharmacie\\\/supp\\\/keto-actives\\\/#breadcrumb\"},\"inLanguage\":\"fr-FR\",\"potentialAction\":[{\"@type\":\"ReadAction\",\"target\":[\"https:\\\/\\\/chirurgie-orthopedie-vannes.fr\\\/pharmacie\\\/supp\\\/keto-actives\\\/\"]}]},{\"@type\":\"ImageObject\",\"inLanguage\":\"fr-FR\",\"@id\":\"https:\\\/\\\/chirurgie-orthopedie-vannes.fr\\\/pharmacie\\\/supp\\\/keto-actives\\\/#primaryimage\",\"url\":\"https:\\\/\\\/chirurgie-orthopedie-vannes.fr\\\/pharmacie\\\/wp-content\\\/uploads\\\/2024\\\/10\\\/Keto-Actives.jpg\",\"contentUrl\":\"https:\\\/\\\/chirurgie-orthopedie-vannes.fr\\\/pharmacie\\\/wp-content\\\/uploads\\\/2024\\\/10\\\/Keto-Actives.jpg\",\"width\":768,\"height\":768},{\"@type\":\"BreadcrumbList\",\"@id\":\"https:\\\/\\\/chirurgie-orthopedie-vannes.fr\\\/pharmacie\\\/supp\\\/keto-actives\\\/#breadcrumb\",\"itemListElement\":[{\"@type\":\"ListItem\",\"position\":1,\"name\":\"Strona g\u0142\u00f3wna\",\"item\":\"https:\\\/\\\/chirurgie-orthopedie-vannes.fr\\\/pharmacie\\\/\"},{\"@type\":\"ListItem\",\"position\":2,\"name\":\"farmaci\",\"item\":\"https:\\\/\\\/chirurgie-orthopedie-vannes.fr\\\/pharmacie\\\/\"},{\"@type\":\"ListItem\",\"position\":3,\"name\":\"Keto Actives\"}]},{\"@type\":\"WebSite\",\"@id\":\"https:\\\/\\\/chirurgie-orthopedie-vannes.fr\\\/pharmacie\\\/#website\",\"url\":\"https:\\\/\\\/chirurgie-orthopedie-vannes.fr\\\/pharmacie\\\/\",\"name\":\"Chirurgie-Orthopedie-Vannes\",\"description\":\"\",\"potentialAction\":[{\"@type\":\"SearchAction\",\"target\":{\"@type\":\"EntryPoint\",\"urlTemplate\":\"https:\\\/\\\/chirurgie-orthopedie-vannes.fr\\\/pharmacie\\\/?s={search_term_string}\"},\"query-input\":{\"@type\":\"PropertyValueSpecification\",\"valueRequired\":true,\"valueName\":\"search_term_string\"}}],\"inLanguage\":\"fr-FR\"}]}<\/script>\n<!-- \/ Yoast SEO plugin. -->","yoast_head_json":{"title":"Keto Actives - Avis, Forum, Pharmacie, Prix, Effets | -50%","robots":{"index":"index","follow":"follow","max-snippet":"max-snippet:-1","max-image-preview":"max-image-preview:large","max-video-preview":"max-video-preview:-1"},"canonical":"https:\/\/chirurgie-orthopedie-vannes.fr\/pharmacie\/supp\/keto-actives\/","og_locale":"fr_FR","og_type":"article","og_title":"Keto Actives - Avis, Forum, Pharmacie, Prix, Effets | -50%","og_url":"https:\/\/chirurgie-orthopedie-vannes.fr\/pharmacie\/supp\/keto-actives\/","og_site_name":"Chirurgie-Orthopedie-Vannes","article_modified_time":"2025-01-14T13:29:22+00:00","og_image":[{"width":768,"height":768,"url":"https:\/\/chirurgie-orthopedie-vannes.fr\/pharmacie\/wp-content\/uploads\/2024\/10\/Keto-Actives.jpg","type":"image\/jpeg"}],"twitter_card":"summary_large_image","twitter_description":"[date_countdown]","twitter_misc":{"Dur\u00e9e de lecture estim\u00e9e":"1 minute"},"schema":{"@context":"https:\/\/schema.org","@graph":[{"@type":"WebPage","@id":"https:\/\/chirurgie-orthopedie-vannes.fr\/pharmacie\/supp\/keto-actives\/","url":"https:\/\/chirurgie-orthopedie-vannes.fr\/pharmacie\/supp\/keto-actives\/","name":"Keto Actives - Avis, Forum, Pharmacie, Prix, Effets | -50%","isPartOf":{"@id":"https:\/\/chirurgie-orthopedie-vannes.fr\/pharmacie\/#website"},"primaryImageOfPage":{"@id":"https:\/\/chirurgie-orthopedie-vannes.fr\/pharmacie\/supp\/keto-actives\/#primaryimage"},"image":{"@id":"https:\/\/chirurgie-orthopedie-vannes.fr\/pharmacie\/supp\/keto-actives\/#primaryimage"},"thumbnailUrl":"https:\/\/chirurgie-orthopedie-vannes.fr\/pharmacie\/wp-content\/uploads\/2024\/10\/Keto-Actives.jpg","datePublished":"2024-10-18T19:46:26+00:00","dateModified":"2025-01-14T13:29:22+00:00","breadcrumb":{"@id":"https:\/\/chirurgie-orthopedie-vannes.fr\/pharmacie\/supp\/keto-actives\/#breadcrumb"},"inLanguage":"fr-FR","potentialAction":[{"@type":"ReadAction","target":["https:\/\/chirurgie-orthopedie-vannes.fr\/pharmacie\/supp\/keto-actives\/"]}]},{"@type":"ImageObject","inLanguage":"fr-FR","@id":"https:\/\/chirurgie-orthopedie-vannes.fr\/pharmacie\/supp\/keto-actives\/#primaryimage","url":"https:\/\/chirurgie-orthopedie-vannes.fr\/pharmacie\/wp-content\/uploads\/2024\/10\/Keto-Actives.jpg","contentUrl":"https:\/\/chirurgie-orthopedie-vannes.fr\/pharmacie\/wp-content\/uploads\/2024\/10\/Keto-Actives.jpg","width":768,"height":768},{"@type":"BreadcrumbList","@id":"https:\/\/chirurgie-orthopedie-vannes.fr\/pharmacie\/supp\/keto-actives\/#breadcrumb","itemListElement":[{"@type":"ListItem","position":1,"name":"Strona g\u0142\u00f3wna","item":"https:\/\/chirurgie-orthopedie-vannes.fr\/pharmacie\/"},{"@type":"ListItem","position":2,"name":"farmaci","item":"https:\/\/chirurgie-orthopedie-vannes.fr\/pharmacie\/"},{"@type":"ListItem","position":3,"name":"Keto Actives"}]},{"@type":"WebSite","@id":"https:\/\/chirurgie-orthopedie-vannes.fr\/pharmacie\/#website","url":"https:\/\/chirurgie-orthopedie-vannes.fr\/pharmacie\/","name":"Chirurgie-Orthopedie-Vannes","description":"","potentialAction":[{"@type":"SearchAction","target":{"@type":"EntryPoint","urlTemplate":"https:\/\/chirurgie-orthopedie-vannes.fr\/pharmacie\/?s={search_term_string}"},"query-input":{"@type":"PropertyValueSpecification","valueRequired":true,"valueName":"search_term_string"}}],"inLanguage":"fr-FR"}]}},"_links":{"self":[{"href":"https:\/\/chirurgie-orthopedie-vannes.fr\/pharmacie\/wp-json\/wp\/v2\/product\/4557","targetHints":{"allow":["GET"]}}],"collection":[{"href":"https:\/\/chirurgie-orthopedie-vannes.fr\/pharmacie\/wp-json\/wp\/v2\/product"}],"about":[{"href":"https:\/\/chirurgie-orthopedie-vannes.fr\/pharmacie\/wp-json\/wp\/v2\/types\/product"}],"replies":[{"embeddable":true,"href":"https:\/\/chirurgie-orthopedie-vannes.fr\/pharmacie\/wp-json\/wp\/v2\/comments?post=4557"}],"wp:featuredmedia":[{"embeddable":true,"href":"https:\/\/chirurgie-orthopedie-vannes.fr\/pharmacie\/wp-json\/wp\/v2\/media\/3995"}],"wp:attachment":[{"href":"https:\/\/chirurgie-orthopedie-vannes.fr\/pharmacie\/wp-json\/wp\/v2\/media?parent=4557"}],"wp:term":[{"taxonomy":"product_brand","embeddable":true,"href":"https:\/\/chirurgie-orthopedie-vannes.fr\/pharmacie\/wp-json\/wp\/v2\/product_brand?post=4557"},{"taxonomy":"product_cat","embeddable":true,"href":"https:\/\/chirurgie-orthopedie-vannes.fr\/pharmacie\/wp-json\/wp\/v2\/product_cat?post=4557"},{"taxonomy":"product_tag","embeddable":true,"href":"https:\/\/chirurgie-orthopedie-vannes.fr\/pharmacie\/wp-json\/wp\/v2\/product_tag?post=4557"}],"curies":[{"name":"wp","href":"https:\/\/api.w.org\/{rel}","templated":true}]}}