{"id":4560,"date":"2024-10-18T19:46:26","date_gmt":"2024-10-18T19:46:26","guid":{"rendered":"https:\/\/chirurgie-orthopedie-vannes.fr\/pharmacie\/?post_type=product&#038;p=4560"},"modified":"2025-01-14T13:29:29","modified_gmt":"2025-01-14T13:29:29","slug":"locerin","status":"publish","type":"product","link":"https:\/\/chirurgie-orthopedie-vannes.fr\/pharmacie\/supp\/locerin\/","title":{"rendered":"Locerin"},"content":{"rendered":"\n<h2 class=\"wp-block-heading\">Qu&rsquo;est-ce que Locerin et comment fonctionne-t-il ?<\/h2>\n\n\n\n<p><b>Locerin<\/b> est un <b>compl\u00e9ment alimentaire<\/b> moderne con\u00e7u pour lutter contre la chute des cheveux. Gr\u00e2ce \u00e0 sa formule unique, il agit dans deux domaines principaux : il favorise la r\u00e9g\u00e9n\u00e9ration de la structure du cheveu et renforce les bulbes capillaires. Des ingr\u00e9dients cl\u00e9s tels que la <em>biotine<\/em>, les <em>extraits de plantes<\/em> et <em>AnaGain\u2122<\/em> sont con\u00e7us pour nourrir le cuir chevelu et stimuler la croissance de nouveaux cheveux.<\/p>\n\n\n\n<p><b>Comment<\/b> Locerin<b>agit-il<\/b>? Le produit am\u00e9liore la <em>circulation sanguine dans le cuir chevelu<\/em>, ce qui favorise une meilleure absorption des ingr\u00e9dients actifs. En outre, ses ingr\u00e9dients d\u00e9bloquent les pores, ce qui permet aux nutriments d&rsquo;agir plus efficacement. L&rsquo;utilisation r\u00e9guli\u00e8re du compl\u00e9ment peut produire des <b>r\u00e9sultats<\/b> notables en r\u00e9duisant la perte de cheveux et en favorisant une croissance saine des cheveux.<\/p>\n\n\n\n<ul class=\"wp-block-list\">\n<li>Soutien \u00e0 la r\u00e9g\u00e9n\u00e9ration de la structure des cheveux<\/li>\n\n\n\n<li>Renforcement des bulbes pileux<\/li>\n\n\n\n<li>Stimulation de la repousse des cheveux<\/li>\n\n\n\n<li>Am\u00e9lioration de l&rsquo;irrigation sanguine du cuir chevelu<\/li>\n\n\n\n<li>D\u00e9sobstruction des pores pour une meilleure absorption<\/li>\n<\/ul>\n\n\n\n<p>Locerin est donc <b>un compl\u00e9ment<\/b> qui allie des propri\u00e9t\u00e9s nutritionnelles et r\u00e9g\u00e9n\u00e9ratrices, ce qui en fait un soutien efficace dans la lutte contre la chute des cheveux.<\/p>\n\n\n\n<h2 class=\"wp-block-heading\">Avantages de l&rsquo;utilisation de Locerin &#8211; Effets<\/h2>\n\n\n\n<p>L&rsquo;utilisation de Locerin en tant que compl\u00e9ment alimentaire apporte un certain nombre de <em>b\u00e9n\u00e9fices<\/em> qui peuvent am\u00e9liorer significativement l&rsquo;\u00e9tat des cheveux. La prise r\u00e9guli\u00e8re du produit entra\u00eene un renforcement notable des cheveux et une am\u00e9lioration de leur \u00e9tat. <b>Les utilisateurs<\/b> font souvent \u00e9tat d&rsquo;une am\u00e9lioration de la densit\u00e9, du volume et de la sant\u00e9 g\u00e9n\u00e9rale des cheveux.<\/p>\n\n\n\n<p>L&rsquo;un des principaux <em>effets de l&rsquo;<\/em> utilisation de Locerin est la r\u00e9duction de la chute des cheveux. Ce <b>compl\u00e9ment<\/b> favorise la croissance naturelle gr\u00e2ce \u00e0 des principes actifs tels que la Biotine, b\u00e9n\u00e9fique pour la sant\u00e9 des cheveux et des ongles. De plus, la pr\u00e9sence de zinc et de cuivre contribue \u00e0 maintenir la couleur naturelle des cheveux et \u00e0 les renforcer.<\/p>\n\n\n\n<p>Locerin contient 16 ingr\u00e9dients actifs, tels que la pr\u00eale, l&rsquo;ortie et la luzerne, qui favorisent la sant\u00e9 du cuir chevelu, essentielle \u00e0 une croissance efficace des cheveux. Gr\u00e2ce \u00e0 ces ingr\u00e9dients, les personnes qui utilisent Locerin constatent souvent une repousse plus rapide et un meilleur \u00e9tat des cheveux.<\/p>\n\n\n\n<p>La s\u00e9curit\u00e9 d&rsquo;utilisation de Locerin est \u00e9galement remarquable. Les clients appr\u00e9cient le type d&rsquo;ingr\u00e9dients naturels, ce qui signifie que le produit pr\u00e9sente un risque minimal d&rsquo;effets secondaires. Il convient de noter que l&rsquo;utilisation r\u00e9guli\u00e8re du compl\u00e9ment est la cl\u00e9 pour obtenir des <em>r\u00e9sultats<\/em> optimaux et garantir des <b>b\u00e9n\u00e9fices<\/b> capillaires durables.<\/p>\n\n\n\n<h2 class=\"wp-block-heading\">Dosage de Locerin &#8211; Comment l&rsquo;utiliser ?<\/h2>\n\n\n\n<p>La <b>posologie<\/b> recommand\u00e9e du compl\u00e9ment Locerin est de deux comprim\u00e9s par jour. Il est pr\u00e9f\u00e9rable de le prendre apr\u00e8s ou pendant un repas, ce qui favorise une meilleure absorption des ingr\u00e9dients actifs. Une utilisation r\u00e9guli\u00e8re de Locerin est essentielle pour obtenir des r\u00e9sultats visibles. Le fabricant conseille d&rsquo;utiliser le produit pendant 2 \u00e0 3 mois pour obtenir des r\u00e9sultats optimaux.<\/p>\n\n\n\n<p>En cas d&rsquo;oubli d&rsquo;une dose, il ne faut pas doubler la dose afin d&rsquo;\u00e9viter les effets secondaires potentiels. Ce <b>compl\u00e9ment<\/b> n&rsquo;est pas destin\u00e9 aux femmes enceintes ou qui allaitent. La <b>posologie de<\/b> Locerin doit \u00eatre strictement respect\u00e9e pour garantir une utilisation s\u00fbre et maximiser les <b>avantages du<\/b> produit.<\/p>\n\n\n\n<p>Il convient de rappeler que les <b>effets de<\/b> Locerin peuvent varier en fonction de la r\u00e9action de l&rsquo;organisme \u00e0 ce compl\u00e9ment. En cas d&rsquo;utilisation r\u00e9guli\u00e8re, 85 % des participants ont constat\u00e9 une r\u00e9duction de la perte de cheveux et une am\u00e9lioration de la croissance des cheveux apr\u00e8s seulement un mois. Vous trouverez ci-dessous un tableau d\u00e9taill\u00e9 qui r\u00e9sume les principales informations sur le dosage et les effets de Locerin.<\/p>\n\n\n\n<figure class=\"wp-block-table\"><table class=\"has-fixed-layout\"><tbody><tr><th>Aspect<\/th><th>D\u00e9tails<\/th><\/tr><tr><td><b>Dosage<\/b><\/td><td>2 comprim\u00e9s par jour<\/td><\/tr><tr><td>Moment id\u00e9al pour la prise<\/td><td>Pendant ou apr\u00e8s un repas<\/td><\/tr><tr><td>Dur\u00e9e d&rsquo;utilisation recommand\u00e9e<\/td><td>2 \u00e0 3 mois<\/td><\/tr><tr><td><b>Effets<\/b> apr\u00e8s un mois<\/td><td>85% ont constat\u00e9 une am\u00e9lioration de la croissance des cheveux<\/td><\/tr><tr><td><b>Contre-indications<\/b><\/td><td>Ne pas utiliser pendant la grossesse et l&rsquo;allaitement<\/td><\/tr><tr><td>R\u00e9duction de la chute des cheveux<\/td><td>Oui, 85% des participants<\/td><\/tr><\/tbody><\/table><\/figure>\n\n\n\n<h2 class=\"wp-block-heading\">Avis sur Locerin &#8211; Que disent les utilisateurs dans les forums ?<\/h2>\n\n\n\n<p>Dans les forums, les <b>utilisateurs<\/b> partagent leurs exp\u00e9riences avec Locerin. Beaucoup de ces <em>avis<\/em> montrent les <em>effets<\/em> positifs <em>de l&rsquo;<\/em> utilisation du compl\u00e9ment, ce qui attire l&rsquo;attention de nouveaux clients potentiels.<\/p>\n\n\n\n<blockquote class=\"wp-block-quote is-layout-flow wp-block-quote-is-layout-flow\">\n<p>\u00ab\u00a0J&rsquo;ai utilis\u00e9 Locerin pendant trois mois et j&rsquo;ai remarqu\u00e9 une am\u00e9lioration significative de la densit\u00e9 de mes cheveux. Mes cheveux sont devenus plus forts et tombent moins. De plus, mes cheveux ont gagn\u00e9 en brillance, ce qui me rend tr\u00e8s heureuse. Je le recommande vivement !\u00a0\u00bb &#8211; Anna<\/p>\n<\/blockquote>\n\n\n\n<blockquote class=\"wp-block-quote is-layout-flow wp-block-quote-is-layout-flow\">\n<p>\u00ab\u00a0Apr\u00e8s quelques semaines, de nouveaux cheveux ont enfin commenc\u00e9 \u00e0 pousser, ce qui me rend extr\u00eamement heureuse ! De plus, j&rsquo;ai remarqu\u00e9 que je n&rsquo;avais plus de pointes fourchues, ce qui \u00e9tait mon probl\u00e8me depuis longtemps. Cela vaut vraiment la peine d&rsquo;essayer !\u00a0\u00bb &#8211; Marta<\/p>\n<\/blockquote>\n\n\n\n<blockquote class=\"wp-block-quote is-layout-flow wp-block-quote-is-layout-flow\">\n<p>\u00ab\u00a0Au cours du premier mois d&rsquo;utilisation, je n&rsquo;ai pas remarqu\u00e9 beaucoup de changement, mais j&rsquo;ai d\u00e9cid\u00e9 de continuer, ce qui s&rsquo;est av\u00e9r\u00e9 \u00eatre la bonne d\u00e9cision. Apr\u00e8s cela, j&rsquo;ai commenc\u00e9 \u00e0 remarquer une diff\u00e9rence &#8211; mes cheveux ont commenc\u00e9 \u00e0 pousser plus vite et \u00e0 avoir l&rsquo;air plus sains. R\u00e9trospectivement, Locerin fonctionne vraiment !\u00a0\u00bb &#8211; Kamil<\/p>\n<\/blockquote>\n\n\n\n<p>Les<b>avis<\/b> sur les forums indiquent clairement que les <em>utilisateurs<\/em> sont satisfaits des effets de Locerin, ce qui confirme sa popularit\u00e9 croissante. Les personnes \u00e0 la recherche de solutions efficaces pour lutter contre la chute des cheveux peuvent obtenir de nombreuses informations en consultant les fils de discussion sur les <em>forums<\/em> th\u00e9matiques.<\/p>\n\n\n\n<h2 class=\"wp-block-heading\">Locerin &#8211; Composition &#8211; Analyse des ingr\u00e9dients<\/h2>\n\n\n\n<p><b>La composition du<\/b> compl\u00e9ment alimentaire Locerin est le r\u00e9sultat de nombreuses ann\u00e9es de recherche sur le soin des cheveux. Ce produit contient <em>16 ingr\u00e9dients actifs<\/em> qui agissent en synergie pour apporter un soutien complet \u00e0 la sant\u00e9 des cheveux. Les principaux ingr\u00e9dients sont les suivants<\/p>\n\n\n\n<ul class=\"wp-block-list\">\n<li><em>Extrait de graines de pois<\/em> &#8211; nourrit et renforce la structure du cheveu.<\/li>\n\n\n\n<li><em>Graines de citrouille<\/em> &#8211; riches en acides gras essentiels qui favorisent la r\u00e9g\u00e9n\u00e9ration des cheveux.<\/li>\n\n\n\n<li><em>Biotine<\/em> &#8211; am\u00e9liore l&rsquo;\u00e9tat des cheveux, influence leur brillance et leur \u00e9lasticit\u00e9.<\/li>\n\n\n\n<li><em>Zinc<\/em> &#8211; \u00e9l\u00e9ment cl\u00e9 de la croissance et de la restauration des cheveux.<\/li>\n\n\n\n<li><em>Vitamines B<\/em> &#8211; soutiennent le m\u00e9tabolisme cellulaire, ce qui est important pour une croissance saine des cheveux.<\/li>\n<\/ul>\n\n\n\n<p><b>L&rsquo;analyse des<\/b> ingr\u00e9dients de Locerin met en \u00e9vidence leurs effets positifs sur la <em>r\u00e9g\u00e9n\u00e9ration<\/em> et le <em>renforcement des cheveux<\/em>. L&rsquo;action de ces ingr\u00e9dients comprend \u00e9galement l&rsquo;am\u00e9lioration de l&rsquo;\u00e9tat g\u00e9n\u00e9ral des cheveux et l&rsquo;optimisation de l&rsquo;hydratation du cuir chevelu. Les clients constatent les premiers effets apr\u00e8s quelques semaines d&rsquo;utilisation r\u00e9guli\u00e8re, ce qui est confirm\u00e9 par les <em>commentaires positifs<\/em> des utilisateurs. Toutefois, il est important de noter que les r\u00e9actions allergiques potentielles peuvent \u00eatre \u00e9vit\u00e9es en consultant un m\u00e9decin avant de commencer le traitement.<\/p>\n\n\n\n<p>Lors de l&rsquo;achat de Locerin, vous pouvez \u00eatre s\u00fbr de la qualit\u00e9 des ingr\u00e9dients, car le produit n&rsquo;est disponible que sur le site officiel du fabricant, ce qui en garantit l&rsquo;originalit\u00e9. Les prix sont susceptibles d&rsquo;\u00eatre modifi\u00e9s en fonction des promotions en cours.<\/p>\n\n\n\n<h2 class=\"wp-block-heading\">O\u00f9 acheter et quel est le prix de Locerin ?<\/h2>\n\n\n\n<p>Locerin est uniquement disponible sur le site <em>officiel du fabricant<\/em>. C&rsquo;est le seul endroit o\u00f9 vous pouvez acheter le produit original, ce qui constitue une protection contre l&rsquo;achat de contrefa\u00e7ons. Il convient de noter que les prix peuvent varier en fonction des promotions en cours. Les remises r\u00e9guli\u00e8res disponibles sur le site du fabricant peuvent rendre l&rsquo;achat encore plus avantageux.<\/p>\n\n\n\n<p>L&rsquo;achat dans les pharmacies stationnaires n&rsquo;est pas possible car Locerin n&rsquo;y est pas distribu\u00e9. Si vous d\u00e9cidez de l&rsquo;acheter, il vaut la peine de suivre r\u00e9guli\u00e8rement le site <em>officiel du fabricant<\/em> pour \u00eatre au courant des offres en cours.<\/p>\n\n\n\n<h2 class=\"wp-block-heading\">Effets secondaires potentiels et contre-indications \u00e0 l&rsquo;utilisation de Locerin<\/h2>\n\n\n\n<p>Locerin, bien qu&rsquo;il soit bas\u00e9 sur des ingr\u00e9dients naturels, n&rsquo;est pas exempt d&rsquo;effets secondaires potentiels. Certains utilisateurs peuvent ressentir une l\u00e9g\u00e8re g\u00eane au niveau de l&rsquo;estomac, qui dispara\u00eet g\u00e9n\u00e9ralement apr\u00e8s quelques jours d&rsquo;utilisation. Il est important d&rsquo;\u00eatre attentif aux r\u00e9actions de votre corps et de consulter votre m\u00e9decin en cas de sympt\u00f4mes ind\u00e9sirables.<\/p>\n\n\n\n<p>Les<b>contre-indications<\/b> \u00e0 l&rsquo;utilisation de Locerin comprennent une allergie individuelle \u00e0 l&rsquo;un des ingr\u00e9dients du compl\u00e9ment alimentaire. Les personnes souffrant de telles allergies doivent \u00e9viter de prendre le produit afin de minimiser le risque de r\u00e9actions allergiques. En outre, une consultation m\u00e9dicale est recommand\u00e9e pour les personnes qui prennent d&rsquo;autres m\u00e9dicaments ou qui ont des ant\u00e9c\u00e9dents de maladie grave, ce qui peut affecter la s\u00e9curit\u00e9 de la suppl\u00e9mentation.<\/p>\n\n\n\n<p>Avant de prendre Locerin, il est conseill\u00e9 de consulter un sp\u00e9cialiste pour s&rsquo;assurer que le produit convient \u00e0 votre organisme. Prendre soin de sa sant\u00e9 devrait toujours \u00eatre une priorit\u00e9, et l&rsquo;utilisation de tout suppl\u00e9ment, y compris Locerin, devrait \u00eatre r\u00e9fl\u00e9chie et bas\u00e9e sur de solides connaissances en mati\u00e8re de sant\u00e9.<\/p>\n\n\n\n<p><\/p>\n","protected":false},"excerpt":{"rendered":"<p><strong>[date_countdown]<\/strong><\/p>\n<p><img decoding=\"async\" class=\"alignnone  wp-image-8427\" src=\"https:\/\/chirurgie-orthopedie-vannes.fr\/pharmacie\/wp-content\/uploads\/2024\/10\/SAFE-PAY-300x88-1.png\" alt=\"SAFE-PAY-300x88\" width=\"164\" height=\"48\" \/><\/p>\n","protected":false},"featured_media":3998,"comment_status":"open","ping_status":"closed","template":"","meta":{"neve_meta_sidebar":"","neve_meta_container":"","neve_meta_enable_content_width":"","neve_meta_content_width":0,"neve_meta_title_alignment":"","neve_meta_author_avatar":"","neve_post_elements_order":"","neve_meta_disable_header":"","neve_meta_disable_footer":"","neve_meta_disable_title":"","neve_meta_reading_time":""},"product_brand":[],"product_cat":[17],"product_tag":[],"class_list":{"0":"post-4560","1":"product","2":"type-product","3":"status-publish","4":"has-post-thumbnail","6":"product_cat-beaute","8":"first","9":"instock","10":"sale","11":"shipping-taxable","12":"product-type-external"},"yoast_head":"<!-- This site is optimized with the Yoast SEO plugin v27.4 - https:\/\/yoast.com\/product\/yoast-seo-wordpress\/ -->\n<title>Locerin - Avis, Forum, Pharmacie, Prix, Effets | -50%<\/title>\n<meta name=\"robots\" content=\"index, follow, max-snippet:-1, max-image-preview:large, max-video-preview:-1\" \/>\n<link rel=\"canonical\" href=\"https:\/\/chirurgie-orthopedie-vannes.fr\/pharmacie\/supp\/locerin\/\" \/>\n<meta property=\"og:locale\" content=\"fr_FR\" \/>\n<meta property=\"og:type\" content=\"article\" \/>\n<meta property=\"og:title\" content=\"Locerin - Avis, Forum, Pharmacie, Prix, Effets | -50%\" \/>\n<meta property=\"og:url\" content=\"https:\/\/chirurgie-orthopedie-vannes.fr\/pharmacie\/supp\/locerin\/\" \/>\n<meta property=\"og:site_name\" content=\"Chirurgie-Orthopedie-Vannes\" \/>\n<meta property=\"article:modified_time\" content=\"2025-01-14T13:29:29+00:00\" \/>\n<meta property=\"og:image\" content=\"https:\/\/chirurgie-orthopedie-vannes.fr\/pharmacie\/wp-content\/uploads\/2024\/10\/Locerin.jpg\" \/>\n\t<meta property=\"og:image:width\" content=\"768\" \/>\n\t<meta property=\"og:image:height\" content=\"768\" \/>\n\t<meta property=\"og:image:type\" content=\"image\/jpeg\" \/>\n<meta name=\"twitter:card\" content=\"summary_large_image\" \/>\n<meta name=\"twitter:description\" content=\"[date_countdown]\" \/>\n<meta name=\"twitter:label1\" content=\"Dur\u00e9e de lecture estim\u00e9e\" \/>\n\t<meta name=\"twitter:data1\" content=\"7 minutes\" \/>\n<script type=\"application\/ld+json\" class=\"yoast-schema-graph\">{\"@context\":\"https:\\\/\\\/schema.org\",\"@graph\":[{\"@type\":\"WebPage\",\"@id\":\"https:\\\/\\\/chirurgie-orthopedie-vannes.fr\\\/pharmacie\\\/supp\\\/locerin\\\/\",\"url\":\"https:\\\/\\\/chirurgie-orthopedie-vannes.fr\\\/pharmacie\\\/supp\\\/locerin\\\/\",\"name\":\"Locerin - Avis, Forum, Pharmacie, Prix, Effets | -50%\",\"isPartOf\":{\"@id\":\"https:\\\/\\\/chirurgie-orthopedie-vannes.fr\\\/pharmacie\\\/#website\"},\"primaryImageOfPage\":{\"@id\":\"https:\\\/\\\/chirurgie-orthopedie-vannes.fr\\\/pharmacie\\\/supp\\\/locerin\\\/#primaryimage\"},\"image\":{\"@id\":\"https:\\\/\\\/chirurgie-orthopedie-vannes.fr\\\/pharmacie\\\/supp\\\/locerin\\\/#primaryimage\"},\"thumbnailUrl\":\"https:\\\/\\\/chirurgie-orthopedie-vannes.fr\\\/pharmacie\\\/wp-content\\\/uploads\\\/2024\\\/10\\\/Locerin.jpg\",\"datePublished\":\"2024-10-18T19:46:26+00:00\",\"dateModified\":\"2025-01-14T13:29:29+00:00\",\"breadcrumb\":{\"@id\":\"https:\\\/\\\/chirurgie-orthopedie-vannes.fr\\\/pharmacie\\\/supp\\\/locerin\\\/#breadcrumb\"},\"inLanguage\":\"fr-FR\",\"potentialAction\":[{\"@type\":\"ReadAction\",\"target\":[\"https:\\\/\\\/chirurgie-orthopedie-vannes.fr\\\/pharmacie\\\/supp\\\/locerin\\\/\"]}]},{\"@type\":\"ImageObject\",\"inLanguage\":\"fr-FR\",\"@id\":\"https:\\\/\\\/chirurgie-orthopedie-vannes.fr\\\/pharmacie\\\/supp\\\/locerin\\\/#primaryimage\",\"url\":\"https:\\\/\\\/chirurgie-orthopedie-vannes.fr\\\/pharmacie\\\/wp-content\\\/uploads\\\/2024\\\/10\\\/Locerin.jpg\",\"contentUrl\":\"https:\\\/\\\/chirurgie-orthopedie-vannes.fr\\\/pharmacie\\\/wp-content\\\/uploads\\\/2024\\\/10\\\/Locerin.jpg\",\"width\":768,\"height\":768},{\"@type\":\"BreadcrumbList\",\"@id\":\"https:\\\/\\\/chirurgie-orthopedie-vannes.fr\\\/pharmacie\\\/supp\\\/locerin\\\/#breadcrumb\",\"itemListElement\":[{\"@type\":\"ListItem\",\"position\":1,\"name\":\"Strona g\u0142\u00f3wna\",\"item\":\"https:\\\/\\\/chirurgie-orthopedie-vannes.fr\\\/pharmacie\\\/\"},{\"@type\":\"ListItem\",\"position\":2,\"name\":\"farmaci\",\"item\":\"https:\\\/\\\/chirurgie-orthopedie-vannes.fr\\\/pharmacie\\\/\"},{\"@type\":\"ListItem\",\"position\":3,\"name\":\"Locerin\"}]},{\"@type\":\"WebSite\",\"@id\":\"https:\\\/\\\/chirurgie-orthopedie-vannes.fr\\\/pharmacie\\\/#website\",\"url\":\"https:\\\/\\\/chirurgie-orthopedie-vannes.fr\\\/pharmacie\\\/\",\"name\":\"Chirurgie-Orthopedie-Vannes\",\"description\":\"\",\"potentialAction\":[{\"@type\":\"SearchAction\",\"target\":{\"@type\":\"EntryPoint\",\"urlTemplate\":\"https:\\\/\\\/chirurgie-orthopedie-vannes.fr\\\/pharmacie\\\/?s={search_term_string}\"},\"query-input\":{\"@type\":\"PropertyValueSpecification\",\"valueRequired\":true,\"valueName\":\"search_term_string\"}}],\"inLanguage\":\"fr-FR\"}]}<\/script>\n<!-- \/ Yoast SEO plugin. -->","yoast_head_json":{"title":"Locerin - Avis, Forum, Pharmacie, Prix, Effets | -50%","robots":{"index":"index","follow":"follow","max-snippet":"max-snippet:-1","max-image-preview":"max-image-preview:large","max-video-preview":"max-video-preview:-1"},"canonical":"https:\/\/chirurgie-orthopedie-vannes.fr\/pharmacie\/supp\/locerin\/","og_locale":"fr_FR","og_type":"article","og_title":"Locerin - Avis, Forum, Pharmacie, Prix, Effets | -50%","og_url":"https:\/\/chirurgie-orthopedie-vannes.fr\/pharmacie\/supp\/locerin\/","og_site_name":"Chirurgie-Orthopedie-Vannes","article_modified_time":"2025-01-14T13:29:29+00:00","og_image":[{"width":768,"height":768,"url":"https:\/\/chirurgie-orthopedie-vannes.fr\/pharmacie\/wp-content\/uploads\/2024\/10\/Locerin.jpg","type":"image\/jpeg"}],"twitter_card":"summary_large_image","twitter_description":"[date_countdown]","twitter_misc":{"Dur\u00e9e de lecture estim\u00e9e":"7 minutes"},"schema":{"@context":"https:\/\/schema.org","@graph":[{"@type":"WebPage","@id":"https:\/\/chirurgie-orthopedie-vannes.fr\/pharmacie\/supp\/locerin\/","url":"https:\/\/chirurgie-orthopedie-vannes.fr\/pharmacie\/supp\/locerin\/","name":"Locerin - Avis, Forum, Pharmacie, Prix, Effets | -50%","isPartOf":{"@id":"https:\/\/chirurgie-orthopedie-vannes.fr\/pharmacie\/#website"},"primaryImageOfPage":{"@id":"https:\/\/chirurgie-orthopedie-vannes.fr\/pharmacie\/supp\/locerin\/#primaryimage"},"image":{"@id":"https:\/\/chirurgie-orthopedie-vannes.fr\/pharmacie\/supp\/locerin\/#primaryimage"},"thumbnailUrl":"https:\/\/chirurgie-orthopedie-vannes.fr\/pharmacie\/wp-content\/uploads\/2024\/10\/Locerin.jpg","datePublished":"2024-10-18T19:46:26+00:00","dateModified":"2025-01-14T13:29:29+00:00","breadcrumb":{"@id":"https:\/\/chirurgie-orthopedie-vannes.fr\/pharmacie\/supp\/locerin\/#breadcrumb"},"inLanguage":"fr-FR","potentialAction":[{"@type":"ReadAction","target":["https:\/\/chirurgie-orthopedie-vannes.fr\/pharmacie\/supp\/locerin\/"]}]},{"@type":"ImageObject","inLanguage":"fr-FR","@id":"https:\/\/chirurgie-orthopedie-vannes.fr\/pharmacie\/supp\/locerin\/#primaryimage","url":"https:\/\/chirurgie-orthopedie-vannes.fr\/pharmacie\/wp-content\/uploads\/2024\/10\/Locerin.jpg","contentUrl":"https:\/\/chirurgie-orthopedie-vannes.fr\/pharmacie\/wp-content\/uploads\/2024\/10\/Locerin.jpg","width":768,"height":768},{"@type":"BreadcrumbList","@id":"https:\/\/chirurgie-orthopedie-vannes.fr\/pharmacie\/supp\/locerin\/#breadcrumb","itemListElement":[{"@type":"ListItem","position":1,"name":"Strona g\u0142\u00f3wna","item":"https:\/\/chirurgie-orthopedie-vannes.fr\/pharmacie\/"},{"@type":"ListItem","position":2,"name":"farmaci","item":"https:\/\/chirurgie-orthopedie-vannes.fr\/pharmacie\/"},{"@type":"ListItem","position":3,"name":"Locerin"}]},{"@type":"WebSite","@id":"https:\/\/chirurgie-orthopedie-vannes.fr\/pharmacie\/#website","url":"https:\/\/chirurgie-orthopedie-vannes.fr\/pharmacie\/","name":"Chirurgie-Orthopedie-Vannes","description":"","potentialAction":[{"@type":"SearchAction","target":{"@type":"EntryPoint","urlTemplate":"https:\/\/chirurgie-orthopedie-vannes.fr\/pharmacie\/?s={search_term_string}"},"query-input":{"@type":"PropertyValueSpecification","valueRequired":true,"valueName":"search_term_string"}}],"inLanguage":"fr-FR"}]}},"_links":{"self":[{"href":"https:\/\/chirurgie-orthopedie-vannes.fr\/pharmacie\/wp-json\/wp\/v2\/product\/4560","targetHints":{"allow":["GET"]}}],"collection":[{"href":"https:\/\/chirurgie-orthopedie-vannes.fr\/pharmacie\/wp-json\/wp\/v2\/product"}],"about":[{"href":"https:\/\/chirurgie-orthopedie-vannes.fr\/pharmacie\/wp-json\/wp\/v2\/types\/product"}],"replies":[{"embeddable":true,"href":"https:\/\/chirurgie-orthopedie-vannes.fr\/pharmacie\/wp-json\/wp\/v2\/comments?post=4560"}],"wp:featuredmedia":[{"embeddable":true,"href":"https:\/\/chirurgie-orthopedie-vannes.fr\/pharmacie\/wp-json\/wp\/v2\/media\/3998"}],"wp:attachment":[{"href":"https:\/\/chirurgie-orthopedie-vannes.fr\/pharmacie\/wp-json\/wp\/v2\/media?parent=4560"}],"wp:term":[{"taxonomy":"product_brand","embeddable":true,"href":"https:\/\/chirurgie-orthopedie-vannes.fr\/pharmacie\/wp-json\/wp\/v2\/product_brand?post=4560"},{"taxonomy":"product_cat","embeddable":true,"href":"https:\/\/chirurgie-orthopedie-vannes.fr\/pharmacie\/wp-json\/wp\/v2\/product_cat?post=4560"},{"taxonomy":"product_tag","embeddable":true,"href":"https:\/\/chirurgie-orthopedie-vannes.fr\/pharmacie\/wp-json\/wp\/v2\/product_tag?post=4560"}],"curies":[{"name":"wp","href":"https:\/\/api.w.org\/{rel}","templated":true}]}}