{"id":4562,"date":"2024-10-18T19:46:26","date_gmt":"2024-10-18T19:46:26","guid":{"rendered":"https:\/\/chirurgie-orthopedie-vannes.fr\/pharmacie\/?post_type=product&#038;p=4562"},"modified":"2025-01-14T13:29:29","modified_gmt":"2025-01-14T13:29:29","slug":"matcha-extreme","status":"publish","type":"product","link":"https:\/\/chirurgie-orthopedie-vannes.fr\/pharmacie\/supp\/matcha-extreme\/","title":{"rendered":"Matcha Extreme"},"content":{"rendered":"\n<h2 class=\"wp-block-heading\">Qu&rsquo;est-ce que Matcha Extreme et comment fonctionne-t-il ?<\/h2>\n\n\n\n<p>Matcha Extreme est un <em>compl\u00e9ment alimentaire<\/em> en poudre, \u00e0 base de poudre de th\u00e9 vert matcha. Il s&rsquo;agit d&rsquo;une feuille soigneusement s\u00e9lectionn\u00e9e qui contribue \u00e0 l&rsquo;acc\u00e9l\u00e9ration du m\u00e9tabolisme, favorisant ainsi la <b>perte de poids<\/b> et l&rsquo;\u00e9limination de l&rsquo;exc\u00e8s d&rsquo;eau dans l&rsquo;organisme.<\/p>\n\n\n\n<p>Les ingr\u00e9dients actifs sont la cl\u00e9 de l&rsquo;<em>action de<\/em> Matcha Extreme. La teneur \u00e9lev\u00e9e en cat\u00e9chines, dont l&rsquo;EGCG, favorise la combustion des graisses et am\u00e9liore les performances corporelles. En outre, la poudre de spiruline pr\u00e9sente, riche en prot\u00e9ines, apporte des nutriments pr\u00e9cieux, ce qui contribue au maintien d&rsquo;un poids corporel sain. L&rsquo;extrait de fruit de figuier de Barbarie, connu sous le nom de Cacti-Nea\u2122, favorise la d\u00e9toxification en facilitant l&rsquo;\u00e9limination des liquides exc\u00e9dentaires.<\/p>\n\n\n\n<p>Il convient de noter que l&rsquo;extrait d&rsquo;ac\u00e9rola contenu dans Matcha Extreme apporte de la vitamine C, qui soutient l&rsquo;immunit\u00e9. L&rsquo;<b>utilisation<\/b> r\u00e9guli\u00e8re <b>de<\/b> cette formule permet une am\u00e9lioration notable du bien-\u00eatre g\u00e9n\u00e9ral et une augmentation des niveaux d&rsquo;\u00e9nergie, ce qui la rend tr\u00e8s appr\u00e9ci\u00e9e dans le cadre d&rsquo;une suppl\u00e9mentation quotidienne et d&rsquo;une activit\u00e9 physique.<\/p>\n\n\n\n<p>Le<b>dosage de<\/b> Matcha Extreme est recommand\u00e9 \u00e0 raison de 4 g de poudre dissoute dans de l&rsquo;eau, \u00e0 prendre 1 \u00e0 2 fois par jour. Chaque paquet contient 120 g, ce qui correspond \u00e0 environ 30 portions. Un stockage ad\u00e9quat dans un endroit sec et \u00e0 l&rsquo;abri de la lumi\u00e8re garantit une plus longue dur\u00e9e de conservation du compl\u00e9ment, ce qui est important pour les utilisateurs.<\/p>\n\n\n\n<h2 class=\"wp-block-heading\">Avantages de l&rsquo;utilisation du Matcha Extreme &#8211; Effets<\/h2>\n\n\n\n<p>L&rsquo;<b>utilisation du<\/b> Matcha Extreme pr\u00e9sente de nombreux <b>avantages pour<\/b> l&rsquo;organisme et de nombreuses personnes d\u00e9sireuses de perdre du poids remarquent ses <b>effets<\/b> positifs. Tout d&rsquo;abord, ce compl\u00e9ment contribue \u00e0 une perte de poids significative, ce qui est son principal avantage. Gr\u00e2ce \u00e0 ses ingr\u00e9dients uniques, Matcha Extreme soutient le processus m\u00e9tabolique, ce qui permet de br\u00fbler efficacement les graisses.<\/p>\n\n\n\n<p>Les<b>avantages d&rsquo;une<\/b> utilisation r\u00e9guli\u00e8re de Matcha Extreme sont \u00e9galement les suivants :<\/p>\n\n\n\n<ul class=\"wp-block-list\">\n<li><em>R\u00e9duction de l&rsquo;app\u00e9tit :<\/em> Ce compl\u00e9ment supprime efficacement la sensation de faim, ce qui permet de mieux contr\u00f4ler l&rsquo;apport calorique.<\/li>\n\n\n\n<li><em>Augmentation de l&rsquo;\u00e9nergie :<\/em> De nombreuses personnes font \u00e9tat d&rsquo;une augmentation de leur niveau d&rsquo;\u00e9nergie, ce qui est particuli\u00e8rement b\u00e9n\u00e9fique pour les personnes ayant un mode de vie actif.<\/li>\n\n\n\n<li><em>Am\u00e9lioration du bien-\u00eatre :<\/em> les utilisateurs d\u00e9clarent souvent se sentir mieux et plus concentr\u00e9s.<\/li>\n<\/ul>\n\n\n\n<p><b>Les effets<\/b> se font sentir apr\u00e8s une certaine p\u00e9riode d&rsquo;utilisation et leur intensit\u00e9 d\u00e9pend des pr\u00e9dispositions individuelles. Il convient \u00e9galement de noter que les ingr\u00e9dients contenus dans Matcha Extreme soutiennent le processus naturel <b>de<\/b> perte de poids et sont bas\u00e9s sur une synergie de propri\u00e9t\u00e9s qui fournissent \u00e0 l&rsquo;organisme des nutriments essentiels.<\/p>\n\n\n\n<p>En r\u00e9sum\u00e9, l&rsquo;<b>utilisation de<\/b> Matcha Extreme a de nombreux effets positifs qui en font un soutien efficace \u00e0 la perte de poids, tout en am\u00e9liorant le bien-\u00eatre g\u00e9n\u00e9ral.<\/p>\n\n\n\n<h2 class=\"wp-block-heading\">Comment utiliser Matcha Extreme ? &#8211; Dosage<\/h2>\n\n\n\n<p>La <em>dose<\/em> recommand\u00e9e de Matcha Extreme est de 4 g de poudre, soit l&rsquo;\u00e9quivalent d&rsquo;une mesure, \u00e0 dissoudre dans 150-200 ml d&rsquo;eau ti\u00e8de. Il peut \u00eatre consomm\u00e9 une ou deux fois par jour, en fonction des besoins individuels. Il est important de ne pas d\u00e9passer cette dose recommand\u00e9e afin d&rsquo;\u00e9viter d&rsquo;\u00e9ventuels effets secondaires.<\/p>\n\n\n\n<p>En plus de son utilisation principale, le compl\u00e9ment peut \u00eatre ajout\u00e9 \u00e0 une vari\u00e9t\u00e9 de plats tels que les smoothies, les produits de boulangerie ou les soupes, ce qui rend son <em>utilisation<\/em> pratique et polyvalente. La prise r\u00e9guli\u00e8re de Matcha Extreme, combin\u00e9e \u00e0 un r\u00e9gime alimentaire appropri\u00e9 et \u00e0 une activit\u00e9 physique, en augmente consid\u00e9rablement l&rsquo;efficacit\u00e9.<\/p>\n\n\n\n<p>Il ne faut pas non plus n\u00e9gliger l&rsquo;<em>hydratation<\/em>, qui est essentielle pour favoriser la perte de poids et am\u00e9liorer le bien-\u00eatre g\u00e9n\u00e9ral. Le tableau ci-dessous r\u00e9sume les informations les plus importantes concernant le dosage et l&rsquo;<em>utilisation de<\/em> Matcha Extreme :<\/p>\n\n\n\n<figure class=\"wp-block-table\"><table class=\"has-fixed-layout\"><tbody><tr><th>Forme<\/th><th>Dosage<\/th><th>M\u00e9thode de pr\u00e9paration<\/th><\/tr><tr><td>Matcha Extreme en poudre<\/td><td>4 g (1 mesure) 1 \u00e0 2 fois par jour<\/td><td>Dissoudre dans 150-200 ml d&rsquo;eau chaude<\/td><\/tr><tr><td>Cocktail<\/td><td>4 g (1 mesure)<\/td><td>Ajouter \u00e0 votre smoothie pr\u00e9f\u00e9r\u00e9<\/td><\/tr><tr><td>Produits de boulangerie<\/td><td>4 g (1 mesure)<\/td><td>Ajoutez \u00e0 votre g\u00e2teau ou \u00e0 vos muffins<\/td><\/tr><tr><td>Soupes<\/td><td>4 g (1 mesure)<\/td><td>Incorporer dans les soupes chaudes<\/td><\/tr><\/tbody><\/table><\/figure>\n\n\n\n<p>Il convient de noter que l&rsquo;<em>utilisation du<\/em> Matcha Extreme de la mani\u00e8re d\u00e9crite ci-dessus permet de maximiser ses propri\u00e9t\u00e9s b\u00e9n\u00e9fiques. La r\u00e9gularit\u00e9 et la combinaison habile du compl\u00e9ment avec un mode de vie actif contribuent \u00e0 des r\u00e9sultats optimaux en mati\u00e8re de perte de poids.<\/p>\n\n\n\n<h2 class=\"wp-block-heading\">Exp\u00e9riences d&rsquo;utilisateurs et avis sur Matcha Extreme &#8211; quels sont les avis ?<\/h2>\n\n\n\n<p>Les<b>commentaires des<\/b> utilisateurs sur Matcha Extreme sont majoritairement positifs, comme en t\u00e9moignent de nombreux <b>avis<\/b>. Parmi eux, quelques <b>exp\u00e9riences<\/b> particuli\u00e8rement int\u00e9ressantes t\u00e9moignent de l&rsquo;efficacit\u00e9 de ce compl\u00e9ment alimentaire pour la perte de poids.<\/p>\n\n\n\n<blockquote class=\"wp-block-quote is-layout-flow wp-block-quote-is-layout-flow\">\n<p><em>Marta, 28 ans :<\/em> \u00ab\u00a0Depuis que j&rsquo;ai commenc\u00e9 \u00e0 utiliser Matcha Extreme, j&rsquo;ai constat\u00e9 une am\u00e9lioration significative de mon \u00e9nergie et de mon humeur. J&rsquo;ai r\u00e9ussi \u00e0 perdre 5 kg en un mois ! De plus, mes s\u00e9ances d&rsquo;entra\u00eenement sont devenues plus efficaces. Je le recommande sans r\u00e9serve !\u00a0\u00bb<\/p>\n<\/blockquote>\n\n\n\n<blockquote class=\"wp-block-quote is-layout-flow wp-block-quote-is-layout-flow\">\n<p><em>Christopher, 34 ans :<\/em> \u00ab\u00a0J&rsquo;ai commenc\u00e9 \u00e0 m&rsquo;entra\u00eener plus intensivement et Matcha Extreme m&rsquo;a aid\u00e9 \u00e0 r\u00e9duire la graisse corporelle. Je sens que mon endurance a augment\u00e9 et le r\u00e9sultat final a d\u00e9pass\u00e9 mes attentes. C&rsquo;est un tr\u00e8s bon produit pour tous ceux qui veulent perdre du poids<\/p>\n<\/blockquote>\n\n\n\n<blockquote class=\"wp-block-quote is-layout-flow wp-block-quote-is-layout-flow\">\n<p><em>Anne, 22 ans :<\/em> \u00ab\u00a0Le plus grand avantage est que je ne ressens pas la faim et que mes envies de sucreries ont diminu\u00e9. Matcha Extreme est devenu mon rituel quotidien. Combin\u00e9 \u00e0 un mode de vie actif, il donne des r\u00e9sultats \u00e9tonnants.\u00a0\u00bb<\/p>\n<\/blockquote>\n\n\n\n<p>Ces <b>exp\u00e9riences d&rsquo;<\/b> utilisateurs montrent comment ce compl\u00e9ment contribue \u00e0 atteindre les r\u00e9sultats souhait\u00e9s en mati\u00e8re de perte de poids. Avec des critiques positives, Matcha Extreme gagne en popularit\u00e9 parmi ceux qui recherchent des moyens efficaces pour soutenir la perte de poids.<\/p>\n\n\n\n<h2 class=\"wp-block-heading\">Matcha Extreme &#8211; Composition &#8211; Analyse des ingr\u00e9dients<\/h2>\n\n\n\n<p>Les ingr\u00e9dients actifs de Matcha Extreme sont principalement des extraits de plantes qui favorisent la <b>perte de poids<\/b> et la sant\u00e9. L&rsquo;ingr\u00e9dient principal est le th\u00e9 vert matcha, connu pour sa teneur \u00e9lev\u00e9e en antioxydants et en cat\u00e9chines. En outre, dans la composition, vous pouvez trouver :<\/p>\n\n\n\n<ul class=\"wp-block-list\">\n<li>De l&rsquo;extrait de guarana, qui a un effet stimulant, augmentant les performances physiques et mentales.<\/li>\n\n\n\n<li>De l&rsquo;extrait de caf\u00e9 vert, riche en acide chlorog\u00e9nique, qui favorise le m\u00e9tabolisme des glucides.<\/li>\n\n\n\n<li>De la spiruline, source de prot\u00e9ines et de nutriments qui favorisent les processus de d\u00e9sintoxication.<\/li>\n\n\n\n<li>L&rsquo;extrait de fruit de figue de barbarie, qui peut contribuer \u00e0 la suppression de l&rsquo;app\u00e9tit.<\/li>\n\n\n\n<li>L&rsquo;extrait d&rsquo;ac\u00e9rola, qui fournit de la vitamine C naturelle, laquelle influence l&rsquo;immunit\u00e9 de l&rsquo;organisme.<\/li>\n<\/ul>\n\n\n\n<p>L&rsquo;<b>analyse des<\/b> ingr\u00e9dients confirme leur <b>action<\/b> synergique. La L-th\u00e9anine contenue dans le matcha a un effet r\u00e9ducteur sur le stress, tandis que la caf\u00e9ine acc\u00e9l\u00e8re le m\u00e9tabolisme. La combinaison de ces substances fait du Matcha Extreme un compl\u00e9ment unique qui soutient les processus de perte de poids et am\u00e9liore le bien-\u00eatre g\u00e9n\u00e9ral.<\/p>\n\n\n\n<p>Matcha Extreme est un compl\u00e9ment qui, gr\u00e2ce \u00e0 des ingr\u00e9dients soigneusement s\u00e9lectionn\u00e9s, vous aide \u00e0 perdre du poids efficacement tout en am\u00e9liorant votre humeur et votre niveau d&rsquo;\u00e9nergie au quotidien.<\/p>\n\n\n\n<h2 class=\"wp-block-heading\">O\u00f9 acheter et combien co\u00fbte Matcha Extreme &#8211; prix<\/h2>\n\n\n\n<p>Matcha Extreme ne peut \u00eatre achet\u00e9 que sur le site officiel du fabricant. Ce site garantit non seulement la bonne qualit\u00e9 du produit, mais aussi son originalit\u00e9, ce qui est important pour la sant\u00e9 des utilisateurs. Les prix de Matcha Extreme peuvent varier en fonction des promotions en cours, qui vont souvent de 10 \u00e0 50 % de r\u00e9duction. Les clients peuvent ainsi acheter le produit \u00e0 un prix int\u00e9ressant.<\/p>\n\n\n\n<p>Acheter directement sur le site du fabricant signifie \u00e9galement que les commandes sont trait\u00e9es rapidement &#8211; g\u00e9n\u00e9ralement dans un d\u00e9lai de 1 \u00e0 3 jours ouvrables. Le paiement \u00e0 la livraison est \u00e9galement possible, ce qui rend l&rsquo;achat encore plus pratique. Il est utile de consulter r\u00e9guli\u00e8rement les offres disponibles sur le site web pour profiter de r\u00e9ductions avantageuses et des derni\u00e8res informations sur les prix.<\/p>\n\n\n\n<p>Le Matcha Extreme est appr\u00e9ci\u00e9 pour ses propri\u00e9t\u00e9s favorisant le m\u00e9tabolisme et le bien-\u00eatre g\u00e9n\u00e9ral. L&rsquo;utilisation r\u00e9guli\u00e8re du compl\u00e9ment contribue \u00e0 am\u00e9liorer l&rsquo;humeur et \u00e0 fournir de l&rsquo;\u00e9nergie tout au long de la journ\u00e9e. D&rsquo;autres ingr\u00e9dients actifs, tels que la prot\u00e9ine de soja, le chardon-marie et la spiruline, ajoutent une valeur nutritionnelle et favorisent la d\u00e9sintoxication de l&rsquo;organisme.<\/p>\n\n\n\n<p>En conclusion, pour trouver les meilleures offres et en savoir plus sur le prix, il vaut la peine de visiter le site officiel du fabricant Matcha Extreme. L&rsquo;achat direct vous permet d&rsquo;\u00e9viter les contrefa\u00e7ons et de profiter d&rsquo;un produit authentique qui soutient efficacement la perte de poids.<\/p>\n\n\n\n<h2 class=\"wp-block-heading\">Matcha Extreme &#8211; Effets secondaires potentiels et contre-indications d&rsquo;utilisation<\/h2>\n\n\n\n<p>Bien que le Matcha Extreme gagne en popularit\u00e9 en tant que <b>compl\u00e9ment<\/b> alimentaire <b>naturel<\/b>, il convient d&rsquo;\u00eatre conscient des effets secondaires potentiels associ\u00e9s \u00e0 son utilisation. En cas de consommation excessive, des maux de t\u00eate, des probl\u00e8mes d&rsquo;estomac et m\u00eame une augmentation de la tension art\u00e9rielle peuvent survenir. Il est donc important de suivre les recommandations de dosage pour minimiser le risque de ces effets d\u00e9sagr\u00e9ables.<\/p>\n\n\n\n<p>Les personnes souffrant d&rsquo;une hypersensibilit\u00e9 \u00e0 la caf\u00e9ine, ainsi que les femmes enceintes ou allaitantes, sont des<b>contre-indications<\/b> \u00e0 l&rsquo;utilisation du Matcha Extreme. Pour les personnes souffrant d&rsquo;une maladie chronique ou prenant d&rsquo;autres m\u00e9dicaments, il est essentiel de consulter un m\u00e9decin avant de commencer la suppl\u00e9mentation. Une bonne approche de l&rsquo;utilisation peut minimiser le risque d&rsquo;effets secondaires et l&rsquo;utilisation du Matcha Extreme peut apporter les <b>b\u00e9n\u00e9fices<\/b> escompt\u00e9s.<\/p>\n\n\n\n<p>Il convient \u00e9galement de rappeler que <b>les effets de la<\/b> suppl\u00e9mentation peuvent varier d&rsquo;un organisme \u00e0 l&rsquo;autre. C&rsquo;est pourquoi il est toujours bon d&rsquo;analyser son \u00e9tat de sant\u00e9 et son mode de vie avant de commencer une cure de Matcha Extreme, ce qui permet de faire un choix plus \u00e9clair\u00e9 en mati\u00e8re de suppl\u00e9mentation.<\/p>\n","protected":false},"excerpt":{"rendered":"<p><strong>[date_countdown]<\/strong><\/p>\n<p><img decoding=\"async\" class=\"alignnone  wp-image-8427\" src=\"https:\/\/chirurgie-orthopedie-vannes.fr\/pharmacie\/wp-content\/uploads\/2024\/10\/SAFE-PAY-300x88-1.png\" alt=\"SAFE-PAY-300x88\" width=\"164\" height=\"48\" \/><\/p>\n","protected":false},"featured_media":4375,"comment_status":"open","ping_status":"closed","template":"","meta":{"neve_meta_sidebar":"","neve_meta_container":"","neve_meta_enable_content_width":"","neve_meta_content_width":0,"neve_meta_title_alignment":"","neve_meta_author_avatar":"","neve_post_elements_order":"","neve_meta_disable_header":"","neve_meta_disable_footer":"","neve_meta_disable_title":"","neve_meta_reading_time":""},"product_brand":[],"product_cat":[15],"product_tag":[],"class_list":{"0":"post-4562","1":"product","2":"type-product","3":"status-publish","4":"has-post-thumbnail","6":"product_cat-perte-de-poids","8":"first","9":"instock","10":"sale","11":"shipping-taxable","12":"product-type-external"},"yoast_head":"<!-- This site is optimized with the Yoast SEO plugin v27.4 - https:\/\/yoast.com\/product\/yoast-seo-wordpress\/ -->\n<title>Matcha Extreme - Avis, Forum, Pharmacie, Prix, Effets | -50%<\/title>\n<meta name=\"robots\" content=\"index, follow, max-snippet:-1, max-image-preview:large, max-video-preview:-1\" \/>\n<link rel=\"canonical\" href=\"https:\/\/chirurgie-orthopedie-vannes.fr\/pharmacie\/supp\/matcha-extreme\/\" \/>\n<meta property=\"og:locale\" content=\"fr_FR\" \/>\n<meta property=\"og:type\" content=\"article\" \/>\n<meta property=\"og:title\" content=\"Matcha Extreme - Avis, Forum, Pharmacie, Prix, Effets | -50%\" \/>\n<meta property=\"og:url\" content=\"https:\/\/chirurgie-orthopedie-vannes.fr\/pharmacie\/supp\/matcha-extreme\/\" \/>\n<meta property=\"og:site_name\" content=\"Chirurgie-Orthopedie-Vannes\" \/>\n<meta property=\"article:modified_time\" content=\"2025-01-14T13:29:29+00:00\" \/>\n<meta property=\"og:image\" content=\"https:\/\/chirurgie-orthopedie-vannes.fr\/pharmacie\/wp-content\/uploads\/2024\/10\/Matcha-Extreme.jpg\" \/>\n\t<meta property=\"og:image:width\" content=\"768\" \/>\n\t<meta property=\"og:image:height\" content=\"768\" \/>\n\t<meta property=\"og:image:type\" content=\"image\/jpeg\" \/>\n<meta name=\"twitter:card\" content=\"summary_large_image\" \/>\n<meta name=\"twitter:description\" content=\"[date_countdown]\" \/>\n<meta name=\"twitter:label1\" content=\"Dur\u00e9e de lecture estim\u00e9e\" \/>\n\t<meta name=\"twitter:data1\" content=\"8 minutes\" \/>\n<script type=\"application\/ld+json\" class=\"yoast-schema-graph\">{\"@context\":\"https:\\\/\\\/schema.org\",\"@graph\":[{\"@type\":\"WebPage\",\"@id\":\"https:\\\/\\\/chirurgie-orthopedie-vannes.fr\\\/pharmacie\\\/supp\\\/matcha-extreme\\\/\",\"url\":\"https:\\\/\\\/chirurgie-orthopedie-vannes.fr\\\/pharmacie\\\/supp\\\/matcha-extreme\\\/\",\"name\":\"Matcha Extreme - Avis, Forum, Pharmacie, Prix, Effets | -50%\",\"isPartOf\":{\"@id\":\"https:\\\/\\\/chirurgie-orthopedie-vannes.fr\\\/pharmacie\\\/#website\"},\"primaryImageOfPage\":{\"@id\":\"https:\\\/\\\/chirurgie-orthopedie-vannes.fr\\\/pharmacie\\\/supp\\\/matcha-extreme\\\/#primaryimage\"},\"image\":{\"@id\":\"https:\\\/\\\/chirurgie-orthopedie-vannes.fr\\\/pharmacie\\\/supp\\\/matcha-extreme\\\/#primaryimage\"},\"thumbnailUrl\":\"https:\\\/\\\/chirurgie-orthopedie-vannes.fr\\\/pharmacie\\\/wp-content\\\/uploads\\\/2024\\\/10\\\/Matcha-Extreme.jpg\",\"datePublished\":\"2024-10-18T19:46:26+00:00\",\"dateModified\":\"2025-01-14T13:29:29+00:00\",\"breadcrumb\":{\"@id\":\"https:\\\/\\\/chirurgie-orthopedie-vannes.fr\\\/pharmacie\\\/supp\\\/matcha-extreme\\\/#breadcrumb\"},\"inLanguage\":\"fr-FR\",\"potentialAction\":[{\"@type\":\"ReadAction\",\"target\":[\"https:\\\/\\\/chirurgie-orthopedie-vannes.fr\\\/pharmacie\\\/supp\\\/matcha-extreme\\\/\"]}]},{\"@type\":\"ImageObject\",\"inLanguage\":\"fr-FR\",\"@id\":\"https:\\\/\\\/chirurgie-orthopedie-vannes.fr\\\/pharmacie\\\/supp\\\/matcha-extreme\\\/#primaryimage\",\"url\":\"https:\\\/\\\/chirurgie-orthopedie-vannes.fr\\\/pharmacie\\\/wp-content\\\/uploads\\\/2024\\\/10\\\/Matcha-Extreme.jpg\",\"contentUrl\":\"https:\\\/\\\/chirurgie-orthopedie-vannes.fr\\\/pharmacie\\\/wp-content\\\/uploads\\\/2024\\\/10\\\/Matcha-Extreme.jpg\",\"width\":768,\"height\":768},{\"@type\":\"BreadcrumbList\",\"@id\":\"https:\\\/\\\/chirurgie-orthopedie-vannes.fr\\\/pharmacie\\\/supp\\\/matcha-extreme\\\/#breadcrumb\",\"itemListElement\":[{\"@type\":\"ListItem\",\"position\":1,\"name\":\"Strona g\u0142\u00f3wna\",\"item\":\"https:\\\/\\\/chirurgie-orthopedie-vannes.fr\\\/pharmacie\\\/\"},{\"@type\":\"ListItem\",\"position\":2,\"name\":\"farmaci\",\"item\":\"https:\\\/\\\/chirurgie-orthopedie-vannes.fr\\\/pharmacie\\\/\"},{\"@type\":\"ListItem\",\"position\":3,\"name\":\"Matcha Extreme\"}]},{\"@type\":\"WebSite\",\"@id\":\"https:\\\/\\\/chirurgie-orthopedie-vannes.fr\\\/pharmacie\\\/#website\",\"url\":\"https:\\\/\\\/chirurgie-orthopedie-vannes.fr\\\/pharmacie\\\/\",\"name\":\"Chirurgie-Orthopedie-Vannes\",\"description\":\"\",\"potentialAction\":[{\"@type\":\"SearchAction\",\"target\":{\"@type\":\"EntryPoint\",\"urlTemplate\":\"https:\\\/\\\/chirurgie-orthopedie-vannes.fr\\\/pharmacie\\\/?s={search_term_string}\"},\"query-input\":{\"@type\":\"PropertyValueSpecification\",\"valueRequired\":true,\"valueName\":\"search_term_string\"}}],\"inLanguage\":\"fr-FR\"}]}<\/script>\n<!-- \/ Yoast SEO plugin. -->","yoast_head_json":{"title":"Matcha Extreme - Avis, Forum, Pharmacie, Prix, Effets | -50%","robots":{"index":"index","follow":"follow","max-snippet":"max-snippet:-1","max-image-preview":"max-image-preview:large","max-video-preview":"max-video-preview:-1"},"canonical":"https:\/\/chirurgie-orthopedie-vannes.fr\/pharmacie\/supp\/matcha-extreme\/","og_locale":"fr_FR","og_type":"article","og_title":"Matcha Extreme - Avis, Forum, Pharmacie, Prix, Effets | -50%","og_url":"https:\/\/chirurgie-orthopedie-vannes.fr\/pharmacie\/supp\/matcha-extreme\/","og_site_name":"Chirurgie-Orthopedie-Vannes","article_modified_time":"2025-01-14T13:29:29+00:00","og_image":[{"width":768,"height":768,"url":"https:\/\/chirurgie-orthopedie-vannes.fr\/pharmacie\/wp-content\/uploads\/2024\/10\/Matcha-Extreme.jpg","type":"image\/jpeg"}],"twitter_card":"summary_large_image","twitter_description":"[date_countdown]","twitter_misc":{"Dur\u00e9e de lecture estim\u00e9e":"8 minutes"},"schema":{"@context":"https:\/\/schema.org","@graph":[{"@type":"WebPage","@id":"https:\/\/chirurgie-orthopedie-vannes.fr\/pharmacie\/supp\/matcha-extreme\/","url":"https:\/\/chirurgie-orthopedie-vannes.fr\/pharmacie\/supp\/matcha-extreme\/","name":"Matcha Extreme - Avis, Forum, Pharmacie, Prix, Effets | -50%","isPartOf":{"@id":"https:\/\/chirurgie-orthopedie-vannes.fr\/pharmacie\/#website"},"primaryImageOfPage":{"@id":"https:\/\/chirurgie-orthopedie-vannes.fr\/pharmacie\/supp\/matcha-extreme\/#primaryimage"},"image":{"@id":"https:\/\/chirurgie-orthopedie-vannes.fr\/pharmacie\/supp\/matcha-extreme\/#primaryimage"},"thumbnailUrl":"https:\/\/chirurgie-orthopedie-vannes.fr\/pharmacie\/wp-content\/uploads\/2024\/10\/Matcha-Extreme.jpg","datePublished":"2024-10-18T19:46:26+00:00","dateModified":"2025-01-14T13:29:29+00:00","breadcrumb":{"@id":"https:\/\/chirurgie-orthopedie-vannes.fr\/pharmacie\/supp\/matcha-extreme\/#breadcrumb"},"inLanguage":"fr-FR","potentialAction":[{"@type":"ReadAction","target":["https:\/\/chirurgie-orthopedie-vannes.fr\/pharmacie\/supp\/matcha-extreme\/"]}]},{"@type":"ImageObject","inLanguage":"fr-FR","@id":"https:\/\/chirurgie-orthopedie-vannes.fr\/pharmacie\/supp\/matcha-extreme\/#primaryimage","url":"https:\/\/chirurgie-orthopedie-vannes.fr\/pharmacie\/wp-content\/uploads\/2024\/10\/Matcha-Extreme.jpg","contentUrl":"https:\/\/chirurgie-orthopedie-vannes.fr\/pharmacie\/wp-content\/uploads\/2024\/10\/Matcha-Extreme.jpg","width":768,"height":768},{"@type":"BreadcrumbList","@id":"https:\/\/chirurgie-orthopedie-vannes.fr\/pharmacie\/supp\/matcha-extreme\/#breadcrumb","itemListElement":[{"@type":"ListItem","position":1,"name":"Strona g\u0142\u00f3wna","item":"https:\/\/chirurgie-orthopedie-vannes.fr\/pharmacie\/"},{"@type":"ListItem","position":2,"name":"farmaci","item":"https:\/\/chirurgie-orthopedie-vannes.fr\/pharmacie\/"},{"@type":"ListItem","position":3,"name":"Matcha Extreme"}]},{"@type":"WebSite","@id":"https:\/\/chirurgie-orthopedie-vannes.fr\/pharmacie\/#website","url":"https:\/\/chirurgie-orthopedie-vannes.fr\/pharmacie\/","name":"Chirurgie-Orthopedie-Vannes","description":"","potentialAction":[{"@type":"SearchAction","target":{"@type":"EntryPoint","urlTemplate":"https:\/\/chirurgie-orthopedie-vannes.fr\/pharmacie\/?s={search_term_string}"},"query-input":{"@type":"PropertyValueSpecification","valueRequired":true,"valueName":"search_term_string"}}],"inLanguage":"fr-FR"}]}},"_links":{"self":[{"href":"https:\/\/chirurgie-orthopedie-vannes.fr\/pharmacie\/wp-json\/wp\/v2\/product\/4562","targetHints":{"allow":["GET"]}}],"collection":[{"href":"https:\/\/chirurgie-orthopedie-vannes.fr\/pharmacie\/wp-json\/wp\/v2\/product"}],"about":[{"href":"https:\/\/chirurgie-orthopedie-vannes.fr\/pharmacie\/wp-json\/wp\/v2\/types\/product"}],"replies":[{"embeddable":true,"href":"https:\/\/chirurgie-orthopedie-vannes.fr\/pharmacie\/wp-json\/wp\/v2\/comments?post=4562"}],"wp:featuredmedia":[{"embeddable":true,"href":"https:\/\/chirurgie-orthopedie-vannes.fr\/pharmacie\/wp-json\/wp\/v2\/media\/4375"}],"wp:attachment":[{"href":"https:\/\/chirurgie-orthopedie-vannes.fr\/pharmacie\/wp-json\/wp\/v2\/media?parent=4562"}],"wp:term":[{"taxonomy":"product_brand","embeddable":true,"href":"https:\/\/chirurgie-orthopedie-vannes.fr\/pharmacie\/wp-json\/wp\/v2\/product_brand?post=4562"},{"taxonomy":"product_cat","embeddable":true,"href":"https:\/\/chirurgie-orthopedie-vannes.fr\/pharmacie\/wp-json\/wp\/v2\/product_cat?post=4562"},{"taxonomy":"product_tag","embeddable":true,"href":"https:\/\/chirurgie-orthopedie-vannes.fr\/pharmacie\/wp-json\/wp\/v2\/product_tag?post=4562"}],"curies":[{"name":"wp","href":"https:\/\/api.w.org\/{rel}","templated":true}]}}