{"id":4563,"date":"2024-10-18T19:46:26","date_gmt":"2024-10-18T19:46:26","guid":{"rendered":"https:\/\/chirurgie-orthopedie-vannes.fr\/pharmacie\/?post_type=product&#038;p=4563"},"modified":"2025-01-14T13:29:29","modified_gmt":"2025-01-14T13:29:29","slug":"meltamin","status":"publish","type":"product","link":"https:\/\/chirurgie-orthopedie-vannes.fr\/pharmacie\/supp\/meltamin\/","title":{"rendered":"Meltamin"},"content":{"rendered":"\n<h2 class=\"wp-block-heading\">Qu&rsquo;est-ce que Meltamin et comment fonctionne-t-il ?<\/h2>\n\n\n\n<p><b>Meltamin<\/b> est un <b>compl\u00e9ment alimentaire<\/b> innovant con\u00e7u pour les personnes qui souhaitent soutenir leur <em>perte de poids<\/em>. Ce produit utilise des <b>ingr\u00e9dients naturels<\/b> con\u00e7us pour acc\u00e9l\u00e9rer le processus de combustion des graisses. Un \u00e9l\u00e9ment cl\u00e9 de l&rsquo;action de Meltamin est l&rsquo;extrait de fruit de figue de barbarie, connu pour ses propri\u00e9t\u00e9s d\u00e9toxifiantes, qui favorise l&rsquo;\u00e9limination des toxines de l&rsquo;organisme.<\/p>\n\n\n\n<p>Le compl\u00e9ment contient \u00e9galement de la biopip\u00e9rine, qui est cens\u00e9e acc\u00e9l\u00e9rer le m\u00e9tabolisme, ce qui augmente consid\u00e9rablement l&rsquo;efficacit\u00e9. Ainsi, en utilisant Meltamin, vous pouvez obtenir de meilleurs <b>r\u00e9sultats<\/b> en moins de temps. En outre, le produit agit pour r\u00e9duire l&rsquo;app\u00e9tit et augmenter les performances, ce qui en fait un choix int\u00e9ressant pour ceux qui ont un mode de vie actif.<\/p>\n\n\n\n<p>Le tableau ci-dessous illustre les ingr\u00e9dients cl\u00e9s et leurs <b>effets<\/b>:<\/p>\n\n\n\n<figure class=\"wp-block-table\"><table class=\"has-fixed-layout\"><tbody><tr><th>Ingr\u00e9dient<\/th><th>Effet<\/th><\/tr><tr><td>Extrait de fruit de figue de barbarie<\/td><td>Favorise la d\u00e9sintoxication de l&rsquo;organisme<\/td><\/tr><tr><td>Biop\u00e9rine<\/td><td>Acc\u00e9l\u00e8re le m\u00e9tabolisme<\/td><\/tr><tr><td>Graine de guarana<\/td><td>Augmente l&rsquo;\u00e9nergie et am\u00e9liore les performances<\/td><\/tr><tr><td>Feuilles de th\u00e9 vert<\/td><td>Stimulent la combustion des graisses<\/td><\/tr><\/tbody><\/table><\/figure>\n\n\n\n<p>Meltamin vise une <b>perte de poids<\/b> efficace, cr\u00e9ant une approche globale de la gestion du poids et de l&rsquo;am\u00e9lioration de la sant\u00e9 en g\u00e9n\u00e9ral. <b>Les utilisateurs<\/b> peuvent compter sur sa polyvalence, ce qui en fait un compl\u00e9ment digne d&rsquo;int\u00e9r\u00eat pour ceux qui s&rsquo;efforcent d&rsquo;obtenir l&rsquo;image dont ils r\u00eavent.<\/p>\n\n\n\n<h2 class=\"wp-block-heading\">Meltamin &#8211; effets<\/h2>\n\n\n\n<p><b>Le compl\u00e9ment alimentaire<\/b> Meltamin peut fournir des <b>r\u00e9sultats<\/b> significatifs pour les personnes souhaitant perdre du poids. Il contient 11 ingr\u00e9dients actifs qui soutiennent les processus m\u00e9taboliques et aident \u00e0 r\u00e9duire le poids corporel. Gr\u00e2ce \u00e0 des ingr\u00e9dients uniques tels que le Cacti-Nea\u2122, la Citrine \u00ae K et le guarana, Meltamin acc\u00e9l\u00e8re la combustion des tissus adipeux et am\u00e9liore le bien-\u00eatre.<\/p>\n\n\n\n<p>Les effets les plus importants de Meltamin sont :<\/p>\n\n\n\n<ul class=\"wp-block-list\">\n<li><em>R\u00e9duction du poids<\/em> &#8211; La prise r\u00e9guli\u00e8re du compl\u00e9ment permet une r\u00e9duction notable du poids.<\/li>\n\n\n\n<li><em>Soutien des performances<\/em> &#8211; Les <b>utilisateurs<\/b> remarquent souvent une augmentation de l&rsquo;\u00e9nergie pendant l&rsquo;exercice et une am\u00e9lioration de la concentration.<\/li>\n\n\n\n<li><em>Contr\u00f4le de l&rsquo;app\u00e9tit<\/em> &#8211; Les effets du guarana et de l&rsquo;extrait d&rsquo;orange am\u00e8re entra\u00eenent une r\u00e9duction de la faim et des changements dans les habitudes alimentaires.<\/li>\n\n\n\n<li><em>Am\u00e9lioration du bien-\u00eatre g\u00e9n\u00e9ral<\/em> &#8211; Le compl\u00e9ment a un effet positif sur le bien-\u00eatre mental et physique.<\/li>\n<\/ul>\n\n\n\n<p>Les effets de Meltamin sont visibles en cas de consommation r\u00e9guli\u00e8re et de mode de vie sain. <b>Les utilisateurs<\/b> soulignent que <b>le compl\u00e9ment alimentaire<\/b> est un outil efficace pour lutter contre l&rsquo;exc\u00e8s de poids et am\u00e9liorer la qualit\u00e9 de vie.<\/p>\n\n\n\n<h2 class=\"wp-block-heading\">Comment prendre Meltamin ? &#8211; Dosage<\/h2>\n\n\n\n<p>Pour tirer le meilleur parti du compl\u00e9ment alimentaire Meltamin, il convient de respecter scrupuleusement la posologie indiqu\u00e9e. Il est recommand\u00e9 de prendre <em>5 grammes de<\/em> poudre, ce qui correspond \u00e0 une mesure plate, dissous dans <em>300 ml d&rsquo;<\/em> eau. Le m\u00e9lange ainsi pr\u00e9par\u00e9 doit \u00eatre bien m\u00e9lang\u00e9 pendant au moins une demi-minute.<\/p>\n\n\n\n<p>Meltamin doit \u00eatre pris une fois par jour, de pr\u00e9f\u00e9rence le matin, afin de fournir \u00e0 l&rsquo;organisme un apport constant en nutriments. Ce compl\u00e9ment alimentaire est d&rsquo;autant plus efficace qu&rsquo;il est associ\u00e9 \u00e0 un <em>mode de vie actif<\/em> et \u00e0 une alimentation \u00e9quilibr\u00e9e. Une <b>utilisation<\/b> r\u00e9guli\u00e8re augmente l&rsquo;efficacit\u00e9 de la formule dans les processus de <em>m\u00e9tabolisation des graisses<\/em> et favorise la <em>gestion du poids<\/em>.<\/p>\n\n\n\n<p>Il convient de noter que Meltamin n&rsquo;est pas disponible dans les pharmacies stationnaires. Le produit ne peut \u00eatre achet\u00e9 que sur le site officiel du fabricant, o\u00f9 des promotions sont souvent organis\u00e9es. Les prix du compl\u00e9ment peuvent varier en fonction des offres en cours.<\/p>\n\n\n\n<h2 class=\"wp-block-heading\">Exp\u00e9riences des utilisateurs et avis sur Meltamin &#8211; quels sont les avis ?<\/h2>\n\n\n\n<p>Les<b>avis<\/b> sur Meltamin sont majoritairement positifs. Les utilisateurs reconnaissent l&rsquo;efficacit\u00e9 consid\u00e9rable et la simplicit\u00e9 de ce compl\u00e9ment. De nombreuses personnes font part de leur <em>exp\u00e9rience<\/em>, soulignant les divers avantages li\u00e9s \u00e0 son utilisation.<\/p>\n\n\n\n<blockquote class=\"wp-block-quote is-layout-flow wp-block-quote-is-layout-flow\">\n<p><em>Anne<\/em>: \u00ab\u00a0Meltamin m&rsquo;a aid\u00e9e \u00e0 r\u00e9duire mon poids et je me sens beaucoup mieux. Il a acc\u00e9l\u00e9r\u00e9 mon m\u00e9tabolisme et r\u00e9duit mon app\u00e9tit. Super produit !\u00a0\u00bb<\/p>\n<\/blockquote>\n\n\n\n<blockquote class=\"wp-block-quote is-layout-flow wp-block-quote-is-layout-flow\">\n<p><em>Paul<\/em>: \u00ab\u00a0J&rsquo;utilise Meltamin r\u00e9guli\u00e8rement et j&rsquo;ai remarqu\u00e9 une am\u00e9lioration notable de mes performances pendant les s\u00e9ances d&rsquo;entra\u00eenement. C&rsquo;est un outil extr\u00eamement utile dans mon r\u00e9gime.\u00a0\u00bb<\/p>\n<\/blockquote>\n\n\n\n<blockquote class=\"wp-block-quote is-layout-flow wp-block-quote-is-layout-flow\">\n<p><em>Kasia<\/em>: \u00ab\u00a0Je suis tr\u00e8s satisfaite des effets de Meltamin. Il contr\u00f4le mon app\u00e9tit et a vraiment acc\u00e9l\u00e9r\u00e9 mon processus de perte de poids.\u00a0\u00bb<\/p>\n<\/blockquote>\n\n\n\n<p><b>Les commentaires des<\/b> utilisateurs indiquent son efficacit\u00e9 en tant que soutien dans la poursuite d&rsquo;une silhouette de r\u00eave. En outre, <em>Meltamin<\/em> a re\u00e7u une note \u00e9lev\u00e9e de 5\/5 sur la base de 3 votes. Plus de 90% des personnes qui dessinent sur <em>Meltamin<\/em> sont satisfaites de ses performances, ce qui ne fait que confirmer les impressions partag\u00e9es par les <em>utilisateurs<\/em> sur diverses plateformes de discussion.<\/p>\n\n\n\n<p>Meltamin se distingue sur le march\u00e9 des compl\u00e9ments alimentaires gr\u00e2ce \u00e0 ses ingr\u00e9dients naturels et aux <em>exp\u00e9riences<\/em> positives <em>des utilisateurs<\/em> qui ont obtenu les r\u00e9sultats escompt\u00e9s en mati\u00e8re de perte de poids. Le compl\u00e9ment jouit d&rsquo;une position stable parmi ceux qui recherchent un soutien efficace en mati\u00e8re de r\u00e9duction des graisses.<\/p>\n\n\n\n<h2 class=\"wp-block-heading\">Meltamin &#8211; Composition<\/h2>\n\n\n\n<p>Meltamin est un compl\u00e9ment alimentaire innovant qui se distingue par sa <em>composition<\/em> unique \u00e0 base d&rsquo;ingr\u00e9dients naturels. Ce produit contient 11 composants soigneusement s\u00e9lectionn\u00e9s qui soutiennent en synergie le processus de <em>perte de poids<\/em>. Les ingr\u00e9dients cl\u00e9s de Meltamin sont<\/p>\n\n\n\n<ul class=\"wp-block-list\">\n<li><strong>Extrait de fruit de figue de barbarie<\/strong> &#8211; contribue \u00e0 acc\u00e9l\u00e9rer la combustion des graisses et la d\u00e9sintoxication de l&rsquo;organisme.<\/li>\n\n\n\n<li>L&rsquo;<strong>extrait de fruit de tamarin de Malabar<\/strong> &#8211; r\u00e9duit l&rsquo;app\u00e9tit et \u00e9limine l&rsquo;accumulation de graisse.<\/li>\n\n\n\n<li><strong>La biopip\u00e9rine<\/strong> &#8211; contribue \u00e0 acc\u00e9l\u00e9rer le m\u00e9tabolisme.<\/li>\n\n\n\n<li><strong>Extrait de fruit d&rsquo;orange am\u00e8re<\/strong> &#8211; contribue \u00e0 une perte de poids rapide.<\/li>\n\n\n\n<li><strong>Extrait de th\u00e9 vert<\/strong> &#8211; contribue \u00e0 la r\u00e9duction des graisses et am\u00e9liore l&rsquo;\u00e9nergie corporelle.<\/li>\n\n\n\n<li><strong>Caf\u00e9ine anhydre<\/strong> &#8211; apporte de l&rsquo;\u00e9nergie et favorise les s\u00e9ances d&rsquo;entra\u00eenement intensives.<\/li>\n\n\n\n<li><strong>Extrait de garcinia cambogia<\/strong> &#8211; supprime l&rsquo;app\u00e9tit, ce qui peut \u00eatre utile pour contr\u00f4ler le r\u00e9gime.<\/li>\n\n\n\n<li><strong>Extrait de cannelle<\/strong> &#8211; favorise le m\u00e9tabolisme et stabilise le taux de sucre dans le sang.<\/li>\n<\/ul>\n\n\n\n<p>Tous ces <em>ingr\u00e9dients naturels<\/em> conf\u00e8rent \u00e0 Meltamin la r\u00e9putation d&rsquo;un compl\u00e9ment alimentaire s\u00fbr et efficace. Les utilisateurs r\u00e9guliers de ce produit soulignent ses effets positifs sur l&rsquo;humeur et les performances \u00e0 l&rsquo;entra\u00eenement.<\/p>\n\n\n\n<h2 class=\"wp-block-heading\">O\u00f9 acheter Meltamin &#8211; prix<\/h2>\n\n\n\n<p>Meltamin est un compl\u00e9ment alimentaire qui ne peut \u00eatre achet\u00e9 que sur <em>le site officiel du fabricant<\/em>. L&rsquo;achat sur ce site garantit non seulement la qualit\u00e9, mais aussi l&rsquo;originalit\u00e9 du produit. Le compl\u00e9ment n&rsquo;est pas disponible dans les pharmacies stationnaires ou autres endroits, ce qui signifie que lorsque vous achetez Meltamin directement aupr\u00e8s du fabricant, vous pouvez \u00eatre s\u00fbr que le produit que vous recevrez sera \u00e0 la hauteur de vos attentes.<\/p>\n\n\n\n<p>Les prix de Meltamin peuvent varier en fonction des promotions disponibles. Diverses remises et formules sont actuellement propos\u00e9es, ce qui peut \u00eatre avantageux pour ceux qui choisissent de <b>prendre<\/b> le suppl\u00e9ment \u00e0 long terme. Il vaut la peine de v\u00e9rifier r\u00e9guli\u00e8rement l&rsquo;offre sur le site web du fabricant pour profiter des conditions les plus favorables.<\/p>\n\n\n\n<p>De nombreux utilisateurs de Meltamin soulignent son efficacit\u00e9 en termes de perte de poids et d&rsquo;augmentation de l&rsquo;\u00e9nergie pendant les s\u00e9ances d&rsquo;entra\u00eenement. La d\u00e9cision d&rsquo;acheter ce compl\u00e9ment doit donc \u00eatre m\u00fbrement r\u00e9fl\u00e9chie, et la meilleure option serait d&rsquo;utiliser le site officiel du fabricant pour profiter des offres et promotions disponibles.<\/p>\n\n\n\n<h2 class=\"wp-block-heading\">Meltamin &#8211; Effets secondaires potentiels et contre-indications d&rsquo;utilisation<\/h2>\n\n\n\n<p>La Meltamine, bien que g\u00e9n\u00e9ralement consid\u00e9r\u00e9e comme un compl\u00e9ment alimentaire s\u00fbr, peut provoquer des <b>effets secondaires<\/b> chez certains utilisateurs. Les sympt\u00f4mes les plus fr\u00e9quemment rapport\u00e9s sont les naus\u00e9es, les maux de t\u00eate, les douleurs abdominales et les ballonnements. Les personnes qui ressentent ces effets ind\u00e9sirables doivent cesser d&rsquo;<b>utiliser le produit<\/b> et consulter un m\u00e9decin pour discuter des sympt\u00f4mes et d&rsquo;\u00e9ventuelles modifications du r\u00e9gime alimentaire.<\/p>\n\n\n\n<p>Il est \u00e9galement important pour les personnes souhaitant utiliser la Meltamine de se familiariser avec les contre-indications. Le compl\u00e9ment n&rsquo;est pas recommand\u00e9 aux personnes de moins de 18 ans, ni aux femmes enceintes ou allaitantes. En outre, les personnes souffrant d&rsquo;allergies \u00e0 l&rsquo;un des ingr\u00e9dients du suppl\u00e9ment, de maladies gastro-intestinales ou de probl\u00e8mes cardiaques doivent \u00e9viter de prendre Meltamine. Il est toujours conseill\u00e9 de lire la notice et de suivre les recommandations du fabricant avant de commencer la suppl\u00e9mentation.<\/p>\n\n\n\n<p>La d\u00e9cision de commencer un traitement \u00e0 la Meltamine n\u00e9cessite une approche consciente. Surveiller son corps et r\u00e9agir \u00e0 tout signal d\u00e9favorable est la cl\u00e9 d&rsquo;une suppl\u00e9mentation s\u00fbre. La suppl\u00e9mentation doit \u00e9galement s&rsquo;accompagner d&rsquo;un mode de vie sain pour garantir des r\u00e9sultats optimaux et minimiser le risque d&rsquo;effets secondaires.<\/p>\n","protected":false},"excerpt":{"rendered":"<p><strong>[date_countdown]<\/strong><\/p>\n<p><img decoding=\"async\" class=\"alignnone  wp-image-8427\" src=\"https:\/\/chirurgie-orthopedie-vannes.fr\/pharmacie\/wp-content\/uploads\/2024\/10\/SAFE-PAY-300x88-1.png\" alt=\"SAFE-PAY-300x88\" width=\"164\" height=\"48\" \/><\/p>\n","protected":false},"featured_media":3999,"comment_status":"open","ping_status":"closed","template":"","meta":{"neve_meta_sidebar":"","neve_meta_container":"","neve_meta_enable_content_width":"","neve_meta_content_width":0,"neve_meta_title_alignment":"","neve_meta_author_avatar":"","neve_post_elements_order":"","neve_meta_disable_header":"","neve_meta_disable_footer":"","neve_meta_disable_title":"","neve_meta_reading_time":""},"product_brand":[],"product_cat":[15],"product_tag":[],"class_list":{"0":"post-4563","1":"product","2":"type-product","3":"status-publish","4":"has-post-thumbnail","6":"product_cat-perte-de-poids","8":"first","9":"instock","10":"sale","11":"shipping-taxable","12":"product-type-external"},"yoast_head":"<!-- This site is optimized with the Yoast SEO plugin v27.4 - https:\/\/yoast.com\/product\/yoast-seo-wordpress\/ -->\n<title>Meltamin - Avis, Forum, Pharmacie, Prix, Effets | -50%<\/title>\n<meta name=\"robots\" content=\"index, follow, max-snippet:-1, max-image-preview:large, max-video-preview:-1\" \/>\n<link rel=\"canonical\" href=\"https:\/\/chirurgie-orthopedie-vannes.fr\/pharmacie\/supp\/meltamin\/\" \/>\n<meta property=\"og:locale\" content=\"fr_FR\" \/>\n<meta property=\"og:type\" content=\"article\" \/>\n<meta property=\"og:title\" content=\"Meltamin - Avis, Forum, Pharmacie, Prix, Effets | -50%\" \/>\n<meta property=\"og:url\" content=\"https:\/\/chirurgie-orthopedie-vannes.fr\/pharmacie\/supp\/meltamin\/\" \/>\n<meta property=\"og:site_name\" content=\"Chirurgie-Orthopedie-Vannes\" \/>\n<meta property=\"article:modified_time\" content=\"2025-01-14T13:29:29+00:00\" \/>\n<meta property=\"og:image\" content=\"https:\/\/chirurgie-orthopedie-vannes.fr\/pharmacie\/wp-content\/uploads\/2024\/10\/Meltamin.jpg\" \/>\n\t<meta property=\"og:image:width\" content=\"768\" \/>\n\t<meta property=\"og:image:height\" content=\"768\" \/>\n\t<meta property=\"og:image:type\" content=\"image\/jpeg\" \/>\n<meta name=\"twitter:card\" content=\"summary_large_image\" \/>\n<meta name=\"twitter:description\" content=\"[date_countdown]\" \/>\n<meta name=\"twitter:label1\" content=\"Dur\u00e9e de lecture estim\u00e9e\" \/>\n\t<meta name=\"twitter:data1\" content=\"1 minute\" \/>\n<script type=\"application\/ld+json\" class=\"yoast-schema-graph\">{\"@context\":\"https:\\\/\\\/schema.org\",\"@graph\":[{\"@type\":\"WebPage\",\"@id\":\"https:\\\/\\\/chirurgie-orthopedie-vannes.fr\\\/pharmacie\\\/supp\\\/meltamin\\\/\",\"url\":\"https:\\\/\\\/chirurgie-orthopedie-vannes.fr\\\/pharmacie\\\/supp\\\/meltamin\\\/\",\"name\":\"Meltamin - Avis, Forum, Pharmacie, Prix, Effets | -50%\",\"isPartOf\":{\"@id\":\"https:\\\/\\\/chirurgie-orthopedie-vannes.fr\\\/pharmacie\\\/#website\"},\"primaryImageOfPage\":{\"@id\":\"https:\\\/\\\/chirurgie-orthopedie-vannes.fr\\\/pharmacie\\\/supp\\\/meltamin\\\/#primaryimage\"},\"image\":{\"@id\":\"https:\\\/\\\/chirurgie-orthopedie-vannes.fr\\\/pharmacie\\\/supp\\\/meltamin\\\/#primaryimage\"},\"thumbnailUrl\":\"https:\\\/\\\/chirurgie-orthopedie-vannes.fr\\\/pharmacie\\\/wp-content\\\/uploads\\\/2024\\\/10\\\/Meltamin.jpg\",\"datePublished\":\"2024-10-18T19:46:26+00:00\",\"dateModified\":\"2025-01-14T13:29:29+00:00\",\"breadcrumb\":{\"@id\":\"https:\\\/\\\/chirurgie-orthopedie-vannes.fr\\\/pharmacie\\\/supp\\\/meltamin\\\/#breadcrumb\"},\"inLanguage\":\"fr-FR\",\"potentialAction\":[{\"@type\":\"ReadAction\",\"target\":[\"https:\\\/\\\/chirurgie-orthopedie-vannes.fr\\\/pharmacie\\\/supp\\\/meltamin\\\/\"]}]},{\"@type\":\"ImageObject\",\"inLanguage\":\"fr-FR\",\"@id\":\"https:\\\/\\\/chirurgie-orthopedie-vannes.fr\\\/pharmacie\\\/supp\\\/meltamin\\\/#primaryimage\",\"url\":\"https:\\\/\\\/chirurgie-orthopedie-vannes.fr\\\/pharmacie\\\/wp-content\\\/uploads\\\/2024\\\/10\\\/Meltamin.jpg\",\"contentUrl\":\"https:\\\/\\\/chirurgie-orthopedie-vannes.fr\\\/pharmacie\\\/wp-content\\\/uploads\\\/2024\\\/10\\\/Meltamin.jpg\",\"width\":768,\"height\":768},{\"@type\":\"BreadcrumbList\",\"@id\":\"https:\\\/\\\/chirurgie-orthopedie-vannes.fr\\\/pharmacie\\\/supp\\\/meltamin\\\/#breadcrumb\",\"itemListElement\":[{\"@type\":\"ListItem\",\"position\":1,\"name\":\"Strona g\u0142\u00f3wna\",\"item\":\"https:\\\/\\\/chirurgie-orthopedie-vannes.fr\\\/pharmacie\\\/\"},{\"@type\":\"ListItem\",\"position\":2,\"name\":\"farmaci\",\"item\":\"https:\\\/\\\/chirurgie-orthopedie-vannes.fr\\\/pharmacie\\\/\"},{\"@type\":\"ListItem\",\"position\":3,\"name\":\"Meltamin\"}]},{\"@type\":\"WebSite\",\"@id\":\"https:\\\/\\\/chirurgie-orthopedie-vannes.fr\\\/pharmacie\\\/#website\",\"url\":\"https:\\\/\\\/chirurgie-orthopedie-vannes.fr\\\/pharmacie\\\/\",\"name\":\"Chirurgie-Orthopedie-Vannes\",\"description\":\"\",\"potentialAction\":[{\"@type\":\"SearchAction\",\"target\":{\"@type\":\"EntryPoint\",\"urlTemplate\":\"https:\\\/\\\/chirurgie-orthopedie-vannes.fr\\\/pharmacie\\\/?s={search_term_string}\"},\"query-input\":{\"@type\":\"PropertyValueSpecification\",\"valueRequired\":true,\"valueName\":\"search_term_string\"}}],\"inLanguage\":\"fr-FR\"}]}<\/script>\n<!-- \/ Yoast SEO plugin. -->","yoast_head_json":{"title":"Meltamin - Avis, Forum, Pharmacie, Prix, Effets | -50%","robots":{"index":"index","follow":"follow","max-snippet":"max-snippet:-1","max-image-preview":"max-image-preview:large","max-video-preview":"max-video-preview:-1"},"canonical":"https:\/\/chirurgie-orthopedie-vannes.fr\/pharmacie\/supp\/meltamin\/","og_locale":"fr_FR","og_type":"article","og_title":"Meltamin - Avis, Forum, Pharmacie, Prix, Effets | -50%","og_url":"https:\/\/chirurgie-orthopedie-vannes.fr\/pharmacie\/supp\/meltamin\/","og_site_name":"Chirurgie-Orthopedie-Vannes","article_modified_time":"2025-01-14T13:29:29+00:00","og_image":[{"width":768,"height":768,"url":"https:\/\/chirurgie-orthopedie-vannes.fr\/pharmacie\/wp-content\/uploads\/2024\/10\/Meltamin.jpg","type":"image\/jpeg"}],"twitter_card":"summary_large_image","twitter_description":"[date_countdown]","twitter_misc":{"Dur\u00e9e de lecture estim\u00e9e":"1 minute"},"schema":{"@context":"https:\/\/schema.org","@graph":[{"@type":"WebPage","@id":"https:\/\/chirurgie-orthopedie-vannes.fr\/pharmacie\/supp\/meltamin\/","url":"https:\/\/chirurgie-orthopedie-vannes.fr\/pharmacie\/supp\/meltamin\/","name":"Meltamin - Avis, Forum, Pharmacie, Prix, Effets | -50%","isPartOf":{"@id":"https:\/\/chirurgie-orthopedie-vannes.fr\/pharmacie\/#website"},"primaryImageOfPage":{"@id":"https:\/\/chirurgie-orthopedie-vannes.fr\/pharmacie\/supp\/meltamin\/#primaryimage"},"image":{"@id":"https:\/\/chirurgie-orthopedie-vannes.fr\/pharmacie\/supp\/meltamin\/#primaryimage"},"thumbnailUrl":"https:\/\/chirurgie-orthopedie-vannes.fr\/pharmacie\/wp-content\/uploads\/2024\/10\/Meltamin.jpg","datePublished":"2024-10-18T19:46:26+00:00","dateModified":"2025-01-14T13:29:29+00:00","breadcrumb":{"@id":"https:\/\/chirurgie-orthopedie-vannes.fr\/pharmacie\/supp\/meltamin\/#breadcrumb"},"inLanguage":"fr-FR","potentialAction":[{"@type":"ReadAction","target":["https:\/\/chirurgie-orthopedie-vannes.fr\/pharmacie\/supp\/meltamin\/"]}]},{"@type":"ImageObject","inLanguage":"fr-FR","@id":"https:\/\/chirurgie-orthopedie-vannes.fr\/pharmacie\/supp\/meltamin\/#primaryimage","url":"https:\/\/chirurgie-orthopedie-vannes.fr\/pharmacie\/wp-content\/uploads\/2024\/10\/Meltamin.jpg","contentUrl":"https:\/\/chirurgie-orthopedie-vannes.fr\/pharmacie\/wp-content\/uploads\/2024\/10\/Meltamin.jpg","width":768,"height":768},{"@type":"BreadcrumbList","@id":"https:\/\/chirurgie-orthopedie-vannes.fr\/pharmacie\/supp\/meltamin\/#breadcrumb","itemListElement":[{"@type":"ListItem","position":1,"name":"Strona g\u0142\u00f3wna","item":"https:\/\/chirurgie-orthopedie-vannes.fr\/pharmacie\/"},{"@type":"ListItem","position":2,"name":"farmaci","item":"https:\/\/chirurgie-orthopedie-vannes.fr\/pharmacie\/"},{"@type":"ListItem","position":3,"name":"Meltamin"}]},{"@type":"WebSite","@id":"https:\/\/chirurgie-orthopedie-vannes.fr\/pharmacie\/#website","url":"https:\/\/chirurgie-orthopedie-vannes.fr\/pharmacie\/","name":"Chirurgie-Orthopedie-Vannes","description":"","potentialAction":[{"@type":"SearchAction","target":{"@type":"EntryPoint","urlTemplate":"https:\/\/chirurgie-orthopedie-vannes.fr\/pharmacie\/?s={search_term_string}"},"query-input":{"@type":"PropertyValueSpecification","valueRequired":true,"valueName":"search_term_string"}}],"inLanguage":"fr-FR"}]}},"_links":{"self":[{"href":"https:\/\/chirurgie-orthopedie-vannes.fr\/pharmacie\/wp-json\/wp\/v2\/product\/4563","targetHints":{"allow":["GET"]}}],"collection":[{"href":"https:\/\/chirurgie-orthopedie-vannes.fr\/pharmacie\/wp-json\/wp\/v2\/product"}],"about":[{"href":"https:\/\/chirurgie-orthopedie-vannes.fr\/pharmacie\/wp-json\/wp\/v2\/types\/product"}],"replies":[{"embeddable":true,"href":"https:\/\/chirurgie-orthopedie-vannes.fr\/pharmacie\/wp-json\/wp\/v2\/comments?post=4563"}],"wp:featuredmedia":[{"embeddable":true,"href":"https:\/\/chirurgie-orthopedie-vannes.fr\/pharmacie\/wp-json\/wp\/v2\/media\/3999"}],"wp:attachment":[{"href":"https:\/\/chirurgie-orthopedie-vannes.fr\/pharmacie\/wp-json\/wp\/v2\/media?parent=4563"}],"wp:term":[{"taxonomy":"product_brand","embeddable":true,"href":"https:\/\/chirurgie-orthopedie-vannes.fr\/pharmacie\/wp-json\/wp\/v2\/product_brand?post=4563"},{"taxonomy":"product_cat","embeddable":true,"href":"https:\/\/chirurgie-orthopedie-vannes.fr\/pharmacie\/wp-json\/wp\/v2\/product_cat?post=4563"},{"taxonomy":"product_tag","embeddable":true,"href":"https:\/\/chirurgie-orthopedie-vannes.fr\/pharmacie\/wp-json\/wp\/v2\/product_tag?post=4563"}],"curies":[{"name":"wp","href":"https:\/\/api.w.org\/{rel}","templated":true}]}}