{"id":4616,"date":"2024-10-18T19:46:47","date_gmt":"2024-10-18T19:46:47","guid":{"rendered":"https:\/\/chirurgie-orthopedie-vannes.fr\/pharmacie\/?post_type=product&#038;p=4616"},"modified":"2025-01-14T13:30:04","modified_gmt":"2025-01-14T13:30:04","slug":"welltone","status":"publish","type":"product","link":"https:\/\/chirurgie-orthopedie-vannes.fr\/pharmacie\/supp\/welltone\/","title":{"rendered":"Welltone"},"content":{"rendered":"<h2 class=\"wp-block-heading\">Qu&rsquo;est-ce que Welltone et comment fonctionne-t-il ?<\/h2>\n\n\n<p><b>Welltone<\/b> est un <em>compl\u00e9ment alimentaire<\/em> sous forme de gouttes, destin\u00e9 \u00e0 soutenir la <em>sant\u00e9<\/em> cardiovasculaire. Son <em>action<\/em> repose sur des ingr\u00e9dients naturels qui favorisent la r\u00e9gulation de la <em>tension art\u00e9rielle<\/em> et am\u00e9liorent le bien-\u00eatre g\u00e9n\u00e9ral. Les principaux principes actifs agissent ensemble, ce qui peut apporter de nombreux b\u00e9n\u00e9fices aux personnes souffrant de probl\u00e8mes de <em>tension art\u00e9rielle<\/em>.<\/p>\n\n\n<p>Welltone contient des extraits d&rsquo;<em>ail<\/em>, de <em>tr\u00e8fle rouge<\/em>, de <em>ginkgo<\/em> biloba, d&rsquo;<em>hibiscus<\/em>, d&rsquo;<em>olive<\/em> et d&rsquo;<em>airelle rouge<\/em>. Ces caract\u00e9ristiques attirent les clients int\u00e9ress\u00e9s par des solutions saines bas\u00e9es sur la nature. L&rsquo;<b>utilisation<\/b> r\u00e9guli\u00e8re <b>du<\/b> produit peut contribuer \u00e0 :<\/p>\n\n\n\n<ul class=\"wp-block-list\">\n<li>R\u00e9gulation de la <em>pression art\u00e9rielle<\/em><\/li>\n\n\n\n<li>Am\u00e9lioration de la circulation sanguine<\/li>\n\n\n\n<li>R\u00e9duire le risque de maladie cardiaque<\/li>\n\n\n\n<li>Am\u00e9liorer l&rsquo;<em>\u00e9tat de sant\u00e9<\/em> g\u00e9n\u00e9ral<\/li>\n<\/ul>\n\n\n<p>Welltone est particuli\u00e8rement recommand\u00e9 aux personnes ayant tendance \u00e0 subir des pics soudains de <em>tension art\u00e9rielle<\/em>, qui peuvent r\u00e9sulter d&rsquo;un stress chronique. Des ingr\u00e9dients suppl\u00e9mentaires, tels que la racine de <em>val\u00e9riane<\/em> et la <em>L-arginine<\/em>, soutiennent le processus de r\u00e9gulation de la circulation sanguine par des <b>effets<\/b> calmants et vasodilatateurs.<\/p>\n\n\n<p>La s\u00e9curit\u00e9 de Welltone tient compte de la possibilit\u00e9 d&rsquo;effets secondaires, en particulier chez les personnes allergiques \u00e0 ses ingr\u00e9dients. Les clients doivent donc faire preuve de prudence lorsqu&rsquo;ils d\u00e9cident de l&rsquo;utiliser.<\/p>\n\n\n<p>Acheter Welltone sur le site officiel du fabricant garantit l&rsquo;authenticit\u00e9 du produit et des promotions potentielles qui peuvent inciter \u00e0 acheter davantage.<\/p>\n\n\n<h2 class=\"wp-block-heading\">Welltone &#8211; effets<\/h2>\n\n\n<p>Les utilisateurs de Welltone font souvent part de leurs exp\u00e9riences positives. <b>Les effets de ces<\/b> gouttes sont visibles apr\u00e8s une courte p\u00e9riode. La prise r\u00e9guli\u00e8re de Welltone peut contribuer \u00e0 :<\/p>\n\n\n\n<ul class=\"wp-block-list\">\n<li><em>Stabilisation de la tension art\u00e9rielle<\/em> &#8211; un aspect essentiel du contr\u00f4le de la sant\u00e9.<\/li>\n\n\n\n<li><em>Am\u00e9lioration du bien-\u00eatre g\u00e9n\u00e9ral<\/em> &#8211; les utilisateurs remarquent une augmentation de l&rsquo;\u00e9nergie et des performances.<\/li>\n\n\n\n<li><em>R\u00e9duire les sympt\u00f4mes de l&rsquo;hypertension<\/em>, tels que les maux de t\u00eate et les vertiges, et rendre la vie plus confortable.<\/li>\n<\/ul>\n\n\n<p>La vari\u00e9t\u00e9 des effets offerts par Welltone peut varier en fonction des caract\u00e9ristiques corporelles individuelles et de la mani\u00e8re dont le produit est utilis\u00e9. N\u00e9anmoins, de nombreuses personnes font \u00e9tat d&rsquo;am\u00e9liorations significatives dans la surveillance et le contr\u00f4le de leur tension art\u00e9rielle, ce qui confirme son efficacit\u00e9.<\/p>\n\n\n<p>En conclusion, Welltone peut \u00eatre un \u00e9l\u00e9ment important dans le traitement et le contr\u00f4le de la tension art\u00e9rielle. Sa <b>composition<\/b> naturelle et les <b>r\u00e9actions<\/b> positives <b>des<\/b> utilisateurs confirment pleinement sa valeur dans le cadre d&rsquo;une th\u00e9rapie quotidienne.<\/p>\n\n\n<h2 class=\"wp-block-heading\">Comment utiliser Welltone ? &#8211; Dosage et recommandations<\/h2>\n\n\n<p>L<b>&lsquo;utilisation des<\/b> gouttes Welltone doit suivre les recommandations du fabricant et les besoins individuels de chaque personne. La <b>dose<\/b> recommand\u00e9e de Welltone est g\u00e9n\u00e9ralement de <em>15 \u00e0 20 gouttes<\/em> sous la langue, deux fois par jour. Cette approche peut favoriser la stabilisation de la tension art\u00e9rielle. La r\u00e9gularit\u00e9 de l&rsquo;application est essentielle pour obtenir des <b>r\u00e9sultats<\/b> optimaux.<\/p>\n\n\n<p>Il convient de noter quelques recommandations importantes concernant l&rsquo;utilisation de Welltone :<\/p>\n\n\n\n<ul class=\"wp-block-list\">\n<li>Consultez votre m\u00e9decin avant d&rsquo;utiliser ce produit pour vous assurer qu&rsquo;il est adapt\u00e9 \u00e0 votre \u00e9tat de sant\u00e9.<\/li>\n\n\n\n<li>L&rsquo;<b>application des<\/b> gouttes doit se faire \u00e0 intervalles r\u00e9guliers pour que les principes actifs aient un <b>effet<\/b> constant.<\/li>\n\n\n\n<li>Ne pas d\u00e9passer la dose recommand\u00e9e afin d&rsquo;\u00e9viter les effets secondaires potentiels.<\/li>\n\n\n\n<li>N&rsquo;oubliez pas que Welltone ne remplace pas un mode de vie sain et la n\u00e9cessit\u00e9 de surveiller la tension art\u00e9rielle.<\/li>\n<\/ul>\n\n\n<p>Pour les personnes souffrant d&rsquo;hypertension, l&rsquo;utilisation de Welltone en combinaison avec un r\u00e9gime alimentaire appropri\u00e9 et une activit\u00e9 physique peut apporter des b\u00e9n\u00e9fices tangibles. Les recommandations di\u00e9t\u00e9tiques comprennent, entre autres, la consommation d&rsquo;un minimum de <em>200 g de l\u00e9gumes<\/em> et de <em>200 g de fruits<\/em> par jour. En outre, la consommation de poisson riche en acides gras om\u00e9ga-3 au moins deux fois par semaine peut soutenir la th\u00e9rapie.<\/p>\n\n\n<p>Toutes ces <em>recommandations<\/em> sont la cl\u00e9 d&rsquo;une utilisation r\u00e9ussie de Welltone pour abaisser la tension art\u00e9rielle et am\u00e9liorer la sant\u00e9 cardiovasculaire. Un suivi r\u00e9gulier et un traitement adapt\u00e9 peuvent conduire \u00e0 une meilleure qualit\u00e9 de vie. Veuillez noter que Welltone n&rsquo;est disponible que sur le site officiel du fabricant et ne peut pas \u00eatre achet\u00e9 dans les pharmacies stationnaires.<\/p>\n\n\n<h2 class=\"wp-block-heading\">Welltone &#8211; Avis et critiques, Forum<\/h2>\n\n\n<p>Les <b>commentaires des<\/b> utilisateurs sur Welltone sont extr\u00eamement positifs, comme le confirment les nombreux <b>avis<\/b> publi\u00e9s sur les forums en ligne les plus populaires. De nombreuses personnes soulignent l&rsquo;am\u00e9lioration significative de leur bien-\u00eatre et la stabilisation de leur tension art\u00e9rielle apr\u00e8s une utilisation r\u00e9guli\u00e8re du produit.<\/p>\n\n\n\n<blockquote class=\"wp-block-quote is-layout-flow wp-block-quote-is-layout-flow\"><p><em>Barbara :<\/em> \u00ab\u00a0Apr\u00e8s avoir utilis\u00e9 Welltone pendant quelques semaines, j&rsquo;ai remarqu\u00e9 que ma tension art\u00e9rielle se stabilise enfin. Je me sens mieux et j&rsquo;ai plus d&rsquo;\u00e9nergie ! Je recommanderais sans h\u00e9siter ce produit \u00e0 toute personne ayant des probl\u00e8mes similaires.\u00a0\u00bb<\/p>\n<\/blockquote>\n\n\n\n<blockquote class=\"wp-block-quote is-layout-flow wp-block-quote-is-layout-flow\"><p><em>Michael :<\/em> \u00ab\u00a0Ces gouttes fonctionnent vraiment. J&rsquo;ai eu des probl\u00e8mes de tension art\u00e9rielle pendant de nombreuses ann\u00e9es et je ressens aujourd&rsquo;hui une am\u00e9lioration significative. J&rsquo;ai \u00e9galement adopt\u00e9 un r\u00e9gime alimentaire plus sain, ce qui peut avoir un impact, mais je pense que Welltone m&rsquo;a beaucoup aid\u00e9.\u00a0\u00bb<\/p>\n<\/blockquote>\n\n\n\n<blockquote class=\"wp-block-quote is-layout-flow wp-block-quote-is-layout-flow\"><p><em>Agnes :<\/em> \u00ab\u00a0J&rsquo;ai commenc\u00e9 \u00e0 utiliser Welltone comme recommand\u00e9 et j&rsquo;ai remarqu\u00e9 une baisse de mon cholest\u00e9rol LDL d&rsquo;environ 10 pour cent. Mon m\u00e9decin a \u00e9galement constat\u00e9 une am\u00e9lioration lors de mon dernier contr\u00f4le. Je me sens en meilleure sant\u00e9 et plus \u00e9nergique !\u00a0\u00bb<\/p>\n<\/blockquote>\n\n\n<p>Dans les <b>forums<\/b>, les utilisateurs partagent non seulement leurs exp\u00e9riences positives, mais aussi leurs id\u00e9es sur la posologie et les effets. Il vaut la peine de chercher sur ces plateformes pour obtenir plus d&rsquo;informations et des <em>avis<\/em> sp\u00e9cifiques <em>d&rsquo;<\/em> autres utilisateurs.<\/p>\n\n\n<h2 class=\"wp-block-heading\">Composition Welltone &#8211; Analyse des ingr\u00e9dients<\/h2>\n\n\n<p>La <b>composition de<\/b> Welltone comprend des substances naturelles qui ont \u00e9t\u00e9 soigneusement s\u00e9lectionn\u00e9es pour maximiser les b\u00e9n\u00e9fices pour la sant\u00e9. L&rsquo;analyse des ingr\u00e9dients permet de comprendre comment ces \u00e9l\u00e9ments agissent ensemble pour cr\u00e9er un compl\u00e9ment efficace.<\/p>\n\n\n<p>La formulation de Welltone contient des extraits de plantes qui ont un effet positif sur l&rsquo;\u00e9tat des vaisseaux sanguins. Les ingr\u00e9dients naturels favorisent la circulation et aident \u00e0 maintenir une pression art\u00e9rielle normale, ce qui est crucial pour la sant\u00e9 en g\u00e9n\u00e9ral.<\/p>\n\n\n\n<ul class=\"wp-block-list\">\n<li>Extrait d&rsquo;ail &#8211; Soutient le syst\u00e8me cardiovasculaire.<\/li>\n\n\n\n<li>Extrait d&rsquo;hibiscus &#8211; Connu pour ses propri\u00e9t\u00e9s <b>hypotenseurs<\/b>.<\/li>\n\n\n\n<li>Vitamine C &#8211; Augmente l&rsquo;immunit\u00e9 et soutient la peau.<\/li>\n<\/ul>\n\n\n<p>Une <b>analyse<\/b> minutieuse <b>des ingr\u00e9dients<\/b> r\u00e9v\u00e8le leur <b>action<\/b> synergique, qui se traduit par l&rsquo;efficacit\u00e9 de la formulation. La compr\u00e9hension de cette composante est \u00e0 la base de l&rsquo;efficacit\u00e9 de Welltone. Les substances actives naturelles am\u00e9liorent non seulement l&rsquo;\u00e9tat de l&rsquo;organisme, mais prot\u00e8gent \u00e9galement contre l&rsquo;inflammation, ce qui est extr\u00eamement important en termes de protection de la sant\u00e9.<\/p>\n\n\n<p>La prise r\u00e9guli\u00e8re de Welltone, gr\u00e2ce \u00e0 sa composition unique, peut contribuer \u00e0 am\u00e9liorer le bien-\u00eatre g\u00e9n\u00e9ral. Conna\u00eetre l&rsquo;analyse des ingr\u00e9dients devient crucial lorsqu&rsquo;il s&rsquo;agit de prendre soin de sa sant\u00e9. En choisissant Welltone, les utilisateurs investissent dans leur sant\u00e9 sur la base d&rsquo;une composition soigneusement \u00e9tudi\u00e9e.<\/p>\n\n\n<h2 class=\"wp-block-heading\">O\u00f9 acheter Welltone &#8211; prix<\/h2>\n\n\n<p>Choisir le bon endroit pour acheter la formule Welltone est crucial pour garantir son authenticit\u00e9 et sa qualit\u00e9. Ce produit n&rsquo;est disponible que sur <em>le site officiel du fabricant<\/em>, ce qui garantit que vous recevrez une formule originale, sans contrefa\u00e7on. C&rsquo;est pourquoi la question \u00ab\u00a0o\u00f9 acheter Welltone ?\u00a0\u00bb devient pertinente, car ce n&rsquo;est qu&rsquo;\u00e0 ce moment-l\u00e0 que vous serez s\u00fbr de la fiabilit\u00e9 de la source.<\/p>\n\n\n<p><b>Le prix de<\/b> Welltone peut varier en fonction des promotions en cours, qui sont souvent disponibles sur le site web du fabricant. Il vaut la peine de v\u00e9rifier r\u00e9guli\u00e8rement car des r\u00e9ductions int\u00e9ressantes sont souvent propos\u00e9es, ce qui peut faire une diff\u00e9rence significative sur le co\u00fbt d&rsquo;achat. Ainsi, les produits peuvent \u00eatre achet\u00e9s \u00e0 un prix abordable, ce qui les rend accessibles \u00e0 un plus grand nombre de personnes souffrant d&rsquo;hypertension.<\/p>\n\n\n<p>Il est \u00e9galement important de noter que Welltone n&rsquo;est pas disponible dans les pharmacies stationnaires, ce qui souligne encore l&rsquo;importance d&rsquo;utiliser le <em>fabricant officiel<\/em> comme source d&rsquo;achat. En proc\u00e9dant ainsi, vous \u00e9viterez non seulement les probl\u00e8mes d&rsquo;authenticit\u00e9, mais aussi la d\u00e9ception potentielle li\u00e9e au fait que le produit n&rsquo;est pas disponible dans les pharmacies locales.<\/p>\n\n\n<p>En r\u00e9sum\u00e9, choisir le bon endroit pour acheter Welltone est d&rsquo;une importance capitale pour \u00e9viter les probl\u00e8mes li\u00e9s \u00e0 l&rsquo;authenticit\u00e9 et \u00e0 la qualit\u00e9 des produits. L&rsquo;utilisation d&rsquo;<em>une<\/em> offre <em>officielle<\/em> du <em>fabricant<\/em> garantit non seulement un achat s\u00e9curis\u00e9, mais aussi l&rsquo;acc\u00e8s \u00e0 des offres de prix avantageuses.<\/p>\n\n\n<h2 class=\"wp-block-heading\">Effets secondaires potentiels et contre-indications \u00e0 l&rsquo;utilisation de Welltone<\/h2>\n\n\n<p>Bien que Welltone soit un produit formul\u00e9 \u00e0 partir d&rsquo;ingr\u00e9dients naturels, il est important d&rsquo;\u00eatre conscient des effets secondaires possibles. Lors de l&rsquo;utilisation de Welltone, de rares mais l\u00e9gers d\u00e9sagr\u00e9ments tels que des troubles gastro-intestinaux peuvent survenir. Ces sympt\u00f4mes peuvent inclure des naus\u00e9es, des vomissements, des diarrh\u00e9es ou des douleurs abdominales. Les personnes qui d\u00e9veloppent ce type de r\u00e9actions devraient envisager d&rsquo;interrompre l&rsquo;utilisation du produit et de consulter un m\u00e9decin.<\/p>\n\n\n<p>Il existe \u00e9galement des <b>contre-indications<\/b> sp\u00e9cifiques \u00e0 l&rsquo;utilisation de Welltone. Les personnes allergiques aux ingr\u00e9dients de la formule doivent \u00e9viter de la prendre. En outre, les personnes souffrant de graves probl\u00e8mes cardiaques ou r\u00e9naux doivent demander l&rsquo;avis d&rsquo;un m\u00e9decin avant de commencer la suppl\u00e9mentation. La s\u00e9curit\u00e9 et la sant\u00e9 de l&rsquo;utilisateur doivent toujours \u00eatre une priorit\u00e9.<\/p>\n\n\n<p>Pour que Welltone soit le plus b\u00e9n\u00e9fique possible pour la sant\u00e9, il est recommand\u00e9 de consulter r\u00e9guli\u00e8rement votre m\u00e9decin, en particulier si vous souffrez d&rsquo;une maladie chronique. Comme pour tout suppl\u00e9ment, la prudence est essentielle pour obtenir des effets positifs sur la sant\u00e9.<\/p>\n","protected":false},"excerpt":{"rendered":"<p><strong>[date_countdown]<\/strong><\/p>\n<p><img decoding=\"async\" class=\"alignnone  wp-image-8427\" src=\"https:\/\/chirurgie-orthopedie-vannes.fr\/pharmacie\/wp-content\/uploads\/2024\/10\/SAFE-PAY-300x88-1.png\" alt=\"SAFE-PAY-300x88\" width=\"164\" height=\"48\" \/><\/p>\n","protected":false},"featured_media":4041,"comment_status":"open","ping_status":"closed","template":"","meta":{"neve_meta_sidebar":"","neve_meta_container":"","neve_meta_enable_content_width":"","neve_meta_content_width":0,"neve_meta_title_alignment":"","neve_meta_author_avatar":"","neve_post_elements_order":"","neve_meta_disable_header":"","neve_meta_disable_footer":"","neve_meta_disable_title":"","neve_meta_reading_time":""},"product_brand":[],"product_cat":[18],"product_tag":[],"class_list":{"0":"post-4616","1":"product","2":"type-product","3":"status-publish","4":"has-post-thumbnail","6":"product_cat-sante","8":"first","9":"instock","10":"sale","11":"shipping-taxable","12":"product-type-external"},"yoast_head":"<!-- This site is optimized with the Yoast SEO plugin v27.4 - https:\/\/yoast.com\/product\/yoast-seo-wordpress\/ -->\n<title>Welltone - Avis, Forum, Pharmacie, Prix, Effets | -50%<\/title>\n<meta name=\"robots\" content=\"index, follow, max-snippet:-1, max-image-preview:large, max-video-preview:-1\" \/>\n<link rel=\"canonical\" href=\"https:\/\/chirurgie-orthopedie-vannes.fr\/pharmacie\/supp\/welltone\/\" \/>\n<meta property=\"og:locale\" content=\"fr_FR\" \/>\n<meta property=\"og:type\" content=\"article\" \/>\n<meta property=\"og:title\" content=\"Welltone - Avis, Forum, Pharmacie, Prix, Effets | -50%\" \/>\n<meta property=\"og:url\" content=\"https:\/\/chirurgie-orthopedie-vannes.fr\/pharmacie\/supp\/welltone\/\" \/>\n<meta property=\"og:site_name\" content=\"Chirurgie-Orthopedie-Vannes\" \/>\n<meta property=\"article:modified_time\" content=\"2025-01-14T13:30:04+00:00\" \/>\n<meta property=\"og:image\" content=\"https:\/\/chirurgie-orthopedie-vannes.fr\/pharmacie\/wp-content\/uploads\/2024\/10\/welltone.jpg\" \/>\n\t<meta property=\"og:image:width\" content=\"768\" \/>\n\t<meta property=\"og:image:height\" content=\"768\" \/>\n\t<meta property=\"og:image:type\" content=\"image\/jpeg\" \/>\n<meta name=\"twitter:card\" content=\"summary_large_image\" \/>\n<meta name=\"twitter:description\" content=\"[date_countdown]\" \/>\n<meta name=\"twitter:label1\" content=\"Dur\u00e9e de lecture estim\u00e9e\" \/>\n\t<meta name=\"twitter:data1\" content=\"8 minutes\" \/>\n<script type=\"application\/ld+json\" class=\"yoast-schema-graph\">{\"@context\":\"https:\\\/\\\/schema.org\",\"@graph\":[{\"@type\":\"WebPage\",\"@id\":\"https:\\\/\\\/chirurgie-orthopedie-vannes.fr\\\/pharmacie\\\/supp\\\/welltone\\\/\",\"url\":\"https:\\\/\\\/chirurgie-orthopedie-vannes.fr\\\/pharmacie\\\/supp\\\/welltone\\\/\",\"name\":\"Welltone - Avis, Forum, Pharmacie, Prix, Effets | -50%\",\"isPartOf\":{\"@id\":\"https:\\\/\\\/chirurgie-orthopedie-vannes.fr\\\/pharmacie\\\/#website\"},\"primaryImageOfPage\":{\"@id\":\"https:\\\/\\\/chirurgie-orthopedie-vannes.fr\\\/pharmacie\\\/supp\\\/welltone\\\/#primaryimage\"},\"image\":{\"@id\":\"https:\\\/\\\/chirurgie-orthopedie-vannes.fr\\\/pharmacie\\\/supp\\\/welltone\\\/#primaryimage\"},\"thumbnailUrl\":\"https:\\\/\\\/chirurgie-orthopedie-vannes.fr\\\/pharmacie\\\/wp-content\\\/uploads\\\/2024\\\/10\\\/welltone.jpg\",\"datePublished\":\"2024-10-18T19:46:47+00:00\",\"dateModified\":\"2025-01-14T13:30:04+00:00\",\"breadcrumb\":{\"@id\":\"https:\\\/\\\/chirurgie-orthopedie-vannes.fr\\\/pharmacie\\\/supp\\\/welltone\\\/#breadcrumb\"},\"inLanguage\":\"fr-FR\",\"potentialAction\":[{\"@type\":\"ReadAction\",\"target\":[\"https:\\\/\\\/chirurgie-orthopedie-vannes.fr\\\/pharmacie\\\/supp\\\/welltone\\\/\"]}]},{\"@type\":\"ImageObject\",\"inLanguage\":\"fr-FR\",\"@id\":\"https:\\\/\\\/chirurgie-orthopedie-vannes.fr\\\/pharmacie\\\/supp\\\/welltone\\\/#primaryimage\",\"url\":\"https:\\\/\\\/chirurgie-orthopedie-vannes.fr\\\/pharmacie\\\/wp-content\\\/uploads\\\/2024\\\/10\\\/welltone.jpg\",\"contentUrl\":\"https:\\\/\\\/chirurgie-orthopedie-vannes.fr\\\/pharmacie\\\/wp-content\\\/uploads\\\/2024\\\/10\\\/welltone.jpg\",\"width\":768,\"height\":768},{\"@type\":\"BreadcrumbList\",\"@id\":\"https:\\\/\\\/chirurgie-orthopedie-vannes.fr\\\/pharmacie\\\/supp\\\/welltone\\\/#breadcrumb\",\"itemListElement\":[{\"@type\":\"ListItem\",\"position\":1,\"name\":\"Strona g\u0142\u00f3wna\",\"item\":\"https:\\\/\\\/chirurgie-orthopedie-vannes.fr\\\/pharmacie\\\/\"},{\"@type\":\"ListItem\",\"position\":2,\"name\":\"farmaci\",\"item\":\"https:\\\/\\\/chirurgie-orthopedie-vannes.fr\\\/pharmacie\\\/\"},{\"@type\":\"ListItem\",\"position\":3,\"name\":\"Welltone\"}]},{\"@type\":\"WebSite\",\"@id\":\"https:\\\/\\\/chirurgie-orthopedie-vannes.fr\\\/pharmacie\\\/#website\",\"url\":\"https:\\\/\\\/chirurgie-orthopedie-vannes.fr\\\/pharmacie\\\/\",\"name\":\"Chirurgie-Orthopedie-Vannes\",\"description\":\"\",\"potentialAction\":[{\"@type\":\"SearchAction\",\"target\":{\"@type\":\"EntryPoint\",\"urlTemplate\":\"https:\\\/\\\/chirurgie-orthopedie-vannes.fr\\\/pharmacie\\\/?s={search_term_string}\"},\"query-input\":{\"@type\":\"PropertyValueSpecification\",\"valueRequired\":true,\"valueName\":\"search_term_string\"}}],\"inLanguage\":\"fr-FR\"}]}<\/script>\n<!-- \/ Yoast SEO plugin. -->","yoast_head_json":{"title":"Welltone - Avis, Forum, Pharmacie, Prix, Effets | -50%","robots":{"index":"index","follow":"follow","max-snippet":"max-snippet:-1","max-image-preview":"max-image-preview:large","max-video-preview":"max-video-preview:-1"},"canonical":"https:\/\/chirurgie-orthopedie-vannes.fr\/pharmacie\/supp\/welltone\/","og_locale":"fr_FR","og_type":"article","og_title":"Welltone - Avis, Forum, Pharmacie, Prix, Effets | -50%","og_url":"https:\/\/chirurgie-orthopedie-vannes.fr\/pharmacie\/supp\/welltone\/","og_site_name":"Chirurgie-Orthopedie-Vannes","article_modified_time":"2025-01-14T13:30:04+00:00","og_image":[{"width":768,"height":768,"url":"https:\/\/chirurgie-orthopedie-vannes.fr\/pharmacie\/wp-content\/uploads\/2024\/10\/welltone.jpg","type":"image\/jpeg"}],"twitter_card":"summary_large_image","twitter_description":"[date_countdown]","twitter_misc":{"Dur\u00e9e de lecture estim\u00e9e":"8 minutes"},"schema":{"@context":"https:\/\/schema.org","@graph":[{"@type":"WebPage","@id":"https:\/\/chirurgie-orthopedie-vannes.fr\/pharmacie\/supp\/welltone\/","url":"https:\/\/chirurgie-orthopedie-vannes.fr\/pharmacie\/supp\/welltone\/","name":"Welltone - Avis, Forum, Pharmacie, Prix, Effets | -50%","isPartOf":{"@id":"https:\/\/chirurgie-orthopedie-vannes.fr\/pharmacie\/#website"},"primaryImageOfPage":{"@id":"https:\/\/chirurgie-orthopedie-vannes.fr\/pharmacie\/supp\/welltone\/#primaryimage"},"image":{"@id":"https:\/\/chirurgie-orthopedie-vannes.fr\/pharmacie\/supp\/welltone\/#primaryimage"},"thumbnailUrl":"https:\/\/chirurgie-orthopedie-vannes.fr\/pharmacie\/wp-content\/uploads\/2024\/10\/welltone.jpg","datePublished":"2024-10-18T19:46:47+00:00","dateModified":"2025-01-14T13:30:04+00:00","breadcrumb":{"@id":"https:\/\/chirurgie-orthopedie-vannes.fr\/pharmacie\/supp\/welltone\/#breadcrumb"},"inLanguage":"fr-FR","potentialAction":[{"@type":"ReadAction","target":["https:\/\/chirurgie-orthopedie-vannes.fr\/pharmacie\/supp\/welltone\/"]}]},{"@type":"ImageObject","inLanguage":"fr-FR","@id":"https:\/\/chirurgie-orthopedie-vannes.fr\/pharmacie\/supp\/welltone\/#primaryimage","url":"https:\/\/chirurgie-orthopedie-vannes.fr\/pharmacie\/wp-content\/uploads\/2024\/10\/welltone.jpg","contentUrl":"https:\/\/chirurgie-orthopedie-vannes.fr\/pharmacie\/wp-content\/uploads\/2024\/10\/welltone.jpg","width":768,"height":768},{"@type":"BreadcrumbList","@id":"https:\/\/chirurgie-orthopedie-vannes.fr\/pharmacie\/supp\/welltone\/#breadcrumb","itemListElement":[{"@type":"ListItem","position":1,"name":"Strona g\u0142\u00f3wna","item":"https:\/\/chirurgie-orthopedie-vannes.fr\/pharmacie\/"},{"@type":"ListItem","position":2,"name":"farmaci","item":"https:\/\/chirurgie-orthopedie-vannes.fr\/pharmacie\/"},{"@type":"ListItem","position":3,"name":"Welltone"}]},{"@type":"WebSite","@id":"https:\/\/chirurgie-orthopedie-vannes.fr\/pharmacie\/#website","url":"https:\/\/chirurgie-orthopedie-vannes.fr\/pharmacie\/","name":"Chirurgie-Orthopedie-Vannes","description":"","potentialAction":[{"@type":"SearchAction","target":{"@type":"EntryPoint","urlTemplate":"https:\/\/chirurgie-orthopedie-vannes.fr\/pharmacie\/?s={search_term_string}"},"query-input":{"@type":"PropertyValueSpecification","valueRequired":true,"valueName":"search_term_string"}}],"inLanguage":"fr-FR"}]}},"_links":{"self":[{"href":"https:\/\/chirurgie-orthopedie-vannes.fr\/pharmacie\/wp-json\/wp\/v2\/product\/4616","targetHints":{"allow":["GET"]}}],"collection":[{"href":"https:\/\/chirurgie-orthopedie-vannes.fr\/pharmacie\/wp-json\/wp\/v2\/product"}],"about":[{"href":"https:\/\/chirurgie-orthopedie-vannes.fr\/pharmacie\/wp-json\/wp\/v2\/types\/product"}],"replies":[{"embeddable":true,"href":"https:\/\/chirurgie-orthopedie-vannes.fr\/pharmacie\/wp-json\/wp\/v2\/comments?post=4616"}],"wp:featuredmedia":[{"embeddable":true,"href":"https:\/\/chirurgie-orthopedie-vannes.fr\/pharmacie\/wp-json\/wp\/v2\/media\/4041"}],"wp:attachment":[{"href":"https:\/\/chirurgie-orthopedie-vannes.fr\/pharmacie\/wp-json\/wp\/v2\/media?parent=4616"}],"wp:term":[{"taxonomy":"product_brand","embeddable":true,"href":"https:\/\/chirurgie-orthopedie-vannes.fr\/pharmacie\/wp-json\/wp\/v2\/product_brand?post=4616"},{"taxonomy":"product_cat","embeddable":true,"href":"https:\/\/chirurgie-orthopedie-vannes.fr\/pharmacie\/wp-json\/wp\/v2\/product_cat?post=4616"},{"taxonomy":"product_tag","embeddable":true,"href":"https:\/\/chirurgie-orthopedie-vannes.fr\/pharmacie\/wp-json\/wp\/v2\/product_tag?post=4616"}],"curies":[{"name":"wp","href":"https:\/\/api.w.org\/{rel}","templated":true}]}}